{"id":989531,"date":"2025-05-27T22:01:43","date_gmt":"2025-05-27T22:01:43","guid":{"rendered":"https:\/\/agrovetazerbaijan.az\/?post_type=product&#038;p=989531"},"modified":"2025-07-11T12:00:17","modified_gmt":"2025-07-11T12:00:17","slug":"bio-vac-la-sota","status":"publish","type":"product","link":"https:\/\/agrovetazerbaijan.az\/ru\/product\/bio-vac-la-sota\/","title":{"rendered":"BIO-VAC LA SOTA"},"content":{"rendered":"<div class=\"vgblk-rw-wrapper limit-wrapper\">\n<h3 data-start=\"43\" data-end=\"68\"><strong data-start=\"47\" data-end=\"66\">BIO-VAC LA SOTA<\/strong><\/h3>\n<p data-start=\"69\" data-end=\"212\"><strong data-start=\"69\" data-end=\"113\">Newcastle x\u0259st\u0259liyin\u0259 qar\u015f\u0131 canl\u0131 vaksin<\/strong><br data-start=\"113\" data-end=\"116\" \/>\ud83d\udc89 La Sota \u015ftamm\u0131 \u0259sas\u0131nda haz\u0131rlan\u0131b.<br data-start=\"154\" data-end=\"157\" \/>\ud83d\udc25 \u0130\u00e7m\u0259li su il\u0259 verilir.<br data-start=\"182\" data-end=\"185\" \/>\ud83d\udd52 \u0130mmunitet: 10\u201315 g\u00fcn\u0259.<\/p>\n<p data-start=\"214\" data-end=\"227\"><strong data-start=\"214\" data-end=\"225\">\u041f\u0440\u0438\u043b\u043e\u0436\u0435\u043d\u0438\u0435:<\/strong><\/p>\n<ul data-start=\"228\" data-end=\"324\">\n<li data-start=\"228\" data-end=\"253\">\n<p data-start=\"230\" data-end=\"253\">0\u20132 h\u0259ft\u0259: 7\u201310 ml su<\/p>\n<\/li>\n<li data-start=\"254\" data-end=\"277\">\n<p data-start=\"256\" data-end=\"277\">3\u20135 h\u0259ft\u0259: 10\u201320 ml<\/p>\n<\/li>\n<li data-start=\"278\" data-end=\"302\">\n<p data-start=\"280\" data-end=\"302\">6\u201312 h\u0259ft\u0259: 20\u201360 ml<\/p>\n<\/li>\n<li data-start=\"303\" data-end=\"324\">\n<p data-start=\"305\" data-end=\"324\">12+ h\u0259ft\u0259: 50\u201380 ml<\/p>\n<\/li>\n<\/ul>\n<p data-start=\"326\" data-end=\"427\"><strong data-start=\"326\" data-end=\"338\">Broyl\u0259r:<\/strong> 4\u20138 g\u00fcnd\u0259 v\u0259 3 h\u0259ft\u0259 sonra<br data-start=\"365\" data-end=\"368\" \/><strong data-start=\"368\" data-end=\"385\">Yumurtac\u0131lar:<\/strong> \u0259lav\u0259 15\u201320-ci h\u0259ft\u0259d\u0259 v\u0259 h\u0259r 4 aydan bir<\/p>\n<p data-start=\"429\" data-end=\"440\"><strong data-start=\"429\" data-end=\"438\">\u041f\u0440\u0438\u043c\u0435\u0447\u0430\u043d\u0438\u0435:<\/strong><\/p>\n<ul data-start=\"441\" data-end=\"601\">\n<li data-start=\"441\" data-end=\"503\">\n<p data-start=\"443\" data-end=\"503\">Vaksin haz\u0131rland\u0131qdan sonra 1-2 saata istifad\u0259 olunmal\u0131d\u0131r<\/p>\n<\/li>\n<li data-start=\"504\" data-end=\"539\">\n<p data-start=\"506\" data-end=\"539\">Dezinfektans\u0131z su istifad\u0259 edin<\/p>\n<\/li>\n<li data-start=\"540\" data-end=\"565\">\n<p data-start=\"542\" data-end=\"565\">Saxlanma: +2\u00b0C \u2013 +8\u00b0C<\/p>\n<\/li>\n<li data-start=\"566\" data-end=\"601\">\n<p data-start=\"568\" data-end=\"601\">Qabla\u015fma: 1000 \/ 2500 \/ 5000 doza<\/p>\n<\/li>\n<\/ul>\n<\/div>\n<p><!-- .vgblk-rw-wrapper --><\/p>","protected":false},"excerpt":{"rendered":"<p>BIO-VAC LA SOTA Newcastle x\u0259st\u0259liyin\u0259 qar\u015f\u0131 canl\u0131 vaksin\ud83d\udc89 La Sota \u015ftamm\u0131 \u0259sas\u0131nda haz\u0131rlan\u0131b.\ud83d\udc25 \u0130\u00e7m\u0259li su il\u0259 verilir.\ud83d\udd52 \u0130mmunitet: 10\u201315 g\u00fcn\u0259. T\u0259tbiq: 0\u20132 h\u0259ft\u0259: 7\u201310 ml su 3\u20135 h\u0259ft\u0259: 10\u201320 ml 6\u201312 h\u0259ft\u0259: 20\u201360 ml 12+ h\u0259ft\u0259: 50\u201380 ml Broyl\u0259r: 4\u20138 g\u00fcnd\u0259 v\u0259 3 h\u0259ft\u0259 sonraYumurtac\u0131lar: \u0259lav\u0259 15\u201320-ci h\u0259ft\u0259d\u0259 v\u0259 h\u0259r 4 aydan bir Qeyd: Vaksin&#8230;<\/p>","protected":false},"featured_media":989533,"comment_status":"closed","ping_status":"closed","template":"","meta":{"nf_dc_page":"","_monsterinsights_skip_tracking":false,"_monsterinsights_sitenote_active":false,"_monsterinsights_sitenote_note":"","_monsterinsights_sitenote_category":0},"product_brand":[],"product_cat":[234,237,68],"product_tag":[],"class_list":{"0":"post-989531","1":"product","2":"type-product","3":"status-publish","4":"has-post-thumbnail","6":"product_cat-vaksinler","7":"product_cat-aktiv-vaksinler","8":"product_cat-poultry","10":"first","11":"instock","12":"shipping-taxable","13":"product-type-simple"},"jetpack_sharing_enabled":true,"_links":{"self":[{"href":"https:\/\/agrovetazerbaijan.az\/ru\/wp-json\/wp\/v2\/product\/989531","targetHints":{"allow":["GET"]}}],"collection":[{"href":"https:\/\/agrovetazerbaijan.az\/ru\/wp-json\/wp\/v2\/product"}],"about":[{"href":"https:\/\/agrovetazerbaijan.az\/ru\/wp-json\/wp\/v2\/types\/product"}],"replies":[{"embeddable":true,"href":"https:\/\/agrovetazerbaijan.az\/ru\/wp-json\/wp\/v2\/comments?post=989531"}],"version-history":[{"count":2,"href":"https:\/\/agrovetazerbaijan.az\/ru\/wp-json\/wp\/v2\/product\/989531\/revisions"}],"predecessor-version":[{"id":989830,"href":"https:\/\/agrovetazerbaijan.az\/ru\/wp-json\/wp\/v2\/product\/989531\/revisions\/989830"}],"wp:featuredmedia":[{"embeddable":true,"href":"https:\/\/agrovetazerbaijan.az\/ru\/wp-json\/wp\/v2\/media\/989533"}],"wp:attachment":[{"href":"https:\/\/agrovetazerbaijan.az\/ru\/wp-json\/wp\/v2\/media?parent=989531"}],"wp:term":[{"taxonomy":"product_brand","embeddable":true,"href":"https:\/\/agrovetazerbaijan.az\/ru\/wp-json\/wp\/v2\/product_brand?post=989531"},{"taxonomy":"product_cat","embeddable":true,"href":"https:\/\/agrovetazerbaijan.az\/ru\/wp-json\/wp\/v2\/product_cat?post=989531"},{"taxonomy":"product_tag","embeddable":true,"href":"https:\/\/agrovetazerbaijan.az\/ru\/wp-json\/wp\/v2\/product_tag?post=989531"}],"curies":[{"name":"WP","href":"https:\/\/api.w.org\/{rel}","templated":true}]}}