{"id":989529,"date":"2025-05-27T22:00:41","date_gmt":"2025-05-27T22:00:41","guid":{"rendered":"https:\/\/agrovetazerbaijan.az\/?post_type=product&#038;p=989529"},"modified":"2025-07-11T12:14:12","modified_gmt":"2025-07-11T12:14:12","slug":"biovac-clone","status":"publish","type":"product","link":"https:\/\/agrovetazerbaijan.az\/ru\/product\/biovac-clone\/","title":{"rendered":"\u0411\u0418\u041e\u0412\u0410\u041a-\u041a\u041b\u041e\u041d"},"content":{"rendered":"<div class=\"vgblk-rw-wrapper limit-wrapper\">\n<p data-start=\"0\" data-end=\"198\">\u0411\u0418\u041e-\u0412\u0410\u041a \u041a\u041b\u041e\u041d<br data-start=\"13\" data-end=\"16\" \/>\u0416\u0438\u0432\u0430\u044f \u0437\u0430\u043c\u043e\u0440\u043e\u0436\u0435\u043d\u043d\u0430\u044f \u0432\u0430\u043a\u0446\u0438\u043d\u0430 \u043f\u0440\u043e\u0442\u0438\u0432 \u0431\u043e\u043b\u0435\u0437\u043d\u0438 \u041d\u044c\u044e\u043a\u0430\u0441\u043b\u0430. \u0418\u0437\u0433\u043e\u0442\u043e\u0432\u043b\u0435\u043d\u0430 \u043d\u0430 \u043e\u0441\u043d\u043e\u0432\u0435 \u0448\u0442\u0430\u043c\u043c\u0430 Clone CL, \u043e\u0431\u0435\u0441\u043f\u0435\u0447\u0438\u0432\u0430\u0435\u0442 \u0432\u044b\u0441\u043e\u043a\u0438\u0439 \u0438\u043c\u043c\u0443\u043d\u0438\u0442\u0435\u0442 \u0438 \u0434\u043b\u0438\u0442\u0435\u043b\u044c\u043d\u0443\u044e \u0437\u0430\u0449\u0438\u0442\u0443. \u041e\u043d\u0430 \u0431\u043e\u043b\u0435\u0435 \u044d\u0444\u0444\u0435\u043a\u0442\u0438\u0432\u043d\u0430, \u0447\u0435\u043c Hitchner B1, \u0438 \u043f\u043e\u0434\u0445\u043e\u0434\u0438\u0442 \u0434\u043b\u044f \u044d\u043d\u0434\u0435\u043c\u0438\u0447\u043d\u044b\u0445 \u0440\u0430\u0439\u043e\u043d\u043e\u0432.<\/p>\n<p data-start=\"200\" data-end=\"215\"><strong data-start=\"200\" data-end=\"213\">\u0418\u0441\u043f\u043e\u043b\u044c\u0437\u043e\u0432\u0430\u043d\u0438\u0435:<\/strong><\/p>\n<ul data-start=\"216\" data-end=\"392\">\n<li data-start=\"216\" data-end=\"252\">\n<p data-start=\"218\" data-end=\"252\">\u0412\u043d\u0443\u0442\u0440\u0438\u0433\u043b\u0430\u0437\u043d\u043e\u0435, \u0441 \u0440\u0430\u0441\u043f\u044b\u043b\u0438\u0442\u0435\u043b\u0435\u043c \u0438\u043b\u0438 \u0432\u043e\u0434\u043e\u0439<\/p>\n<\/li>\n<li data-start=\"253\" data-end=\"327\">\n<p data-start=\"255\" data-end=\"327\">\u0421 \u0432\u043e\u0434\u043e\u0439: \u0434\u043b\u044f \u043f\u0442\u0438\u0446 \u0441\u0442\u0430\u0440\u0448\u0435 5 \u0434\u043d\u0435\u0439, \u0447\u0438\u0441\u0442\u0430\u044f \u0432\u043e\u0434\u0430, \u0443\u0434\u0430\u043b\u0435\u043d\u0438\u0435 \u0432\u043e\u0434\u044b, \u043d\u0435\u043c\u0435\u0434\u043b\u0435\u043d\u043d\u043e\u0435 \u0438\u0441\u043f\u043e\u043b\u044c\u0437\u043e\u0432\u0430\u043d\u0438\u0435<\/p>\n<\/li>\n<li data-start=\"328\" data-end=\"392\">\n<p data-start=\"330\" data-end=\"392\">2 \u0434\u043e\u0437\u044b \u0432\u0430\u043a\u0446\u0438\u043d\u044b \u0441 \u0438\u043d\u0442\u0435\u0440\u0432\u0430\u043b\u043e\u043c \u0432 3 \u043d\u0435\u0434\u0435\u043b\u0438; \u043f\u043e\u0432\u0442\u043e\u0440\u044f\u0442\u044c \u0447\u0435\u0440\u0435\u0437 8 \u043d\u0435\u0434\u0435\u043b\u044c \u0438 \u043a\u0430\u0436\u0434\u044b\u0435 6 \u043c\u0435\u0441\u044f\u0446\u0435\u0432<\/p>\n<\/li>\n<\/ul>\n<p data-start=\"394\" data-end=\"447\"><strong data-start=\"394\" data-end=\"403\">\u0414\u043e\u0437\u0438\u0440\u043e\u0432\u043a\u0430:<\/strong><br data-start=\"403\" data-end=\"406\" \/>\u041a\u043e\u043b\u0438\u0447\u0435\u0441\u0442\u0432\u043e \u0432\u043e\u0434\u044b \u0432 \u0437\u0430\u0432\u0438\u0441\u0438\u043c\u043e\u0441\u0442\u0438 \u043e\u0442 \u0432\u043e\u0437\u0440\u0430\u0441\u0442\u0430: 7-80 \u043c\u043b.<\/p>\n<p data-start=\"449\" data-end=\"460\"><strong data-start=\"449\" data-end=\"458\">\u041f\u0440\u0438\u043c\u0435\u0447\u0430\u043d\u0438\u0435:<\/strong><\/p>\n<ul data-start=\"461\" data-end=\"570\">\n<li data-start=\"461\" data-end=\"512\">\n<p data-start=\"463\" data-end=\"512\">\u0418\u0441\u043f\u043e\u043b\u044c\u0437\u043e\u0432\u0430\u0442\u044c \u0432 \u0442\u0435\u0447\u0435\u043d\u0438\u0435 1-2 \u0447\u0430\u0441\u043e\u0432 \u043f\u043e\u0441\u043b\u0435 \u043f\u0440\u0438\u0433\u043e\u0442\u043e\u0432\u043b\u0435\u043d\u0438\u044f.<\/p>\n<\/li>\n<li data-start=\"513\" data-end=\"570\">\n<p data-start=\"515\" data-end=\"570\">\u0424\u043b\u0430\u043a\u043e\u043d\u044b \u0441\u043b\u0435\u0434\u0443\u0435\u0442 \u0441\u0436\u0435\u0447\u044c \u0438\u043b\u0438 \u043f\u0440\u043e\u0434\u0435\u0437\u0438\u043d\u0444\u0438\u0446\u0438\u0440\u043e\u0432\u0430\u0442\u044c.<\/p>\n<\/li>\n<\/ul>\n<p data-start=\"572\" data-end=\"616\"><strong data-start=\"572\" data-end=\"584\">\u0425\u0440\u0430\u043d\u0438\u043b\u0438\u0449\u0435:<\/strong><br data-start=\"584\" data-end=\"587\" \/>+2\u00b0\u0421 \u2013 +8\u00b0\u0421, \u0432 \u0442\u0435\u043c\u043d\u043e\u043c \u043c\u0435\u0441\u0442\u0435<\/p>\n<p data-start=\"618\" data-end=\"648\"><strong data-start=\"618\" data-end=\"638\">\u0421\u0440\u043e\u043a \u0433\u043e\u0434\u043d\u043e\u0441\u0442\u0438:<\/strong><br data-start=\"638\" data-end=\"641\" \/>18 \u043c\u0435\u0441\u044f\u0446\u0435\u0432<\/p>\n<p data-start=\"650\" data-end=\"704\"><strong data-start=\"650\" data-end=\"666\">\u0423\u043f\u0430\u043a\u043e\u0432\u043a\u0430:<\/strong><br data-start=\"666\" data-end=\"669\" \/>\u0424\u043b\u0430\u043a\u043e\u043d\u044b \u043d\u0430 1000, 2500, 5000 \u0434\u043e\u0437<\/p>\n<\/div>\n<p><!-- .vgblk-rw-wrapper --><\/p>","protected":false},"excerpt":{"rendered":"<p>BIO-VAC CLONECanl\u0131 dondurulmu\u015f Newcastle x\u0259st\u0259liyi vaksini. Clone CL \u015ftamm\u0131 il\u0259 haz\u0131rlan\u0131b, y\u00fcks\u0259k immunitet v\u0259 uzunm\u00fcdd\u0259tli qoruma verir. Hitchner B1-d\u0259n g\u00fccl\u00fcd\u00fcr, endemik zonalar \u00fc\u00e7\u00fcn uy\u011fundur. \u0130stifad\u0259: \u0130ntraokulyar, sprey v\u0259 ya su il\u0259 Su il\u0259: 5 g\u00fcnd\u0259n yuxar\u0131 qu\u015flarda, t\u0259miz su, su k\u0259simi, d\u0259rhal istifad\u0259 2 doz peyv\u0259nd, aras\u0131 3 h\u0259ft\u0259; 8 h\u0259ft\u0259d\u0259 v\u0259 h\u0259r 6 ayda&#8230;<\/p>","protected":false},"featured_media":989530,"comment_status":"closed","ping_status":"closed","template":"","meta":{"nf_dc_page":"","_monsterinsights_skip_tracking":false,"_monsterinsights_sitenote_active":false,"_monsterinsights_sitenote_note":"","_monsterinsights_sitenote_category":0},"product_brand":[],"product_cat":[234,237,68],"product_tag":[],"class_list":{"0":"post-989529","1":"product","2":"type-product","3":"status-publish","4":"has-post-thumbnail","6":"product_cat-vaksinler","7":"product_cat-aktiv-vaksinler","8":"product_cat-poultry","10":"first","11":"instock","12":"shipping-taxable","13":"product-type-simple"},"jetpack_sharing_enabled":true,"_links":{"self":[{"href":"https:\/\/agrovetazerbaijan.az\/ru\/wp-json\/wp\/v2\/product\/989529","targetHints":{"allow":["GET"]}}],"collection":[{"href":"https:\/\/agrovetazerbaijan.az\/ru\/wp-json\/wp\/v2\/product"}],"about":[{"href":"https:\/\/agrovetazerbaijan.az\/ru\/wp-json\/wp\/v2\/types\/product"}],"replies":[{"embeddable":true,"href":"https:\/\/agrovetazerbaijan.az\/ru\/wp-json\/wp\/v2\/comments?post=989529"}],"version-history":[{"count":2,"href":"https:\/\/agrovetazerbaijan.az\/ru\/wp-json\/wp\/v2\/product\/989529\/revisions"}],"predecessor-version":[{"id":989834,"href":"https:\/\/agrovetazerbaijan.az\/ru\/wp-json\/wp\/v2\/product\/989529\/revisions\/989834"}],"wp:featuredmedia":[{"embeddable":true,"href":"https:\/\/agrovetazerbaijan.az\/ru\/wp-json\/wp\/v2\/media\/989530"}],"wp:attachment":[{"href":"https:\/\/agrovetazerbaijan.az\/ru\/wp-json\/wp\/v2\/media?parent=989529"}],"wp:term":[{"taxonomy":"product_brand","embeddable":true,"href":"https:\/\/agrovetazerbaijan.az\/ru\/wp-json\/wp\/v2\/product_brand?post=989529"},{"taxonomy":"product_cat","embeddable":true,"href":"https:\/\/agrovetazerbaijan.az\/ru\/wp-json\/wp\/v2\/product_cat?post=989529"},{"taxonomy":"product_tag","embeddable":true,"href":"https:\/\/agrovetazerbaijan.az\/ru\/wp-json\/wp\/v2\/product_tag?post=989529"}],"curies":[{"name":"WP","href":"https:\/\/api.w.org\/{rel}","templated":true}]}}