{"id":989511,"date":"2025-05-26T13:40:09","date_gmt":"2025-05-26T13:40:09","guid":{"rendered":"https:\/\/agrovetazerbaijan.az\/?post_type=product&#038;p=989511"},"modified":"2025-06-20T16:02:59","modified_gmt":"2025-06-20T16:02:59","slug":"coryvac","status":"publish","type":"product","link":"https:\/\/agrovetazerbaijan.az\/ru\/product\/coryvac\/","title":{"rendered":"\u041a\u041e\u0420\u0418\u0412\u0410\u041a\u2122"},"content":{"rendered":"<div class=\"vgblk-rw-wrapper limit-wrapper\">\n<h1 data-start=\"85\" data-end=\"97\">\u041a\u041e\u0420\u0418\u0412\u0410\u041a\u2122<\/h1>\n<p data-start=\"98\" data-end=\"161\"><strong data-start=\"98\" data-end=\"161\">\u0418\u043d\u0430\u043a\u0442\u0438\u0432\u0438\u0440\u043e\u0432\u0430\u043d\u043d\u0430\u044f \u0442\u0440\u0435\u0445\u0432\u0430\u043b\u0435\u043d\u0442\u043d\u0430\u044f \u0432\u0430\u043a\u0446\u0438\u043d\u0430 \u043f\u0440\u043e\u0442\u0438\u0432 \u0438\u043d\u0444\u0435\u043a\u0446\u0438\u043e\u043d\u043d\u043e\u0433\u043e \u0440\u0438\u043d\u0438\u0442\u0430<\/strong><\/p>\n<hr data-start=\"163\" data-end=\"166\" \/>\n<h3 data-start=\"168\" data-end=\"187\">\u041e\u0431\u0449\u0430\u044f \u0438\u043d\u0444\u043e\u0440\u043c\u0430\u0446\u0438\u044f<\/h3>\n<p data-start=\"188\" data-end=\"376\">\u041a\u041e\u0420\u0418\u0412\u0410\u041a\u2122 <em data-start=\"197\" data-end=\"226\">Avibacterium paragallinarum<\/em> \u042d\u0442\u043e \u0438\u043d\u0430\u043a\u0442\u0438\u0432\u0438\u0440\u043e\u0432\u0430\u043d\u043d\u0430\u044f \u0442\u0440\u0435\u0445\u0432\u0430\u043b\u0435\u043d\u0442\u043d\u0430\u044f \u0432\u0430\u043a\u0446\u0438\u043d\u0430, \u043f\u0440\u0435\u0434\u043d\u0430\u0437\u043d\u0430\u0447\u0435\u043d\u043d\u0430\u044f \u0434\u043b\u044f \u0438\u043c\u043c\u0443\u043d\u0438\u0437\u0430\u0446\u0438\u0438 \u043a\u0443\u0440 \u043f\u0440\u043e\u0442\u0438\u0432 \u0438\u043d\u0444\u0435\u043a\u0446\u0438\u043e\u043d\u043d\u043e\u0433\u043e \u0440\u0438\u043d\u0438\u0442\u0430, \u0432\u044b\u0437\u044b\u0432\u0430\u0435\u043c\u043e\u0433\u043e \u0441\u0435\u0440\u043e\u0442\u0438\u043f\u0430\u043c\u0438 \u0410, \u0412 \u0438 \u0421.<\/p>\n<hr data-start=\"378\" data-end=\"381\" \/>\n<h3 data-start=\"383\" data-end=\"401\">\u0426\u0435\u043b\u0435\u0432\u043e\u0435 \u0436\u0438\u0432\u043e\u0442\u043d\u043e\u0435<\/h3>\n<ul data-start=\"402\" data-end=\"412\">\n<li data-start=\"402\" data-end=\"412\">\n<p data-start=\"404\" data-end=\"412\">\u041a\u0443\u0440\u044b<\/p>\n<\/li>\n<\/ul>\n<hr data-start=\"414\" data-end=\"417\" \/>\n<h3 data-start=\"419\" data-end=\"455\">\u0418\u043d\u0433\u0440\u0435\u0434\u0438\u0435\u043d\u0442\u044b (\u043d\u0435 \u0438\u043d\u0430\u043a\u0442\u0438\u0432\u0438\u0440\u043e\u0432\u0430\u043d\u043d\u044b\u0435)<\/h3>\n<ul data-start=\"456\" data-end=\"610\">\n<li data-start=\"456\" data-end=\"530\">\n<p data-start=\"458\" data-end=\"530\">\u041d\u0435\u0430\u043a\u0442\u0438\u0432\u043d\u0430\u044f \u0442\u0440\u0435\u0445\u0432\u0430\u043b\u0435\u043d\u0442\u043d\u0430\u044f \u0432\u043e\u0434\u043d\u043e-\u043c\u0430\u0441\u043b\u044f\u043d\u0430\u044f \u044d\u043c\u0443\u043b\u044c\u0441\u0438\u044f \u043f\u0440\u043e\u0442\u0438\u0432 \u0438\u043d\u0444\u0435\u043a\u0446\u0438\u043e\u043d\u043d\u043e\u0433\u043e \u0440\u0438\u043d\u0438\u0442\u0430<\/p>\n<\/li>\n<li data-start=\"531\" data-end=\"610\">\n<p data-start=\"533\" data-end=\"610\">\u041d\u0435 \u043c\u0435\u043d\u0435\u0435 1,5 x 10\u2078 \u043a\u0430\u0436\u0434\u043e\u0433\u043e \u0441\u0435\u0440\u043e\u0442\u0438\u043f\u0430 <em data-start=\"569\" data-end=\"598\">Avibacterium paragallinarum<\/em> \u0431\u0430\u043a\u0442\u0435\u0440\u0438\u0438<\/p>\n<\/li>\n<\/ul>\n<hr data-start=\"612\" data-end=\"615\" \/>\n<h3 data-start=\"617\" data-end=\"645\">\u041f\u043e\u043a\u0430\u0437\u0430\u043d\u0438\u044f \u043a \u043f\u0440\u0438\u043c\u0435\u043d\u0435\u043d\u0438\u044e<\/h3>\n<p data-start=\"646\" data-end=\"757\">\u041f\u0440\u0438\u043c\u0435\u043d\u044f\u0435\u0442\u0441\u044f \u0434\u043b\u044f \u0437\u0430\u0449\u0438\u0442\u044b \u043a\u0443\u0440 \u043e\u0442 \u043a\u043b\u0438\u043d\u0438\u0447\u0435\u0441\u043a\u0438\u0445 \u043f\u0440\u0438\u0437\u043d\u0430\u043a\u043e\u0432 \u0438 \u0441\u043c\u0435\u0440\u0442\u043d\u043e\u0441\u0442\u0438 \u043e\u0442 \u0438\u043d\u0444\u0435\u043a\u0446\u0438\u043e\u043d\u043d\u043e\u0433\u043e \u0440\u0438\u043d\u0438\u0442\u0430.<\/p>\n<hr data-start=\"759\" data-end=\"762\" \/>\n<h3 data-start=\"764\" data-end=\"790\">\u041f\u0440\u043e\u0433\u0440\u0430\u043c\u043c\u0430 \u0432\u0430\u043a\u0446\u0438\u043d\u0430\u0446\u0438\u0438<\/h3>\n<ul data-start=\"791\" data-end=\"1231\">\n<li data-start=\"791\" data-end=\"895\">\n<p data-start=\"793\" data-end=\"895\"><strong data-start=\"793\" data-end=\"815\">\u0412\u0440\u0435\u043c\u044f \u0432\u0430\u043a\u0446\u0438\u043d\u0430\u0446\u0438\u0438:<\/strong> \u041f\u0440\u0435\u043f\u0430\u0440\u0430\u0442 \u043f\u0440\u0438\u043c\u0435\u043d\u044f\u044e\u0442 \u043a \u0446\u044b\u043f\u043b\u044f\u0442\u0430\u043c \u0432 \u0432\u043e\u0437\u0440\u0430\u0441\u0442\u0435 8\u201316 \u043d\u0435\u0434\u0435\u043b\u044c \u043f\u043e \u0440\u0435\u043a\u043e\u043c\u0435\u043d\u0434\u0430\u0446\u0438\u0438 \u0432\u0435\u0442\u0435\u0440\u0438\u043d\u0430\u0440\u0430.<\/p>\n<\/li>\n<li data-start=\"896\" data-end=\"1007\">\n<p data-start=\"898\" data-end=\"1007\"><strong data-start=\"898\" data-end=\"914\">\u0412\u0442\u043e\u0440\u0430\u044f \u0434\u043e\u0437\u0430:<\/strong> \u0418\u043d\u044a\u0435\u043a\u0446\u0438\u044e \u0441\u043b\u0435\u0434\u0443\u0435\u0442 \u0434\u0435\u043b\u0430\u0442\u044c \u0447\u0435\u0440\u0435\u0437 3\u20134 \u043d\u0435\u0434\u0435\u043b\u0438 \u043f\u043e\u0441\u043b\u0435 \u043f\u0435\u0440\u0432\u043e\u0439 \u0434\u043e\u0437\u044b, \u043a\u0430\u043a \u043c\u0438\u043d\u0438\u043c\u0443\u043c \u0437\u0430 2 \u043d\u0435\u0434\u0435\u043b\u0438 \u0434\u043e \u043d\u0430\u0447\u0430\u043b\u0430 \u043e\u0432\u0443\u043b\u044f\u0446\u0438\u0438.<\/p>\n<\/li>\n<li data-start=\"1008\" data-end=\"1092\">\n<p data-start=\"1010\" data-end=\"1092\"><strong data-start=\"1010\" data-end=\"1036\">\u0420\u0430\u0437\u0432\u0438\u0442\u0438\u0435 \u0438\u043c\u043c\u0443\u043d\u0438\u0442\u0435\u0442\u0430:<\/strong> \u0427\u0435\u0440\u0435\u0437 3 \u043d\u0435\u0434\u0435\u043b\u0438 \u043f\u043e\u0441\u043b\u0435 \u043f\u0435\u0440\u0432\u043e\u0439 \u0432\u0430\u043a\u0446\u0438\u043d\u0430\u0446\u0438\u0438.<\/p>\n<\/li>\n<li data-start=\"1093\" data-end=\"1231\">\n<p data-start=\"1095\" data-end=\"1231\"><strong data-start=\"1095\" data-end=\"1119\">\u041f\u0440\u043e\u0434\u043e\u043b\u0436\u0438\u0442\u0435\u043b\u044c\u043d\u043e\u0441\u0442\u044c \u0438\u043c\u043c\u0443\u043d\u0438\u0442\u0435\u0442\u0430:<\/strong> \u0414\u0432\u0443\u0445\u0434\u043e\u0437\u043e\u0432\u0430\u044f \u0441\u0445\u0435\u043c\u0430 \u043e\u0431\u0435\u0441\u043f\u0435\u0447\u0438\u0432\u0430\u0435\u0442 \u0437\u0430\u0449\u0438\u0442\u0443 \u0432 \u0442\u0435\u0447\u0435\u043d\u0438\u0435 6-8 \u043d\u0435\u0434\u0435\u043b\u044c. \u041f\u043e\u0432\u0442\u043e\u0440\u043d\u0430\u044f \u0434\u043e\u0437\u0430 \u0442\u0440\u0435\u0431\u0443\u0435\u0442\u0441\u044f \u0434\u043b\u044f \u043d\u0435\u0441\u0443\u0448\u0435\u043a \u0438 \u043f\u043b\u0435\u043c\u0435\u043d\u043d\u044b\u0445 \u043a\u0443\u0440.<\/p>\n<\/li>\n<\/ul>\n<p data-start=\"1233\" data-end=\"1349\"><strong data-start=\"1233\" data-end=\"1242\">\u041f\u0440\u0438\u043c\u0435\u0447\u0430\u043d\u0438\u0435:<\/strong> \u0411\u043e\u043b\u044c\u043d\u044b\u0445 \u0438 \u0438\u043c\u043c\u0443\u043d\u043e\u0434\u0435\u0444\u0438\u0446\u0438\u0442\u043d\u044b\u0445 \u043a\u0443\u0440 \u0432\u0430\u043a\u0446\u0438\u043d\u0438\u0440\u043e\u0432\u0430\u0442\u044c \u043d\u0435\u043b\u044c\u0437\u044f. \u041d\u0435 \u0441\u043c\u0435\u0448\u0438\u0432\u0430\u0442\u044c \u0441 \u0434\u0440\u0443\u0433\u0438\u043c\u0438 \u0432\u0435\u0442\u0435\u0440\u0438\u043d\u0430\u0440\u043d\u044b\u043c\u0438 \u043f\u0440\u0435\u043f\u0430\u0440\u0430\u0442\u0430\u043c\u0438.<\/p>\n<hr data-start=\"1351\" data-end=\"1354\" \/>\n<h3 data-start=\"1356\" data-end=\"1382\">\u0414\u043e\u0437\u0438\u0440\u043e\u0432\u043a\u0430 \u0438 \u0441\u043f\u043e\u0441\u043e\u0431 \u043f\u0440\u0438\u043c\u0435\u043d\u0435\u043d\u0438\u044f<\/h3>\n<ul data-start=\"1383\" data-end=\"1671\">\n<li data-start=\"1383\" data-end=\"1414\">\n<p data-start=\"1385\" data-end=\"1414\"><strong data-start=\"1385\" data-end=\"1394\">\u0414\u043e\u0437\u0438\u0440\u043e\u0432\u043a\u0430:<\/strong> 0,5 \u043c\u043b \u043d\u0430 \u043a\u0443\u0440\u0438\u0446\u0443<\/p>\n<\/li>\n<li data-start=\"1415\" data-end=\"1671\">\n<p data-start=\"1417\" data-end=\"1436\"><strong data-start=\"1417\" data-end=\"1434\">\u0421\u043f\u043e\u0441\u043e\u0431 \u043f\u0440\u0438\u043c\u0435\u043d\u0435\u043d\u0438\u044f:<\/strong><\/p>\n<ul data-start=\"1439\" data-end=\"1671\">\n<li data-start=\"1439\" data-end=\"1541\">\n<p data-start=\"1441\" data-end=\"1541\">\u041f\u043e\u0434\u043a\u043e\u0436\u043d\u0430\u044f \u0438\u043d\u044a\u0435\u043a\u0446\u0438\u044f \u0432 \u043d\u0438\u0436\u043d\u044e\u044e \u0447\u0430\u0441\u0442\u044c \u0448\u0435\u0438 (\u0438\u0433\u043b\u0430 \u043f\u043e\u0434 \u043a\u043e\u0436\u0435\u0439, \u043f\u043e \u043d\u0430\u043f\u0440\u0430\u0432\u043b\u0435\u043d\u0438\u044e \u043e\u0442 \u0433\u043e\u043b\u043e\u0432\u044b, \u043f\u043e \u043f\u0440\u044f\u043c\u043e\u0439 \u043b\u0438\u043d\u0438\u0438).<\/p>\n<\/li>\n<li data-start=\"1544\" data-end=\"1671\">\n<p data-start=\"1546\" data-end=\"1671\">\u0412\u043d\u0443\u0442\u0440\u0438\u043c\u044b\u0448\u0435\u0447\u043d\u0430\u044f \u0438\u043d\u044a\u0435\u043a\u0446\u0438\u044f \u0432 \u0433\u0440\u0443\u0434\u043d\u0443\u044e \u0438\u043b\u0438 \u0431\u0435\u0434\u0440\u0435\u043d\u043d\u0443\u044e \u043c\u044b\u0448\u0446\u0443 (\u0438\u0433\u043b\u0443 \u0441\u043b\u0435\u0434\u0443\u0435\u0442 \u0432\u0432\u043e\u0434\u0438\u0442\u044c \u043f\u043e\u0434 \u0443\u0433\u043b\u043e\u043c 45\u00b0, \u0441\u0442\u0430\u0440\u0430\u044f\u0441\u044c \u043d\u0435 \u043f\u043e\u043f\u0430\u0441\u0442\u044c \u0432 \u0431\u0440\u044e\u0448\u043d\u0443\u044e \u043f\u043e\u043b\u043e\u0441\u0442\u044c).<\/p>\n<\/li>\n<\/ul>\n<\/li>\n<\/ul>\n<hr data-start=\"1673\" data-end=\"1676\" \/>\n<h3 data-start=\"1678\" data-end=\"1695\">\u0423\u043f\u0430\u043a\u043e\u0432\u043a\u0430<\/h3>\n<ul data-start=\"1696\" data-end=\"1736\">\n<li data-start=\"1696\" data-end=\"1736\">\n<p data-start=\"1698\" data-end=\"1736\">\u041f\u043e\u043b\u0438\u044d\u0442\u0438\u043b\u0435\u043d\u043e\u0432\u044b\u0439 \u0444\u043b\u0430\u043a\u043e\u043d 500 \u043c\u043b (1000 \u0434\u043e\u0437).<\/p>\n<\/li>\n<\/ul>\n<\/div>\n<p><!-- .vgblk-rw-wrapper --><\/p>","protected":false},"excerpt":{"rendered":"<p>CORYVAC\u2122 \u0130nfeksion Koryza x\u0259st\u0259liyin\u0259 qar\u015f\u0131 inkativ trivalent vaksin \u00dcmumi m\u0259lumat CORYVAC\u2122 Avibacterium paragallinarum serotipl\u0259ri A, B v\u0259 C t\u0259r\u0259find\u0259n t\u00f6r\u0259dil\u0259n \u0130nfeksion Koryza x\u0259st\u0259liyin\u0259 qar\u015f\u0131 toyuqlar\u0131n immunizasiyas\u0131 \u00fc\u00e7\u00fcn haz\u0131rlanm\u0131\u015f inkativ trivalent vaksindir. H\u0259d\u0259f heyvan Toyuqlar T\u0259rkibi (inkativl\u0259\u015fdirilm\u0259mi\u015f) \u0130nfeksion Koryza x\u0259st\u0259liyin\u0259 qar\u015f\u0131 inkativ trivalent su-ya\u011f emulsiyas\u0131 H\u0259r bir serotipd\u0259n \u0259n az\u0131 1.5 x 10\u2078 Avibacterium paragallinarum bakteriyas\u0131&#8230;<\/p>","protected":false},"featured_media":989512,"comment_status":"closed","ping_status":"closed","template":"","meta":{"nf_dc_page":"","_monsterinsights_skip_tracking":false,"_monsterinsights_sitenote_active":false,"_monsterinsights_sitenote_note":"","_monsterinsights_sitenote_category":0},"product_brand":[],"product_cat":[234,235,68],"product_tag":[],"class_list":{"0":"post-989511","1":"product","2":"type-product","3":"status-publish","4":"has-post-thumbnail","6":"product_cat-vaksinler","7":"product_cat-inaktiv","8":"product_cat-poultry","10":"first","11":"instock","12":"shipping-taxable","13":"product-type-simple"},"jetpack_sharing_enabled":true,"_links":{"self":[{"href":"https:\/\/agrovetazerbaijan.az\/ru\/wp-json\/wp\/v2\/product\/989511","targetHints":{"allow":["GET"]}}],"collection":[{"href":"https:\/\/agrovetazerbaijan.az\/ru\/wp-json\/wp\/v2\/product"}],"about":[{"href":"https:\/\/agrovetazerbaijan.az\/ru\/wp-json\/wp\/v2\/types\/product"}],"replies":[{"embeddable":true,"href":"https:\/\/agrovetazerbaijan.az\/ru\/wp-json\/wp\/v2\/comments?post=989511"}],"version-history":[{"count":2,"href":"https:\/\/agrovetazerbaijan.az\/ru\/wp-json\/wp\/v2\/product\/989511\/revisions"}],"predecessor-version":[{"id":989720,"href":"https:\/\/agrovetazerbaijan.az\/ru\/wp-json\/wp\/v2\/product\/989511\/revisions\/989720"}],"wp:featuredmedia":[{"embeddable":true,"href":"https:\/\/agrovetazerbaijan.az\/ru\/wp-json\/wp\/v2\/media\/989512"}],"wp:attachment":[{"href":"https:\/\/agrovetazerbaijan.az\/ru\/wp-json\/wp\/v2\/media?parent=989511"}],"wp:term":[{"taxonomy":"product_brand","embeddable":true,"href":"https:\/\/agrovetazerbaijan.az\/ru\/wp-json\/wp\/v2\/product_brand?post=989511"},{"taxonomy":"product_cat","embeddable":true,"href":"https:\/\/agrovetazerbaijan.az\/ru\/wp-json\/wp\/v2\/product_cat?post=989511"},{"taxonomy":"product_tag","embeddable":true,"href":"https:\/\/agrovetazerbaijan.az\/ru\/wp-json\/wp\/v2\/product_tag?post=989511"}],"curies":[{"name":"WP","href":"https:\/\/api.w.org\/{rel}","templated":true}]}}