{"id":989504,"date":"2025-05-26T13:32:58","date_gmt":"2025-05-26T13:32:58","guid":{"rendered":"https:\/\/agrovetazerbaijan.az\/?post_type=product&#038;p=989504"},"modified":"2025-06-20T16:04:43","modified_gmt":"2025-06-20T16:04:43","slug":"mevac-nd-elite","status":"publish","type":"product","link":"https:\/\/agrovetazerbaijan.az\/ru\/product\/mevac-nd-elite\/","title":{"rendered":"MEVAC\u2122 ND \u042d\u041b\u0418\u0422"},"content":{"rendered":"<div class=\"vgblk-rw-wrapper limit-wrapper\">\n<h1 data-start=\"93\" data-end=\"112\">MEVAC\u2122 ND ELITE<\/h1>\n<p data-start=\"113\" data-end=\"230\"><strong data-start=\"113\" data-end=\"167\">Ya\u015fay\u0131b z\u0259ifl\u0259dilmi\u015f dondurulmu\u015f qurudulmu\u015f vaksin<\/strong><br data-start=\"167\" data-end=\"170\" \/>Newcastle x\u0259st\u0259liyin\u0259 (Genotip II) qar\u015f\u0131 immunizasiya \u00fc\u00e7\u00fcn<\/p>\n<hr data-start=\"232\" data-end=\"235\" \/>\n<h3 data-start=\"237\" data-end=\"255\">H\u0259d\u0259f Heyvan<\/h3>\n<ul data-start=\"256\" data-end=\"266\">\n<li data-start=\"256\" data-end=\"266\">\n<p data-start=\"258\" data-end=\"266\">Toyuqlar<\/p>\n<\/li>\n<\/ul>\n<hr data-start=\"268\" data-end=\"271\" \/>\n<h3 data-start=\"273\" data-end=\"286\">T\u0259rkibi<\/h3>\n<ul data-start=\"287\" data-end=\"406\">\n<li data-start=\"287\" data-end=\"360\">\n<p data-start=\"289\" data-end=\"360\">Ya\u015fay\u0131b z\u0259ifl\u0259dilmi\u015f Newcastle x\u0259st\u0259liyi virusu VG\/GA [ME\/NDV2] \u015ftam\u0131<\/p>\n<\/li>\n<li data-start=\"361\" data-end=\"406\">\n<p data-start=\"363\" data-end=\"406\">H\u0259r doza \u0259n az\u0131 6.5 log10 EID50 ehtiva edir<\/p>\n<\/li>\n<\/ul>\n<hr data-start=\"408\" data-end=\"411\" \/>\n<h3 data-start=\"413\" data-end=\"440\">\u0130stifad\u0259 G\u00f6st\u0259ri\u015fl\u0259ri<\/h3>\n<p data-start=\"441\" data-end=\"534\">Newcastle x\u0259st\u0259liyi il\u0259 \u0259laq\u0259dar \u00f6l\u00fcm v\u0259 klinik \u0259lam\u0259tl\u0259rin azalmas\u0131 \u00fc\u00e7\u00fcn aktiv immunizasiya.<\/p>\n<hr data-start=\"536\" data-end=\"539\" \/>\n<h3 data-start=\"541\" data-end=\"567\">Vaksinasiya Proqram\u0131<\/h3>\n<ul data-start=\"568\" data-end=\"963\">\n<li data-start=\"568\" data-end=\"675\">\n<p data-start=\"570\" data-end=\"675\">Endemik \u0259razil\u0259rd\u0259 toyuqlar do\u011fuldu\u011fu g\u00fcnd\u0259n vaksinasiya oluna bil\u0259r, baytar h\u0259kiminizin m\u0259sl\u0259h\u0259ti il\u0259.<\/p>\n<\/li>\n<li data-start=\"676\" data-end=\"762\">\n<p data-start=\"678\" data-end=\"762\">Vaksin virusu peyv\u0259nd olunmam\u0131\u015f toyuqlara yay\u0131laraq x\u0259st\u0259lik \u0259lam\u0259tl\u0259ri g\u00f6st\u0259rmir.<\/p>\n<\/li>\n<li data-start=\"763\" data-end=\"812\">\n<p data-start=\"765\" data-end=\"812\">Dig\u0259r baytarl\u0131q m\u0259hsullar\u0131 il\u0259 qar\u0131\u015fd\u0131rmay\u0131n.<\/p>\n<\/li>\n<li data-start=\"813\" data-end=\"887\">\n<p data-start=\"815\" data-end=\"887\">Vaksinasiya zaman\u0131 n\u0259f\u0259s v\u0259 g\u00f6z qoruyucular\u0131ndan istifad\u0259 edilm\u0259lidir.<\/p>\n<\/li>\n<li data-start=\"888\" data-end=\"963\">\n<p data-start=\"890\" data-end=\"963\">Vaksin steril, dezinfeksiya v\u0259 antiseptikd\u0259n azad su il\u0259 haz\u0131rlanmal\u0131d\u0131r.<\/p>\n<\/li>\n<\/ul>\n<hr data-start=\"965\" data-end=\"968\" \/>\n<h3 data-start=\"970\" data-end=\"991\">T\u0259tbiq \u00fcsullar\u0131<\/h3>\n<ul data-start=\"992\" data-end=\"1826\">\n<li data-start=\"992\" data-end=\"1287\">\n<p data-start=\"994\" data-end=\"1287\"><strong data-start=\"994\" data-end=\"1010\">G\u00f6z damlas\u0131:<\/strong><br data-start=\"1010\" data-end=\"1013\" \/>1000 doz vaksini 3-5 ml xlor olmayan i\u00e7m\u0259li su il\u0259 seyreltdikd\u0259n sonra, bu m\u0259hlulu \u0259lav\u0259 olaraq 30-50 ml xlor olmayan su il\u0259 seyreltm\u0259k laz\u0131md\u0131r. Kalibrl\u0259nmi\u015f damc\u0131 vasit\u0259si il\u0259 h\u0259r toyu\u011fun g\u00f6z\u00fcn\u0259 30-50 \u03bcl damc\u0131 t\u00f6k\u00fcn, damc\u0131n\u0131n yay\u0131lmas\u0131na imkan verin v\u0259 toyu\u011fu azad edin.<\/p>\n<\/li>\n<li data-start=\"1289\" data-end=\"1550\">\n<p data-start=\"1291\" data-end=\"1550\"><strong data-start=\"1291\" data-end=\"1313\">Spray vaksinasiya:<\/strong><br data-start=\"1313\" data-end=\"1316\" \/>Mikro-damc\u0131lar (orta diametr 80-100 \u03bcm) yarada bil\u0259n sprey vasit\u0259sil\u0259 vaksin m\u0259hlulunu toyuqlar\u0131n \u00fcz\u0259rin\u0259 s\u0259pin. Toyuqlar s\u0131x \u015f\u0259kild\u0259 bir yerd\u0259 saxlanmal\u0131d\u0131r. Sprey t\u0259tbiqi zaman\u0131 toyuq evinin ventilyasiya sistemi dayand\u0131r\u0131lmal\u0131d\u0131r.<\/p>\n<\/li>\n<li data-start=\"1552\" data-end=\"1826\">\n<p data-start=\"1554\" data-end=\"1826\"><strong data-start=\"1554\" data-end=\"1584\">\u0130\u00e7m\u0259li su il\u0259 vaksinasiya:<\/strong><br data-start=\"1584\" data-end=\"1587\" \/>Musluk suyundan istifad\u0259 edil\u0259rs\u0259, suyun xlorunu neytralla\u015fd\u0131rmaq \u00fc\u00e7\u00fcn h\u0259r litr suya 2.5 qram ya\u011fs\u0131z s\u00fcd tozu \u0259lav\u0259 edilm\u0259lidir. Vaksin m\u0259hlulu istifad\u0259 zaman\u0131 paylanmal\u0131d\u0131r. Vaksinasiya \u0259r\u0259f\u0259sind\u0259 toyuqlar 2 saatl\u0131q susuz saxlanmal\u0131d\u0131r.<\/p>\n<\/li>\n<\/ul>\n<hr data-start=\"1828\" data-end=\"1831\" \/>\n<h3 data-start=\"1833\" data-end=\"1850\">Qabla\u015fd\u0131rma<\/h3>\n<ul data-start=\"1851\" data-end=\"1990\">\n<li data-start=\"1851\" data-end=\"1927\">\n<p data-start=\"1853\" data-end=\"1927\">Liofilizasiya edilmi\u015f pellet \u015f\u0259klind\u0259, reconstitusiyas\u0131 \u00fc\u00e7\u00fcn flakonlarda<\/p>\n<\/li>\n<li data-start=\"1928\" data-end=\"1990\">\n<p data-start=\"1930\" data-end=\"1990\">500, 1,000, 2,500 v\u0259 5,000 doza variantlar\u0131nda t\u0259qdim olunur<\/p>\n<\/li>\n<\/ul>\n<\/div>\n<p><!-- .vgblk-rw-wrapper --><\/p>\n","protected":false},"excerpt":{"rendered":"<p>MEVAC\u2122 ND ELITE Ya\u015fay\u0131b z\u0259ifl\u0259dilmi\u015f dondurulmu\u015f qurudulmu\u015f vaksinNewcastle x\u0259st\u0259liyin\u0259 (Genotip II) qar\u015f\u0131 immunizasiya \u00fc\u00e7\u00fcn H\u0259d\u0259f Heyvan Toyuqlar T\u0259rkibi Ya\u015fay\u0131b z\u0259ifl\u0259dilmi\u015f Newcastle x\u0259st\u0259liyi virusu VG\/GA [ME\/NDV2] \u015ftam\u0131 H\u0259r doza \u0259n az\u0131 6.5 log10 EID50 ehtiva edir \u0130stifad\u0259 G\u00f6st\u0259ri\u015fl\u0259ri Newcastle x\u0259st\u0259liyi il\u0259 \u0259laq\u0259dar \u00f6l\u00fcm v\u0259 klinik \u0259lam\u0259tl\u0259rin azalmas\u0131 \u00fc\u00e7\u00fcn aktiv immunizasiya. Vaksinasiya Proqram\u0131 Endemik \u0259razil\u0259rd\u0259 toyuqlar do\u011fuldu\u011fu&#8230;<\/p>\n","protected":false},"featured_media":989505,"comment_status":"closed","ping_status":"closed","template":"","meta":{"nf_dc_page":"","_monsterinsights_skip_tracking":false,"_monsterinsights_sitenote_active":false,"_monsterinsights_sitenote_note":"","_monsterinsights_sitenote_category":0},"product_brand":[],"product_cat":[234,237,68],"product_tag":[],"class_list":{"0":"post-989504","1":"product","2":"type-product","3":"status-publish","4":"has-post-thumbnail","6":"product_cat-vaksinler","7":"product_cat-aktiv-vaksinler","8":"product_cat-poultry","10":"first","11":"instock","12":"shipping-taxable","13":"product-type-simple"},"jetpack_sharing_enabled":true,"_links":{"self":[{"href":"https:\/\/agrovetazerbaijan.az\/ru\/wp-json\/wp\/v2\/product\/989504","targetHints":{"allow":["GET"]}}],"collection":[{"href":"https:\/\/agrovetazerbaijan.az\/ru\/wp-json\/wp\/v2\/product"}],"about":[{"href":"https:\/\/agrovetazerbaijan.az\/ru\/wp-json\/wp\/v2\/types\/product"}],"replies":[{"embeddable":true,"href":"https:\/\/agrovetazerbaijan.az\/ru\/wp-json\/wp\/v2\/comments?post=989504"}],"version-history":[{"count":3,"href":"https:\/\/agrovetazerbaijan.az\/ru\/wp-json\/wp\/v2\/product\/989504\/revisions"}],"predecessor-version":[{"id":989723,"href":"https:\/\/agrovetazerbaijan.az\/ru\/wp-json\/wp\/v2\/product\/989504\/revisions\/989723"}],"wp:featuredmedia":[{"embeddable":true,"href":"https:\/\/agrovetazerbaijan.az\/ru\/wp-json\/wp\/v2\/media\/989505"}],"wp:attachment":[{"href":"https:\/\/agrovetazerbaijan.az\/ru\/wp-json\/wp\/v2\/media?parent=989504"}],"wp:term":[{"taxonomy":"product_brand","embeddable":true,"href":"https:\/\/agrovetazerbaijan.az\/ru\/wp-json\/wp\/v2\/product_brand?post=989504"},{"taxonomy":"product_cat","embeddable":true,"href":"https:\/\/agrovetazerbaijan.az\/ru\/wp-json\/wp\/v2\/product_cat?post=989504"},{"taxonomy":"product_tag","embeddable":true,"href":"https:\/\/agrovetazerbaijan.az\/ru\/wp-json\/wp\/v2\/product_tag?post=989504"}],"curies":[{"name":"WP","href":"https:\/\/api.w.org\/{rel}","templated":true}]}}