{"id":989488,"date":"2025-05-26T13:02:35","date_gmt":"2025-05-26T13:02:35","guid":{"rendered":"https:\/\/agrovetazerbaijan.az\/?post_type=product&#038;p=989488"},"modified":"2025-06-20T16:09:14","modified_gmt":"2025-06-20T16:09:14","slug":"rinnovac-eli-7","status":"publish","type":"product","link":"https:\/\/agrovetazerbaijan.az\/ru\/product\/rinnovac-eli-7\/","title":{"rendered":"RINNOVAC\u2122 \u042d\u041b\u0418-7"},"content":{"rendered":"<div class=\"vgblk-rw-wrapper limit-wrapper\">\n<h1 data-start=\"83\" data-end=\"102\">RINNOVAC\u2122 ELI-7<\/h1>\n<p data-start=\"103\" data-end=\"237\"><strong data-start=\"103\" data-end=\"168\">Ya\u015fay\u0131b z\u0259ifl\u0259dilmi\u015f monovalent dondurulmu\u015f qurudulmu\u015f vaksin<\/strong><br data-start=\"168\" data-end=\"171\" \/>Newcastle x\u0259st\u0259liyin\u0259 qar\u015f\u0131 (NDV GII VG\/GA v\u0259 NDV GVII \u015ftamlar\u0131)<\/p>\n<hr data-start=\"239\" data-end=\"242\" \/>\n<h3 data-start=\"244\" data-end=\"262\">H\u0259d\u0259f Heyvan<\/h3>\n<ul data-start=\"263\" data-end=\"273\">\n<li data-start=\"263\" data-end=\"273\">\n<p data-start=\"265\" data-end=\"273\">Toyuqlar<\/p>\n<\/li>\n<\/ul>\n<hr data-start=\"275\" data-end=\"278\" \/>\n<h3 data-start=\"280\" data-end=\"293\">T\u0259rkibi<\/h3>\n<ul data-start=\"294\" data-end=\"446\">\n<li data-start=\"294\" data-end=\"400\">\n<p data-start=\"296\" data-end=\"400\">Ya\u015fay\u0131b z\u0259ifl\u0259dilmi\u015f rekombinant Newcastle x\u0259st\u0259liyi virusu [rNDV: VG\/GA-F7] [rgNDV1\/ME.G7\/2017] \u015ftam\u0131<\/p>\n<\/li>\n<li data-start=\"401\" data-end=\"446\">\n<p data-start=\"403\" data-end=\"446\">H\u0259r doza \u0259n az\u0131 6.5 log10 EID50 ehtiva edir<\/p>\n<\/li>\n<\/ul>\n<hr data-start=\"448\" data-end=\"451\" \/>\n<h3 data-start=\"453\" data-end=\"480\">\u0130stifad\u0259 G\u00f6st\u0259ri\u015fl\u0259ri<\/h3>\n<ul data-start=\"481\" data-end=\"613\">\n<li data-start=\"481\" data-end=\"613\">\n<p data-start=\"483\" data-end=\"613\">Toyuqlar\u0131 do\u011fuldu\u011fu g\u00fcnd\u0259n etibar\u0259n Newcastle x\u0259st\u0259liyinin klinik \u0259lam\u0259tl\u0259rini v\u0259 \u00f6l\u00fcm hallar\u0131n\u0131 azaltmaq \u00fc\u00e7\u00fcn aktiv immunizasiya.<\/p>\n<\/li>\n<\/ul>\n<hr data-start=\"615\" data-end=\"618\" \/>\n<h3 data-start=\"620\" data-end=\"646\">Vaksinasiya Proqram\u0131<\/h3>\n<ul data-start=\"647\" data-end=\"1242\">\n<li data-start=\"647\" data-end=\"735\">\n<p data-start=\"649\" data-end=\"735\">Toyuqlar do\u011fuldu\u011fu g\u00fcnd\u0259n vaksinasiya oluna bil\u0259r, baytar h\u0259kiminizin m\u0259sl\u0259h\u0259ti il\u0259.<\/p>\n<\/li>\n<li data-start=\"736\" data-end=\"865\">\n<p data-start=\"738\" data-end=\"865\">Uzunm\u00fcdd\u0259tli istehsal d\u00f6vrl\u0259rind\u0259 optimal t\u0259krar t\u0259sir \u00fc\u00e7\u00fcn toyuqlar \u0259vv\u0259l canl\u0131 NDV vaksinl\u0259ri il\u0259 immunizasiya olunmal\u0131d\u0131r.<\/p>\n<\/li>\n<li data-start=\"866\" data-end=\"934\">\n<p data-start=\"868\" data-end=\"934\"><strong data-start=\"868\" data-end=\"894\">\u0130mmunitetin yaranmas\u0131:<\/strong> Birinci vaksinasiyadan 2 h\u0259ft\u0259 sonra.<\/p>\n<\/li>\n<li data-start=\"935\" data-end=\"1008\">\n<p data-start=\"937\" data-end=\"1008\"><strong data-start=\"937\" data-end=\"961\">\u0130mmunitetin m\u00fcdd\u0259ti:<\/strong> T\u0259k doza il\u0259 6 h\u0259ft\u0259y\u0259 q\u0259d\u0259r qoruyucu t\u0259sir.<\/p>\n<\/li>\n<li data-start=\"1009\" data-end=\"1104\">\n<p data-start=\"1011\" data-end=\"1104\">Vaksin virusu peyv\u0259nd olunmam\u0131\u015f toyuqlara yay\u0131la bil\u0259r, lakin x\u0259st\u0259lik \u0259lam\u0259tl\u0259ri yaratm\u0131r.<\/p>\n<\/li>\n<li data-start=\"1105\" data-end=\"1242\">\n<p data-start=\"1107\" data-end=\"1242\">\u0130nsanlarda g\u00f6z iltihab\u0131na s\u0259b\u0259b ola bil\u0259c\u0259yi \u00fc\u00e7\u00fcn vaksinasiya zaman\u0131 qoruyucu \u0259lc\u0259kl\u0259r v\u0259 t\u0259hl\u00fck\u0259sizlik eyn\u0259kl\u0259ri istifad\u0259 olunmal\u0131d\u0131r.<\/p>\n<\/li>\n<\/ul>\n<hr data-start=\"1244\" data-end=\"1247\" \/>\n<h3 data-start=\"1249\" data-end=\"1270\">T\u0259tbiq \u00fcsullar\u0131<\/h3>\n<ul data-start=\"1271\" data-end=\"2225\">\n<li data-start=\"1271\" data-end=\"1419\">\n<p data-start=\"1273\" data-end=\"1419\">Vaksin liofiliz\u0259 edilmi\u015f pellet \u015f\u0259klind\u0259 t\u0259qdim olunur v\u0259 istifad\u0259 \u00f6nc\u0259si dezinfeksiya v\u0259 antiseptikd\u0259n azad, xlor olmayan su il\u0259 haz\u0131rlanmal\u0131d\u0131r.<\/p>\n<\/li>\n<li data-start=\"1421\" data-end=\"1686\">\n<p data-start=\"1423\" data-end=\"1686\"><strong data-start=\"1423\" data-end=\"1439\">G\u00f6z damlas\u0131:<\/strong><br data-start=\"1439\" data-end=\"1442\" \/>1,000 doza vaksini 3-5 ml xlor olmayan su il\u0259 seyrelt, sonra \u0259lav\u0259 olaraq 30-50 ml xlor olmayan su il\u0259 seyreltilir. Kalibrl\u0259nmi\u015f damc\u0131 vasit\u0259si il\u0259 h\u0259r toyu\u011fun g\u00f6z\u00fcn\u0259 30-50 \u03bcl damc\u0131 t\u00f6k\u00fcn, damc\u0131n\u0131n yay\u0131lmas\u0131na imkan verin v\u0259 toyu\u011fu azad edin.<\/p>\n<\/li>\n<li data-start=\"1688\" data-end=\"1949\">\n<p data-start=\"1690\" data-end=\"1949\"><strong data-start=\"1690\" data-end=\"1712\">Sprey vaksinasiya:<\/strong><br data-start=\"1712\" data-end=\"1715\" \/>Mikro-damc\u0131lar (orta diametr 80-100 \u03bcm) yarada bil\u0259n sprey vasit\u0259sil\u0259 vaksin m\u0259hlulunu toyuqlar\u0131n \u00fcz\u0259rin\u0259 s\u0259pin. Toyuqlar s\u0131x \u015f\u0259kild\u0259 bir yerd\u0259 saxlanmal\u0131d\u0131r. Sprey t\u0259tbiqi zaman\u0131 toyuq evinin ventilyasiya sistemi dayand\u0131r\u0131lmal\u0131d\u0131r.<\/p>\n<\/li>\n<li data-start=\"1951\" data-end=\"2225\">\n<p data-start=\"1953\" data-end=\"2225\"><strong data-start=\"1953\" data-end=\"1983\">\u0130\u00e7m\u0259li su il\u0259 vaksinasiya:<\/strong><br data-start=\"1983\" data-end=\"1986\" \/>Musluk suyundan istifad\u0259 edil\u0259rs\u0259, suyun xlorunu neytralla\u015fd\u0131rmaq \u00fc\u00e7\u00fcn h\u0259r litr suya 2.5 qram ya\u011fs\u0131z s\u00fcd tozu \u0259lav\u0259 edilm\u0259lidir. Vaksin m\u0259hlulu istifad\u0259 zaman\u0131 paylanmal\u0131d\u0131r. Vaksinasiya \u0259r\u0259f\u0259sind\u0259 toyuqlar 2 saatl\u0131q susuz saxlanmal\u0131d\u0131r.<\/p>\n<\/li>\n<\/ul>\n<hr data-start=\"2227\" data-end=\"2230\" \/>\n<h3 data-start=\"2232\" data-end=\"2249\">Qabla\u015fd\u0131rma<\/h3>\n<ul data-start=\"2250\" data-end=\"2304\">\n<li data-start=\"2250\" data-end=\"2304\">\n<p data-start=\"2252\" data-end=\"2304\">1,000, 2,500 v\u0259 5,000 doza flakonlarda t\u0259qdim olunur<\/p>\n<\/li>\n<\/ul>\n<\/div>\n<p><!-- .vgblk-rw-wrapper --><\/p>\n","protected":false},"excerpt":{"rendered":"<p>RINNOVAC\u2122 ELI-7 Ya\u015fay\u0131b z\u0259ifl\u0259dilmi\u015f monovalent dondurulmu\u015f qurudulmu\u015f vaksinNewcastle x\u0259st\u0259liyin\u0259 qar\u015f\u0131 (NDV GII VG\/GA v\u0259 NDV GVII \u015ftamlar\u0131) H\u0259d\u0259f Heyvan Toyuqlar T\u0259rkibi Ya\u015fay\u0131b z\u0259ifl\u0259dilmi\u015f rekombinant Newcastle x\u0259st\u0259liyi virusu [rNDV: VG\/GA-F7] [rgNDV1\/ME.G7\/2017] \u015ftam\u0131 H\u0259r doza \u0259n az\u0131 6.5 log10 EID50 ehtiva edir \u0130stifad\u0259 G\u00f6st\u0259ri\u015fl\u0259ri Toyuqlar\u0131 do\u011fuldu\u011fu g\u00fcnd\u0259n etibar\u0259n Newcastle x\u0259st\u0259liyinin klinik \u0259lam\u0259tl\u0259rini v\u0259 \u00f6l\u00fcm hallar\u0131n\u0131 azaltmaq \u00fc\u00e7\u00fcn&#8230;<\/p>\n","protected":false},"featured_media":989489,"comment_status":"closed","ping_status":"closed","template":"","meta":{"nf_dc_page":"","_monsterinsights_skip_tracking":false,"_monsterinsights_sitenote_active":false,"_monsterinsights_sitenote_note":"","_monsterinsights_sitenote_category":0},"product_brand":[],"product_cat":[234,237,68],"product_tag":[],"class_list":{"0":"post-989488","1":"product","2":"type-product","3":"status-publish","4":"has-post-thumbnail","6":"product_cat-vaksinler","7":"product_cat-aktiv-vaksinler","8":"product_cat-poultry","10":"first","11":"instock","12":"shipping-taxable","13":"product-type-simple"},"jetpack_sharing_enabled":true,"_links":{"self":[{"href":"https:\/\/agrovetazerbaijan.az\/ru\/wp-json\/wp\/v2\/product\/989488","targetHints":{"allow":["GET"]}}],"collection":[{"href":"https:\/\/agrovetazerbaijan.az\/ru\/wp-json\/wp\/v2\/product"}],"about":[{"href":"https:\/\/agrovetazerbaijan.az\/ru\/wp-json\/wp\/v2\/types\/product"}],"replies":[{"embeddable":true,"href":"https:\/\/agrovetazerbaijan.az\/ru\/wp-json\/wp\/v2\/comments?post=989488"}],"version-history":[{"count":2,"href":"https:\/\/agrovetazerbaijan.az\/ru\/wp-json\/wp\/v2\/product\/989488\/revisions"}],"predecessor-version":[{"id":989725,"href":"https:\/\/agrovetazerbaijan.az\/ru\/wp-json\/wp\/v2\/product\/989488\/revisions\/989725"}],"wp:featuredmedia":[{"embeddable":true,"href":"https:\/\/agrovetazerbaijan.az\/ru\/wp-json\/wp\/v2\/media\/989489"}],"wp:attachment":[{"href":"https:\/\/agrovetazerbaijan.az\/ru\/wp-json\/wp\/v2\/media?parent=989488"}],"wp:term":[{"taxonomy":"product_brand","embeddable":true,"href":"https:\/\/agrovetazerbaijan.az\/ru\/wp-json\/wp\/v2\/product_brand?post=989488"},{"taxonomy":"product_cat","embeddable":true,"href":"https:\/\/agrovetazerbaijan.az\/ru\/wp-json\/wp\/v2\/product_cat?post=989488"},{"taxonomy":"product_tag","embeddable":true,"href":"https:\/\/agrovetazerbaijan.az\/ru\/wp-json\/wp\/v2\/product_tag?post=989488"}],"curies":[{"name":"WP","href":"https:\/\/api.w.org\/{rel}","templated":true}]}}