{"id":989229,"date":"2025-03-23T15:40:56","date_gmt":"2025-03-23T15:40:56","guid":{"rendered":"https:\/\/agrovetazerbaijan.az\/?post_type=product&#038;p=989229"},"modified":"2025-07-14T21:24:10","modified_gmt":"2025-07-14T21:24:10","slug":"amprocox-oral","status":"publish","type":"product","link":"https:\/\/agrovetazerbaijan.az\/ru\/product\/amprocox-oral\/","title":{"rendered":"\u0410\u043c\u043f\u0440\u043e\u043a\u043e\u043a\u0441 \u041e\u0440\u0430\u043b"},"content":{"rendered":"<div class=\"vgblk-rw-wrapper limit-wrapper\">\n<p data-start=\"0\" data-end=\"26\">\u0410\u043c\u043f\u0440\u043e\u043b\u0438\u0443\u043c 40% \u043e\u0440\u0430\u043b\u044c\u043d\u044b\u0439 \u0440\u0430\u0441\u0442\u0432\u043e\u0440<\/p>\n<p data-start=\"28\" data-end=\"98\"><strong data-start=\"28\" data-end=\"39\">\u0418\u043d\u0433\u0440\u0435\u0434\u0438\u0435\u043d\u0442\u044b<\/strong><br data-start=\"39\" data-end=\"42\" \/>\u0412 \u043a\u0430\u0436\u0434\u043e\u043c 1 \u043c\u043b:<br data-start=\"54\" data-end=\"57\" \/>\u0410\u043c\u043f\u0440\u043e\u043b\u0438\u0443\u043c (\u0432 \u0432\u0438\u0434\u0435 \u0433\u0438\u0434\u0440\u043e\u0445\u043b\u043e\u0440\u0438\u0434\u0430) \u2013 400 \u043c\u0433<\/p>\n<p data-start=\"100\" data-end=\"608\"><strong data-start=\"100\" data-end=\"111\">\u041e\u043f\u0438\u0441\u0430\u043d\u0438\u0435<\/strong><br data-start=\"111\" data-end=\"114\" \/>\u0410\u043c\u043f\u0440\u043e\u043b\u0438\u0443\u043c \u2014 \u0430\u043d\u0442\u0438\u043a\u043e\u043a\u0446\u0438\u0434\u0438\u0439\u043d\u044b\u0439 \u043f\u0440\u0435\u043f\u0430\u0440\u0430\u0442 \u0438\u0437 \u0441\u0435\u043c\u0435\u0439\u0441\u0442\u0432\u0430 \u0430\u043d\u0430\u043b\u043e\u0433\u043e\u0432 \u0442\u0438\u0430\u043c\u0438\u043d\u0430 (\u0432\u0438\u0442\u0430\u043c\u0438\u043d\u0430 B1). \u041e\u043d \u0434\u0435\u0439\u0441\u0442\u0432\u0443\u0435\u0442 \u043a\u0430\u043a \u043a\u043e\u043d\u043a\u0443\u0440\u0435\u043d\u0442\u043d\u044b\u0439 \u0430\u043d\u0442\u0430\u0433\u043e\u043d\u0438\u0441\u0442 \u0442\u0438\u0430\u043c\u0438\u043d\u0430 \u0432 \u043c\u0435\u0445\u0430\u043d\u0438\u0437\u043c\u0430\u0445 \u0442\u0440\u0430\u043d\u0441\u043f\u043e\u0440\u0442\u0430 \u0442\u0438\u0430\u043c\u0438\u043d\u0430 Eimeria spp., \u043d\u0430\u0440\u0443\u0448\u0430\u044f \u0443\u0433\u043b\u0435\u0432\u043e\u0434\u043d\u044b\u0439 \u043e\u0431\u043c\u0435\u043d, \u043d\u0435\u043e\u0431\u0445\u043e\u0434\u0438\u043c\u044b\u0439 \u0434\u043b\u044f \u0440\u043e\u0441\u0442\u0430 \u0438 \u0432\u044b\u0436\u0438\u0432\u0430\u043d\u0438\u044f \u043a\u043e\u043a\u0446\u0438\u0434\u0438\u0439. \u041a\u043e\u043a\u0446\u0438\u0434\u0438\u0438, \u043f\u0440\u0438\u043d\u0438\u043c\u0430\u044e\u0449\u0438\u0435 \u0430\u043c\u043f\u0440\u043e\u043b\u0438\u0443\u043c, \u0433\u043e\u043b\u043e\u0434\u0430\u044e\u0442 \u0438 \u0441\u0442\u0440\u0430\u0434\u0430\u044e\u0442 \u043e\u0442 \u043d\u0435\u0434\u043e\u0435\u0434\u0430\u043d\u0438\u044f \u0438\u0437-\u0437\u0430 \u0434\u0435\u0444\u0438\u0446\u0438\u0442\u0430 \u0442\u0438\u0430\u043c\u0438\u043d\u0430. \u0410\u043c\u043f\u0440\u043e\u043b\u0438\u0443\u043c \u0431\u044b\u0441\u0442\u0440\u043e \u0432\u044b\u0432\u043e\u0434\u0438\u0442\u0441\u044f \u0438\u0437 \u043e\u0440\u0433\u0430\u043d\u0438\u0437\u043c\u0430, \u0432 \u043e\u0441\u043d\u043e\u0432\u043d\u043e\u043c \u0441 \u043a\u0430\u043b\u043e\u043c \u0438 \u0432 \u043c\u0435\u043d\u044c\u0448\u0435\u0439 \u0441\u0442\u0435\u043f\u0435\u043d\u0438 \u0441 \u043c\u043e\u0447\u043e\u0439.<\/p>\n<p data-start=\"610\" data-end=\"841\"><strong data-start=\"610\" data-end=\"635\">\u0418\u043d\u0441\u0442\u0440\u0443\u043a\u0446\u0438\u044f \u043f\u043e \u043f\u0440\u0438\u043c\u0435\u043d\u0435\u043d\u0438\u044e<\/strong><br data-start=\"635\" data-end=\"638\" \/>\u0410\u043c\u043f\u0440\u043e\u043a\u043e\u043a\u0441 \u041e\u0440\u0430\u043b \u043f\u0440\u0438\u043c\u0435\u043d\u044f\u0435\u0442\u0441\u044f \u0434\u043b\u044f \u043b\u0435\u0447\u0435\u043d\u0438\u044f \u043a\u0438\u0448\u0435\u0447\u043d\u043e\u0433\u043e \u043a\u043e\u043a\u0446\u0438\u0434\u0438\u043e\u0437\u0430, \u0432\u044b\u0437\u0432\u0430\u043d\u043d\u043e\u0433\u043e Eimeria spp., \u0432\u043e\u0441\u043f\u0440\u0438\u0438\u043c\u0447\u0438\u0432\u044b\u043c\u0438 \u043a Amprolium, \u0443 \u043a\u0443\u0440 (\u0431\u0440\u043e\u0439\u043b\u0435\u0440\u043e\u0432, \u043c\u043e\u043b\u043e\u0434\u043e\u043a, \u043d\u0435\u0441\u0443\u0448\u0435\u043a \u0438 \u043f\u043b\u0435\u043c\u0435\u043d\u043d\u044b\u0445 \u043f\u0442\u0438\u0446) \u0438 \u0438\u043d\u0434\u0435\u0435\u043a.<\/p>\n<p data-start=\"843\" data-end=\"907\"><strong data-start=\"843\" data-end=\"856\">\u0417\u0430\u043f\u0440\u0435\u0442\u044b<\/strong><br data-start=\"856\" data-end=\"859\" \/>\u041f\u0440\u0435\u043f\u0430\u0440\u0430\u0442 \u043d\u0435 \u0441\u043b\u0435\u0434\u0443\u0435\u0442 \u043f\u0440\u0438\u043c\u0435\u043d\u044f\u0442\u044c \u0432 \u043f\u0440\u043e\u0444\u0438\u043b\u0430\u043a\u0442\u0438\u0447\u0435\u0441\u043a\u0438\u0445 \u0446\u0435\u043b\u044f\u0445.<\/p>\n<p data-start=\"909\" data-end=\"927\"><strong data-start=\"909\" data-end=\"925\">\u041f\u043e\u0431\u043e\u0447\u043d\u044b\u0435 \u044d\u0444\u0444\u0435\u043a\u0442\u044b<\/strong><\/p>\n<ul data-start=\"928\" data-end=\"1662\">\n<li data-start=\"928\" data-end=\"1015\">\n<p data-start=\"930\" data-end=\"1015\">\u041f\u0435\u0440\u0435\u0434\u043e\u0437\u0438\u0440\u043e\u0432\u043a\u0430 \u043c\u043e\u0436\u0435\u0442 \u0432\u044b\u0437\u0432\u0430\u0442\u044c \u043f\u043e\u0442\u0435\u0440\u044e \u0432\u0435\u0441\u0430 \u0438 \u043f\u043e\u043b\u0438\u043d\u0435\u0432\u0440\u0438\u0442 \u0443 \u0431\u0440\u043e\u0439\u043b\u0435\u0440\u043e\u0432.<\/p>\n<\/li>\n<li data-start=\"1016\" data-end=\"1180\">\n<p data-start=\"1018\" data-end=\"1180\">\u0414\u043b\u0438\u0442\u0435\u043b\u044c\u043d\u044b\u0439 \u043f\u0440\u0438\u0435\u043c \u0432\u044b\u0441\u043e\u043a\u0438\u0445 \u0434\u043e\u0437 \u043c\u043e\u0436\u0435\u0442 \u043f\u0440\u0438\u0432\u0435\u0441\u0442\u0438 \u043a \u0434\u0435\u0444\u0438\u0446\u0438\u0442\u0443 \u0442\u0438\u0430\u043c\u0438\u043d\u0430 (\u0430\u043d\u043e\u0440\u0435\u043a\u0441\u0438\u044f, \u0434\u0435\u043f\u0440\u0435\u0441\u0441\u0438\u044f, \u0443\u0441\u0442\u0430\u043b\u043e\u0441\u0442\u044c, \u0434\u0438\u0430\u0440\u0435\u044f), \u0430 \u0432 \u0442\u044f\u0436\u0435\u043b\u044b\u0445 \u0441\u043b\u0443\u0447\u0430\u044f\u0445 \u2014 \u043a \u043d\u0435\u0432\u0440\u043e\u043b\u043e\u0433\u0438\u0447\u0435\u0441\u043a\u0438\u043c \u0441\u0438\u043c\u043f\u0442\u043e\u043c\u0430\u043c.<\/p>\n<\/li>\n<li data-start=\"1181\" data-end=\"1273\">\n<p data-start=\"1183\" data-end=\"1273\">\u0412 \u0441\u043b\u0443\u0447\u0430\u0435 \u043f\u0435\u0440\u0435\u0434\u043e\u0437\u0438\u0440\u043e\u0432\u043a\u0438 \u0442\u0438\u0430\u043c\u0438\u043d \u0441\u043b\u0435\u0434\u0443\u0435\u0442 \u0432\u0432\u043e\u0434\u0438\u0442\u044c \u043f\u0430\u0440\u0435\u043d\u0442\u0435\u0440\u0430\u043b\u044c\u043d\u043e \u0438\u043b\u0438 \u043f\u0435\u0440\u043e\u0440\u0430\u043b\u044c\u043d\u043e.<\/p>\n<\/li>\n<li data-start=\"1274\" data-end=\"1350\">\n<p data-start=\"1276\" data-end=\"1350\">\u0414\u043b\u0438\u0442\u0435\u043b\u044c\u043d\u043e\u0435 \u0438 \u0447\u0430\u0441\u0442\u043e\u0435 \u043f\u0440\u0438\u043c\u0435\u043d\u0435\u043d\u0438\u0435 \u043c\u043e\u0436\u0435\u0442 \u043f\u0440\u0438\u0432\u0435\u0441\u0442\u0438 \u043a \u0440\u0430\u0437\u0432\u0438\u0442\u0438\u044e \u043b\u0435\u043a\u0430\u0440\u0441\u0442\u0432\u0435\u043d\u043d\u043e\u0439 \u0443\u0441\u0442\u043e\u0439\u0447\u0438\u0432\u043e\u0441\u0442\u0438.<\/p>\n<\/li>\n<li data-start=\"1351\" data-end=\"1459\">\n<p data-start=\"1353\" data-end=\"1459\">\u041e\u0434\u043d\u043e\u0432\u0440\u0435\u043c\u0435\u043d\u043d\u044b\u0439 \u043f\u0440\u0438\u0435\u043c \u0441 \u043f\u0440\u0435\u043f\u0430\u0440\u0430\u0442\u0430\u043c\u0438, \u0441\u043e\u0434\u0435\u0440\u0436\u0430\u0449\u0438\u043c\u0438 \u0432\u0438\u0442\u0430\u043c\u0438\u043d\u044b \u0433\u0440\u0443\u043f\u043f\u044b \u0412, \u043c\u043e\u0436\u0435\u0442 \u0441\u043d\u0438\u0437\u0438\u0442\u044c \u044d\u0444\u0444\u0435\u043a\u0442\u0438\u0432\u043d\u043e\u0441\u0442\u044c \u0410\u043c\u043f\u0440\u043e\u043b\u0438\u0443\u043c\u0430.<\/p>\n<\/li>\n<li data-start=\"1460\" data-end=\"1589\">\n<p data-start=\"1462\" data-end=\"1589\">\u041f\u043e\u0441\u043b\u0435 \u043e\u043a\u043e\u043d\u0447\u0430\u043d\u0438\u044f \u043b\u0435\u0447\u0435\u043d\u0438\u044f \u043d\u0435\u043e\u0431\u0445\u043e\u0434\u0438\u043c\u043e \u043e\u0447\u0438\u0441\u0442\u0438\u0442\u044c \u0441\u0438\u0441\u0442\u0435\u043c\u0443 \u0432\u043e\u0434\u043e\u0441\u043d\u0430\u0431\u0436\u0435\u043d\u0438\u044f, \u0447\u0442\u043e\u0431\u044b \u043d\u0435 \u0434\u043e\u043f\u0443\u0441\u0442\u0438\u0442\u044c \u043f\u043e\u043f\u0430\u0434\u0430\u043d\u0438\u044f \u0441\u0443\u0431\u0442\u0435\u0440\u0430\u043f\u0435\u0432\u0442\u0438\u0447\u0435\u0441\u043a\u0438\u0445 \u0434\u043e\u0437 \u0434\u0435\u0439\u0441\u0442\u0432\u0443\u044e\u0449\u0435\u0433\u043e \u0432\u0435\u0449\u0435\u0441\u0442\u0432\u0430.<\/p>\n<\/li>\n<li data-start=\"1590\" data-end=\"1662\">\n<p data-start=\"1592\" data-end=\"1662\">\u041f\u0440\u043e\u0434\u0443\u043a\u0442 \u043d\u0435 \u0441\u043b\u0435\u0434\u0443\u0435\u0442 \u0438\u0441\u043f\u043e\u043b\u044c\u0437\u043e\u0432\u0430\u0442\u044c \u0432 \u043a\u043e\u043d\u0442\u0430\u043a\u0442\u0435 \u0441 \u043c\u0435\u0442\u0430\u043b\u043b\u0438\u0447\u0435\u0441\u043a\u0438\u043c\u0438 \u0442\u0440\u0443\u0431\u0430\u043c\u0438 \u0438\u043b\u0438 \u0435\u043c\u043a\u043e\u0441\u0442\u044f\u043c\u0438.<\/p>\n<\/li>\n<\/ul>\n<p data-start=\"1664\" data-end=\"1675\"><strong data-start=\"1664\" data-end=\"1673\">\u0414\u043e\u0437\u0438\u0440\u043e\u0432\u043a\u0430<\/strong><\/p>\n<ul data-start=\"1676\" data-end=\"1907\">\n<li data-start=\"1676\" data-end=\"1725\">\n<p data-start=\"1678\" data-end=\"1725\">\u041f\u0440\u0435\u043f\u0430\u0440\u0430\u0442 \u043f\u0440\u0438\u043d\u0438\u043c\u0430\u044e\u0442 \u0432\u043d\u0443\u0442\u0440\u044c, \u0437\u0430\u043f\u0438\u0432\u0430\u044f \u0432\u043e\u0434\u043e\u0439.<\/p>\n<\/li>\n<li data-start=\"1726\" data-end=\"1788\">\n<p data-start=\"1728\" data-end=\"1788\">\u041e\u0431\u0449\u0430\u044f \u0434\u043e\u0437\u0438\u0440\u043e\u0432\u043a\u0430: 20 \u043c\u0433\/\u043a\u0433 \u043c\u0430\u0441\u0441\u044b \u0442\u0435\u043b\u0430 \u0432 \u0441\u0443\u0442\u043a\u0438 \u0432 \u0442\u0435\u0447\u0435\u043d\u0438\u0435 5\u20137 \u0434\u043d\u0435\u0439.<\/p>\n<\/li>\n<li data-start=\"1789\" data-end=\"1847\">\n<p data-start=\"1791\" data-end=\"1847\">\u0412\u043e \u0432\u0440\u0435\u043c\u044f \u043b\u0435\u0447\u0435\u043d\u0438\u044f \u043d\u0435 \u0434\u043e\u043b\u0436\u043d\u043e \u0431\u044b\u0442\u044c \u043d\u0438\u043a\u0430\u043a\u0438\u0445 \u0434\u0440\u0443\u0433\u0438\u0445 \u0438\u0441\u0442\u043e\u0447\u043d\u0438\u043a\u043e\u0432 \u0432\u043e\u0434\u044b.<\/p>\n<\/li>\n<li data-start=\"1848\" data-end=\"1907\">\n<p data-start=\"1850\" data-end=\"1907\">\u041b\u0435\u043a\u0430\u0440\u0441\u0442\u0432\u0435\u043d\u043d\u0443\u044e \u043f\u0438\u0442\u044c\u0435\u0432\u0443\u044e \u0432\u043e\u0434\u0443 \u0441\u043b\u0435\u0434\u0443\u0435\u0442 \u043c\u0435\u043d\u044f\u0442\u044c \u043a\u0430\u0436\u0434\u044b\u0435 24 \u0447\u0430\u0441\u0430.<\/p>\n<\/li>\n<\/ul>\n<p data-start=\"1909\" data-end=\"2046\">\u0420\u0430\u0441\u0447\u0435\u0442 \u0441\u0443\u0442\u043e\u0447\u043d\u043e\u0439 \u043f\u043e\u0442\u0440\u0435\u0431\u043d\u043e\u0441\u0442\u0438 \u043f\u0440\u043e\u0434\u0443\u043a\u0442\u0430 (\u043c\u043b):<br data-start=\"1964\" data-end=\"1967\" \/><strong data-start=\"1967\" data-end=\"2046\">\u041e\u0431\u0449\u0435\u0435 \u043a\u043e\u043b\u0438\u0447\u0435\u0441\u0442\u0432\u043e \u043f\u0442\u0438\u0446 \u00d7 \u0441\u0440\u0435\u0434\u043d\u044f\u044f \u043c\u0430\u0441\u0441\u0430 \u0442\u0435\u043b\u0430 (\u043a\u0433) \u00d7 0,05 = \u0441\u0443\u0442\u043e\u0447\u043d\u044b\u0439 \u043e\u0431\u044a\u0435\u043c \u043f\u0440\u043e\u0438\u0437\u0432\u043e\u0434\u0441\u0442\u0432\u0430 (\u043c\u043b)<\/strong><\/p>\n<p data-start=\"2048\" data-end=\"2072\"><strong data-start=\"2048\" data-end=\"2070\">\u041f\u0435\u0440\u0438\u043e\u0434\u044b \u043e\u0436\u0438\u0434\u0430\u043d\u0438\u044f<\/strong><\/p>\n<ul data-start=\"2073\" data-end=\"2148\">\n<li data-start=\"2073\" data-end=\"2129\">\n<p data-start=\"2075\" data-end=\"2129\">\u0412 \u043c\u044f\u0441\u0435 \u0438 \u0441\u0443\u0431\u043f\u0440\u043e\u0434\u0443\u043a\u0442\u0430\u0445 \u043a\u0443\u0440\u0438\u0446\u044b \u0438 \u0438\u043d\u0434\u0435\u0439\u043a\u0438: 0 \u0434\u043d\u0435\u0439<\/p>\n<\/li>\n<li data-start=\"2130\" data-end=\"2148\">\n<p data-start=\"2132\" data-end=\"2148\">\u0412 \u044f\u0439\u0446\u0435: 0 \u0434\u043d\u0435\u0439<\/p>\n<\/li>\n<\/ul>\n<p data-start=\"2150\" data-end=\"2201\"><strong data-start=\"2150\" data-end=\"2165\">\u0423\u043f\u0430\u043a\u043e\u0432\u043a\u0430<\/strong><br data-start=\"2165\" data-end=\"2168\" \/>\u0421\u0442\u0435\u043a\u043b\u044f\u043d\u043d\u044b\u0435 \u0431\u0443\u0442\u044b\u043b\u043a\u0438 500 \u043c\u043b \u0438 1000 \u043c\u043b<\/p>\n<\/div>\n<p><!-- .vgblk-rw-wrapper --><\/p>","protected":false},"excerpt":{"rendered":"<p>Amprolium 40% Oral M\u0259hlulu T\u0259rkibiH\u0259r 1 ml-d\u0259:Amprolium (hidroxlorid \u015f\u0259klind\u0259) \u2013 400 mg T\u0259sviriAmprolium tiamin (B1 vitamini) analoqlar\u0131 ail\u0259sin\u0259 aid olan anticoccidial (koktsidioz \u0259leyhin\u0259) d\u0259rmand\u0131r. O, Eimeria spp. cinsinin tiamin n\u0259qli mexanizml\u0259rind\u0259 tiaminin r\u0259qab\u0259tli antagonisti kimi t\u0259sir g\u00f6st\u0259r\u0259r\u0259k, koktsidialar\u0131n \u00e7oxalmas\u0131 v\u0259 sa\u011f qalmas\u0131 \u00fc\u00e7\u00fcn laz\u0131m olan karbohidrat metabolizmas\u0131n\u0131 pozur. Amprolium q\u0259bul ed\u0259n koktsidiyalar tiamin \u00e7at\u0131\u015fmazl\u0131\u011f\u0131 s\u0259b\u0259bind\u0259n&#8230;<\/p>","protected":false},"featured_media":989230,"comment_status":"closed","ping_status":"closed","template":"","meta":{"nf_dc_page":"","_monsterinsights_skip_tracking":false,"_monsterinsights_sitenote_active":false,"_monsterinsights_sitenote_note":"","_monsterinsights_sitenote_category":0},"product_brand":[],"product_cat":[68],"product_tag":[],"class_list":{"0":"post-989229","1":"product","2":"type-product","3":"status-publish","4":"has-post-thumbnail","6":"product_cat-poultry","8":"first","9":"instock","10":"shipping-taxable","11":"product-type-simple"},"jetpack_sharing_enabled":true,"_links":{"self":[{"href":"https:\/\/agrovetazerbaijan.az\/ru\/wp-json\/wp\/v2\/product\/989229","targetHints":{"allow":["GET"]}}],"collection":[{"href":"https:\/\/agrovetazerbaijan.az\/ru\/wp-json\/wp\/v2\/product"}],"about":[{"href":"https:\/\/agrovetazerbaijan.az\/ru\/wp-json\/wp\/v2\/types\/product"}],"replies":[{"embeddable":true,"href":"https:\/\/agrovetazerbaijan.az\/ru\/wp-json\/wp\/v2\/comments?post=989229"}],"version-history":[{"count":3,"href":"https:\/\/agrovetazerbaijan.az\/ru\/wp-json\/wp\/v2\/product\/989229\/revisions"}],"predecessor-version":[{"id":989992,"href":"https:\/\/agrovetazerbaijan.az\/ru\/wp-json\/wp\/v2\/product\/989229\/revisions\/989992"}],"wp:featuredmedia":[{"embeddable":true,"href":"https:\/\/agrovetazerbaijan.az\/ru\/wp-json\/wp\/v2\/media\/989230"}],"wp:attachment":[{"href":"https:\/\/agrovetazerbaijan.az\/ru\/wp-json\/wp\/v2\/media?parent=989229"}],"wp:term":[{"taxonomy":"product_brand","embeddable":true,"href":"https:\/\/agrovetazerbaijan.az\/ru\/wp-json\/wp\/v2\/product_brand?post=989229"},{"taxonomy":"product_cat","embeddable":true,"href":"https:\/\/agrovetazerbaijan.az\/ru\/wp-json\/wp\/v2\/product_cat?post=989229"},{"taxonomy":"product_tag","embeddable":true,"href":"https:\/\/agrovetazerbaijan.az\/ru\/wp-json\/wp\/v2\/product_tag?post=989229"}],"curies":[{"name":"WP","href":"https:\/\/api.w.org\/{rel}","templated":true}]}}