{"id":989226,"date":"2025-03-23T15:40:04","date_gmt":"2025-03-23T15:40:04","guid":{"rendered":"https:\/\/agrovetazerbaijan.az\/?post_type=product&#038;p=989226"},"modified":"2025-07-28T10:51:29","modified_gmt":"2025-07-28T10:51:29","slug":"albenol-25-oral","status":"publish","type":"product","link":"https:\/\/agrovetazerbaijan.az\/ru\/product\/albenol-25-oral\/","title":{"rendered":"\u0410\u043b\u044c\u0431\u0435\u043d\u043e\u043b-25 \u041e\u0440\u0430\u043b\u044c\u043d\u044b\u0439"},"content":{"rendered":"<div class=\"vgblk-rw-wrapper limit-wrapper\">\n<h1 data-start=\"89\" data-end=\"122\">\u0410\u043b\u044c\u0431\u0435\u043d\u0434\u0430\u0437\u043e\u043b 2.5% \u043f\u0435\u0440\u043e\u0440\u0430\u043b\u044c\u043d\u044b\u0439 \u0440\u0430\u0441\u0442\u0432\u043e\u0440<\/h1>\n<hr data-start=\"124\" data-end=\"127\" \/>\n<h3 data-start=\"129\" data-end=\"142\">\u0418\u043d\u0433\u0440\u0435\u0434\u0438\u0435\u043d\u0442\u044b<\/h3>\n<ul data-start=\"143\" data-end=\"181\">\n<li data-start=\"143\" data-end=\"181\">\n<p data-start=\"145\" data-end=\"181\">\u0412 \u043a\u0430\u0436\u0434\u043e\u043c 1 \u043c\u043b:<br data-start=\"157\" data-end=\"160\" \/>\u0410\u043b\u044c\u0431\u0435\u043d\u0434\u0430\u0437\u043e\u043b \u2013 25 \u043c\u0433<\/p>\n<\/li>\n<\/ul>\n<hr data-start=\"183\" data-end=\"186\" \/>\n<h3 data-start=\"188\" data-end=\"201\">\u041e\u043f\u0438\u0441\u0430\u043d\u0438\u0435<\/h3>\n<p data-start=\"202\" data-end=\"400\">\u0410\u043b\u044c\u0431\u0435\u043d\u0434\u0430\u0437\u043e\u043b \u2014 \u0441\u0438\u043d\u0442\u0435\u0442\u0438\u0447\u0435\u0441\u043a\u0438\u0439 \u0430\u043d\u0442\u0438\u0433\u0435\u043b\u044c\u043c\u0438\u043d\u0442\u0438\u043a, \u043e\u0442\u043d\u043e\u0441\u0438\u0442\u0441\u044f \u043a \u043f\u0440\u043e\u0438\u0437\u0432\u043e\u0434\u043d\u044b\u043c \u0431\u0435\u043d\u0437\u0438\u043c\u0438\u0434\u0430\u0437\u043e\u043b\u0430. \u041e\u0431\u043b\u0430\u0434\u0430\u0435\u0442 \u0448\u0438\u0440\u043e\u043a\u0438\u043c \u0441\u043f\u0435\u043a\u0442\u0440\u043e\u043c \u0430\u043d\u0442\u0438\u0433\u0435\u043b\u044c\u043c\u0438\u043d\u0442\u043d\u043e\u0439 \u0430\u043a\u0442\u0438\u0432\u043d\u043e\u0441\u0442\u0438, \u0430 \u0432 \u0432\u044b\u0441\u043e\u043a\u0438\u0445 \u0434\u043e\u0437\u0430\u0445 \u044d\u0444\u0444\u0435\u043a\u0442\u0438\u0432\u0435\u043d \u0442\u0430\u043a\u0436\u0435 \u043f\u0440\u043e\u0442\u0438\u0432 \u0432\u0437\u0440\u043e\u0441\u043b\u044b\u0445 \u0441\u0442\u0430\u0434\u0438\u0439 \u043f\u0435\u0447\u0435\u043d\u043e\u0447\u043d\u044b\u0445 \u0441\u043e\u0441\u0430\u043b\u044c\u0449\u0438\u043a\u043e\u0432.<\/p>\n<hr data-start=\"402\" data-end=\"405\" \/>\n<h3 data-start=\"407\" data-end=\"434\">\u0418\u043d\u0441\u0442\u0440\u0443\u043a\u0446\u0438\u044f \u043f\u043e \u043f\u0440\u0438\u043c\u0435\u043d\u0435\u043d\u0438\u044e<\/h3>\n<p data-start=\"435\" data-end=\"541\">\u041f\u0440\u0438\u043c\u0435\u043d\u044f\u0435\u0442\u0441\u044f \u0434\u043b\u044f \u043f\u0440\u043e\u0444\u0438\u043b\u0430\u043a\u0442\u0438\u043a\u0438 \u0438 \u043b\u0435\u0447\u0435\u043d\u0438\u044f \u0433\u0435\u043b\u044c\u043c\u0438\u043d\u0442\u043e\u0437\u043e\u0432 \u0443 \u043a\u043e\u0440\u043e\u0432, \u0442\u0435\u043b\u044f\u0442, \u043e\u0432\u0435\u0446 \u0438 \u043a\u043e\u0437.<\/p>\n<ul data-start=\"542\" data-end=\"895\">\n<li data-start=\"542\" data-end=\"751\">\n<p data-start=\"544\" data-end=\"751\">\u0416\u0435\u043b\u0443\u0434\u043e\u0447\u043d\u043e-\u043a\u0438\u0448\u0435\u0447\u043d\u044b\u0435 \u0447\u0435\u0440\u0432\u0438: <em data-start=\"568\" data-end=\"585\">\u0411\u0443\u043d\u043e\u0441\u0442\u043e\u043c\u0443\u043c spp.<\/em>, <em data-start=\"587\" data-end=\"602\">Cooperia spp.<\/em>, <em data-start=\"604\" data-end=\"620\">\u0427\u0430\u0431\u0435\u0440\u0442\u0438\u044f spp.<\/em>, <em data-start=\"622\" data-end=\"639\">\u0420\u043e\u0434 Haemonchus.<\/em>, <em data-start=\"641\" data-end=\"659\">\u041d\u0435\u043c\u0430\u0442\u043e\u0434\u0438\u0440\u0443\u0441 spp.<\/em>, <em data-start=\"661\" data-end=\"683\">Oesophagostomum spp.<\/em>, <em data-start=\"685\" data-end=\"702\">\u041e\u0441\u0442\u0435\u0440\u0442\u0430\u0433\u0438\u044f spp.<\/em>, <em data-start=\"704\" data-end=\"724\">Strongyloides spp.<\/em>, <em data-start=\"726\" data-end=\"749\">Trichostrongylus spp.<\/em><\/p>\n<\/li>\n<li data-start=\"752\" data-end=\"814\">\n<p data-start=\"754\" data-end=\"814\">\u041b\u0435\u0433\u043e\u0447\u043d\u044b\u0435 \u0447\u0435\u0440\u0432\u0438: <em data-start=\"772\" data-end=\"796\">\u0414\u0438\u043a\u0442\u0438\u043e\u043a\u0430\u0443\u043b\u0443\u0441 \u0436\u0438\u0432\u043e\u0440\u043e\u0434\u044f\u0449\u0438\u0439<\/em> \u0438 <em data-start=\"800\" data-end=\"812\">D. \u0444\u0438\u043b\u044f\u0440\u0438\u0438<\/em><\/p>\n<\/li>\n<li data-start=\"815\" data-end=\"849\">\n<p data-start=\"817\" data-end=\"849\">\u0427\u0435\u0440\u0432\u0438-\u0441\u043e\u0432\u043a\u0438: <em data-start=\"833\" data-end=\"847\">Monieza spp.<\/em><\/p>\n<\/li>\n<li data-start=\"850\" data-end=\"895\">\n<p data-start=\"852\" data-end=\"895\">\u041f\u0435\u0447\u0435\u043d\u043e\u0447\u043d\u044b\u0439 \u0447\u0435\u0440\u0432\u044c: \u0432\u0437\u0440\u043e\u0441\u043b\u044b\u0439 <em data-start=\"876\" data-end=\"895\">Fasciola hepatica<\/em><\/p>\n<\/li>\n<\/ul>\n<hr data-start=\"897\" data-end=\"900\" \/>\n<h3 data-start=\"902\" data-end=\"917\">\u0417\u0430\u043f\u0440\u0435\u0442\u044b<\/h3>\n<ul data-start=\"918\" data-end=\"968\">\n<li data-start=\"918\" data-end=\"968\">\n<p data-start=\"920\" data-end=\"968\">\u041f\u0440\u0435\u043f\u0430\u0440\u0430\u0442 \u043d\u0435 \u0441\u043b\u0435\u0434\u0443\u0435\u0442 \u043f\u0440\u0438\u043c\u0435\u043d\u044f\u0442\u044c \u0432 \u043f\u0435\u0440\u0432\u044b\u0435 45 \u0434\u043d\u0435\u0439 \u0431\u0435\u0440\u0435\u043c\u0435\u043d\u043d\u043e\u0441\u0442\u0438.<\/p>\n<\/li>\n<\/ul>\n<hr data-start=\"970\" data-end=\"973\" \/>\n<h3 data-start=\"975\" data-end=\"993\">\u041f\u043e\u0431\u043e\u0447\u043d\u044b\u0435 \u044d\u0444\u0444\u0435\u043a\u0442\u044b<\/h3>\n<ul data-start=\"994\" data-end=\"1029\">\n<li data-start=\"994\" data-end=\"1029\">\n<p data-start=\"996\" data-end=\"1029\">\u0412\u043e\u0437\u043c\u043e\u0436\u043d\u044b \u0440\u0435\u0430\u043a\u0446\u0438\u0438 \u0433\u0438\u043f\u0435\u0440\u0447\u0443\u0432\u0441\u0442\u0432\u0438\u0442\u0435\u043b\u044c\u043d\u043e\u0441\u0442\u0438.<\/p>\n<\/li>\n<\/ul>\n<hr data-start=\"1031\" data-end=\"1034\" \/>\n<h3 data-start=\"1036\" data-end=\"1047\">\u0414\u043e\u0437\u0438\u0440\u043e\u0432\u043a\u0430<\/h3>\n<ul data-start=\"1048\" data-end=\"1289\">\n<li data-start=\"1048\" data-end=\"1080\">\n<p data-start=\"1050\" data-end=\"1080\">\u041f\u0440\u0435\u043f\u0430\u0440\u0430\u0442 \u043f\u0440\u0438\u043d\u0438\u043c\u0430\u0435\u0442\u0441\u044f \u043f\u0435\u0440\u043e\u0440\u0430\u043b\u044c\u043d\u043e.<\/p>\n<\/li>\n<li data-start=\"1081\" data-end=\"1129\">\n<p data-start=\"1083\" data-end=\"1129\">\u041a\u043e\u0440\u043e\u0432\u044b \u0438 \u0442\u0435\u043b\u044f\u0442\u0430: 1 \u043c\u043b \u043d\u0430 3 \u043a\u0433 \u043c\u0430\u0441\u0441\u044b \u0442\u0435\u043b\u0430.<\/p>\n<\/li>\n<li data-start=\"1130\" data-end=\"1186\">\n<p data-start=\"1132\" data-end=\"1186\">\u041f\u0440\u0438 \u043f\u0435\u0447\u0435\u043d\u043e\u0447\u043d\u044b\u0445 \u0441\u043e\u0441\u0430\u043b\u044c\u0449\u0438\u043a\u0430\u0445: 1 \u043c\u043b \u043d\u0430 2,5 \u043a\u0433 \u043c\u0430\u0441\u0441\u044b \u0442\u0435\u043b\u0430.<\/p>\n<\/li>\n<li data-start=\"1187\" data-end=\"1234\">\n<p data-start=\"1189\" data-end=\"1234\">\u041e\u0432\u0446\u044b \u0438 \u043a\u043e\u0437\u044b: 1 \u043c\u043b \u043d\u0430 5 \u043a\u0433 \u043c\u0430\u0441\u0441\u044b \u0442\u0435\u043b\u0430.<\/p>\n<\/li>\n<li data-start=\"1235\" data-end=\"1289\">\n<p data-start=\"1237\" data-end=\"1289\">\u041f\u0440\u0438 \u043f\u0435\u0447\u0435\u043d\u043e\u0447\u043d\u044b\u0445 \u0441\u043e\u0441\u0430\u043b\u044c\u0449\u0438\u043a\u0430\u0445: 1 \u043c\u043b \u043d\u0430 3 \u043a\u0433 \u043c\u0430\u0441\u0441\u044b \u0442\u0435\u043b\u0430.<\/p>\n<\/li>\n<\/ul>\n<p data-start=\"1291\" data-end=\"1328\">\u041f\u0435\u0440\u0435\u0434 \u0438\u0441\u043f\u043e\u043b\u044c\u0437\u043e\u0432\u0430\u043d\u0438\u0435\u043c \u0442\u0449\u0430\u0442\u0435\u043b\u044c\u043d\u043e \u0432\u0441\u0442\u0440\u044f\u0445\u043d\u0438\u0442\u0435.<\/p>\n<hr data-start=\"1330\" data-end=\"1333\" \/>\n<h3 data-start=\"1335\" data-end=\"1359\">\u041f\u0435\u0440\u0438\u043e\u0434\u044b \u043e\u0436\u0438\u0434\u0430\u043d\u0438\u044f<\/h3>\n<ul data-start=\"1360\" data-end=\"1397\">\n<li data-start=\"1360\" data-end=\"1379\">\n<p data-start=\"1362\" data-end=\"1379\">\u0414\u043b\u044f \u043c\u044f\u0441\u0430: 12 \u0434\u043d\u0435\u0439<\/p>\n<\/li>\n<li data-start=\"1380\" data-end=\"1397\">\n<p data-start=\"1382\" data-end=\"1397\">\u0414\u043b\u044f \u043c\u043e\u043b\u043e\u043a\u0430: 4 \u0434\u043d\u044f<\/p>\n<\/li>\n<\/ul>\n<hr data-start=\"1399\" data-end=\"1402\" \/>\n<h3 data-start=\"1404\" data-end=\"1421\">\u0423\u043f\u0430\u043a\u043e\u0432\u043a\u0430<\/h3>\n<ul data-start=\"1422\" data-end=\"1453\">\n<li data-start=\"1422\" data-end=\"1453\">\n<p data-start=\"1424\" data-end=\"1453\">\u041a\u0430\u043d\u0438\u0441\u0442\u0440\u044b 500 \u043c\u043b \u0438 1000 \u043c\u043b<\/p>\n<\/li>\n<\/ul>\n<\/div>\n<p><!-- .vgblk-rw-wrapper --><\/p>","protected":false},"excerpt":{"rendered":"<p>Albendazole 2.5% Oral M\u0259hlulu T\u0259rkibi H\u0259r 1 ml-d\u0259:Albendazole \u2013 25 mg T\u0259sviri Albendazole sintetik anthelmintikdir v\u0259 benzimidazol t\u00f6r\u0259m\u0259l\u0259rin\u0259 aiddir. Geni\u015f spektrli qurd \u0259leyhin\u0259 t\u0259siri var v\u0259 y\u00fcks\u0259k dozada qaraciy\u0259r qurdlar\u0131n\u0131n yetkin m\u0259rh\u0259l\u0259l\u0259rin\u0259 qar\u015f\u0131 da t\u0259sir g\u00f6st\u0259rir. \u0130stifad\u0259 G\u00f6st\u0259ri\u015fl\u0259ri \u0130n\u0259k, buza\u011f\u0131, qoyun v\u0259 ke\u00e7il\u0259rd\u0259 qurd infeksiyalar\u0131n\u0131n profilaktikas\u0131 v\u0259 m\u00fcalic\u0259si \u00fc\u00e7\u00fcn istifad\u0259 olunur. M\u0259d\u0259-ba\u011f\u0131rsaq qurdlar\u0131: Bunostomum spp.,&#8230;<\/p>","protected":false},"featured_media":989227,"comment_status":"closed","ping_status":"closed","template":"","meta":{"nf_dc_page":"","_monsterinsights_skip_tracking":false,"_monsterinsights_sitenote_active":false,"_monsterinsights_sitenote_note":"","_monsterinsights_sitenote_category":0},"product_brand":[],"product_cat":[108,251,114],"product_tag":[],"class_list":{"0":"post-989226","1":"product","2":"type-product","3":"status-publish","4":"has-post-thumbnail","6":"product_cat-cow","7":"product_cat-veterinary-products","8":"product_cat-sheep","10":"first","11":"instock","12":"shipping-taxable","13":"product-type-simple"},"jetpack_sharing_enabled":true,"_links":{"self":[{"href":"https:\/\/agrovetazerbaijan.az\/ru\/wp-json\/wp\/v2\/product\/989226","targetHints":{"allow":["GET"]}}],"collection":[{"href":"https:\/\/agrovetazerbaijan.az\/ru\/wp-json\/wp\/v2\/product"}],"about":[{"href":"https:\/\/agrovetazerbaijan.az\/ru\/wp-json\/wp\/v2\/types\/product"}],"replies":[{"embeddable":true,"href":"https:\/\/agrovetazerbaijan.az\/ru\/wp-json\/wp\/v2\/comments?post=989226"}],"version-history":[{"count":2,"href":"https:\/\/agrovetazerbaijan.az\/ru\/wp-json\/wp\/v2\/product\/989226\/revisions"}],"predecessor-version":[{"id":989728,"href":"https:\/\/agrovetazerbaijan.az\/ru\/wp-json\/wp\/v2\/product\/989226\/revisions\/989728"}],"wp:featuredmedia":[{"embeddable":true,"href":"https:\/\/agrovetazerbaijan.az\/ru\/wp-json\/wp\/v2\/media\/989227"}],"wp:attachment":[{"href":"https:\/\/agrovetazerbaijan.az\/ru\/wp-json\/wp\/v2\/media?parent=989226"}],"wp:term":[{"taxonomy":"product_brand","embeddable":true,"href":"https:\/\/agrovetazerbaijan.az\/ru\/wp-json\/wp\/v2\/product_brand?post=989226"},{"taxonomy":"product_cat","embeddable":true,"href":"https:\/\/agrovetazerbaijan.az\/ru\/wp-json\/wp\/v2\/product_cat?post=989226"},{"taxonomy":"product_tag","embeddable":true,"href":"https:\/\/agrovetazerbaijan.az\/ru\/wp-json\/wp\/v2\/product_tag?post=989226"}],"curies":[{"name":"WP","href":"https:\/\/api.w.org\/{rel}","templated":true}]}}