{"id":989223,"date":"2025-03-23T15:38:28","date_gmt":"2025-03-23T15:38:28","guid":{"rendered":"https:\/\/agrovetazerbaijan.az\/?post_type=product&#038;p=989223"},"modified":"2025-07-28T10:19:58","modified_gmt":"2025-07-28T10:19:58","slug":"albenol-100-oral","status":"publish","type":"product","link":"https:\/\/agrovetazerbaijan.az\/ru\/product\/albenol-100-oral\/","title":{"rendered":"\u0410\u043b\u044c\u0431\u0435\u043d\u043e\u043b-100 \u041e\u0440\u0430\u043b\u044c\u043d\u044b\u0439"},"content":{"rendered":"<div class=\"vgblk-rw-wrapper limit-wrapper\">\n<p data-start=\"117\" data-end=\"152\"><strong data-start=\"117\" data-end=\"152\">\u0410\u043b\u044c\u0431\u0435\u043d\u0434\u0430\u0437\u043e\u043b 10% \u043f\u0435\u0440\u043e\u0440\u0430\u043b\u044c\u043d\u0430\u044f \u0441\u0443\u0441\u043f\u0435\u043d\u0437\u0438\u044f<\/strong><\/p>\n<hr data-start=\"154\" data-end=\"157\" \/>\n<p data-start=\"159\" data-end=\"206\"><strong data-start=\"159\" data-end=\"171\">\u0418\u043d\u0433\u0440\u0435\u0434\u0438\u0435\u043d\u0442\u044b:<\/strong><br data-start=\"171\" data-end=\"174\" \/>\u0410\u043b\u044c\u0431\u0435\u043d\u0434\u0430\u0437\u043e\u043b \u0432 1 \u043c\u043b \u2013 100 \u043c\u0433.<\/p>\n<hr data-start=\"208\" data-end=\"211\" \/>\n<p data-start=\"213\" data-end=\"410\"><strong data-start=\"213\" data-end=\"225\">\u041e\u043f\u0438\u0441\u0430\u043d\u0438\u0435:<\/strong><br data-start=\"225\" data-end=\"228\" \/>\u0410\u043b\u044c\u0431\u0435\u043d\u0434\u0430\u0437\u043e\u043b \u2014 \u0441\u0438\u043d\u0442\u0435\u0442\u0438\u0447\u0435\u0441\u043a\u0438\u0439 \u043f\u0440\u043e\u0442\u0438\u0432\u043e\u043f\u0430\u0440\u0430\u0437\u0438\u0442\u0430\u0440\u043d\u044b\u0439 \u043f\u0440\u0435\u043f\u0430\u0440\u0430\u0442. \u041e\u043d \u044d\u0444\u0444\u0435\u043a\u0442\u0438\u0432\u0435\u043d \u043f\u0440\u043e\u0442\u0438\u0432 \u0448\u0438\u0440\u043e\u043a\u043e\u0433\u043e \u0441\u043f\u0435\u043a\u0442\u0440\u0430 \u0433\u043b\u0438\u0441\u0442\u043d\u044b\u0445 \u0438\u043d\u0432\u0430\u0437\u0438\u0439, \u0430 \u0432 \u0432\u044b\u0441\u043e\u043a\u0438\u0445 \u0434\u043e\u0437\u0430\u0445 \u0442\u0430\u043a\u0436\u0435 \u044d\u0444\u0444\u0435\u043a\u0442\u0438\u0432\u0435\u043d \u043f\u0440\u043e\u0442\u0438\u0432 \u0432\u0437\u0440\u043e\u0441\u043b\u044b\u0445 \u0441\u0442\u0430\u0434\u0438\u0439 \u043f\u0435\u0447\u0435\u043d\u043e\u0447\u043d\u044b\u0445 \u0441\u043e\u0441\u0430\u043b\u044c\u0449\u0438\u043a\u043e\u0432.<\/p>\n<hr data-start=\"412\" data-end=\"415\" \/>\n<p data-start=\"417\" data-end=\"528\"><strong data-start=\"417\" data-end=\"437\">\u041e\u0431\u043b\u0430\u0441\u0442\u044c \u043f\u0440\u0438\u043c\u0435\u043d\u0435\u043d\u0438\u044f:<\/strong><br data-start=\"437\" data-end=\"440\" \/>\u0414\u043b\u044f \u043f\u0440\u043e\u0444\u0438\u043b\u0430\u043a\u0442\u0438\u043a\u0438 \u0438 \u043b\u0435\u0447\u0435\u043d\u0438\u044f \u0441\u043b\u0435\u0434\u0443\u044e\u0449\u0438\u0445 \u0433\u0435\u043b\u044c\u043c\u0438\u043d\u0442\u043e\u0437\u043e\u0432 \u0443 \u043a\u043e\u0440\u043e\u0432, \u0442\u0435\u043b\u044f\u0442, \u043e\u0432\u0435\u0446 \u0438 \u043a\u043e\u0437:<\/p>\n<ul data-start=\"529\" data-end=\"835\">\n<li data-start=\"529\" data-end=\"676\">\n<p data-start=\"531\" data-end=\"676\">\u0416\u0435\u043b\u0443\u0434\u043e\u0447\u043d\u043e-\u043a\u0438\u0448\u0435\u0447\u043d\u044b\u0435 \u0447\u0435\u0440\u0432\u0438: Bunostomum, Cooperia, Chabertia, Haemonchus, Nematodirus, Oesophagostomum, Ostertagia, Strongyloides, Trichostrongylus.<\/p>\n<\/li>\n<li data-start=\"677\" data-end=\"736\">\n<p data-start=\"679\" data-end=\"736\">\u041b\u0435\u0433\u043e\u0447\u043d\u044b\u0435 \u0447\u0435\u0440\u0432\u0438: Dictyocaulus viviparus \u0438 D. filaria.<\/p>\n<\/li>\n<li data-start=\"737\" data-end=\"787\">\n<p data-start=\"739\" data-end=\"787\">\u0413\u0443\u0441\u0435\u043d\u0438\u0446\u044b (\u0432\u043e\u0437\u0431\u0443\u0434\u0438\u0442\u0435\u043b\u0438): \u0432\u0438\u0434 Monieza.<\/p>\n<\/li>\n<li data-start=\"788\" data-end=\"835\">\n<p data-start=\"790\" data-end=\"835\">\u041f\u0435\u0447\u0435\u043d\u043e\u0447\u043d\u044b\u0435 \u0441\u043e\u0441\u0430\u043b\u044c\u0449\u0438\u043a\u0438: \u0432\u0437\u0440\u043e\u0441\u043b\u0430\u044f \u043e\u0441\u043e\u0431\u044c Fasciola hepatica.<\/p>\n<\/li>\n<\/ul>\n<hr data-start=\"837\" data-end=\"840\" \/>\n<p data-start=\"842\" data-end=\"909\"><strong data-start=\"842\" data-end=\"856\">\u0417\u0430\u043f\u0440\u0435\u0442\u044b:<\/strong><br data-start=\"856\" data-end=\"859\" \/>\u041f\u0440\u0435\u043f\u0430\u0440\u0430\u0442 \u043d\u0435 \u0441\u043b\u0435\u0434\u0443\u0435\u0442 \u043f\u0440\u0438\u043c\u0435\u043d\u044f\u0442\u044c \u0432 \u043f\u0435\u0440\u0432\u044b\u0435 45 \u0434\u043d\u0435\u0439 \u0431\u0435\u0440\u0435\u043c\u0435\u043d\u043d\u043e\u0441\u0442\u0438.<\/p>\n<hr data-start=\"911\" data-end=\"914\" \/>\n<p data-start=\"916\" data-end=\"973\"><strong data-start=\"916\" data-end=\"933\">\u041f\u043e\u0431\u043e\u0447\u043d\u044b\u0435 \u044d\u0444\u0444\u0435\u043a\u0442\u044b:<\/strong><br data-start=\"933\" data-end=\"936\" \/>\u0418\u043d\u043e\u0433\u0434\u0430 \u043c\u043e\u0433\u0443\u0442 \u0432\u043e\u0437\u043d\u0438\u043a\u043d\u0443\u0442\u044c \u0430\u043b\u043b\u0435\u0440\u0433\u0438\u0447\u0435\u0441\u043a\u0438\u0435 \u0440\u0435\u0430\u043a\u0446\u0438\u0438.<\/p>\n<hr data-start=\"975\" data-end=\"978\" \/>\n<p data-start=\"980\" data-end=\"1037\"><strong data-start=\"980\" data-end=\"1010\">\u0421\u043f\u043e\u0441\u043e\u0431 \u043f\u0440\u0438\u043c\u0435\u043d\u0435\u043d\u0438\u044f \u0438 \u0434\u043e\u0437\u0438\u0440\u043e\u0432\u043a\u0430:<\/strong><br data-start=\"1010\" data-end=\"1013\" \/>\u041f\u0440\u0438\u043c\u0435\u043d\u044f\u0435\u0442\u0441\u044f \u043f\u0435\u0440\u043e\u0440\u0430\u043b\u044c\u043d\u043e:<\/p>\n<ul data-start=\"1038\" data-end=\"1258\">\n<li data-start=\"1038\" data-end=\"1103\">\n<p data-start=\"1040\" data-end=\"1103\">\u041a\u043e\u0440\u043e\u0432\u0430\u043c \u0438 \u0442\u0435\u043b\u044f\u0442\u0430\u043c: 1 \u043c\u043b \u043f\u0440\u0435\u043f\u0430\u0440\u0430\u0442\u0430 \u043d\u0430 12 \u043a\u0433 \u043c\u0430\u0441\u0441\u044b \u0442\u0435\u043b\u0430.<\/p>\n<\/li>\n<li data-start=\"1104\" data-end=\"1159\">\n<p data-start=\"1106\" data-end=\"1159\">\u041f\u0440\u0438 \u043b\u0435\u0447\u0435\u043d\u0438\u0438 \u043f\u0435\u0447\u0435\u043d\u043e\u0447\u043d\u044b\u0445 \u0441\u043e\u0441\u0430\u043b\u044c\u0449\u0438\u043a\u043e\u0432: 1 \u043c\u043b \u043d\u0430 10 \u043a\u0433.<\/p>\n<\/li>\n<li data-start=\"1160\" data-end=\"1202\">\n<p data-start=\"1162\" data-end=\"1202\">\u0414\u043b\u044f \u043e\u0432\u0435\u0446 \u0438 \u043a\u043e\u0437: 1 \u043c\u043b \u043d\u0430 20 \u043a\u0433.<\/p>\n<\/li>\n<li data-start=\"1203\" data-end=\"1258\">\n<p data-start=\"1205\" data-end=\"1258\">\u041f\u0440\u0438 \u043b\u0435\u0447\u0435\u043d\u0438\u0438 \u043f\u0435\u0447\u0435\u043d\u043e\u0447\u043d\u044b\u0445 \u0441\u043e\u0441\u0430\u043b\u044c\u0449\u0438\u043a\u043e\u0432: 1 \u043c\u043b \u043d\u0430 12 \u043a\u0433.<\/p>\n<\/li>\n<\/ul>\n<p data-start=\"1260\" data-end=\"1297\">\u041f\u0435\u0440\u0435\u0434 \u0438\u0441\u043f\u043e\u043b\u044c\u0437\u043e\u0432\u0430\u043d\u0438\u0435\u043c \u0442\u0449\u0430\u0442\u0435\u043b\u044c\u043d\u043e \u0432\u0441\u0442\u0440\u044f\u0445\u043d\u0438\u0442\u0435.<\/p>\n<hr data-start=\"1299\" data-end=\"1302\" \/>\n<p data-start=\"1304\" data-end=\"1326\"><strong data-start=\"1304\" data-end=\"1324\">\u0412\u0440\u0435\u043c\u044f \u043e\u0436\u0438\u0434\u0430\u043d\u0438\u044f:<\/strong><\/p>\n<ul data-start=\"1327\" data-end=\"1385\">\n<li data-start=\"1327\" data-end=\"1366\">\n<p data-start=\"1329\" data-end=\"1366\">\u0414\u043b\u044f \u043c\u044f\u0441\u0430 \u0438 \u0441\u0443\u0431\u043f\u0440\u043e\u0434\u0443\u043a\u0442\u043e\u0432: 12 \u0434\u043d\u0435\u0439.<\/p>\n<\/li>\n<li data-start=\"1367\" data-end=\"1385\">\n<p data-start=\"1369\" data-end=\"1385\">\u0414\u043b\u044f \u043c\u043e\u043b\u043e\u043a\u0430: 4 \u0434\u043d\u044f.<\/p>\n<\/li>\n<\/ul>\n<hr data-start=\"1387\" data-end=\"1390\" \/>\n<p data-start=\"1392\" data-end=\"1447\"><strong data-start=\"1392\" data-end=\"1408\">\u0423\u043f\u0430\u043a\u043e\u0432\u043a\u0430:<\/strong><br data-start=\"1408\" data-end=\"1411\" \/>\u0412 \u043a\u0430\u043d\u0438\u0441\u0442\u0440\u0430\u0445 \u043e\u0431\u044a\u0435\u043c\u043e\u043c 500 \u043c\u043b \u0438 1000 \u043c\u043b.<\/p>\n<\/div>\n<p><!-- .vgblk-rw-wrapper --><\/p>","protected":false},"excerpt":{"rendered":"<p>Albendazol 10% oral s\u00fcspansiyon T\u0259rkibi:H\u0259r 1 ml-d\u0259 Albendazol \u2013 100 mq. T\u0259sviri:Albendazol sintetik antiparazitik d\u0259rmand\u0131r. Bu d\u0259rman geni\u015f \u00e7e\u015fidd\u0259 qurd infeksiyalar\u0131na t\u0259sirlidir v\u0259 y\u00fcks\u0259k dozada qaraciy\u0259r qurdlar\u0131n\u0131n yetkin m\u0259rh\u0259l\u0259l\u0259rin\u0259 qar\u015f\u0131 da effektlidir. \u0130stifad\u0259 sah\u0259si:\u0130n\u0259k, buza\u011f\u0131, qoyun v\u0259 ke\u00e7il\u0259rd\u0259 a\u015fa\u011f\u0131dak\u0131 qurdlar\u0131n profilaktikas\u0131 v\u0259 m\u00fcalic\u0259si \u00fc\u00e7\u00fcn: M\u0259d\u0259-ba\u011f\u0131rsaq qurdlar\u0131: Bunostomum, Cooperia, Chabertia, Haemonchus, Nematodirus, Oesophagostomum, Ostertagia, Strongyloides, Trichostrongylus&#8230;.<\/p>","protected":false},"featured_media":989224,"comment_status":"closed","ping_status":"closed","template":"","meta":{"nf_dc_page":"","_monsterinsights_skip_tracking":false,"_monsterinsights_sitenote_active":false,"_monsterinsights_sitenote_note":"","_monsterinsights_sitenote_category":0},"product_brand":[],"product_cat":[108,251,114],"product_tag":[],"class_list":{"0":"post-989223","1":"product","2":"type-product","3":"status-publish","4":"has-post-thumbnail","6":"product_cat-cow","7":"product_cat-veterinary-products","8":"product_cat-sheep","10":"first","11":"instock","12":"shipping-taxable","13":"product-type-simple"},"jetpack_sharing_enabled":true,"_links":{"self":[{"href":"https:\/\/agrovetazerbaijan.az\/ru\/wp-json\/wp\/v2\/product\/989223","targetHints":{"allow":["GET"]}}],"collection":[{"href":"https:\/\/agrovetazerbaijan.az\/ru\/wp-json\/wp\/v2\/product"}],"about":[{"href":"https:\/\/agrovetazerbaijan.az\/ru\/wp-json\/wp\/v2\/types\/product"}],"replies":[{"embeddable":true,"href":"https:\/\/agrovetazerbaijan.az\/ru\/wp-json\/wp\/v2\/comments?post=989223"}],"version-history":[{"count":2,"href":"https:\/\/agrovetazerbaijan.az\/ru\/wp-json\/wp\/v2\/product\/989223\/revisions"}],"predecessor-version":[{"id":989729,"href":"https:\/\/agrovetazerbaijan.az\/ru\/wp-json\/wp\/v2\/product\/989223\/revisions\/989729"}],"wp:featuredmedia":[{"embeddable":true,"href":"https:\/\/agrovetazerbaijan.az\/ru\/wp-json\/wp\/v2\/media\/989224"}],"wp:attachment":[{"href":"https:\/\/agrovetazerbaijan.az\/ru\/wp-json\/wp\/v2\/media?parent=989223"}],"wp:term":[{"taxonomy":"product_brand","embeddable":true,"href":"https:\/\/agrovetazerbaijan.az\/ru\/wp-json\/wp\/v2\/product_brand?post=989223"},{"taxonomy":"product_cat","embeddable":true,"href":"https:\/\/agrovetazerbaijan.az\/ru\/wp-json\/wp\/v2\/product_cat?post=989223"},{"taxonomy":"product_tag","embeddable":true,"href":"https:\/\/agrovetazerbaijan.az\/ru\/wp-json\/wp\/v2\/product_tag?post=989223"}],"curies":[{"name":"WP","href":"https:\/\/api.w.org\/{rel}","templated":true}]}}