{"id":989220,"date":"2025-03-23T15:32:11","date_gmt":"2025-03-23T15:32:11","guid":{"rendered":"https:\/\/agrovetazerbaijan.az\/?post_type=product&#038;p=989220"},"modified":"2025-08-05T00:26:22","modified_gmt":"2025-08-05T00:26:22","slug":"sulfadimidin-ws","status":"publish","type":"product","link":"https:\/\/agrovetazerbaijan.az\/ru\/product\/sulfadimidin-ws\/","title":{"rendered":"\u0421\u0443\u043b\u044c\u0444\u0430\u0434\u0438\u043c\u0438\u0434\u0438\u043d WS"},"content":{"rendered":"<div class=\"vgblk-rw-wrapper limit-wrapper\">\n<p data-start=\"94\" data-end=\"137\"><strong data-start=\"94\" data-end=\"137\">\u0421\u0443\u043b\u044c\u0444\u0430\u0434\u0438\u043c\u0438\u0434\u0438\u043d 100% \u0432\u043e\u0434\u043e\u0440\u0430\u0441\u0442\u0432\u043e\u0440\u0438\u043c\u044b\u0439 \u043f\u043e\u0440\u043e\u0448\u043e\u043a<\/strong><\/p>\n<hr data-start=\"139\" data-end=\"142\" \/>\n<p data-start=\"144\" data-end=\"203\"><strong data-start=\"144\" data-end=\"156\">\u0418\u043d\u0433\u0440\u0435\u0434\u0438\u0435\u043d\u0442\u044b:<\/strong><br data-start=\"156\" data-end=\"159\" \/>\u0421\u0443\u043b\u044c\u0444\u0430\u0434\u0438\u043c\u0438\u0434\u0438\u043d \u043d\u0430\u0442\u0440\u0438\u044f \u2014 1000 \u043c\u0433 (\u043d\u0430 \u0433\u0440\u0430\u043c\u043c).<\/p>\n<hr data-start=\"205\" data-end=\"208\" \/>\n<p data-start=\"210\" data-end=\"558\"><strong data-start=\"210\" data-end=\"222\">\u041e\u043f\u0438\u0441\u0430\u043d\u0438\u0435:<\/strong><br data-start=\"222\" data-end=\"225\" \/>\u0421\u0443\u043b\u044c\u0444\u0430\u0434\u0438\u043c\u0438\u0434\u0438\u043d \u043e\u0431\u043b\u0430\u0434\u0430\u0435\u0442 \u043f\u0440\u0435\u0438\u043c\u0443\u0449\u0435\u0441\u0442\u0432\u0435\u043d\u043d\u043e \u0431\u0430\u043a\u0442\u0435\u0440\u0438\u0446\u0438\u0434\u043d\u044b\u043c \u0434\u0435\u0439\u0441\u0442\u0432\u0438\u0435\u043c \u0438 \u0430\u043a\u0442\u0438\u0432\u0435\u043d \u0432 \u043e\u0442\u043d\u043e\u0448\u0435\u043d\u0438\u0438 \u0448\u0438\u0440\u043e\u043a\u043e\u0433\u043e \u0441\u043f\u0435\u043a\u0442\u0440\u0430 \u0433\u0440\u0430\u043c\u043f\u043e\u043b\u043e\u0436\u0438\u0442\u0435\u043b\u044c\u043d\u044b\u0445 \u0438 \u0433\u0440\u0430\u043c\u043e\u0442\u0440\u0438\u0446\u0430\u0442\u0435\u043b\u044c\u043d\u044b\u0445 \u043c\u0438\u043a\u0440\u043e\u043e\u0440\u0433\u0430\u043d\u0438\u0437\u043c\u043e\u0432, \u0432\u043a\u043b\u044e\u0447\u0430\u044f: <em data-start=\"339\" data-end=\"348\">\u043a\u0438\u0448\u0435\u0447\u043d\u0430\u044f \u043f\u0430\u043b\u043e\u0447\u043a\u0430<\/em>, <em data-start=\"350\" data-end=\"366\">\u0421\u0442\u0430\u0444\u0438\u043b\u043e\u043a\u043e\u043a\u043a<\/em> \u0432\u0438\u0434\u044b, <em data-start=\"373\" data-end=\"388\">\u0441\u0442\u0440\u0435\u043f\u0442\u043e\u043a\u043e\u043a\u043a<\/em> \u0432\u0438\u0434\u044b, <em data-start=\"395\" data-end=\"407\">\u0421\u0430\u043b\u044c\u043c\u043e\u043d\u0435\u043b\u043b\u0430<\/em> \u0432\u0438\u0434\u044b, <em data-start=\"414\" data-end=\"427\">\u041f\u0430\u0441\u0442\u0435\u0440\u0435\u043b\u043b\u0430<\/em> spp. \u0438 <em data-start=\"436\" data-end=\"445\">\u042d\u0439\u043c\u0435\u0440\u0438\u044f<\/em> spp. \u042d\u0444\u0444\u0435\u043a\u0442\u0438\u0432\u0435\u043d \u043f\u0440\u043e\u0442\u0438\u0432 \u0441\u0443\u043b\u044c\u0444\u0430\u0434\u0438\u0430\u0437\u0438\u043d\u0430. \u041f\u043e\u0434\u0430\u0432\u043b\u044f\u0435\u0442 \u0440\u043e\u0441\u0442 \u043c\u0438\u043a\u0440\u043e\u043e\u0440\u0433\u0430\u043d\u0438\u0437\u043c\u043e\u0432, \u0431\u043b\u043e\u043a\u0438\u0440\u0443\u044f \u0441\u0438\u043d\u0442\u0435\u0437 \u0431\u0430\u043a\u0442\u0435\u0440\u0438\u0430\u043b\u044c\u043d\u044b\u0445 \u043f\u0443\u0440\u0438\u043d\u043e\u0432.<\/p>\n<hr data-start=\"560\" data-end=\"563\" \/>\n<p data-start=\"565\" data-end=\"776\"><strong data-start=\"565\" data-end=\"587\">\u041e\u0431\u043b\u0430\u0441\u0442\u0438 \u043f\u0440\u0438\u043c\u0435\u043d\u0435\u043d\u0438\u044f:<\/strong><br data-start=\"587\" data-end=\"590\" \/>\u041f\u0440\u0435\u043f\u0430\u0440\u0430\u0442 \u043f\u0440\u0438\u043c\u0435\u043d\u044f\u0435\u0442\u0441\u044f \u0434\u043b\u044f \u043b\u0435\u0447\u0435\u043d\u0438\u044f \u0438\u043d\u0444\u0435\u043a\u0446\u0438\u0439 \u0436\u0435\u043b\u0443\u0434\u043e\u0447\u043d\u043e-\u043a\u0438\u0448\u0435\u0447\u043d\u043e\u0433\u043e \u0442\u0440\u0430\u043a\u0442\u0430, \u0434\u044b\u0445\u0430\u0442\u0435\u043b\u044c\u043d\u044b\u0445 \u043f\u0443\u0442\u0435\u0439 \u0438 \u043c\u043e\u0447\u0435\u043f\u043e\u043b\u043e\u0432\u044b\u0445 \u043f\u0443\u0442\u0435\u0439, \u0432\u044b\u0437\u0432\u0430\u043d\u043d\u044b\u0445 \u043c\u0438\u043a\u0440\u043e\u043e\u0440\u0433\u0430\u043d\u0438\u0437\u043c\u0430\u043c\u0438, \u0447\u0443\u0432\u0441\u0442\u0432\u0438\u0442\u0435\u043b\u044c\u043d\u044b\u043c\u0438 \u043a \u0441\u0443\u043b\u044c\u0444\u0430\u0434\u0438\u043c\u0438\u0434\u0438\u043d\u0443. \u041a \u043d\u0438\u043c \u043e\u0442\u043d\u043e\u0441\u044f\u0442\u0441\u044f:<\/p>\n<ul data-start=\"777\" data-end=\"967\">\n<li data-start=\"777\" data-end=\"922\">\n<p data-start=\"779\" data-end=\"922\">\u0423 \u043a\u043e\u0440\u043e\u0432, \u0442\u0435\u043b\u044f\u0442, \u043e\u0432\u0435\u0446, \u043a\u043e\u0437, \u0441\u0432\u0438\u043d\u0435\u0439 \u0438 \u043f\u0442\u0438\u0446 <em data-start=\"824\" data-end=\"833\">\u043a\u0438\u0448\u0435\u0447\u043d\u0430\u044f \u043f\u0430\u043b\u043e\u0447\u043a\u0430<\/em>, <em data-start=\"835\" data-end=\"851\">\u0421\u0442\u0430\u0444\u0438\u043b\u043e\u043a\u043e\u043a\u043a<\/em> \u0432\u0438\u0434\u044b, <em data-start=\"858\" data-end=\"873\">\u0441\u0442\u0440\u0435\u043f\u0442\u043e\u043a\u043e\u043a\u043a<\/em> \u0432\u0438\u0434\u044b, <em data-start=\"880\" data-end=\"893\">\u041f\u0430\u0441\u0442\u0435\u0440\u0435\u043b\u043b\u0430<\/em> \u0418\u043d\u0444\u0435\u043a\u0446\u0438\u0438, \u0432\u044b\u0437\u0432\u0430\u043d\u043d\u044b\u0435 spp.<\/p>\n<\/li>\n<li data-start=\"923\" data-end=\"967\">\n<p data-start=\"925\" data-end=\"967\">\u0423 \u043f\u0442\u0438\u0446 <em data-start=\"934\" data-end=\"943\">\u042d\u0439\u043c\u0435\u0440\u0438\u044f<\/em> \u041a\u043e\u043a\u0446\u0438\u0434\u0438\u043e\u0437, \u0432\u044b\u0437\u044b\u0432\u0430\u0435\u043c\u044b\u0439 spp.<\/p>\n<\/li>\n<\/ul>\n<hr data-start=\"969\" data-end=\"972\" \/>\n<p data-start=\"974\" data-end=\"990\"><strong data-start=\"974\" data-end=\"988\">\u0417\u0430\u043f\u0440\u0435\u0442\u044b:<\/strong><\/p>\n<ul data-start=\"991\" data-end=\"1212\">\n<li data-start=\"991\" data-end=\"1026\">\n<p data-start=\"993\" data-end=\"1026\">\u0427\u0443\u0432\u0441\u0442\u0432\u0438\u0442\u0435\u043b\u044c\u043d\u043e\u0441\u0442\u044c \u043a \u0441\u0443\u043b\u044c\u0444\u0430\u043d\u0438\u043b\u0430\u043c\u0438\u0434\u0430\u043c.<\/p>\n<\/li>\n<li data-start=\"1027\" data-end=\"1117\">\n<p data-start=\"1029\" data-end=\"1117\">\u0417\u0430\u043f\u0440\u0435\u0449\u0435\u043d\u043e \u043f\u0440\u0438\u043c\u0435\u043d\u0435\u043d\u0438\u0435 \u0443 \u0436\u0438\u0432\u043e\u0442\u043d\u044b\u0445 \u0441 \u0442\u044f\u0436\u0435\u043b\u044b\u043c\u0438 \u0437\u0430\u0431\u043e\u043b\u0435\u0432\u0430\u043d\u0438\u044f\u043c\u0438 \u043f\u043e\u0447\u0435\u043a \u0438\u043b\u0438 \u043f\u0435\u0447\u0435\u043d\u0438.<\/p>\n<\/li>\n<li data-start=\"1118\" data-end=\"1212\">\n<p data-start=\"1120\" data-end=\"1212\">\u041f\u0440\u0435\u043f\u0430\u0440\u0430\u0442 \u043d\u0435\u043b\u044c\u0437\u044f \u043f\u0440\u0438\u043c\u0435\u043d\u044f\u0442\u044c \u0436\u0438\u0432\u043e\u0442\u043d\u044b\u043c \u0441 \u0437\u0430\u0431\u043e\u043b\u0435\u0432\u0430\u043d\u0438\u044f\u043c\u0438 \u043a\u0440\u043e\u0432\u0438 \u0438 \u0430\u043a\u0442\u0438\u0432\u043d\u044b\u043c\u0438 \u043f\u0440\u043e\u0446\u0435\u0441\u0441\u0430\u043c\u0438 \u043c\u0438\u043a\u0440\u043e\u0431\u0438\u043e\u043b\u043e\u0433\u0438\u0447\u0435\u0441\u043a\u043e\u0433\u043e \u043f\u0438\u0449\u0435\u0432\u0430\u0440\u0435\u043d\u0438\u044f.<\/p>\n<\/li>\n<\/ul>\n<hr data-start=\"1214\" data-end=\"1217\" \/>\n<p data-start=\"1219\" data-end=\"1238\"><strong data-start=\"1219\" data-end=\"1236\">\u041f\u043e\u0431\u043e\u0447\u043d\u044b\u0435 \u044d\u0444\u0444\u0435\u043a\u0442\u044b:<\/strong><\/p>\n<ul data-start=\"1239\" data-end=\"1381\">\n<li data-start=\"1239\" data-end=\"1381\">\n<p data-start=\"1241\" data-end=\"1381\">\u041a\u0440\u0438\u0441\u0442\u0430\u043b\u043b\u0438\u0437\u0430\u0446\u0438\u044f \u0432 \u043c\u043e\u0447\u0435 (\u043a\u0440\u0438\u0441\u0442\u0430\u043b\u043b\u0443\u0440\u0438\u044f), \u0430\u043d\u0435\u043c\u0438\u044f, \u043b\u0435\u0439\u043a\u043e\u043f\u0435\u043d\u0438\u044f (\u0443\u043c\u0435\u043d\u044c\u0448\u0435\u043d\u0438\u0435 \u043a\u043e\u043b\u0438\u0447\u0435\u0441\u0442\u0432\u0430 \u043b\u0435\u0439\u043a\u043e\u0446\u0438\u0442\u043e\u0432 \u0432 \u043a\u0440\u043e\u0432\u0438) \u0438 \u0442\u0440\u043e\u043c\u0431\u043e\u0446\u0438\u0442\u043e\u043f\u0435\u043d\u0438\u044f (\u0443\u043c\u0435\u043d\u044c\u0448\u0435\u043d\u0438\u0435 \u0441\u0432\u0435\u0440\u0442\u044b\u0432\u0430\u0435\u043c\u043e\u0441\u0442\u0438 \u043a\u0440\u043e\u0432\u0438).<\/p>\n<\/li>\n<\/ul>\n<hr data-start=\"1383\" data-end=\"1386\" \/>\n<p data-start=\"1388\" data-end=\"1439\"><strong data-start=\"1388\" data-end=\"1414\">\u0414\u043e\u0437\u0438\u0440\u043e\u0432\u043a\u0430 \u0438 \u0441\u043f\u043e\u0441\u043e\u0431 \u043f\u0440\u0438\u043c\u0435\u043d\u0435\u043d\u0438\u044f:<\/strong><br data-start=\"1414\" data-end=\"1417\" \/>\u041f\u0440\u0435\u043f\u0430\u0440\u0430\u0442 \u043f\u0440\u0438\u043d\u0438\u043c\u0430\u0435\u0442\u0441\u044f \u043f\u0435\u0440\u043e\u0440\u0430\u043b\u044c\u043d\u043e.<\/p>\n<ul data-start=\"1441\" data-end=\"1753\">\n<li data-start=\"1441\" data-end=\"1527\">\n<p data-start=\"1443\" data-end=\"1527\">\u041a\u043e\u0440\u043e\u0432\u044b, \u0442\u0435\u043b\u044f\u0442\u0430, \u043e\u0432\u0446\u044b \u0438 \u043a\u043e\u0437\u044b: 10 \u0433\u0440\u0430\u043c\u043c\u043e\u0432 \u043d\u0430 100 \u043a\u0433 \u043c\u0430\u0441\u0441\u044b \u0442\u0435\u043b\u0430 \u0432 \u0442\u0435\u0447\u0435\u043d\u0438\u0435 3\u20137 \u0434\u043d\u0435\u0439.<\/p>\n<\/li>\n<li data-start=\"1528\" data-end=\"1600\">\n<p data-start=\"1530\" data-end=\"1600\">\u0421\u0432\u0438\u043d\u044c\u0438: 1 \u043a\u0438\u043b\u043e\u0433\u0440\u0430\u043c\u043c \u043d\u0430 2000 \u043b\u0438\u0442\u0440\u043e\u0432 \u043f\u0438\u0442\u044c\u0435\u0432\u043e\u0439 \u0432\u043e\u0434\u044b \u0432 \u0442\u0435\u0447\u0435\u043d\u0438\u0435 3\u20137 \u0434\u043d\u0435\u0439.<\/p>\n<\/li>\n<li data-start=\"1601\" data-end=\"1753\">\n<p data-start=\"1603\" data-end=\"1753\">\u041f\u0442\u0438\u0446\u044b: 1 \u043a\u0438\u043b\u043e\u0433\u0440\u0430\u043c\u043c \u043d\u0430 2000 \u043b\u0438\u0442\u0440\u043e\u0432 \u043f\u0438\u0442\u044c\u0435\u0432\u043e\u0439 \u0432\u043e\u0434\u044b \u0432 \u0442\u0435\u0447\u0435\u043d\u0438\u0435 3 \u0434\u043d\u0435\u0439 \u0438\u043b\u0438 \u043f\u043e \u0441\u0445\u0435\u043c\u0435 3-2-3 (3 \u0434\u043d\u044f \u0434\u0430\u0435\u043c, 2 \u0434\u043d\u044f \u043d\u0435 \u0434\u0430\u0435\u043c, \u0437\u0430\u0442\u0435\u043c \u0441\u043d\u043e\u0432\u0430 \u0434\u0430\u0435\u043c 3 \u0434\u043d\u044f).<\/p>\n<\/li>\n<\/ul>\n<p data-start=\"1755\" data-end=\"1921\">\u041f\u0440\u0438\u043c\u0435\u0447\u0430\u043d\u0438\u0435: \u041f\u0440\u0438 \u043f\u0440\u0438\u043c\u0435\u043d\u0435\u043d\u0438\u0438 \u043f\u0440\u0435\u043f\u0430\u0440\u0430\u0442\u0430 \u0443 \u0436\u0432\u0430\u0447\u043d\u044b\u0445 \u0436\u0438\u0432\u043e\u0442\u043d\u044b\u0445 \u0438\u043d\u043e\u0433\u0434\u0430 \u043c\u043e\u0433\u0443\u0442 \u043d\u0430\u0431\u043b\u044e\u0434\u0430\u0442\u044c\u0441\u044f \u0432\u0440\u0435\u043c\u0435\u043d\u043d\u044b\u0435 \u043d\u0430\u0440\u0443\u0448\u0435\u043d\u0438\u044f \u0444\u0443\u043d\u043a\u0446\u0438\u0438 \u0440\u0443\u0431\u0446\u0430 \u0438 \u0430\u043a\u0442\u0438\u0432\u043d\u043e\u0441\u0442\u0438 \u043c\u0438\u043a\u0440\u043e\u0444\u043b\u043e\u0440\u044b. \u041e\u0434\u043d\u0430\u043a\u043e \u043e\u0431\u044b\u0447\u043d\u043e \u043e\u043d\u0438 \u043f\u0440\u043e\u0445\u043e\u0434\u044f\u0442 \u0441\u043f\u043e\u043d\u0442\u0430\u043d\u043d\u043e.<\/p>\n<hr data-start=\"1923\" data-end=\"1926\" \/>\n<p data-start=\"1928\" data-end=\"1950\"><strong data-start=\"1928\" data-end=\"1948\">\u0412\u0440\u0435\u043c\u044f \u043e\u0436\u0438\u0434\u0430\u043d\u0438\u044f:<\/strong><\/p>\n<ul data-start=\"1951\" data-end=\"2053\">\n<li data-start=\"1951\" data-end=\"2032\">\n<p data-start=\"1953\" data-end=\"1963\">\u0414\u043b\u044f \u043c\u044f\u0441\u0430:<\/p>\n<ul data-start=\"1966\" data-end=\"2032\">\n<li data-start=\"1966\" data-end=\"2004\">\n<p data-start=\"1968\" data-end=\"2004\">\u041a\u043e\u0440\u043e\u0432\u0430, \u0442\u0435\u043b\u0435\u043d\u043e\u043a, \u043e\u0432\u0446\u0430, \u043a\u043e\u0437\u0430: 12 \u0434\u043d\u0435\u0439.<\/p>\n<\/li>\n<li data-start=\"2007\" data-end=\"2032\">\n<p data-start=\"2009\" data-end=\"2032\">\u0421\u0432\u0438\u043d\u044c\u0438 \u0438 \u0434\u043e\u043c\u0430\u0448\u043d\u044f\u044f \u043f\u0442\u0438\u0446\u0430: 15 \u0434\u043d\u0435\u0439.<\/p>\n<\/li>\n<\/ul>\n<\/li>\n<li data-start=\"2033\" data-end=\"2053\">\n<p data-start=\"2035\" data-end=\"2053\">\u0414\u043b\u044f \u043c\u043e\u043b\u043e\u043a\u0430: 5 \u0434\u043d\u0435\u0439.<\/p>\n<\/li>\n<\/ul>\n<p data-start=\"2055\" data-end=\"2111\">\u041d\u0435 \u043f\u043e\u0434\u0445\u043e\u0434\u0438\u0442 \u0434\u043b\u044f \u0438\u0441\u043f\u043e\u043b\u044c\u0437\u043e\u0432\u0430\u043d\u0438\u044f \u0432 \u043f\u0442\u0438\u0446\u0435\u0432\u043e\u0434\u0441\u0442\u0432\u0435.<\/p>\n<hr data-start=\"2113\" data-end=\"2116\" \/>\n<p data-start=\"2118\" data-end=\"2181\"><strong data-start=\"2118\" data-end=\"2134\">\u0423\u043f\u0430\u043a\u043e\u0432\u043a\u0430:<\/strong><br data-start=\"2134\" data-end=\"2137\" \/>\u041f\u0430\u043a\u0435\u0442\u0438\u043a\u0438 \u043f\u043e 100 \u0433\u0440\u0430\u043c\u043c \u0438 \u0431\u0430\u043d\u043a\u0438 \u043f\u043e 1000 \u0433\u0440\u0430\u043c\u043c.<\/p>\n<\/div>\n<p><!-- .vgblk-rw-wrapper --><\/p>","protected":false},"excerpt":{"rendered":"<p>Sulfadimidine 100% suya h\u0259ll olunan toz T\u0259rkibi:Sulfadimidin natrium \u2014 1000 mq (h\u0259r qramda). T\u0259sviri:Sulfadimidin \u0259sas\u0259n bakterisid t\u0259sir g\u00f6st\u0259rir v\u0259 \u00e7oxsayl\u0131 Gram-m\u00fcsb\u0259t v\u0259 Gram-m\u0259nfi mikroorqanizml\u0259r\u0259, o c\u00fcml\u0259d\u0259n E. coli, Staphylococcus spp., Streptococcus spp., Salmonella spp., Pasteurella spp. v\u0259 Eimeria spp.-y\u0259 qar\u015f\u0131 t\u0259sirlidir. Sulfadimidin bakterial purin sintezini bloklayaraq mikroblar\u0131n \u00e7oxalmas\u0131n\u0131 \u0259ng\u0259ll\u0259yir. \u0130stifad\u0259 sah\u0259l\u0259ri:Sulfadimidin\u0259 h\u0259ssas mikroorqanizml\u0259r t\u0259r\u0259find\u0259n t\u00f6r\u0259dil\u0259n&#8230;<\/p>","protected":false},"featured_media":989221,"comment_status":"closed","ping_status":"closed","template":"","meta":{"nf_dc_page":"","_monsterinsights_skip_tracking":false,"_monsterinsights_sitenote_active":false,"_monsterinsights_sitenote_note":"","_monsterinsights_sitenote_category":0},"product_brand":[],"product_cat":[108,251,114,68],"product_tag":[],"class_list":{"0":"post-989220","1":"product","2":"type-product","3":"status-publish","4":"has-post-thumbnail","6":"product_cat-cow","7":"product_cat-veterinary-products","8":"product_cat-sheep","9":"product_cat-poultry","11":"first","12":"instock","13":"shipping-taxable","14":"product-type-simple"},"jetpack_sharing_enabled":true,"_links":{"self":[{"href":"https:\/\/agrovetazerbaijan.az\/ru\/wp-json\/wp\/v2\/product\/989220","targetHints":{"allow":["GET"]}}],"collection":[{"href":"https:\/\/agrovetazerbaijan.az\/ru\/wp-json\/wp\/v2\/product"}],"about":[{"href":"https:\/\/agrovetazerbaijan.az\/ru\/wp-json\/wp\/v2\/types\/product"}],"replies":[{"embeddable":true,"href":"https:\/\/agrovetazerbaijan.az\/ru\/wp-json\/wp\/v2\/comments?post=989220"}],"version-history":[{"count":2,"href":"https:\/\/agrovetazerbaijan.az\/ru\/wp-json\/wp\/v2\/product\/989220\/revisions"}],"predecessor-version":[{"id":989730,"href":"https:\/\/agrovetazerbaijan.az\/ru\/wp-json\/wp\/v2\/product\/989220\/revisions\/989730"}],"wp:featuredmedia":[{"embeddable":true,"href":"https:\/\/agrovetazerbaijan.az\/ru\/wp-json\/wp\/v2\/media\/989221"}],"wp:attachment":[{"href":"https:\/\/agrovetazerbaijan.az\/ru\/wp-json\/wp\/v2\/media?parent=989220"}],"wp:term":[{"taxonomy":"product_brand","embeddable":true,"href":"https:\/\/agrovetazerbaijan.az\/ru\/wp-json\/wp\/v2\/product_brand?post=989220"},{"taxonomy":"product_cat","embeddable":true,"href":"https:\/\/agrovetazerbaijan.az\/ru\/wp-json\/wp\/v2\/product_cat?post=989220"},{"taxonomy":"product_tag","embeddable":true,"href":"https:\/\/agrovetazerbaijan.az\/ru\/wp-json\/wp\/v2\/product_tag?post=989220"}],"curies":[{"name":"WP","href":"https:\/\/api.w.org\/{rel}","templated":true}]}}