{"id":989217,"date":"2025-03-23T15:30:19","date_gmt":"2025-03-23T15:30:19","guid":{"rendered":"https:\/\/agrovetazerbaijan.az\/?post_type=product&#038;p=989217"},"modified":"2025-06-20T16:17:44","modified_gmt":"2025-06-20T16:17:44","slug":"piperin-ws","status":"publish","type":"product","link":"https:\/\/agrovetazerbaijan.az\/ru\/product\/piperin-ws\/","title":{"rendered":"\u041f\u0430\u0439\u043f\u0435\u0440 WS"},"content":{"rendered":"<div class=\"vgblk-rw-wrapper limit-wrapper\">\n<h3 data-start=\"94\" data-end=\"134\">\u041f\u0438\u043f\u0435\u0440\u0430\u0437\u0438\u043d 100% \u0432\u043e\u0434\u043e\u0440\u0430\u0441\u0442\u0432\u043e\u0440\u0438\u043c\u044b\u0439 \u043f\u043e\u0440\u043e\u0448\u043e\u043a<\/h3>\n<hr data-start=\"136\" data-end=\"139\" \/>\n<p data-start=\"141\" data-end=\"196\"><strong data-start=\"141\" data-end=\"153\">\u0418\u043d\u0433\u0440\u0435\u0434\u0438\u0435\u043d\u0442\u044b:<\/strong><br data-start=\"153\" data-end=\"156\" \/>\u0426\u0438\u0442\u0440\u0430\u0442 \u043f\u0438\u043f\u0435\u0440\u0430\u0437\u0438\u043d\u0430 \u2014 1000 \u043c\u0433 (\u043d\u0430 \u0433\u0440\u0430\u043c\u043c).<\/p>\n<hr data-start=\"198\" data-end=\"201\" \/>\n<p data-start=\"203\" data-end=\"531\"><strong data-start=\"203\" data-end=\"215\">\u041e\u043f\u0438\u0441\u0430\u043d\u0438\u0435:<\/strong><br data-start=\"215\" data-end=\"218\" \/>\u041f\u0438\u043f\u0435\u0440\u0430\u0437\u0438\u043d \u2014 \u0430\u043d\u0442\u0438\u0433\u0435\u043b\u044c\u043c\u0438\u043d\u0442\u043d\u043e\u0435 \u0441\u0440\u0435\u0434\u0441\u0442\u0432\u043e, \u0430\u043a\u0442\u0438\u0432\u043d\u043e\u0435 \u043f\u0440\u043e\u0442\u0438\u0432 \u043d\u0435\u043c\u0430\u0442\u043e\u0434. \u041e\u043d \u0432\u044b\u0437\u044b\u0432\u0430\u0435\u0442 \u043e\u0431\u0440\u0430\u0442\u0438\u043c\u044b\u0439 \u0432\u044f\u043b\u044b\u0439 \u043f\u0430\u0440\u0430\u043b\u0438\u0447 \u0443 \u043d\u0435\u043c\u0430\u0442\u043e\u0434. \u042d\u0442\u043e \u043f\u0440\u043e\u0438\u0441\u0445\u043e\u0434\u0438\u0442 \u0437\u0430 \u0441\u0447\u0451\u0442 \u0433\u0438\u043f\u0435\u0440\u043f\u043e\u043b\u044f\u0440\u0438\u0437\u0430\u0446\u0438\u0438 \u043a\u043b\u0435\u0442\u043e\u0447\u043d\u043e\u0439 \u043c\u0435\u043c\u0431\u0440\u0430\u043d\u044b \u0438 \u043f\u043e\u0434\u0430\u0432\u043b\u0435\u043d\u0438\u044f \u0441\u043f\u043e\u043d\u0442\u0430\u043d\u043d\u043e\u0439 \u0438\u043c\u043f\u0443\u043b\u044c\u0441\u0430\u0446\u0438\u0438. \u041f\u0430\u0440\u0430\u043b\u0438\u0437\u043e\u0432\u0430\u043d\u043d\u044b\u0435 \u043d\u0435\u043c\u0430\u0442\u043e\u0434\u044b \u0437\u0430\u0442\u0435\u043c \u0432\u044b\u0432\u043e\u0434\u044f\u0442\u0441\u044f \u0438\u0437 \u043a\u0438\u0448\u0435\u0447\u043d\u0438\u043a\u0430 \u043f\u043e\u0441\u0440\u0435\u0434\u0441\u0442\u0432\u043e\u043c \u043d\u043e\u0440\u043c\u0430\u043b\u044c\u043d\u043e\u0439 \u043f\u0435\u0440\u0438\u0441\u0442\u0430\u043b\u044c\u0442\u0438\u043a\u0438.<\/p>\n<hr data-start=\"533\" data-end=\"536\" \/>\n<p data-start=\"538\" data-end=\"562\"><strong data-start=\"538\" data-end=\"560\">\u041e\u0431\u043b\u0430\u0441\u0442\u0438 \u043f\u0440\u0438\u043c\u0435\u043d\u0435\u043d\u0438\u044f:<\/strong><\/p>\n<p data-start=\"564\" data-end=\"620\">\u041f\u0440\u0438\u043c\u0435\u043d\u044f\u0435\u0442\u0441\u044f \u043f\u0440\u0438 \u043b\u0435\u0447\u0435\u043d\u0438\u0438 \u043d\u0435\u043c\u0430\u0442\u043e\u0434\u043e\u0437\u043d\u044b\u0445 \u0438\u043d\u0444\u0435\u043a\u0446\u0438\u0439:<\/p>\n<ul data-start=\"621\" data-end=\"926\">\n<li data-start=\"621\" data-end=\"708\">\n<p data-start=\"623\" data-end=\"708\"><strong data-start=\"623\" data-end=\"633\">\u041b\u043e\u0448\u0430\u0434\u0438:<\/strong> <em data-start=\"634\" data-end=\"648\">\u0421\u0442\u0440\u043e\u043d\u0433\u0438\u043b\u0451\u0437<\/em> \u0432\u0438\u0434\u044b, <em data-start=\"655\" data-end=\"666\">\u041e\u043a\u0441\u0438\u0443\u0440\u043e\u0437<\/em> \u0432\u0438\u0434\u044b, <em data-start=\"673\" data-end=\"685\">\u0422\u0440\u0438\u0445\u043e\u043d\u0435\u043c\u0430<\/em> \u0432\u0438\u0434\u044b, <em data-start=\"692\" data-end=\"701\">\u0410\u0441\u043a\u0430\u0440\u0438\u0434\u0430<\/em> \u0432\u0438\u0434\u044b<\/p>\n<\/li>\n<li data-start=\"709\" data-end=\"821\">\n<p data-start=\"711\" data-end=\"821\"><strong data-start=\"711\" data-end=\"724\">\u041a\u0440\u0443\u043f\u043d\u044b\u0439 \u0440\u043e\u0433\u0430\u0442\u044b\u0439 \u0441\u043a\u043e\u0442:<\/strong> <em data-start=\"725\" data-end=\"734\">\u0410\u0441\u043a\u0430\u0440\u0438\u0434\u0430<\/em> \u0432\u0438\u0434\u044b, <em data-start=\"741\" data-end=\"754\">\u041d\u0435\u043c\u0430\u0442\u043e\u0434\u0438\u0440\u0443\u0441<\/em> \u0432\u0438\u0434\u044b, <em data-start=\"761\" data-end=\"773\">\u041e\u0441\u0442\u0435\u0440\u0442\u0430\u0433\u0438\u044f<\/em> \u0432\u0438\u0434\u044b, <em data-start=\"780\" data-end=\"790\">\u041a\u0443\u043f\u0435\u0440\u0438\u044f<\/em> \u0432\u0438\u0434\u044b, <em data-start=\"797\" data-end=\"814\">\u042d\u0437\u043e\u0444\u0430\u0433\u043e\u0441\u0442\u043e\u043c\u0443\u043c<\/em> \u0432\u0438\u0434\u044b<\/p>\n<\/li>\n<li data-start=\"822\" data-end=\"878\">\n<p data-start=\"824\" data-end=\"878\"><strong data-start=\"824\" data-end=\"837\">\u0421\u0432\u0438\u043d\u044c\u0438:<\/strong> <em data-start=\"838\" data-end=\"855\">\u042d\u0437\u043e\u0444\u0430\u0433\u043e\u0441\u0442\u043e\u043c\u0443\u043c<\/em> \u0432\u0438\u0434\u044b, <em data-start=\"862\" data-end=\"871\">\u0410\u0441\u043a\u0430\u0440\u0438\u0434\u0430<\/em> \u0432\u0438\u0434\u044b<\/p>\n<\/li>\n<li data-start=\"879\" data-end=\"926\">\n<p data-start=\"881\" data-end=\"926\"><strong data-start=\"881\" data-end=\"892\">\u041f\u0442\u0438\u0446\u044b:<\/strong> <em data-start=\"893\" data-end=\"902\">\u0410\u0441\u043a\u0430\u0440\u0438\u0434\u0430<\/em> \u0432\u0438\u0434\u044b, <em data-start=\"909\" data-end=\"921\">\u041a\u0430\u043f\u0438\u043b\u043b\u044f\u0440\u0438\u0438<\/em> \u0432\u0438\u0434\u044b<\/p>\n<\/li>\n<\/ul>\n<hr data-start=\"928\" data-end=\"931\" \/>\n<p data-start=\"933\" data-end=\"949\"><strong data-start=\"933\" data-end=\"947\">\u0417\u0430\u043f\u0440\u0435\u0442\u044b:<\/strong><\/p>\n<ul data-start=\"950\" data-end=\"1061\">\n<li data-start=\"950\" data-end=\"981\">\n<p data-start=\"952\" data-end=\"981\">\u041f\u043e\u0432\u044b\u0448\u0435\u043d\u043d\u0430\u044f \u0447\u0443\u0432\u0441\u0442\u0432\u0438\u0442\u0435\u043b\u044c\u043d\u043e\u0441\u0442\u044c \u043a \u043f\u0438\u043f\u0435\u0440\u0430\u0437\u0438\u043d\u0443.<\/p>\n<\/li>\n<li data-start=\"982\" data-end=\"1061\">\n<p data-start=\"984\" data-end=\"1061\">\u0417\u0430\u043f\u0440\u0435\u0449\u0435\u043d\u043e \u043f\u0440\u0438\u043c\u0435\u043d\u0435\u043d\u0438\u0435 \u0443 \u0436\u0438\u0432\u043e\u0442\u043d\u044b\u0445 \u0441 \u0442\u044f\u0436\u0435\u043b\u044b\u043c\u0438 \u0437\u0430\u0431\u043e\u043b\u0435\u0432\u0430\u043d\u0438\u044f\u043c\u0438 \u043f\u043e\u0447\u0435\u043a \u0438\u043b\u0438 \u043f\u0435\u0447\u0435\u043d\u0438.<\/p>\n<\/li>\n<\/ul>\n<hr data-start=\"1063\" data-end=\"1066\" \/>\n<p data-start=\"1068\" data-end=\"1170\"><strong data-start=\"1068\" data-end=\"1085\">\u041f\u043e\u0431\u043e\u0447\u043d\u044b\u0435 \u044d\u0444\u0444\u0435\u043a\u0442\u044b:<\/strong><br data-start=\"1085\" data-end=\"1088\" \/>\u041f\u0440\u0438 \u0438\u0441\u043f\u043e\u043b\u044c\u0437\u043e\u0432\u0430\u043d\u0438\u0438 \u0434\u043e\u0437, \u043f\u0440\u0435\u0432\u044b\u0448\u0430\u044e\u0449\u0438\u0445 \u043e\u0431\u044b\u0447\u043d\u044b\u0435, \u043c\u043e\u0433\u0443\u0442 \u043d\u0430\u0431\u043b\u044e\u0434\u0430\u0442\u044c\u0441\u044f \u0441\u043b\u0435\u0434\u0443\u044e\u0449\u0438\u0435 \u0441\u043e\u0441\u0442\u043e\u044f\u043d\u0438\u044f:<\/p>\n<ul data-start=\"1171\" data-end=\"1305\">\n<li data-start=\"1171\" data-end=\"1305\">\n<p data-start=\"1173\" data-end=\"1305\">\u041a\u043e\u043b\u0438\u043a\u0438, \u043a\u0430\u0448\u0435\u043b\u044c, \u0447\u0440\u0435\u0437\u043c\u0435\u0440\u043d\u043e\u0435 \u0441\u043b\u044e\u043d\u043e\u0442\u0435\u0447\u0435\u043d\u0438\u0435, \u0432\u043e\u0437\u0431\u0443\u0436\u0434\u0435\u043d\u0438\u0435, \u0443\u0447\u0430\u0449\u0435\u043d\u043d\u043e\u0435 \u0434\u044b\u0445\u0430\u043d\u0438\u0435 (\u0433\u0438\u043f\u0435\u0440\u043f\u043d\u043e\u044d), \u0441\u043b\u0435\u0437\u043e\u0442\u0435\u0447\u0435\u043d\u0438\u0435, \u0441\u043f\u0430\u0437\u043c\u044b, \u043f\u043e\u0442\u043b\u0438\u0432\u043e\u0441\u0442\u044c \u0438 \u0440\u0432\u043e\u0442\u0430.<\/p>\n<\/li>\n<\/ul>\n<hr data-start=\"1307\" data-end=\"1310\" \/>\n<p data-start=\"1312\" data-end=\"1340\"><strong data-start=\"1312\" data-end=\"1338\">\u0414\u043e\u0437\u0438\u0440\u043e\u0432\u043a\u0430 \u0438 \u0441\u043f\u043e\u0441\u043e\u0431 \u043f\u0440\u0438\u043c\u0435\u043d\u0435\u043d\u0438\u044f:<\/strong><\/p>\n<p data-start=\"1342\" data-end=\"1364\">\u041f\u0440\u0435\u043f\u0430\u0440\u0430\u0442 \u043f\u0440\u0438\u043d\u0438\u043c\u0430\u0435\u0442\u0441\u044f \u043f\u0435\u0440\u043e\u0440\u0430\u043b\u044c\u043d\u043e.<\/p>\n<ul data-start=\"1366\" data-end=\"1516\">\n<li data-start=\"1366\" data-end=\"1454\">\n<p data-start=\"1368\" data-end=\"1454\"><strong data-start=\"1368\" data-end=\"1400\">\u041b\u043e\u0448\u0430\u0434\u0438, \u043a\u0440\u0443\u043f\u043d\u044b\u0439 \u0440\u043e\u0433\u0430\u0442\u044b\u0439 \u0441\u043a\u043e\u0442 \u0438 \u0441\u0432\u0438\u043d\u044c\u0438:<\/strong> 1-2 \u0433\u0440\u0430\u043c\u043c\u0430 \u043d\u0430 10 \u043a\u0433 \u043c\u0430\u0441\u0441\u044b \u0442\u0435\u043b\u0430 \u0441 \u043f\u0438\u0442\u044c\u0435\u0432\u043e\u0439 \u0432\u043e\u0434\u043e\u0439.<\/p>\n<\/li>\n<li data-start=\"1455\" data-end=\"1516\">\n<p data-start=\"1457\" data-end=\"1516\"><strong data-start=\"1457\" data-end=\"1468\">\u041f\u0442\u0438\u0446\u044b:<\/strong> 1 \u043a\u0438\u043b\u043e\u0433\u0440\u0430\u043c\u043c \u043d\u0430 1000 \u043b\u0438\u0442\u0440\u043e\u0432 \u043f\u0438\u0442\u044c\u0435\u0432\u043e\u0439 \u0432\u043e\u0434\u044b \u0432 \u0442\u0435\u0447\u0435\u043d\u0438\u0435 2 \u0441\u0443\u0442\u043e\u043a.<\/p>\n<\/li>\n<\/ul>\n<hr data-start=\"1518\" data-end=\"1521\" \/>\n<p data-start=\"1523\" data-end=\"1545\"><strong data-start=\"1523\" data-end=\"1543\">\u0412\u0440\u0435\u043c\u044f \u043e\u0436\u0438\u0434\u0430\u043d\u0438\u044f:<\/strong><\/p>\n<ul data-start=\"1546\" data-end=\"1588\">\n<li data-start=\"1546\" data-end=\"1565\">\n<p data-start=\"1548\" data-end=\"1565\">\u0414\u043b\u044f \u043c\u044f\u0441\u0430: 2 \u0434\u043d\u044f.<\/p>\n<\/li>\n<li data-start=\"1566\" data-end=\"1588\">\n<p data-start=\"1568\" data-end=\"1588\">\u0414\u043b\u044f \u044f\u0438\u0446: 2 \u0434\u043d\u044f.<\/p>\n<\/li>\n<\/ul>\n<hr data-start=\"1590\" data-end=\"1593\" \/>\n<p data-start=\"1595\" data-end=\"1658\"><strong data-start=\"1595\" data-end=\"1611\">\u0423\u043f\u0430\u043a\u043e\u0432\u043a\u0430:<\/strong><br data-start=\"1611\" data-end=\"1614\" \/>\u041f\u0430\u043a\u0435\u0442\u0438\u043a\u0438 \u043f\u043e 100 \u0433\u0440\u0430\u043c\u043c \u0438 \u0431\u0430\u043d\u043a\u0438 \u043f\u043e 1000 \u0433\u0440\u0430\u043c\u043c.<\/p>\n<\/div>\n<p><!-- .vgblk-rw-wrapper --><\/p>","protected":false},"excerpt":{"rendered":"<p>Piperazine 100% suya h\u0259ll olunan toz T\u0259rkibi:Piperazin sitrat \u2014 1000 mq (h\u0259r qramda). T\u0259sviri:Piperazin nematodlara qar\u015f\u0131 t\u0259sir g\u00f6st\u0259r\u0259n anthelmintikdir. O, nematod parazitl\u0259rd\u0259 geri d\u00f6n\u0259n bo\u015falm\u0131\u015f iflic\u0259 s\u0259b\u0259b olur. Bu, h\u00fcceyr\u0259 membran\u0131n\u0131n hiperpolarizasiyas\u0131 v\u0259 spontan impulslar\u0131n basd\u0131r\u0131lmas\u0131 il\u0259 ba\u015f verir. Paralizl\u0259nmi\u015f nematodlar is\u0259 normal peristaltik h\u0259r\u0259k\u0259tl\u0259r vasit\u0259sil\u0259 ba\u011f\u0131rsaqdan xaric olunur. \u0130stifad\u0259 sah\u0259l\u0259ri: Nematod infeksiyalar\u0131n\u0131n m\u00fcalic\u0259sind\u0259 istifad\u0259&#8230;<\/p>","protected":false},"featured_media":989218,"comment_status":"closed","ping_status":"closed","template":"","meta":{"nf_dc_page":"","_monsterinsights_skip_tracking":false,"_monsterinsights_sitenote_active":false,"_monsterinsights_sitenote_note":"","_monsterinsights_sitenote_category":0},"product_brand":[],"product_cat":[108,45,68],"product_tag":[],"class_list":{"0":"post-989217","1":"product","2":"type-product","3":"status-publish","4":"has-post-thumbnail","6":"product_cat-cow","7":"product_cat-horse","8":"product_cat-poultry","10":"first","11":"instock","12":"shipping-taxable","13":"product-type-simple"},"jetpack_sharing_enabled":true,"_links":{"self":[{"href":"https:\/\/agrovetazerbaijan.az\/ru\/wp-json\/wp\/v2\/product\/989217","targetHints":{"allow":["GET"]}}],"collection":[{"href":"https:\/\/agrovetazerbaijan.az\/ru\/wp-json\/wp\/v2\/product"}],"about":[{"href":"https:\/\/agrovetazerbaijan.az\/ru\/wp-json\/wp\/v2\/types\/product"}],"replies":[{"embeddable":true,"href":"https:\/\/agrovetazerbaijan.az\/ru\/wp-json\/wp\/v2\/comments?post=989217"}],"version-history":[{"count":2,"href":"https:\/\/agrovetazerbaijan.az\/ru\/wp-json\/wp\/v2\/product\/989217\/revisions"}],"predecessor-version":[{"id":989731,"href":"https:\/\/agrovetazerbaijan.az\/ru\/wp-json\/wp\/v2\/product\/989217\/revisions\/989731"}],"wp:featuredmedia":[{"embeddable":true,"href":"https:\/\/agrovetazerbaijan.az\/ru\/wp-json\/wp\/v2\/media\/989218"}],"wp:attachment":[{"href":"https:\/\/agrovetazerbaijan.az\/ru\/wp-json\/wp\/v2\/media?parent=989217"}],"wp:term":[{"taxonomy":"product_brand","embeddable":true,"href":"https:\/\/agrovetazerbaijan.az\/ru\/wp-json\/wp\/v2\/product_brand?post=989217"},{"taxonomy":"product_cat","embeddable":true,"href":"https:\/\/agrovetazerbaijan.az\/ru\/wp-json\/wp\/v2\/product_cat?post=989217"},{"taxonomy":"product_tag","embeddable":true,"href":"https:\/\/agrovetazerbaijan.az\/ru\/wp-json\/wp\/v2\/product_tag?post=989217"}],"curies":[{"name":"WP","href":"https:\/\/api.w.org\/{rel}","templated":true}]}}