{"id":989214,"date":"2025-03-23T15:03:29","date_gmt":"2025-03-23T15:03:29","guid":{"rendered":"https:\/\/agrovetazerbaijan.az\/?post_type=product&#038;p=989214"},"modified":"2025-08-05T01:01:19","modified_gmt":"2025-08-05T01:01:19","slug":"neomix-700-ws","status":"publish","type":"product","link":"https:\/\/agrovetazerbaijan.az\/ru\/product\/neomix-700-ws\/","title":{"rendered":"\u041d\u0435\u043e\u043c\u0438\u043a\u0441-700 WS"},"content":{"rendered":"<div class=\"vgblk-rw-wrapper limit-wrapper\">\n<h3 data-start=\"91\" data-end=\"128\">\u041d\u0435\u043e\u043c\u0438\u0446\u0438\u043d 70% \u0432\u043e\u0434\u043e\u0440\u0430\u0441\u0442\u0432\u043e\u0440\u0438\u043c\u044b\u0439 \u043f\u043e\u0440\u043e\u0448\u043e\u043a<\/h3>\n<hr data-start=\"130\" data-end=\"133\" \/>\n<p data-start=\"135\" data-end=\"188\"><strong data-start=\"135\" data-end=\"147\">\u0418\u043d\u0433\u0440\u0435\u0434\u0438\u0435\u043d\u0442\u044b:<\/strong><br data-start=\"147\" data-end=\"150\" \/>\u041d\u0435\u043e\u043c\u0438\u0446\u0438\u043d\u0430 \u0441\u0443\u043b\u044c\u0444\u0430\u0442 \u2014 700 \u043c\u0433 (\u043d\u0430 \u0433\u0440\u0430\u043c\u043c).<\/p>\n<hr data-start=\"190\" data-end=\"193\" \/>\n<p data-start=\"195\" data-end=\"806\"><strong data-start=\"195\" data-end=\"207\">\u041e\u043f\u0438\u0441\u0430\u043d\u0438\u0435:<\/strong><br data-start=\"207\" data-end=\"210\" \/>\u041d\u0435\u043e\u043c\u0438\u0446\u0438\u043d \u2013 \u044d\u0442\u043e \u0431\u0430\u043a\u0442\u0435\u0440\u0438\u0446\u0438\u0434\u043d\u044b\u0439 \u0430\u043c\u0438\u043d\u043e\u0433\u043b\u0438\u043a\u043e\u0437\u0438\u0434\u043d\u044b\u0439 \u0430\u043d\u0442\u0438\u0431\u0438\u043e\u0442\u0438\u043a \u0448\u0438\u0440\u043e\u043a\u043e\u0433\u043e \u0441\u043f\u0435\u043a\u0442\u0440\u0430 \u0434\u0435\u0439\u0441\u0442\u0432\u0438\u044f, \u043e\u0441\u043e\u0431\u0435\u043d\u043d\u043e \u0430\u043a\u0442\u0438\u0432\u043d\u044b\u0439 \u043f\u0440\u043e\u0442\u0438\u0432 \u043d\u0435\u043a\u043e\u0442\u043e\u0440\u044b\u0445 \u043f\u0440\u0435\u0434\u0441\u0442\u0430\u0432\u0438\u0442\u0435\u043b\u0435\u0439 \u0441\u0435\u043c\u0435\u0439\u0441\u0442\u0432\u0430 Enterobacteriaceae, \u0442\u0430\u043a\u0438\u0445 \u043a\u0430\u043a <em data-start=\"340\" data-end=\"358\">\u041a\u0438\u0448\u0435\u0447\u043d\u0430\u044f \u043f\u0430\u043b\u043e\u0447\u043a\u0430<\/em> \u041e\u043d \u044d\u0444\u0444\u0435\u043a\u0442\u0438\u0432\u0435\u043d \u043f\u0440\u043e\u0442\u0438\u0432 \u0431\u0430\u043a\u0442\u0435\u0440\u0438\u0439. \u041c\u0435\u0445\u0430\u043d\u0438\u0437\u043c \u0434\u0435\u0439\u0441\u0442\u0432\u0438\u044f \u043e\u0441\u043d\u043e\u0432\u0430\u043d \u043d\u0430 \u0440\u0438\u0431\u043e\u0441\u043e\u043c\u0430\u043b\u044c\u043d\u043e\u043c \u0443\u0440\u043e\u0432\u043d\u0435. \u041f\u0440\u0438 \u043f\u0435\u0440\u043e\u0440\u0430\u043b\u044c\u043d\u043e\u043c \u043f\u0440\u0438\u043c\u0435\u043d\u0435\u043d\u0438\u0438 \u043b\u0438\u0448\u044c \u043d\u0435\u0431\u043e\u043b\u044c\u0448\u0430\u044f \u0447\u0430\u0441\u0442\u044c (&lt;5%) \u0432\u0441\u0430\u0441\u044b\u0432\u0430\u0435\u0442\u0441\u044f \u0441\u0438\u0441\u0442\u0435\u043c\u043d\u043e, \u043e\u0441\u0442\u0430\u043b\u044c\u043d\u0430\u044f \u0447\u0430\u0441\u0442\u044c \u043e\u0441\u0442\u0430\u0435\u0442\u0441\u044f \u0432 \u043f\u0438\u0449\u0435\u0432\u0430\u0440\u0438\u0442\u0435\u043b\u044c\u043d\u043e\u043c \u0442\u0440\u0430\u043a\u0442\u0435 \u0436\u0438\u0432\u043e\u0442\u043d\u043e\u0433\u043e \u0432 \u0432\u0438\u0434\u0435 \u0430\u043a\u0442\u0438\u0432\u043d\u043e\u0433\u043e \u0432\u0435\u0449\u0435\u0441\u0442\u0432\u0430. \u041d\u0435\u043e\u043c\u0438\u0446\u0438\u043d \u043d\u0435 \u0438\u043d\u0430\u043a\u0442\u0438\u0432\u0438\u0440\u0443\u0435\u0442\u0441\u044f \u0444\u0435\u0440\u043c\u0435\u043d\u0442\u0430\u043c\u0438 \u0438\u043b\u0438 \u043f\u0438\u0449\u0435\u0439. \u0411\u043b\u0430\u0433\u043e\u0434\u0430\u0440\u044f \u044d\u0442\u0438\u043c \u0441\u0432\u043e\u0439\u0441\u0442\u0432\u0430\u043c \u043d\u0435\u043e\u043c\u0438\u0446\u0438\u043d \u044f\u0432\u043b\u044f\u0435\u0442\u0441\u044f \u044d\u0444\u0444\u0435\u043a\u0442\u0438\u0432\u043d\u044b\u043c \u0430\u043d\u0442\u0438\u0431\u0438\u043e\u0442\u0438\u043a\u043e\u043c \u0434\u043b\u044f \u043f\u0440\u043e\u0444\u0438\u043b\u0430\u043a\u0442\u0438\u043a\u0438 \u0438 \u043b\u0435\u0447\u0435\u043d\u0438\u044f \u0438\u043d\u0444\u0435\u043a\u0446\u0438\u0439 \u043f\u0438\u0449\u0435\u0432\u0430\u0440\u0438\u0442\u0435\u043b\u044c\u043d\u043e\u0433\u043e \u0442\u0440\u0430\u043a\u0442\u0430, \u0432\u044b\u0437\u0432\u0430\u043d\u043d\u044b\u0445 \u0447\u0443\u0432\u0441\u0442\u0432\u0438\u0442\u0435\u043b\u044c\u043d\u044b\u043c\u0438 \u043a \u043d\u0435\u043e\u043c\u0438\u0446\u0438\u043d\u0443 \u0431\u0430\u043a\u0442\u0435\u0440\u0438\u044f\u043c\u0438.<\/p>\n<hr data-start=\"808\" data-end=\"811\" \/>\n<p data-start=\"813\" data-end=\"1025\"><strong data-start=\"813\" data-end=\"835\">\u041e\u0431\u043b\u0430\u0441\u0442\u0438 \u043f\u0440\u0438\u043c\u0435\u043d\u0435\u043d\u0438\u044f:<\/strong><br data-start=\"835\" data-end=\"838\" \/>Neomix-700 WS \u044d\u0444\u0444\u0435\u043a\u0442\u0438\u0432\u0435\u043d \u043f\u0440\u043e\u0442\u0438\u0432 \u0441\u043b\u0435\u0434\u0443\u044e\u0449\u0438\u0445 \u0431\u0430\u043a\u0442\u0435\u0440\u0438\u0439 (\u043d\u0430\u043f\u0440\u0438\u043c\u0435\u0440, <em data-start=\"886\" data-end=\"895\">\u043a\u0438\u0448\u0435\u0447\u043d\u0430\u044f \u043f\u0430\u043b\u043e\u0447\u043a\u0430<\/em>, <em data-start=\"897\" data-end=\"909\">\u0421\u0430\u043b\u044c\u043c\u043e\u043d\u0435\u043b\u043b\u0430<\/em> spp. \u0438 <em data-start=\"918\" data-end=\"933\">\u041a\u0430\u043c\u043f\u0438\u043b\u043e\u0431\u0430\u043a\u0442\u0435\u0440<\/em> spp.) \u043f\u0440\u0438\u043c\u0435\u043d\u044f\u0435\u0442\u0441\u044f \u0434\u043b\u044f \u043f\u0440\u043e\u0444\u0438\u043b\u0430\u043a\u0442\u0438\u043a\u0438 \u0438 \u043b\u0435\u0447\u0435\u043d\u0438\u044f \u0431\u0430\u043a\u0442\u0435\u0440\u0438\u0430\u043b\u044c\u043d\u043e\u0433\u043e \u044d\u043d\u0442\u0435\u0440\u0438\u0442\u0430, \u0432\u044b\u0437\u0432\u0430\u043d\u043d\u043e\u0433\u043e:<\/p>\n<ul data-start=\"1026\" data-end=\"1087\">\n<li data-start=\"1026\" data-end=\"1038\">\n<p data-start=\"1028\" data-end=\"1038\">\u0422\u0435\u043b\u044f\u0442\u0430<\/p>\n<\/li>\n<li data-start=\"1039\" data-end=\"1051\">\n<p data-start=\"1041\" data-end=\"1051\">\u041e\u0432\u0446\u0430<\/p>\n<\/li>\n<li data-start=\"1052\" data-end=\"1063\">\n<p data-start=\"1054\" data-end=\"1063\">\u041a\u043e\u0437\u044b<\/p>\n<\/li>\n<li data-start=\"1064\" data-end=\"1076\">\n<p data-start=\"1066\" data-end=\"1076\">\u0421\u0432\u0438\u043d\u044c\u0438<\/p>\n<\/li>\n<li data-start=\"1077\" data-end=\"1087\">\n<p data-start=\"1079\" data-end=\"1087\">\u041f\u0442\u0438\u0446\u044b<\/p>\n<\/li>\n<\/ul>\n<hr data-start=\"1089\" data-end=\"1092\" \/>\n<p data-start=\"1094\" data-end=\"1110\"><strong data-start=\"1094\" data-end=\"1108\">\u0417\u0430\u043f\u0440\u0435\u0442\u044b:<\/strong><\/p>\n<ul data-start=\"1111\" data-end=\"1408\">\n<li data-start=\"1111\" data-end=\"1141\">\n<p data-start=\"1113\" data-end=\"1141\">\u0427\u0443\u0432\u0441\u0442\u0432\u0438\u0442\u0435\u043b\u044c\u043d\u043e\u0441\u0442\u044c \u043a \u043d\u0435\u043e\u043c\u0438\u0446\u0438\u043d\u0443.<\/p>\n<\/li>\n<li data-start=\"1142\" data-end=\"1217\">\n<p data-start=\"1144\" data-end=\"1217\">\u041f\u0440\u0438\u043c\u0435\u043d\u0435\u043d\u0438\u0435 \u0437\u0430\u043f\u0440\u0435\u0449\u0435\u043d\u043e \u0443 \u0436\u0438\u0432\u043e\u0442\u043d\u044b\u0445 \u0441 \u0442\u044f\u0436\u0435\u043b\u044b\u043c\u0438 \u043d\u0430\u0440\u0443\u0448\u0435\u043d\u0438\u044f\u043c\u0438 \u0444\u0443\u043d\u043a\u0446\u0438\u0438 \u043f\u043e\u0447\u0435\u043a.<\/p>\n<\/li>\n<li data-start=\"1218\" data-end=\"1292\">\n<p data-start=\"1220\" data-end=\"1292\">\u041f\u0440\u0435\u043f\u0430\u0440\u0430\u0442 \u043d\u0435 \u0441\u043b\u0435\u0434\u0443\u0435\u0442 \u043f\u0440\u0438\u043c\u0435\u043d\u044f\u0442\u044c \u0436\u0438\u0432\u043e\u0442\u043d\u044b\u043c \u0441 \u0430\u043a\u0442\u0438\u0432\u043d\u044b\u043c \u043c\u0438\u043a\u0440\u043e\u0431\u0438\u043e\u043b\u043e\u0433\u0438\u0447\u0435\u0441\u043a\u0438\u043c \u043f\u0438\u0449\u0435\u0432\u0430\u0440\u0435\u043d\u0438\u0435\u043c.<\/p>\n<\/li>\n<li data-start=\"1293\" data-end=\"1336\">\n<p data-start=\"1295\" data-end=\"1336\">\u041f\u0440\u0438\u043c\u0435\u043d\u0435\u043d\u0438\u0435 \u0432\u043e \u0432\u0440\u0435\u043c\u044f \u0431\u0435\u0440\u0435\u043c\u0435\u043d\u043d\u043e\u0441\u0442\u0438 \u0437\u0430\u043f\u0440\u0435\u0449\u0435\u043d\u043e.<\/p>\n<\/li>\n<li data-start=\"1337\" data-end=\"1408\">\n<p data-start=\"1339\" data-end=\"1408\">\u0417\u0430\u043f\u0440\u0435\u0449\u0435\u043d\u043e \u0438\u0441\u043f\u043e\u043b\u044c\u0437\u043e\u0432\u0430\u043d\u0438\u0435 \u0443 \u043f\u0442\u0438\u0446, \u043f\u0440\u043e\u0438\u0437\u0432\u043e\u0434\u044f\u0449\u0438\u0445 \u044f\u0439\u0446\u0430 \u0434\u043b\u044f \u0443\u043f\u043e\u0442\u0440\u0435\u0431\u043b\u0435\u043d\u0438\u044f \u0432 \u043f\u0438\u0449\u0443 \u0447\u0435\u043b\u043e\u0432\u0435\u043a\u043e\u043c.<\/p>\n<\/li>\n<\/ul>\n<hr data-start=\"1410\" data-end=\"1413\" \/>\n<p data-start=\"1415\" data-end=\"1644\"><strong data-start=\"1415\" data-end=\"1432\">\u041f\u043e\u0431\u043e\u0447\u043d\u044b\u0435 \u044d\u0444\u0444\u0435\u043a\u0442\u044b:<\/strong><br data-start=\"1432\" data-end=\"1435\" \/>\u041f\u0440\u0438 \u043f\u0435\u0440\u043e\u0440\u0430\u043b\u044c\u043d\u043e\u043c \u043f\u0440\u0438\u043c\u0435\u043d\u0435\u043d\u0438\u0438 \u043d\u0435\u043e\u043c\u0438\u0446\u0438\u043d\u0430 \u0435\u0433\u043e \u0442\u0438\u043f\u0438\u0447\u043d\u044b\u0435 \u0442\u043e\u043a\u0441\u0438\u0447\u0435\u0441\u043a\u0438\u0435 \u044d\u0444\u0444\u0435\u043a\u0442\u044b (\u043f\u043e\u0440\u0430\u0436\u0435\u043d\u0438\u0435 \u043f\u043e\u0447\u0435\u043a, \u043f\u043e\u0442\u0435\u0440\u044f \u0441\u043b\u0443\u0445\u0430, \u043d\u0435\u0440\u0432\u043d\u043e-\u043c\u044b\u0448\u0435\u0447\u043d\u0430\u044f \u0431\u043b\u043e\u043a\u0430\u0434\u0430) \u043e\u0431\u044b\u0447\u043d\u043e \u043d\u0435 \u043d\u0430\u0431\u043b\u044e\u0434\u0430\u044e\u0442\u0441\u044f. \u041f\u0440\u0438 \u043f\u0440\u0430\u0432\u0438\u043b\u044c\u043d\u043e\u043c \u0434\u043e\u0437\u0438\u0440\u043e\u0432\u0430\u043d\u0438\u0438 \u0434\u043e\u043f\u043e\u043b\u043d\u0438\u0442\u0435\u043b\u044c\u043d\u044b\u0435 \u043f\u043e\u0431\u043e\u0447\u043d\u044b\u0435 \u044d\u0444\u0444\u0435\u043a\u0442\u044b \u043d\u0435 \u043d\u0430\u0431\u043b\u044e\u0434\u0430\u044e\u0442\u0441\u044f.<\/p>\n<hr data-start=\"1646\" data-end=\"1649\" \/>\n<p data-start=\"1651\" data-end=\"1704\"><strong data-start=\"1651\" data-end=\"1677\">\u0414\u043e\u0437\u0438\u0440\u043e\u0432\u043a\u0430 \u0438 \u0441\u043f\u043e\u0441\u043e\u0431 \u043f\u0440\u0438\u043c\u0435\u043d\u0435\u043d\u0438\u044f:<\/strong><br data-start=\"1677\" data-end=\"1680\" \/>\u041f\u0440\u0435\u043f\u0430\u0440\u0430\u0442 \u043f\u0440\u0438\u043d\u0438\u043c\u0430\u0435\u0442\u0441\u044f \u043f\u0435\u0440\u043e\u0440\u0430\u043b\u044c\u043d\u043e.<\/p>\n<ul data-start=\"1705\" data-end=\"2105\">\n<li data-start=\"1705\" data-end=\"1839\">\n<p data-start=\"1707\" data-end=\"1839\">\u0422\u0435\u043b\u044f\u0442\u0430, \u043e\u0432\u0446\u044b \u0438 \u043a\u043e\u0437\u044b: 10 \u043c\u0433 \u0441\u0443\u043b\u044c\u0444\u0430\u0442\u0430 \u043d\u0435\u043e\u043c\u0438\u0446\u0438\u043d\u0430 \u043d\u0430 \u043a\u0438\u043b\u043e\u0433\u0440\u0430\u043c\u043c \u043c\u0430\u0441\u0441\u044b \u0442\u0435\u043b\u0430 (14 \u043c\u0433\/\u043a\u0433 \u0432 \u0432\u0438\u0434\u0435 \u041d\u0435\u043e\u043c\u0438\u043a\u0441-700 WS) \u0432 \u0442\u0435\u0447\u0435\u043d\u0438\u0435 3\u20135 \u0434\u043d\u0435\u0439.<\/p>\n<\/li>\n<li data-start=\"1840\" data-end=\"2105\">\n<p data-start=\"1842\" data-end=\"2105\">\u0421\u0432\u0438\u043d\u044c\u0438 \u0438 \u043f\u0442\u0438\u0446\u0430: 300 \u0433\u0440\u0430\u043c\u043c \u043d\u0430 2000 \u043b\u0438\u0442\u0440\u043e\u0432 \u043f\u0438\u0442\u044c\u0435\u0432\u043e\u0439 \u0432\u043e\u0434\u044b \u0432 \u0442\u0435\u0447\u0435\u043d\u0438\u0435 3\u20135 \u0434\u043d\u0435\u0439.<br data-start=\"1909\" data-end=\"1912\" \/><strong data-start=\"1912\" data-end=\"1921\">\u041f\u0440\u0438\u043c\u0435\u0447\u0430\u043d\u0438\u0435:<\/strong> \u041f\u0440\u0435\u0434\u043d\u0430\u0437\u043d\u0430\u0447\u0435\u043d\u043e \u0442\u043e\u043b\u044c\u043a\u043e \u0434\u043b\u044f \u0442\u0435\u043b\u044f\u0442, \u044f\u0433\u043d\u044f\u0442 \u0438 \u043a\u043e\u0437 \u0441 \u043d\u0435\u0437\u0440\u0435\u043b\u044b\u043c \u0440\u0443\u0431\u0446\u043e\u043c. \u041d\u0435 \u043f\u0440\u0438\u043c\u0435\u043d\u044f\u0442\u044c \u043f\u0442\u0438\u0446\u0430\u043c, \u043f\u0440\u043e\u0438\u0437\u0432\u043e\u0434\u044f\u0449\u0438\u043c \u044f\u0439\u0446\u0430 \u0434\u043b\u044f \u0443\u043f\u043e\u0442\u0440\u0435\u0431\u043b\u0435\u043d\u0438\u044f \u0432 \u043f\u0438\u0449\u0443.<\/p>\n<\/li>\n<\/ul>\n<hr data-start=\"2107\" data-end=\"2110\" \/>\n<p data-start=\"2112\" data-end=\"2134\"><strong data-start=\"2112\" data-end=\"2132\">\u0412\u0440\u0435\u043c\u044f \u043e\u0436\u0438\u0434\u0430\u043d\u0438\u044f:<\/strong><\/p>\n<ul data-start=\"2135\" data-end=\"2219\">\n<li data-start=\"2135\" data-end=\"2219\">\n<p data-start=\"2137\" data-end=\"2147\">\u0414\u043b\u044f \u043c\u044f\u0441\u0430:<\/p>\n<ul data-start=\"2150\" data-end=\"2219\">\n<li data-start=\"2150\" data-end=\"2198\">\n<p data-start=\"2152\" data-end=\"2198\">\u0423 \u0442\u0435\u043b\u044f\u0442, \u043e\u0432\u0435\u0446, \u043a\u043e\u0437 \u0438 \u0441\u0432\u0438\u043d\u0435\u0439: 21 \u0434\u0435\u043d\u044c.<\/p>\n<\/li>\n<li data-start=\"2201\" data-end=\"2219\">\n<p data-start=\"2203\" data-end=\"2219\">\u0423 \u043f\u0442\u0438\u0446: 7 \u0434\u043d\u0435\u0439.<\/p>\n<\/li>\n<\/ul>\n<\/li>\n<\/ul>\n<hr data-start=\"2221\" data-end=\"2224\" \/>\n<p data-start=\"2226\" data-end=\"2286\"><strong data-start=\"2226\" data-end=\"2242\">\u0423\u043f\u0430\u043a\u043e\u0432\u043a\u0430:<\/strong><br data-start=\"2242\" data-end=\"2245\" \/>100-\u0433\u0440\u0430\u043c\u043c\u043e\u0432\u044b\u0439 \u043f\u0430\u043a\u0435\u0442\u0438\u043a \u0438 1000-\u0433\u0440\u0430\u043c\u043c\u043e\u0432\u0430\u044f \u0431\u0430\u043d\u043a\u0430.<\/p>\n<\/div>\n<p><!-- .vgblk-rw-wrapper --><\/p>","protected":false},"excerpt":{"rendered":"<p>Neomycin 70% suya h\u0259ll olunan toz T\u0259rkibi:Neomisin sulfat \u2014 700 mq (h\u0259r qramda). T\u0259sviri:Neomisin geni\u015f spektrli bakterisidal aminoglikozid antibiotikdir v\u0259 x\u00fcsusil\u0259 Enterobacteriaceae ail\u0259sinin b\u0259zi \u00fczvl\u0259rin\u0259, m\u0259s\u0259l\u0259n Escherichia coli bakteriyas\u0131na qar\u015f\u0131 t\u0259sirlidir. T\u0259sir mexanizmi ribosom s\u0259viyy\u0259sind\u0259dir. A\u011f\u0131z yolu il\u0259 t\u0259tbiq olunduqda, sistemik olaraq yaln\u0131z ki\u00e7ik hiss\u0259si (&lt;5%) sorulur, qalan\u0131 is\u0259 aktiv madd\u0259 kimi heyvan\u0131n h\u0259zm trakt\u0131nda&#8230;<\/p>","protected":false},"featured_media":989215,"comment_status":"closed","ping_status":"closed","template":"","meta":{"nf_dc_page":"","_monsterinsights_skip_tracking":false,"_monsterinsights_sitenote_active":false,"_monsterinsights_sitenote_note":"","_monsterinsights_sitenote_category":0},"product_brand":[],"product_cat":[108,251,114,68],"product_tag":[],"class_list":{"0":"post-989214","1":"product","2":"type-product","3":"status-publish","4":"has-post-thumbnail","6":"product_cat-cow","7":"product_cat-veterinary-products","8":"product_cat-sheep","9":"product_cat-poultry","11":"first","12":"instock","13":"shipping-taxable","14":"product-type-simple"},"jetpack_sharing_enabled":true,"_links":{"self":[{"href":"https:\/\/agrovetazerbaijan.az\/ru\/wp-json\/wp\/v2\/product\/989214","targetHints":{"allow":["GET"]}}],"collection":[{"href":"https:\/\/agrovetazerbaijan.az\/ru\/wp-json\/wp\/v2\/product"}],"about":[{"href":"https:\/\/agrovetazerbaijan.az\/ru\/wp-json\/wp\/v2\/types\/product"}],"replies":[{"embeddable":true,"href":"https:\/\/agrovetazerbaijan.az\/ru\/wp-json\/wp\/v2\/comments?post=989214"}],"version-history":[{"count":2,"href":"https:\/\/agrovetazerbaijan.az\/ru\/wp-json\/wp\/v2\/product\/989214\/revisions"}],"predecessor-version":[{"id":989732,"href":"https:\/\/agrovetazerbaijan.az\/ru\/wp-json\/wp\/v2\/product\/989214\/revisions\/989732"}],"wp:featuredmedia":[{"embeddable":true,"href":"https:\/\/agrovetazerbaijan.az\/ru\/wp-json\/wp\/v2\/media\/989215"}],"wp:attachment":[{"href":"https:\/\/agrovetazerbaijan.az\/ru\/wp-json\/wp\/v2\/media?parent=989214"}],"wp:term":[{"taxonomy":"product_brand","embeddable":true,"href":"https:\/\/agrovetazerbaijan.az\/ru\/wp-json\/wp\/v2\/product_brand?post=989214"},{"taxonomy":"product_cat","embeddable":true,"href":"https:\/\/agrovetazerbaijan.az\/ru\/wp-json\/wp\/v2\/product_cat?post=989214"},{"taxonomy":"product_tag","embeddable":true,"href":"https:\/\/agrovetazerbaijan.az\/ru\/wp-json\/wp\/v2\/product_tag?post=989214"}],"curies":[{"name":"WP","href":"https:\/\/api.w.org\/{rel}","templated":true}]}}