{"id":989208,"date":"2025-03-23T15:00:57","date_gmt":"2025-03-23T15:00:57","guid":{"rendered":"https:\/\/agrovetazerbaijan.az\/?post_type=product&#038;p=989208"},"modified":"2025-08-05T01:04:03","modified_gmt":"2025-08-05T01:04:03","slug":"macrolan-ws","status":"publish","type":"product","link":"https:\/\/agrovetazerbaijan.az\/ru\/product\/macrolan-ws\/","title":{"rendered":"\u041c\u0430\u043a\u0440\u043e\u043b\u0430\u043d WS"},"content":{"rendered":"<div class=\"vgblk-rw-wrapper limit-wrapper\">\n<section>\n<div class=\"content-wrap\">\n<div class=\"container\">\n<div class=\"row product-media\">\n<div class=\"product-shop columns large-7 medium-7 small-12\">\n<h3 data-start=\"89\" data-end=\"126\">\u0422\u0438\u043b\u043e\u0437\u0438\u043d 100% \u0412\u043e\u0434\u043e\u0440\u0430\u0441\u0442\u0432\u043e\u0440\u0438\u043c\u044b\u0439 \u043f\u043e\u0440\u043e\u0448\u043e\u043a<\/h3>\n<hr data-start=\"128\" data-end=\"131\" \/>\n<p data-start=\"133\" data-end=\"160\"><strong data-start=\"133\" data-end=\"158\">\u0421\u043e\u0441\u0442\u0430\u0432 (\u043d\u0430 \u0433\u0440\u0430\u043c\u043c):<\/strong><\/p>\n<ul data-start=\"161\" data-end=\"188\">\n<li data-start=\"161\" data-end=\"188\">\n<p data-start=\"163\" data-end=\"188\">\u0422\u0438\u043b\u043e\u0437\u0438\u043d \u0442\u0430\u0440\u0442\u0440\u0430\u0442 \u2014 1000 \u043c\u0433<\/p>\n<\/li>\n<\/ul>\n<hr data-start=\"190\" data-end=\"193\" \/>\n<p data-start=\"195\" data-end=\"439\"><strong data-start=\"195\" data-end=\"207\">\u041e\u043f\u0438\u0441\u0430\u043d\u0438\u0435:<\/strong><br data-start=\"207\" data-end=\"210\" \/>\u0422\u0438\u043b\u043e\u0437\u0438\u043d \u044f\u0432\u043b\u044f\u0435\u0442\u0441\u044f \u043c\u0430\u043a\u0440\u043e\u043b\u0438\u0434\u043d\u044b\u043c \u0430\u043d\u0442\u0438\u0431\u0438\u043e\u0442\u0438\u043a\u043e\u043c \u0438 \u043e\u0431\u043b\u0430\u0434\u0430\u0435\u0442 \u0431\u0430\u043a\u0442\u0435\u0440\u0438\u043e\u0441\u0442\u0430\u0442\u0438\u0447\u0435\u0441\u043a\u043e\u0439 \u0430\u043a\u0442\u0438\u0432\u043d\u043e\u0441\u0442\u044c\u044e \u0432 \u043e\u0442\u043d\u043e\u0448\u0435\u043d\u0438\u0438 \u0433\u0440\u0430\u043c\u043f\u043e\u043b\u043e\u0436\u0438\u0442\u0435\u043b\u044c\u043d\u044b\u0445 \u0438 \u0433\u0440\u0430\u043c\u043e\u0442\u0440\u0438\u0446\u0430\u0442\u0435\u043b\u044c\u043d\u044b\u0445 \u0431\u0430\u043a\u0442\u0435\u0440\u0438\u0439, \u0442\u0430\u043a\u0438\u0445 \u043a\u0430\u043a Campylobacter spp., Mycoplasma spp., Pasteurella spp., Staphylococcus spp., Streptococcus spp. \u0438 Treponema spp.<\/p>\n<hr data-start=\"441\" data-end=\"444\" \/>\n<p data-start=\"446\" data-end=\"827\"><strong data-start=\"446\" data-end=\"468\">\u041e\u0431\u043b\u0430\u0441\u0442\u0438 \u043f\u0440\u0438\u043c\u0435\u043d\u0435\u043d\u0438\u044f:<\/strong><br data-start=\"468\" data-end=\"471\" \/>\u041f\u0440\u0438\u043c\u0435\u043d\u044f\u0435\u0442\u0441\u044f \u0434\u043b\u044f \u043b\u0435\u0447\u0435\u043d\u0438\u044f \u0436\u0435\u043b\u0443\u0434\u043e\u0447\u043d\u043e-\u043a\u0438\u0448\u0435\u0447\u043d\u044b\u0445 \u0438 \u0434\u044b\u0445\u0430\u0442\u0435\u043b\u044c\u043d\u044b\u0445 \u0438\u043d\u0444\u0435\u043a\u0446\u0438\u0439, \u0432\u044b\u0437\u0432\u0430\u043d\u043d\u044b\u0445 \u043c\u0438\u043a\u0440\u043e\u043e\u0440\u0433\u0430\u043d\u0438\u0437\u043c\u0430\u043c\u0438, \u0447\u0443\u0432\u0441\u0442\u0432\u0438\u0442\u0435\u043b\u044c\u043d\u044b\u043c\u0438 \u043a \u0442\u0438\u043b\u043e\u0437\u0438\u043d\u0443. \u042d\u0442\u0438 \u0438\u043d\u0444\u0435\u043a\u0446\u0438\u0438 \u0432\u044b\u0437\u044b\u0432\u0430\u044e\u0442\u0441\u044f Campylobacter spp., Mycoplasma spp., Pasteurella spp., Staphylococcus spp., Streptococcus spp. \u0438 Treponema spp. \u0418\u0441\u043f\u043e\u043b\u044c\u0437\u0443\u0435\u043c\u044b\u0435 \u0436\u0438\u0432\u043e\u0442\u043d\u044b\u0435: \u0442\u0435\u043b\u044f\u0442\u0430, \u043e\u0432\u0446\u044b, \u043a\u043e\u0437\u044b, \u0441\u0432\u0438\u043d\u044c\u0438 \u0438 \u0434\u043e\u043c\u0430\u0448\u043d\u044f\u044f \u043f\u0442\u0438\u0446\u0430.<\/p>\n<hr data-start=\"829\" data-end=\"832\" \/>\n<p data-start=\"834\" data-end=\"850\"><strong data-start=\"834\" data-end=\"848\">\u0417\u0430\u043f\u0440\u0435\u0442\u044b:<\/strong><\/p>\n<ul data-start=\"851\" data-end=\"1036\">\n<li data-start=\"851\" data-end=\"880\">\n<p data-start=\"853\" data-end=\"880\">\u0427\u0443\u0432\u0441\u0442\u0432\u0438\u0442\u0435\u043b\u044c\u043d\u043e\u0441\u0442\u044c \u043a \u0442\u0438\u043b\u043e\u0437\u0438\u043d\u0443.<\/p>\n<\/li>\n<li data-start=\"881\" data-end=\"963\">\n<p data-start=\"883\" data-end=\"963\">\u0415\u0433\u043e \u043d\u0435 \u0441\u043b\u0435\u0434\u0443\u0435\u0442 \u043d\u0430\u0437\u043d\u0430\u0447\u0430\u0442\u044c \u043e\u0434\u043d\u043e\u0432\u0440\u0435\u043c\u0435\u043d\u043d\u043e \u0441 \u043f\u0435\u043d\u0438\u0446\u0438\u043b\u043b\u0438\u043d\u043e\u043c, \u0446\u0435\u0444\u0430\u043b\u043e\u0441\u043f\u043e\u0440\u0438\u043d\u043e\u043c, \u0445\u0438\u043d\u043e\u043b\u043e\u043d\u043e\u043c \u0438 \u0446\u0438\u043a\u043b\u043e\u0441\u0435\u0440\u0438\u043d\u043e\u043c.<\/p>\n<\/li>\n<li data-start=\"964\" data-end=\"1036\">\n<p data-start=\"966\" data-end=\"1036\">\u041f\u0440\u0435\u043f\u0430\u0440\u0430\u0442 \u043d\u0435 \u0441\u043b\u0435\u0434\u0443\u0435\u0442 \u043f\u0440\u0438\u043c\u0435\u043d\u044f\u0442\u044c \u0436\u0438\u0432\u043e\u0442\u043d\u044b\u043c \u0441 \u0430\u043a\u0442\u0438\u0432\u043d\u044b\u043c \u043c\u0438\u043a\u0440\u043e\u0431\u0438\u043e\u043b\u043e\u0433\u0438\u0447\u0435\u0441\u043a\u0438\u043c \u043f\u0438\u0449\u0435\u0432\u0430\u0440\u0435\u043d\u0438\u0435\u043c.<\/p>\n<\/li>\n<\/ul>\n<hr data-start=\"1038\" data-end=\"1041\" \/>\n<p data-start=\"1043\" data-end=\"1136\"><strong data-start=\"1043\" data-end=\"1060\">\u041f\u043e\u0431\u043e\u0447\u043d\u044b\u0435 \u044d\u0444\u0444\u0435\u043a\u0442\u044b:<\/strong><br data-start=\"1060\" data-end=\"1063\" \/>\u041c\u043e\u0433\u0443\u0442 \u0432\u043e\u0437\u043d\u0438\u043a\u043d\u0443\u0442\u044c \u0434\u0438\u0430\u0440\u0435\u044f, \u0431\u043e\u043b\u0438 \u0432 \u0432\u0435\u0440\u0445\u043d\u0435\u0439 \u0447\u0430\u0441\u0442\u0438 \u0436\u0438\u0432\u043e\u0442\u0430 \u0438 \u0431\u043e\u043b\u0435\u0437\u043d\u0435\u043d\u043d\u043e\u0441\u0442\u044c \u043a\u043e\u0436\u0438.<\/p>\n<hr data-start=\"1138\" data-end=\"1141\" \/>\n<p data-start=\"1143\" data-end=\"1194\"><strong data-start=\"1143\" data-end=\"1169\">\u0414\u043e\u0437\u0438\u0440\u043e\u0432\u043a\u0430 \u0438 \u0441\u043f\u043e\u0441\u043e\u0431 \u043f\u0440\u0438\u043c\u0435\u043d\u0435\u043d\u0438\u044f:<\/strong><br data-start=\"1169\" data-end=\"1172\" \/>\u041f\u0440\u0435\u043f\u0430\u0440\u0430\u0442 \u043f\u0440\u0438\u043d\u0438\u043c\u0430\u0435\u0442\u0441\u044f \u043f\u0435\u0440\u043e\u0440\u0430\u043b\u044c\u043d\u043e.<\/p>\n<ul data-start=\"1196\" data-end=\"1424\">\n<li data-start=\"1196\" data-end=\"1300\">\n<p data-start=\"1198\" data-end=\"1300\">\u0422\u0435\u043b\u044f\u0442\u0430, \u043e\u0432\u0446\u044b \u0438 \u043a\u043e\u0437\u044b: \u0434\u0432\u0430 \u0440\u0430\u0437\u0430 \u0432 \u0434\u0435\u043d\u044c \u043f\u043e 5 \u0433 \u043d\u0430 220\u2013250 \u043a\u0433 \u043c\u0430\u0441\u0441\u044b \u0442\u0435\u043b\u0430 \u0432 \u0442\u0435\u0447\u0435\u043d\u0438\u0435 5\u20137 \u0434\u043d\u0435\u0439.<\/p>\n<\/li>\n<li data-start=\"1301\" data-end=\"1363\">\n<p data-start=\"1303\" data-end=\"1363\">\u0421\u0432\u0438\u043d\u044c\u0438: 1 \u043a\u0433 \u043d\u0430 3000\u20134000 \u043b\u0438\u0442\u0440\u043e\u0432 \u043f\u0438\u0442\u044c\u0435\u0432\u043e\u0439 \u0432\u043e\u0434\u044b \u0432 \u0442\u0435\u0447\u0435\u043d\u0438\u0435 5\u20137 \u0434\u043d\u0435\u0439.<\/p>\n<\/li>\n<li data-start=\"1364\" data-end=\"1424\">\n<p data-start=\"1366\" data-end=\"1424\">\u041f\u0442\u0438\u0446\u044b: 1 \u043a\u0433 \u043d\u0430 1500\u20132000 \u043b\u0438\u0442\u0440\u043e\u0432 \u043f\u0438\u0442\u044c\u0435\u0432\u043e\u0439 \u0432\u043e\u0434\u044b \u0432 \u0442\u0435\u0447\u0435\u043d\u0438\u0435 3\u20135 \u0434\u043d\u0435\u0439.<\/p>\n<\/li>\n<\/ul>\n<p data-start=\"1426\" data-end=\"1546\"><strong data-start=\"1426\" data-end=\"1435\">\u041f\u0440\u0438\u043c\u0435\u0447\u0430\u043d\u0438\u0435:<\/strong> \u041f\u0440\u0435\u043f\u0430\u0440\u0430\u0442 \u043f\u0440\u0435\u0434\u043d\u0430\u0437\u043d\u0430\u0447\u0435\u043d \u0442\u043e\u043b\u044c\u043a\u043e \u0434\u043b\u044f \u0442\u0435\u043b\u044f\u0442, \u044f\u0433\u043d\u044f\u0442 \u0438 \u043a\u043e\u0437, \u0443 \u043a\u043e\u0442\u043e\u0440\u044b\u0445 \u0440\u0443\u0431\u0446\u043e\u0432\u0430\u044f \u0441\u0438\u0441\u0442\u0435\u043c\u0430 \u0435\u0449\u0435 \u043d\u0435 \u0440\u0430\u0437\u0432\u0438\u0442\u0430.<\/p>\n<hr data-start=\"1548\" data-end=\"1551\" \/>\n<p data-start=\"1553\" data-end=\"1575\"><strong data-start=\"1553\" data-end=\"1573\">\u0412\u0440\u0435\u043c\u044f \u043e\u0436\u0438\u0434\u0430\u043d\u0438\u044f:<\/strong><\/p>\n<ul data-start=\"1576\" data-end=\"1659\">\n<li data-start=\"1576\" data-end=\"1659\">\n<p data-start=\"1578\" data-end=\"1588\">\u0414\u043b\u044f \u043c\u044f\u0441\u0430:<\/p>\n<ul data-start=\"1591\" data-end=\"1659\">\n<li data-start=\"1591\" data-end=\"1639\">\n<p data-start=\"1593\" data-end=\"1639\">\u0422\u0435\u043b\u044f\u0442\u0430, \u043e\u0432\u0446\u044b, \u043a\u043e\u0437\u044b \u0438 \u0434\u043e\u043c\u0430\u0448\u043d\u044f\u044f \u043f\u0442\u0438\u0446\u0430: 5 \u0434\u043d\u0435\u0439<\/p>\n<\/li>\n<li data-start=\"1642\" data-end=\"1659\">\n<p data-start=\"1644\" data-end=\"1659\">\u0421\u0432\u0438\u043d\u044c\u0438: 3 \u0434\u043d\u044f<\/p>\n<\/li>\n<\/ul>\n<\/li>\n<\/ul>\n<hr data-start=\"1661\" data-end=\"1664\" \/>\n<p data-start=\"1666\" data-end=\"1749\"><strong data-start=\"1666\" data-end=\"1682\">\u0423\u043f\u0430\u043a\u043e\u0432\u043a\u0430:<\/strong><br data-start=\"1682\" data-end=\"1685\" \/>\u041f\u0430\u043a\u0435\u0442\u0438\u043a\u0438 \u043f\u043e 10, 30 \u0438 100 \u0433\u0440\u0430\u043c\u043c, \u0430 \u0442\u0430\u043a\u0436\u0435 \u0431\u0430\u043d\u043a\u0430 \u043f\u043e 1000 \u0433\u0440\u0430\u043c\u043c.<\/p>\n<\/div>\n<\/div>\n<\/div>\n<\/div>\n<\/section>\n<\/div>\n<p><!-- .vgblk-rw-wrapper --><\/p>","protected":false},"excerpt":{"rendered":"<p>Tylosin 100% Suya H\u0259ll Olunan Toz T\u0259rkibi (h\u0259r qramda): Tylosin tartrat \u2014 1000 mq T\u0259sviri:Tylosin makrolid antibiotikdir v\u0259 Campylobacter spp., Mycoplasma spp., Pasteurella spp., Staphylococcus spp., Streptococcus spp. v\u0259 Treponema spp. kimi Gram-m\u00fcsb\u0259t v\u0259 Gram-m\u0259nfi bakteriyalara qar\u015f\u0131 bakteriyostatik t\u0259sir g\u00f6st\u0259rir. \u0130stifad\u0259 sah\u0259l\u0259ri:Tylosin-\u0259 h\u0259ssas mikroorqanizml\u0259rin yaratd\u0131\u011f\u0131 m\u0259d\u0259-ba\u011f\u0131rsaq v\u0259 t\u0259n\u0259ff\u00fcs yollar\u0131n\u0131n infeksiyalar\u0131n\u0131n m\u00fcalic\u0259sind\u0259 istifad\u0259 olunur. Bu infeksiyalar&#8230;<\/p>","protected":false},"featured_media":989209,"comment_status":"closed","ping_status":"closed","template":"","meta":{"nf_dc_page":"","_monsterinsights_skip_tracking":false,"_monsterinsights_sitenote_active":false,"_monsterinsights_sitenote_note":"","_monsterinsights_sitenote_category":0},"product_brand":[],"product_cat":[108,251,68],"product_tag":[],"class_list":{"0":"post-989208","1":"product","2":"type-product","3":"status-publish","4":"has-post-thumbnail","6":"product_cat-cow","7":"product_cat-veterinary-products","8":"product_cat-poultry","10":"first","11":"instock","12":"shipping-taxable","13":"product-type-simple"},"jetpack_sharing_enabled":true,"_links":{"self":[{"href":"https:\/\/agrovetazerbaijan.az\/ru\/wp-json\/wp\/v2\/product\/989208","targetHints":{"allow":["GET"]}}],"collection":[{"href":"https:\/\/agrovetazerbaijan.az\/ru\/wp-json\/wp\/v2\/product"}],"about":[{"href":"https:\/\/agrovetazerbaijan.az\/ru\/wp-json\/wp\/v2\/types\/product"}],"replies":[{"embeddable":true,"href":"https:\/\/agrovetazerbaijan.az\/ru\/wp-json\/wp\/v2\/comments?post=989208"}],"version-history":[{"count":2,"href":"https:\/\/agrovetazerbaijan.az\/ru\/wp-json\/wp\/v2\/product\/989208\/revisions"}],"predecessor-version":[{"id":989734,"href":"https:\/\/agrovetazerbaijan.az\/ru\/wp-json\/wp\/v2\/product\/989208\/revisions\/989734"}],"wp:featuredmedia":[{"embeddable":true,"href":"https:\/\/agrovetazerbaijan.az\/ru\/wp-json\/wp\/v2\/media\/989209"}],"wp:attachment":[{"href":"https:\/\/agrovetazerbaijan.az\/ru\/wp-json\/wp\/v2\/media?parent=989208"}],"wp:term":[{"taxonomy":"product_brand","embeddable":true,"href":"https:\/\/agrovetazerbaijan.az\/ru\/wp-json\/wp\/v2\/product_brand?post=989208"},{"taxonomy":"product_cat","embeddable":true,"href":"https:\/\/agrovetazerbaijan.az\/ru\/wp-json\/wp\/v2\/product_cat?post=989208"},{"taxonomy":"product_tag","embeddable":true,"href":"https:\/\/agrovetazerbaijan.az\/ru\/wp-json\/wp\/v2\/product_tag?post=989208"}],"curies":[{"name":"WP","href":"https:\/\/api.w.org\/{rel}","templated":true}]}}