{"id":989202,"date":"2025-03-23T14:56:49","date_gmt":"2025-03-23T14:56:49","guid":{"rendered":"https:\/\/agrovetazerbaijan.az\/?post_type=product&#038;p=989202"},"modified":"2025-08-05T01:04:55","modified_gmt":"2025-08-05T01:04:55","slug":"limoxin-ws","status":"publish","type":"product","link":"https:\/\/agrovetazerbaijan.az\/ru\/product\/limoxin-ws\/","title":{"rendered":"\u041b\u0438\u043c\u043e\u043a\u0441\u0438\u043d WS"},"content":{"rendered":"<div class=\"vgblk-rw-wrapper limit-wrapper\">\n<h3 data-start=\"102\" data-end=\"146\">\u041e\u043a\u0441\u0438\u0442\u0435\u0442\u0440\u0430\u0446\u0438\u043a\u043b\u0438\u043d 40% \u0412\u043e\u0434\u043e\u0440\u0430\u0441\u0442\u0432\u043e\u0440\u0438\u043c\u044b\u0439 \u043f\u043e\u0440\u043e\u0448\u043e\u043a<\/h3>\n<hr data-start=\"148\" data-end=\"151\" \/>\n<p data-start=\"153\" data-end=\"180\"><strong data-start=\"153\" data-end=\"178\">\u0421\u043e\u0441\u0442\u0430\u0432 (\u043d\u0430 \u0433\u0440\u0430\u043c\u043c):<\/strong><\/p>\n<ul data-start=\"181\" data-end=\"219\">\n<li data-start=\"181\" data-end=\"219\">\n<p data-start=\"183\" data-end=\"219\">\u041e\u043a\u0441\u0438\u0442\u0435\u0442\u0440\u0430\u0446\u0438\u043a\u043b\u0438\u043d\u0430 \u0433\u0438\u0434\u0440\u043e\u0445\u043b\u043e\u0440\u0438\u0434 \u2014 400 \u043c\u0433<\/p>\n<\/li>\n<\/ul>\n<hr data-start=\"221\" data-end=\"224\" \/>\n<p data-start=\"226\" data-end=\"757\"><strong data-start=\"226\" data-end=\"238\">\u041e\u043f\u0438\u0441\u0430\u043d\u0438\u0435:<\/strong><br data-start=\"238\" data-end=\"241\" \/>\u041e\u043a\u0441\u0438\u0442\u0435\u0442\u0440\u0430\u0446\u0438\u043a\u043b\u0438\u043d \u043e\u0442\u043d\u043e\u0441\u0438\u0442\u0441\u044f \u043a \u0433\u0440\u0443\u043f\u043f\u0435 \u0442\u0435\u0442\u0440\u0430\u0446\u0438\u043a\u043b\u0438\u043d\u043e\u0432 \u0438 \u043e\u043a\u0430\u0437\u044b\u0432\u0430\u0435\u0442 \u0431\u0430\u043a\u0442\u0435\u0440\u0438\u043e\u0441\u0442\u0430\u0442\u0438\u0447\u0435\u0441\u043a\u043e\u0435 \u0434\u0435\u0439\u0441\u0442\u0432\u0438\u0435 \u043f\u0440\u043e\u0442\u0438\u0432 \u0448\u0438\u0440\u043e\u043a\u043e\u0433\u043e \u0441\u043f\u0435\u043a\u0442\u0440\u0430 \u0433\u0440\u0430\u043c\u043f\u043e\u043b\u043e\u0436\u0438\u0442\u0435\u043b\u044c\u043d\u044b\u0445 \u0438 \u0433\u0440\u0430\u043c\u043e\u0442\u0440\u0438\u0446\u0430\u0442\u0435\u043b\u044c\u043d\u044b\u0445 \u0431\u0430\u043a\u0442\u0435\u0440\u0438\u0439, \u0432\u043a\u043b\u044e\u0447\u0430\u044f Bordetella spp., Bacillus spp., Corynebacterium spp., Campylobacter spp., E. coli, Haemophilus spp., Pasteurella spp., Salmonella spp., Staphylococcus spp. \u0438 Streptococcus spp., \u0430 \u0442\u0430\u043a\u0436\u0435 Mycoplasma spp., Rickettsia spp. \u0438 Chlamydia spp. \u041e\u043a\u0441\u0438\u0442\u0435\u0442\u0440\u0430\u0446\u0438\u043a\u043b\u0438\u043d \u043f\u043e\u0434\u0430\u0432\u043b\u044f\u0435\u0442 \u0441\u0438\u043d\u0442\u0435\u0437 \u0431\u0430\u043a\u0442\u0435\u0440\u0438\u0430\u043b\u044c\u043d\u043e\u0433\u043e \u0431\u0435\u043b\u043a\u0430. \u0412\u044b\u0432\u043e\u0434\u0438\u0442\u0441\u044f \u0432 \u043e\u0441\u043d\u043e\u0432\u043d\u043e\u043c \u0441 \u043c\u043e\u0447\u043e\u0439, \u0432 \u043d\u0435\u0431\u043e\u043b\u044c\u0448\u0438\u0445 \u043a\u043e\u043b\u0438\u0447\u0435\u0441\u0442\u0432\u0430\u0445 \u0442\u0430\u043a\u0436\u0435 \u0441 \u0436\u0435\u043b\u0447\u044c\u044e \u0438 \u043c\u043e\u043b\u043e\u043a\u043e\u043c.<\/p>\n<hr data-start=\"759\" data-end=\"762\" \/>\n<p data-start=\"764\" data-end=\"1285\"><strong data-start=\"764\" data-end=\"786\">\u041e\u0431\u043b\u0430\u0441\u0442\u0438 \u043f\u0440\u0438\u043c\u0435\u043d\u0435\u043d\u0438\u044f:<\/strong><br data-start=\"786\" data-end=\"789\" \/>\u041e\u043d \u0438\u0441\u043f\u043e\u043b\u044c\u0437\u0443\u0435\u0442\u0441\u044f \u0434\u043b\u044f \u043b\u0435\u0447\u0435\u043d\u0438\u044f \u0436\u0435\u043b\u0443\u0434\u043e\u0447\u043d\u043e-\u043a\u0438\u0448\u0435\u0447\u043d\u044b\u0445 \u0438 \u0434\u044b\u0445\u0430\u0442\u0435\u043b\u044c\u043d\u044b\u0445 \u0438\u043d\u0444\u0435\u043a\u0446\u0438\u0439, \u0432\u044b\u0437\u0432\u0430\u043d\u043d\u044b\u0445 \u0431\u0430\u043a\u0442\u0435\u0440\u0438\u044f\u043c\u0438, \u0447\u0443\u0432\u0441\u0442\u0432\u0438\u0442\u0435\u043b\u044c\u043d\u044b\u043c\u0438 \u043a \u043e\u043a\u0441\u0438\u0442\u0435\u0442\u0440\u0430\u0446\u0438\u043a\u043b\u0438\u043d\u0443. \u0411\u0430\u043a\u0442\u0435\u0440\u0438\u0438, \u0432\u044b\u0437\u044b\u0432\u0430\u044e\u0449\u0438\u0435 \u0438\u043d\u0444\u0435\u043a\u0446\u0438\u044e: Bordetella spp., Bacillus spp., Corynebacterium spp., Campylobacter spp., E. coli, Haemophilus spp., Pasteurella spp., Salmonella spp., Staphylococcus spp., Streptococcus spp., Mycoplasma spp., Rickettsia spp. \u0438 Chlamydia spp.<br data-start=\"1207\" data-end=\"1210\" \/>\u0418\u0441\u043f\u043e\u043b\u044c\u0437\u0443\u0435\u043c\u044b\u0435 \u0436\u0438\u0432\u043e\u0442\u043d\u044b\u0435: \u0442\u0435\u043b\u044f\u0442\u0430, \u043e\u0432\u0446\u044b, \u043a\u043e\u0437\u044b, \u0441\u0432\u0438\u043d\u044c\u0438 \u0438 \u043f\u0442\u0438\u0446\u044b.<\/p>\n<hr data-start=\"1287\" data-end=\"1290\" \/>\n<p data-start=\"1292\" data-end=\"1308\"><strong data-start=\"1292\" data-end=\"1306\">\u0417\u0430\u043f\u0440\u0435\u0442\u044b:<\/strong><\/p>\n<ul data-start=\"1309\" data-end=\"1591\">\n<li data-start=\"1309\" data-end=\"1345\">\n<p data-start=\"1311\" data-end=\"1345\">\u0427\u0443\u0432\u0441\u0442\u0432\u0438\u0442\u0435\u043b\u044c\u043d\u043e\u0441\u0442\u044c \u043a \u0442\u0435\u0442\u0440\u0430\u0446\u0438\u043a\u043b\u0438\u043d\u0430\u043c.<\/p>\n<\/li>\n<li data-start=\"1346\" data-end=\"1431\">\n<p data-start=\"1348\" data-end=\"1431\">\u041d\u0435 \u0441\u043b\u0435\u0434\u0443\u0435\u0442 \u043f\u0440\u0438\u043c\u0435\u043d\u044f\u0442\u044c \u0443 \u0436\u0438\u0432\u043e\u0442\u043d\u044b\u0445 \u0441 \u043d\u0430\u0440\u0443\u0448\u0435\u043d\u0438\u044f\u043c\u0438 \u0444\u0443\u043d\u043a\u0446\u0438\u0438 \u043f\u043e\u0447\u0435\u043a \u0438\/\u0438\u043b\u0438 \u043f\u0435\u0447\u0435\u043d\u0438.<\/p>\n<\/li>\n<li data-start=\"1432\" data-end=\"1516\">\n<p data-start=\"1434\" data-end=\"1516\">\u0415\u0433\u043e \u043d\u0435 \u0441\u043b\u0435\u0434\u0443\u0435\u0442 \u043f\u0440\u0438\u043c\u0435\u043d\u044f\u0442\u044c \u0432\u043c\u0435\u0441\u0442\u0435 \u0441 \u043f\u0435\u043d\u0438\u0446\u0438\u043b\u043b\u0438\u043d\u043e\u043c, \u0446\u0435\u0444\u0430\u043b\u043e\u0441\u043f\u043e\u0440\u0438\u043d\u043e\u043c, \u0445\u0438\u043d\u043e\u043b\u043e\u043d\u043e\u043c \u0438 \u0446\u0438\u043a\u043b\u043e\u0441\u0435\u0440\u0438\u043d\u043e\u043c.<\/p>\n<\/li>\n<li data-start=\"1517\" data-end=\"1591\">\n<p data-start=\"1519\" data-end=\"1591\">\u041d\u0435 \u0441\u043b\u0435\u0434\u0443\u0435\u0442 \u043f\u0440\u0438\u043c\u0435\u043d\u044f\u0442\u044c \u0436\u0438\u0432\u043e\u0442\u043d\u044b\u043c \u0441 \u0430\u043a\u0442\u0438\u0432\u043d\u044b\u043c \u043c\u0438\u043a\u0440\u043e\u0431\u0438\u043e\u043b\u043e\u0433\u0438\u0447\u0435\u0441\u043a\u0438\u043c \u043f\u0438\u0449\u0435\u0432\u0430\u0440\u0435\u043d\u0438\u0435\u043c.<\/p>\n<\/li>\n<\/ul>\n<hr data-start=\"1593\" data-end=\"1596\" \/>\n<p data-start=\"1598\" data-end=\"1617\"><strong data-start=\"1598\" data-end=\"1615\">\u041f\u043e\u0431\u043e\u0447\u043d\u044b\u0435 \u044d\u0444\u0444\u0435\u043a\u0442\u044b:<\/strong><\/p>\n<ul data-start=\"1618\" data-end=\"1693\">\n<li data-start=\"1618\" data-end=\"1667\">\n<p data-start=\"1620\" data-end=\"1667\">\u0418\u0437\u043c\u0435\u043d\u0435\u043d\u0438\u0435 \u0446\u0432\u0435\u0442\u0430 \u0437\u0443\u0431\u043e\u0432 \u0443 \u043c\u043e\u043b\u043e\u0434\u044b\u0445 \u0436\u0438\u0432\u043e\u0442\u043d\u044b\u0445.<\/p>\n<\/li>\n<li data-start=\"1668\" data-end=\"1693\">\n<p data-start=\"1670\" data-end=\"1693\">\u0420\u0435\u0430\u043a\u0446\u0438\u0438 \u0447\u0443\u0432\u0441\u0442\u0432\u0438\u0442\u0435\u043b\u044c\u043d\u043e\u0441\u0442\u0438.<\/p>\n<\/li>\n<\/ul>\n<hr data-start=\"1695\" data-end=\"1698\" \/>\n<p data-start=\"1700\" data-end=\"1751\"><strong data-start=\"1700\" data-end=\"1726\">\u0414\u043e\u0437\u0438\u0440\u043e\u0432\u043a\u0430 \u0438 \u0441\u043f\u043e\u0441\u043e\u0431 \u043f\u0440\u0438\u043c\u0435\u043d\u0435\u043d\u0438\u044f:<\/strong><br data-start=\"1726\" data-end=\"1729\" \/>\u041f\u0440\u0435\u043f\u0430\u0440\u0430\u0442 \u043f\u0440\u0438\u043d\u0438\u043c\u0430\u0435\u0442\u0441\u044f \u043f\u0435\u0440\u043e\u0440\u0430\u043b\u044c\u043d\u043e.<\/p>\n<ul data-start=\"1753\" data-end=\"1921\">\n<li data-start=\"1753\" data-end=\"1855\">\n<p data-start=\"1755\" data-end=\"1855\">\u0422\u0435\u043b\u044f\u0442\u0430, \u043e\u0432\u0446\u044b \u0438 \u043a\u043e\u0437\u044b: \u0434\u0432\u0430 \u0440\u0430\u0437\u0430 \u0432 \u0434\u0435\u043d\u044c \u043f\u043e 1 \u0433\u0440\u0430\u043c\u043c\u0443 \u043d\u0430 20\u201340 \u043a\u0433 \u043c\u0430\u0441\u0441\u044b \u0442\u0435\u043b\u0430 \u0432 \u0442\u0435\u0447\u0435\u043d\u0438\u0435 3\u20135 \u0434\u043d\u0435\u0439.<\/p>\n<\/li>\n<li data-start=\"1856\" data-end=\"1921\">\n<p data-start=\"1858\" data-end=\"1921\">\u0421\u0432\u0438\u043d\u044c\u0438 \u0438 \u043f\u0442\u0438\u0446\u0430: 1 \u043a\u0433 \u043d\u0430 2000 \u043b\u0438\u0442\u0440\u043e\u0432 \u043f\u0438\u0442\u044c\u0435\u0432\u043e\u0439 \u0432\u043e\u0434\u044b \u0432 \u0442\u0435\u0447\u0435\u043d\u0438\u0435 3\u20135 \u0434\u043d\u0435\u0439.<\/p>\n<\/li>\n<\/ul>\n<p data-start=\"1923\" data-end=\"2043\"><strong data-start=\"1923\" data-end=\"1932\">\u041f\u0440\u0438\u043c\u0435\u0447\u0430\u043d\u0438\u0435:<\/strong> \u041f\u0440\u0435\u043f\u0430\u0440\u0430\u0442 \u043f\u0440\u0435\u0434\u043d\u0430\u0437\u043d\u0430\u0447\u0435\u043d \u0442\u043e\u043b\u044c\u043a\u043e \u0434\u043b\u044f \u0442\u0435\u043b\u044f\u0442, \u044f\u0433\u043d\u044f\u0442 \u0438 \u043a\u043e\u0437, \u0443 \u043a\u043e\u0442\u043e\u0440\u044b\u0445 \u0440\u0443\u0431\u0446\u043e\u0432\u0430\u044f \u0441\u0438\u0441\u0442\u0435\u043c\u0430 \u0435\u0449\u0435 \u043d\u0435 \u0440\u0430\u0437\u0432\u0438\u0442\u0430.<\/p>\n<hr data-start=\"2045\" data-end=\"2048\" \/>\n<p data-start=\"2050\" data-end=\"2072\"><strong data-start=\"2050\" data-end=\"2070\">\u0412\u0440\u0435\u043c\u044f \u043e\u0436\u0438\u0434\u0430\u043d\u0438\u044f:<\/strong><\/p>\n<ul data-start=\"2073\" data-end=\"2156\">\n<li data-start=\"2073\" data-end=\"2156\">\n<p data-start=\"2075\" data-end=\"2085\">\u0414\u043b\u044f \u043c\u044f\u0441\u0430:<\/p>\n<ul data-start=\"2088\" data-end=\"2156\">\n<li data-start=\"2088\" data-end=\"2138\">\n<p data-start=\"2090\" data-end=\"2138\">\u0422\u0435\u043b\u044f\u0442\u0430, \u043e\u0432\u0446\u044b, \u043a\u043e\u0437\u044b \u0438 \u0441\u0432\u0438\u043d\u044c\u0438: 8 \u0434\u043d\u0435\u0439<\/p>\n<\/li>\n<li data-start=\"2141\" data-end=\"2156\">\n<p data-start=\"2143\" data-end=\"2156\">\u041f\u0442\u0438\u0446\u044b: 6 \u0434\u043d\u0435\u0439<\/p>\n<\/li>\n<\/ul>\n<\/li>\n<\/ul>\n<hr data-start=\"2158\" data-end=\"2161\" \/>\n<p data-start=\"2163\" data-end=\"2243\"><strong data-start=\"2163\" data-end=\"2179\">\u0423\u043f\u0430\u043a\u043e\u0432\u043a\u0430:<\/strong><br data-start=\"2179\" data-end=\"2182\" \/>\u041f\u0430\u043a\u0435\u0442\u0438\u043a\u0438 \u043f\u043e 10, 30 \u0438 100 \u0433\u0440\u0430\u043c\u043c, \u0430 \u0442\u0430\u043a\u0436\u0435 \u0431\u0430\u043d\u043a\u0430 \u043f\u043e 1000 \u0433\u0440\u0430\u043c\u043c.<\/p>\n<\/div>\n<p><!-- .vgblk-rw-wrapper --><\/p>","protected":false},"excerpt":{"rendered":"<p>Oxytetracycline 40% Suya H\u0259ll Olunan Toz T\u0259rkibi (h\u0259r qramda): Oxytetracycline hidroxlorid \u2014 400 mq T\u0259sviri:Oxytetracycline tetrasiklinl\u0259r qrupuna aiddir v\u0259 Bordetella spp., Bacillus spp., Corynebacterium spp., Campylobacter spp., E. coli, Haemophilus spp., Pasteurella spp., Salmonella spp., Staphylococcus spp. v\u0259 Streptococcus spp., h\u0259m\u00e7inin Mycoplasma spp., Rickettsia spp. v\u0259 Chlamydia spp. kimi \u00e7oxsayl\u0131 Gram-m\u00fcsb\u0259t v\u0259 Gram-m\u0259nfi bakteriyalara qar\u015f\u0131&#8230;<\/p>","protected":false},"featured_media":989203,"comment_status":"closed","ping_status":"closed","template":"","meta":{"nf_dc_page":"","_monsterinsights_skip_tracking":false,"_monsterinsights_sitenote_active":false,"_monsterinsights_sitenote_note":"","_monsterinsights_sitenote_category":0},"product_brand":[],"product_cat":[108,251,68],"product_tag":[],"class_list":{"0":"post-989202","1":"product","2":"type-product","3":"status-publish","4":"has-post-thumbnail","6":"product_cat-cow","7":"product_cat-veterinary-products","8":"product_cat-poultry","10":"first","11":"instock","12":"shipping-taxable","13":"product-type-simple"},"jetpack_sharing_enabled":true,"_links":{"self":[{"href":"https:\/\/agrovetazerbaijan.az\/ru\/wp-json\/wp\/v2\/product\/989202","targetHints":{"allow":["GET"]}}],"collection":[{"href":"https:\/\/agrovetazerbaijan.az\/ru\/wp-json\/wp\/v2\/product"}],"about":[{"href":"https:\/\/agrovetazerbaijan.az\/ru\/wp-json\/wp\/v2\/types\/product"}],"replies":[{"embeddable":true,"href":"https:\/\/agrovetazerbaijan.az\/ru\/wp-json\/wp\/v2\/comments?post=989202"}],"version-history":[{"count":2,"href":"https:\/\/agrovetazerbaijan.az\/ru\/wp-json\/wp\/v2\/product\/989202\/revisions"}],"predecessor-version":[{"id":989736,"href":"https:\/\/agrovetazerbaijan.az\/ru\/wp-json\/wp\/v2\/product\/989202\/revisions\/989736"}],"wp:featuredmedia":[{"embeddable":true,"href":"https:\/\/agrovetazerbaijan.az\/ru\/wp-json\/wp\/v2\/media\/989203"}],"wp:attachment":[{"href":"https:\/\/agrovetazerbaijan.az\/ru\/wp-json\/wp\/v2\/media?parent=989202"}],"wp:term":[{"taxonomy":"product_brand","embeddable":true,"href":"https:\/\/agrovetazerbaijan.az\/ru\/wp-json\/wp\/v2\/product_brand?post=989202"},{"taxonomy":"product_cat","embeddable":true,"href":"https:\/\/agrovetazerbaijan.az\/ru\/wp-json\/wp\/v2\/product_cat?post=989202"},{"taxonomy":"product_tag","embeddable":true,"href":"https:\/\/agrovetazerbaijan.az\/ru\/wp-json\/wp\/v2\/product_tag?post=989202"}],"curies":[{"name":"WP","href":"https:\/\/api.w.org\/{rel}","templated":true}]}}