{"id":989194,"date":"2025-03-23T14:49:10","date_gmt":"2025-03-23T14:49:10","guid":{"rendered":"https:\/\/agrovetazerbaijan.az\/?post_type=product&#038;p=989194"},"modified":"2025-07-14T21:27:48","modified_gmt":"2025-07-14T21:27:48","slug":"intertrim-480-ws-2","status":"publish","type":"product","link":"https:\/\/agrovetazerbaijan.az\/ru\/product\/intertrim-480-ws-2\/","title":{"rendered":"\u041b\u0435\u0432\u0430-200 WS"},"content":{"rendered":"<div class=\"vgblk-rw-wrapper limit-wrapper\">\n<div class=\"product-shop columns large-7 medium-7 small-12\">\n<p data-start=\"0\" data-end=\"38\"><strong data-start=\"0\" data-end=\"38\">\u041b\u0435\u0432\u0430\u043c\u0438\u0437\u043e\u043b 20% \u0432\u043e\u0434\u043e\u0440\u0430\u0441\u0442\u0432\u043e\u0440\u0438\u043c\u044b\u0439 \u043f\u043e\u0440\u043e\u0448\u043e\u043a<\/strong><\/p>\n<p data-start=\"40\" data-end=\"101\"><strong data-start=\"40\" data-end=\"67\">\u0421\u043e\u0441\u0442\u0430\u0432 (\u0432 1 \u0433\u0440\u0430\u043c\u043c\u0435 \u043f\u043e\u0440\u043e\u0448\u043a\u0430):<\/strong><br data-start=\"67\" data-end=\"70\" \/>\u041b\u0435\u0432\u0430\u043c\u0438\u0437\u043e\u043b\u0430 \u0433\u0438\u0434\u0440\u043e\u0445\u043b\u043e\u0440\u0438\u0434 - 200 \u043c\u0433<\/p>\n<p data-start=\"103\" data-end=\"302\"><strong data-start=\"103\" data-end=\"115\">\u041e\u043f\u0438\u0441\u0430\u043d\u0438\u0435:<\/strong><br data-start=\"115\" data-end=\"118\" \/>\u041b\u0435\u0432\u0430\u043c\u0438\u0437\u043e\u043b \u2014 \u0441\u0438\u043d\u0442\u0435\u0442\u0438\u0447\u0435\u0441\u043a\u0438\u0439 \u0430\u043d\u0442\u0438\u0433\u0435\u043b\u044c\u043c\u0438\u043d\u0442\u043d\u044b\u0439 \u043f\u0440\u0435\u043f\u0430\u0440\u0430\u0442 \u0448\u0438\u0440\u043e\u043a\u043e\u0433\u043e \u0441\u043f\u0435\u043a\u0442\u0440\u0430 \u0434\u0435\u0439\u0441\u0442\u0432\u0438\u044f, \u043f\u0440\u0438\u043c\u0435\u043d\u044f\u0435\u043c\u044b\u0439 \u043f\u0440\u043e\u0442\u0438\u0432 \u0436\u0435\u043b\u0443\u0434\u043e\u0447\u043d\u043e-\u043a\u0438\u0448\u0435\u0447\u043d\u044b\u0445 \u0438 \u043b\u0435\u0433\u043e\u0447\u043d\u044b\u0445 \u0433\u0435\u043b\u044c\u043c\u0438\u043d\u0442\u043e\u0437\u043e\u0432. \u041e\u043d \u043f\u043e\u0432\u044b\u0448\u0430\u0435\u0442 \u0442\u043e\u043d\u0443\u0441 \u0433\u043b\u0430\u0434\u043a\u043e\u0439 \u043c\u0443\u0441\u043a\u0443\u043b\u0430\u0442\u0443\u0440\u044b \u0433\u0435\u043b\u044c\u043c\u0438\u043d\u0442\u043e\u0432, \u0432\u044b\u0437\u044b\u0432\u0430\u044f \u0438\u0445 \u043f\u0430\u0440\u0430\u043b\u0438\u0447.<\/p>\n<p data-start=\"304\" data-end=\"416\"><strong data-start=\"304\" data-end=\"330\">\u0418\u043d\u0441\u0442\u0440\u0443\u043a\u0446\u0438\u044f \u043f\u043e \u043f\u0440\u0438\u043c\u0435\u043d\u0435\u043d\u0438\u044e:<\/strong><br data-start=\"330\" data-end=\"333\" \/>\u0414\u043b\u044f \u043f\u0440\u043e\u0444\u0438\u043b\u0430\u043a\u0442\u0438\u043a\u0438 \u0438 \u043b\u0435\u0447\u0435\u043d\u0438\u044f \u0436\u0435\u043b\u0443\u0434\u043e\u0447\u043d\u043e-\u043a\u0438\u0448\u0435\u0447\u043d\u044b\u0445 \u0438 \u043b\u0435\u0433\u043e\u0447\u043d\u044b\u0445 \u0433\u0435\u043b\u044c\u043c\u0438\u043d\u0442\u043e\u0437\u043e\u0432:<\/p>\n<ul data-start=\"418\" data-end=\"742\">\n<li data-start=\"418\" data-end=\"582\">\n<p data-start=\"420\" data-end=\"582\"><strong data-start=\"420\" data-end=\"452\">\u041a\u0440\u0443\u043f\u043d\u044b\u0439 \u0440\u043e\u0433\u0430\u0442\u044b\u0439 \u0441\u043a\u043e\u0442, \u0442\u0435\u043b\u044f\u0442\u0430, \u043e\u0432\u0446\u044b, \u043a\u043e\u0437\u044b:<\/strong><br data-start=\"452\" data-end=\"455\" \/>Bunostomum, Chabertia, Cooperia, Dictyocaulus, Haemonchus, Nematodirus, Ostertagia, Protostrongylus, \u0432\u0438\u0434\u044b Trichostrongylus.<\/p>\n<\/li>\n<li data-start=\"583\" data-end=\"694\">\n<p data-start=\"585\" data-end=\"694\"><strong data-start=\"585\" data-end=\"595\">\u0421\u0432\u0438\u043d\u044c\u044f:<\/strong><br data-start=\"595\" data-end=\"598\" \/>Ascaris suum, Hyostrongylus Rubidus, Metastrongylus elongatus, Oesophagostomum, Trichuris suis<\/p>\n<\/li>\n<li data-start=\"695\" data-end=\"742\">\n<p data-start=\"697\" data-end=\"742\"><strong data-start=\"697\" data-end=\"708\">\u041f\u0442\u0438\u0446\u044b:<\/strong><br data-start=\"708\" data-end=\"711\" \/>\u0412\u0438\u0434\u044b Ascaridia \u0438 Capillaria<\/p>\n<\/li>\n<\/ul>\n<p data-start=\"744\" data-end=\"760\"><strong data-start=\"744\" data-end=\"758\">\u0417\u0430\u043f\u0440\u0435\u0442\u044b:<\/strong><\/p>\n<ul data-start=\"761\" data-end=\"903\">\n<li data-start=\"761\" data-end=\"830\">\n<p data-start=\"763\" data-end=\"830\">\u041d\u0435 \u0441\u043b\u0435\u0434\u0443\u0435\u0442 \u043f\u0440\u0438\u043c\u0435\u043d\u044f\u0442\u044c \u0436\u0438\u0432\u043e\u0442\u043d\u044b\u043c \u0441 \u043d\u0430\u0440\u0443\u0448\u0435\u043d\u0438\u044f\u043c\u0438 \u0444\u0443\u043d\u043a\u0446\u0438\u0438 \u043f\u0435\u0447\u0435\u043d\u0438.<\/p>\n<\/li>\n<li data-start=\"831\" data-end=\"903\">\n<p data-start=\"833\" data-end=\"903\">\u0415\u0433\u043e \u043d\u0435 \u0441\u043b\u0435\u0434\u0443\u0435\u0442 \u043d\u0430\u0437\u043d\u0430\u0447\u0430\u0442\u044c \u043e\u0434\u043d\u043e\u0432\u0440\u0435\u043c\u0435\u043d\u043d\u043e \u0441 \u043f\u0438\u0440\u0430\u043d\u0442\u0435\u043b\u043e\u043c, \u043c\u043e\u0440\u0430\u043d\u0442\u0435\u043b\u043e\u043c \u0438\u043b\u0438 \u043e\u0440\u0433\u0430\u043d\u043e\u0444\u043e\u0441\u0444\u0430\u0442\u0430\u043c\u0438.<\/p>\n<\/li>\n<\/ul>\n<p data-start=\"905\" data-end=\"1065\"><strong data-start=\"905\" data-end=\"922\">\u041f\u043e\u0431\u043e\u0447\u043d\u044b\u0435 \u044d\u0444\u0444\u0435\u043a\u0442\u044b:<\/strong><br data-start=\"922\" data-end=\"925\" \/>\u0423\u0432\u0435\u043b\u0438\u0447\u0435\u043d\u0438\u0435 \u0434\u043e\u0437\u044b \u043c\u043e\u0436\u0435\u0442 \u0432\u044b\u0437\u0432\u0430\u0442\u044c \u043a\u043e\u043b\u0438\u043a\u0438, \u043a\u0430\u0448\u0435\u043b\u044c, \u0447\u0440\u0435\u0437\u043c\u0435\u0440\u043d\u043e\u0435 \u0441\u043b\u044e\u043d\u043e\u0442\u0435\u0447\u0435\u043d\u0438\u0435, \u0432\u043e\u0437\u0431\u0443\u0436\u0434\u0435\u043d\u0438\u0435, \u0443\u0447\u0430\u0449\u0435\u043d\u043d\u043e\u0435 \u0434\u044b\u0445\u0430\u043d\u0438\u0435, \u0441\u043b\u0435\u0437\u043e\u0442\u0435\u0447\u0435\u043d\u0438\u0435, \u0441\u043f\u0430\u0437\u043c\u044b, \u043f\u043e\u0442\u043b\u0438\u0432\u043e\u0441\u0442\u044c \u0438 \u0440\u0432\u043e\u0442\u0443.<\/p>\n<p data-start=\"1067\" data-end=\"1079\"><strong data-start=\"1067\" data-end=\"1077\">\u0414\u043e\u0437\u0438\u0440\u043e\u0432\u043a\u0430:<\/strong><\/p>\n<ul data-start=\"1080\" data-end=\"1205\">\n<li data-start=\"1080\" data-end=\"1151\">\n<p data-start=\"1082\" data-end=\"1151\">\u041a\u0440\u0443\u043f\u043d\u044b\u0439 \u0440\u043e\u0433\u0430\u0442\u044b\u0439 \u0441\u043a\u043e\u0442, \u0442\u0435\u043b\u044f\u0442\u0430, \u043e\u0432\u0446\u044b, \u043a\u043e\u0437\u044b: 7,5 \u0433 \u043d\u0430 200 \u043a\u0433 \u043c\u0430\u0441\u0441\u044b \u0442\u0435\u043b\u0430, 1 \u0434\u0435\u043d\u044c.<\/p>\n<\/li>\n<li data-start=\"1152\" data-end=\"1205\">\n<p data-start=\"1154\" data-end=\"1205\">\u0421\u0432\u0438\u043d\u044c\u0438 \u0438 \u043f\u0442\u0438\u0446\u0430: 1 \u043a\u0433 \u043d\u0430 2000 \u043b\u0438\u0442\u0440\u043e\u0432 \u043f\u0438\u0442\u044c\u0435\u0432\u043e\u0439 \u0432\u043e\u0434\u044b, 1 \u0434\u0435\u043d\u044c.<\/p>\n<\/li>\n<\/ul>\n<p data-start=\"1207\" data-end=\"1229\"><strong data-start=\"1207\" data-end=\"1227\">\u041f\u0435\u0440\u0438\u043e\u0434 \u043e\u0436\u0438\u0434\u0430\u043d\u0438\u044f:<\/strong><\/p>\n<ul data-start=\"1230\" data-end=\"1310\">\n<li data-start=\"1230\" data-end=\"1249\">\n<p data-start=\"1232\" data-end=\"1249\">\u0414\u043b\u044f \u043c\u044f\u0441\u0430: 10 \u0434\u043d\u0435\u0439<\/p>\n<\/li>\n<li data-start=\"1250\" data-end=\"1310\">\n<p data-start=\"1252\" data-end=\"1310\">\u041d\u0435 \u043f\u0440\u0438\u043c\u0435\u043d\u044f\u0442\u044c \u0436\u0438\u0432\u043e\u0442\u043d\u044b\u043c, \u043f\u0440\u043e\u0438\u0437\u0432\u043e\u0434\u044f\u0449\u0438\u043c \u043c\u043e\u043b\u043e\u043a\u043e \u0438\u043b\u0438 \u044f\u0439\u0446\u0430.<\/p>\n<\/li>\n<\/ul>\n<p data-start=\"1312\" data-end=\"1377\" data-is-last-node=\"\" data-is-only-node=\"\"><strong data-start=\"1312\" data-end=\"1328\">\u0423\u043f\u0430\u043a\u043e\u0432\u043a\u0430:<\/strong><br data-start=\"1328\" data-end=\"1331\" \/>\u041f\u0430\u043a\u0435\u0442\u044b \u043f\u043e 100 \u0433\u0440\u0430\u043c\u043c, \u0431\u0430\u043d\u043a\u0438 \u043f\u043e 1000 \u0433\u0440\u0430\u043c\u043c \u0438 25000 \u0433\u0440\u0430\u043c\u043c.<\/p>\n<\/div>\n<\/div>\n<p><!-- .vgblk-rw-wrapper --><\/p>","protected":false},"excerpt":{"rendered":"<p>Levamisole 20% Suya H\u0259ll Olan Tozu T\u0259rkibi (1 qram tozda):Levamisole hidroklorid \u2013 200 mg T\u0259sviri:Levamisole geni\u015f spektrli m\u0259d\u0259-ba\u011f\u0131rsaq v\u0259 a\u011fciy\u0259r qurdu infeksiyalar\u0131na qar\u015f\u0131 sintetik anthelmintikdir. O, qurdlarda oxs\u0259rt \u0259z\u0259l\u0259 tonusunu art\u0131raraq onlar\u0131n iflic olmas\u0131na s\u0259b\u0259b olur. \u0130stifad\u0259 G\u00f6st\u0259ri\u015fl\u0259ri:M\u0259d\u0259-ba\u011f\u0131rsaq v\u0259 a\u011fciy\u0259r qurdu infeksiyalar\u0131n\u0131n profilaktikas\u0131 v\u0259 m\u00fcalic\u0259si \u00fc\u00e7\u00fcn: Mal-qara, dana, qoyun, ke\u00e7i:Bunostomum, Chabertia, Cooperia, Dictyocaulus, Haemonchus, Nematodirus,&#8230;<\/p>","protected":false},"featured_media":989197,"comment_status":"closed","ping_status":"closed","template":"","meta":{"nf_dc_page":"","_monsterinsights_skip_tracking":false,"_monsterinsights_sitenote_active":false,"_monsterinsights_sitenote_note":"","_monsterinsights_sitenote_category":0},"product_brand":[],"product_cat":[108,251,114,68],"product_tag":[],"class_list":{"0":"post-989194","1":"product","2":"type-product","3":"status-publish","4":"has-post-thumbnail","6":"product_cat-cow","7":"product_cat-veterinary-products","8":"product_cat-sheep","9":"product_cat-poultry","11":"first","12":"instock","13":"shipping-taxable","14":"product-type-simple"},"jetpack_sharing_enabled":true,"_links":{"self":[{"href":"https:\/\/agrovetazerbaijan.az\/ru\/wp-json\/wp\/v2\/product\/989194","targetHints":{"allow":["GET"]}}],"collection":[{"href":"https:\/\/agrovetazerbaijan.az\/ru\/wp-json\/wp\/v2\/product"}],"about":[{"href":"https:\/\/agrovetazerbaijan.az\/ru\/wp-json\/wp\/v2\/types\/product"}],"replies":[{"embeddable":true,"href":"https:\/\/agrovetazerbaijan.az\/ru\/wp-json\/wp\/v2\/comments?post=989194"}],"version-history":[{"count":3,"href":"https:\/\/agrovetazerbaijan.az\/ru\/wp-json\/wp\/v2\/product\/989194\/revisions"}],"predecessor-version":[{"id":989994,"href":"https:\/\/agrovetazerbaijan.az\/ru\/wp-json\/wp\/v2\/product\/989194\/revisions\/989994"}],"wp:featuredmedia":[{"embeddable":true,"href":"https:\/\/agrovetazerbaijan.az\/ru\/wp-json\/wp\/v2\/media\/989197"}],"wp:attachment":[{"href":"https:\/\/agrovetazerbaijan.az\/ru\/wp-json\/wp\/v2\/media?parent=989194"}],"wp:term":[{"taxonomy":"product_brand","embeddable":true,"href":"https:\/\/agrovetazerbaijan.az\/ru\/wp-json\/wp\/v2\/product_brand?post=989194"},{"taxonomy":"product_cat","embeddable":true,"href":"https:\/\/agrovetazerbaijan.az\/ru\/wp-json\/wp\/v2\/product_cat?post=989194"},{"taxonomy":"product_tag","embeddable":true,"href":"https:\/\/agrovetazerbaijan.az\/ru\/wp-json\/wp\/v2\/product_tag?post=989194"}],"curies":[{"name":"WP","href":"https:\/\/api.w.org\/{rel}","templated":true}]}}