{"id":989191,"date":"2025-03-23T14:46:35","date_gmt":"2025-03-23T14:46:35","guid":{"rendered":"https:\/\/agrovetazerbaijan.az\/?post_type=product&#038;p=989191"},"modified":"2025-08-05T01:09:56","modified_gmt":"2025-08-05T01:09:56","slug":"intertrim-480-ws","status":"publish","type":"product","link":"https:\/\/agrovetazerbaijan.az\/ru\/product\/intertrim-480-ws\/","title":{"rendered":"\u0418\u043d\u0442\u0435\u0440\u0442\u0440\u0438\u043c-480 WS"},"content":{"rendered":"<div class=\"vgblk-rw-wrapper limit-wrapper\">\n<h3 data-start=\"124\" data-end=\"187\"><strong data-start=\"128\" data-end=\"187\">\u0421\u0443\u043b\u044c\u0444\u0430\u0434\u0438\u0430\u0437\u0438\u043d 40% \u0438 \u0442\u0440\u0438\u043c\u0435\u0442\u043e\u043f\u0440\u0438\u043c 8% \u0432\u043e\u0434\u043e\u0440\u0430\u0441\u0442\u0432\u043e\u0440\u0438\u043c\u044b\u0439 \u043f\u043e\u0440\u043e\u0448\u043e\u043a<\/strong><\/h3>\n<hr data-start=\"189\" data-end=\"192\" \/>\n<p data-start=\"194\" data-end=\"225\"><strong data-start=\"194\" data-end=\"223\">\u0421\u043e\u0441\u0442\u0430\u0432 (\u043d\u0430 \u0433\u0440\u0430\u043c\u043c \u043f\u043e\u0440\u043e\u0448\u043a\u0430):<\/strong><\/p>\n<ul data-start=\"226\" data-end=\"296\">\n<li data-start=\"226\" data-end=\"274\">\n<p data-start=\"228\" data-end=\"274\">\u0421\u0443\u043b\u044c\u0444\u0430\u0434\u0438\u0430\u0437\u0438\u043d (\u0432 \u0432\u0438\u0434\u0435 \u043d\u0430\u0442\u0440\u0438\u0435\u0432\u043e\u0439 \u0441\u043e\u043b\u0438) \u2013 400 \u043c\u0433<\/p>\n<\/li>\n<li data-start=\"275\" data-end=\"296\">\n<p data-start=\"277\" data-end=\"296\">\u0422\u0440\u0438\u043c\u0435\u0442\u043e\u043f\u0440\u0438\u043c \u2013 80 \u043c\u0433<\/p>\n<\/li>\n<\/ul>\n<hr data-start=\"298\" data-end=\"301\" \/>\n<p data-start=\"303\" data-end=\"652\"><strong data-start=\"303\" data-end=\"315\">\u041e\u043f\u0438\u0441\u0430\u043d\u0438\u0435:<\/strong><br data-start=\"315\" data-end=\"318\" \/>\u041a\u043e\u043c\u0431\u0438\u043d\u0430\u0446\u0438\u044f \u0441\u0443\u043b\u044c\u0444\u0430\u0434\u0438\u0430\u0437\u0438\u043d\u0430 \u0438 \u0442\u0440\u0438\u043c\u0435\u0442\u043e\u043f\u0440\u0438\u043c\u0430 \u0438\u043c\u0435\u0435\u0442 \u0441\u0438\u043d\u0435\u0440\u0433\u0438\u0447\u0435\u0441\u043a\u0438\u0439 \u044d\u0444\u0444\u0435\u043a\u0442 \u0438 \u043e\u0431\u044b\u0447\u043d\u043e \u044f\u0432\u043b\u044f\u0435\u0442\u0441\u044f \u0431\u0430\u043a\u0442\u0435\u0440\u0438\u0446\u0438\u0434\u043d\u043e\u0439 \u043f\u0440\u043e\u0442\u0438\u0432 \u043a\u0430\u043a \u0433\u0440\u0430\u043c\u043f\u043e\u043b\u043e\u0436\u0438\u0442\u0435\u043b\u044c\u043d\u044b\u0445, \u0442\u0430\u043a \u0438 \u0433\u0440\u0430\u043c\u043e\u0442\u0440\u0438\u0446\u0430\u0442\u0435\u043b\u044c\u043d\u044b\u0445 \u0431\u0430\u043a\u0442\u0435\u0440\u0438\u0439. \u041a \u044d\u0442\u0438\u043c \u0431\u0430\u043a\u0442\u0435\u0440\u0438\u044f\u043c \u043e\u0442\u043d\u043e\u0441\u044f\u0442\u0441\u044f:<br data-start=\"522\" data-end=\"525\" \/><strong data-start=\"525\" data-end=\"536\">\u043a\u0438\u0448\u0435\u0447\u043d\u0430\u044f \u043f\u0430\u043b\u043e\u0447\u043a\u0430<\/strong>, <strong data-start=\"538\" data-end=\"558\">\u0413\u0435\u043c\u043e\u0444\u0438\u043b\u044c\u043d\u0430\u044f \u043f\u0430\u043b\u043e\u0447\u043a\u0430.<\/strong>, <strong data-start=\"560\" data-end=\"580\">\u041f\u0430\u0441\u0442\u0435\u0440\u0435\u043b\u043b\u0430 spp.<\/strong>, <strong data-start=\"582\" data-end=\"601\">\u0421\u0430\u043b\u044c\u043c\u043e\u043d\u0435\u043b\u043b\u0430 spp.<\/strong>, <strong data-start=\"603\" data-end=\"626\">\u0421\u0442\u0430\u0444\u0438\u043b\u043e\u043a\u043e\u043a\u043a\u0438 spp.<\/strong> \u0438 <strong data-start=\"630\" data-end=\"652\">\u0421\u0442\u0440\u0435\u043f\u0442\u043e\u043a\u043e\u043a\u043a\u0438 spp.<\/strong><\/p>\n<hr data-start=\"654\" data-end=\"657\" \/>\n<p data-start=\"659\" data-end=\"1059\"><strong data-start=\"659\" data-end=\"681\">\u041e\u0431\u043b\u0430\u0441\u0442\u0438 \u043f\u0440\u0438\u043c\u0435\u043d\u0435\u043d\u0438\u044f:<\/strong><br data-start=\"681\" data-end=\"684\" \/>\u041b\u0435\u0447\u0435\u043d\u0438\u0435 \u0438\u043d\u0444\u0435\u043a\u0446\u0438\u0439 \u0436\u0435\u043b\u0443\u0434\u043e\u0447\u043d\u043e-\u043a\u0438\u0448\u0435\u0447\u043d\u043e\u0433\u043e \u0442\u0440\u0430\u043a\u0442\u0430 \u0438 \u0434\u044b\u0445\u0430\u0442\u0435\u043b\u044c\u043d\u044b\u0445 \u043f\u0443\u0442\u0435\u0439, \u0432\u044b\u0437\u0432\u0430\u043d\u043d\u044b\u0445 \u0431\u0430\u043a\u0442\u0435\u0440\u0438\u044f\u043c\u0438, \u0447\u0443\u0432\u0441\u0442\u0432\u0438\u0442\u0435\u043b\u044c\u043d\u044b\u043c\u0438 \u043a \u0441\u0443\u043b\u044c\u0444\u0430\u0434\u0438\u0430\u0437\u0438\u043d\u0443 \u0438 \u0442\u0440\u0438\u043c\u0435\u0442\u043e\u043f\u0440\u0438\u043c\u0443:<br data-start=\"814\" data-end=\"817\" \/>\u0423 \u0442\u0435\u043b\u044f\u0442, \u043e\u0432\u0435\u0446, \u043a\u043e\u0437, \u0441\u0432\u0438\u043d\u0435\u0439 \u0438 \u043f\u0442\u0438\u0446 <strong data-start=\"875\" data-end=\"886\">\u043a\u0438\u0448\u0435\u0447\u043d\u0430\u044f \u043f\u0430\u043b\u043e\u0447\u043a\u0430<\/strong>, <strong data-start=\"888\" data-end=\"908\">\u0413\u0435\u043c\u043e\u0444\u0438\u043b\u044c\u043d\u0430\u044f \u043f\u0430\u043b\u043e\u0447\u043a\u0430.<\/strong>, <strong data-start=\"910\" data-end=\"930\">\u041f\u0430\u0441\u0442\u0435\u0440\u0435\u043b\u043b\u0430 spp.<\/strong>, <strong data-start=\"932\" data-end=\"951\">\u0421\u0430\u043b\u044c\u043c\u043e\u043d\u0435\u043b\u043b\u0430 spp.<\/strong>, <strong data-start=\"953\" data-end=\"976\">\u0421\u0442\u0430\u0444\u0438\u043b\u043e\u043a\u043e\u043a\u043a\u0438 spp.<\/strong> \u0438 <strong data-start=\"980\" data-end=\"1002\">\u0421\u0442\u0440\u0435\u043f\u0442\u043e\u043a\u043e\u043a\u043a\u0438 spp.<\/strong> \u043f\u0440\u043e\u0444\u0438\u043b\u0430\u043a\u0442\u0438\u043a\u0430 \u0438 \u043b\u0435\u0447\u0435\u043d\u0438\u0435 \u0438\u043d\u0444\u0435\u043a\u0446\u0438\u0439, \u0432\u044b\u0437\u0432\u0430\u043d\u043d\u044b\u0445.<\/p>\n<hr data-start=\"1061\" data-end=\"1064\" \/>\n<p data-start=\"1066\" data-end=\"1088\"><strong data-start=\"1066\" data-end=\"1086\">\u041f\u0440\u043e\u0442\u0438\u0432\u043e\u043f\u043e\u043a\u0430\u0437\u0430\u043d\u0438\u044f:<\/strong><\/p>\n<ul data-start=\"1089\" data-end=\"1316\">\n<li data-start=\"1089\" data-end=\"1144\">\n<p data-start=\"1091\" data-end=\"1144\">\u041f\u043e\u0432\u044b\u0448\u0435\u043d\u043d\u0430\u044f \u0447\u0443\u0432\u0441\u0442\u0432\u0438\u0442\u0435\u043b\u044c\u043d\u043e\u0441\u0442\u044c \u043a \u0442\u0440\u0438\u043c\u0435\u0442\u043e\u043f\u0440\u0438\u043c\u0443 \u0438\/\u0438\u043b\u0438 \u0441\u0443\u043b\u044c\u0444\u0430\u043d\u0438\u043b\u0430\u043c\u0438\u0434\u0430\u043c<\/p>\n<\/li>\n<li data-start=\"1145\" data-end=\"1243\">\n<p data-start=\"1147\" data-end=\"1243\">\u041d\u0435 \u043f\u0440\u0438\u043c\u0435\u043d\u044f\u0442\u044c \u0436\u0438\u0432\u043e\u0442\u043d\u044b\u043c \u0441 \u0442\u044f\u0436\u0435\u043b\u044b\u043c\u0438 \u043d\u0430\u0440\u0443\u0448\u0435\u043d\u0438\u044f\u043c\u0438 \u0444\u0443\u043d\u043a\u0446\u0438\u0438 \u043f\u043e\u0447\u0435\u043a \u0438\/\u0438\u043b\u0438 \u043f\u0435\u0447\u0435\u043d\u0438.<\/p>\n<\/li>\n<li data-start=\"1244\" data-end=\"1316\">\n<p data-start=\"1246\" data-end=\"1316\">\u0417\u0430\u043f\u0440\u0435\u0449\u0435\u043d\u043e \u043f\u0440\u0438\u043c\u0435\u043d\u0435\u043d\u0438\u0435 \u0443 \u0436\u0438\u0432\u043e\u0442\u043d\u044b\u0445 \u0441 \u0437\u0430\u0431\u043e\u043b\u0435\u0432\u0430\u043d\u0438\u044f\u043c\u0438 \u043a\u0440\u043e\u0432\u0438 (\u0434\u0438\u0441\u043a\u0440\u0430\u0437\u0438\u044f\u043c\u0438).<\/p>\n<\/li>\n<\/ul>\n<hr data-start=\"1318\" data-end=\"1321\" \/>\n<p data-start=\"1323\" data-end=\"1342\"><strong data-start=\"1323\" data-end=\"1340\">\u041f\u043e\u0431\u043e\u0447\u043d\u044b\u0435 \u044d\u0444\u0444\u0435\u043a\u0442\u044b:<\/strong><\/p>\n<ul data-start=\"1343\" data-end=\"1797\">\n<li data-start=\"1343\" data-end=\"1444\">\n<p data-start=\"1345\" data-end=\"1444\">\u041f\u0440\u0438 \u0434\u043b\u0438\u0442\u0435\u043b\u044c\u043d\u043e\u043c \u043f\u0440\u0438\u043c\u0435\u043d\u0435\u043d\u0438\u0438 \u0438 \u043f\u0440\u0438\u043c\u0435\u043d\u0435\u043d\u0438\u0438 \u0432 \u0432\u044b\u0441\u043e\u043a\u0438\u0445 \u0434\u043e\u0437\u0430\u0445 <strong data-start=\"1391\" data-end=\"1408\">\u043a\u0440\u0438\u0441\u0442\u0430\u043b\u043b\u0443\u0440\u0438\u044f<\/strong> (\u043a\u0440\u0438\u0441\u0442\u0430\u043b\u043b\u044b \u0432 \u043c\u043e\u0447\u0435) \u043c\u043e\u0433\u0443\u0442 \u043e\u0431\u0440\u0430\u0437\u043e\u0432\u044b\u0432\u0430\u0442\u044c\u0441\u044f<\/p>\n<\/li>\n<li data-start=\"1445\" data-end=\"1669\">\n<p data-start=\"1447\" data-end=\"1669\">\u041f\u0440\u0438 \u043f\u043e\u044f\u0432\u043b\u0435\u043d\u0438\u0438 \u0441\u0438\u043c\u043f\u0442\u043e\u043c\u043e\u0432 \u043a\u0440\u0438\u0441\u0442\u0430\u043b\u043b\u0443\u0440\u0438\u0438 (\u043a\u0440\u043e\u0432\u0430\u0432\u0430\u044f \u043c\u043e\u0447\u0430, \u0431\u043e\u043b\u0438 \u0432 \u043f\u043e\u0447\u043a\u0430\u0445) \u043b\u0435\u0447\u0435\u043d\u0438\u0435 \u0441\u043b\u0435\u0434\u0443\u0435\u0442 \u043d\u0435\u043c\u0435\u0434\u043b\u0435\u043d\u043d\u043e \u043f\u0440\u0435\u043a\u0440\u0430\u0442\u0438\u0442\u044c \u0438 \u043d\u0430\u0437\u043d\u0430\u0447\u0438\u0442\u044c \u0441\u0440\u0435\u0434\u0441\u0442\u0432\u0430, \u043f\u043e\u0432\u044b\u0448\u0430\u044e\u0449\u0438\u0435 \u0440\u0430\u0441\u0442\u0432\u043e\u0440\u0438\u043c\u043e\u0441\u0442\u044c \u0441\u0443\u043b\u044c\u0444\u0430\u0434\u0438\u0430\u0437\u0438\u043d\u0430 \u0432 \u043c\u043e\u0447\u0435, \u043d\u0430\u043f\u0440\u0438\u043c\u0435\u0440, \u043a\u0430\u0440\u0431\u043e\u043d\u0430\u0442 \u043d\u0430\u0442\u0440\u0438\u044f (\u043f\u043e\u0434\u0449\u0435\u043b\u0430\u0447\u0438\u0432\u0430\u0442\u0435\u043b\u044c \u043c\u043e\u0447\u0438).<\/p>\n<\/li>\n<li data-start=\"1670\" data-end=\"1797\">\n<p data-start=\"1672\" data-end=\"1797\">\u0420\u0438\u0441\u043a \u0437\u0430\u0431\u043e\u043b\u0435\u0432\u0430\u043d\u0438\u0439 \u043a\u0440\u043e\u0432\u0438 \u0443\u0432\u0435\u043b\u0438\u0447\u0438\u0432\u0430\u0435\u0442\u0441\u044f \u043f\u0440\u0438 \u0434\u043b\u0438\u0442\u0435\u043b\u044c\u043d\u043e\u043c \u043f\u0440\u0438\u043c\u0435\u043d\u0435\u043d\u0438\u0438: <strong data-start=\"1726\" data-end=\"1737\">\u0430\u043d\u0435\u043c\u0438\u044f<\/strong>, <strong data-start=\"1739\" data-end=\"1754\">\u043b\u0435\u0439\u043a\u043e\u043f\u0435\u043d\u0438\u044f<\/strong>, <strong data-start=\"1756\" data-end=\"1776\">\u0442\u0440\u043e\u043c\u0431\u043e\u0446\u0438\u0442\u043e\u043f\u0435\u043d\u0438\u044f<\/strong> \u043c\u043e\u0436\u043d\u043e \u043d\u0430\u0431\u043b\u044e\u0434\u0430\u0442\u044c<\/p>\n<\/li>\n<\/ul>\n<hr data-start=\"1799\" data-end=\"1802\" \/>\n<p data-start=\"1804\" data-end=\"1850\"><strong data-start=\"1804\" data-end=\"1825\">\u0421\u043f\u043e\u0441\u043e\u0431 \u043f\u0440\u0438\u043c\u0435\u043d\u0435\u043d\u0438\u044f \u0438 \u0434\u043e\u0437\u044b:<\/strong><br data-start=\"1825\" data-end=\"1828\" \/>\u041f\u0440\u0435\u043f\u0430\u0440\u0430\u0442 \u043f\u0440\u0438\u043d\u0438\u043c\u0430\u0435\u0442\u0441\u044f \u043f\u0435\u0440\u043e\u0440\u0430\u043b\u044c\u043d\u043e.<\/p>\n<ul data-start=\"1852\" data-end=\"2041\">\n<li data-start=\"1852\" data-end=\"1959\">\n<p data-start=\"1854\" data-end=\"1959\"><strong data-start=\"1854\" data-end=\"1888\">\u0422\u0435\u043b\u044f\u0442\u0430, \u043e\u0432\u0446\u044b \u0438 \u043a\u043e\u0437\u044b:<\/strong><br data-start=\"1888\" data-end=\"1891\" \/>\u0414\u0432\u0430 \u0440\u0430\u0437\u0430 \u0432 \u0434\u0435\u043d\u044c \u043f\u043e 5 \u0433 \u043d\u0430 100 \u043a\u0433 \u043c\u0430\u0441\u0441\u044b \u0442\u0435\u043b\u0430 \u0432 \u0442\u0435\u0447\u0435\u043d\u0438\u0435 4\u20137 \u0434\u043d\u0435\u0439.<\/p>\n<\/li>\n<li data-start=\"1960\" data-end=\"2041\">\n<p data-start=\"1962\" data-end=\"2041\"><strong data-start=\"1962\" data-end=\"1985\">\u0421\u0432\u0438\u043d\u044c\u0438 \u0438 \u043f\u0442\u0438\u0446\u044b:<\/strong><br data-start=\"1985\" data-end=\"1988\" \/>1 \u043a\u0433 \u043d\u0430 1500\u20132500 \u043b\u0438\u0442\u0440\u043e\u0432 \u043f\u0438\u0442\u044c\u0435\u0432\u043e\u0439 \u0432\u043e\u0434\u044b, \u0432 \u0442\u0435\u0447\u0435\u043d\u0438\u0435 4\u20137 \u0434\u043d\u0435\u0439<\/p>\n<\/li>\n<\/ul>\n<p data-start=\"2043\" data-end=\"2147\"><strong data-start=\"2043\" data-end=\"2052\">\u041f\u0440\u0438\u043c\u0435\u0447\u0430\u043d\u0438\u0435:<\/strong> \u0422\u043e\u043b\u044c\u043a\u043e \u0434\u043b\u044f \u0442\u0435\u043b\u044f\u0442, \u044f\u0433\u043d\u044f\u0442 \u0438 \u043a\u043e\u0437 \u0441 \u043d\u0435\u0437\u0440\u0435\u043b\u043e\u0439 \u0441\u0438\u0441\u0442\u0435\u043c\u043e\u0439 \u0440\u0443\u0431\u0446\u0430.<\/p>\n<\/div>\n<p><!-- .vgblk-rw-wrapper --><\/p>","protected":false},"excerpt":{"rendered":"<p>Sulfadiazine 40% &amp; Trimethoprim 8% Suya H\u0259ll Olunan Toz T\u0259rkibi (h\u0259r qram tozda): Sulfadiazin (natrium duzu \u015f\u0259klind\u0259) \u2013 400 mq Trimetoprim \u2013 80 mq T\u0259sviri:Sulfadiazin v\u0259 trimetoprim birl\u0259\u015fm\u0259si sinergetik t\u0259sir\u0259 malikdir v\u0259 ad\u0259t\u0259n h\u0259m Gram-m\u00fcsb\u0259t, h\u0259m d\u0259 Gram-m\u0259nfi bakteriyalara qar\u015f\u0131 bakterisid t\u0259sir g\u00f6st\u0259rir. Bu bakteriyalar aras\u0131nda a\u015fa\u011f\u0131dak\u0131lar daxildir:E. coli, Haemophilus spp., Pasteurella spp., Salmonella spp.,&#8230;<\/p>","protected":false},"featured_media":989192,"comment_status":"closed","ping_status":"closed","template":"","meta":{"nf_dc_page":"","_monsterinsights_skip_tracking":false,"_monsterinsights_sitenote_active":false,"_monsterinsights_sitenote_note":"","_monsterinsights_sitenote_category":0},"product_brand":[],"product_cat":[108,251,114,68],"product_tag":[],"class_list":{"0":"post-989191","1":"product","2":"type-product","3":"status-publish","4":"has-post-thumbnail","6":"product_cat-cow","7":"product_cat-veterinary-products","8":"product_cat-sheep","9":"product_cat-poultry","11":"first","12":"instock","13":"shipping-taxable","14":"product-type-simple"},"jetpack_sharing_enabled":true,"_links":{"self":[{"href":"https:\/\/agrovetazerbaijan.az\/ru\/wp-json\/wp\/v2\/product\/989191","targetHints":{"allow":["GET"]}}],"collection":[{"href":"https:\/\/agrovetazerbaijan.az\/ru\/wp-json\/wp\/v2\/product"}],"about":[{"href":"https:\/\/agrovetazerbaijan.az\/ru\/wp-json\/wp\/v2\/types\/product"}],"replies":[{"embeddable":true,"href":"https:\/\/agrovetazerbaijan.az\/ru\/wp-json\/wp\/v2\/comments?post=989191"}],"version-history":[{"count":2,"href":"https:\/\/agrovetazerbaijan.az\/ru\/wp-json\/wp\/v2\/product\/989191\/revisions"}],"predecessor-version":[{"id":989737,"href":"https:\/\/agrovetazerbaijan.az\/ru\/wp-json\/wp\/v2\/product\/989191\/revisions\/989737"}],"wp:featuredmedia":[{"embeddable":true,"href":"https:\/\/agrovetazerbaijan.az\/ru\/wp-json\/wp\/v2\/media\/989192"}],"wp:attachment":[{"href":"https:\/\/agrovetazerbaijan.az\/ru\/wp-json\/wp\/v2\/media?parent=989191"}],"wp:term":[{"taxonomy":"product_brand","embeddable":true,"href":"https:\/\/agrovetazerbaijan.az\/ru\/wp-json\/wp\/v2\/product_brand?post=989191"},{"taxonomy":"product_cat","embeddable":true,"href":"https:\/\/agrovetazerbaijan.az\/ru\/wp-json\/wp\/v2\/product_cat?post=989191"},{"taxonomy":"product_tag","embeddable":true,"href":"https:\/\/agrovetazerbaijan.az\/ru\/wp-json\/wp\/v2\/product_tag?post=989191"}],"curies":[{"name":"WP","href":"https:\/\/api.w.org\/{rel}","templated":true}]}}