{"id":989175,"date":"2025-03-23T14:17:15","date_gmt":"2025-03-23T14:17:15","guid":{"rendered":"https:\/\/agrovetazerbaijan.az\/?post_type=product&#038;p=989175"},"modified":"2025-07-14T21:29:44","modified_gmt":"2025-07-14T21:29:44","slug":"gallimix-200-ws","status":"publish","type":"product","link":"https:\/\/agrovetazerbaijan.az\/ru\/product\/gallimix-200-ws\/","title":{"rendered":"\u0413\u0430\u043b\u043b\u0438\u043c\u0438\u043a\u0441-200 WS"},"content":{"rendered":"<div class=\"vgblk-rw-wrapper limit-wrapper\">\n<div class=\"product-shop columns large-7 medium-7 small-12\">\n<p data-start=\"0\" data-end=\"40\"><strong data-start=\"0\" data-end=\"40\">\u042d\u0440\u0438\u0442\u0440\u043e\u043c\u0438\u0446\u0438\u043d 20% \u0432\u043e\u0434\u043e\u0440\u0430\u0441\u0442\u0432\u043e\u0440\u0438\u043c\u044b\u0439 \u043f\u043e\u0440\u043e\u0448\u043e\u043a<\/strong><\/p>\n<p data-start=\"42\" data-end=\"104\"><strong data-start=\"42\" data-end=\"69\">\u0421\u043e\u0441\u0442\u0430\u0432 (\u0432 1 \u0433\u0440\u0430\u043c\u043c\u0435 \u043f\u043e\u0440\u043e\u0448\u043a\u0430):<\/strong><br data-start=\"69\" data-end=\"72\" \/>\u0422\u0438\u043e\u0446\u0438\u0430\u043d\u0430\u0442 \u044d\u0440\u0438\u0442\u0440\u043e\u043c\u0438\u0446\u0438\u043d\u0430 \u2013 200 \u043c\u0433<\/p>\n<p data-start=\"106\" data-end=\"400\"><strong data-start=\"106\" data-end=\"118\">\u041e\u043f\u0438\u0441\u0430\u043d\u0438\u0435:<\/strong><br data-start=\"118\" data-end=\"121\" \/>\u041f\u0440\u0435\u043f\u0430\u0440\u0430\u0442 \u00ab\u0413\u0430\u043b\u043b\u0438\u043c\u0438\u043a\u0441-200 WS\u00bb \u043f\u0440\u0438\u043c\u0435\u043d\u044f\u0435\u0442\u0441\u044f \u0443 \u043a\u0443\u0440 \u0434\u043b\u044f \u043b\u0435\u0447\u0435\u043d\u0438\u044f \u0438\u043d\u0444\u0435\u043a\u0446\u0438\u0439, \u0432\u044b\u0437\u0432\u0430\u043d\u043d\u044b\u0445 \u0431\u0430\u043a\u0442\u0435\u0440\u0438\u044f\u043c\u0438, \u0447\u0443\u0432\u0441\u0442\u0432\u0438\u0442\u0435\u043b\u044c\u043d\u044b\u043c\u0438 \u043a \u044d\u0440\u0438\u0442\u0440\u043e\u043c\u0438\u0446\u0438\u043d\u0443, \u0438 Mycoplasma spp. \u042d\u0440\u0438\u0442\u0440\u043e\u043c\u0438\u0446\u0438\u043d \u2014 \u043c\u0430\u043a\u0440\u043e\u043b\u0438\u0434\u043d\u044b\u0439 \u0430\u043d\u0442\u0438\u0431\u0438\u043e\u0442\u0438\u043a, \u0441\u0432\u044f\u0437\u044b\u0432\u0430\u044e\u0449\u0438\u0439\u0441\u044f \u0441 50S-\u0441\u0443\u0431\u044a\u0435\u0434\u0438\u043d\u0438\u0446\u0435\u0439 \u0440\u0438\u0431\u043e\u0441\u043e\u043c, \u0431\u043b\u043e\u043a\u0438\u0440\u0443\u044f \u0441\u0438\u043d\u0442\u0435\u0437 \u0431\u0435\u043b\u043a\u0430 \u0438 \u043e\u0441\u0442\u0430\u043d\u0430\u0432\u043b\u0438\u0432\u0430\u044f \u0440\u043e\u0441\u0442 \u043a\u043b\u0435\u0442\u043e\u043a.<\/p>\n<p data-start=\"402\" data-end=\"430\"><strong data-start=\"402\" data-end=\"428\">\u0418\u043d\u0441\u0442\u0440\u0443\u043a\u0446\u0438\u044f \u043f\u043e \u043f\u0440\u0438\u043c\u0435\u043d\u0435\u043d\u0438\u044e:<\/strong><\/p>\n<ul data-start=\"431\" data-end=\"699\">\n<li data-start=\"431\" data-end=\"512\">\n<p data-start=\"433\" data-end=\"512\">\u041b\u0435\u0447\u0435\u043d\u0438\u0435 \u0445\u0440\u043e\u043d\u0438\u0447\u0435\u0441\u043a\u0438\u0445 \u0440\u0435\u0441\u043f\u0438\u0440\u0430\u0442\u043e\u0440\u043d\u044b\u0445 \u0437\u0430\u0431\u043e\u043b\u0435\u0432\u0430\u043d\u0438\u0439 (\u0425\u0420\u0417) (\u043c\u0438\u043a\u043e\u043f\u043b\u0430\u0437\u043c\u0435\u043d\u043d\u044b\u0445 \u0438\u043d\u0444\u0435\u043a\u0446\u0438\u0439)<\/p>\n<\/li>\n<li data-start=\"513\" data-end=\"566\">\n<p data-start=\"515\" data-end=\"566\">Staphylococcus aureus (\u043d\u0430\u043f\u0440\u0438\u043c\u0435\u0440, \u0438\u043d\u0444\u0435\u043a\u0446\u0438\u043e\u043d\u043d\u044b\u0439 \u0430\u0440\u0442\u0440\u0438\u0442)<\/p>\n<\/li>\n<li data-start=\"567\" data-end=\"616\">\n<p data-start=\"569\" data-end=\"616\">Haemophilus paragallinarum (\u0438\u043d\u0444\u0435\u043a\u0446\u0438\u043e\u043d\u043d\u044b\u0439 \u0440\u0438\u043d\u0438\u0442)<\/p>\n<\/li>\n<li data-start=\"617\" data-end=\"699\">\n<p data-start=\"619\" data-end=\"699\">\u041b\u0435\u0447\u0435\u043d\u0438\u0435 \u0438\u043d\u0444\u0435\u043a\u0446\u0438\u0439, \u0432\u044b\u0437\u0432\u0430\u043d\u043d\u044b\u0445 Pasteurella multocida (\u043f\u0430\u0441\u0442\u0435\u0440\u0435\u043b\u043b\u0435\u0437, \u043f\u043d\u0435\u0432\u043c\u043e\u043d\u0438\u044f)<\/p>\n<\/li>\n<\/ul>\n<p data-start=\"701\" data-end=\"717\"><strong data-start=\"701\" data-end=\"715\">\u0417\u0430\u043f\u0440\u0435\u0442\u044b:<\/strong><\/p>\n<ul data-start=\"718\" data-end=\"893\">\n<li data-start=\"718\" data-end=\"751\">\n<p data-start=\"720\" data-end=\"751\">\u0427\u0443\u0432\u0441\u0442\u0432\u0438\u0442\u0435\u043b\u044c\u043d\u043e\u0441\u0442\u044c \u043a \u044d\u0440\u0438\u0442\u0440\u043e\u043c\u0438\u0446\u0438\u043d\u0443<\/p>\n<\/li>\n<li data-start=\"752\" data-end=\"805\">\n<p data-start=\"754\" data-end=\"805\">\u0422\u044f\u0436\u0435\u043b\u044b\u0435 \u043d\u0430\u0440\u0443\u0448\u0435\u043d\u0438\u044f \u0444\u0443\u043d\u043a\u0446\u0438\u0438 \u043f\u0435\u0447\u0435\u043d\u0438 \u0438 \u043f\u043e\u0447\u0435\u043a<\/p>\n<\/li>\n<li data-start=\"806\" data-end=\"893\">\n<p data-start=\"808\" data-end=\"893\">\u041d\u0435 \u0441\u043b\u0435\u0434\u0443\u0435\u0442 \u043d\u0430\u0437\u043d\u0430\u0447\u0430\u0442\u044c \u043e\u0434\u043d\u043e\u0432\u0440\u0435\u043c\u0435\u043d\u043d\u043e \u0441 \u0442\u0435\u0442\u0440\u0430\u0446\u0438\u043a\u043b\u0438\u043d\u0430\u043c\u0438, \u0445\u043b\u043e\u0440\u0430\u043c\u0444\u0435\u043d\u0438\u043a\u043e\u043b\u043e\u043c, \u043c\u0430\u043a\u0440\u043e\u043b\u0438\u0434\u0430\u043c\u0438 \u0438 \u043b\u0438\u043d\u043a\u043e\u0437\u0430\u043c\u0438\u0434\u0430\u043c\u0438.<\/p>\n<\/li>\n<\/ul>\n<p data-start=\"895\" data-end=\"948\"><strong data-start=\"895\" data-end=\"912\">\u041f\u043e\u0431\u043e\u0447\u043d\u044b\u0435 \u044d\u0444\u0444\u0435\u043a\u0442\u044b:<\/strong><br data-start=\"912\" data-end=\"915\" \/>\u0412\u043e\u0437\u043c\u043e\u0436\u043d\u044b \u0440\u0435\u0430\u043a\u0446\u0438\u0438 \u0433\u0438\u043f\u0435\u0440\u0447\u0443\u0432\u0441\u0442\u0432\u0438\u0442\u0435\u043b\u044c\u043d\u043e\u0441\u0442\u0438.<\/p>\n<p data-start=\"950\" data-end=\"962\"><strong data-start=\"950\" data-end=\"960\">\u0414\u043e\u0437\u0438\u0440\u043e\u0432\u043a\u0430:<\/strong><\/p>\n<ul data-start=\"963\" data-end=\"1009\">\n<li data-start=\"963\" data-end=\"1009\">\n<p data-start=\"965\" data-end=\"1009\">\u041f\u0442\u0438\u0446\u044b: 1 \u043a\u0433 \/ 1000 \u043b\u0438\u0442\u0440\u043e\u0432 \u043f\u0438\u0442\u044c\u0435\u0432\u043e\u0439 \u0432\u043e\u0434\u044b, 3-5 \u0434\u043d\u0435\u0439.<\/p>\n<\/li>\n<\/ul>\n<p data-start=\"1011\" data-end=\"1036\"><strong data-start=\"1011\" data-end=\"1034\">\u041f\u0435\u0440\u0438\u043e\u0434\u044b \u043e\u0436\u0438\u0434\u0430\u043d\u0438\u044f:<\/strong><\/p>\n<ul data-start=\"1037\" data-end=\"1077\">\n<li data-start=\"1037\" data-end=\"1055\">\n<p data-start=\"1039\" data-end=\"1055\">\u0414\u043b\u044f \u043c\u044f\u0441\u0430: 3 \u0434\u043d\u044f<\/p>\n<\/li>\n<li data-start=\"1056\" data-end=\"1077\">\n<p data-start=\"1058\" data-end=\"1077\">\u0414\u043b\u044f \u044f\u0438\u0446: 6 \u0434\u043d\u0435\u0439<\/p>\n<\/li>\n<\/ul>\n<p data-start=\"1079\" data-end=\"1132\" data-is-last-node=\"\" data-is-only-node=\"\"><strong data-start=\"1079\" data-end=\"1095\">\u0423\u043f\u0430\u043a\u043e\u0432\u043a\u0430:<\/strong><br data-start=\"1095\" data-end=\"1098\" \/>\u041f\u0430\u043a\u0435\u0442\u044b \u043f\u043e 100 \u0433\u0440\u0430\u043c\u043c \u0438 \u0431\u0430\u043d\u043a\u0438 \u043f\u043e 1000 \u0433\u0440\u0430\u043c\u043c.<\/p>\n<\/div>\n<\/div>\n<p><!-- .vgblk-rw-wrapper --><\/p>","protected":false},"excerpt":{"rendered":"<p>Erythromycin 20% Suya H\u0259ll Olan Tozu T\u0259rkibi (1 qram tozda):Erythromycin tiosiyanat \u2013 200 mg T\u0259sviri:Gallimix-200 WS, toyuqlarda erythromycin-\u0259 h\u0259ssas bakteriyalar v\u0259 Mycoplasma spp. s\u0259b\u0259b oldu\u011fu infeksiyalar\u0131n m\u00fcalic\u0259si \u00fc\u00e7\u00fcn istifad\u0259 olunur. Erythromycin makrolid antibiotik olub, ribosomlar\u0131n 50S subunitin\u0259 ba\u011flanaraq protein sintezini bloklay\u0131r v\u0259 h\u00fcceyr\u0259 art\u0131m\u0131n\u0131 dayand\u0131r\u0131r. \u0130stifad\u0259 G\u00f6st\u0259ri\u015fl\u0259ri: Xroniki t\u0259n\u0259ff\u00fcs yolu x\u0259st\u0259liyinin (CRD) m\u00fcalic\u0259si (Mycoplasma infeksiyalar\u0131)&#8230;<\/p>","protected":false},"featured_media":989176,"comment_status":"closed","ping_status":"closed","template":"","meta":{"nf_dc_page":"","_monsterinsights_skip_tracking":false,"_monsterinsights_sitenote_active":false,"_monsterinsights_sitenote_note":"","_monsterinsights_sitenote_category":0},"product_brand":[],"product_cat":[68,251],"product_tag":[],"class_list":{"0":"post-989175","1":"product","2":"type-product","3":"status-publish","4":"has-post-thumbnail","6":"product_cat-poultry","7":"product_cat-veterinary-products","9":"first","10":"instock","11":"shipping-taxable","12":"product-type-simple"},"jetpack_sharing_enabled":true,"_links":{"self":[{"href":"https:\/\/agrovetazerbaijan.az\/ru\/wp-json\/wp\/v2\/product\/989175","targetHints":{"allow":["GET"]}}],"collection":[{"href":"https:\/\/agrovetazerbaijan.az\/ru\/wp-json\/wp\/v2\/product"}],"about":[{"href":"https:\/\/agrovetazerbaijan.az\/ru\/wp-json\/wp\/v2\/types\/product"}],"replies":[{"embeddable":true,"href":"https:\/\/agrovetazerbaijan.az\/ru\/wp-json\/wp\/v2\/comments?post=989175"}],"version-history":[{"count":2,"href":"https:\/\/agrovetazerbaijan.az\/ru\/wp-json\/wp\/v2\/product\/989175\/revisions"}],"predecessor-version":[{"id":989995,"href":"https:\/\/agrovetazerbaijan.az\/ru\/wp-json\/wp\/v2\/product\/989175\/revisions\/989995"}],"wp:featuredmedia":[{"embeddable":true,"href":"https:\/\/agrovetazerbaijan.az\/ru\/wp-json\/wp\/v2\/media\/989176"}],"wp:attachment":[{"href":"https:\/\/agrovetazerbaijan.az\/ru\/wp-json\/wp\/v2\/media?parent=989175"}],"wp:term":[{"taxonomy":"product_brand","embeddable":true,"href":"https:\/\/agrovetazerbaijan.az\/ru\/wp-json\/wp\/v2\/product_brand?post=989175"},{"taxonomy":"product_cat","embeddable":true,"href":"https:\/\/agrovetazerbaijan.az\/ru\/wp-json\/wp\/v2\/product_cat?post=989175"},{"taxonomy":"product_tag","embeddable":true,"href":"https:\/\/agrovetazerbaijan.az\/ru\/wp-json\/wp\/v2\/product_tag?post=989175"}],"curies":[{"name":"WP","href":"https:\/\/api.w.org\/{rel}","templated":true}]}}