{"id":989169,"date":"2025-03-23T14:13:25","date_gmt":"2025-03-23T14:13:25","guid":{"rendered":"https:\/\/agrovetazerbaijan.az\/?post_type=product&#038;p=989169"},"modified":"2025-06-20T17:05:42","modified_gmt":"2025-06-20T17:05:42","slug":"doxy-500-ws","status":"publish","type":"product","link":"https:\/\/agrovetazerbaijan.az\/ru\/product\/doxy-500-ws\/","title":{"rendered":"\u0414\u043e\u043a\u0441\u0438-500 WS"},"content":{"rendered":"<div class=\"vgblk-rw-wrapper limit-wrapper\">\n<div class=\"product-shop columns large-7 medium-7 small-12\">\n<h3 data-start=\"122\" data-end=\"166\"><strong data-start=\"126\" data-end=\"166\">\u0414\u043e\u043a\u0441\u0438\u0446\u0438\u043a\u043b\u0438\u043d 50% \u0432\u043e\u0434\u043e\u0440\u0430\u0441\u0442\u0432\u043e\u0440\u0438\u043c\u044b\u0439 \u043f\u043e\u0440\u043e\u0448\u043e\u043a<\/strong><\/h3>\n<hr data-start=\"168\" data-end=\"171\" \/>\n<h4 data-start=\"173\" data-end=\"211\"><strong data-start=\"178\" data-end=\"209\">\u0421\u043e\u0441\u0442\u0430\u0432 (\u043d\u0430 1 \u0433\u0440\u0430\u043c\u043c \u043f\u043e\u0440\u043e\u0448\u043a\u0430):<\/strong><\/h4>\n<ul data-start=\"212\" data-end=\"245\">\n<li data-start=\"212\" data-end=\"245\">\n<p data-start=\"214\" data-end=\"245\"><strong data-start=\"214\" data-end=\"236\">\u0414\u043e\u043a\u0441\u0438\u0446\u0438\u043a\u043b\u0438\u043d\u0430 \u0433\u0438\u043a\u043b\u0430\u0442<\/strong> \u2013 500 \u043c\u0433<\/p>\n<\/li>\n<\/ul>\n<hr data-start=\"247\" data-end=\"250\" \/>\n<h4 data-start=\"252\" data-end=\"271\"><strong data-start=\"257\" data-end=\"269\">\u041e\u043f\u0438\u0441\u0430\u043d\u0438\u0435:<\/strong><\/h4>\n<p data-start=\"272\" data-end=\"455\"><strong data-start=\"272\" data-end=\"287\">\u0414\u043e\u043a\u0441\u0438\u0446\u0438\u043a\u043b\u0438\u043d<\/strong> \u042d\u0442\u043e \u0430\u043d\u0442\u0438\u0431\u0438\u043e\u0442\u0438\u043a, \u043e\u0442\u043d\u043e\u0441\u044f\u0449\u0438\u0439\u0441\u044f \u043a \u0433\u0440\u0443\u043f\u043f\u0435 \u0442\u0435\u0442\u0440\u0430\u0446\u0438\u043a\u043b\u0438\u043d\u043e\u0432. <strong data-start=\"332\" data-end=\"350\">\u0431\u0430\u043a\u0442\u0435\u0440\u0438\u043e\u0441\u0442\u0430\u0442\u0438\u0447\u0435\u0441\u043a\u0438\u0439<\/strong> \u042d\u0442\u043e \u0438\u043c\u0435\u0435\u0442 \u044d\u0444\u0444\u0435\u043a\u0442. \u042d\u0442\u043e \u0438 \u0442\u043e, \u0438 \u0434\u0440\u0443\u0433\u043e\u0435. <strong data-start=\"375\" data-end=\"390\">\u0433\u0440\u0430\u043c\u043f\u043e\u043b\u043e\u0436\u0438\u0442\u0435\u043b\u044c\u043d\u044b\u0435<\/strong>, \u0430 \u0442\u0430\u043a\u0436\u0435 <strong data-start=\"399\" data-end=\"413\">\u0413\u0440\u0430\u043c\u043e\u0442\u0440\u0438\u0446\u0430\u0442\u0435\u043b\u044c\u043d\u044b\u0435<\/strong> \u041e\u043d \u0430\u043a\u0442\u0438\u0432\u0435\u043d \u043f\u0440\u043e\u0442\u0438\u0432 \u0431\u0430\u043a\u0442\u0435\u0440\u0438\u0439, \u0432 \u0442\u043e\u043c \u0447\u0438\u0441\u043b\u0435:<\/p>\n<ul data-start=\"457\" data-end=\"682\">\n<li data-start=\"457\" data-end=\"615\">\n<p data-start=\"459\" data-end=\"615\"><em data-start=\"459\" data-end=\"476\">Bordetella spp.<\/em>, <em data-start=\"478\" data-end=\"498\">\u041a\u0430\u043c\u043f\u0438\u043b\u043e\u0431\u0430\u043a\u0442\u0435\u0440 spp.<\/em>, <em data-start=\"500\" data-end=\"509\">\u043a\u0438\u0448\u0435\u0447\u043d\u0430\u044f \u043f\u0430\u043b\u043e\u0447\u043a\u0430<\/em>, <em data-start=\"511\" data-end=\"529\">\u0413\u0435\u043c\u043e\u0444\u0438\u043b\u044c\u043d\u0430\u044f \u043f\u0430\u043b\u043e\u0447\u043a\u0430.<\/em>, <em data-start=\"531\" data-end=\"549\">\u041f\u0430\u0441\u0442\u0435\u0440\u0435\u043b\u043b\u0430 spp.<\/em>, <em data-start=\"551\" data-end=\"568\">\u0421\u0430\u043b\u044c\u043c\u043e\u043d\u0435\u043b\u043b\u0430 spp.<\/em>, <em data-start=\"570\" data-end=\"591\">\u0421\u0442\u0430\u0444\u0438\u043b\u043e\u043a\u043e\u043a\u043a\u0438 spp.<\/em>, <em data-start=\"593\" data-end=\"613\">\u0421\u0442\u0440\u0435\u043f\u0442\u043e\u043a\u043e\u043a\u043a\u0438 spp.<\/em><\/p>\n<\/li>\n<li data-start=\"616\" data-end=\"682\">\n<p data-start=\"618\" data-end=\"682\">\u0422\u0430\u043a\u0436\u0435: <em data-start=\"628\" data-end=\"644\">Chlamydia spp.<\/em>, <em data-start=\"646\" data-end=\"663\">Mycoplasma spp.<\/em>, <em data-start=\"665\" data-end=\"682\">\u0420\u0438\u043a\u043a\u0435\u0442\u0441\u0438\u0438 spp.<\/em><\/p>\n<\/li>\n<\/ul>\n<p data-start=\"684\" data-end=\"904\">\u0412\u043b\u0438\u044f\u043d\u0438\u0435 \u0434\u043e\u043a\u0441\u0438\u0446\u0438\u043a\u043b\u0438\u043d\u0430 \u043d\u0430 \u0431\u0430\u043a\u0442\u0435\u0440\u0438\u0438 <strong data-start=\"720\" data-end=\"753\">\u0438\u043d\u0433\u0438\u0431\u0438\u0440\u043e\u0432\u0430\u043d\u0438\u0435 \u0441\u0438\u043d\u0442\u0435\u0437\u0430 \u0431\u0435\u043b\u043a\u0430<\/strong> \u042d\u0442\u0430 \u0441\u0442\u0430\u0442\u044c\u044f \u0441\u0432\u044f\u0437\u0430\u043d\u0430 \u0441 <strong data-start=\"783\" data-end=\"816\">\u0432\u044b\u0441\u043e\u043a\u043e\u0435 \u0441\u0440\u043e\u0434\u0441\u0442\u0432\u043e \u043a \u043b\u0435\u0433\u043a\u0438\u043c<\/strong> \u0435\u0441\u0442\u044c, \u043f\u043e\u044d\u0442\u043e\u043c\u0443 <strong data-start=\"835\" data-end=\"903\">\u041e\u043d \u043e\u0441\u043e\u0431\u0435\u043d\u043d\u043e \u044d\u0444\u0444\u0435\u043a\u0442\u0438\u0432\u0435\u043d \u043f\u0440\u0438 \u043b\u0435\u0447\u0435\u043d\u0438\u0438 \u0438\u043d\u0444\u0435\u043a\u0446\u0438\u0439 \u0434\u044b\u0445\u0430\u0442\u0435\u043b\u044c\u043d\u044b\u0445 \u043f\u0443\u0442\u0435\u0439.<\/strong>.<\/p>\n<hr data-start=\"906\" data-end=\"909\" \/>\n<h4 data-start=\"911\" data-end=\"940\"><strong data-start=\"916\" data-end=\"938\">\u041e\u0431\u043b\u0430\u0441\u0442\u0438 \u043f\u0440\u0438\u043c\u0435\u043d\u0435\u043d\u0438\u044f:<\/strong><\/h4>\n<p data-start=\"941\" data-end=\"1075\"><strong data-start=\"941\" data-end=\"983\">\u041c\u0438\u043a\u0440\u043e\u043e\u0440\u0433\u0430\u043d\u0438\u0437\u043c\u044b, \u0447\u0443\u0432\u0441\u0442\u0432\u0438\u0442\u0435\u043b\u044c\u043d\u044b\u0435 \u043a \u0434\u043e\u043a\u0441\u0438\u0446\u0438\u043a\u043b\u0438\u043d\u0443<\/strong> \u0432\u044b\u0437\u0432\u0430\u043d\u043e <strong data-start=\"994\" data-end=\"1045\">\u0436\u0435\u043b\u0443\u0434\u043e\u0447\u043d\u043e-\u043a\u0438\u0448\u0435\u0447\u043d\u044b\u0435 \u0438 \u0440\u0435\u0441\u043f\u0438\u0440\u0430\u0442\u043e\u0440\u043d\u044b\u0435 \u0438\u043d\u0444\u0435\u043a\u0446\u0438\u0438<\/strong> \u0438\u0441\u043f\u043e\u043b\u044c\u0437\u0443\u0435\u0442\u0441\u044f \u043f\u0440\u0438 \u043b\u0435\u0447\u0435\u043d\u0438\u0438:<\/p>\n<ul data-start=\"1077\" data-end=\"1284\">\n<li data-start=\"1077\" data-end=\"1284\">\n<p data-start=\"1079\" data-end=\"1284\"><em data-start=\"1079\" data-end=\"1091\">\u0411\u043e\u0440\u0434\u0435\u0442\u0435\u043b\u043b\u0430<\/em>, <em data-start=\"1093\" data-end=\"1113\">\u041a\u0430\u043c\u043f\u0438\u043b\u043e\u0431\u0430\u043a\u0442\u0435\u0440 spp.<\/em>, <em data-start=\"1115\" data-end=\"1131\">Chlamydia spp.<\/em>, <em data-start=\"1133\" data-end=\"1142\">\u043a\u0438\u0448\u0435\u0447\u043d\u0430\u044f \u043f\u0430\u043b\u043e\u0447\u043a\u0430<\/em>, <em data-start=\"1144\" data-end=\"1162\">\u0413\u0435\u043c\u043e\u0444\u0438\u043b\u044c\u043d\u0430\u044f \u043f\u0430\u043b\u043e\u0447\u043a\u0430.<\/em>, <em data-start=\"1164\" data-end=\"1181\">Mycoplasma spp.<\/em>, <em data-start=\"1183\" data-end=\"1201\">\u041f\u0430\u0441\u0442\u0435\u0440\u0435\u043b\u043b\u0430 spp.<\/em>, <em data-start=\"1203\" data-end=\"1220\">\u0420\u0438\u043a\u043a\u0435\u0442\u0441\u0438\u0438 spp.<\/em>, <em data-start=\"1222\" data-end=\"1239\">\u0421\u0430\u043b\u044c\u043c\u043e\u043d\u0435\u043b\u043b\u0430 spp.<\/em>, <em data-start=\"1241\" data-end=\"1262\">\u0421\u0442\u0430\u0444\u0438\u043b\u043e\u043a\u043e\u043a\u043a\u0438 spp.<\/em>, <em data-start=\"1264\" data-end=\"1284\">\u0421\u0442\u0440\u0435\u043f\u0442\u043e\u043a\u043e\u043a\u043a\u0438 spp.<\/em><\/p>\n<\/li>\n<\/ul>\n<p data-start=\"1286\" data-end=\"1354\"><strong data-start=\"1286\" data-end=\"1305\">\u0412\u0438\u0434\u044b \u0436\u0438\u0432\u043e\u0442\u043d\u044b\u0445:<\/strong> \u0422\u0435\u043b\u044f\u0442\u0430, \u043e\u0432\u0446\u044b, \u043a\u043e\u0437\u044b, \u0441\u0432\u0438\u043d\u044c\u0438 \u0438 \u0434\u043e\u043c\u0430\u0448\u043d\u044f\u044f \u043f\u0442\u0438\u0446\u0430<\/p>\n<hr data-start=\"1356\" data-end=\"1359\" \/>\n<h4 data-start=\"1361\" data-end=\"1388\"><strong data-start=\"1366\" data-end=\"1386\">\u041f\u0440\u043e\u0442\u0438\u0432\u043e\u043f\u043e\u043a\u0430\u0437\u0430\u043d\u0438\u044f:<\/strong><\/h4>\n<ul data-start=\"1389\" data-end=\"1681\">\n<li data-start=\"1389\" data-end=\"1443\">\n<p data-start=\"1391\" data-end=\"1443\">\u0413\u0438\u043f\u0435\u0440\u0447\u0443\u0432\u0441\u0442\u0432\u0438\u0442\u0435\u043b\u044c\u043d\u043e\u0441\u0442\u044c (\u0430\u043b\u043b\u0435\u0440\u0433\u0438\u044f) \u043a \u0442\u0435\u0442\u0440\u0430\u0446\u0438\u043a\u043b\u0438\u043d\u0430\u043c<\/p>\n<\/li>\n<li data-start=\"1444\" data-end=\"1493\">\n<p data-start=\"1446\" data-end=\"1493\">\u0421\u0435\u0440\u044c\u0435\u0437\u043d\u043e <strong data-start=\"1452\" data-end=\"1476\">\u0440\u0430\u0441\u0441\u0442\u0440\u043e\u0439\u0441\u0442\u0432\u043e \u043f\u0435\u0447\u0435\u043d\u0438<\/strong> \u0436\u0438\u0432\u043e\u0442\u043d\u044b\u0435, \u043a\u043e\u0442\u043e\u0440\u044b\u0435<\/p>\n<\/li>\n<li data-start=\"1494\" data-end=\"1582\">\n<p data-start=\"1496\" data-end=\"1582\"><strong data-start=\"1496\" data-end=\"1557\">\u041f\u0435\u043d\u0438\u0446\u0438\u043b\u043b\u0438\u043d\u044b, \u0446\u0435\u0444\u0430\u043b\u043e\u0441\u043f\u043e\u0440\u0438\u043d\u044b, \u0445\u0438\u043d\u043e\u043b\u043e\u043d\u044b \u0438 \u0446\u0438\u043a\u043b\u043e\u0441\u0435\u0440\u0438\u043d<\/strong> \u043e\u0434\u043d\u043e\u0432\u0440\u0435\u043c\u0435\u043d\u043d\u043e\u0435 \u0438\u0441\u043f\u043e\u043b\u044c\u0437\u043e\u0432\u0430\u043d\u0438\u0435<\/p>\n<\/li>\n<li data-start=\"1583\" data-end=\"1681\">\n<p data-start=\"1585\" data-end=\"1681\"><strong data-start=\"1585\" data-end=\"1622\">\u0421 \u043c\u0438\u043a\u0440\u043e\u0431\u043d\u044b\u043c \u0444\u0435\u0440\u043c\u0435\u043d\u0442\u0430\u0442\u0438\u0432\u043d\u044b\u043c \u043f\u0435\u0440\u0435\u0432\u0430\u0440\u0438\u0432\u0430\u043d\u0438\u0435\u043c<\/strong> (\u043d\u0430\u043f\u0440\u0438\u043c\u0435\u0440, \u0436\u0432\u0430\u0447\u043d\u044b\u0435) \u043d\u0435 \u0440\u0435\u043a\u043e\u043c\u0435\u043d\u0434\u0443\u0435\u0442\u0441\u044f \u043f\u0440\u0438\u043c\u0435\u043d\u044f\u0442\u044c \u0436\u0438\u0432\u043e\u0442\u043d\u044b\u043c<\/p>\n<\/li>\n<\/ul>\n<hr data-start=\"1683\" data-end=\"1686\" \/>\n<h4 data-start=\"1688\" data-end=\"1712\"><strong data-start=\"1693\" data-end=\"1710\">\u041f\u043e\u0431\u043e\u0447\u043d\u044b\u0435 \u044d\u0444\u0444\u0435\u043a\u0442\u044b:<\/strong><\/h4>\n<ul data-start=\"1713\" data-end=\"1789\">\n<li data-start=\"1713\" data-end=\"1766\">\n<p data-start=\"1715\" data-end=\"1766\">\u0423 \u043c\u043e\u043b\u043e\u0434\u044b\u0445 \u0436\u0438\u0432\u043e\u0442\u043d\u044b\u0445 <strong data-start=\"1733\" data-end=\"1764\">\u0438\u0437\u043c\u0435\u043d\u0435\u043d\u0438\u0435 \u0446\u0432\u0435\u0442\u0430 \u0437\u0443\u0431\u043e\u0432<\/strong><\/p>\n<\/li>\n<li data-start=\"1767\" data-end=\"1789\">\n<p data-start=\"1769\" data-end=\"1789\">\u0410\u043b\u043b\u0435\u0440\u0433\u0438\u0447\u0435\u0441\u043a\u0438\u0435 \u0440\u0435\u0430\u043a\u0446\u0438\u0438<\/p>\n<\/li>\n<\/ul>\n<hr data-start=\"1791\" data-end=\"1794\" \/>\n<h4 data-start=\"1796\" data-end=\"1831\"><strong data-start=\"1801\" data-end=\"1829\">\u0421\u043f\u043e\u0441\u043e\u0431 \u043f\u0440\u0438\u043c\u0435\u043d\u0435\u043d\u0438\u044f \u0438 \u0434\u043e\u0437\u044b:<\/strong><\/h4>\n<p data-start=\"1832\" data-end=\"1849\"><strong data-start=\"1832\" data-end=\"1849\">\u0427\u0435\u0440\u0435\u0437 \u0440\u043e\u0442<\/strong><\/p>\n<ul data-start=\"1851\" data-end=\"2072\">\n<li data-start=\"1851\" data-end=\"1970\">\n<p data-start=\"1853\" data-end=\"1970\"><strong data-start=\"1853\" data-end=\"1885\">\u0422\u0435\u043b\u044f\u0442\u0430, \u043e\u0432\u0446\u044b \u0438 \u043a\u043e\u0437\u044b:<\/strong><br data-start=\"1885\" data-end=\"1888\" \/>2 \u0440\u0430\u0437\u0430 \u0432 \u0434\u0435\u043d\u044c \u043d\u0430 100 \u043a\u0433 \u0436\u0438\u0432\u043e\u0433\u043e \u0432\u0435\u0441\u0430 <strong data-start=\"1928\" data-end=\"1938\">1 \u0433\u0440\u0430\u043c\u043c<\/strong> \u043b\u0435\u043a\u0430\u0440\u0441\u0442\u0432\u043e, <strong data-start=\"1949\" data-end=\"1970\">\u0412 \u0442\u0435\u0447\u0435\u043d\u0438\u0435 3\u20135 \u0434\u043d\u0435\u0439<\/strong><\/p>\n<\/li>\n<li data-start=\"1972\" data-end=\"2072\">\n<p data-start=\"1974\" data-end=\"2072\"><strong data-start=\"1974\" data-end=\"1997\">\u0421\u0432\u0438\u043d\u044c\u0438 \u0438 \u043f\u0442\u0438\u0446\u044b:<\/strong><br data-start=\"1997\" data-end=\"2000\" \/><strong data-start=\"2002\" data-end=\"2049\">1 \u043a\u0433 \u043f\u0440\u0435\u043f\u0430\u0440\u0430\u0442\u0430 \u0438\u0441\u043f\u043e\u043b\u044c\u0437\u0443\u0435\u0442\u0441\u044f \u043d\u0430 5000 \u2013 10000 \u043b\u0438\u0442\u0440\u043e\u0432 \u043f\u0438\u0442\u044c\u0435\u0432\u043e\u0439 \u0432\u043e\u0434\u044b.<\/strong>, <strong data-start=\"2051\" data-end=\"2072\">\u0412 \u0442\u0435\u0447\u0435\u043d\u0438\u0435 3\u20135 \u0434\u043d\u0435\u0439<\/strong><\/p>\n<\/li>\n<\/ul>\n<p data-start=\"2074\" data-end=\"2203\"><strong data-start=\"2074\" data-end=\"2083\">\u041f\u0440\u0438\u043c\u0435\u0447\u0430\u043d\u0438\u0435:<\/strong> \u0422\u043e\u043b\u044c\u043a\u043e <strong data-start=\"2091\" data-end=\"2107\">\u043f\u0440\u0435\u0440\u0443\u043c\u0438\u043d\u0430\u043d\u0442\u043d\u044b\u0439<\/strong> \u0418\u0441\u043f\u043e\u043b\u044c\u0437\u0443\u0435\u0442\u0441\u044f \u0434\u043b\u044f \u0442\u0435\u043b\u044f\u0442, \u044f\u0433\u043d\u044f\u0442 \u0438 \u043a\u043e\u0437\u043b\u044f\u0442 (\u0447\u044c\u044f \u043f\u0438\u0449\u0435\u0432\u0430\u0440\u0438\u0442\u0435\u043b\u044c\u043d\u0430\u044f \u0441\u0438\u0441\u0442\u0435\u043c\u0430 \u0435\u0449\u0435 \u043d\u0435 \u043f\u043e\u043b\u043d\u043e\u0441\u0442\u044c\u044e \u0440\u0430\u0437\u0432\u0438\u0442\u0430)<\/p>\n<hr data-start=\"2205\" data-end=\"2208\" \/>\n<h4 data-start=\"2210\" data-end=\"2249\"><strong data-start=\"2215\" data-end=\"2247\">\u041f\u0435\u0440\u0438\u043e\u0434 \u043e\u0436\u0438\u0434\u0430\u043d\u0438\u044f (\u043f\u0435\u0440\u0438\u043e\u0434 \u0432\u044b\u0432\u043e\u0434\u0430):<\/strong><\/h4>\n<ul data-start=\"2250\" data-end=\"2364\">\n<li data-start=\"2250\" data-end=\"2364\">\n<p data-start=\"2252\" data-end=\"2264\"><strong data-start=\"2252\" data-end=\"2264\">\u0414\u043b\u044f \u043c\u044f\u0441\u0430:<\/strong><\/p>\n<ul data-start=\"2267\" data-end=\"2364\">\n<li data-start=\"2267\" data-end=\"2285\">\n<p data-start=\"2269\" data-end=\"2285\">\u0422\u0435\u043b\u0435\u043d\u043e\u043a: <strong data-start=\"2276\" data-end=\"2285\">7 \u0434\u043d\u0435\u0439<\/strong><\/p>\n<\/li>\n<li data-start=\"2288\" data-end=\"2318\">\n<p data-start=\"2290\" data-end=\"2318\">\u041e\u0432\u0446\u044b \u0438 \u043a\u043e\u0437\u044b: <strong data-start=\"2308\" data-end=\"2318\">14 \u0434\u043d\u0435\u0439<\/strong><\/p>\n<\/li>\n<li data-start=\"2321\" data-end=\"2342\">\n<p data-start=\"2323\" data-end=\"2342\">\u0421\u0432\u0438\u043d\u044c\u0438: <strong data-start=\"2333\" data-end=\"2342\">8 \u0434\u043d\u0435\u0439<\/strong><\/p>\n<\/li>\n<li data-start=\"2345\" data-end=\"2364\">\n<p data-start=\"2347\" data-end=\"2364\">\u041f\u0442\u0438\u0446\u044b: <strong data-start=\"2355\" data-end=\"2364\">7 \u0434\u043d\u0435\u0439<\/strong><\/p>\n<\/li>\n<\/ul>\n<\/li>\n<\/ul>\n<p data-start=\"2366\" data-end=\"2436\"><strong data-start=\"2366\" data-end=\"2436\">\u041f\u0440\u0435\u043f\u0430\u0440\u0430\u0442 \u043d\u0435 \u0441\u043b\u0435\u0434\u0443\u0435\u0442 \u043f\u0440\u0438\u043c\u0435\u043d\u044f\u0442\u044c \u043f\u0442\u0438\u0446\u0430\u043c, \u0441\u043e\u0434\u0435\u0440\u0436\u0430\u0449\u0438\u043c\u0441\u044f \u0434\u043b\u044f \u043f\u0440\u043e\u0438\u0437\u0432\u043e\u0434\u0441\u0442\u0432\u0430 \u044f\u0438\u0446.<\/strong><\/p>\n<hr data-start=\"2438\" data-end=\"2441\" \/>\n<h4 data-start=\"2443\" data-end=\"2466\"><strong data-start=\"2448\" data-end=\"2464\">\u0423\u043f\u0430\u043a\u043e\u0432\u043a\u0430:<\/strong><\/h4>\n<ul data-start=\"2467\" data-end=\"2528\">\n<li data-start=\"2467\" data-end=\"2497\">\n<p data-start=\"2469\" data-end=\"2497\">\u0423\u043f\u0430\u043a\u043e\u0432\u043a\u0438 \u043f\u043e 30 \u0433 \u0438 100 \u0433<\/p>\n<\/li>\n<li data-start=\"2498\" data-end=\"2528\">\n<p data-start=\"2500\" data-end=\"2528\">\u0411\u0430\u043d\u043a\u0438 500 \u0433 \u0438 1000 \u0433<\/p>\n<\/li>\n<\/ul>\n<\/div>\n<\/div>\n<p><!-- .vgblk-rw-wrapper --><\/p>","protected":false},"excerpt":{"rendered":"<p>DOKS\u0130S\u0130KL\u0130N 50% SUYA H\u018fLL OLUNAN TOZ T\u0259rkibi (h\u0259r 1 qram tozda): Doksisiklin hixlat \u2013 500 mq T\u0259sviri: Doksisiklin tetrasiklinl\u0259r qrupuna aid antibiotik olub, bakteriostatik t\u0259sir\u0259 malikdir. O, h\u0259m Gram-m\u00fcsb\u0259t, h\u0259m d\u0259 Gram-m\u0259nfi bakteriyalara qar\u015f\u0131 aktivdir, o c\u00fcml\u0259d\u0259n: Bordetella spp., Campylobacter spp., E. coli, Haemophilus spp., Pasteurella spp., Salmonella spp., Staphylococcus spp., Streptococcus spp. El\u0259c\u0259 d\u0259:&#8230;<\/p>","protected":false},"featured_media":989170,"comment_status":"closed","ping_status":"closed","template":"","meta":{"nf_dc_page":"","_monsterinsights_skip_tracking":false,"_monsterinsights_sitenote_active":false,"_monsterinsights_sitenote_note":"","_monsterinsights_sitenote_category":0},"product_brand":[],"product_cat":[108,114,68],"product_tag":[],"class_list":{"0":"post-989169","1":"product","2":"type-product","3":"status-publish","4":"has-post-thumbnail","6":"product_cat-cow","7":"product_cat-sheep","8":"product_cat-poultry","10":"first","11":"instock","12":"shipping-taxable","13":"product-type-simple"},"jetpack_sharing_enabled":true,"_links":{"self":[{"href":"https:\/\/agrovetazerbaijan.az\/ru\/wp-json\/wp\/v2\/product\/989169","targetHints":{"allow":["GET"]}}],"collection":[{"href":"https:\/\/agrovetazerbaijan.az\/ru\/wp-json\/wp\/v2\/product"}],"about":[{"href":"https:\/\/agrovetazerbaijan.az\/ru\/wp-json\/wp\/v2\/types\/product"}],"replies":[{"embeddable":true,"href":"https:\/\/agrovetazerbaijan.az\/ru\/wp-json\/wp\/v2\/comments?post=989169"}],"version-history":[{"count":2,"href":"https:\/\/agrovetazerbaijan.az\/ru\/wp-json\/wp\/v2\/product\/989169\/revisions"}],"predecessor-version":[{"id":989746,"href":"https:\/\/agrovetazerbaijan.az\/ru\/wp-json\/wp\/v2\/product\/989169\/revisions\/989746"}],"wp:featuredmedia":[{"embeddable":true,"href":"https:\/\/agrovetazerbaijan.az\/ru\/wp-json\/wp\/v2\/media\/989170"}],"wp:attachment":[{"href":"https:\/\/agrovetazerbaijan.az\/ru\/wp-json\/wp\/v2\/media?parent=989169"}],"wp:term":[{"taxonomy":"product_brand","embeddable":true,"href":"https:\/\/agrovetazerbaijan.az\/ru\/wp-json\/wp\/v2\/product_brand?post=989169"},{"taxonomy":"product_cat","embeddable":true,"href":"https:\/\/agrovetazerbaijan.az\/ru\/wp-json\/wp\/v2\/product_cat?post=989169"},{"taxonomy":"product_tag","embeddable":true,"href":"https:\/\/agrovetazerbaijan.az\/ru\/wp-json\/wp\/v2\/product_tag?post=989169"}],"curies":[{"name":"WP","href":"https:\/\/api.w.org\/{rel}","templated":true}]}}