{"id":989154,"date":"2025-03-23T14:01:47","date_gmt":"2025-03-23T14:01:47","guid":{"rendered":"https:\/\/agrovetazerbaijan.az\/?post_type=product&#038;p=989154"},"modified":"2025-07-14T21:38:27","modified_gmt":"2025-07-14T21:38:27","slug":"castralin-200-ws","status":"publish","type":"product","link":"https:\/\/agrovetazerbaijan.az\/ru\/product\/castralin-200-ws\/","title":{"rendered":"\u041a\u0430\u0441\u0442\u0440\u0430\u043b\u0438\u043d-200 WS"},"content":{"rendered":"<div class=\"vgblk-rw-wrapper limit-wrapper\">\n<p data-start=\"0\" data-end=\"45\"><strong data-start=\"0\" data-end=\"45\">\u0425\u043b\u043e\u0440\u0442\u0435\u0442\u0440\u0430\u0446\u0438\u043a\u043b\u0438\u043d 20% \u0432\u043e\u0434\u043e\u0440\u0430\u0441\u0442\u0432\u043e\u0440\u0438\u043c\u044b\u0439 \u043f\u043e\u0440\u043e\u0448\u043e\u043a<\/strong><\/p>\n<p data-start=\"47\" data-end=\"76\"><strong data-start=\"47\" data-end=\"74\">\u0421\u043e\u0441\u0442\u0430\u0432 (\u0432 1 \u0433\u0440\u0430\u043c\u043c\u0435 \u043f\u043e\u0440\u043e\u0448\u043a\u0430):<\/strong><\/p>\n<ul data-start=\"77\" data-end=\"117\">\n<li data-start=\"77\" data-end=\"117\">\n<p data-start=\"79\" data-end=\"117\">\u0413\u0438\u0434\u0440\u043e\u0445\u043b\u043e\u0440\u0438\u0434 \u0445\u043b\u043e\u0440\u0442\u0435\u0442\u0440\u0430\u0446\u0438\u043a\u043b\u0438\u043d\u0430 \u2013 200 \u043c\u0433<\/p>\n<\/li>\n<\/ul>\n<p data-start=\"119\" data-end=\"391\"><strong data-start=\"119\" data-end=\"131\">\u041e\u043f\u0438\u0441\u0430\u043d\u0438\u0435:<\/strong><br data-start=\"131\" data-end=\"134\" \/>\u0425\u043b\u043e\u0440\u0442\u0435\u0442\u0440\u0430\u0446\u0438\u043a\u043b\u0438\u043d \u043e\u0442\u043d\u043e\u0441\u0438\u0442\u0441\u044f \u043a \u0433\u0440\u0443\u043f\u043f\u0435 \u0442\u0435\u0442\u0440\u0430\u0446\u0438\u043a\u043b\u0438\u043d\u043e\u0432 \u0438 \u043e\u043a\u0430\u0437\u044b\u0432\u0430\u0435\u0442 \u0431\u0430\u043a\u0442\u0435\u0440\u0438\u043e\u0441\u0442\u0430\u0442\u0438\u0447\u0435\u0441\u043a\u043e\u0435 \u0434\u0435\u0439\u0441\u0442\u0432\u0438\u0435 \u043d\u0430 \u0433\u0440\u0430\u043c\u043f\u043e\u043b\u043e\u0436\u0438\u0442\u0435\u043b\u044c\u043d\u044b\u0435 \u0438 \u0433\u0440\u0430\u043c\u043e\u0442\u0440\u0438\u0446\u0430\u0442\u0435\u043b\u044c\u043d\u044b\u0435 \u0431\u0430\u043a\u0442\u0435\u0440\u0438\u0438. \u042d\u0442\u043e\u0442 \u044d\u0444\u0444\u0435\u043a\u0442 \u043e\u0431\u0443\u0441\u043b\u043e\u0432\u043b\u0435\u043d \u0438\u043d\u0433\u0438\u0431\u0438\u0440\u043e\u0432\u0430\u043d\u0438\u0435\u043c \u0441\u0438\u043d\u0442\u0435\u0437\u0430 \u0431\u0430\u043a\u0442\u0435\u0440\u0438\u0430\u043b\u044c\u043d\u043e\u0433\u043e \u0431\u0435\u043b\u043a\u0430. \u0412\u044b\u0432\u043e\u0434\u0438\u0442\u0441\u044f \u043f\u0440\u0435\u0438\u043c\u0443\u0449\u0435\u0441\u0442\u0432\u0435\u043d\u043d\u043e \u0441 \u043c\u043e\u0447\u043e\u0439, \u0432 \u043d\u0435\u0431\u043e\u043b\u044c\u0448\u043e\u043c \u043a\u043e\u043b\u0438\u0447\u0435\u0441\u0442\u0432\u0435 \u2013 \u0441 \u0436\u0435\u043b\u0447\u044c\u044e \u0438 \u043c\u043e\u043b\u043e\u043a\u043e\u043c.<\/p>\n<p data-start=\"393\" data-end=\"547\"><strong data-start=\"393\" data-end=\"419\">\u0418\u043d\u0441\u0442\u0440\u0443\u043a\u0446\u0438\u044f \u043f\u043e \u043f\u0440\u0438\u043c\u0435\u043d\u0435\u043d\u0438\u044e:<\/strong><br data-start=\"419\" data-end=\"422\" \/>\u041f\u0440\u0438 \u0436\u0435\u043b\u0443\u0434\u043e\u0447\u043d\u043e-\u043a\u0438\u0448\u0435\u0447\u043d\u044b\u0445 \u0438 \u0440\u0435\u0441\u043f\u0438\u0440\u0430\u0442\u043e\u0440\u043d\u044b\u0445 \u0438\u043d\u0444\u0435\u043a\u0446\u0438\u044f\u0445, \u0432\u044b\u0437\u0432\u0430\u043d\u043d\u044b\u0445 \u0431\u0430\u043a\u0442\u0435\u0440\u0438\u044f\u043c\u0438, \u0447\u0443\u0432\u0441\u0442\u0432\u0438\u0442\u0435\u043b\u044c\u043d\u044b\u043c\u0438 \u043a \u0445\u043b\u043e\u0440\u0442\u0435\u0442\u0440\u0430\u0446\u0438\u043a\u043b\u0438\u043d\u0443:<br data-start=\"519\" data-end=\"522\" \/>\u0423 \u0442\u0435\u043b\u044f\u0442, \u0441\u0432\u0438\u043d\u0435\u0439 \u0438 \u0434\u043e\u043c\u0430\u0448\u043d\u0435\u0439 \u043f\u0442\u0438\u0446\u044b<\/p>\n<p data-start=\"549\" data-end=\"565\"><strong data-start=\"549\" data-end=\"563\">\u0417\u0430\u043f\u0440\u0435\u0442\u044b:<\/strong><\/p>\n<ul data-start=\"566\" data-end=\"763\">\n<li data-start=\"566\" data-end=\"595\">\n<p data-start=\"568\" data-end=\"595\">\u0427\u0443\u0432\u0441\u0442\u0432\u0438\u0442\u0435\u043b\u044c\u043d\u043e\u0441\u0442\u044c \u043a \u0442\u0435\u0442\u0440\u0430\u0446\u0438\u043a\u043b\u0438\u043d\u0430\u043c<\/p>\n<\/li>\n<li data-start=\"596\" data-end=\"640\">\n<p data-start=\"598\" data-end=\"640\">\u0422\u044f\u0436\u0435\u043b\u0430\u044f \u043f\u043e\u0447\u0435\u0447\u043d\u0430\u044f \u0438\u043b\u0438 \u043f\u0435\u0447\u0435\u043d\u043e\u0447\u043d\u0430\u044f \u043d\u0435\u0434\u043e\u0441\u0442\u0430\u0442\u043e\u0447\u043d\u043e\u0441\u0442\u044c<\/p>\n<\/li>\n<li data-start=\"641\" data-end=\"713\">\n<p data-start=\"643\" data-end=\"713\">\u041e\u0434\u043d\u043e\u0432\u0440\u0435\u043c\u0435\u043d\u043d\u044b\u0439 \u043f\u0440\u0438\u0435\u043c \u043f\u0435\u043d\u0438\u0446\u0438\u043b\u043b\u0438\u043d\u0430, \u0446\u0435\u0444\u0430\u043b\u043e\u0441\u043f\u043e\u0440\u0438\u043d\u0430, \u0445\u0438\u043d\u043e\u043b\u043e\u043d\u0430 \u0438 \u0446\u0438\u043a\u043b\u043e\u0441\u0435\u0440\u0438\u043d\u0430<\/p>\n<\/li>\n<li data-start=\"714\" data-end=\"763\">\n<p data-start=\"716\" data-end=\"763\">\u0423 \u0436\u0438\u0432\u043e\u0442\u043d\u044b\u0445 \u0441 \u0430\u043a\u0442\u0438\u0432\u043d\u043e\u0439 \u043c\u0438\u043a\u0440\u043e\u0431\u043d\u043e\u0439 \u043f\u0438\u0449\u0435\u0432\u0430\u0440\u0438\u0442\u0435\u043b\u044c\u043d\u043e\u0439 \u0441\u0438\u0441\u0442\u0435\u043c\u043e\u0439<\/p>\n<\/li>\n<\/ul>\n<p data-start=\"765\" data-end=\"784\"><strong data-start=\"765\" data-end=\"782\">\u041f\u043e\u0431\u043e\u0447\u043d\u044b\u0435 \u044d\u0444\u0444\u0435\u043a\u0442\u044b:<\/strong><\/p>\n<ul data-start=\"785\" data-end=\"860\">\n<li data-start=\"785\" data-end=\"833\">\n<p data-start=\"787\" data-end=\"833\">\u0418\u0437\u043c\u0435\u043d\u0435\u043d\u0438\u0435 \u0446\u0432\u0435\u0442\u0430 \u0437\u0443\u0431\u043e\u0432 \u0443 \u043c\u043e\u043b\u043e\u0434\u044b\u0445 \u0436\u0438\u0432\u043e\u0442\u043d\u044b\u0445<\/p>\n<\/li>\n<li data-start=\"834\" data-end=\"860\">\n<p data-start=\"836\" data-end=\"860\">\u0420\u0435\u0430\u043a\u0446\u0438\u0438 \u0433\u0438\u043f\u0435\u0440\u0447\u0443\u0432\u0441\u0442\u0432\u0438\u0442\u0435\u043b\u044c\u043d\u043e\u0441\u0442\u0438<\/p>\n<\/li>\n<\/ul>\n<p data-start=\"862\" data-end=\"874\"><strong data-start=\"862\" data-end=\"872\">\u0414\u043e\u0437\u0438\u0440\u043e\u0432\u043a\u0430:<\/strong><\/p>\n<ul data-start=\"875\" data-end=\"1040\">\n<li data-start=\"875\" data-end=\"930\">\n<p data-start=\"877\" data-end=\"930\">Dana: 12.5 &#8211; 25 qram \/ 100 kq b\u0259d\u0259n \u00e7\u0259kisi, 3-5 g\u00fcn<\/p>\n<\/li>\n<li data-start=\"931\" data-end=\"985\">\n<p data-start=\"933\" data-end=\"985\">Donuz: 10 &#8211; 25 qram \/ 100 kq b\u0259d\u0259n \u00e7\u0259kisi, 3-5 g\u00fcn<\/p>\n<\/li>\n<li data-start=\"986\" data-end=\"1040\">\n<p data-start=\"988\" data-end=\"1040\">Qu\u015f: 12.5 &#8211; 25 qram \/ 100 kq b\u0259d\u0259n \u00e7\u0259kisi, 3-5 g\u00fcn<\/p>\n<\/li>\n<\/ul>\n<p data-start=\"1042\" data-end=\"1083\">(\u041f\u0440\u0438\u043c\u0435\u0447\u0430\u043d\u0438\u0435: \u0442\u043e\u043b\u044c\u043a\u043e \u0434\u043b\u044f \u0449\u0435\u043d\u043a\u043e\u0432 \u043d\u0435\u0436\u0432\u0430\u0447\u043d\u044b\u0445 \u0436\u0438\u0432\u043e\u0442\u043d\u044b\u0445)<\/p>\n<p data-start=\"1085\" data-end=\"1110\"><strong data-start=\"1085\" data-end=\"1108\">\u041f\u0435\u0440\u0438\u043e\u0434\u044b \u043e\u0436\u0438\u0434\u0430\u043d\u0438\u044f:<\/strong><\/p>\n<ul data-start=\"1111\" data-end=\"1191\">\n<li data-start=\"1111\" data-end=\"1169\">\n<p data-start=\"1113\" data-end=\"1169\">\u0414\u043b\u044f \u043c\u044f\u0441\u0430:<br data-start=\"1121\" data-end=\"1124\" \/>\u0422\u0435\u043b\u0435\u043d\u043e\u043a \u2013 24 \u0434\u043d\u044f<br data-start=\"1137\" data-end=\"1140\" \/>\u0421\u0432\u0438\u043d\u044c\u044f \u2013 4 \u0434\u043d\u044f<br data-start=\"1153\" data-end=\"1156\" \/>\u041f\u0442\u0438\u0446\u0430 \u2013 6 \u0434\u043d\u0435\u0439<\/p>\n<\/li>\n<li data-start=\"1170\" data-end=\"1191\">\n<p data-start=\"1172\" data-end=\"1191\">\u0414\u043b\u044f \u044f\u0438\u0446: 5 \u0434\u043d\u0435\u0439<\/p>\n<\/li>\n<\/ul>\n<p data-start=\"1193\" data-end=\"1273\" data-is-last-node=\"\" data-is-only-node=\"\"><strong data-start=\"1193\" data-end=\"1209\">\u0423\u043f\u0430\u043a\u043e\u0432\u043a\u0430:<\/strong><br data-start=\"1209\" data-end=\"1212\" \/>\u0423\u043f\u0430\u043a\u043e\u0432\u043a\u0438 \u043f\u043e 30 \u0438 100 \u0433\u0440\u0430\u043c\u043c, \u0431\u0430\u043d\u043a\u0438 \u043f\u043e 500 \u0438 1000 \u0433\u0440\u0430\u043c\u043c.<\/p>\n<\/div>\n<p><!-- .vgblk-rw-wrapper --><\/p>","protected":false},"excerpt":{"rendered":"<p>Chlortetracycline 20% Suya H\u0259ll Olan Tozu T\u0259rkibi (1 qram tozda): Chlortetracycline hidroklorid \u2013 200 mg T\u0259sviri:Chlortetracycline tetrasiklinl\u0259r qrupuna aid olub, Gram-m\u00fcsb\u0259t v\u0259 Gram-m\u0259nfi bakteriyalara qar\u015f\u0131 bakteriyostatik t\u0259sir g\u00f6st\u0259rir. Bu t\u0259sir bakterial z\u00fclal sintezinin inhib\u0259 olunmas\u0131 il\u0259 ba\u011fl\u0131d\u0131r. \u018fsas\u0259n sidikl\u0259, az miqdarda \u00f6d v\u0259 s\u00fcd vasit\u0259sil\u0259 xaric olunur. \u0130stifad\u0259 G\u00f6st\u0259ri\u015fl\u0259ri:Chlortetracycline-\u0259 h\u0259ssas bakteriyalar\u0131n yaratd\u0131\u011f\u0131 m\u0259d\u0259-ba\u011f\u0131rsaq v\u0259 t\u0259n\u0259ff\u00fcs&#8230;<\/p>","protected":false},"featured_media":989155,"comment_status":"closed","ping_status":"closed","template":"","meta":{"nf_dc_page":"","_monsterinsights_skip_tracking":false,"_monsterinsights_sitenote_active":false,"_monsterinsights_sitenote_note":"","_monsterinsights_sitenote_category":0},"product_brand":[],"product_cat":[68,251,108],"product_tag":[],"class_list":{"0":"post-989154","1":"product","2":"type-product","3":"status-publish","4":"has-post-thumbnail","6":"product_cat-poultry","7":"product_cat-veterinary-products","8":"product_cat-cow","10":"first","11":"instock","12":"shipping-taxable","13":"product-type-simple"},"jetpack_sharing_enabled":true,"_links":{"self":[{"href":"https:\/\/agrovetazerbaijan.az\/ru\/wp-json\/wp\/v2\/product\/989154","targetHints":{"allow":["GET"]}}],"collection":[{"href":"https:\/\/agrovetazerbaijan.az\/ru\/wp-json\/wp\/v2\/product"}],"about":[{"href":"https:\/\/agrovetazerbaijan.az\/ru\/wp-json\/wp\/v2\/types\/product"}],"replies":[{"embeddable":true,"href":"https:\/\/agrovetazerbaijan.az\/ru\/wp-json\/wp\/v2\/comments?post=989154"}],"version-history":[{"count":2,"href":"https:\/\/agrovetazerbaijan.az\/ru\/wp-json\/wp\/v2\/product\/989154\/revisions"}],"predecessor-version":[{"id":989998,"href":"https:\/\/agrovetazerbaijan.az\/ru\/wp-json\/wp\/v2\/product\/989154\/revisions\/989998"}],"wp:featuredmedia":[{"embeddable":true,"href":"https:\/\/agrovetazerbaijan.az\/ru\/wp-json\/wp\/v2\/media\/989155"}],"wp:attachment":[{"href":"https:\/\/agrovetazerbaijan.az\/ru\/wp-json\/wp\/v2\/media?parent=989154"}],"wp:term":[{"taxonomy":"product_brand","embeddable":true,"href":"https:\/\/agrovetazerbaijan.az\/ru\/wp-json\/wp\/v2\/product_brand?post=989154"},{"taxonomy":"product_cat","embeddable":true,"href":"https:\/\/agrovetazerbaijan.az\/ru\/wp-json\/wp\/v2\/product_cat?post=989154"},{"taxonomy":"product_tag","embeddable":true,"href":"https:\/\/agrovetazerbaijan.az\/ru\/wp-json\/wp\/v2\/product_tag?post=989154"}],"curies":[{"name":"WP","href":"https:\/\/api.w.org\/{rel}","templated":true}]}}