{"id":989151,"date":"2025-03-23T13:59:56","date_gmt":"2025-03-23T13:59:56","guid":{"rendered":"https:\/\/agrovetazerbaijan.az\/?post_type=product&#038;p=989151"},"modified":"2025-07-14T21:40:20","modified_gmt":"2025-07-14T21:40:20","slug":"biocillin-500-ws","status":"publish","type":"product","link":"https:\/\/agrovetazerbaijan.az\/ru\/product\/biocillin-500-ws\/","title":{"rendered":"\u0411\u0438\u043e\u0446\u0438\u043b\u043b\u0438\u043d-500 WS"},"content":{"rendered":"<div class=\"vgblk-rw-wrapper limit-wrapper\">\n<div class=\"product-shop columns large-7 medium-7 small-12\">\n<p data-start=\"0\" data-end=\"39\"><strong data-start=\"0\" data-end=\"39\">\u0410\u043c\u043e\u043a\u0441\u0438\u0446\u0438\u043b\u043b\u0438\u043d 50% \u0432\u043e\u0434\u043e\u0440\u0430\u0441\u0442\u0432\u043e\u0440\u0438\u043c\u044b\u0439 \u043f\u043e\u0440\u043e\u0448\u043e\u043a<\/strong><\/p>\n<p data-start=\"41\" data-end=\"70\"><strong data-start=\"41\" data-end=\"68\">\u0421\u043e\u0441\u0442\u0430\u0432 (\u0432 1 \u0433\u0440\u0430\u043c\u043c\u0435 \u043f\u043e\u0440\u043e\u0448\u043a\u0430):<\/strong><\/p>\n<ul data-start=\"71\" data-end=\"104\">\n<li data-start=\"71\" data-end=\"104\">\n<p data-start=\"73\" data-end=\"104\">\u0410\u043c\u043e\u043a\u0441\u0438\u0446\u0438\u043b\u043b\u0438\u043d\u0430 \u0442\u0440\u0438\u0433\u0438\u0434\u0440\u0430\u0442 \u2013 500 \u043c\u0433<\/p>\n<\/li>\n<\/ul>\n<p data-start=\"106\" data-end=\"562\"><strong data-start=\"106\" data-end=\"118\">\u041e\u043f\u0438\u0441\u0430\u043d\u0438\u0435:<\/strong><br data-start=\"118\" data-end=\"121\" \/>\u0410\u043c\u043e\u043a\u0441\u0438\u0446\u0438\u043b\u043b\u0438\u043d \u2013 \u0431\u0430\u043a\u0442\u0435\u0440\u0438\u0446\u0438\u0434\u043d\u044b\u0439 \u043f\u0435\u043d\u0438\u0446\u0438\u043b\u043b\u0438\u043d \u0448\u0438\u0440\u043e\u043a\u043e\u0433\u043e \u0441\u043f\u0435\u043a\u0442\u0440\u0430 \u0434\u0435\u0439\u0441\u0442\u0432\u0438\u044f, \u0434\u0435\u0439\u0441\u0442\u0432\u0443\u044e\u0449\u0438\u0439 \u043d\u0430 \u0433\u0440\u0430\u043c\u043f\u043e\u043b\u043e\u0436\u0438\u0442\u0435\u043b\u044c\u043d\u044b\u0435 \u0438 \u0433\u0440\u0430\u043c\u043e\u0442\u0440\u0438\u0446\u0430\u0442\u0435\u043b\u044c\u043d\u044b\u0435 \u0431\u0430\u043a\u0442\u0435\u0440\u0438\u0438. \u0415\u0433\u043e \u0434\u0435\u0439\u0441\u0442\u0432\u0438\u0435 \u043e\u0441\u043d\u043e\u0432\u0430\u043d\u043e \u043d\u0430 \u0438\u043d\u0433\u0438\u0431\u0438\u0440\u043e\u0432\u0430\u043d\u0438\u0438 \u0440\u0430\u0437\u0432\u0438\u0442\u0438\u044f \u043f\u0435\u043f\u0442\u0438\u0434\u043e\u0433\u043b\u0438\u043a\u0430\u043d\u043e\u0432\u043e\u0439 \u0441\u0442\u0440\u0443\u043a\u0442\u0443\u0440\u044b \u043a\u043b\u0435\u0442\u043e\u0447\u043d\u043e\u0439 \u0441\u0442\u0435\u043d\u043a\u0438 \u0431\u0430\u043a\u0442\u0435\u0440\u0438\u0439. \u041e\u043d \u0445\u043e\u0440\u043e\u0448\u043e \u0432\u0441\u0430\u0441\u044b\u0432\u0430\u0435\u0442\u0441\u044f \u043f\u043e\u0441\u043b\u0435 \u043f\u0440\u0438\u0435\u043c\u0430 \u0432\u043d\u0443\u0442\u0440\u044c \u0438 \u0441\u0442\u0430\u0431\u0438\u043b\u0435\u043d \u0432 \u043a\u0438\u0441\u043b\u043e\u0439 \u0441\u0440\u0435\u0434\u0435 \u0436\u0435\u043b\u0443\u0434\u043a\u0430. \u0412\u044b\u0432\u043e\u0434\u0438\u0442\u0441\u044f \u043f\u0440\u0435\u0438\u043c\u0443\u0449\u0435\u0441\u0442\u0432\u0435\u043d\u043d\u043e \u0432 \u043d\u0435\u0438\u0437\u043c\u0435\u043d\u0435\u043d\u043d\u043e\u043c \u0432\u0438\u0434\u0435 \u043f\u043e\u0447\u043a\u0430\u043c\u0438, \u0441\u043e\u0437\u0434\u0430\u0432\u0430\u044f \u0432\u044b\u0441\u043e\u043a\u0438\u0435 \u043a\u043e\u043d\u0446\u0435\u043d\u0442\u0440\u0430\u0446\u0438\u0438 \u0432 \u043f\u043e\u0447\u0435\u0447\u043d\u043e\u0439 \u0442\u043a\u0430\u043d\u0438. \u0423 \u043f\u0442\u0438\u0446 \u0430\u043c\u043e\u043a\u0441\u0438\u0446\u0438\u043b\u043b\u0438\u043d \u0440\u0430\u0441\u043f\u0440\u0435\u0434\u0435\u043b\u044f\u0435\u0442\u0441\u044f \u0438 \u0432\u044b\u0432\u043e\u0434\u0438\u0442\u0441\u044f \u0431\u044b\u0441\u0442\u0440\u0435\u0435.<\/p>\n<p data-start=\"564\" data-end=\"592\"><strong data-start=\"564\" data-end=\"590\">\u0418\u043d\u0441\u0442\u0440\u0443\u043a\u0446\u0438\u044f \u043f\u043e \u043f\u0440\u0438\u043c\u0435\u043d\u0435\u043d\u0438\u044e:<\/strong><\/p>\n<ul data-start=\"593\" data-end=\"741\">\n<li data-start=\"593\" data-end=\"648\">\n<p data-start=\"595\" data-end=\"648\">\u041b\u0435\u0447\u0435\u043d\u0438\u0435 \u0441\u0430\u043b\u044c\u043c\u043e\u043d\u0435\u043b\u043b\u0435\u0437\u0430 \u0438 \u043f\u0430\u0441\u0442\u0435\u0440\u0435\u043b\u043b\u0435\u0437\u0430 \u0441\u0432\u0438\u043d\u0435\u0439<\/p>\n<\/li>\n<li data-start=\"649\" data-end=\"741\">\n<p data-start=\"651\" data-end=\"741\">\u0418\u043d\u0444\u0435\u043a\u0446\u0438\u0438, \u0432\u044b\u0437\u0432\u0430\u043d\u043d\u044b\u0435 \u0431\u0430\u043a\u0442\u0435\u0440\u0438\u044f\u043c\u0438, \u0447\u0443\u0432\u0441\u0442\u0432\u0438\u0442\u0435\u043b\u044c\u043d\u044b\u043c\u0438 \u043a \u0430\u043c\u043e\u043a\u0441\u0438\u0446\u0438\u043b\u043b\u0438\u043d\u0443, \u0443 \u043a\u0443\u0440, \u0438\u043d\u0434\u0435\u0435\u043a \u0438 \u0443\u0442\u043e\u043a<\/p>\n<\/li>\n<\/ul>\n<p data-start=\"743\" data-end=\"757\"><strong data-start=\"743\" data-end=\"755\">\u041f\u0440\u0438\u043c\u0435\u0447\u0430\u043d\u0438\u044f:<\/strong><\/p>\n<ul data-start=\"758\" data-end=\"904\">\n<li data-start=\"758\" data-end=\"819\">\n<p data-start=\"760\" data-end=\"819\">\u041d\u0435 \u0432\u043b\u0438\u044f\u0435\u0442 \u043d\u0430 \u043c\u0438\u043a\u0440\u043e\u043e\u0440\u0433\u0430\u043d\u0438\u0437\u043c\u044b, \u043f\u0440\u043e\u0434\u0443\u0446\u0438\u0440\u0443\u044e\u0449\u0438\u0435 \u0431\u0435\u0442\u0430-\u043b\u0430\u043a\u0442\u0430\u043c\u0430\u0437\u044b.<\/p>\n<\/li>\n<li data-start=\"820\" data-end=\"904\">\n<p data-start=\"822\" data-end=\"904\">\u041f\u0440\u0438\u043c\u0435\u043d\u0435\u043d\u0438\u0435 \u0434\u043e\u043b\u0436\u043d\u043e \u043e\u0441\u043d\u043e\u0432\u044b\u0432\u0430\u0442\u044c\u0441\u044f \u043d\u0430 \u0440\u0435\u0437\u0443\u043b\u044c\u0442\u0430\u0442\u0430\u0445 \u0442\u0435\u0441\u0442\u0438\u0440\u043e\u0432\u0430\u043d\u0438\u044f \u043d\u0430 \u0447\u0443\u0432\u0441\u0442\u0432\u0438\u0442\u0435\u043b\u044c\u043d\u043e\u0441\u0442\u044c \u0438 \u043c\u0435\u0441\u0442\u043d\u043e\u0439 \u043f\u043e\u043b\u0438\u0442\u0438\u043a\u0435 \u0432 \u043e\u0442\u043d\u043e\u0448\u0435\u043d\u0438\u0438 \u043f\u0440\u043e\u0442\u0438\u0432\u043e\u043c\u0438\u043a\u0440\u043e\u0431\u043d\u044b\u0445 \u043f\u0440\u0435\u043f\u0430\u0440\u0430\u0442\u043e\u0432.<\/p>\n<\/li>\n<\/ul>\n<p data-start=\"906\" data-end=\"922\"><strong data-start=\"906\" data-end=\"920\">\u0417\u0430\u043f\u0440\u0435\u0442\u044b:<\/strong><\/p>\n<ul data-start=\"923\" data-end=\"1088\">\n<li data-start=\"923\" data-end=\"1030\">\n<p data-start=\"925\" data-end=\"1030\">\u041d\u0435 \u043f\u0440\u0438\u043c\u0435\u043d\u044f\u0442\u044c \u043a\u0440\u043e\u043b\u0438\u043a\u0430\u043c, \u0445\u043e\u043c\u044f\u043a\u0430\u043c, \u043f\u0435\u0441\u0447\u0430\u043d\u043a\u0430\u043c \u0438 \u043c\u043e\u0440\u0441\u043a\u0438\u043c \u0441\u0432\u0438\u043d\u043a\u0430\u043c, \u0430 \u0442\u0430\u043a\u0436\u0435 \u044f\u0439\u0446\u0435\u043d\u043e\u0441\u043a\u0438\u043c \u043f\u0442\u0438\u0446\u0430\u043c.<\/p>\n<\/li>\n<li data-start=\"1031\" data-end=\"1088\">\n<p data-start=\"1033\" data-end=\"1088\">\u041d\u0435 \u043f\u0440\u0438\u043c\u0435\u043d\u044f\u0442\u044c \u043f\u0440\u0438 \u043f\u043e\u0432\u044b\u0448\u0435\u043d\u043d\u043e\u0439 \u0447\u0443\u0432\u0441\u0442\u0432\u0438\u0442\u0435\u043b\u044c\u043d\u043e\u0441\u0442\u0438 \u043a \u0430\u043c\u043e\u043a\u0441\u0438\u0446\u0438\u043b\u043b\u0438\u043d\u0443.<\/p>\n<\/li>\n<\/ul>\n<p data-start=\"1090\" data-end=\"1109\"><strong data-start=\"1090\" data-end=\"1107\">\u041f\u043e\u0431\u043e\u0447\u043d\u044b\u0435 \u044d\u0444\u0444\u0435\u043a\u0442\u044b:<\/strong><\/p>\n<ul data-start=\"1110\" data-end=\"1146\">\n<li data-start=\"1110\" data-end=\"1146\">\n<p data-start=\"1112\" data-end=\"1146\">\u0412\u043e\u0437\u043c\u043e\u0436\u043d\u044b \u0440\u0435\u0430\u043a\u0446\u0438\u0438 \u043f\u043e\u0432\u044b\u0448\u0435\u043d\u043d\u043e\u0439 \u0447\u0443\u0432\u0441\u0442\u0432\u0438\u0442\u0435\u043b\u044c\u043d\u043e\u0441\u0442\u0438.<\/p>\n<\/li>\n<\/ul>\n<p data-start=\"1148\" data-end=\"1160\"><strong data-start=\"1148\" data-end=\"1158\">\u0414\u043e\u0437\u0438\u0440\u043e\u0432\u043a\u0430:<\/strong><\/p>\n<ul data-start=\"1161\" data-end=\"1614\">\n<li data-start=\"1161\" data-end=\"1310\">\n<p data-start=\"1163\" data-end=\"1310\">\u0421\u0432\u0438\u043d\u044c\u0438: 20 \u043c\u0433\/\u043a\u0433 \u043c\u0430\u0441\u0441\u044b \u0442\u0435\u043b\u0430 \u0432 \u0434\u0435\u043d\u044c \u0441 \u043f\u0438\u0442\u044c\u0435\u0432\u043e\u0439 \u0432\u043e\u0434\u043e\u0439, \u0441 \u0438\u043d\u0442\u0435\u0440\u0432\u0430\u043b\u043e\u043c \u0432 12 \u0447\u0430\u0441\u043e\u0432, \u0432 \u0442\u0435\u0447\u0435\u043d\u0438\u0435 \u0434\u043e 5 \u0434\u043d\u0435\u0439.<br data-start=\"1264\" data-end=\"1267\" \/>(\u041f\u0440\u0438\u0433\u043e\u0442\u043e\u0432\u044c\u0442\u0435 \u043b\u0435\u043a\u0430\u0440\u0441\u0442\u0432\u043e \u0441 \u0438\u0441\u043f\u043e\u043b\u044c\u0437\u043e\u0432\u0430\u043d\u0438\u0435\u043c \u0441\u0432\u0435\u0436\u0435\u0439 \u043f\u0438\u0442\u044c\u0435\u0432\u043e\u0439 \u0432\u043e\u0434\u044b)<\/p>\n<\/li>\n<li data-start=\"1311\" data-end=\"1425\">\n<p data-start=\"1313\" data-end=\"1425\">\u0412 \u0432\u0438\u0434\u0435 \u0436\u0438\u0434\u043a\u043e\u0433\u043e \u043a\u043e\u0440\u043c\u0430: 20 \u043c\u0433\/\u043a\u0433 \u043c\u0430\u0441\u0441\u044b \u0442\u0435\u043b\u0430 \u0432 \u0441\u0443\u0442\u043a\u0438 \u0432 \u0442\u0435\u0447\u0435\u043d\u0438\u0435 5 \u0434\u043d\u0435\u0439. \u0421\u0432\u0435\u0436\u0435\u043f\u0440\u0438\u0433\u043e\u0442\u043e\u0432\u043b\u0435\u043d\u043d\u044b\u0439 \u043a\u043e\u0440\u043c \u0441\u043b\u0435\u0434\u0443\u0435\u0442 \u0434\u0430\u0432\u0430\u0442\u044c 3 \u0440\u0430\u0437\u0430 \u0432 \u0441\u0443\u0442\u043a\u0438.<\/p>\n<\/li>\n<li data-start=\"1426\" data-end=\"1499\">\n<p data-start=\"1428\" data-end=\"1499\">\u041a\u0443\u0440\u0438\u0446\u0430: 15 \u043c\u0433\/\u043a\u0433 \u043c\u0430\u0441\u0441\u044b \u0442\u0435\u043b\u0430 \u0441 \u043f\u0438\u0442\u044c\u0435\u0432\u043e\u0439 \u0432\u043e\u0434\u043e\u0439, 3 \u0434\u043d\u044f, \u0432 \u0442\u044f\u0436\u0435\u043b\u044b\u0445 \u0441\u043b\u0443\u0447\u0430\u044f\u0445 5 \u0434\u043d\u0435\u0439<\/p>\n<\/li>\n<li data-start=\"1500\" data-end=\"1566\">\n<p data-start=\"1502\" data-end=\"1566\">\u0418\u043d\u0434\u0435\u0439\u043a\u0430: 15\u201320 \u043c\u0433\/\u043a\u0433 \u043c\u0430\u0441\u0441\u044b \u0442\u0435\u043b\u0430, 3 \u0434\u043d\u044f, \u0432 \u0442\u044f\u0436\u0435\u043b\u044b\u0445 \u0441\u043b\u0443\u0447\u0430\u044f\u0445 \u2014 5 \u0434\u043d\u0435\u0439.<\/p>\n<\/li>\n<li data-start=\"1567\" data-end=\"1614\">\n<p data-start=\"1569\" data-end=\"1614\">\u0423\u0442\u043a\u0430: 20 \u043c\u0433\/\u043a\u0433 \u043c\u0430\u0441\u0441\u044b \u0442\u0435\u043b\u0430, 3 \u0434\u043d\u044f \u043f\u043e\u0434\u0440\u044f\u0434<\/p>\n<\/li>\n<\/ul>\n<p data-start=\"1616\" data-end=\"1641\"><strong data-start=\"1616\" data-end=\"1639\">\u041f\u0435\u0440\u0438\u043e\u0434\u044b \u043e\u0436\u0438\u0434\u0430\u043d\u0438\u044f:<\/strong><\/p>\n<ul data-start=\"1642\" data-end=\"1733\">\n<li data-start=\"1642\" data-end=\"1733\">\n<p data-start=\"1644\" data-end=\"1733\">\u0414\u043b\u044f \u043c\u044f\u0441\u0430 \u0438 \u043e\u0440\u0433\u0430\u043d\u043e\u0432:<br data-start=\"1664\" data-end=\"1667\" \/>\u0421\u0432\u0438\u043d\u0438\u043d\u0430 \u2013 2 \u0434\u043d\u044f<br data-start=\"1680\" data-end=\"1683\" \/>\u041a\u0443\u0440\u0438\u0446\u0430 \u2013 1 \u0434\u0435\u043d\u044c<br data-start=\"1696\" data-end=\"1699\" \/>\u0422\u0443\u0440\u0446\u0438\u044f \u2013 5 \u0434\u043d\u0435\u0439<br data-start=\"1715\" data-end=\"1718\" \/>\u0423\u0442\u043a\u0430 \u2013 9 \u0434\u043d\u0435\u0439<\/p>\n<\/li>\n<\/ul>\n<p data-start=\"1735\" data-end=\"1781\"><strong data-start=\"1735\" data-end=\"1744\">\u041f\u0440\u0438\u043c\u0435\u0447\u0430\u043d\u0438\u0435:<\/strong> \u0418\u0441\u043f\u043e\u043b\u044c\u0437\u043e\u0432\u0430\u043d\u0438\u0435 \u0434\u043b\u044f \u044f\u0438\u0446 \u0437\u0430\u043f\u0440\u0435\u0449\u0435\u043d\u043e.<\/p>\n<p data-start=\"1783\" data-end=\"1863\" data-is-last-node=\"\" data-is-only-node=\"\"><strong data-start=\"1783\" data-end=\"1799\">\u0423\u043f\u0430\u043a\u043e\u0432\u043a\u0430:<\/strong><br data-start=\"1799\" data-end=\"1802\" \/>\u0423\u043f\u0430\u043a\u043e\u0432\u043a\u0438 \u043f\u043e 30 \u0438 100 \u0433\u0440\u0430\u043c\u043c, \u0431\u0430\u043d\u043a\u0438 \u043f\u043e 500 \u0438 1000 \u0433\u0440\u0430\u043c\u043c.<\/p>\n<\/div>\n<\/div>\n<p><!-- .vgblk-rw-wrapper --><\/p>","protected":false},"excerpt":{"rendered":"<p>Amoksisillin 50% Suya H\u0259ll Olan Toz T\u0259rkibi (1 qram tozda): Amoksisillin trihidrat \u2013 500 mg T\u0259sviri:Amoksisillin \u2014 geni\u015f spektrli bakterisid penitsillin olub, Gram-m\u00fcsb\u0259t v\u0259 Gram-m\u0259nfi bakteriyalara t\u0259sir g\u00f6st\u0259rir. T\u0259siri bakterial h\u00fcceyr\u0259 divar\u0131n\u0131n peptidoglikan strukturunun inki\u015faf\u0131n\u0131 inhib\u0259 etm\u0259y\u0259 \u0259saslan\u0131r. A\u011f\u0131zdan q\u0259buldan sonra yax\u015f\u0131 sorulur v\u0259 m\u0259d\u0259 tur\u015fusunda stabildir. \u018fsas\u0259n d\u0259yi\u015fm\u0259d\u0259n b\u00f6yr\u0259kl\u0259r vasit\u0259sil\u0259 ifraz olunur v\u0259 b\u00f6yr\u0259k&#8230;<\/p>","protected":false},"featured_media":989152,"comment_status":"closed","ping_status":"closed","template":"","meta":{"nf_dc_page":"","_monsterinsights_skip_tracking":false,"_monsterinsights_sitenote_active":false,"_monsterinsights_sitenote_note":"","_monsterinsights_sitenote_category":0},"product_brand":[],"product_cat":[68,251,16],"product_tag":[],"class_list":{"0":"post-989151","1":"product","2":"type-product","3":"status-publish","4":"has-post-thumbnail","6":"product_cat-poultry","7":"product_cat-veterinary-products","8":"product_cat-uncategorized","10":"first","11":"instock","12":"shipping-taxable","13":"product-type-simple"},"jetpack_sharing_enabled":true,"_links":{"self":[{"href":"https:\/\/agrovetazerbaijan.az\/ru\/wp-json\/wp\/v2\/product\/989151","targetHints":{"allow":["GET"]}}],"collection":[{"href":"https:\/\/agrovetazerbaijan.az\/ru\/wp-json\/wp\/v2\/product"}],"about":[{"href":"https:\/\/agrovetazerbaijan.az\/ru\/wp-json\/wp\/v2\/types\/product"}],"replies":[{"embeddable":true,"href":"https:\/\/agrovetazerbaijan.az\/ru\/wp-json\/wp\/v2\/comments?post=989151"}],"version-history":[{"count":2,"href":"https:\/\/agrovetazerbaijan.az\/ru\/wp-json\/wp\/v2\/product\/989151\/revisions"}],"predecessor-version":[{"id":989999,"href":"https:\/\/agrovetazerbaijan.az\/ru\/wp-json\/wp\/v2\/product\/989151\/revisions\/989999"}],"wp:featuredmedia":[{"embeddable":true,"href":"https:\/\/agrovetazerbaijan.az\/ru\/wp-json\/wp\/v2\/media\/989152"}],"wp:attachment":[{"href":"https:\/\/agrovetazerbaijan.az\/ru\/wp-json\/wp\/v2\/media?parent=989151"}],"wp:term":[{"taxonomy":"product_brand","embeddable":true,"href":"https:\/\/agrovetazerbaijan.az\/ru\/wp-json\/wp\/v2\/product_brand?post=989151"},{"taxonomy":"product_cat","embeddable":true,"href":"https:\/\/agrovetazerbaijan.az\/ru\/wp-json\/wp\/v2\/product_cat?post=989151"},{"taxonomy":"product_tag","embeddable":true,"href":"https:\/\/agrovetazerbaijan.az\/ru\/wp-json\/wp\/v2\/product_tag?post=989151"}],"curies":[{"name":"WP","href":"https:\/\/api.w.org\/{rel}","templated":true}]}}