{"id":989148,"date":"2025-03-23T13:02:34","date_gmt":"2025-03-23T13:02:34","guid":{"rendered":"https:\/\/agrovetazerbaijan.az\/?post_type=product&#038;p=989148"},"modified":"2025-07-14T21:42:00","modified_gmt":"2025-07-14T21:42:00","slug":"biocillin-200-ws","status":"publish","type":"product","link":"https:\/\/agrovetazerbaijan.az\/ru\/product\/biocillin-200-ws\/","title":{"rendered":"\u0411\u0438\u043e\u0446\u0438\u043b\u043b\u0438\u043d-200 WS"},"content":{"rendered":"<div class=\"vgblk-rw-wrapper limit-wrapper\">\n<div class=\"product-shop columns large-7 medium-7 small-12\">\n<h3 data-start=\"105\" data-end=\"150\"><strong data-start=\"109\" data-end=\"150\">\u0410\u043c\u043e\u043a\u0441\u0438\u0446\u0438\u043b\u043b\u0438\u043d 20% \u0432\u043e\u0434\u043e\u0440\u0430\u0441\u0442\u0432\u043e\u0440\u0438\u043c\u044b\u0439 \u043f\u043e\u0440\u043e\u0448\u043e\u043a<\/strong><\/h3>\n<p data-start=\"152\" data-end=\"166\"><strong data-start=\"152\" data-end=\"164\">\u0418\u043d\u0433\u0440\u0435\u0434\u0438\u0435\u043d\u0442\u044b:<\/strong><\/p>\n<ul data-start=\"167\" data-end=\"212\">\n<li data-start=\"167\" data-end=\"212\">\n<p data-start=\"169\" data-end=\"212\">\u0412 1 \u0433\u0440\u0430\u043c\u043c\u0435 \u043f\u043e\u0440\u043e\u0448\u043a\u0430: \u0430\u043c\u043e\u043a\u0441\u0438\u0446\u0438\u043b\u043b\u0438\u043d\u0430 \u0442\u0440\u0438\u0433\u0438\u0434\u0440\u0430\u0442 200 \u043c\u0433<\/p>\n<\/li>\n<\/ul>\n<p data-start=\"214\" data-end=\"479\"><strong data-start=\"214\" data-end=\"226\">\u041e\u043f\u0438\u0441\u0430\u043d\u0438\u0435:<\/strong><br data-start=\"226\" data-end=\"229\" \/>\u0410\u043c\u043e\u043a\u0441\u0438\u0446\u0438\u043b\u043b\u0438\u043d \u2014 \u043f\u043e\u043b\u0443\u0441\u0438\u043d\u0442\u0435\u0442\u0438\u0447\u0435\u0441\u043a\u0438\u0439 \u043f\u0435\u043d\u0438\u0446\u0438\u043b\u043b\u0438\u043d \u0448\u0438\u0440\u043e\u043a\u043e\u0433\u043e \u0441\u043f\u0435\u043a\u0442\u0440\u0430 \u0434\u0435\u0439\u0441\u0442\u0432\u0438\u044f, \u0430\u043a\u0442\u0438\u0432\u043d\u044b\u0439 \u043a\u0430\u043a \u043f\u0440\u043e\u0442\u0438\u0432 \u0433\u0440\u0430\u043c\u043f\u043e\u043b\u043e\u0436\u0438\u0442\u0435\u043b\u044c\u043d\u044b\u0445, \u0442\u0430\u043a \u0438 \u0433\u0440\u0430\u043c\u043e\u0442\u0440\u0438\u0446\u0430\u0442\u0435\u043b\u044c\u043d\u044b\u0445 \u0431\u0430\u043a\u0442\u0435\u0440\u0438\u0439. \u041e\u043d \u0431\u043b\u043e\u043a\u0438\u0440\u0443\u0435\u0442 \u0441\u0438\u043d\u0442\u0435\u0437 \u043a\u043b\u0435\u0442\u043e\u0447\u043d\u043e\u0439 \u0441\u0442\u0435\u043d\u043a\u0438 \u0431\u0430\u043a\u0442\u0435\u0440\u0438\u0439. \u0412\u044b\u0432\u043e\u0434\u0438\u0442\u0441\u044f \u043f\u0440\u0435\u0438\u043c\u0443\u0449\u0435\u0441\u0442\u0432\u0435\u043d\u043d\u043e \u0441 \u043c\u043e\u0447\u043e\u0439, \u0447\u0430\u0441\u0442\u0438\u0447\u043d\u043e \u2014 \u0441 \u0436\u0435\u043b\u0447\u044c\u044e.<\/p>\n<p data-start=\"481\" data-end=\"783\"><strong data-start=\"481\" data-end=\"501\">\u041e\u0431\u043b\u0430\u0441\u0442\u044c \u043f\u0440\u0438\u043c\u0435\u043d\u0435\u043d\u0438\u044f:<\/strong><br data-start=\"501\" data-end=\"504\" \/>\u0418\u043d\u0444\u0435\u043a\u0446\u0438\u0438: \u0436\u0435\u043b\u0443\u0434\u043e\u0447\u043d\u043e-\u043a\u0438\u0448\u0435\u0447\u043d\u044b\u0435, \u0440\u0435\u0441\u043f\u0438\u0440\u0430\u0442\u043e\u0440\u043d\u044b\u0435 \u0438 \u043c\u043e\u0447\u0435\u0432\u044b\u0432\u043e\u0434\u044f\u0449\u0438\u0435 \u043f\u0443\u0442\u0438.<br data-start=\"573\" data-end=\"576\" \/>\u041f\u043e\u0440\u0430\u0436\u0451\u043d\u043d\u044b\u0435 \u0431\u0430\u043a\u0442\u0435\u0440\u0438\u044f\u043c\u0438: <em data-start=\"603\" data-end=\"618\">\u041a\u0430\u043c\u043f\u0438\u043b\u043e\u0431\u0430\u043a\u0442\u0435\u0440<\/em>, <em data-start=\"620\" data-end=\"633\">\u041a\u043b\u043e\u0441\u0442\u0440\u0438\u0434\u0438\u0438<\/em>, <em data-start=\"635\" data-end=\"652\">\u041a\u043e\u0440\u0438\u043d\u0435\u0431\u0430\u043a\u0442\u0435\u0440\u0438\u0438<\/em>, <em data-start=\"654\" data-end=\"663\">\u043a\u0438\u0448\u0435\u0447\u043d\u0430\u044f \u043f\u0430\u043b\u043e\u0447\u043a\u0430<\/em>, <em data-start=\"665\" data-end=\"681\">\u0420\u043e\u0436\u0438\u043f\u0435\u043b\u043e\u0442\u0440\u0438\u043a\u0441<\/em>, <em data-start=\"683\" data-end=\"696\">\u0413\u0435\u043c\u043e\u0444\u0438\u043b\u044c\u043d\u0430\u044f \u043f\u0430\u043b\u043e\u0447\u043a\u0430<\/em>, <em data-start=\"698\" data-end=\"711\">\u041f\u0430\u0441\u0442\u0435\u0440\u0435\u043b\u043b\u0430<\/em>, <em data-start=\"713\" data-end=\"725\">\u0421\u0430\u043b\u044c\u043c\u043e\u043d\u0435\u043b\u043b\u0430<\/em>, \u043f\u0435\u043d\u0438\u0446\u0438\u043b\u043b\u0438\u043d\u0430\u0437\u043e\u043e\u0442\u0440\u0438\u0446\u0430\u0442\u0435\u043b\u044c\u043d\u044b\u0439 <em data-start=\"747\" data-end=\"763\">\u0421\u0442\u0430\u0444\u0438\u043b\u043e\u043a\u043e\u043a\u043a<\/em> \u0438 <em data-start=\"767\" data-end=\"782\">\u0441\u0442\u0440\u0435\u043f\u0442\u043e\u043a\u043e\u043a\u043a<\/em>.<\/p>\n<p data-start=\"785\" data-end=\"846\">\u041f\u043e\u0434\u0445\u043e\u0434\u0438\u0442 \u0434\u043b\u044f: \u0449\u0435\u043d\u043a\u043e\u0432, \u043e\u0432\u0435\u0446, \u043a\u043e\u0437, \u0441\u0432\u0438\u043d\u0435\u0439 \u0438 \u043a\u0443\u0440.<\/p>\n<p data-start=\"848\" data-end=\"864\"><strong data-start=\"848\" data-end=\"862\">\u0417\u0430\u043f\u0440\u0435\u0442\u044b:<\/strong><\/p>\n<ul data-start=\"865\" data-end=\"1173\">\n<li data-start=\"865\" data-end=\"935\">\n<p data-start=\"867\" data-end=\"935\">\u041d\u0435 \u0441\u043b\u0435\u0434\u0443\u0435\u0442 \u043f\u0440\u0438\u043c\u0435\u043d\u044f\u0442\u044c \u0436\u0438\u0432\u043e\u0442\u043d\u044b\u043c \u0441 \u0430\u043b\u043b\u0435\u0440\u0433\u0438\u0435\u0439 \u043d\u0430 \u0430\u043c\u043e\u043a\u0441\u0438\u0446\u0438\u043b\u043b\u0438\u043d.<\/p>\n<\/li>\n<li data-start=\"936\" data-end=\"987\">\n<p data-start=\"938\" data-end=\"987\">\u041f\u0440\u0435\u043f\u0430\u0440\u0430\u0442 \u043d\u0435 \u043f\u0440\u0438\u043c\u0435\u043d\u044f\u044e\u0442 \u0443 \u043f\u0430\u0446\u0438\u0435\u043d\u0442\u043e\u0432 \u0441 \u0442\u044f\u0436\u0435\u043b\u044b\u043c\u0438 \u0437\u0430\u0431\u043e\u043b\u0435\u0432\u0430\u043d\u0438\u044f\u043c\u0438 \u043f\u043e\u0447\u0435\u043a.<\/p>\n<\/li>\n<li data-start=\"988\" data-end=\"1092\">\n<p data-start=\"990\" data-end=\"1092\">\u0415\u0433\u043e \u043d\u0435 \u0441\u043b\u0435\u0434\u0443\u0435\u0442 \u043f\u0440\u0438\u043c\u0435\u043d\u044f\u0442\u044c \u0432 \u0441\u043e\u0447\u0435\u0442\u0430\u043d\u0438\u0438 \u0441 \u0442\u0435\u0442\u0440\u0430\u0446\u0438\u043a\u043b\u0438\u043d\u0430\u043c\u0438, \u0445\u043b\u043e\u0440\u0430\u043c\u0444\u0435\u043d\u0438\u043a\u043e\u043b\u043e\u043c, \u043c\u0430\u043a\u0440\u043e\u043b\u0438\u0434\u0430\u043c\u0438 \u0438 \u043b\u0438\u043d\u043a\u043e\u0437\u0430\u043c\u0438\u0434\u0430\u043c\u0438.<\/p>\n<\/li>\n<li data-start=\"1093\" data-end=\"1173\">\n<p data-start=\"1095\" data-end=\"1173\">\u0417\u0430\u043f\u0440\u0435\u0449\u0430\u0435\u0442\u0441\u044f \u043f\u0440\u0438\u043c\u0435\u043d\u0435\u043d\u0438\u0435 \u043f\u0440\u0435\u043f\u0430\u0440\u0430\u0442\u0430 \u0443 \u0436\u0438\u0432\u043e\u0442\u043d\u044b\u0445 \u0441 \u0430\u043a\u0442\u0438\u0432\u043d\u044b\u043c \u043c\u0438\u043a\u0440\u043e\u0431\u043d\u044b\u043c \u0442\u0440\u0430\u043a\u0442\u043e\u043c.<\/p>\n<\/li>\n<\/ul>\n<p data-start=\"1175\" data-end=\"1194\"><strong data-start=\"1175\" data-end=\"1192\">\u041f\u043e\u0431\u043e\u0447\u043d\u044b\u0435 \u044d\u0444\u0444\u0435\u043a\u0442\u044b:<\/strong><\/p>\n<ul data-start=\"1195\" data-end=\"1228\">\n<li data-start=\"1195\" data-end=\"1228\">\n<p data-start=\"1197\" data-end=\"1228\">\u0412\u043e\u0437\u043c\u043e\u0436\u043d\u044b \u0430\u043b\u043b\u0435\u0440\u0433\u0438\u0447\u0435\u0441\u043a\u0438\u0435 \u0440\u0435\u0430\u043a\u0446\u0438\u0438.<\/p>\n<\/li>\n<\/ul>\n<p data-start=\"1230\" data-end=\"1242\"><strong data-start=\"1230\" data-end=\"1240\">\u0414\u043e\u0437\u0438\u0440\u043e\u0432\u043a\u0430:<\/strong><\/p>\n<ul data-start=\"1243\" data-end=\"1480\">\n<li data-start=\"1243\" data-end=\"1332\">\n<p data-start=\"1245\" data-end=\"1332\"><strong data-start=\"1245\" data-end=\"1270\">\u0429\u0435\u043d\u043a\u0438, \u043e\u0432\u0446\u044b, \u043a\u043e\u0437\u044b:<\/strong> 5 \u0433 \u043f\u0440\u0435\u043f\u0430\u0440\u0430\u0442\u0430 \u043d\u0430 100 \u043a\u0433 \u043c\u0430\u0441\u0441\u044b \u0442\u0435\u043b\u0430, 2 \u0440\u0430\u0437\u0430 \u0432 \u0434\u0435\u043d\u044c, \u0432 \u0442\u0435\u0447\u0435\u043d\u0438\u0435 3\u20135 \u0434\u043d\u0435\u0439.<\/p>\n<\/li>\n<li data-start=\"1333\" data-end=\"1480\">\n<p data-start=\"1335\" data-end=\"1480\"><strong data-start=\"1335\" data-end=\"1357\">\u0421\u0432\u0438\u043d\u044c\u0438 \u0438 \u043a\u0443\u0440\u044b:<\/strong> \u0414\u043b\u044f \u043f\u0438\u0442\u044c\u044f 1 \u043a\u0433 \u043f\u0440\u0435\u043f\u0430\u0440\u0430\u0442\u0430 \u0440\u0430\u0437\u0432\u043e\u0434\u044f\u0442 \u0432 1000-2000 \u043b \u0432\u043e\u0434\u044b \u0438 \u0434\u0430\u044e\u0442 \u0432 \u0442\u0435\u0447\u0435\u043d\u0438\u0435 3-5 \u0434\u043d\u0435\u0439.<br data-start=\"1432\" data-end=\"1435\" \/>(\u041f\u0440\u0438\u043c\u0435\u0447\u0430\u043d\u0438\u0435: \u043f\u043e\u0434\u0445\u043e\u0434\u0438\u0442 \u0442\u043e\u043b\u044c\u043a\u043e \u0434\u043b\u044f \u0436\u0438\u0432\u043e\u0442\u043d\u044b\u0445 \u043d\u0430 \u043f\u0435\u0440\u0435\u0434\u043d\u0435\u043c \u043f\u043b\u0430\u043d\u0435)<\/p>\n<\/li>\n<\/ul>\n<p data-start=\"1482\" data-end=\"1522\"><strong data-start=\"1482\" data-end=\"1520\">\u0412\u0440\u0435\u043c\u044f \u0432\u044b\u0432\u043e\u0434\u0430:<\/strong><\/p>\n<ul data-start=\"1523\" data-end=\"1685\">\n<li data-start=\"1523\" data-end=\"1607\">\n<p data-start=\"1525\" data-end=\"1535\">\u0414\u043b\u044f \u043c\u044f\u0441\u0430:<\/p>\n<ul data-start=\"1538\" data-end=\"1607\">\n<li data-start=\"1538\" data-end=\"1585\">\n<p data-start=\"1540\" data-end=\"1585\">\u0429\u0435\u043d\u043a\u0438, \u043e\u0432\u0446\u044b, \u043a\u043e\u0437\u044b, \u0441\u0432\u0438\u043d\u044c\u0438: 8 \u0434\u043d\u0435\u0439<\/p>\n<\/li>\n<li data-start=\"1588\" data-end=\"1607\">\n<p data-start=\"1590\" data-end=\"1607\">\u0426\u044b\u043f\u043b\u044f\u0442\u0430: 3 \u0434\u043d\u044f<\/p>\n<\/li>\n<\/ul>\n<\/li>\n<li data-start=\"1608\" data-end=\"1685\">\n<p data-start=\"1610\" data-end=\"1685\">\u0418\u0437-\u0437\u0430 \u0435\u0433\u043e \u0432\u043e\u0437\u0434\u0435\u0439\u0441\u0442\u0432\u0438\u044f \u043d\u0430 \u044f\u0439\u0446\u0430 \u0435\u0433\u043e \u043d\u0435 \u043f\u0440\u0438\u043c\u0435\u043d\u044f\u044e\u0442 \u0434\u043b\u044f \u044f\u0438\u0447\u043d\u044b\u0445 \u043a\u0443\u0440.<\/p>\n<\/li>\n<\/ul>\n<p data-start=\"1687\" data-end=\"1705\"><strong data-start=\"1687\" data-end=\"1703\">\u0423\u043f\u0430\u043a\u043e\u0432\u043a\u0430:<\/strong><\/p>\n<ul data-start=\"1706\" data-end=\"1748\">\n<li data-start=\"1706\" data-end=\"1748\">\n<p data-start=\"1708\" data-end=\"1748\">100 \u0433\u0440\u0430\u043c\u043c\u043e\u0432\u0430\u044f \u0443\u043f\u0430\u043a\u043e\u0432\u043a\u0430 \u0438 1000 \u0433\u0440\u0430\u043c\u043c\u043e\u0432\u0430\u044f \u0431\u0430\u043d\u043a\u0430.<\/p>\n<\/li>\n<\/ul>\n<\/div>\n<\/div>\n<p><!-- .vgblk-rw-wrapper --><\/p>","protected":false},"excerpt":{"rendered":"<p>Amoksisillin 20% suda h\u0259ll olunan toz T\u0259rkibi: 1 qram tozda: Amoksisillin trihidrat 200 mq T\u0259sviri:Amoksisillin geni\u015f spektrli yar\u0131-sintetik penisillin olub, h\u0259m m\u00fcsb\u0259t, h\u0259m d\u0259 m\u0259nfi qram bakteriyalara qar\u015f\u0131 \u00f6ld\u00fcr\u00fcc\u00fc t\u0259sir g\u00f6st\u0259rir. Bakteriyalar\u0131n h\u00fcceyr\u0259 divar\u0131n\u0131n sintezini bloklay\u0131r. \u018fsas\u0259n sidikl\u0259 xaric olunur, bir hiss\u0259si \u00f6d vasit\u0259sil\u0259 at\u0131l\u0131r. \u0130stifad\u0259 sah\u0259si:\u0130nfeksiyalar: m\u0259d\u0259-ba\u011f\u0131rsaq, t\u0259n\u0259ff\u00fcs v\u0259 sidik yollar\u0131 infeksiyalar\u0131.T\u0259sir etdiyi bakteriyalar:&#8230;<\/p>","protected":false},"featured_media":989149,"comment_status":"closed","ping_status":"closed","template":"","meta":{"nf_dc_page":"","_monsterinsights_skip_tracking":false,"_monsterinsights_sitenote_active":false,"_monsterinsights_sitenote_note":"","_monsterinsights_sitenote_category":0},"product_brand":[],"product_cat":[108,251,114,68],"product_tag":[],"class_list":{"0":"post-989148","1":"product","2":"type-product","3":"status-publish","4":"has-post-thumbnail","6":"product_cat-cow","7":"product_cat-veterinary-products","8":"product_cat-sheep","9":"product_cat-poultry","11":"first","12":"instock","13":"shipping-taxable","14":"product-type-simple"},"jetpack_sharing_enabled":true,"_links":{"self":[{"href":"https:\/\/agrovetazerbaijan.az\/ru\/wp-json\/wp\/v2\/product\/989148","targetHints":{"allow":["GET"]}}],"collection":[{"href":"https:\/\/agrovetazerbaijan.az\/ru\/wp-json\/wp\/v2\/product"}],"about":[{"href":"https:\/\/agrovetazerbaijan.az\/ru\/wp-json\/wp\/v2\/types\/product"}],"replies":[{"embeddable":true,"href":"https:\/\/agrovetazerbaijan.az\/ru\/wp-json\/wp\/v2\/comments?post=989148"}],"version-history":[{"count":2,"href":"https:\/\/agrovetazerbaijan.az\/ru\/wp-json\/wp\/v2\/product\/989148\/revisions"}],"predecessor-version":[{"id":990000,"href":"https:\/\/agrovetazerbaijan.az\/ru\/wp-json\/wp\/v2\/product\/989148\/revisions\/990000"}],"wp:featuredmedia":[{"embeddable":true,"href":"https:\/\/agrovetazerbaijan.az\/ru\/wp-json\/wp\/v2\/media\/989149"}],"wp:attachment":[{"href":"https:\/\/agrovetazerbaijan.az\/ru\/wp-json\/wp\/v2\/media?parent=989148"}],"wp:term":[{"taxonomy":"product_brand","embeddable":true,"href":"https:\/\/agrovetazerbaijan.az\/ru\/wp-json\/wp\/v2\/product_brand?post=989148"},{"taxonomy":"product_cat","embeddable":true,"href":"https:\/\/agrovetazerbaijan.az\/ru\/wp-json\/wp\/v2\/product_cat?post=989148"},{"taxonomy":"product_tag","embeddable":true,"href":"https:\/\/agrovetazerbaijan.az\/ru\/wp-json\/wp\/v2\/product_tag?post=989148"}],"curies":[{"name":"WP","href":"https:\/\/api.w.org\/{rel}","templated":true}]}}