{"id":989135,"date":"2025-03-23T12:51:38","date_gmt":"2025-03-23T12:51:38","guid":{"rendered":"https:\/\/agrovetazerbaijan.az\/?post_type=product&#038;p=989135"},"modified":"2025-07-14T08:06:00","modified_gmt":"2025-07-14T08:06:00","slug":"amprocox-ws","status":"publish","type":"product","link":"https:\/\/agrovetazerbaijan.az\/ru\/product\/amprocox-ws\/","title":{"rendered":"\u0410\u043c\u043f\u0440\u043e\u043a\u0441 WS"},"content":{"rendered":"<div class=\"vgblk-rw-wrapper limit-wrapper\">\n<div class=\"product-shop columns large-7 medium-7 small-12\">\n<h3 data-start=\"83\" data-end=\"135\"><strong data-start=\"87\" data-end=\"135\">\u0410\u043c\u043f\u0440\u043e\u043b\u0438\u0443\u043c \u0438 \u0441\u0443\u043b\u044c\u0444\u0430\u0445\u0438\u043d\u043e\u043a\u0441\u0430\u043b\u0438\u043d + \u0432\u0438\u0442\u0430\u043c\u0438\u043d\u044b WS<\/strong><\/h3>\n<p data-start=\"136\" data-end=\"195\"><strong data-start=\"136\" data-end=\"195\">\u0412\u043e\u0434\u043e\u0440\u0430\u0441\u0442\u0432\u043e\u0440\u0438\u043c\u044b\u0439 \u043f\u043e\u0440\u043e\u0448\u043e\u043a \u2013 \u0417\u0430\u0449\u0438\u0442\u0430 \u0438 \u043b\u0435\u0447\u0435\u043d\u0438\u0435 \u043e\u0442 \u043a\u043e\u043a\u0446\u0438\u0434\u0438\u043e\u0437\u0430<\/strong><\/p>\n<ul data-start=\"197\" data-end=\"654\">\n<li data-start=\"197\" data-end=\"298\">\n<p data-start=\"199\" data-end=\"298\"><strong data-start=\"199\" data-end=\"210\">\u0421\u043e\u0441\u0442\u0430\u0432:<\/strong> \u0410\u043c\u043f\u0440\u043e\u043b\u0438\u0443\u043c (200 \u043c\u0433), \u0441\u0443\u043b\u044c\u0444\u0430\u0445\u0438\u043d\u043e\u043a\u0441\u0430\u043b\u0438\u043d (150 \u043c\u0433), \u0432\u0438\u0442\u0430\u043c\u0438\u043d \u0410 (15 000 \u041c\u0415), \u0432\u0438\u0442\u0430\u043c\u0438\u043d \u041a3 (5 \u043c\u0433)<\/p>\n<\/li>\n<li data-start=\"299\" data-end=\"393\">\n<p data-start=\"301\" data-end=\"393\"><strong data-start=\"301\" data-end=\"314\">\u0418\u0441\u043f\u043e\u043b\u044c\u0437\u043e\u0432\u0430\u043d\u0438\u0435:<\/strong> \u0423 \u0442\u0435\u043b\u044f\u0442, \u043e\u0432\u0435\u0446, \u043a\u043e\u0437 \u0438 \u043f\u0442\u0438\u0446 <strong data-start=\"345\" data-end=\"388\">\u041f\u0440\u043e\u0444\u0438\u043b\u0430\u043a\u0442\u0438\u043a\u0430 \u0438 \u043b\u0435\u0447\u0435\u043d\u0438\u0435 \u043a\u043e\u043a\u0446\u0438\u0434\u0438\u043e\u0437\u0430<\/strong> \u0434\u043b\u044f<\/p>\n<\/li>\n<li data-start=\"394\" data-end=\"483\">\n<p data-start=\"396\" data-end=\"483\"><strong data-start=\"396\" data-end=\"408\">\u0412\u044b\u0433\u043e\u0434\u0430:<\/strong> \u042d\u0444\u0444\u0435\u043a\u0442 \u043f\u0440\u043e\u0442\u0438\u0432 Eimeria spp., \u043f\u043e\u0434\u0434\u0435\u0440\u0436\u043a\u0430 \u0438\u043c\u043c\u0443\u043d\u0438\u0442\u0435\u0442\u0430, \u0443\u043b\u0443\u0447\u0448\u0435\u043d\u0438\u0435 \u0441\u0432\u0435\u0440\u0442\u044b\u0432\u0430\u0435\u043c\u043e\u0441\u0442\u0438 \u043a\u0440\u043e\u0432\u0438<\/p>\n<\/li>\n<li data-start=\"484\" data-end=\"590\">\n<p data-start=\"486\" data-end=\"496\"><strong data-start=\"486\" data-end=\"496\">\u0414\u043e\u0437\u0438\u0440\u043e\u0432\u043a\u0430:<\/strong><\/p>\n<ul data-start=\"499\" data-end=\"590\">\n<li data-start=\"499\" data-end=\"538\">\n<p data-start=\"501\" data-end=\"538\">\u041f\u0442\u0438\u0446\u044b: 20 \u0433 \/ 20\u201340 \u043b \u0432\u043e\u0434\u044b \u2013 5\u20137 \u0434\u043d\u0435\u0439<\/p>\n<\/li>\n<li data-start=\"541\" data-end=\"590\">\n<p data-start=\"543\" data-end=\"590\">\u0422\u0435\u043b\u044f\u0442\u0430\/\u043e\u0432\u0446\u044b\/\u043a\u043e\u0437\u044b: 1\u20135 \u0433 \/ 25\u2013100 \u043a\u0433 \u2013 5\u201321 \u0434\u0435\u043d\u044c<\/p>\n<\/li>\n<\/ul>\n<\/li>\n<li data-start=\"591\" data-end=\"654\">\n<p data-start=\"593\" data-end=\"654\"><strong data-start=\"593\" data-end=\"613\">\u0412\u0440\u0435\u043c\u044f \u0441\u044a\u0435\u043c\u043a\u0438:<\/strong> \u041c\u044f\u0441\u043e \u2013 14 \u0434\u043d\u0435\u0439 | \u041d\u0435 \u0438\u0441\u043f\u043e\u043b\u044c\u0437\u0443\u0435\u0442\u0441\u044f \u0432 \u044f\u0439\u0446\u0430\u0445<\/p>\n<\/li>\n<\/ul>\n<\/div>\n<\/div>\n<p><!-- .vgblk-rw-wrapper --><\/p>","protected":false},"excerpt":{"rendered":"<p>Amprolium &amp; Sulfaquinoxaline + Vitaminl\u0259r WS Suda h\u0259ll olan toz \u2013 Koksidioza qar\u015f\u0131 qoruma v\u0259 m\u00fcalic\u0259 T\u0259rkib: Amprolium (200 mg), Sulfaquinoxaline (150 mg), Vitamin A (15,000 IU), Vitamin K3 (5 mg) \u0130stifad\u0259: Dana, qoyun, ke\u00e7i v\u0259 qu\u015flarda koksidiozun profilaktikas\u0131 v\u0259 m\u00fcalic\u0259si \u00fc\u00e7\u00fcn Faydas\u0131: Eimeria spp. \u0259leyhin\u0259 t\u0259sir, immun d\u0259st\u0259yi, qan laxtalanmas\u0131n\u0131 g\u00fccl\u0259ndirir Dozaj: Qu\u015flar: 20&#8230;<\/p>","protected":false},"featured_media":989136,"comment_status":"closed","ping_status":"closed","template":"","meta":{"nf_dc_page":"","_monsterinsights_skip_tracking":false,"_monsterinsights_sitenote_active":false,"_monsterinsights_sitenote_note":"","_monsterinsights_sitenote_category":0},"product_brand":[],"product_cat":[108,251,114,68,16],"product_tag":[],"class_list":{"0":"post-989135","1":"product","2":"type-product","3":"status-publish","4":"has-post-thumbnail","6":"product_cat-cow","7":"product_cat-veterinary-products","8":"product_cat-sheep","9":"product_cat-poultry","10":"product_cat-uncategorized","12":"first","13":"instock","14":"shipping-taxable","15":"product-type-simple"},"jetpack_sharing_enabled":true,"_links":{"self":[{"href":"https:\/\/agrovetazerbaijan.az\/ru\/wp-json\/wp\/v2\/product\/989135","targetHints":{"allow":["GET"]}}],"collection":[{"href":"https:\/\/agrovetazerbaijan.az\/ru\/wp-json\/wp\/v2\/product"}],"about":[{"href":"https:\/\/agrovetazerbaijan.az\/ru\/wp-json\/wp\/v2\/types\/product"}],"replies":[{"embeddable":true,"href":"https:\/\/agrovetazerbaijan.az\/ru\/wp-json\/wp\/v2\/comments?post=989135"}],"version-history":[{"count":2,"href":"https:\/\/agrovetazerbaijan.az\/ru\/wp-json\/wp\/v2\/product\/989135\/revisions"}],"predecessor-version":[{"id":989940,"href":"https:\/\/agrovetazerbaijan.az\/ru\/wp-json\/wp\/v2\/product\/989135\/revisions\/989940"}],"wp:featuredmedia":[{"embeddable":true,"href":"https:\/\/agrovetazerbaijan.az\/ru\/wp-json\/wp\/v2\/media\/989136"}],"wp:attachment":[{"href":"https:\/\/agrovetazerbaijan.az\/ru\/wp-json\/wp\/v2\/media?parent=989135"}],"wp:term":[{"taxonomy":"product_brand","embeddable":true,"href":"https:\/\/agrovetazerbaijan.az\/ru\/wp-json\/wp\/v2\/product_brand?post=989135"},{"taxonomy":"product_cat","embeddable":true,"href":"https:\/\/agrovetazerbaijan.az\/ru\/wp-json\/wp\/v2\/product_cat?post=989135"},{"taxonomy":"product_tag","embeddable":true,"href":"https:\/\/agrovetazerbaijan.az\/ru\/wp-json\/wp\/v2\/product_tag?post=989135"}],"curies":[{"name":"WP","href":"https:\/\/api.w.org\/{rel}","templated":true}]}}