{"id":989122,"date":"2025-03-22T23:21:56","date_gmt":"2025-03-22T23:21:56","guid":{"rendered":"https:\/\/agrovetazerbaijan.az\/?post_type=product&#038;p=989122"},"modified":"2025-06-16T21:02:10","modified_gmt":"2025-06-16T21:02:10","slug":"dexine-28","status":"publish","type":"product","link":"https:\/\/agrovetazerbaijan.az\/ru\/product\/dexine-28\/","title":{"rendered":"\u0414\u0435\u043a\u0441\u0438\u043d-28"},"content":{"rendered":"<div class=\"vgblk-rw-wrapper limit-wrapper\">\n<h3 data-start=\"107\" data-end=\"124\"><strong data-start=\"111\" data-end=\"124\">\u0414\u0435\u043a\u0441\u0438\u043d-28<\/strong><\/h3>\n<p data-start=\"126\" data-end=\"139\"><strong data-start=\"126\" data-end=\"137\">\u0418\u043d\u0433\u0440\u0435\u0434\u0438\u0435\u043d\u0442\u044b<\/strong><\/p>\n<ul data-start=\"140\" data-end=\"154\">\n<li data-start=\"140\" data-end=\"154\">\n<p data-start=\"142\" data-end=\"154\">\u0419\u043e\u0434<\/p>\n<\/li>\n<\/ul>\n<hr data-start=\"156\" data-end=\"159\" \/>\n<h3 data-start=\"161\" data-end=\"178\"><strong data-start=\"165\" data-end=\"176\">\u041e\u043f\u0438\u0441\u0430\u043d\u0438\u0435<\/strong><\/h3>\n<p data-start=\"179\" data-end=\"830\">Dexine-28 \u2014 \u0434\u0435\u0437\u0438\u043d\u0444\u0438\u0446\u0438\u0440\u0443\u044e\u0449\u0435\u0435 \u0441\u0440\u0435\u0434\u0441\u0442\u0432\u043e \u043d\u0430 \u043e\u0441\u043d\u043e\u0432\u0435 \u0439\u043e\u0434\u0430, \u043e\u0431\u043b\u0430\u0434\u0430\u044e\u0449\u0435\u0435 \u043a\u0430\u043a \u043c\u043e\u044e\u0449\u0438\u043c\u0438, \u0442\u0430\u043a \u0438 \u0434\u0435\u0437\u0438\u043d\u0444\u0438\u0446\u0438\u0440\u0443\u044e\u0449\u0438\u043c\u0438 \u0441\u0432\u043e\u0439\u0441\u0442\u0432\u0430\u043c\u0438. \u0428\u0438\u0440\u043e\u043a\u043e \u0438\u0441\u043f\u043e\u043b\u044c\u0437\u0443\u0435\u0442\u0441\u044f \u0434\u043b\u044f \u043e\u0447\u0438\u0441\u0442\u043a\u0438 \u0438 \u0434\u0435\u0437\u0438\u043d\u0444\u0435\u043a\u0446\u0438\u0438 \u0436\u0438\u0432\u043e\u0442\u043d\u043e\u0432\u043e\u0434\u0447\u0435\u0441\u043a\u0438\u0445 \u0444\u0435\u0440\u043c. \u041f\u0440\u043e\u0434\u0443\u043a\u0442 \u044d\u0444\u0444\u0435\u043a\u0442\u0438\u0432\u0435\u043d \u043f\u0440\u043e\u0442\u0438\u0432 \u0448\u0438\u0440\u043e\u043a\u043e\u0433\u043e \u0441\u043f\u0435\u043a\u0442\u0440\u0430 \u043c\u0438\u043a\u0440\u043e\u043e\u0440\u0433\u0430\u043d\u0438\u0437\u043c\u043e\u0432, \u0432\u043a\u043b\u044e\u0447\u0430\u044f \u0431\u0430\u043a\u0442\u0435\u0440\u0438\u0438, \u0432\u0438\u0440\u0443\u0441\u044b \u0438 \u0433\u0440\u0438\u0431\u043a\u0438, \u0432\u044b\u0437\u044b\u0432\u0430\u044e\u0449\u0438\u0435 \u043e\u0441\u043d\u043e\u0432\u043d\u044b\u0435 \u0437\u0430\u0431\u043e\u043b\u0435\u0432\u0430\u043d\u0438\u044f \u0443 \u0441\u0435\u043b\u044c\u0441\u043a\u043e\u0445\u043e\u0437\u044f\u0439\u0441\u0442\u0432\u0435\u043d\u043d\u044b\u0445 \u0436\u0438\u0432\u043e\u0442\u043d\u044b\u0445. Dexine-28 \u043f\u043e\u0434\u0445\u043e\u0434\u0438\u0442 \u0434\u043b\u044f \u0434\u0435\u0437\u0438\u043d\u0444\u0435\u043a\u0446\u0438\u0438 \u0432\u0441\u0435\u0445 \u0442\u0438\u043f\u043e\u0432 \u043f\u043e\u0432\u0435\u0440\u0445\u043d\u043e\u0441\u0442\u0435\u0439, \u0438\u043d\u043a\u0443\u0431\u0430\u0442\u043e\u0440\u043e\u0432, \u044f\u0439\u0446\u0435\u0432\u043e\u0434\u043e\u0432, \u043a\u043e\u0440\u043c\u0443\u0448\u0435\u043a \u0438 \u043c\u043e\u043b\u043e\u0447\u043d\u043e\u0433\u043e \u043e\u0431\u043e\u0440\u0443\u0434\u043e\u0432\u0430\u043d\u0438\u044f. \u041f\u0440\u043e\u0434\u0443\u043a\u0442 \u0431\u0435\u0437\u043e\u043f\u0430\u0441\u0435\u043d \u0434\u043b\u044f \u0438\u0441\u043f\u043e\u043b\u044c\u0437\u043e\u0432\u0430\u043d\u0438\u044f \u0432 \u043f\u0440\u0438\u0441\u0443\u0442\u0441\u0442\u0432\u0438\u0438 \u0436\u0438\u0432\u043e\u0442\u043d\u044b\u0445. \u041f\u0440\u0438 \u0438\u0441\u043f\u043e\u043b\u044c\u0437\u043e\u0432\u0430\u043d\u0438\u0438 \u0432 \u0440\u0435\u043a\u043e\u043c\u0435\u043d\u0434\u0443\u0435\u043c\u044b\u0445 \u0434\u043e\u0437\u0430\u0445 \u043d\u0435 \u043f\u0440\u0438\u0434\u0430\u0435\u0442 \u0432\u043a\u0443\u0441\u0430 \u043f\u0438\u0449\u0435 \u0438\u043b\u0438 \u0432\u043e\u0434\u0435 (\u043d\u0435\u0442\u043e\u043a\u0441\u0438\u0447\u0435\u043d).<\/p>\n<hr data-start=\"832\" data-end=\"835\" \/>\n<h3 data-start=\"837\" data-end=\"868\"><strong data-start=\"841\" data-end=\"866\">\u0418\u043d\u0441\u0442\u0440\u0443\u043a\u0446\u0438\u044f \u043f\u043e \u043f\u0440\u0438\u043c\u0435\u043d\u0435\u043d\u0438\u044e<\/strong><\/h3>\n<p data-start=\"869\" data-end=\"914\">\u041f\u0435\u0440\u0435\u0434 \u043f\u0440\u0438\u043c\u0435\u043d\u0435\u043d\u0438\u0435\u043c \u0435\u0433\u043e \u043d\u0435\u043e\u0431\u0445\u043e\u0434\u0438\u043c\u043e \u0440\u0430\u0437\u0431\u0430\u0432\u0438\u0442\u044c \u0432\u043e\u0434\u043e\u0439.<\/p>\n<ul data-start=\"916\" data-end=\"2037\">\n<li data-start=\"916\" data-end=\"1200\">\n<p data-start=\"918\" data-end=\"1200\"><strong data-start=\"918\" data-end=\"1044\">\u041e\u0431\u0449\u0430\u044f \u0434\u0435\u0437\u0438\u043d\u0444\u0435\u043a\u0446\u0438\u044f (\u043f\u043e\u043b\u044b\/\u0441\u0442\u0435\u043d\u044b \u043f\u043e\u043c\u0435\u0449\u0435\u043d\u0438\u0439 \u0434\u043b\u044f \u0436\u0438\u0432\u043e\u0442\u043d\u044b\u0445, \u043a\u043b\u0435\u0442\u043a\u0438, \u043b\u043e\u0442\u043a\u0438 \u0434\u043b\u044f \u044f\u0438\u0446, \u0438\u043d\u043a\u0443\u0431\u0430\u0442\u043e\u0440\u044b, \u043f\u043e\u0438\u043b\u043a\u0438):<\/strong><br data-start=\"1044\" data-end=\"1047\" \/>1 \u043b\u0438\u0442\u0440 \u0414\u0435\u043a\u0441\u0438\u043d-28 \u0441\u043c\u0435\u0448\u0438\u0432\u0430\u044e\u0442 \u0441 100\u2013600 \u043b\u0438\u0442\u0440\u0430\u043c\u0438 \u043f\u0438\u0442\u044c\u0435\u0432\u043e\u0439 \u0432\u043e\u0434\u044b (0,16\u20131%).<br data-start=\"1121\" data-end=\"1124\" \/>\u0420\u0430\u0441\u043f\u044b\u043b\u044f\u0435\u0442\u0441\u044f \u043d\u0430 \u043f\u043e\u0432\u0435\u0440\u0445\u043d\u043e\u0441\u0442\u0438 \u0441 \u043f\u043e\u043c\u043e\u0449\u044c\u044e \u0430\u043f\u043f\u0430\u0440\u0430\u0442\u0430 \u0432\u044b\u0441\u043e\u043a\u043e\u0433\u043e \u0434\u0430\u0432\u043b\u0435\u043d\u0438\u044f \u0441\u043e \u0441\u043a\u043e\u0440\u043e\u0441\u0442\u044c\u044e 250\u2013300 \u043c\u043b\/\u043c\u00b2.<\/p>\n<\/li>\n<li data-start=\"1202\" data-end=\"1412\">\n<p data-start=\"1204\" data-end=\"1412\"><strong data-start=\"1204\" data-end=\"1241\">\u0414\u0435\u0437\u0438\u043d\u0444\u0435\u043a\u0446\u0438\u044f \u0432\u043e\u0437\u0434\u0443\u0445\u0430 (\u0442\u0443\u043c\u0430\u043d\u0438\u0437\u0430\u0446\u0438\u044f):<\/strong><br data-start=\"1241\" data-end=\"1244\" \/>1 \u043b\u0438\u0442\u0440 Dexine-28 \u0441\u043c\u0435\u0448\u0438\u0432\u0430\u0435\u0442\u0441\u044f \u0441 300 \u043b\u0438\u0442\u0440\u0430\u043c\u0438 \u043f\u0438\u0442\u044c\u0435\u0432\u043e\u0439 \u0432\u043e\u0434\u044b (0,33%).<br data-start=\"1308\" data-end=\"1311\" \/>\u0418\u0441\u043f\u043e\u043b\u044c\u0437\u0443\u0435\u0442\u0441\u044f \u0441 \u0440\u0430\u0441\u043f\u044b\u043b\u0438\u0442\u0435\u043b\u0435\u043c \u0442\u0438\u043f\u0430 \u00ab\u0441\u0443\u043c\u043a\u0430 \u043d\u0430 \u043f\u043b\u0435\u0447\u043e\u00bb. \u041e\u0442\u0440\u0435\u0433\u0443\u043b\u0438\u0440\u0443\u0439\u0442\u0435 \u043d\u0430\u0441\u0430\u0434\u043a\u0443 \u0434\u043b\u044f \u0440\u0430\u0441\u043f\u044b\u043b\u0435\u043d\u0438\u044f \u0432 \u0432\u0438\u0434\u0435 \u0442\u0443\u043c\u0430\u043d\u0430.<\/p>\n<\/li>\n<li data-start=\"1414\" data-end=\"1568\">\n<p data-start=\"1416\" data-end=\"1568\"><strong data-start=\"1416\" data-end=\"1463\">\u0414\u0435\u0437\u0438\u043d\u0444\u0435\u043a\u0446\u0438\u044f \u0442\u0440\u0430\u043d\u0441\u043f\u043e\u0440\u0442\u043d\u044b\u0445 \u0441\u0440\u0435\u0434\u0441\u0442\u0432 \u0438 \u043e\u0431\u043e\u0440\u0443\u0434\u043e\u0432\u0430\u043d\u0438\u044f:<\/strong><br data-start=\"1463\" data-end=\"1466\" \/>1 \u043b\u0438\u0442\u0440 Dexine-28 \u0441\u043c\u0435\u0448\u0438\u0432\u0430\u0435\u0442\u0441\u044f \u0441 200 \u043b\u0438\u0442\u0440\u0430\u043c\u0438 \u043f\u0438\u0442\u044c\u0435\u0432\u043e\u0439 \u0432\u043e\u0434\u044b (0,5%).<br data-start=\"1529\" data-end=\"1532\" \/>\u041d\u0430\u043d\u043e\u0441\u0438\u0442\u0441\u044f \u0441 \u043f\u043e\u043c\u043e\u0449\u044c\u044e \u043c\u043e\u0439\u043a\u0438 \u0432\u044b\u0441\u043e\u043a\u043e\u0433\u043e \u0434\u0430\u0432\u043b\u0435\u043d\u0438\u044f.<\/p>\n<\/li>\n<li data-start=\"1570\" data-end=\"1804\">\n<p data-start=\"1572\" data-end=\"1804\"><strong data-start=\"1572\" data-end=\"1648\">\u041e\u0447\u0438\u0441\u0442\u043a\u0430 \u0438 \u0434\u0435\u0437\u0438\u043d\u0444\u0435\u043a\u0446\u0438\u044f \u043c\u043e\u043b\u043e\u0447\u043d\u043e\u0433\u043e \u043e\u0431\u043e\u0440\u0443\u0434\u043e\u0432\u0430\u043d\u0438\u044f \u0438 \u043c\u043e\u043b\u043e\u0447\u043d\u044b\u0445 \u0446\u0438\u0441\u0442\u0435\u0440\u043d:<\/strong><br data-start=\"1648\" data-end=\"1651\" \/>1 \u043b\u0438\u0442\u0440 Dexine-28 \u0441\u043c\u0435\u0448\u0438\u0432\u0430\u0435\u0442\u0441\u044f \u0441 400 \u043b\u0438\u0442\u0440\u0430\u043c\u0438 \u043f\u0438\u0442\u044c\u0435\u0432\u043e\u0439 \u0432\u043e\u0434\u044b (0,25%).<br data-start=\"1715\" data-end=\"1718\" \/>\u041f\u0435\u0440\u0435\u0434 \u0438\u0441\u043f\u043e\u043b\u044c\u0437\u043e\u0432\u0430\u043d\u0438\u0435\u043c \u044d\u0442\u0438\u043c \u0440\u0430\u0441\u0442\u0432\u043e\u0440\u043e\u043c \u043f\u0440\u043e\u043c\u044b\u0432\u0430\u044e\u0442 \u043f\u043e\u0432\u0435\u0440\u0445\u043d\u043e\u0441\u0442\u0438 \u043c\u043e\u043b\u043e\u0447\u043d\u043e\u0433\u043e \u043e\u0431\u043e\u0440\u0443\u0434\u043e\u0432\u0430\u043d\u0438\u044f \u0438 \u0440\u0435\u0437\u0435\u0440\u0432\u0443\u0430\u0440\u043e\u0432.<\/p>\n<\/li>\n<li data-start=\"1806\" data-end=\"2037\">\n<p data-start=\"1808\" data-end=\"2037\"><strong data-start=\"1808\" data-end=\"1836\">\u0412\u0430\u043d\u043d\u044b \u0434\u043b\u044f \u043d\u043e\u0433 \u0438 \u043a\u043e\u043b\u0435\u0441:<\/strong><br data-start=\"1836\" data-end=\"1839\" \/>1 \u043b\u0438\u0442\u0440 Dexine-28 \u0441\u043c\u0435\u0448\u0438\u0432\u0430\u0435\u0442\u0441\u044f \u0441\u043e 100 \u043b\u0438\u0442\u0440\u0430\u043c\u0438 \u043f\u0438\u0442\u044c\u0435\u0432\u043e\u0439 \u0432\u043e\u0434\u044b (1%).<br data-start=\"1900\" data-end=\"1903\" \/>\u0427\u0438\u0441\u0442\u044b\u0439 \u0440\u0430\u0441\u0442\u0432\u043e\u0440 \u0441\u043b\u0435\u0434\u0443\u0435\u0442 \u043f\u0440\u0438\u0433\u043e\u0442\u043e\u0432\u0438\u0442\u044c \u0438 \u0437\u0430\u043c\u0435\u043d\u0438\u0442\u044c \u043d\u043e\u0432\u044b\u043c, \u043a\u043e\u0433\u0434\u0430 \u043e\u043d \u0437\u0430\u0433\u0440\u044f\u0437\u043d\u0438\u0442\u0441\u044f. \u0420\u0435\u043a\u043e\u043c\u0435\u043d\u0434\u0443\u0435\u0442\u0441\u044f \u0437\u0430\u043c\u0435\u043d\u044f\u0442\u044c \u0440\u0430\u0441\u0442\u0432\u043e\u0440 \u043d\u043e\u0432\u044b\u043c \u0440\u0430\u0437 \u0432 \u043d\u0435\u0434\u0435\u043b\u044e.<\/p>\n<\/li>\n<\/ul>\n<hr data-start=\"2039\" data-end=\"2042\" \/>\n<h3 data-start=\"2044\" data-end=\"2081\"><strong data-start=\"2048\" data-end=\"2081\">\u041f\u0440\u043e\u0442\u0438\u0432\u043e\u043f\u043e\u043a\u0430\u0437\u0430\u043d\u0438\u044f \u0438 \u043e\u043f\u0430\u0441\u043d\u043e\u0441\u0442\u0438<\/strong><\/h3>\n<ul data-start=\"2083\" data-end=\"2279\">\n<li data-start=\"2083\" data-end=\"2142\">\n<p data-start=\"2085\" data-end=\"2142\">\u041c\u043e\u0436\u0435\u0442 \u0432\u044b\u0437\u0432\u0430\u0442\u044c \u0441\u0435\u0440\u044c\u0435\u0437\u043d\u044b\u0435 \u043e\u0436\u043e\u0433\u0438 \u043a\u043e\u0436\u0438 \u0438 \u043f\u043e\u0432\u0440\u0435\u0436\u0434\u0435\u043d\u0438\u044f \u0433\u043b\u0430\u0437.<\/p>\n<\/li>\n<li data-start=\"2143\" data-end=\"2207\">\n<p data-start=\"2145\" data-end=\"2207\">\u0418\u0437\u0431\u0435\u0433\u0430\u0439\u0442\u0435 \u0432\u0434\u044b\u0445\u0430\u043d\u0438\u044f \u043f\u044b\u043b\u0438\/\u043f\u0430\u0440\u043e\u0432\/\u0442\u0443\u043c\u0430\u043d\u0430\/\u0433\u0430\u0437\u0430\/\u0430\u044d\u0440\u043e\u0437\u043e\u043b\u0435\u0439.<\/p>\n<\/li>\n<li data-start=\"2208\" data-end=\"2279\">\n<p data-start=\"2210\" data-end=\"2279\">\u0418\u0441\u043f\u043e\u043b\u044c\u0437\u0443\u0439\u0442\u0435 \u0437\u0430\u0449\u0438\u0442\u043d\u044b\u0435 \u043f\u0435\u0440\u0447\u0430\u0442\u043a\u0438, \u043e\u0434\u0435\u0436\u0434\u0443, \u0441\u0440\u0435\u0434\u0441\u0442\u0432\u0430 \u0437\u0430\u0449\u0438\u0442\u044b \u0433\u043b\u0430\u0437 \u0438 \u043b\u0438\u0446\u0430.<\/p>\n<\/li>\n<\/ul>\n<p data-start=\"2281\" data-end=\"2312\"><strong data-start=\"2281\" data-end=\"2310\">\u042d\u043a\u0441\u0442\u0440\u0435\u043d\u043d\u044b\u0435 \u043c\u0435\u0440\u044b:<\/strong><\/p>\n<ul data-start=\"2313\" data-end=\"2952\">\n<li data-start=\"2313\" data-end=\"2357\">\n<p data-start=\"2315\" data-end=\"2357\"><strong data-start=\"2315\" data-end=\"2329\">\u041f\u0440\u0438 \u043f\u0440\u043e\u0433\u043b\u0430\u0442\u044b\u0432\u0430\u043d\u0438\u0438:<\/strong> \u041f\u0440\u043e\u043f\u043e\u043b\u043e\u0441\u043a\u0430\u0442\u044c \u0440\u043e\u0442. \u041d\u0435 \u0432\u044b\u0437\u044b\u0432\u0430\u0442\u044c \u0440\u0432\u043e\u0442\u0443.<\/p>\n<\/li>\n<li data-start=\"2358\" data-end=\"2453\">\n<p data-start=\"2360\" data-end=\"2453\"><strong data-start=\"2360\" data-end=\"2379\">\u041f\u0440\u0438 \u043a\u043e\u043d\u0442\u0430\u043a\u0442\u0435 \u0441 \u043a\u043e\u0436\u0435\u0439:<\/strong> \u041d\u0435\u043c\u0435\u0434\u043b\u0435\u043d\u043d\u043e \u0441\u043d\u044f\u0442\u044c \u0437\u0430\u0433\u0440\u044f\u0437\u043d\u0435\u043d\u043d\u0443\u044e \u043e\u0434\u0435\u0436\u0434\u0443. \u0422\u0449\u0430\u0442\u0435\u043b\u044c\u043d\u043e \u043f\u0440\u043e\u043c\u044b\u0442\u044c \u043a\u043e\u0436\u0443 \u0432\u043e\u0434\u043e\u0439 \u0438\u043b\u0438 \u043f\u0440\u0438\u043d\u044f\u0442\u044c \u0434\u0443\u0448.<\/p>\n<\/li>\n<li data-start=\"2454\" data-end=\"2550\">\n<p data-start=\"2456\" data-end=\"2550\"><strong data-start=\"2456\" data-end=\"2479\">\u0412\u043e \u0432\u0440\u0435\u043c\u044f \u0432\u0434\u043e\u0445\u0430:<\/strong> \u0412\u044b\u0432\u0435\u0434\u0438\u0442\u0435 \u043f\u043e\u0441\u0442\u0440\u0430\u0434\u0430\u0432\u0448\u0435\u0433\u043e \u043d\u0430 \u0441\u0432\u0435\u0436\u0438\u0439 \u0432\u043e\u0437\u0434\u0443\u0445 \u0438 \u0434\u0430\u0439\u0442\u0435 \u0435\u043c\u0443\/\u0435\u0439 \u0432\u043e\u0437\u043c\u043e\u0436\u043d\u043e\u0441\u0442\u044c \u0441\u0432\u043e\u0431\u043e\u0434\u043d\u043e \u0434\u044b\u0448\u0430\u0442\u044c.<\/p>\n<\/li>\n<li data-start=\"2551\" data-end=\"2689\">\n<p data-start=\"2553\" data-end=\"2689\"><strong data-start=\"2553\" data-end=\"2571\">\u0417\u0440\u0438\u0442\u0435\u043b\u044c\u043d\u044b\u0439 \u043a\u043e\u043d\u0442\u0430\u043a\u0442:<\/strong> \u041d\u0435\u043c\u0435\u0434\u043b\u0435\u043d\u043d\u043e \u043f\u0440\u043e\u043c\u043e\u0439\u0442\u0435 \u0431\u043e\u043b\u044c\u0448\u0438\u043c \u043a\u043e\u043b\u0438\u0447\u0435\u0441\u0442\u0432\u043e\u043c \u0432\u043e\u0434\u044b \u0432 \u0442\u0435\u0447\u0435\u043d\u0438\u0435 \u043d\u0435\u0441\u043a\u043e\u043b\u044c\u043a\u0438\u0445 \u043c\u0438\u043d\u0443\u0442. \u0421\u043d\u0438\u043c\u0438\u0442\u0435 \u043b\u0438\u043d\u0437\u044b, \u0435\u0441\u043b\u0438 \u043e\u043d\u0438 \u0435\u0441\u0442\u044c \u0438 \u044d\u0442\u043e \u043b\u0435\u0433\u043a\u043e \u0441\u0434\u0435\u043b\u0430\u0442\u044c. \u041f\u0440\u043e\u0434\u043e\u043b\u0436\u0430\u0439\u0442\u0435 \u043f\u0440\u043e\u043c\u044b\u0432\u0430\u0442\u044c.<\/p>\n<\/li>\n<li data-start=\"2691\" data-end=\"2766\">\n<p data-start=\"2693\" data-end=\"2766\">\u041f\u043e\u0441\u0442\u0438\u0440\u0430\u0439\u0442\u0435 \u0437\u0430\u0433\u0440\u044f\u0437\u043d\u0435\u043d\u043d\u0443\u044e \u043e\u0434\u0435\u0436\u0434\u0443 \u0438 \u043e\u0447\u0438\u0441\u0442\u0438\u0442\u0435 \u0435\u0435 \u043f\u0435\u0440\u0435\u0434 \u043f\u043e\u0432\u0442\u043e\u0440\u043d\u044b\u043c \u0438\u0441\u043f\u043e\u043b\u044c\u0437\u043e\u0432\u0430\u043d\u0438\u0435\u043c.<\/p>\n<\/li>\n<li data-start=\"2767\" data-end=\"2809\">\n<p data-start=\"2769\" data-end=\"2809\">\u0425\u0440\u0430\u043d\u0438\u0442\u044c \u0432 \u043d\u0435\u0434\u043e\u0441\u0442\u0443\u043f\u043d\u043e\u043c \u0434\u043b\u044f \u0434\u0435\u0442\u0435\u0439 \u043c\u0435\u0441\u0442\u0435.<\/p>\n<\/li>\n<li data-start=\"2810\" data-end=\"2847\">\n<p data-start=\"2812\" data-end=\"2847\">\u0418\u0437\u0431\u0435\u0433\u0430\u0439\u0442\u0435 \u043f\u043e\u043f\u0430\u0434\u0430\u043d\u0438\u044f \u0432 \u043e\u043a\u0440\u0443\u0436\u0430\u044e\u0449\u0443\u044e \u0441\u0440\u0435\u0434\u0443.<\/p>\n<\/li>\n<li data-start=\"2848\" data-end=\"2952\">\n<p data-start=\"2850\" data-end=\"2952\">\u041e\u0442\u0445\u043e\u0434\u044b \u0434\u043e\u043b\u0436\u043d\u044b \u0431\u044b\u0442\u044c \u0434\u043e\u0441\u0442\u0430\u0432\u043b\u0435\u043d\u044b \u0432 \u043f\u0443\u043d\u043a\u0442 \u0441\u0431\u043e\u0440\u0430 \u043e\u043f\u0430\u0441\u043d\u044b\u0445 \u043e\u0442\u0445\u043e\u0434\u043e\u0432 \u0432 \u0441\u043e\u043e\u0442\u0432\u0435\u0442\u0441\u0442\u0432\u0438\u0438 \u0441 \u043c\u0435\u0441\u0442\u043d\u044b\u043c\u0438 \u043f\u0440\u0430\u0432\u0438\u043b\u0430\u043c\u0438.<\/p>\n<\/li>\n<\/ul>\n<hr data-start=\"2954\" data-end=\"2957\" \/>\n<h3 data-start=\"2959\" data-end=\"2980\"><strong data-start=\"2963\" data-end=\"2978\">\u0423\u043f\u0430\u043a\u043e\u0432\u043a\u0430<\/strong><\/h3>\n<ul data-start=\"2981\" data-end=\"3028\">\n<li data-start=\"2981\" data-end=\"3002\">\n<p data-start=\"2983\" data-end=\"3002\">\u0411\u0443\u0442\u044b\u043b\u043a\u0430 1 \u043b\u0438\u0442\u0440<\/p>\n<\/li>\n<li data-start=\"3003\" data-end=\"3028\">\n<p data-start=\"3005\" data-end=\"3028\">\u041a\u0430\u043d\u0438\u0441\u0442\u0440\u044b 5 \u0438 20 \u043b\u0438\u0442\u0440\u043e\u0432<\/p>\n<\/li>\n<\/ul>\n<\/div>\n<p><!-- .vgblk-rw-wrapper --><\/p>","protected":false},"excerpt":{"rendered":"<p>Dexine-28 T\u0259rkibi Yod (Iodine) T\u0259sviri Dexine-28, h\u0259m yuyucu, h\u0259m d\u0259 dezinfeksiyaedici x\u00fcsusiyy\u0259tl\u0259r\u0259 malik yod \u0259sasl\u0131 dezinfeksiya vasit\u0259sidir. Heyvandarl\u0131q t\u0259s\u0259rr\u00fcfatlar\u0131n\u0131n t\u0259mizliyi v\u0259 dezinfeksiyas\u0131 \u00fc\u00e7\u00fcn geni\u015f istifad\u0259 olunur. M\u0259hsul t\u0259s\u0259rr\u00fcfat heyvanlar\u0131nda \u0259sas x\u0259st\u0259likl\u0259r\u0259 s\u0259b\u0259b olan bakteriyalar, viruslar v\u0259 g\u00f6b\u0259l\u0259kl\u0259r daxil olmaqla geni\u015f spektrli mikroorqanizml\u0259r\u0259 qar\u015f\u0131 t\u0259sirlidir. Dexine-28 b\u00fct\u00fcn n\u00f6v s\u0259thl\u0259rin, inkubatorlar\u0131n, yumurta \u00e7\u0131xar\u0131c\u0131lar\u0131n, yem qablar\u0131n\u0131n v\u0259 s\u00fcd\u00e7\u00fcl\u00fck&#8230;<\/p>","protected":false},"featured_media":989123,"comment_status":"closed","ping_status":"closed","template":"","meta":{"nf_dc_page":"","_monsterinsights_skip_tracking":false,"_monsterinsights_sitenote_active":false,"_monsterinsights_sitenote_note":"","_monsterinsights_sitenote_category":0},"product_brand":[],"product_cat":[147,16],"product_tag":[],"class_list":{"0":"post-989122","1":"product","2":"type-product","3":"status-publish","4":"has-post-thumbnail","6":"product_cat-disinfectants","7":"product_cat-uncategorized","9":"first","10":"instock","11":"shipping-taxable","12":"product-type-simple"},"jetpack_sharing_enabled":true,"_links":{"self":[{"href":"https:\/\/agrovetazerbaijan.az\/ru\/wp-json\/wp\/v2\/product\/989122","targetHints":{"allow":["GET"]}}],"collection":[{"href":"https:\/\/agrovetazerbaijan.az\/ru\/wp-json\/wp\/v2\/product"}],"about":[{"href":"https:\/\/agrovetazerbaijan.az\/ru\/wp-json\/wp\/v2\/types\/product"}],"replies":[{"embeddable":true,"href":"https:\/\/agrovetazerbaijan.az\/ru\/wp-json\/wp\/v2\/comments?post=989122"}],"version-history":[{"count":2,"href":"https:\/\/agrovetazerbaijan.az\/ru\/wp-json\/wp\/v2\/product\/989122\/revisions"}],"predecessor-version":[{"id":989613,"href":"https:\/\/agrovetazerbaijan.az\/ru\/wp-json\/wp\/v2\/product\/989122\/revisions\/989613"}],"wp:featuredmedia":[{"embeddable":true,"href":"https:\/\/agrovetazerbaijan.az\/ru\/wp-json\/wp\/v2\/media\/989123"}],"wp:attachment":[{"href":"https:\/\/agrovetazerbaijan.az\/ru\/wp-json\/wp\/v2\/media?parent=989122"}],"wp:term":[{"taxonomy":"product_brand","embeddable":true,"href":"https:\/\/agrovetazerbaijan.az\/ru\/wp-json\/wp\/v2\/product_brand?post=989122"},{"taxonomy":"product_cat","embeddable":true,"href":"https:\/\/agrovetazerbaijan.az\/ru\/wp-json\/wp\/v2\/product_cat?post=989122"},{"taxonomy":"product_tag","embeddable":true,"href":"https:\/\/agrovetazerbaijan.az\/ru\/wp-json\/wp\/v2\/product_tag?post=989122"}],"curies":[{"name":"WP","href":"https:\/\/api.w.org\/{rel}","templated":true}]}}