{"id":989110,"date":"2025-03-22T23:15:36","date_gmt":"2025-03-22T23:15:36","guid":{"rendered":"https:\/\/agrovetazerbaijan.az\/?post_type=product&#038;p=989110"},"modified":"2025-06-16T21:00:07","modified_gmt":"2025-06-16T21:00:07","slug":"dexid-200","status":"publish","type":"product","link":"https:\/\/agrovetazerbaijan.az\/ru\/product\/dexid-200\/","title":{"rendered":"\u0414\u0435\u043a\u0441\u0438\u0434-200"},"content":{"rendered":"<div class=\"vgblk-rw-wrapper limit-wrapper\">\n<div class=\"product-shop columns large-7 medium-7 small-12\">\n<p data-start=\"98\" data-end=\"111\"><strong data-start=\"98\" data-end=\"111\">\u0414\u0435\u043a\u0441\u0438\u0434-200<\/strong><\/p>\n<p data-start=\"113\" data-end=\"126\"><strong data-start=\"113\" data-end=\"124\">\u0418\u043d\u0433\u0440\u0435\u0434\u0438\u0435\u043d\u0442\u044b<\/strong><\/p>\n<ul data-start=\"127\" data-end=\"233\">\n<li data-start=\"127\" data-end=\"170\">\n<p data-start=\"129\" data-end=\"170\">\u0427\u0435\u0442\u0432\u0435\u0440\u0442\u0438\u0447\u043d\u044b\u0435 \u0430\u043c\u043c\u043e\u043d\u0438\u0435\u0432\u044b\u0435 \u0441\u043e\u0435\u0434\u0438\u043d\u0435\u043d\u0438\u044f \u2013 12,5%<\/p>\n<\/li>\n<li data-start=\"171\" data-end=\"193\">\n<p data-start=\"173\" data-end=\"193\">\u0413\u043b\u0443\u0442\u0430\u0440\u0430\u043b\u044c\u0434\u0435\u0433\u0438\u0434 \u2013 5%<\/p>\n<\/li>\n<li data-start=\"194\" data-end=\"215\">\n<p data-start=\"196\" data-end=\"215\">\u0418\u0437\u043e\u043f\u0440\u043e\u043f\u0430\u043d\u043e\u043b \u2013 13%<\/p>\n<\/li>\n<li data-start=\"216\" data-end=\"233\">\n<p data-start=\"218\" data-end=\"233\">\u0421\u043e\u0441\u043d\u043e\u0432\u043e\u0435 \u043c\u0430\u0441\u043b\u043e \u2013 0,3%<\/p>\n<\/li>\n<\/ul>\n<hr data-start=\"235\" data-end=\"238\" \/>\n<p data-start=\"240\" data-end=\"815\"><strong data-start=\"240\" data-end=\"251\">\u041e\u043f\u0438\u0441\u0430\u043d\u0438\u0435<\/strong><br data-start=\"251\" data-end=\"254\" \/>Dexid-200 \u2014 \u0434\u0435\u0437\u0438\u043d\u0444\u0438\u0446\u0438\u0440\u0443\u044e\u0449\u0435\u0435 \u0441\u0440\u0435\u0434\u0441\u0442\u0432\u043e \u043d\u0430 \u043e\u0441\u043d\u043e\u0432\u0435 \u043e\u043f\u0442\u0438\u043c\u0438\u0437\u0438\u0440\u043e\u0432\u0430\u043d\u043d\u043e\u0439 \u0441\u043c\u0435\u0441\u0438 \u0433\u043b\u0443\u0442\u0430\u0440\u0430\u043b\u044c\u0434\u0435\u0433\u0438\u0434\u0430 \u0438 \u0447\u0435\u0442\u0432\u0435\u0440\u0442\u0438\u0447\u043d\u044b\u0445 \u0430\u043c\u043c\u043e\u043d\u0438\u0435\u0432\u044b\u0445 \u0441\u043e\u0435\u0434\u0438\u043d\u0435\u043d\u0438\u0439 (\u0427\u0410\u0421) \u0432 \u0432\u043e\u0434\u043d\u043e\u043c \u0440\u0430\u0441\u0442\u0432\u043e\u0440\u0435. \u042d\u0442\u043e\u0442 \u043f\u0440\u043e\u0434\u0443\u043a\u0442 \u0441\u043e\u0447\u0435\u0442\u0430\u0435\u0442 \u0432 \u0441\u0435\u0431\u0435 \u043c\u043e\u0449\u043d\u043e\u0435 \u0434\u0435\u0439\u0441\u0442\u0432\u0438\u0435 \u0448\u0438\u0440\u043e\u043a\u043e\u0433\u043e \u0441\u043f\u0435\u043a\u0442\u0440\u0430 \u0434\u0435\u0439\u0441\u0442\u0432\u0438\u044f \u0433\u043b\u0443\u0442\u0430\u0440\u0430\u043b\u044c\u0434\u0435\u0433\u0438\u0434\u0430 \u0441 \u043f\u0440\u043e\u043d\u0438\u043a\u0430\u044e\u0449\u0438\u043c\u0438 \u0432 \u043f\u043e\u0447\u0432\u0443, \u043e\u0447\u0438\u0449\u0430\u044e\u0449\u0438\u043c\u0438 \u0438 \u0431\u044b\u0441\u0442\u0440\u044b\u043c\u0438 \u043c\u0438\u043a\u0440\u043e\u0431\u0438\u0446\u0438\u0434\u043d\u044b\u043c\u0438 \u0441\u0432\u043e\u0439\u0441\u0442\u0432\u0430\u043c\u0438 \u0427\u0410\u0421. Dexid-200 \u044d\u0444\u0444\u0435\u043a\u0442\u0438\u0432\u0435\u043d \u043f\u0440\u043e\u0442\u0438\u0432 \u043c\u0438\u043a\u0440\u043e\u043e\u0440\u0433\u0430\u043d\u0438\u0437\u043c\u043e\u0432, \u0442\u0430\u043a\u0438\u0445 \u043a\u0430\u043a \u0431\u0430\u043a\u0442\u0435\u0440\u0438\u0438, \u0432\u0438\u0440\u0443\u0441\u044b \u0438 \u0433\u0440\u0438\u0431\u043a\u0438, \u0438 \u044d\u0444\u0444\u0435\u043a\u0442\u0438\u0432\u043d\u043e \u0438\u0441\u043f\u043e\u043b\u044c\u0437\u0443\u0435\u0442\u0441\u044f \u0434\u043b\u044f \u0437\u0430\u0449\u0438\u0442\u044b \u0437\u0434\u043e\u0440\u043e\u0432\u044c\u044f \u0438 \u0433\u0438\u0433\u0438\u0435\u043d\u044b \u0436\u0438\u0432\u043e\u0442\u043d\u044b\u0445. \u041e\u043d \u043f\u0440\u0435\u0434\u043d\u0430\u0437\u043d\u0430\u0447\u0435\u043d \u0432 \u043a\u0430\u0447\u0435\u0441\u0442\u0432\u0435 \u043e\u043a\u043e\u043d\u0447\u0430\u0442\u0435\u043b\u044c\u043d\u043e\u0433\u043e \u0434\u0435\u0437\u0438\u043d\u0444\u0438\u0446\u0438\u0440\u0443\u044e\u0449\u0435\u0433\u043e \u0441\u0440\u0435\u0434\u0441\u0442\u0432\u0430 \u0434\u043b\u044f \u0442\u0449\u0430\u0442\u0435\u043b\u044c\u043d\u043e \u043e\u0447\u0438\u0449\u0435\u043d\u043d\u044b\u0445 \u0438 \u0432\u044b\u043c\u044b\u0442\u044b\u0445 \u043f\u043e\u0432\u0435\u0440\u0445\u043d\u043e\u0441\u0442\u0435\u0439.<\/p>\n<hr data-start=\"817\" data-end=\"820\" \/>\n<p data-start=\"822\" data-end=\"847\"><strong data-start=\"822\" data-end=\"847\">\u0418\u043d\u0441\u0442\u0440\u0443\u043a\u0446\u0438\u044f \u043f\u043e \u043f\u0440\u0438\u043c\u0435\u043d\u0435\u043d\u0438\u044e<\/strong><\/p>\n<p data-start=\"849\" data-end=\"891\"><strong data-start=\"849\" data-end=\"890\">\u0416\u0438\u0432\u043e\u0442\u043d\u043e\u0432\u043e\u0434\u0447\u0435\u0441\u043a\u0438\u0435 \u043f\u043e\u0441\u0442\u0440\u043e\u0439\u043a\u0438 \u0438 \u0438\u043d\u043a\u0443\u0431\u0430\u0442\u043e\u0440\u044b<\/strong>:<\/p>\n<ul data-start=\"892\" data-end=\"1324\">\n<li data-start=\"892\" data-end=\"938\">\n<p data-start=\"894\" data-end=\"938\">\u041e\u0447\u0438\u0441\u0442\u0438\u0442\u0435 \u043f\u043e\u0432\u0435\u0440\u0445\u043d\u043e\u0441\u0442\u0438 \u043f\u043e\u0434\u0445\u043e\u0434\u044f\u0449\u0438\u043c \u043c\u043e\u044e\u0449\u0438\u043c \u0441\u0440\u0435\u0434\u0441\u0442\u0432\u043e\u043c.<\/p>\n<\/li>\n<li data-start=\"939\" data-end=\"1131\">\n<p data-start=\"941\" data-end=\"1131\">\u041f\u043e\u0441\u043b\u0435 \u043c\u044b\u0442\u044c\u044f \u0438 \u0441\u0443\u0448\u043a\u0438 \u043d\u0430\u043d\u0435\u0441\u0442\u0438 \u0440\u0430\u0441\u0442\u0432\u043e\u0440 \u0414\u0435\u043a\u0441\u0438\u0434\u0430-200 \u0432 \u0441\u043e\u043e\u0442\u043d\u043e\u0448\u0435\u043d\u0438\u0438 0,51\u0422\u04203\u0422 (\u0431\u0435\u0437 \u0437\u0430\u0431\u043e\u043b\u0435\u0432\u0430\u043d\u0438\u044f: 1:200) \u0438\u043b\u0438 11\u0422\u04203\u0422 (\u0441 \u0440\u0430\u0441\u043f\u0440\u043e\u0441\u0442\u0440\u0430\u043d\u0435\u043d\u0438\u0435\u043c \u0437\u0430\u0431\u043e\u043b\u0435\u0432\u0430\u043d\u0438\u044f: 1:100) \u043f\u0443\u0442\u0435\u043c \u0440\u0430\u0441\u043f\u044b\u043b\u0435\u043d\u0438\u044f \u043d\u0430 \u043f\u043e\u0432\u0435\u0440\u0445\u043d\u043e\u0441\u0442\u0438 (\u043f\u0440\u0438\u043c\u0435\u0440\u043d\u043e 1 \u043b \u0440\u0430\u0441\u0442\u0432\u043e\u0440\u0430 \u043d\u0430 4 \u043c\u00b2).<\/p>\n<\/li>\n<li data-start=\"1132\" data-end=\"1200\">\n<p data-start=\"1134\" data-end=\"1200\">\u0414\u043b\u044f \u0442\u0443\u043c\u0430\u043d\u043e\u043e\u0431\u0440\u0430\u0437\u043e\u0432\u0430\u043d\u0438\u044f: 2 \u043b Dexid-200 + 3 \u043b \u0432\u043e\u0434\u044b \u043d\u0430 1000 \u043c\u00b3.<\/p>\n<\/li>\n<li data-start=\"1201\" data-end=\"1324\">\n<p data-start=\"1203\" data-end=\"1324\">\u041f\u043e\u0441\u043b\u0435 \u043a\u0430\u043a \u043c\u0438\u043d\u0438\u043c\u0443\u043c 20 \u043c\u0438\u043d\u0443\u0442 \u043a\u043e\u043d\u0442\u0430\u043a\u0442\u0430 \u0442\u0449\u0430\u0442\u0435\u043b\u044c\u043d\u043e \u043f\u0440\u043e\u043c\u043e\u0439\u0442\u0435 \u043f\u043e\u0440\u0430\u0436\u0435\u043d\u043d\u044b\u0439 \u0443\u0447\u0430\u0441\u0442\u043e\u043a \u0438 \u0434\u0430\u0439\u0442\u0435 \u0435\u043c\u0443 \u043f\u043e\u043b\u043d\u043e\u0441\u0442\u044c\u044e \u0432\u044b\u0441\u043e\u0445\u043d\u0443\u0442\u044c, \u043f\u0440\u0435\u0436\u0434\u0435 \u0447\u0435\u043c \u0432\u043e\u0437\u0432\u0440\u0430\u0449\u0430\u0442\u044c \u0436\u0438\u0432\u043e\u0442\u043d\u044b\u0445.<\/p>\n<\/li>\n<\/ul>\n<p data-start=\"1326\" data-end=\"1358\"><strong data-start=\"1326\" data-end=\"1357\">\u0413\u0440\u0443\u0437\u043e\u0432\u0438\u043a\u0438 \u0438 \u043f\u0440\u0438\u0446\u0435\u043f\u044b<\/strong>:<\/p>\n<ul data-start=\"1359\" data-end=\"1553\">\n<li data-start=\"1359\" data-end=\"1389\">\n<p data-start=\"1361\" data-end=\"1389\">\u041e\u0447\u0438\u0449\u0430\u0439\u0442\u0435 \u043f\u043e\u0434\u0445\u043e\u0434\u044f\u0449\u0438\u043c \u043c\u043e\u044e\u0449\u0438\u043c \u0441\u0440\u0435\u0434\u0441\u0442\u0432\u043e\u043c.<\/p>\n<\/li>\n<li data-start=\"1390\" data-end=\"1469\">\n<p data-start=\"1392\" data-end=\"1469\">\u041f\u043e\u0441\u043b\u0435 \u043c\u044b\u0442\u044c\u044f \u0438 \u043e\u043f\u043e\u043b\u0430\u0441\u043a\u0438\u0432\u0430\u043d\u0438\u044f \u0440\u0430\u0441\u043f\u044b\u043b\u0438\u0442\u0435 \u0440\u0430\u0441\u0442\u0432\u043e\u0440 \u0414\u0435\u043a\u0441\u0438\u0434\u0430-200 \u0432 \u0441\u043e\u043e\u0442\u043d\u043e\u0448\u0435\u043d\u0438\u0438 11\u0422\u04203\u0422 (1:100).<\/p>\n<\/li>\n<li data-start=\"1470\" data-end=\"1494\">\n<p data-start=\"1472\" data-end=\"1494\">\u0421\u043c\u044b\u0442\u044c \u0447\u0435\u0440\u0435\u0437 20 \u043c\u0438\u043d\u0443\u0442.<\/p>\n<\/li>\n<li data-start=\"1495\" data-end=\"1553\">\n<p data-start=\"1497\" data-end=\"1553\">\u0422\u0430\u043a\u0436\u0435 \u0438\u0441\u043f\u043e\u043b\u044c\u0437\u0443\u0439\u0442\u0435 \u0440\u0430\u0441\u0442\u0432\u043e\u0440 1% (1:100) \u0434\u043b\u044f \u0432\u0430\u043d\u043d \u0434\u043b\u044f \u043a\u043e\u043b\u0435\u0441.<\/p>\n<\/li>\n<\/ul>\n<p data-start=\"1555\" data-end=\"1621\"><strong data-start=\"1555\" data-end=\"1620\">\u0417\u043e\u043d\u044b \u0445\u0440\u0430\u043d\u0435\u043d\u0438\u044f \u0438 \u043f\u0435\u0440\u0435\u0440\u0430\u0431\u043e\u0442\u043a\u0438 \u043a\u043e\u0440\u043c\u043e\u0432 \u0438 \u043f\u0438\u0449\u0435\u0432\u044b\u0445 \u043f\u0440\u043e\u0434\u0443\u043a\u0442\u043e\u0432<\/strong>:<\/p>\n<ul data-start=\"1622\" data-end=\"1785\">\n<li data-start=\"1622\" data-end=\"1668\">\n<p data-start=\"1624\" data-end=\"1668\">\u041e\u0447\u0438\u0441\u0442\u0438\u0442\u0435 \u043f\u043e\u0432\u0435\u0440\u0445\u043d\u043e\u0441\u0442\u0438 \u043f\u043e\u0434\u0445\u043e\u0434\u044f\u0449\u0438\u043c \u043c\u043e\u044e\u0449\u0438\u043c \u0441\u0440\u0435\u0434\u0441\u0442\u0432\u043e\u043c.<\/p>\n<\/li>\n<li data-start=\"1669\" data-end=\"1743\">\n<p data-start=\"1671\" data-end=\"1743\">\u041f\u043e\u0441\u043b\u0435 \u0441\u0442\u0438\u0440\u043a\u0438 \u0438 \u043e\u043f\u043e\u043b\u0430\u0441\u043a\u0438\u0432\u0430\u043d\u0438\u044f \u043d\u0430\u043d\u0435\u0441\u0442\u0438 0,5 \u2013 1% (1:200 \u2013 1:100) \u0414\u0435\u043a\u0441\u0438\u0434-200.<\/p>\n<\/li>\n<li data-start=\"1744\" data-end=\"1785\">\n<p data-start=\"1746\" data-end=\"1785\">\u041f\u043e\u0441\u043b\u0435 \u043a\u043e\u043d\u0442\u0430\u043a\u0442\u0430 \u043c\u043e\u0439\u0442\u0435 \u0440\u0443\u043a\u0438 \u043d\u0435 \u043c\u0435\u043d\u0435\u0435 20 \u043c\u0438\u043d\u0443\u0442.<\/p>\n<\/li>\n<\/ul>\n<p data-start=\"1787\" data-end=\"1833\"><strong data-start=\"1787\" data-end=\"1832\">\u0422\u0440\u0430\u043d\u0441\u043f\u043e\u0440\u0442\u043d\u044b\u0435 \u0441\u0440\u0435\u0434\u0441\u0442\u0432\u0430 \u0434\u043b\u044f \u043f\u0435\u0440\u0435\u0432\u043e\u0437\u043a\u0438 \u043f\u0440\u043e\u0434\u0443\u043a\u0442\u043e\u0432 \u043f\u0438\u0442\u0430\u043d\u0438\u044f<\/strong>:<\/p>\n<ul data-start=\"1834\" data-end=\"1984\">\n<li data-start=\"1834\" data-end=\"1878\">\n<p data-start=\"1836\" data-end=\"1878\">\u041c\u043e\u0439\u0442\u0435 \u0430\u0432\u0442\u043e\u043c\u043e\u0431\u0438\u043b\u0438 \u043f\u043e\u0434\u0445\u043e\u0434\u044f\u0449\u0438\u043c \u043c\u043e\u044e\u0449\u0438\u043c \u0441\u0440\u0435\u0434\u0441\u0442\u0432\u043e\u043c.<\/p>\n<\/li>\n<li data-start=\"1879\" data-end=\"1953\">\n<p data-start=\"1881\" data-end=\"1953\">\u041f\u043e\u0441\u043b\u0435 \u0441\u0442\u0438\u0440\u043a\u0438 \u0438 \u043e\u043f\u043e\u043b\u0430\u0441\u043a\u0438\u0432\u0430\u043d\u0438\u044f \u043d\u0430\u043d\u0435\u0441\u0442\u0438 0,5 \u2013 1% (1:200 \u2013 1:100) \u0414\u0435\u043a\u0441\u0438\u0434-200.<\/p>\n<\/li>\n<li data-start=\"1954\" data-end=\"1984\">\n<p data-start=\"1956\" data-end=\"1984\">\u0421\u043c\u044b\u0442\u044c \u043d\u0435 \u043c\u0435\u043d\u0435\u0435 \u0447\u0435\u043c \u0447\u0435\u0440\u0435\u0437 20 \u043c\u0438\u043d\u0443\u0442.<\/p>\n<\/li>\n<\/ul>\n<p data-start=\"1986\" data-end=\"2022\"><strong data-start=\"1986\" data-end=\"2021\">\u0412\u0430\u043d\u043d\u044b \u0434\u043b\u044f \u0434\u0435\u0437\u0438\u043d\u0444\u0435\u043a\u0446\u0438\u0438 \u043e\u0431\u0443\u0432\u0438<\/strong>:<\/p>\n<ul data-start=\"2023\" data-end=\"2168\">\n<li data-start=\"2023\" data-end=\"2168\">\n<p data-start=\"2025\" data-end=\"2168\">\u0420\u0430\u0437\u0431\u0430\u0432\u044c\u0442\u0435 Dexid-200 \u0432 \u0441\u043e\u043e\u0442\u043d\u043e\u0448\u0435\u043d\u0438\u0438 1% (1:100) \u0438 \u0440\u0435\u0433\u0443\u043b\u044f\u0440\u043d\u043e \u043e\u0441\u0432\u0435\u0436\u0430\u0439\u0442\u0435 \u0432\u0430\u043d\u043d\u0443 (\u043a\u0430\u0436\u0434\u044b\u0435 2\u20133 \u0434\u043d\u044f \u0438\u043b\u0438 \u0435\u0436\u0435\u0434\u043d\u0435\u0432\u043d\u043e \u0434\u043b\u044f \u043b\u0443\u0447\u0448\u0435\u0433\u043e \u0440\u0435\u0437\u0443\u043b\u044c\u0442\u0430\u0442\u0430).<\/p>\n<\/li>\n<\/ul>\n<p data-start=\"2170\" data-end=\"2338\"><strong data-start=\"2170\" data-end=\"2178\">\u041f\u0440\u0438\u043c\u0435\u0447\u0430\u043d\u0438\u0435<\/strong>: Dexid-200 \u0431\u0438\u043e\u0440\u0430\u0437\u043b\u0430\u0433\u0430\u0435\u043c \u0438 \u044d\u0444\u0444\u0435\u043a\u0442\u0438\u0432\u0435\u043d \u043a\u0430\u043a \u0432 \u043c\u044f\u0433\u043a\u043e\u0439, \u0442\u0430\u043a \u0438 \u0432 \u0436\u0435\u0441\u0442\u043a\u043e\u0439 \u0432\u043e\u0434\u0435. \u0420\u0430\u0441\u0442\u0432\u043e\u0440 \u043c\u043e\u0436\u043d\u043e \u0438\u0441\u043f\u043e\u043b\u044c\u0437\u043e\u0432\u0430\u0442\u044c \u043c\u0435\u0442\u043e\u0434\u0430\u043c\u0438 \u0437\u0430\u043c\u0430\u0447\u0438\u0432\u0430\u043d\u0438\u044f, \u0440\u0430\u0441\u043f\u044b\u043b\u0435\u043d\u0438\u044f \u0438 \u0442\u0443\u043c\u0430\u043d\u043e\u043e\u0431\u0440\u0430\u0437\u043e\u0432\u0430\u043d\u0438\u044f.<\/p>\n<\/div>\n<\/div>\n<p><!-- .vgblk-rw-wrapper --><\/p>","protected":false},"excerpt":{"rendered":"<p>Dexid-200 T\u0259rkibi Kvaterner ammonium birl\u0259\u015fm\u0259l\u0259ri \u2013 12.5% Qlutaraldegid \u2013 5% \u0130zopropanol \u2013 13% \u015eam ya\u011f\u0131 \u2013 0.3% T\u0259sviriDexid-200, sulu m\u0259hlulda qlutaraldegid v\u0259 kvaterner ammonium birl\u0259\u015fm\u0259l\u0259rinin (QAB) optimalla\u015fd\u0131r\u0131lm\u0131\u015f qar\u0131\u015f\u0131\u011f\u0131na \u0259saslanan bir dezinfeksiyaedici vasit\u0259dir. Bu m\u0259hsul qlutaraldegidin g\u00fccl\u00fc, geni\u015f spektrli t\u0259sirini QAB-lar\u0131n torpa\u011fa n\u00fcfuzetm\u0259, t\u0259mizl\u0259m\u0259 v\u0259 s\u00fcr\u0259tli mikrob\u00f6ld\u00fcr\u00fcc\u00fc x\u00fcsusiyy\u0259tl\u0259ri il\u0259 birl\u0259\u015fdirir. Dexid-200 bakteriya, virus v\u0259 g\u00f6b\u0259l\u0259k kimi&#8230;<\/p>","protected":false},"featured_media":989111,"comment_status":"closed","ping_status":"closed","template":"","meta":{"nf_dc_page":"","_monsterinsights_skip_tracking":false,"_monsterinsights_sitenote_active":false,"_monsterinsights_sitenote_note":"","_monsterinsights_sitenote_category":0},"product_brand":[],"product_cat":[147,16],"product_tag":[],"class_list":{"0":"post-989110","1":"product","2":"type-product","3":"status-publish","4":"has-post-thumbnail","6":"product_cat-disinfectants","7":"product_cat-uncategorized","9":"first","10":"instock","11":"shipping-taxable","12":"product-type-simple"},"jetpack_sharing_enabled":true,"_links":{"self":[{"href":"https:\/\/agrovetazerbaijan.az\/ru\/wp-json\/wp\/v2\/product\/989110","targetHints":{"allow":["GET"]}}],"collection":[{"href":"https:\/\/agrovetazerbaijan.az\/ru\/wp-json\/wp\/v2\/product"}],"about":[{"href":"https:\/\/agrovetazerbaijan.az\/ru\/wp-json\/wp\/v2\/types\/product"}],"replies":[{"embeddable":true,"href":"https:\/\/agrovetazerbaijan.az\/ru\/wp-json\/wp\/v2\/comments?post=989110"}],"version-history":[{"count":3,"href":"https:\/\/agrovetazerbaijan.az\/ru\/wp-json\/wp\/v2\/product\/989110\/revisions"}],"predecessor-version":[{"id":989611,"href":"https:\/\/agrovetazerbaijan.az\/ru\/wp-json\/wp\/v2\/product\/989110\/revisions\/989611"}],"wp:featuredmedia":[{"embeddable":true,"href":"https:\/\/agrovetazerbaijan.az\/ru\/wp-json\/wp\/v2\/media\/989111"}],"wp:attachment":[{"href":"https:\/\/agrovetazerbaijan.az\/ru\/wp-json\/wp\/v2\/media?parent=989110"}],"wp:term":[{"taxonomy":"product_brand","embeddable":true,"href":"https:\/\/agrovetazerbaijan.az\/ru\/wp-json\/wp\/v2\/product_brand?post=989110"},{"taxonomy":"product_cat","embeddable":true,"href":"https:\/\/agrovetazerbaijan.az\/ru\/wp-json\/wp\/v2\/product_cat?post=989110"},{"taxonomy":"product_tag","embeddable":true,"href":"https:\/\/agrovetazerbaijan.az\/ru\/wp-json\/wp\/v2\/product_tag?post=989110"}],"curies":[{"name":"WP","href":"https:\/\/api.w.org\/{rel}","templated":true}]}}