{"id":989106,"date":"2025-03-22T23:12:08","date_gmt":"2025-03-22T23:12:08","guid":{"rendered":"https:\/\/agrovetazerbaijan.az\/?post_type=product&#038;p=989106"},"modified":"2025-06-16T20:55:00","modified_gmt":"2025-06-16T20:55:00","slug":"aquapure-1000","status":"publish","type":"product","link":"https:\/\/agrovetazerbaijan.az\/ru\/product\/aquapure-1000\/","title":{"rendered":"\u0410\u043a\u0432\u0430\u043f\u044e\u0440-1000"},"content":{"rendered":"<div class=\"vgblk-rw-wrapper limit-wrapper\">\n<p data-start=\"93\" data-end=\"120\"><strong data-start=\"93\" data-end=\"120\">\u0410\u043a\u0432\u0430\u043f\u044e\u0440-1000 \u2013 60 \u0448\u0442.<\/strong><\/p>\n<p data-start=\"122\" data-end=\"172\"><strong data-start=\"122\" data-end=\"133\">\u0418\u043d\u0433\u0440\u0435\u0434\u0438\u0435\u043d\u0442\u044b<\/strong><br data-start=\"133\" data-end=\"136\" \/>\u0414\u0438\u0445\u043b\u043e\u0440\u0438\u0437\u043e\u0446\u0438\u0430\u043d\u0443\u0440\u0430\u0442 \u043d\u0430\u0442\u0440\u0438\u044f \u2013 8680 \u043c\u0433<\/p>\n<p data-start=\"174\" data-end=\"631\"><strong data-start=\"174\" data-end=\"185\">\u041e\u043f\u0438\u0441\u0430\u043d\u0438\u0435<\/strong><br data-start=\"185\" data-end=\"188\" \/>Aquapure-1000 \u2014 \u044d\u0442\u043e \u0448\u0438\u043f\u0443\u0447\u0438\u0435 \u0442\u0430\u0431\u043b\u0435\u0442\u043a\u0438, \u043a\u043e\u0442\u043e\u0440\u044b\u0435 \u0432 \u043e\u0441\u043d\u043e\u0432\u043d\u043e\u043c \u0438\u0441\u043f\u043e\u043b\u044c\u0437\u0443\u044e\u0442\u0441\u044f \u0434\u043b\u044f \u0434\u0435\u0437\u0438\u043d\u0444\u0435\u043a\u0446\u0438\u0438 \u0432\u043e\u0434\u044b \u043d\u0430 \u0444\u0435\u0440\u043c\u0430\u0445. \u0412\u043e\u0434\u0430, \u043e\u0431\u0440\u0430\u0431\u043e\u0442\u0430\u043d\u043d\u0430\u044f Aquapure-1000, \u043c\u0438\u043a\u0440\u043e\u0431\u0438\u043e\u043b\u043e\u0433\u0438\u0447\u0435\u0441\u043a\u0438 \u0431\u0435\u0437\u043e\u043f\u0430\u0441\u043d\u0430 \u0434\u043b\u044f \u0438\u0441\u043f\u043e\u043b\u044c\u0437\u043e\u0432\u0430\u043d\u0438\u044f \u0432\u0441\u0435\u043c\u0438 \u0441\u0435\u043b\u044c\u0441\u043a\u043e\u0445\u043e\u0437\u044f\u0439\u0441\u0442\u0432\u0435\u043d\u043d\u044b\u043c\u0438 \u0436\u0438\u0432\u043e\u0442\u043d\u044b\u043c\u0438. \u0422\u0430\u0431\u043b\u0435\u0442\u043a\u0438 Aquapure-1000 \u0442\u0430\u043a\u0436\u0435 \u0438\u0441\u043f\u043e\u043b\u044c\u0437\u0443\u044e\u0442\u0441\u044f \u0434\u043b\u044f \u0434\u0435\u0437\u0438\u043d\u0444\u0435\u043a\u0446\u0438\u0438 \u043f\u043e\u0432\u0435\u0440\u0445\u043d\u043e\u0441\u0442\u0435\u0439 \u0438 \u043e\u0431\u043e\u0440\u0443\u0434\u043e\u0432\u0430\u043d\u0438\u044f \u043d\u0430 \u0444\u0435\u0440\u043c\u0430\u0445. \u0422\u0430\u0431\u043b\u0435\u0442\u043a\u0438 Aquapure-1000 \u044d\u0444\u0444\u0435\u043a\u0442\u0438\u0432\u043d\u044b \u043f\u0440\u043e\u0442\u0438\u0432 \u0448\u0438\u0440\u043e\u043a\u043e\u0433\u043e \u0441\u043f\u0435\u043a\u0442\u0440\u0430 \u0431\u0430\u043a\u0442\u0435\u0440\u0438\u0439, \u0433\u0440\u0438\u0431\u043a\u043e\u0432, \u0441\u043f\u043e\u0440, \u0432\u0438\u0440\u0443\u0441\u043e\u0432 \u0438 \u043f\u0440\u043e\u0441\u0442\u0435\u0439\u0448\u0438\u0445.<\/p>\n<p data-start=\"633\" data-end=\"758\"><strong data-start=\"633\" data-end=\"658\">\u0418\u043d\u0441\u0442\u0440\u0443\u043a\u0446\u0438\u044f \u043f\u043e \u043f\u0440\u0438\u043c\u0435\u043d\u0435\u043d\u0438\u044e<\/strong><br data-start=\"658\" data-end=\"661\" \/>\u041f\u0435\u0440\u0435\u0434 \u0438\u0441\u043f\u043e\u043b\u044c\u0437\u043e\u0432\u0430\u043d\u0438\u0435\u043c \u0440\u0435\u043a\u043e\u043c\u0435\u043d\u0434\u0443\u0435\u0442\u0441\u044f \u043e\u0431\u0440\u0430\u0431\u0430\u0442\u044b\u0432\u0430\u0442\u044c \u0432\u043e\u0434\u0443 \u0441\u0440\u0435\u0434\u0441\u0442\u0432\u043e\u043c Aquapure-1000 \u043d\u0435 \u043c\u0435\u043d\u0435\u0435 30 \u043c\u0438\u043d\u0443\u0442.<\/p>\n<ul data-start=\"760\" data-end=\"1224\">\n<li data-start=\"760\" data-end=\"935\">\n<p data-start=\"762\" data-end=\"935\"><strong data-start=\"762\" data-end=\"775\">\u041f\u0438\u0442\u044c\u0435\u0432\u0430\u044f \u0432\u043e\u0434\u0430<\/strong>: \u0418\u0441\u043f\u043e\u043b\u044c\u0437\u0443\u0435\u0442\u0441\u044f \u0434\u043b\u044f \u043e\u0431\u0435\u0441\u043f\u0435\u0447\u0435\u043d\u0438\u044f \u0447\u0438\u0441\u0442\u043e\u0439 \u0438 \u0431\u0435\u0437\u043e\u043f\u0430\u0441\u043d\u043e\u0439 \u043f\u0438\u0442\u044c\u0435\u0432\u043e\u0439 \u0432\u043e\u0434\u043e\u0439 \u0441\u0435\u043b\u044c\u0441\u043a\u043e\u0445\u043e\u0437\u044f\u0439\u0441\u0442\u0432\u0435\u043d\u043d\u044b\u0445 \u0436\u0438\u0432\u043e\u0442\u043d\u044b\u0445. 1 \u0442\u0430\u0431\u043b\u0435\u0442\u043a\u0430 \u043d\u0430 1000 \u043b\u0438\u0442\u0440\u043e\u0432 \u043f\u0438\u0442\u044c\u0435\u0432\u043e\u0439 \u0432\u043e\u0434\u044b (5 \u043c\u0433 \u0430\u043a\u0442\u0438\u0432\u043d\u043e\u0433\u043e \u0445\u043b\u043e\u0440\u0430 \u043d\u0430 1 \u043b\u0438\u0442\u0440 \u0432\u043e\u0434\u044b).<\/p>\n<\/li>\n<li data-start=\"936\" data-end=\"1224\">\n<p data-start=\"938\" data-end=\"982\"><strong data-start=\"938\" data-end=\"979\">\u0414\u0435\u0437\u0438\u043d\u0444\u0435\u043a\u0446\u0438\u044f \u043f\u043e\u0432\u0435\u0440\u0445\u043d\u043e\u0441\u0442\u0435\u0439 \u0438 \u043e\u0431\u043e\u0440\u0443\u0434\u043e\u0432\u0430\u043d\u0438\u044f<\/strong>:<\/p>\n<ul data-start=\"985\" data-end=\"1224\">\n<li data-start=\"985\" data-end=\"1063\">\n<p data-start=\"987\" data-end=\"1063\"><em data-start=\"987\" data-end=\"1006\">\u041f\u043e\u0440\u0438\u0441\u0442\u044b\u0435 \u043f\u043e\u0432\u0435\u0440\u0445\u043d\u043e\u0441\u0442\u0438<\/em>: 1 \u0442\u0430\u0431\u043b\u0435\u0442\u043a\u0430 \u043d\u0430 10 \u043b\u0438\u0442\u0440\u043e\u0432 \u0432\u043e\u0434\u044b (500 \u043c\u0433 \u0430\u043a\u0442\u0438\u0432\u043d\u043e\u0433\u043e \u0445\u043b\u043e\u0440\u0430 \u0432 1 \u043b\u0438\u0442\u0440\u0435 \u0432\u043e\u0434\u044b)<\/p>\n<\/li>\n<li data-start=\"1066\" data-end=\"1150\">\n<p data-start=\"1068\" data-end=\"1150\"><em data-start=\"1068\" data-end=\"1093\">\u041d\u0435\u043f\u043e\u0440\u0438\u0441\u0442\u044b\u0435 \u043f\u043e\u0432\u0435\u0440\u0445\u043d\u043e\u0441\u0442\u0438<\/em>: 1 \u0442\u0430\u0431\u043b\u0435\u0442\u043a\u0430 \u043d\u0430 15 \u043b\u0438\u0442\u0440\u043e\u0432 \u0432\u043e\u0434\u044b (350 \u043c\u0433 \u0430\u043a\u0442\u0438\u0432\u043d\u043e\u0433\u043e \u0445\u043b\u043e\u0440\u0430 \u0432 1 \u043b\u0438\u0442\u0440\u0435 \u0432\u043e\u0434\u044b)<\/p>\n<\/li>\n<li data-start=\"1153\" data-end=\"1224\">\n<p data-start=\"1155\" data-end=\"1224\"><em data-start=\"1155\" data-end=\"1169\">\u041e\u0431\u043e\u0440\u0443\u0434\u043e\u0432\u0430\u043d\u0438\u0435<\/em>: 1 \u0442\u0430\u0431\u043b\u0435\u0442\u043a\u0430 \u043d\u0430 10 \u043b\u0438\u0442\u0440\u043e\u0432 \u0432\u043e\u0434\u044b (500 \u043c\u0433 \u0430\u043a\u0442\u0438\u0432\u043d\u043e\u0433\u043e \u0445\u043b\u043e\u0440\u0430 \u0432 1 \u043b\u0438\u0442\u0440\u0435 \u0432\u043e\u0434\u044b)<\/p>\n<\/li>\n<\/ul>\n<\/li>\n<\/ul>\n<p data-start=\"1226\" data-end=\"1598\"><strong data-start=\"1226\" data-end=\"1245\">\u041f\u0440\u043e\u0442\u0438\u0432\u043e\u043f\u043e\u043a\u0430\u0437\u0430\u043d\u0438\u044f<\/strong><br data-start=\"1245\" data-end=\"1248\" \/>\u041c\u043e\u0436\u0435\u0442 \u0432\u044b\u0437\u0432\u0430\u0442\u044c \u0441\u0435\u0440\u044c\u0435\u0437\u043d\u043e\u0435 \u0440\u0430\u0437\u0434\u0440\u0430\u0436\u0435\u043d\u0438\u0435 \u0433\u043b\u0430\u0437. \u041c\u043e\u0436\u0435\u0442 \u0432\u044b\u0437\u0432\u0430\u0442\u044c \u0440\u0430\u0437\u0434\u0440\u0430\u0436\u0435\u043d\u0438\u0435 \u0434\u044b\u0445\u0430\u0442\u0435\u043b\u044c\u043d\u044b\u0445 \u043f\u0443\u0442\u0435\u0439. \u041c\u043e\u0436\u0435\u0442 \u043e\u043a\u0430\u0437\u044b\u0432\u0430\u0442\u044c \u0434\u043e\u043b\u0433\u043e\u0441\u0440\u043e\u0447\u043d\u043e\u0435 \u0438 \u043e\u0447\u0435\u043d\u044c \u0442\u043e\u043a\u0441\u0438\u0447\u043d\u043e\u0435 \u0432\u043e\u0437\u0434\u0435\u0439\u0441\u0442\u0432\u0438\u0435 \u043d\u0430 \u0432\u043e\u0434\u043d\u0443\u044e \u0441\u0440\u0435\u0434\u0443. \u041c\u043e\u0436\u0435\u0442 \u0432\u044b\u0434\u0435\u043b\u044f\u0442\u044c \u0442\u043e\u043a\u0441\u0438\u0447\u043d\u044b\u0435 \u0433\u0430\u0437\u044b \u043f\u0440\u0438 \u043a\u043e\u043d\u0442\u0430\u043a\u0442\u0435 \u0441 \u043a\u0438\u0441\u043b\u043e\u0442\u0430\u043c\u0438. \u0425\u0440\u0430\u043d\u0438\u0442\u044c \u0432 \u043d\u0435\u0434\u043e\u0441\u0442\u0443\u043f\u043d\u043e\u043c \u0434\u043b\u044f \u0434\u0435\u0442\u0435\u0439 \u043c\u0435\u0441\u0442\u0435. \u0418\u0437\u0431\u0435\u0433\u0430\u0442\u044c \u0432\u0434\u044b\u0445\u0430\u043d\u0438\u044f \u043f\u044b\u043b\u0438, \u043f\u0430\u0440\u043e\u0432, \u0433\u0430\u0437\u0430, \u0442\u0443\u043c\u0430\u043d\u0430, \u0431\u0440\u044b\u0437\u0433. \u0422\u0449\u0430\u0442\u0435\u043b\u044c\u043d\u043e \u043c\u044b\u0442\u044c \u0440\u0443\u043a\u0438 \u043f\u043e\u0441\u043b\u0435 \u0438\u0441\u043f\u043e\u043b\u044c\u0437\u043e\u0432\u0430\u043d\u0438\u044f.<\/p>\n<ul data-start=\"1600\" data-end=\"2235\">\n<li data-start=\"1600\" data-end=\"1803\">\n<p data-start=\"1602\" data-end=\"1803\"><strong data-start=\"1602\" data-end=\"1624\">\u041f\u0420\u0418 \u041f\u041e\u041f\u0410\u0414\u0410\u041d\u0418\u0418 \u0412 \u0413\u041b\u0410\u0417\u0410<\/strong>: \u041e\u0441\u0442\u043e\u0440\u043e\u0436\u043d\u043e \u043f\u0440\u043e\u043c\u044b\u0442\u044c \u0432\u043e\u0434\u043e\u0439 \u0432 \u0442\u0435\u0447\u0435\u043d\u0438\u0435 \u043d\u0435\u0441\u043a\u043e\u043b\u044c\u043a\u0438\u0445 \u043c\u0438\u043d\u0443\u0442. \u0421\u043d\u0438\u043c\u0438\u0442\u0435 \u043a\u043e\u043d\u0442\u0430\u043a\u0442\u043d\u044b\u0435 \u043b\u0438\u043d\u0437\u044b, \u0435\u0441\u043b\u0438 \u043e\u043d\u0438 \u0435\u0441\u0442\u044c \u0438 \u0438\u0445 \u043b\u0435\u0433\u043a\u043e \u0441\u043d\u044f\u0442\u044c, \u0438 \u043f\u0440\u043e\u0434\u043e\u043b\u0436\u0430\u0439\u0442\u0435 \u043f\u0440\u043e\u043c\u044b\u0432\u0430\u0442\u044c. \u0415\u0441\u043b\u0438 \u0440\u0430\u0437\u0434\u0440\u0430\u0436\u0435\u043d\u0438\u0435 \u0433\u043b\u0430\u0437 \u043d\u0435 \u043f\u0440\u043e\u0445\u043e\u0434\u0438\u0442, \u043e\u0431\u0440\u0430\u0442\u0438\u0442\u0435\u0441\u044c \u0437\u0430 \u043c\u0435\u0434\u0438\u0446\u0438\u043d\u0441\u043a\u043e\u0439 \u043f\u043e\u043c\u043e\u0449\u044c\u044e.<\/p>\n<\/li>\n<li data-start=\"1804\" data-end=\"1881\">\n<p data-start=\"1806\" data-end=\"1881\">\u0418\u0441\u043f\u043e\u043b\u044c\u0437\u0443\u0439\u0442\u0435 \u0437\u0430\u0449\u0438\u0442\u043d\u044b\u0435 \u043f\u0435\u0440\u0447\u0430\u0442\u043a\u0438, \u043e\u0434\u0435\u0436\u0434\u0443, \u0441\u0440\u0435\u0434\u0441\u0442\u0432\u0430 \u0437\u0430\u0449\u0438\u0442\u044b \u0433\u043b\u0430\u0437 \u0438 \u043b\u0438\u0446\u0430.<\/p>\n<\/li>\n<li data-start=\"1882\" data-end=\"1923\">\n<p data-start=\"1884\" data-end=\"1923\">\u041d\u0435 \u0434\u043e\u043f\u0443\u0441\u043a\u0430\u0442\u044c \u043f\u043e\u043f\u0430\u0434\u0430\u043d\u0438\u044f \u0432 \u043e\u043a\u0440\u0443\u0436\u0430\u044e\u0449\u0443\u044e \u0441\u0440\u0435\u0434\u0443.<\/p>\n<\/li>\n<li data-start=\"1924\" data-end=\"2034\">\n<p data-start=\"1926\" data-end=\"2034\">\u0423\u0442\u0438\u043b\u0438\u0437\u0438\u0440\u0443\u0439\u0442\u0435 \u043f\u0440\u043e\u0434\u0443\u043a\u0442 \u0438 \u0443\u043f\u0430\u043a\u043e\u0432\u043a\u0443 \u043d\u0430 \u0441\u043f\u0435\u0446\u0438\u0430\u043b\u044c\u043d\u043e\u043c \u043f\u0440\u0435\u0434\u043f\u0440\u0438\u044f\u0442\u0438\u0438 \u043f\u043e \u0443\u0442\u0438\u043b\u0438\u0437\u0430\u0446\u0438\u0438 \u043e\u043f\u0430\u0441\u043d\u044b\u0445 \u043e\u0442\u0445\u043e\u0434\u043e\u0432 \u0432 \u0441\u043e\u043e\u0442\u0432\u0435\u0442\u0441\u0442\u0432\u0438\u0438 \u0441 \u043c\u0435\u0441\u0442\u043d\u044b\u043c\u0438\/\u0437\u0430\u043a\u043e\u043d\u043e\u0434\u0430\u0442\u0435\u043b\u044c\u043d\u044b\u043c\u0438 \u0442\u0440\u0435\u0431\u043e\u0432\u0430\u043d\u0438\u044f\u043c\u0438.<\/p>\n<\/li>\n<li data-start=\"2035\" data-end=\"2135\">\n<p data-start=\"2037\" data-end=\"2135\">\u0418\u0437\u0431\u0435\u0433\u0430\u0439\u0442\u0435 \u0441\u043c\u0435\u0448\u0438\u0432\u0430\u043d\u0438\u044f \u0441 \u0432\u0430\u043a\u0446\u0438\u043d\u0430\u043c\u0438, \u0430\u043d\u0442\u0438\u0431\u0438\u043e\u0442\u0438\u043a\u0430\u043c\u0438, \u0432\u0438\u0442\u0430\u043c\u0438\u043d\u0430\u043c\u0438 \u0438 \u0434\u0440\u0443\u0433\u0438\u043c\u0438 \u043b\u0435\u0433\u043a\u043e \u043e\u043a\u0438\u0441\u043b\u044f\u044e\u0449\u0438\u043c\u0438\u0441\u044f \u0432\u0435\u0449\u0435\u0441\u0442\u0432\u0430\u043c\u0438.<\/p>\n<\/li>\n<li data-start=\"2136\" data-end=\"2235\">\n<p data-start=\"2138\" data-end=\"2235\">\u041d\u0435 \u0438\u0441\u043f\u043e\u043b\u044c\u0437\u0443\u0439\u0442\u0435 \u0441 \u0434\u0440\u0443\u0433\u0438\u043c\u0438 \u043f\u0440\u043e\u0434\u0443\u043a\u0442\u0430\u043c\u0438 \u2014 \u044d\u0442\u043e \u043c\u043e\u0436\u0435\u0442 \u043f\u0440\u0438\u0432\u0435\u0441\u0442\u0438 \u043a \u043e\u0431\u0440\u0430\u0437\u043e\u0432\u0430\u043d\u0438\u044e \u043e\u043f\u0430\u0441\u043d\u044b\u0445 \u0433\u0430\u0437\u043e\u0432.<\/p>\n<\/li>\n<\/ul>\n<p data-start=\"2237\" data-end=\"2272\"><strong data-start=\"2237\" data-end=\"2252\">\u0423\u043f\u0430\u043a\u043e\u0432\u043a\u0430<\/strong><br data-start=\"2252\" data-end=\"2255\" \/>\u0412 \u0443\u043f\u0430\u043a\u043e\u0432\u043a\u0435 60 \u0442\u0430\u0431\u043b\u0435\u0442\u043e\u043a.<\/p>\n<\/div>\n<p><!-- .vgblk-rw-wrapper --><\/p>","protected":false},"excerpt":{"rendered":"<p>Aquapure-1000 \u2013 60 \u0259d\u0259d T\u0259rkibiNatrium dixlorizosiyanurat \u2013 8680 mq T\u0259sviriAquapure-1000 \u0259sas\u0259n fermalarda suyun dezinfeksiyas\u0131 \u00fc\u00e7\u00fcn istifad\u0259 olunan efervesan tabletl\u0259rdir. Aquapure-1000 il\u0259 t\u0259mizl\u0259nmi\u015f su b\u00fct\u00fcn ferm\u0259 heyvanlar\u0131n\u0131n istifad\u0259si \u00fc\u00e7\u00fcn mikrobioloji c\u0259h\u0259td\u0259n t\u0259hl\u00fck\u0259siz olur. Aquapure-1000 tabletl\u0259ri h\u0259m\u00e7inin fermalarda s\u0259thl\u0259rin v\u0259 avadanl\u0131qlar\u0131n dezinfeksiyas\u0131 \u00fc\u00e7\u00fcn istifad\u0259 olunur. Aquapure-1000 tabletl\u0259ri geni\u015f spektrli bakteriyalara, g\u00f6b\u0259l\u0259kl\u0259r\u0259, sporlara, viruslara v\u0259 protozoalara qar\u015f\u0131 t\u0259sirlidir&#8230;.<\/p>","protected":false},"featured_media":989107,"comment_status":"closed","ping_status":"closed","template":"","meta":{"nf_dc_page":"","_monsterinsights_skip_tracking":false,"_monsterinsights_sitenote_active":false,"_monsterinsights_sitenote_note":"","_monsterinsights_sitenote_category":0},"product_brand":[],"product_cat":[16,147],"product_tag":[],"class_list":{"0":"post-989106","1":"product","2":"type-product","3":"status-publish","4":"has-post-thumbnail","6":"product_cat-uncategorized","7":"product_cat-disinfectants","9":"first","10":"instock","11":"shipping-taxable","12":"product-type-simple"},"jetpack_sharing_enabled":true,"_links":{"self":[{"href":"https:\/\/agrovetazerbaijan.az\/ru\/wp-json\/wp\/v2\/product\/989106","targetHints":{"allow":["GET"]}}],"collection":[{"href":"https:\/\/agrovetazerbaijan.az\/ru\/wp-json\/wp\/v2\/product"}],"about":[{"href":"https:\/\/agrovetazerbaijan.az\/ru\/wp-json\/wp\/v2\/types\/product"}],"replies":[{"embeddable":true,"href":"https:\/\/agrovetazerbaijan.az\/ru\/wp-json\/wp\/v2\/comments?post=989106"}],"version-history":[{"count":2,"href":"https:\/\/agrovetazerbaijan.az\/ru\/wp-json\/wp\/v2\/product\/989106\/revisions"}],"predecessor-version":[{"id":989608,"href":"https:\/\/agrovetazerbaijan.az\/ru\/wp-json\/wp\/v2\/product\/989106\/revisions\/989608"}],"wp:featuredmedia":[{"embeddable":true,"href":"https:\/\/agrovetazerbaijan.az\/ru\/wp-json\/wp\/v2\/media\/989107"}],"wp:attachment":[{"href":"https:\/\/agrovetazerbaijan.az\/ru\/wp-json\/wp\/v2\/media?parent=989106"}],"wp:term":[{"taxonomy":"product_brand","embeddable":true,"href":"https:\/\/agrovetazerbaijan.az\/ru\/wp-json\/wp\/v2\/product_brand?post=989106"},{"taxonomy":"product_cat","embeddable":true,"href":"https:\/\/agrovetazerbaijan.az\/ru\/wp-json\/wp\/v2\/product_cat?post=989106"},{"taxonomy":"product_tag","embeddable":true,"href":"https:\/\/agrovetazerbaijan.az\/ru\/wp-json\/wp\/v2\/product_tag?post=989106"}],"curies":[{"name":"WP","href":"https:\/\/api.w.org\/{rel}","templated":true}]}}