{"id":989099,"date":"2025-03-22T23:07:22","date_gmt":"2025-03-22T23:07:22","guid":{"rendered":"https:\/\/agrovetazerbaijan.az\/?post_type=product&#038;p=989099"},"modified":"2025-06-16T21:06:06","modified_gmt":"2025-06-16T21:06:06","slug":"dexon-super","status":"publish","type":"product","link":"https:\/\/agrovetazerbaijan.az\/ru\/product\/dexon-super\/","title":{"rendered":"\u0414\u0435\u043a\u0441\u043e\u043d \u0421\u0443\u043f\u0435\u0440"},"content":{"rendered":"<div class=\"vgblk-rw-wrapper limit-wrapper\">\n<div class=\"product-shop columns large-7 medium-7 small-12\">\n<h3 data-start=\"97\" data-end=\"116\"><strong data-start=\"101\" data-end=\"116\">\u0414\u0435\u043a\u0441\u043e\u043d \u0421\u0443\u043f\u0435\u0440<\/strong><\/h3>\n<p data-start=\"118\" data-end=\"130\"><strong data-start=\"118\" data-end=\"130\">\u0418\u043d\u0433\u0440\u0435\u0434\u0438\u0435\u043d\u0442\u044b:<\/strong><\/p>\n<ul data-start=\"131\" data-end=\"270\">\n<li data-start=\"131\" data-end=\"191\">\n<p data-start=\"133\" data-end=\"191\"><strong data-start=\"133\" data-end=\"183\">\u0411\u0438\u0441(\u043f\u0435\u0440\u043e\u043a\u0441\u0438\u043c\u043e\u043d\u043e\u0441\u0443\u043b\u044c\u0444\u0430\u0442) \u043f\u0435\u043d\u0442\u0430\u043a\u0430\u043b\u0438\u044f \u0431\u0438\u0441(\u0441\u0443\u043b\u044c\u0444\u0430\u0442)<\/strong> \u2013 501\u0422\u041f3\u0422<\/p>\n<\/li>\n<li data-start=\"192\" data-end=\"221\">\n<p data-start=\"194\" data-end=\"221\"><strong data-start=\"194\" data-end=\"214\">\u0441\u0443\u043b\u044c\u0444\u0430\u043c\u0438\u043d\u043e\u0432\u0430\u044f \u043a\u0438\u0441\u043b\u043e\u0442\u0430<\/strong> \u2013 61\u0422\u041f3\u0422<\/p>\n<\/li>\n<li data-start=\"222\" data-end=\"270\">\n<p data-start=\"224\" data-end=\"270\"><strong data-start=\"224\" data-end=\"263\">\u0414\u0438\u0433\u0438\u0434\u0440\u0430\u0442 \u0434\u0438\u0445\u043b\u043e\u0440\u0438\u0437\u043e\u0446\u0438\u0430\u043d\u0443\u0440\u0430\u0442\u0430 \u043d\u0430\u0442\u0440\u0438\u044f<\/strong> \u2013 11\u0422\u041f3\u0422<\/p>\n<\/li>\n<\/ul>\n<hr data-start=\"272\" data-end=\"275\" \/>\n<h3 data-start=\"277\" data-end=\"295\"><strong data-start=\"281\" data-end=\"293\">\u041e\u043f\u0438\u0441\u0430\u043d\u0438\u0435:<\/strong><\/h3>\n<p data-start=\"296\" data-end=\"533\"><strong data-start=\"296\" data-end=\"311\">\u0414\u0435\u043a\u0441\u043e\u043d \u0421\u0443\u043f\u0435\u0440<\/strong>, \u0432\u044b\u0441\u043e\u043a\u043e\u043a\u043e\u043d\u0446\u0435\u043d\u0442\u0440\u0438\u0440\u043e\u0432\u0430\u043d\u043d\u043e\u0435 \u0434\u0435\u0437\u0438\u043d\u0444\u0438\u0446\u0438\u0440\u0443\u044e\u0449\u0435\u0435 \u0441\u0440\u0435\u0434\u0441\u0442\u0432\u043e \u043d\u0430 \u043e\u0441\u043d\u043e\u0432\u0435 \u043f\u0435\u0440\u043e\u043a\u0441\u0438\u0434\u0430. \u042d\u0444\u0444\u0435\u043a\u0442\u0438\u0432\u043d\u043e \u043f\u0440\u043e\u0442\u0438\u0432 \u0448\u0438\u0440\u043e\u043a\u043e\u0433\u043e \u0441\u043f\u0435\u043a\u0442\u0440\u0430 \u0431\u0430\u043a\u0442\u0435\u0440\u0438\u0439, \u0432\u0438\u0440\u0443\u0441\u043e\u0432 \u0438 \u0433\u0440\u0438\u0431\u043a\u043e\u0432. \u0411\u044b\u0441\u0442\u0440\u043e \u0443\u043d\u0438\u0447\u0442\u043e\u0436\u0430\u0435\u0442 \u043c\u0438\u043a\u0440\u043e\u043e\u0440\u0433\u0430\u043d\u0438\u0437\u043c\u044b, \u0432\u044b\u0437\u044b\u0432\u0430\u044e\u0449\u0438\u0435 \u0441\u0435\u0440\u044c\u0435\u0437\u043d\u044b\u0435 \u0437\u0430\u0431\u043e\u043b\u0435\u0432\u0430\u043d\u0438\u044f \u0443 \u0436\u0438\u0432\u043e\u0442\u043d\u044b\u0445.<\/p>\n<p data-start=\"535\" data-end=\"557\"><strong data-start=\"535\" data-end=\"555\">\u041e\u0431\u043b\u0430\u0441\u0442\u0438 \u043f\u0440\u0438\u043c\u0435\u043d\u0435\u043d\u0438\u044f:<\/strong><\/p>\n<ul data-start=\"558\" data-end=\"779\">\n<li data-start=\"558\" data-end=\"586\">\n<p data-start=\"560\" data-end=\"586\">\u0414\u0435\u0437\u0438\u043d\u0444\u0435\u043a\u0446\u0438\u044f \u043f\u043e\u0432\u0435\u0440\u0445\u043d\u043e\u0441\u0442\u0435\u0439<\/p>\n<\/li>\n<li data-start=\"587\" data-end=\"621\">\n<p data-start=\"589\" data-end=\"621\">\u0412\u043e\u0437\u0434\u0443\u0448\u043d\u043e-\u043a\u0430\u043f\u0435\u043b\u044c\u043d\u0430\u044f (\u0430\u044d\u0440\u043e\u0433\u0435\u043d\u043d\u0430\u044f) \u0434\u0435\u0437\u0438\u043d\u0444\u0435\u043a\u0446\u0438\u044f<\/p>\n<\/li>\n<li data-start=\"622\" data-end=\"679\">\n<p data-start=\"624\" data-end=\"679\">\u0414\u0435\u0437\u0438\u043d\u0444\u0435\u043a\u0446\u0438\u044f \u0442\u0440\u0430\u043d\u0441\u043f\u043e\u0440\u0442\u043d\u044b\u0445 \u0441\u0440\u0435\u0434\u0441\u0442\u0432 \u0438 \u043e\u0431\u043e\u0440\u0443\u0434\u043e\u0432\u0430\u043d\u0438\u044f<\/p>\n<\/li>\n<li data-start=\"680\" data-end=\"701\">\n<p data-start=\"682\" data-end=\"701\">\u0427\u0438\u0441\u0442\u043e\u0442\u0430 \u0431\u0438\u043e\u043f\u043b\u0435\u043d\u043a\u0438<\/p>\n<\/li>\n<li data-start=\"702\" data-end=\"753\">\n<p data-start=\"704\" data-end=\"753\">\u041e\u0447\u0438\u0441\u0442\u043a\u0430 \u0438 \u0434\u0435\u0437\u0438\u043d\u0444\u0435\u043a\u0446\u0438\u044f \u0441\u0438\u0441\u0442\u0435\u043c \u0432\u043e\u0434\u043e\u0441\u043d\u0430\u0431\u0436\u0435\u043d\u0438\u044f<\/p>\n<\/li>\n<li data-start=\"754\" data-end=\"779\">\n<p data-start=\"756\" data-end=\"779\">\u0412\u0430\u043d\u043d\u044b \u0434\u043b\u044f \u043d\u043e\u0433 \u0438 \u043a\u043e\u043b\u0435\u0441<\/p>\n<\/li>\n<\/ul>\n<p data-start=\"781\" data-end=\"888\"><strong data-start=\"781\" data-end=\"796\">\u0414\u0435\u043a\u0441\u043e\u043d \u0421\u0443\u043f\u0435\u0440<\/strong>\u043f\u0440\u0438 \u0438\u0441\u043f\u043e\u043b\u044c\u0437\u043e\u0432\u0430\u043d\u0438\u0438 \u0432 \u0440\u0435\u043a\u043e\u043c\u0435\u043d\u0434\u0443\u0435\u043c\u043e\u0439 \u0434\u043e\u0437\u0438\u0440\u043e\u0432\u043a\u0435 \u043d\u0435 \u0432\u044b\u0437\u044b\u0432\u0430\u0435\u0442 \u043a\u043e\u0440\u0440\u043e\u0437\u0438\u0438, \u043d\u0435 \u0438\u043c\u0435\u0435\u0442 \u0437\u0430\u043f\u0430\u0445\u0430 \u0438 \u043d\u0435 \u0442\u043e\u043a\u0441\u0438\u0447\u0435\u043d.<\/p>\n<hr data-start=\"890\" data-end=\"893\" \/>\n<h3 data-start=\"895\" data-end=\"926\"><strong data-start=\"899\" data-end=\"924\">\u0418\u043d\u0441\u0442\u0440\u0443\u043a\u0446\u0438\u044f \u043f\u043e \u043f\u0440\u0438\u043c\u0435\u043d\u0435\u043d\u0438\u044e<\/strong><\/h3>\n<p data-start=\"927\" data-end=\"972\">\u041f\u0435\u0440\u0435\u0434 \u043f\u0440\u0438\u043c\u0435\u043d\u0435\u043d\u0438\u0435\u043c \u0435\u0433\u043e \u043d\u0435\u043e\u0431\u0445\u043e\u0434\u0438\u043c\u043e \u0440\u0430\u0437\u0431\u0430\u0432\u0438\u0442\u044c \u0432\u043e\u0434\u043e\u0439.<\/p>\n<ul data-start=\"974\" data-end=\"2187\">\n<li data-start=\"974\" data-end=\"1144\">\n<p data-start=\"976\" data-end=\"1144\"><strong data-start=\"976\" data-end=\"1009\">\u0417\u0430\u043a\u043b\u044e\u0447\u0438\u0442\u0435\u043b\u044c\u043d\u0430\u044f \u0434\u0435\u0437\u0438\u043d\u0444\u0435\u043a\u0446\u0438\u044f \u043f\u043e\u0432\u0435\u0440\u0445\u043d\u043e\u0441\u0442\u0435\u0439:<\/strong><br data-start=\"1009\" data-end=\"1012\" \/>1 \u043a\u0433 Dexon Super \u0441\u043c\u0435\u0448\u0438\u0432\u0430\u0435\u0442\u0441\u044f \u0441\u043e 100 \u043b\u0438\u0442\u0440\u0430\u043c\u0438 \u043f\u0438\u0442\u044c\u0435\u0432\u043e\u0439 \u0432\u043e\u0434\u044b (1%).<br data-start=\"1072\" data-end=\"1075\" \/>\u0420\u0430\u0441\u043f\u044b\u043b\u044f\u0435\u0442\u0441\u044f \u043d\u0430 \u043f\u043e\u0432\u0435\u0440\u0445\u043d\u043e\u0441\u0442\u0438 \u0441 \u043f\u043e\u043c\u043e\u0449\u044c\u044e \u0430\u043f\u043f\u0430\u0440\u0430\u0442\u0430 \u0432\u044b\u0441\u043e\u043a\u043e\u0433\u043e \u0434\u0430\u0432\u043b\u0435\u043d\u0438\u044f \u0438\u0437 \u0440\u0430\u0441\u0447\u0435\u0442\u0430 250\u2013300 \u043c\u043b\/\u043c\u00b2.<\/p>\n<\/li>\n<li data-start=\"1146\" data-end=\"1317\">\n<p data-start=\"1148\" data-end=\"1317\"><strong data-start=\"1148\" data-end=\"1185\">\u0414\u0435\u0437\u0438\u043d\u0444\u0435\u043a\u0446\u0438\u044f \u0432\u043e\u0437\u0434\u0443\u0445\u0430 (\u0442\u0443\u043c\u0430\u043d\u0438\u0437\u0430\u0446\u0438\u044f):<\/strong><br data-start=\"1185\" data-end=\"1188\" \/>1 \u043a\u0433 Dexon Super \u0441\u043c\u0435\u0448\u0438\u0432\u0430\u0435\u0442\u0441\u044f \u0441 300 \u043b\u0438\u0442\u0440\u0430\u043c\u0438 \u043f\u0438\u0442\u044c\u0435\u0432\u043e\u0439 \u0432\u043e\u0434\u044b (0,3%).<br data-start=\"1250\" data-end=\"1253\" \/>\u0420\u0430\u0441\u043f\u044b\u043b\u044f\u0435\u0442\u0441\u044f \u0432 \u0432\u0438\u0434\u0435 \u0442\u0443\u043c\u0430\u043d\u0430 \u0441 \u043f\u043e\u043c\u043e\u0449\u044c\u044e \u043d\u0430\u043f\u043b\u0435\u0447\u043d\u043e\u0433\u043e \u0440\u0430\u0441\u043f\u044b\u043b\u0438\u0442\u0435\u043b\u044f.<\/p>\n<\/li>\n<li data-start=\"1319\" data-end=\"1483\">\n<p data-start=\"1321\" data-end=\"1483\"><strong data-start=\"1321\" data-end=\"1365\">\u0414\u0435\u0437\u0438\u043d\u0444\u0435\u043a\u0446\u0438\u044f \u0432\u043e\u0437\u0434\u0443\u0445\u0430 (\u0442\u0435\u0440\u043c\u0438\u0447\u0435\u0441\u043a\u043e\u0435 \u0440\u0430\u0441\u043f\u044b\u043b\u0435\u043d\u0438\u0435):<\/strong><br data-start=\"1365\" data-end=\"1368\" \/>1 \u043a\u0433 Dexon Super \u0441\u043c\u0435\u0448\u0438\u0432\u0430\u0435\u0442\u0441\u044f \u0441 20 \u043b\u0438\u0442\u0440\u0430\u043c\u0438 \u043f\u0438\u0442\u044c\u0435\u0432\u043e\u0439 \u0432\u043e\u0434\u044b (5%).<br data-start=\"1427\" data-end=\"1430\" \/>\u0418\u0441\u043f\u043e\u043b\u044c\u0437\u0443\u044e\u0442\u0441\u044f \u0434\u044b\u043c\u043e\u0433\u0435\u043d\u0435\u0440\u0430\u0442\u043e\u0440 \u0438 \u0434\u044b\u043c\u043e\u0443\u0441\u0438\u043b\u0438\u0442\u0435\u043b\u044c.<\/p>\n<\/li>\n<li data-start=\"1485\" data-end=\"1818\">\n<p data-start=\"1487\" data-end=\"1818\"><strong data-start=\"1487\" data-end=\"1552\">\u041e\u0447\u0438\u0441\u0442\u043a\u0430 \u0441\u0438\u0441\u0442\u0435\u043c \u0432\u043e\u0434\u043e\u0441\u043d\u0430\u0431\u0436\u0435\u043d\u0438\u044f \u0438 \u0443\u0434\u0430\u043b\u0435\u043d\u0438\u0435 \u0431\u0438\u043e\u043f\u043b\u0435\u043d\u043a\u0438:<\/strong><br data-start=\"1552\" data-end=\"1555\" \/>1 \u043a\u0433 Dexon Super \u0441\u043c\u0435\u0448\u0438\u0432\u0430\u0435\u0442\u0441\u044f \u0441\u043e 100 \u043b\u0438\u0442\u0440\u0430\u043c\u0438 \u043f\u0438\u0442\u044c\u0435\u0432\u043e\u0439 \u0432\u043e\u0434\u044b (1%).<br data-start=\"1615\" data-end=\"1618\" \/>\u0421\u043b\u0438\u0432\u0430\u0435\u0442\u0441\u044f \u0432\u043e\u0434\u0430 \u0438\u0437 \u0441\u0438\u0441\u0442\u0435\u043c\u044b. \u0412 \u0441\u0438\u0441\u0442\u0435\u043c\u0443 \u0437\u0430\u043b\u0438\u0432\u0430\u0435\u0442\u0441\u044f \u0440\u0430\u0441\u0442\u0432\u043e\u0440 Dexon Super \u0438 \u043e\u0441\u0442\u0430\u0432\u043b\u044f\u0435\u0442\u0441\u044f \u043d\u0430 30 \u043c\u0438\u043d\u0443\u0442. \u0417\u0430\u0442\u0435\u043c \u0441\u0438\u0441\u0442\u0435\u043c\u0430 \u043f\u043e\u043b\u043d\u043e\u0441\u0442\u044c\u044e \u0441\u043b\u0438\u0432\u0430\u0435\u0442\u0441\u044f. \u0421\u043d\u043e\u0432\u0430 \u0434\u043e\u0431\u0430\u0432\u043b\u044f\u0435\u0442\u0441\u044f \u0442\u043e\u0442 \u0436\u0435 \u0440\u0430\u0441\u0442\u0432\u043e\u0440 \u0438 \u043e\u0441\u0442\u0430\u0432\u043b\u044f\u0435\u0442\u0441\u044f \u0435\u0449\u0435 \u043d\u0430 30 \u043c\u0438\u043d\u0443\u0442, \u0437\u0430\u0442\u0435\u043c \u0441\u043b\u0438\u0432\u0430\u0435\u0442\u0441\u044f.<\/p>\n<\/li>\n<li data-start=\"1820\" data-end=\"1971\">\n<p data-start=\"1822\" data-end=\"1971\"><strong data-start=\"1822\" data-end=\"1869\">\u0414\u0435\u0437\u0438\u043d\u0444\u0435\u043a\u0446\u0438\u044f \u0442\u0440\u0430\u043d\u0441\u043f\u043e\u0440\u0442\u043d\u044b\u0445 \u0441\u0440\u0435\u0434\u0441\u0442\u0432 \u0438 \u043e\u0431\u043e\u0440\u0443\u0434\u043e\u0432\u0430\u043d\u0438\u044f:<\/strong><br data-start=\"1869\" data-end=\"1872\" \/>1 \u043a\u0433 Dexon Super \u0441\u043c\u0435\u0448\u0438\u0432\u0430\u0435\u0442\u0441\u044f \u0441\u043e 100 \u043b\u0438\u0442\u0440\u0430\u043c\u0438 \u043f\u0438\u0442\u044c\u0435\u0432\u043e\u0439 \u0432\u043e\u0434\u044b (1%).<br data-start=\"1932\" data-end=\"1935\" \/>\u041d\u0430\u043d\u043e\u0441\u0438\u0442\u0441\u044f \u0441 \u043f\u043e\u043c\u043e\u0449\u044c\u044e \u043c\u043e\u0439\u043a\u0438 \u0432\u044b\u0441\u043e\u043a\u043e\u0433\u043e \u0434\u0430\u0432\u043b\u0435\u043d\u0438\u044f.<\/p>\n<\/li>\n<li data-start=\"1973\" data-end=\"2187\">\n<p data-start=\"1975\" data-end=\"2187\"><strong data-start=\"1975\" data-end=\"2003\">\u0412\u0430\u043d\u043d\u044b \u0434\u043b\u044f \u043d\u043e\u0433 \u0438 \u043a\u043e\u043b\u0435\u0441:<\/strong><br data-start=\"2003\" data-end=\"2006\" \/>1 \u043a\u0433 Dexon Super \u0441\u043c\u0435\u0448\u0438\u0432\u0430\u0435\u0442\u0441\u044f \u0441\u043e 100 \u043b\u0438\u0442\u0440\u0430\u043c\u0438 \u043f\u0438\u0442\u044c\u0435\u0432\u043e\u0439 \u0432\u043e\u0434\u044b (1%).<br data-start=\"2066\" data-end=\"2069\" \/>\u0427\u0438\u0441\u0442\u044b\u0439 \u0440\u0430\u0441\u0442\u0432\u043e\u0440 \u0441\u043b\u0435\u0434\u0443\u0435\u0442 \u0433\u043e\u0442\u043e\u0432\u0438\u0442\u044c \u0438 \u0434\u043e\u043b\u0438\u0432\u0430\u0442\u044c \u043f\u043e \u043c\u0435\u0440\u0435 \u0437\u0430\u0433\u0440\u044f\u0437\u043d\u0435\u043d\u0438\u044f. \u0420\u0435\u043a\u043e\u043c\u0435\u043d\u0434\u0443\u0435\u0442\u0441\u044f \u043c\u0435\u043d\u044f\u0442\u044c \u0435\u0433\u043e \u0435\u0436\u0435\u043d\u0435\u0434\u0435\u043b\u044c\u043d\u043e.<\/p>\n<\/li>\n<\/ul>\n<hr data-start=\"2189\" data-end=\"2192\" \/>\n<h3 data-start=\"2194\" data-end=\"2231\"><strong data-start=\"2198\" data-end=\"2231\">\u041f\u0440\u043e\u0442\u0438\u0432\u043e\u043f\u043e\u043a\u0430\u0437\u0430\u043d\u0438\u044f \u0438 \u043e\u043f\u0430\u0441\u043d\u043e\u0441\u0442\u0438<\/strong><\/h3>\n<ul data-start=\"2233\" data-end=\"2412\">\n<li data-start=\"2233\" data-end=\"2265\">\n<p data-start=\"2235\" data-end=\"2265\">\u041c\u043e\u0436\u0435\u0442 \u0431\u044b\u0442\u044c \u0432\u0440\u0435\u0434\u043d\u044b\u043c \u043f\u0440\u0438 \u043f\u0440\u043e\u0433\u043b\u0430\u0442\u044b\u0432\u0430\u043d\u0438\u0438.<\/p>\n<\/li>\n<li data-start=\"2266\" data-end=\"2325\">\n<p data-start=\"2268\" data-end=\"2325\">\u041c\u043e\u0436\u0435\u0442 \u0432\u044b\u0437\u0432\u0430\u0442\u044c \u0441\u0435\u0440\u044c\u0435\u0437\u043d\u044b\u0435 \u043e\u0436\u043e\u0433\u0438 \u043a\u043e\u0436\u0438 \u0438 \u043f\u043e\u0432\u0440\u0435\u0436\u0434\u0435\u043d\u0438\u044f \u0433\u043b\u0430\u0437.<\/p>\n<\/li>\n<li data-start=\"2326\" data-end=\"2412\">\n<p data-start=\"2328\" data-end=\"2412\">\u041e\u043d \u043e\u0447\u0435\u043d\u044c \u0442\u043e\u043a\u0441\u0438\u0447\u0435\u043d \u0434\u043b\u044f \u0432\u043e\u0434\u043d\u044b\u0445 \u043e\u0440\u0433\u0430\u043d\u0438\u0437\u043c\u043e\u0432 \u0438 \u043c\u043e\u0436\u0435\u0442 \u0438\u043c\u0435\u0442\u044c \u0434\u043e\u043b\u0433\u043e\u0441\u0440\u043e\u0447\u043d\u044b\u0435 \u043f\u043e\u0441\u043b\u0435\u0434\u0441\u0442\u0432\u0438\u044f.<\/p>\n<\/li>\n<\/ul>\n<p data-start=\"2414\" data-end=\"2443\"><strong data-start=\"2414\" data-end=\"2443\">\u041c\u0435\u0440\u044b \u0431\u0435\u0437\u043e\u043f\u0430\u0441\u043d\u043e\u0441\u0442\u0438:<\/strong><\/p>\n<ul data-start=\"2444\" data-end=\"2680\">\n<li data-start=\"2444\" data-end=\"2494\">\n<p data-start=\"2446\" data-end=\"2494\">\u041d\u0435 \u0432\u0434\u044b\u0445\u0430\u0439\u0442\u0435 \u043f\u044b\u043b\u044c\/\u043f\u0430\u0440\u044b\/\u0442\u0443\u043c\u0430\u043d\/\u0433\u0430\u0437\/\u0430\u044d\u0440\u043e\u0437\u043e\u043b\u044c.<\/p>\n<\/li>\n<li data-start=\"2495\" data-end=\"2571\">\n<p data-start=\"2497\" data-end=\"2571\">\u041d\u0435 \u043f\u0440\u0438\u043d\u0438\u043c\u0430\u0439\u0442\u0435 \u043f\u0438\u0449\u0443, \u043d\u0435 \u043a\u0443\u0440\u0438\u0442\u0435 \u0438 \u043d\u0435 \u043f\u0435\u0439\u0442\u0435 \u0436\u0438\u0434\u043a\u043e\u0441\u0442\u0438 \u0432\u043e \u0432\u0440\u0435\u043c\u044f \u0438\u0441\u043f\u043e\u043b\u044c\u0437\u043e\u0432\u0430\u043d\u0438\u044f \u043f\u0440\u043e\u0434\u0443\u043a\u0442\u0430.<\/p>\n<\/li>\n<li data-start=\"2572\" data-end=\"2615\">\n<p data-start=\"2574\" data-end=\"2615\">\u041f\u043e\u0441\u043b\u0435 \u0438\u0441\u043f\u043e\u043b\u044c\u0437\u043e\u0432\u0430\u043d\u0438\u044f \u0442\u0449\u0430\u0442\u0435\u043b\u044c\u043d\u043e \u043c\u043e\u0439\u0442\u0435 \u0440\u0443\u043a\u0438.<\/p>\n<\/li>\n<li data-start=\"2616\" data-end=\"2680\">\n<p data-start=\"2618\" data-end=\"2680\">\u0418\u0441\u043f\u043e\u043b\u044c\u0437\u0443\u0439\u0442\u0435 \u0437\u0430\u0449\u0438\u0442\u043d\u044b\u0435 \u043f\u0435\u0440\u0447\u0430\u0442\u043a\u0438, \u043e\u0434\u0435\u0436\u0434\u0443, \u0441\u0440\u0435\u0434\u0441\u0442\u0432\u0430 \u0437\u0430\u0449\u0438\u0442\u044b \u0433\u043b\u0430\u0437 \u0438 \u043b\u0438\u0446\u0430.<\/p>\n<\/li>\n<\/ul>\n<p data-start=\"2682\" data-end=\"2707\"><strong data-start=\"2682\" data-end=\"2705\">\u0412 \u0441\u043b\u0443\u0447\u0430\u0435 \u043e\u0442\u0440\u0430\u0432\u043b\u0435\u043d\u0438\u044f:<\/strong><\/p>\n<ul data-start=\"2708\" data-end=\"3140\">\n<li data-start=\"2708\" data-end=\"2811\">\n<p data-start=\"2710\" data-end=\"2811\"><strong data-start=\"2710\" data-end=\"2724\">\u041f\u0440\u0438 \u043f\u0440\u043e\u0433\u043b\u0430\u0442\u044b\u0432\u0430\u043d\u0438\u0438:<\/strong> \u0415\u0441\u043b\u0438 \u0432\u044b \u043f\u043b\u043e\u0445\u043e \u0441\u0435\u0431\u044f \u0447\u0443\u0432\u0441\u0442\u0432\u0443\u0435\u0442\u0435, \u043d\u0435\u043c\u0435\u0434\u043b\u0435\u043d\u043d\u043e \u043e\u0431\u0440\u0430\u0442\u0438\u0442\u0435\u0441\u044c \u043a \u0432\u0440\u0430\u0447\u0443. \u041f\u0440\u043e\u043f\u043e\u043b\u043e\u0449\u0438\u0442\u0435 \u0440\u043e\u0442. \u041d\u0435 \u0432\u044b\u0437\u044b\u0432\u0430\u0439\u0442\u0435 \u0440\u0432\u043e\u0442\u0443.<\/p>\n<\/li>\n<li data-start=\"2812\" data-end=\"2915\">\n<p data-start=\"2814\" data-end=\"2915\"><strong data-start=\"2814\" data-end=\"2840\">\u041f\u0440\u0438 \u043a\u043e\u043d\u0442\u0430\u043a\u0442\u0435 \u0441 \u043a\u043e\u0436\u0435\u0439 \u0438 \u0432\u043e\u043b\u043e\u0441\u0430\u043c\u0438:<\/strong> \u041d\u0435\u043c\u0435\u0434\u043b\u0435\u043d\u043d\u043e \u0441\u043d\u044f\u0442\u044c \u0437\u0430\u0433\u0440\u044f\u0437\u043d\u0435\u043d\u043d\u0443\u044e \u043e\u0434\u0435\u0436\u0434\u0443. \u041f\u0440\u043e\u043c\u044b\u0442\u044c \u043a\u043e\u0436\u0443 \u0432\u043e\u0434\u043e\u0439 \u0438 \u043f\u0440\u0438\u043d\u044f\u0442\u044c \u0434\u0443\u0448.<\/p>\n<\/li>\n<li data-start=\"2916\" data-end=\"3016\">\n<p data-start=\"2918\" data-end=\"3016\"><strong data-start=\"2918\" data-end=\"2941\">\u0412\u043e \u0432\u0440\u0435\u043c\u044f \u0432\u0434\u043e\u0445\u0430:<\/strong> \u0412\u044b\u043d\u0435\u0441\u0438\u0442\u0435 \u043f\u043e\u0441\u0442\u0440\u0430\u0434\u0430\u0432\u0448\u0435\u0433\u043e \u043d\u0430 \u0441\u0432\u0435\u0436\u0438\u0439 \u0432\u043e\u0437\u0434\u0443\u0445 \u0438 \u043e\u0431\u0435\u0441\u043f\u0435\u0447\u044c\u0442\u0435 \u0435\u043c\u0443 \u043a\u043e\u043c\u0444\u043e\u0440\u0442\u043d\u043e\u0435 \u0434\u044b\u0445\u0430\u043d\u0438\u0435.<\/p>\n<\/li>\n<li data-start=\"3017\" data-end=\"3140\">\n<p data-start=\"3019\" data-end=\"3140\"><strong data-start=\"3019\" data-end=\"3037\">\u0417\u0440\u0438\u0442\u0435\u043b\u044c\u043d\u044b\u0439 \u043a\u043e\u043d\u0442\u0430\u043a\u0442:<\/strong> \u0422\u0449\u0430\u0442\u0435\u043b\u044c\u043d\u043e \u043f\u0440\u043e\u043c\u043e\u0439\u0442\u0435 \u0431\u043e\u043b\u044c\u0448\u0438\u043c \u043a\u043e\u043b\u0438\u0447\u0435\u0441\u0442\u0432\u043e\u043c \u0432\u043e\u0434\u044b. \u0415\u0441\u043b\u0438 \u043b\u0438\u043d\u0437\u044b \u043f\u0440\u0438\u0441\u0443\u0442\u0441\u0442\u0432\u0443\u044e\u0442 \u0438 \u0438\u0445 \u043b\u0435\u0433\u043a\u043e \u0441\u043d\u044f\u0442\u044c, \u0441\u043d\u0438\u043c\u0438\u0442\u0435 \u0438\u0445 \u0438 \u043f\u0440\u043e\u0434\u043e\u043b\u0436\u0430\u0439\u0442\u0435 \u043f\u0440\u043e\u043c\u044b\u0432\u0430\u0442\u044c.<\/p>\n<\/li>\n<\/ul>\n<p data-start=\"3142\" data-end=\"3412\">\u041f\u043e\u0441\u0442\u0438\u0440\u0430\u0439\u0442\u0435 \u0437\u0430\u0433\u0440\u044f\u0437\u043d\u0435\u043d\u043d\u0443\u044e \u043e\u0434\u0435\u0436\u0434\u0443 \u0438 \u043e\u0447\u0438\u0441\u0442\u0438\u0442\u0435 \u0435\u0435 \u043f\u0435\u0440\u0435\u0434 \u043f\u043e\u0432\u0442\u043e\u0440\u043d\u044b\u043c \u0438\u0441\u043f\u043e\u043b\u044c\u0437\u043e\u0432\u0430\u043d\u0438\u0435\u043c.<br data-start=\"3213\" data-end=\"3216\" \/>\u0425\u0440\u0430\u043d\u0438\u0442\u044c \u0432 \u043d\u0435\u0434\u043e\u0441\u0442\u0443\u043f\u043d\u043e\u043c \u0434\u043b\u044f \u0434\u0435\u0442\u0435\u0439 \u043c\u0435\u0441\u0442\u0435.<br data-start=\"3254\" data-end=\"3257\" \/>\u041d\u0435 \u0432\u044b\u0431\u0440\u0430\u0441\u044b\u0432\u0430\u0442\u044c \u0432 \u043e\u043a\u0440\u0443\u0436\u0430\u044e\u0449\u0443\u044e \u0441\u0440\u0435\u0434\u0443.<br data-start=\"3281\" data-end=\"3284\" \/>\u0418\u0437\u0434\u0435\u043b\u0438\u0435 \u0438 \u0435\u0433\u043e \u0443\u043f\u0430\u043a\u043e\u0432\u043a\u0443 \u0441\u043b\u0435\u0434\u0443\u0435\u0442 \u0443\u0442\u0438\u043b\u0438\u0437\u0438\u0440\u043e\u0432\u0430\u0442\u044c \u043d\u0430 \u0441\u0432\u0430\u043b\u043a\u0430\u0445 \u043e\u043f\u0430\u0441\u043d\u044b\u0445 \u043e\u0442\u0445\u043e\u0434\u043e\u0432 \u0432 \u0441\u043e\u043e\u0442\u0432\u0435\u0442\u0441\u0442\u0432\u0438\u0438 \u0441 \u043c\u0435\u0441\u0442\u043d\u044b\u043c\u0438 \u0438 \u043c\u0435\u0436\u0434\u0443\u043d\u0430\u0440\u043e\u0434\u043d\u044b\u043c\u0438 \u043d\u043e\u0440\u043c\u0430\u043c\u0438.<\/p>\n<hr data-start=\"3414\" data-end=\"3417\" \/>\n<h3 data-start=\"3419\" data-end=\"3438\"><strong data-start=\"3423\" data-end=\"3438\">\u0423\u043f\u0430\u043a\u043e\u0432\u043a\u0430<\/strong><\/h3>\n<ul data-start=\"3439\" data-end=\"3493\">\n<li data-start=\"3439\" data-end=\"3459\">\n<p data-start=\"3441\" data-end=\"3459\">50 \u0433\u0440\u0430\u043c\u043c\u043e\u0432\u0430\u044f \u0443\u043f\u0430\u043a\u043e\u0432\u043a\u0430<\/p>\n<\/li>\n<li data-start=\"3460\" data-end=\"3476\">\n<p data-start=\"3462\" data-end=\"3476\">\u041a\u043e\u043d\u0442\u0435\u0439\u043d\u0435\u0440 1 \u043a\u0433<\/p>\n<\/li>\n<li data-start=\"3477\" data-end=\"3493\">\n<p data-start=\"3479\" data-end=\"3493\">5 \u043a\u0433 \u0432\u0435\u0434\u0440\u043e<\/p>\n<\/li>\n<\/ul>\n<\/div>\n<\/div>\n<p><!-- .vgblk-rw-wrapper --><\/p>","protected":false},"excerpt":{"rendered":"<p>Dexon Super T\u0259rkibi: Pentakalium bis(peroksimonosulfat) bis(sulfat) \u2013 50% Sulfamik tur\u015fusu \u2013 6% Natrium dixlorizosiyanurat dihidrat \u2013 1% T\u0259sviri: Dexon Super, g\u00fccl\u00fc konsentrasiyal\u0131, peroksigen \u0259sasl\u0131 dezinfeksiyaedici vasit\u0259dir. Geni\u015f spektrli bakteriyalar, viruslar v\u0259 g\u00f6b\u0259l\u0259kl\u0259r\u0259 qar\u015f\u0131 effektivdir. Heyvanlarda vacib x\u0259st\u0259likl\u0259r\u0259 s\u0259b\u0259b olan mikroorqanizml\u0259ri s\u00fcr\u0259tl\u0259 m\u0259hv edir. T\u0259tbiq sah\u0259l\u0259ri: S\u0259thl\u0259rin dezinfeksiyas\u0131 Havadan (aerogen) dezinfeksiya N\u0259qliyyat vasit\u0259l\u0259ri v\u0259 avadanl\u0131qlar\u0131n dezinfeksiyas\u0131&#8230;<\/p>","protected":false},"featured_media":989100,"comment_status":"closed","ping_status":"closed","template":"","meta":{"nf_dc_page":"","_monsterinsights_skip_tracking":false,"_monsterinsights_sitenote_active":false,"_monsterinsights_sitenote_note":"","_monsterinsights_sitenote_category":0},"product_brand":[],"product_cat":[147,16],"product_tag":[],"class_list":{"0":"post-989099","1":"product","2":"type-product","3":"status-publish","4":"has-post-thumbnail","6":"product_cat-disinfectants","7":"product_cat-uncategorized","9":"first","10":"instock","11":"shipping-taxable","12":"product-type-simple"},"jetpack_sharing_enabled":true,"_links":{"self":[{"href":"https:\/\/agrovetazerbaijan.az\/ru\/wp-json\/wp\/v2\/product\/989099","targetHints":{"allow":["GET"]}}],"collection":[{"href":"https:\/\/agrovetazerbaijan.az\/ru\/wp-json\/wp\/v2\/product"}],"about":[{"href":"https:\/\/agrovetazerbaijan.az\/ru\/wp-json\/wp\/v2\/types\/product"}],"replies":[{"embeddable":true,"href":"https:\/\/agrovetazerbaijan.az\/ru\/wp-json\/wp\/v2\/comments?post=989099"}],"version-history":[{"count":2,"href":"https:\/\/agrovetazerbaijan.az\/ru\/wp-json\/wp\/v2\/product\/989099\/revisions"}],"predecessor-version":[{"id":989614,"href":"https:\/\/agrovetazerbaijan.az\/ru\/wp-json\/wp\/v2\/product\/989099\/revisions\/989614"}],"wp:featuredmedia":[{"embeddable":true,"href":"https:\/\/agrovetazerbaijan.az\/ru\/wp-json\/wp\/v2\/media\/989100"}],"wp:attachment":[{"href":"https:\/\/agrovetazerbaijan.az\/ru\/wp-json\/wp\/v2\/media?parent=989099"}],"wp:term":[{"taxonomy":"product_brand","embeddable":true,"href":"https:\/\/agrovetazerbaijan.az\/ru\/wp-json\/wp\/v2\/product_brand?post=989099"},{"taxonomy":"product_cat","embeddable":true,"href":"https:\/\/agrovetazerbaijan.az\/ru\/wp-json\/wp\/v2\/product_cat?post=989099"},{"taxonomy":"product_tag","embeddable":true,"href":"https:\/\/agrovetazerbaijan.az\/ru\/wp-json\/wp\/v2\/product_tag?post=989099"}],"curies":[{"name":"WP","href":"https:\/\/api.w.org\/{rel}","templated":true}]}}