{"id":989096,"date":"2025-03-22T23:05:39","date_gmt":"2025-03-22T23:05:39","guid":{"rendered":"https:\/\/agrovetazerbaijan.az\/?post_type=product&#038;p=989096"},"modified":"2025-07-14T10:03:26","modified_gmt":"2025-07-14T10:03:26","slug":"vitol-86-ws","status":"publish","type":"product","link":"https:\/\/agrovetazerbaijan.az\/ru\/product\/vitol-86-ws\/","title":{"rendered":"\u0412\u0438\u0442\u043e\u043b-86 WS"},"content":{"rendered":"<div class=\"vgblk-rw-wrapper limit-wrapper\">\n<div class=\"product-shop columns large-7 medium-7 small-12\">\n<h3 data-start=\"112\" data-end=\"142\"><strong data-start=\"116\" data-end=\"140\">Vita AD\u2083E 20\/6\/60 WS<\/strong><\/h3>\n<p data-start=\"143\" data-end=\"183\"><strong data-start=\"143\" data-end=\"183\">\u0412\u0438\u0442\u0430\u043c\u0438\u043d\u0441\u043e\u0434\u0435\u0440\u0436\u0430\u0449\u0438\u0439 \u0432\u043e\u0434\u043e\u0440\u0430\u0441\u0442\u0432\u043e\u0440\u0438\u043c\u044b\u0439 \u043f\u043e\u0440\u043e\u0448\u043e\u043a<\/strong><\/p>\n<hr data-start=\"185\" data-end=\"188\" \/>\n<h3 data-start=\"190\" data-end=\"219\"><strong data-start=\"194\" data-end=\"217\">\u0421\u043e\u0441\u0442\u0430\u0432 (\u0432 1 \u0433\u0440\u0430\u043c\u043c\u0435):<\/strong><\/h3>\n<ul data-start=\"220\" data-end=\"354\">\n<li data-start=\"220\" data-end=\"263\">\n<p data-start=\"222\" data-end=\"263\">\u0412\u0438\u0442\u0430\u043c\u0438\u043d \u0410 (\u0440\u0435\u0442\u0438\u043d\u043e\u043b\u0430 \u0430\u0446\u0435\u0442\u0430\u0442) \u2013 20 000 \u041c\u0415<\/p>\n<\/li>\n<li data-start=\"264\" data-end=\"307\">\n<p data-start=\"266\" data-end=\"307\">\u0412\u0438\u0442\u0430\u043c\u0438\u043d D\u2083 (\u0445\u043e\u043b\u0435\u043a\u0430\u043b\u044c\u0446\u0438\u0444\u0435\u0440\u043e\u043b) \u2013 6000 \u041c\u0415<\/p>\n<\/li>\n<li data-start=\"308\" data-end=\"354\">\n<p data-start=\"310\" data-end=\"354\">\u0412\u0438\u0442\u0430\u043c\u0438\u043d \u0415 (\u0430\u043b\u044c\u0444\u0430-\u0442\u043e\u043a\u043e\u0444\u0435\u0440\u043e\u043b\u0430 \u0430\u0446\u0435\u0442\u0430\u0442) \u2013 60 \u043c\u0433<\/p>\n<\/li>\n<\/ul>\n<hr data-start=\"356\" data-end=\"359\" \/>\n<h3 data-start=\"361\" data-end=\"379\"><strong data-start=\"365\" data-end=\"377\">\u041e\u043f\u0438\u0441\u0430\u043d\u0438\u0435:<\/strong><\/h3>\n<p data-start=\"380\" data-end=\"541\"><strong data-start=\"380\" data-end=\"396\">Vita AD\u2083E WS<\/strong> \u0425\u043e\u0442\u044f \u043f\u043e\u0440\u043e\u0448\u043e\u043a \u043f\u0440\u0435\u0434\u0441\u0442\u0430\u0432\u043b\u044f\u0435\u0442 \u0441\u043e\u0431\u043e\u0439 \u0441\u0431\u0430\u043b\u0430\u043d\u0441\u0438\u0440\u043e\u0432\u0430\u043d\u043d\u044b\u0439 \u0432\u0438\u0442\u0430\u043c\u0438\u043d\u043d\u044b\u0439 \u043a\u043e\u043c\u043f\u043b\u0435\u043a\u0441, \u043f\u0440\u0435\u0434\u043d\u0430\u0437\u043d\u0430\u0447\u0435\u043d\u043d\u044b\u0439 \u0434\u043b\u044f \u043f\u0442\u0438\u0446 \u0438 \u0441\u0432\u0438\u043d\u0435\u0439, \u0435\u0433\u043e \u043c\u043e\u0436\u043d\u043e \u043f\u0440\u0438\u043c\u0435\u043d\u044f\u0442\u044c \u0438 \u0434\u043b\u044f \u0434\u0440\u0443\u0433\u0438\u0445 \u0442\u0440\u0430\u0432\u043e\u044f\u0434\u043d\u044b\u0445 \u0436\u0438\u0432\u043e\u0442\u043d\u044b\u0445.<\/p>\n<ul data-start=\"542\" data-end=\"818\">\n<li data-start=\"542\" data-end=\"641\">\n<p data-start=\"544\" data-end=\"641\">\u0412\u0438\u0442\u0430\u043c\u0438\u043d\u044b \u0410 \u0438 \u0415 \u044f\u0432\u043b\u044f\u044e\u0442\u0441\u044f \u0430\u043d\u0442\u0438\u043e\u043a\u0441\u0438\u0434\u0430\u043d\u0442\u0430\u043c\u0438, \u043a\u043e\u0442\u043e\u0440\u044b\u0435 \u0437\u0430\u0449\u0438\u0449\u0430\u044e\u0442 \u043a\u043b\u0435\u0442\u043a\u0438 \u043e\u0442 \u043f\u043e\u0432\u0440\u0435\u0436\u0434\u0435\u043d\u0438\u044f \u0441\u0432\u043e\u0431\u043e\u0434\u043d\u044b\u043c\u0438 \u0440\u0430\u0434\u0438\u043a\u0430\u043b\u0430\u043c\u0438.<\/p>\n<\/li>\n<li data-start=\"642\" data-end=\"741\">\n<p data-start=\"644\" data-end=\"741\">\u0412\u0438\u0442\u0430\u043c\u0438\u043d D3 \u0440\u0435\u0433\u0443\u043b\u0438\u0440\u0443\u0435\u0442 \u043a\u0430\u043b\u044c\u0446\u0438\u0435\u0432\u043e-\u0444\u043e\u0441\u0444\u043e\u0440\u043d\u044b\u0439 \u043e\u0431\u043c\u0435\u043d \u0438 \u0432\u0430\u0436\u0435\u043d \u0434\u043b\u044f \u0440\u0430\u0437\u0432\u0438\u0442\u0438\u044f \u0441\u043a\u0435\u043b\u0435\u0442\u0430 \u0438 \u0437\u0443\u0431\u043e\u0432.<\/p>\n<\/li>\n<li data-start=\"742\" data-end=\"818\">\n<p data-start=\"744\" data-end=\"818\">\u041e\u043d \u0432\u0430\u0436\u0435\u043d \u0434\u043b\u044f \u043d\u043e\u0440\u043c\u0430\u043b\u044c\u043d\u043e\u0433\u043e \u0444\u0443\u043d\u043a\u0446\u0438\u043e\u043d\u0438\u0440\u043e\u0432\u0430\u043d\u0438\u044f \u0438\u043c\u043c\u0443\u043d\u043d\u043e\u0439 \u0438 \u0440\u0435\u043f\u0440\u043e\u0434\u0443\u043a\u0442\u0438\u0432\u043d\u043e\u0439 \u0441\u0438\u0441\u0442\u0435\u043c.<\/p>\n<\/li>\n<\/ul>\n<hr data-start=\"820\" data-end=\"823\" \/>\n<h3 data-start=\"825\" data-end=\"847\"><strong data-start=\"829\" data-end=\"845\">\u041f\u043e\u043a\u0430\u0437\u0430\u043d\u0438\u044f:<\/strong><\/h3>\n<ul data-start=\"848\" data-end=\"947\">\n<li data-start=\"848\" data-end=\"884\">\n<p data-start=\"850\" data-end=\"884\">\u0414\u0435\u0444\u0438\u0446\u0438\u0442 \u0432\u0438\u0442\u0430\u043c\u0438\u043d\u043e\u0432 \u0410, D\u2083 \u0438 \u0415<\/p>\n<\/li>\n<li data-start=\"885\" data-end=\"920\">\n<p data-start=\"887\" data-end=\"920\">\u041f\u0435\u0440\u0438\u043e\u0434 \u0432\u043e\u0441\u0441\u0442\u0430\u043d\u043e\u0432\u043b\u0435\u043d\u0438\u044f \u043f\u043e\u0441\u043b\u0435 \u0431\u043e\u043b\u0435\u0437\u043d\u0438<\/p>\n<\/li>\n<li data-start=\"921\" data-end=\"947\">\n<p data-start=\"923\" data-end=\"947\">\u0420\u0435\u043f\u0440\u043e\u0434\u0443\u043a\u0442\u0438\u0432\u043d\u044b\u0435 \u043f\u0440\u043e\u0431\u043b\u0435\u043c\u044b<\/p>\n<\/li>\n<\/ul>\n<hr data-start=\"949\" data-end=\"952\" \/>\n<h3 data-start=\"954\" data-end=\"996\"><strong data-start=\"958\" data-end=\"994\">\u0414\u043e\u0437\u0438\u0440\u043e\u0432\u043a\u0430 (\u043f\u0435\u0440\u043e\u0440\u0430\u043b\u044c\u043d\u043e, \u0437\u0430\u043f\u0438\u0432\u0430\u044f \u0432\u043e\u0434\u043e\u0439):<\/strong><\/h3>\n<ul data-start=\"997\" data-end=\"1174\">\n<li data-start=\"997\" data-end=\"1060\">\n<p data-start=\"999\" data-end=\"1060\"><strong data-start=\"999\" data-end=\"1022\">\u0422\u0435\u043b\u0435\u043d\u043e\u043a, \u043e\u0432\u0446\u0430, \u043a\u043e\u0437\u0430:<\/strong> 1 \u0433\/40 \u043a\u0433 \u043c\u0430\u0441\u0441\u044b \u0442\u0435\u043b\u0430, 3\u20135 \u0434\u043d\u0435\u0439<\/p>\n<\/li>\n<li data-start=\"1061\" data-end=\"1114\">\n<p data-start=\"1063\" data-end=\"1114\"><strong data-start=\"1063\" data-end=\"1076\">\u041a\u0440\u0443\u043f\u043d\u044b\u0439 \u0440\u043e\u0433\u0430\u0442\u044b\u0439 \u0441\u043a\u043e\u0442:<\/strong> 1 \u0433\/80 \u043a\u0433 \u043c\u0430\u0441\u0441\u044b \u0442\u0435\u043b\u0430, 3\u20135 \u0434\u043d\u0435\u0439<\/p>\n<\/li>\n<li data-start=\"1115\" data-end=\"1174\">\n<p data-start=\"1117\" data-end=\"1174\"><strong data-start=\"1117\" data-end=\"1137\">\u0421\u0432\u0438\u043d\u044c\u0438 \u0438 \u043f\u0442\u0438\u0446\u044b:<\/strong> 1 \u043a\u0433 \/ 4000 \u043b \u043f\u0438\u0442\u044c\u0435\u0432\u043e\u0439 \u0432\u043e\u0434\u044b, 3\u20135 \u0434\u043d\u0435\u0439<\/p>\n<\/li>\n<\/ul>\n<hr data-start=\"1176\" data-end=\"1179\" \/>\n<h3 data-start=\"1181\" data-end=\"1203\"><strong data-start=\"1185\" data-end=\"1201\">\u0423\u043f\u0430\u043a\u043e\u0432\u043a\u0430:<\/strong><\/h3>\n<p data-start=\"1204\" data-end=\"1247\">\u0423\u043f\u0430\u043a\u043e\u0432\u043a\u0438 \u043f\u043e 100 \u0433 \u0438 \u0431\u0430\u043d\u043a\u0438 \u043f\u043e 1000 \u0433<\/p>\n<\/div>\n<\/div>\n<p><!-- .vgblk-rw-wrapper --><\/p>","protected":false},"excerpt":{"rendered":"<p>Vita AD\u2083E 20\/6\/60 WS Vitamin t\u0259rkibli, suda h\u0259ll olan toz T\u0259rkibi (1 qramda): A vitamini (Retinol asetat) \u2013 20 000 BV D\u2083 vitamini (Kolekalsiferol) \u2013 6 000 BV E vitamini (Alfa-tokoferol asetat) \u2013 60 mq T\u0259sviri: Vita AD\u2083E WS tozu qu\u015flar v\u0259 donuzlar \u00fc\u00e7\u00fcn n\u0259z\u0259rd\u0259 tutulmu\u015f balansla\u015fd\u0131r\u0131lm\u0131\u015f vitamin kompleksi olsa da, dig\u0259r ot yey\u0259n heyvanlarda&#8230;<\/p>","protected":false},"featured_media":989097,"comment_status":"closed","ping_status":"closed","template":"","meta":{"nf_dc_page":"","_monsterinsights_skip_tracking":false,"_monsterinsights_sitenote_active":false,"_monsterinsights_sitenote_note":"","_monsterinsights_sitenote_category":0},"product_brand":[],"product_cat":[108,251,160,114,68],"product_tag":[],"class_list":{"0":"post-989096","1":"product","2":"type-product","3":"status-publish","4":"has-post-thumbnail","6":"product_cat-cow","7":"product_cat-veterinary-products","8":"product_cat-nutrients","9":"product_cat-sheep","10":"product_cat-poultry","12":"first","13":"instock","14":"shipping-taxable","15":"product-type-simple"},"jetpack_sharing_enabled":true,"_links":{"self":[{"href":"https:\/\/agrovetazerbaijan.az\/ru\/wp-json\/wp\/v2\/product\/989096","targetHints":{"allow":["GET"]}}],"collection":[{"href":"https:\/\/agrovetazerbaijan.az\/ru\/wp-json\/wp\/v2\/product"}],"about":[{"href":"https:\/\/agrovetazerbaijan.az\/ru\/wp-json\/wp\/v2\/types\/product"}],"replies":[{"embeddable":true,"href":"https:\/\/agrovetazerbaijan.az\/ru\/wp-json\/wp\/v2\/comments?post=989096"}],"version-history":[{"count":2,"href":"https:\/\/agrovetazerbaijan.az\/ru\/wp-json\/wp\/v2\/product\/989096\/revisions"}],"predecessor-version":[{"id":989946,"href":"https:\/\/agrovetazerbaijan.az\/ru\/wp-json\/wp\/v2\/product\/989096\/revisions\/989946"}],"wp:featuredmedia":[{"embeddable":true,"href":"https:\/\/agrovetazerbaijan.az\/ru\/wp-json\/wp\/v2\/media\/989097"}],"wp:attachment":[{"href":"https:\/\/agrovetazerbaijan.az\/ru\/wp-json\/wp\/v2\/media?parent=989096"}],"wp:term":[{"taxonomy":"product_brand","embeddable":true,"href":"https:\/\/agrovetazerbaijan.az\/ru\/wp-json\/wp\/v2\/product_brand?post=989096"},{"taxonomy":"product_cat","embeddable":true,"href":"https:\/\/agrovetazerbaijan.az\/ru\/wp-json\/wp\/v2\/product_cat?post=989096"},{"taxonomy":"product_tag","embeddable":true,"href":"https:\/\/agrovetazerbaijan.az\/ru\/wp-json\/wp\/v2\/product_tag?post=989096"}],"curies":[{"name":"WP","href":"https:\/\/api.w.org\/{rel}","templated":true}]}}