{"id":989087,"date":"2025-03-22T22:58:49","date_gmt":"2025-03-22T22:58:49","guid":{"rendered":"https:\/\/agrovetazerbaijan.az\/?post_type=product&#038;p=989087"},"modified":"2025-07-14T10:07:43","modified_gmt":"2025-07-14T10:07:43","slug":"introvit-k-200-ws","status":"publish","type":"product","link":"https:\/\/agrovetazerbaijan.az\/ru\/product\/introvit-k-200-ws\/","title":{"rendered":"\u0418\u043d\u0442\u0440\u043e\u0432\u0438\u0442-\u041a-200 WS"},"content":{"rendered":"<div class=\"vgblk-rw-wrapper limit-wrapper\">\n<h3 data-start=\"106\" data-end=\"130\"><strong data-start=\"110\" data-end=\"128\">Vita-K\u2083 10% WS<\/strong><\/h3>\n<p data-start=\"131\" data-end=\"166\"><strong data-start=\"131\" data-end=\"166\">\u0412\u043e\u0434\u043e\u0440\u0430\u0441\u0442\u0432\u043e\u0440\u0438\u043c\u044b\u0439 \u0432\u0438\u0442\u0430\u043c\u0438\u043d\u043d\u044b\u0439 \u043f\u043e\u0440\u043e\u0448\u043e\u043a K\u2083<\/strong><\/p>\n<hr data-start=\"168\" data-end=\"171\" \/>\n<h3 data-start=\"173\" data-end=\"202\"><strong data-start=\"177\" data-end=\"200\">\u0421\u043e\u0441\u0442\u0430\u0432 (\u0432 1 \u0433\u0440\u0430\u043c\u043c\u0435):<\/strong><\/h3>\n<ul data-start=\"203\" data-end=\"254\">\n<li data-start=\"203\" data-end=\"254\">\n<p data-start=\"205\" data-end=\"254\">\u041c\u0435\u043d\u0430\u0434\u0438\u043e\u043d \u0431\u0438\u0441\u0443\u043b\u044c\u0444\u0438\u0442 \u043d\u0430\u0442\u0440\u0438\u044f (\u0432\u0438\u0442\u0430\u043c\u0438\u043d K\u2083) \u2013 200 \u043c\u0433<\/p>\n<\/li>\n<\/ul>\n<hr data-start=\"256\" data-end=\"259\" \/>\n<h3 data-start=\"261\" data-end=\"279\"><strong data-start=\"265\" data-end=\"277\">\u041e\u043f\u0438\u0441\u0430\u043d\u0438\u0435:<\/strong><\/h3>\n<p data-start=\"280\" data-end=\"357\"><strong data-start=\"280\" data-end=\"294\">Vita-K\u2083 WS<\/strong> \u042d\u0442\u043e \u0438\u0441\u0442\u043e\u0447\u043d\u0438\u043a \u0432\u0438\u0442\u0430\u043c\u0438\u043d\u0430 \u041a, \u043a\u043e\u0442\u043e\u0440\u044b\u0439 \u043d\u0435\u043e\u0431\u0445\u043e\u0434\u0438\u043c \u0434\u043b\u044f \u0441\u0432\u0435\u0440\u0442\u044b\u0432\u0430\u0435\u043c\u043e\u0441\u0442\u0438 \u043a\u0440\u043e\u0432\u0438.<\/p>\n<ul data-start=\"358\" data-end=\"614\">\n<li data-start=\"358\" data-end=\"446\">\n<p data-start=\"360\" data-end=\"446\">\u0423\u0447\u0430\u0441\u0442\u0432\u0443\u0435\u0442 \u0432 \u0441\u0438\u043d\u0442\u0435\u0437\u0435 \u043f\u0440\u043e\u0442\u0440\u043e\u043c\u0431\u0438\u043d\u0430 (\u0444\u0430\u043a\u0442\u043e\u0440\u0430 II), \u0444\u0430\u043a\u0442\u043e\u0440\u043e\u0432 VII, IX, X \u0438 \u0431\u0435\u043b\u043a\u043e\u0432 C \u0438 S<\/p>\n<\/li>\n<li data-start=\"447\" data-end=\"537\">\n<p data-start=\"449\" data-end=\"537\">\u0414\u0435\u0444\u0438\u0446\u0438\u0442 \u0432\u0438\u0442\u0430\u043c\u0438\u043d\u0430 \u041a \u043c\u043e\u0436\u0435\u0442 \u043f\u0440\u0438\u0432\u0435\u0441\u0442\u0438 \u043a \u043a\u0440\u043e\u0432\u043e\u0442\u0435\u0447\u0435\u043d\u0438\u044f\u043c, \u0433\u0435\u043c\u0430\u0442\u043e\u043c\u0430\u043c \u0438 \u0433\u0435\u043c\u043e\u043b\u0438\u0442\u0438\u0447\u0435\u0441\u043a\u043e\u0439 \u0436\u0435\u043b\u0442\u0443\u0445\u0435.<\/p>\n<\/li>\n<li data-start=\"538\" data-end=\"614\">\n<p data-start=\"540\" data-end=\"614\">\u041c\u0435\u043d\u0430\u0434\u0438\u043e\u043d \u0432\u0441\u0430\u0441\u044b\u0432\u0430\u0435\u0442\u0441\u044f \u0432 \u043a\u0438\u0448\u0435\u0447\u043d\u0438\u043a\u0435, \u043f\u0440\u0435\u043e\u0431\u0440\u0430\u0437\u0443\u0435\u0442\u0441\u044f \u0432 \u0430\u043a\u0442\u0438\u0432\u043d\u0443\u044e \u0444\u043e\u0440\u043c\u0443 \u0438 \u0432\u044b\u0432\u043e\u0434\u0438\u0442\u0441\u044f \u0438\u0437 \u043e\u0440\u0433\u0430\u043d\u0438\u0437\u043c\u0430.<\/p>\n<\/li>\n<\/ul>\n<hr data-start=\"616\" data-end=\"619\" \/>\n<h3 data-start=\"621\" data-end=\"643\"><strong data-start=\"625\" data-end=\"641\">\u041f\u043e\u043a\u0430\u0437\u0430\u043d\u0438\u044f:<\/strong><\/h3>\n<ul data-start=\"644\" data-end=\"767\">\n<li data-start=\"644\" data-end=\"694\">\n<p data-start=\"646\" data-end=\"694\">\u0423\u0441\u0442\u0440\u0430\u043d\u0435\u043d\u0438\u0435 \u0434\u0435\u0444\u0438\u0446\u0438\u0442\u0430 \u0432\u0438\u0442\u0430\u043c\u0438\u043d\u0430 \u041a<\/p>\n<\/li>\n<li data-start=\"695\" data-end=\"737\">\n<p data-start=\"697\" data-end=\"737\">\u041d\u043e\u0440\u043c\u0430\u043b\u0438\u0437\u0430\u0446\u0438\u044f \u0441\u0432\u0435\u0440\u0442\u044b\u0432\u0430\u0435\u043c\u043e\u0441\u0442\u0438 \u043a\u0440\u043e\u0432\u0438<\/p>\n<\/li>\n<li data-start=\"738\" data-end=\"767\">\n<p data-start=\"740\" data-end=\"767\">\u041b\u0435\u0433\u043a\u043e\u0435 \u043f\u0440\u0438\u043c\u0435\u043d\u0435\u043d\u0438\u0435 \u0441 \u043f\u0438\u0442\u044c\u0435\u0432\u043e\u0439 \u0432\u043e\u0434\u043e\u0439<\/p>\n<\/li>\n<\/ul>\n<hr data-start=\"769\" data-end=\"772\" \/>\n<h3 data-start=\"774\" data-end=\"816\"><strong data-start=\"778\" data-end=\"814\">\u0414\u043e\u0437\u0438\u0440\u043e\u0432\u043a\u0430 (\u043f\u0435\u0440\u043e\u0440\u0430\u043b\u044c\u043d\u043e, \u0437\u0430\u043f\u0438\u0432\u0430\u044f \u0432\u043e\u0434\u043e\u0439):<\/strong><\/h3>\n<ul data-start=\"817\" data-end=\"997\">\n<li data-start=\"817\" data-end=\"895\">\n<p data-start=\"819\" data-end=\"895\"><strong data-start=\"819\" data-end=\"852\">\u041a\u0440\u0443\u043f\u043d\u044b\u0439 \u0440\u043e\u0433\u0430\u0442\u044b\u0439 \u0441\u043a\u043e\u0442, \u0442\u0435\u043b\u044f\u0442\u0430, \u043e\u0432\u0446\u044b, \u043a\u043e\u0437\u044b:<\/strong> 1 \u0433 \/ 50\u2013100 \u043a\u0433 \u043c\u0430\u0441\u0441\u044b \u0442\u0435\u043b\u0430, 3\u201321 \u0434\u0435\u043d\u044c<\/p>\n<\/li>\n<li data-start=\"896\" data-end=\"942\">\n<p data-start=\"898\" data-end=\"942\"><strong data-start=\"898\" data-end=\"909\">\u041f\u0442\u0438\u0446\u044b:<\/strong> 1 \u043a\u0433 \/ 12 000 \u043b \u0432\u043e\u0434\u044b, 3\u201321 \u0434\u0435\u043d\u044c<\/p>\n<\/li>\n<li data-start=\"943\" data-end=\"997\">\n<p data-start=\"945\" data-end=\"997\"><strong data-start=\"945\" data-end=\"958\">\u0421\u0432\u0438\u043d\u044c\u0438:<\/strong> 1 \u043a\u0433 \/ 5000\u201310 000 \u043b \u0432\u043e\u0434\u044b, 3\u201321 \u0434\u0435\u043d\u044c<\/p>\n<\/li>\n<\/ul>\n<hr data-start=\"999\" data-end=\"1002\" \/>\n<h3 data-start=\"1004\" data-end=\"1026\"><strong data-start=\"1008\" data-end=\"1024\">\u0423\u043f\u0430\u043a\u043e\u0432\u043a\u0430:<\/strong><\/h3>\n<p data-start=\"1027\" data-end=\"1062\">100 \u0433 \u0443\u043f\u0430\u043a\u043e\u0432\u043a\u0430 \u0438 1000 \u0433 \u0431\u0430\u043d\u043a\u0430<\/p>\n<\/div>\n<p><!-- .vgblk-rw-wrapper --><\/p>","protected":false},"excerpt":{"rendered":"<p>Vita-K\u2083 10% WS Suda h\u0259ll olan K\u2083 vitamini tozu T\u0259rkibi (1 qramda): Menadion natrium bisulfit (Vitamin K\u2083) \u2013 200 mq T\u0259sviri: Vita-K\u2083 WS qan\u0131n laxtalanmas\u0131 \u00fc\u00e7\u00fcn vacib olan K vitamininin m\u0259nb\u0259yidir. Protronbin (faktor II), faktor VII, IX, X v\u0259 z\u00fclallar C v\u0259 S sintezind\u0259 i\u015ftirak edir K vitamini \u00e7at\u0131\u015fmazl\u0131\u011f\u0131 qanaxmalar, hematomlar v\u0259 hemolitik sar\u0131l\u0131qla n\u0259tic\u0259l\u0259n\u0259&#8230;<\/p>","protected":false},"featured_media":989088,"comment_status":"closed","ping_status":"closed","template":"","meta":{"nf_dc_page":"","_monsterinsights_skip_tracking":false,"_monsterinsights_sitenote_active":false,"_monsterinsights_sitenote_note":"","_monsterinsights_sitenote_category":0},"product_brand":[],"product_cat":[251,108,160,114,68],"product_tag":[],"class_list":{"0":"post-989087","1":"product","2":"type-product","3":"status-publish","4":"has-post-thumbnail","6":"product_cat-veterinary-products","7":"product_cat-cow","8":"product_cat-nutrients","9":"product_cat-sheep","10":"product_cat-poultry","12":"first","13":"instock","14":"shipping-taxable","15":"product-type-simple"},"jetpack_sharing_enabled":true,"_links":{"self":[{"href":"https:\/\/agrovetazerbaijan.az\/ru\/wp-json\/wp\/v2\/product\/989087","targetHints":{"allow":["GET"]}}],"collection":[{"href":"https:\/\/agrovetazerbaijan.az\/ru\/wp-json\/wp\/v2\/product"}],"about":[{"href":"https:\/\/agrovetazerbaijan.az\/ru\/wp-json\/wp\/v2\/types\/product"}],"replies":[{"embeddable":true,"href":"https:\/\/agrovetazerbaijan.az\/ru\/wp-json\/wp\/v2\/comments?post=989087"}],"version-history":[{"count":2,"href":"https:\/\/agrovetazerbaijan.az\/ru\/wp-json\/wp\/v2\/product\/989087\/revisions"}],"predecessor-version":[{"id":989948,"href":"https:\/\/agrovetazerbaijan.az\/ru\/wp-json\/wp\/v2\/product\/989087\/revisions\/989948"}],"wp:featuredmedia":[{"embeddable":true,"href":"https:\/\/agrovetazerbaijan.az\/ru\/wp-json\/wp\/v2\/media\/989088"}],"wp:attachment":[{"href":"https:\/\/agrovetazerbaijan.az\/ru\/wp-json\/wp\/v2\/media?parent=989087"}],"wp:term":[{"taxonomy":"product_brand","embeddable":true,"href":"https:\/\/agrovetazerbaijan.az\/ru\/wp-json\/wp\/v2\/product_brand?post=989087"},{"taxonomy":"product_cat","embeddable":true,"href":"https:\/\/agrovetazerbaijan.az\/ru\/wp-json\/wp\/v2\/product_cat?post=989087"},{"taxonomy":"product_tag","embeddable":true,"href":"https:\/\/agrovetazerbaijan.az\/ru\/wp-json\/wp\/v2\/product_tag?post=989087"}],"curies":[{"name":"WP","href":"https:\/\/api.w.org\/{rel}","templated":true}]}}