{"id":989069,"date":"2025-03-22T22:45:50","date_gmt":"2025-03-22T22:45:50","guid":{"rendered":"https:\/\/agrovetazerbaijan.az\/?post_type=product&#038;p=989069"},"modified":"2025-07-14T07:57:59","modified_gmt":"2025-07-14T07:57:59","slug":"aminogrow-ws","status":"publish","type":"product","link":"https:\/\/agrovetazerbaijan.az\/ru\/product\/aminogrow-ws\/","title":{"rendered":"\u0410\u043c\u0438\u043d\u043e\u0433\u0440\u043e\u0443 WS"},"content":{"rendered":"<div class=\"vgblk-rw-wrapper limit-wrapper\">\n<div class=\"composition_list\">\n<ul class=\"substance_list\">\n<li class=\"substance_subheader\">\n<h2 data-start=\"90\" data-end=\"138\">\ud83e\uddea <strong data-start=\"96\" data-end=\"136\">Aminogrow WS \u2013 Amino Acid Supplement<\/strong><\/h2>\n<p data-start=\"139\" data-end=\"194\"><strong data-start=\"139\" data-end=\"194\">Suda H\u0259ll Olan | Bitki M\u0259n\u015f\u0259li | Z\u00fclal Sintezi \u00dc\u00e7\u00fcn<\/strong><\/p>\n<h3 data-start=\"196\" data-end=\"217\">\u2714\ufe0f X\u00fcsusiyy\u0259tl\u0259r:<\/h3>\n<ul data-start=\"218\" data-end=\"415\">\n<li data-start=\"218\" data-end=\"269\">\n<p data-start=\"220\" data-end=\"269\">\u018fsas v\u0259 qeyri-\u0259sas amin tur\u015fular\u0131 il\u0259 z\u0259ngindir<\/p>\n<\/li>\n<li data-start=\"270\" data-end=\"317\">\n<p data-start=\"272\" data-end=\"317\">Bitki m\u0259n\u015f\u0259li t\u0259rkib \u2013 heyvan m\u0259n\u015f\u0259li deyil<\/p>\n<\/li>\n<li data-start=\"318\" data-end=\"364\">\n<p data-start=\"320\" data-end=\"364\">B\u00f6y\u00fcm\u0259, s\u00fcd, yumurta v\u0259 \u0259t keyfiyy\u0259ti \u00fc\u00e7\u00fcn<\/p>\n<\/li>\n<li data-start=\"365\" data-end=\"415\">\n<p data-start=\"367\" data-end=\"415\">Stress v\u0259 x\u0259st\u0259lik sonras\u0131 b\u0259rpa \u00fc\u00e7\u00fcn uy\u011fundur<\/p>\n<\/li>\n<\/ul>\n<h3 data-start=\"417\" data-end=\"450\">\ud83d\udca7 T\u0259rkibd\u0259n b\u0259zil\u0259ri (mg):<\/h3>\n<ul data-start=\"451\" data-end=\"623\">\n<li data-start=\"451\" data-end=\"476\">\n<p data-start=\"453\" data-end=\"476\">Glutamic acid \u2013 42.68<\/p>\n<\/li>\n<li data-start=\"477\" data-end=\"502\">\n<p data-start=\"479\" data-end=\"502\">Aspartic acid \u2013 24.74<\/p>\n<\/li>\n<li data-start=\"503\" data-end=\"522\">\n<p data-start=\"505\" data-end=\"522\">Leucine \u2013 22.99<\/p>\n<\/li>\n<li data-start=\"523\" data-end=\"541\">\n<p data-start=\"525\" data-end=\"541\">Lysine \u2013 20.56<\/p>\n<\/li>\n<li data-start=\"542\" data-end=\"563\">\n<p data-start=\"544\" data-end=\"563\">Threonine \u2013 16.30<\/p>\n<\/li>\n<li data-start=\"564\" data-end=\"623\">\n<p data-start=\"566\" data-end=\"623\">Valine \u2013 13.77<br data-start=\"580\" data-end=\"583\" \/><em data-start=\"583\" data-end=\"623\">(tam siyah\u0131 ist\u0259y\u0259 g\u00f6r\u0259 t\u0259qdim olunur)<\/em><\/p>\n<\/li>\n<\/ul>\n<h3 data-start=\"625\" data-end=\"651\">\ud83d\udc04 \u0130stifad\u0259 Qaydas\u0131:<\/h3>\n<ul data-start=\"652\" data-end=\"788\">\n<li data-start=\"652\" data-end=\"700\">\n<p data-start=\"654\" data-end=\"700\"><strong data-start=\"654\" data-end=\"676\">Dana, qoyun, ke\u00e7i:<\/strong> 1 g \/ 40 kg \u2013 3-5 g\u00fcn<\/p>\n<\/li>\n<li data-start=\"701\" data-end=\"736\">\n<p data-start=\"703\" data-end=\"736\"><strong data-start=\"703\" data-end=\"712\">\u041a\u043e\u0440\u043e\u0432\u0430:<\/strong> 1 g \/ 80 kg \u2013 3-5 g\u00fcn<\/p>\n<\/li>\n<li data-start=\"737\" data-end=\"788\">\n<p data-start=\"739\" data-end=\"788\"><strong data-start=\"739\" data-end=\"759\">\u0421\u0432\u0438\u043d\u044c\u0438 \u0438 \u043f\u0442\u0438\u0446\u044b:<\/strong> 1 kg \/ 4000 L suya \u2013 3-5 g\u00fcn<\/p>\n<\/li>\n<\/ul>\n<\/li>\n<\/ul>\n<\/div>\n<\/div>\n<p><!-- .vgblk-rw-wrapper --><\/p>","protected":false},"excerpt":{"rendered":"<p>\ud83e\uddea Aminogrow WS \u2013 Amino Acid Supplement Suda H\u0259ll Olan | Bitki M\u0259n\u015f\u0259li | Z\u00fclal Sintezi \u00dc\u00e7\u00fcn \u2714\ufe0f X\u00fcsusiyy\u0259tl\u0259r: \u018fsas v\u0259 qeyri-\u0259sas amin tur\u015fular\u0131 il\u0259 z\u0259ngindir Bitki m\u0259n\u015f\u0259li t\u0259rkib \u2013 heyvan m\u0259n\u015f\u0259li deyil B\u00f6y\u00fcm\u0259, s\u00fcd, yumurta v\u0259 \u0259t keyfiyy\u0259ti \u00fc\u00e7\u00fcn Stress v\u0259 x\u0259st\u0259lik sonras\u0131 b\u0259rpa \u00fc\u00e7\u00fcn uy\u011fundur \ud83d\udca7 T\u0259rkibd\u0259n b\u0259zil\u0259ri (mg): Glutamic acid \u2013 42.68&#8230;<\/p>","protected":false},"featured_media":989070,"comment_status":"closed","ping_status":"closed","template":"","meta":{"nf_dc_page":"","_monsterinsights_skip_tracking":false,"_monsterinsights_sitenote_active":false,"_monsterinsights_sitenote_note":"","_monsterinsights_sitenote_category":0},"product_brand":[],"product_cat":[108,160,114,68],"product_tag":[],"class_list":{"0":"post-989069","1":"product","2":"type-product","3":"status-publish","4":"has-post-thumbnail","6":"product_cat-cow","7":"product_cat-nutrients","8":"product_cat-sheep","9":"product_cat-poultry","11":"first","12":"instock","13":"shipping-taxable","14":"product-type-simple"},"jetpack_sharing_enabled":true,"_links":{"self":[{"href":"https:\/\/agrovetazerbaijan.az\/ru\/wp-json\/wp\/v2\/product\/989069","targetHints":{"allow":["GET"]}}],"collection":[{"href":"https:\/\/agrovetazerbaijan.az\/ru\/wp-json\/wp\/v2\/product"}],"about":[{"href":"https:\/\/agrovetazerbaijan.az\/ru\/wp-json\/wp\/v2\/types\/product"}],"replies":[{"embeddable":true,"href":"https:\/\/agrovetazerbaijan.az\/ru\/wp-json\/wp\/v2\/comments?post=989069"}],"version-history":[{"count":2,"href":"https:\/\/agrovetazerbaijan.az\/ru\/wp-json\/wp\/v2\/product\/989069\/revisions"}],"predecessor-version":[{"id":989939,"href":"https:\/\/agrovetazerbaijan.az\/ru\/wp-json\/wp\/v2\/product\/989069\/revisions\/989939"}],"wp:featuredmedia":[{"embeddable":true,"href":"https:\/\/agrovetazerbaijan.az\/ru\/wp-json\/wp\/v2\/media\/989070"}],"wp:attachment":[{"href":"https:\/\/agrovetazerbaijan.az\/ru\/wp-json\/wp\/v2\/media?parent=989069"}],"wp:term":[{"taxonomy":"product_brand","embeddable":true,"href":"https:\/\/agrovetazerbaijan.az\/ru\/wp-json\/wp\/v2\/product_brand?post=989069"},{"taxonomy":"product_cat","embeddable":true,"href":"https:\/\/agrovetazerbaijan.az\/ru\/wp-json\/wp\/v2\/product_cat?post=989069"},{"taxonomy":"product_tag","embeddable":true,"href":"https:\/\/agrovetazerbaijan.az\/ru\/wp-json\/wp\/v2\/product_tag?post=989069"}],"curies":[{"name":"WP","href":"https:\/\/api.w.org\/{rel}","templated":true}]}}