{"id":989047,"date":"2025-03-20T11:20:05","date_gmt":"2025-03-20T11:20:05","guid":{"rendered":"https:\/\/agrovetazerbaijan.az\/?post_type=product&#038;p=989047"},"modified":"2025-06-30T23:48:48","modified_gmt":"2025-06-30T23:48:48","slug":"nilzash-s-forte-suspension","status":"publish","type":"product","link":"https:\/\/agrovetazerbaijan.az\/ru\/product\/nilzash-s-forte-suspension\/","title":{"rendered":"\u041f\u043e\u0434\u0432\u0435\u0441\u043a\u0430 NILZASH S FORTE"},"content":{"rendered":"<div class=\"vgblk-rw-wrapper limit-wrapper\">\n<p data-start=\"0\" data-end=\"12\"><strong data-start=\"0\" data-end=\"12\">\u0421\u041e\u0421\u0422\u0410\u0412:<\/strong><\/p>\n<p data-start=\"14\" data-end=\"26\">\u0412 \u043a\u0430\u0436\u0434\u043e\u043c \u043c\u043b:<\/p>\n<ul data-start=\"27\" data-end=\"216\">\n<li data-start=\"27\" data-end=\"62\">\n<p data-start=\"29\" data-end=\"62\">\u041b\u0435\u0432\u0430\u043c\u0438\u0437\u043e\u043b \u0433\u0438\u0434\u0440\u043e\u0445\u043b\u043e\u0440\u0438\u0434 \u2026\u2026\u2026\u2026\u2026\u2026\u2026\u2026\u2026\u2026\u2026 30 \u043c\u0433<\/p>\n<\/li>\n<li data-start=\"63\" data-end=\"98\">\n<p data-start=\"65\" data-end=\"98\">\u041e\u043a\u0441\u0438\u043a\u043b\u043e\u0437\u0430\u043d\u0438\u0434 \u2026\u2026\u2026\u2026\u2026\u2026\u2026\u2026\u2026\u2026\u2026\u2026 60 \u043c\u0433<\/p>\n<\/li>\n<li data-start=\"99\" data-end=\"137\">\n<p data-start=\"101\" data-end=\"137\">\u0410\u0440\u043e\u043c\u0430\u0442\u043d\u0430\u044f \u0441\u043e\u0447\u043d\u0430\u044f \u043e\u0441\u043d\u043e\u0432\u0430 \u2026\u2026\u2026\u2026\u2026\u2026\u2026\u2026\u2026\u2026 qs<\/p>\n<\/li>\n<li data-start=\"138\" data-end=\"181\">\n<p data-start=\"140\" data-end=\"181\">\u0426\u0432\u0435\u0442: \u0438\u0441\u043f\u043e\u043b\u044c\u0437\u043e\u0432\u0430\u043d \u043e\u0434\u043e\u0431\u0440\u0435\u043d\u043d\u044b\u0439 \u0446\u0432\u0435\u0442<\/p>\n<\/li>\n<li data-start=\"182\" data-end=\"216\">\n<p data-start=\"184\" data-end=\"216\">\u0412\u0441\u043f\u043e\u043c\u043e\u0433\u0430\u0442\u0435\u043b\u044c\u043d\u044b\u0435 \u0432\u0435\u0449\u0435\u0441\u0442\u0432\u0430 \u2026\u2026\u2026\u2026\u2026\u2026\u2026\u2026\u2026\u2026 qs<\/p>\n<\/li>\n<\/ul>\n<hr data-start=\"218\" data-end=\"221\" \/>\n<p data-start=\"223\" data-end=\"239\"><strong data-start=\"223\" data-end=\"239\">\u041f\u041e\u041a\u0410\u0417\u0410\u041d\u0418\u042f:<\/strong><\/p>\n<p data-start=\"241\" data-end=\"509\">\u041f\u0440\u0435\u043f\u0430\u0440\u0430\u0442 \u043f\u0440\u0438\u043c\u0435\u043d\u044f\u0435\u0442\u0441\u044f \u0443 \u043a\u0440\u0443\u043f\u043d\u043e\u0433\u043e \u0440\u043e\u0433\u0430\u0442\u043e\u0433\u043e \u0441\u043a\u043e\u0442\u0430, \u043e\u0432\u0435\u0446 \u0438 \u043a\u043e\u0437 \u0434\u043b\u044f \u043b\u0435\u0447\u0435\u043d\u0438\u044f \u043f\u0435\u0447\u0435\u043d\u043e\u0447\u043d\u043e\u0439 \u0434\u0432\u0443\u0443\u0441\u0442\u043a\u0438, \u043a\u0440\u0443\u0433\u043b\u044b\u0445 \u0447\u0435\u0440\u0432\u0435\u0439 \u0438 \u043b\u0435\u0433\u043e\u0447\u043d\u044b\u0445 \u043d\u0435\u043c\u0430\u0442\u043e\u0434. \u041f\u0440\u0435\u043f\u0430\u0440\u0430\u0442 \u0442\u0430\u043a\u0436\u0435 \u043f\u0440\u0438\u043c\u0435\u043d\u044f\u0435\u0442\u0441\u044f \u0434\u043b\u044f \u043b\u0435\u0447\u0435\u043d\u0438\u044f \u0438 \u043a\u043e\u043d\u0442\u0440\u043e\u043b\u044f \u0436\u0435\u043b\u0443\u0434\u043e\u0447\u043d\u043e-\u043a\u0438\u0448\u0435\u0447\u043d\u044b\u0445 \u0438 \u043b\u0435\u0433\u043e\u0447\u043d\u044b\u0445 \u043d\u0435\u043c\u0430\u0442\u043e\u0434\u043e\u0437\u043e\u0432, \u0430 \u0442\u0430\u043a\u0436\u0435 \u0445\u0440\u043e\u043d\u0438\u0447\u0435\u0441\u043a\u043e\u0433\u043e \u0444\u0430\u0441\u0446\u0438\u043e\u043b\u0435\u0437\u0430.<\/p>\n<p data-start=\"511\" data-end=\"651\">\u0423\u043d\u0438\u0447\u0442\u043e\u0436\u0430\u0435\u0442 \u0432\u0437\u0440\u043e\u0441\u043b\u044b\u0445 \u043e\u0441\u043e\u0431\u0435\u0439 \u0438 \u043b\u0438\u0447\u0438\u043d\u043e\u043a \u0440\u0430\u0437\u043b\u0438\u0447\u043d\u044b\u0445 \u0432\u0438\u0434\u043e\u0432 \u043d\u0435\u043c\u0430\u0442\u043e\u0434. \u042d\u0444\u0444\u0435\u043a\u0442\u0438\u0432\u0435\u043d \u043f\u0440\u043e\u0442\u0438\u0432 \u0441\u043b\u0435\u0434\u0443\u044e\u0449\u0438\u0445 \u0433\u043b\u0438\u0441\u0442\u043e\u0432 \u0438 \u043b\u0435\u043d\u0442\u043e\u0447\u043d\u044b\u0445 \u0447\u0435\u0440\u0432\u0435\u0439:<\/p>\n<ul data-start=\"653\" data-end=\"921\">\n<li data-start=\"653\" data-end=\"728\">\n<p data-start=\"655\" data-end=\"728\">\u0412 \u043a\u0443\u043b\u044c\u0442\u0438\u0432\u0438\u0440\u0443\u0435\u043c\u043e\u043c \u0441\u044b\u0447\u0443\u0433\u0435: \u0432\u0438\u0434\u044b Haemonchus, Ostertagia \u0438 Trichostrongylus<\/p>\n<\/li>\n<li data-start=\"729\" data-end=\"837\">\n<p data-start=\"731\" data-end=\"837\">\u0412 \u043a\u0438\u0448\u0435\u0447\u043d\u0438\u043a\u0435: \u0432\u0438\u0434\u044b Trichostrongylus, Cooperia, Nematodirus, Oesophagostomum, Chabertia \u0438 Bunostomum.<\/p>\n<\/li>\n<li data-start=\"838\" data-end=\"921\">\n<p data-start=\"840\" data-end=\"921\">\u0412 \u043b\u0435\u0433\u043a\u0438\u0445: \u0432\u0438\u0434\u044b Dictyocaulus, \u0432\u043a\u043b\u044e\u0447\u0430\u044f \u043b\u0438\u0447\u0438\u043d\u043a\u0438 D. viviparus \u0443 \u043a\u043e\u0440\u043e\u0432.<\/p>\n<\/li>\n<\/ul>\n<p data-start=\"923\" data-end=\"1025\">\u0423\u043d\u0438\u0447\u0442\u043e\u0436\u0430\u0435\u0442 \u043f\u0440\u0430\u043a\u0442\u0438\u0447\u0435\u0441\u043a\u0438 \u0432\u0441\u0435\u0445 \u043b\u0435\u043d\u0442\u043e\u0447\u043d\u044b\u0445 \u0447\u0435\u0440\u0432\u0435\u0439 (Fasciola spp.), \u043f\u0440\u0438\u0441\u0443\u0442\u0441\u0442\u0432\u0443\u044e\u0449\u0438\u0445 \u0432 \u0436\u0435\u043b\u0447\u043d\u044b\u0445 \u043f\u0440\u043e\u0442\u043e\u043a\u0430\u0445 \u043f\u0435\u0447\u0435\u043d\u0438.<\/p>\n<hr data-start=\"1027\" data-end=\"1030\" \/>\n<p data-start=\"1032\" data-end=\"1060\"><strong data-start=\"1032\" data-end=\"1060\">\u0414\u041e\u0417\u0418\u0420\u041e\u0412\u041a\u0410 \u0418 \u0421\u041f\u041e\u0421\u041e\u0411 \u041f\u0420\u0418\u041c\u0415\u041d\u0415\u041d\u0418\u042f:<\/strong><\/p>\n<ul data-start=\"1062\" data-end=\"1157\">\n<li data-start=\"1062\" data-end=\"1105\">\n<p data-start=\"1064\" data-end=\"1105\"><strong data-start=\"1064\" data-end=\"1073\">\u041a\u043e\u0440\u043e\u0432\u0430:<\/strong> 2,5 \u043c\u043b \u043d\u0430 10 \u043a\u0433 \u0436\u0438\u0432\u043e\u0433\u043e \u0432\u0435\u0441\u0430<\/p>\n<\/li>\n<li data-start=\"1106\" data-end=\"1157\">\n<p data-start=\"1108\" data-end=\"1157\"><strong data-start=\"1108\" data-end=\"1126\">\u041e\u0432\u0446\u044b \u0438 \u043a\u043e\u0437\u044b:<\/strong> 0,5 \u043c\u043b \u043d\u0430 2 \u043a\u0433 \u0436\u0438\u0432\u043e\u0433\u043e \u0432\u0435\u0441\u0430<\/p>\n<\/li>\n<\/ul>\n<\/div>\n<p><!-- .vgblk-rw-wrapper --><\/p>","protected":false},"excerpt":{"rendered":"<p>T\u018fRK\u0130B\u0130: H\u0259r ml-d\u0259: Levamizol HCl \u2026\u2026\u2026\u2026\u2026\u2026\u2026\u2026\u2026\u2026\u2026 30 mq Oksiklozanid \u2026\u2026\u2026\u2026\u2026\u2026\u2026\u2026\u2026\u2026\u2026\u2026 60 mq \u018ftirli \u015fir\u0259li baza \u2026\u2026\u2026\u2026\u2026\u2026\u2026\u2026\u2026\u2026 q.s. R\u0259ng: T\u0259sdiql\u0259nmi\u015f r\u0259ng istifad\u0259 olunur K\u00f6m\u0259k\u00e7i madd\u0259l\u0259r \u2026\u2026\u2026\u2026\u2026\u2026\u2026\u2026\u2026\u2026 q.s. G\u00d6ST\u018fR\u0130\u015eL\u018fR: \u0130n\u0259k, qoyun v\u0259 ke\u00e7il\u0259rd\u0259 qaraciy\u0259r f\u0259s\u0259l\u0259rinin (liver fluke), yumruqurdlar\u0131n v\u0259 a\u011fciy\u0259r qurdlar\u0131n\u0131n m\u00fcalic\u0259si \u00fc\u00e7\u00fcn istifad\u0259 olunur. H\u0259m\u00e7inin m\u0259d\u0259-ba\u011f\u0131rsaq v\u0259 a\u011fciy\u0259r nematodlar\u0131n\u0131n infeksiyalar\u0131n\u0131n v\u0259 xroniki fasciolyaz\u0131n m\u00fcalic\u0259si v\u0259 n\u0259zar\u0259ti&#8230;<\/p>","protected":false},"featured_media":989048,"comment_status":"closed","ping_status":"closed","template":"","meta":{"nf_dc_page":"","_monsterinsights_skip_tracking":false,"_monsterinsights_sitenote_active":false,"_monsterinsights_sitenote_note":"","_monsterinsights_sitenote_category":0},"product_brand":[],"product_cat":[108,251,114],"product_tag":[],"class_list":{"0":"post-989047","1":"product","2":"type-product","3":"status-publish","4":"has-post-thumbnail","6":"product_cat-cow","7":"product_cat-veterinary-products","8":"product_cat-sheep","10":"first","11":"instock","12":"shipping-taxable","13":"product-type-simple"},"jetpack_sharing_enabled":true,"_links":{"self":[{"href":"https:\/\/agrovetazerbaijan.az\/ru\/wp-json\/wp\/v2\/product\/989047","targetHints":{"allow":["GET"]}}],"collection":[{"href":"https:\/\/agrovetazerbaijan.az\/ru\/wp-json\/wp\/v2\/product"}],"about":[{"href":"https:\/\/agrovetazerbaijan.az\/ru\/wp-json\/wp\/v2\/types\/product"}],"replies":[{"embeddable":true,"href":"https:\/\/agrovetazerbaijan.az\/ru\/wp-json\/wp\/v2\/comments?post=989047"}],"version-history":[{"count":2,"href":"https:\/\/agrovetazerbaijan.az\/ru\/wp-json\/wp\/v2\/product\/989047\/revisions"}],"predecessor-version":[{"id":989777,"href":"https:\/\/agrovetazerbaijan.az\/ru\/wp-json\/wp\/v2\/product\/989047\/revisions\/989777"}],"wp:featuredmedia":[{"embeddable":true,"href":"https:\/\/agrovetazerbaijan.az\/ru\/wp-json\/wp\/v2\/media\/989048"}],"wp:attachment":[{"href":"https:\/\/agrovetazerbaijan.az\/ru\/wp-json\/wp\/v2\/media?parent=989047"}],"wp:term":[{"taxonomy":"product_brand","embeddable":true,"href":"https:\/\/agrovetazerbaijan.az\/ru\/wp-json\/wp\/v2\/product_brand?post=989047"},{"taxonomy":"product_cat","embeddable":true,"href":"https:\/\/agrovetazerbaijan.az\/ru\/wp-json\/wp\/v2\/product_cat?post=989047"},{"taxonomy":"product_tag","embeddable":true,"href":"https:\/\/agrovetazerbaijan.az\/ru\/wp-json\/wp\/v2\/product_tag?post=989047"}],"curies":[{"name":"WP","href":"https:\/\/api.w.org\/{rel}","templated":true}]}}