{"id":989041,"date":"2025-03-20T11:13:16","date_gmt":"2025-03-20T11:13:16","guid":{"rendered":"https:\/\/agrovetazerbaijan.az\/?post_type=product&#038;p=989041"},"modified":"2025-06-30T23:53:55","modified_gmt":"2025-06-30T23:53:55","slug":"murtryp-rtu-injection","status":"publish","type":"product","link":"https:\/\/agrovetazerbaijan.az\/ru\/product\/murtryp-rtu-injection\/","title":{"rendered":"\u0418\u043d\u044a\u0435\u043a\u0446\u0438\u044f MURTRYP RTU"},"content":{"rendered":"<div class=\"vgblk-rw-wrapper limit-wrapper\">\n<p data-start=\"0\" data-end=\"12\"><strong data-start=\"0\" data-end=\"12\">\u0421\u041e\u0421\u0422\u0410\u0412:<\/strong><\/p>\n<p data-start=\"14\" data-end=\"26\">\u0412 \u043a\u0430\u0436\u0434\u043e\u043c \u043c\u043b:<\/p>\n<ul data-start=\"27\" data-end=\"124\">\n<li data-start=\"27\" data-end=\"61\">\n<p data-start=\"29\" data-end=\"61\">\u0414\u0438\u043c\u0438\u043d\u0430\u0437\u0435\u043d\u0430 \u0430\u0446\u0435\u0442\u0443\u0440\u0430\u0442 \u2026\u2026\u2026\u2026\u202670 \u043c\u0433<\/p>\n<\/li>\n<li data-start=\"62\" data-end=\"92\">\n<p data-start=\"64\" data-end=\"92\">\u0424\u0435\u043d\u0430\u0437\u043e\u043d \u2026\u2026\u2026\u2026\u2026\u2026\u2026375 \u043c\u0433<\/p>\n<\/li>\n<li data-start=\"93\" data-end=\"124\">\n<p data-start=\"95\" data-end=\"124\">\u0412\u043e\u0434\u0430 \u0434\u043b\u044f \u0438\u043d\u044a\u0435\u043a\u0446\u0438\u0439 \u2026\u2026\u2026\u2026\u2026\u2026\u2026qs<\/p>\n<\/li>\n<\/ul>\n<hr data-start=\"126\" data-end=\"129\" \/>\n<p data-start=\"131\" data-end=\"147\"><strong data-start=\"131\" data-end=\"147\">\u041f\u041e\u041a\u0410\u0417\u0410\u041d\u0418\u042f:<\/strong><\/p>\n<p data-start=\"149\" data-end=\"193\">\u0426\u0435\u043b\u0435\u0432\u044b\u0435 \u0432\u0438\u0434\u044b: \u043a\u043e\u0440\u043e\u0432\u044b, \u043e\u0432\u0446\u044b, \u043a\u043e\u0437\u044b, \u043b\u043e\u0448\u0430\u0434\u0438 \u0438 \u0441\u043e\u0431\u0430\u043a\u0438.<\/p>\n<p data-start=\"195\" data-end=\"266\"><strong data-start=\"195\" data-end=\"210\">\u041c\u0423\u0420\u0422\u0420\u0418\u041f \u0420\u0422\u0423<\/strong> \u041f\u0440\u0438\u043c\u0435\u043d\u044f\u0435\u0442\u0441\u044f \u0434\u043b\u044f \u043b\u0435\u0447\u0435\u043d\u0438\u044f \u0441\u043b\u0435\u0434\u0443\u044e\u0449\u0438\u0445 \u0437\u0430\u0431\u043e\u043b\u0435\u0432\u0430\u043d\u0438\u0439:<\/p>\n<ul data-start=\"268\" data-end=\"577\">\n<li data-start=\"268\" data-end=\"354\">\n<p data-start=\"270\" data-end=\"354\">Trypanosoma congolense, T. vivax, T. brucei \u0438 T. evansi, \u0432\u044b\u0437\u044b\u0432\u0430\u044e\u0449\u0438\u0435 \u0442\u0440\u0438\u043f\u0430\u043d\u043e\u0441\u043e\u043c\u043e\u0437.<\/p>\n<\/li>\n<li data-start=\"355\" data-end=\"447\">\n<p data-start=\"357\" data-end=\"447\">Babesia bovis, B. bigemina, B. ovis, B. motasi, B. canis \u0438 B. equi, \u0432\u044b\u0437\u044b\u0432\u0430\u044e\u0449\u0438\u0435 \u0431\u0430\u0431\u0435\u0437\u0438\u043e\u0437.<\/p>\n<\/li>\n<li data-start=\"448\" data-end=\"523\">\n<p data-start=\"450\" data-end=\"523\">Theileria annulata, \u0432\u044b\u0437\u044b\u0432\u0430\u044e\u0449\u0430\u044f \u0442\u0435\u0439\u043b\u0435\u0440\u0438\u043e\u0437 (\u043f\u0440\u0438 \u043f\u0440\u0438\u043c\u0435\u043d\u0435\u043d\u0438\u0438 \u0441\u043e\u043e\u0442\u0432\u0435\u0442\u0441\u0442\u0432\u0443\u044e\u0449\u0438\u0445 \u0430\u043d\u0442\u0438\u0431\u0438\u043e\u0442\u0438\u043a\u043e\u0432)<\/p>\n<\/li>\n<li data-start=\"524\" data-end=\"577\">\n<p data-start=\"526\" data-end=\"577\">\u041b\u0438\u0445\u043e\u0440\u0430\u0434\u043a\u0430 \u043d\u0435\u0438\u0437\u0432\u0435\u0441\u0442\u043d\u043e\u0433\u043e \u043f\u0440\u043e\u0438\u0441\u0445\u043e\u0436\u0434\u0435\u043d\u0438\u044f (\u043f\u0438\u0440\u0435\u043a\u0441\u0438\u044f) \u0443 \u043a\u043e\u0440\u043e\u0432<\/p>\n<\/li>\n<\/ul>\n<p data-start=\"579\" data-end=\"692\"><strong data-start=\"579\" data-end=\"594\">\u041c\u0423\u0420\u0422\u0420\u0418\u041f \u0420\u0422\u0423<\/strong> \u0415\u0433\u043e \u043c\u043e\u0436\u043d\u043e \u043f\u0440\u0438\u043c\u0435\u043d\u044f\u0442\u044c \u0432 \u0442\u0435\u0447\u0435\u043d\u0438\u0435 2\u20133 \u043d\u0435\u0434\u0435\u043b\u044c \u0432 \u043a\u0430\u0447\u0435\u0441\u0442\u0432\u0435 \u043f\u0440\u043e\u0444\u0438\u043b\u0430\u043a\u0442\u0438\u0447\u0435\u0441\u043a\u043e\u0433\u043e \u0441\u0440\u0435\u0434\u0441\u0442\u0432\u0430 \u043f\u0440\u043e\u0442\u0438\u0432 \u0442\u0440\u0438\u043f\u0430\u043d\u043e\u0441\u043e\u043c\u043e\u0437\u0430 \u0438 \u0431\u0430\u0431\u0435\u0437\u0438\u043e\u0437\u0430.<\/p>\n<hr data-start=\"694\" data-end=\"697\" \/>\n<p data-start=\"699\" data-end=\"727\"><strong data-start=\"699\" data-end=\"727\">\u0414\u041e\u0417\u0418\u0420\u041e\u0412\u041a\u0410 \u0418 \u0421\u041f\u041e\u0421\u041e\u0411 \u041f\u0420\u0418\u041c\u0415\u041d\u0415\u041d\u0418\u042f:<\/strong><\/p>\n<p data-start=\"729\" data-end=\"808\">\u041f\u0440\u0435\u043f\u0430\u0440\u0430\u0442 \u0440\u0435\u043a\u043e\u043c\u0435\u043d\u0434\u0443\u0435\u0442\u0441\u044f \u0432\u0432\u043e\u0434\u0438\u0442\u044c \u043f\u0443\u0442\u0435\u043c \u0438\u043d\u044a\u0435\u043a\u0446\u0438\u0438 \u0433\u043b\u0443\u0431\u043e\u043a\u043e \u0432 \u043c\u044b\u0448\u0446\u0443 \u0448\u0435\u0438 (\u0432\u043d\u0443\u0442\u0440\u0438\u043c\u044b\u0448\u0435\u0447\u043d\u043e).<\/p>\n<ul data-start=\"810\" data-end=\"1059\" data-is-last-node=\"\" data-is-only-node=\"\">\n<li data-start=\"810\" data-end=\"950\">\n<p data-start=\"812\" data-end=\"950\">\u0420\u0435\u043a\u043e\u043c\u0435\u043d\u0434\u0443\u0435\u043c\u0430\u044f \u0434\u043e\u0437\u0430: 3,5-5 \u043c\u0433 \u0434\u0438\u043c\u0438\u043d\u0430\u0437\u0435\u043d\u0430 \u0430\u0446\u0435\u0442\u0443\u0440\u0430\u0442\u0430 \u043d\u0430 1 \u043a\u0433 \u0436\u0438\u0432\u043e\u0439 \u043c\u0430\u0441\u0441\u044b, \u0447\u0442\u043e \u0441\u043e\u0441\u0442\u0430\u0432\u043b\u044f\u0435\u0442 1-2 \u043c\u043b \u043d\u0430 20 \u043a\u0433 \u0436\u0438\u0432\u043e\u0439 \u043c\u0430\u0441\u0441\u044b. <strong data-start=\"920\" data-end=\"935\">\u041c\u0423\u0420\u0422\u0420\u0418\u041f \u0420\u0422\u0423<\/strong>\u0440\u0430\u0432\u043d\u043e.<\/p>\n<\/li>\n<li data-start=\"952\" data-end=\"1059\" data-is-last-node=\"\">\n<p data-start=\"954\" data-end=\"1059\" data-is-last-node=\"\">\n<\/li>\n<\/ul>\n<\/div>\n<p><!-- .vgblk-rw-wrapper --><\/p>","protected":false},"excerpt":{"rendered":"<p>T\u018fRK\u0130B\u0130: H\u0259r ml-d\u0259: Diminazene Aseturat \u2026\u2026\u2026\u2026\u202670 mq Fenazon \u2026\u2026\u2026\u2026\u2026\u2026\u2026\u2026\u2026\u2026\u2026\u2026375 mq \u0130nyeksiya \u00fc\u00e7\u00fcn su \u2026\u2026\u2026\u2026\u2026\u2026\u2026q.s. G\u00d6ST\u018fR\u0130\u015eL\u018fR: H\u0259d\u0259f n\u00f6vl\u0259r: \u0130n\u0259k, qoyun, ke\u00e7i, at v\u0259 itl\u0259r MURTRYP RTU a\u015fa\u011f\u0131dak\u0131 x\u0259st\u0259likl\u0259rin m\u00fcalic\u0259si \u00fc\u00e7\u00fcn istifad\u0259 olunur: Trypanosomiaza s\u0259b\u0259b olan Trypanosoma congolense, T. vivax, T. brucei v\u0259 T. evansi Babesioza s\u0259b\u0259b olan Babesia bovis, B. bigemina, B. ovis, B. motasi, B&#8230;.<\/p>","protected":false},"featured_media":989042,"comment_status":"closed","ping_status":"closed","template":"","meta":{"nf_dc_page":"","_monsterinsights_skip_tracking":false,"_monsterinsights_sitenote_active":false,"_monsterinsights_sitenote_note":"","_monsterinsights_sitenote_category":0},"product_brand":[],"product_cat":[108,251],"product_tag":[],"class_list":{"0":"post-989041","1":"product","2":"type-product","3":"status-publish","4":"has-post-thumbnail","6":"product_cat-cow","7":"product_cat-veterinary-products","9":"first","10":"instock","11":"shipping-taxable","12":"product-type-simple"},"jetpack_sharing_enabled":true,"_links":{"self":[{"href":"https:\/\/agrovetazerbaijan.az\/ru\/wp-json\/wp\/v2\/product\/989041","targetHints":{"allow":["GET"]}}],"collection":[{"href":"https:\/\/agrovetazerbaijan.az\/ru\/wp-json\/wp\/v2\/product"}],"about":[{"href":"https:\/\/agrovetazerbaijan.az\/ru\/wp-json\/wp\/v2\/types\/product"}],"replies":[{"embeddable":true,"href":"https:\/\/agrovetazerbaijan.az\/ru\/wp-json\/wp\/v2\/comments?post=989041"}],"version-history":[{"count":2,"href":"https:\/\/agrovetazerbaijan.az\/ru\/wp-json\/wp\/v2\/product\/989041\/revisions"}],"predecessor-version":[{"id":989778,"href":"https:\/\/agrovetazerbaijan.az\/ru\/wp-json\/wp\/v2\/product\/989041\/revisions\/989778"}],"wp:featuredmedia":[{"embeddable":true,"href":"https:\/\/agrovetazerbaijan.az\/ru\/wp-json\/wp\/v2\/media\/989042"}],"wp:attachment":[{"href":"https:\/\/agrovetazerbaijan.az\/ru\/wp-json\/wp\/v2\/media?parent=989041"}],"wp:term":[{"taxonomy":"product_brand","embeddable":true,"href":"https:\/\/agrovetazerbaijan.az\/ru\/wp-json\/wp\/v2\/product_brand?post=989041"},{"taxonomy":"product_cat","embeddable":true,"href":"https:\/\/agrovetazerbaijan.az\/ru\/wp-json\/wp\/v2\/product_cat?post=989041"},{"taxonomy":"product_tag","embeddable":true,"href":"https:\/\/agrovetazerbaijan.az\/ru\/wp-json\/wp\/v2\/product_tag?post=989041"}],"curies":[{"name":"WP","href":"https:\/\/api.w.org\/{rel}","templated":true}]}}