{"id":989008,"date":"2025-03-20T10:54:22","date_gmt":"2025-03-20T10:54:22","guid":{"rendered":"https:\/\/agrovetazerbaijan.az\/?post_type=product&#038;p=989008"},"modified":"2025-07-14T21:47:02","modified_gmt":"2025-07-14T21:47:02","slug":"flumax-pour-on","status":"publish","type":"product","link":"https:\/\/agrovetazerbaijan.az\/ru\/product\/flumax-pour-on\/","title":{"rendered":"FLUMAX Pour-On"},"content":{"rendered":"<div class=\"vgblk-rw-wrapper limit-wrapper\">\n<h3 data-start=\"44\" data-end=\"56\">\u0418\u043d\u0433\u0440\u0435\u0434\u0438\u0435\u043d\u0442\u044b:<\/h3>\n<p data-start=\"58\" data-end=\"78\">\u0412 \u043a\u0430\u0436\u0434\u043e\u043c \u043c\u0438\u043b\u043b\u0438\u043b\u0438\u0442\u0440\u0435:<\/p>\n<ul data-start=\"79\" data-end=\"197\">\n<li data-start=\"79\" data-end=\"142\">\n<p data-start=\"81\" data-end=\"142\">Flumetrin &#8230;&#8230;&#8230;&#8230;&#8230;&#8230;&#8230;&#8230;&#8230;&#8230;&#8230;&#8230;&#8230;&#8230;. 10 mg<\/p>\n<\/li>\n<li data-start=\"143\" data-end=\"197\">\n<p data-start=\"145\" data-end=\"197\">H\u0259lledicil\u0259r v\u0259 da\u015f\u0131y\u0131c\u0131lar &#8230;&#8230;&#8230;&#8230;&#8230;.. q.s.<\/p>\n<\/li>\n<\/ul>\n<hr data-start=\"199\" data-end=\"202\" \/>\n<h3 data-start=\"204\" data-end=\"224\">\u041e\u0431\u043b\u0430\u0441\u0442\u044c \u043f\u0440\u0438\u043c\u0435\u043d\u0435\u043d\u0438\u044f:<\/h3>\n<p data-start=\"226\" data-end=\"476\">\u0414\u043b\u044f \u0431\u043e\u0440\u044c\u0431\u044b \u0441 \u043c\u0443\u0440\u0430\u0432\u044c\u044f\u043c\u0438 (\u043b\u0438\u0447\u0438\u043d\u043a\u0438, \u043d\u0438\u043c\u0444\u044b \u0438 \u0432\u0437\u0440\u043e\u0441\u043b\u044b\u0435 \u043e\u0441\u043e\u0431\u0438), \u0432\u0448\u0430\u043c\u0438 \u0438 \u043f\u0441\u043e\u0440\u043e\u043f\u0442\u043e\u0437\u043d\u044b\u043c\u0438 \u043a\u043b\u0435\u0449\u0430\u043c\u0438 \u0443 \u043a\u0440\u0443\u043f\u043d\u043e\u0433\u043e \u0440\u043e\u0433\u0430\u0442\u043e\u0433\u043e \u0441\u043a\u043e\u0442\u0430, \u043e\u0432\u0435\u0446 \u0438 \u043a\u043e\u0437. \u0422\u0430\u043a\u0436\u0435 \u044d\u0444\u0444\u0435\u043a\u0442\u0438\u0432\u0435\u043d \u043f\u0440\u043e\u0442\u0438\u0432 \u0432\u0438\u0434\u043e\u0432, \u0443\u0441\u0442\u043e\u0439\u0447\u0438\u0432\u044b\u0445 \u043a \u043a\u0430\u0440\u0431\u0430\u043c\u0430\u0442\u0430\u043c, \u0445\u043b\u043e\u0440\u0438\u0440\u043e\u0432\u0430\u043d\u043d\u044b\u043c \u0443\u0433\u043b\u0435\u0432\u043e\u0434\u043e\u0440\u043e\u0434\u0430\u043c, \u043e\u0440\u0433\u0430\u043d\u043e\u0444\u043e\u0441\u0444\u0430\u0442\u0430\u043c \u0438 \u0445\u043b\u043e\u0440\u043e\u0440\u0433\u0430\u043d\u0438\u0447\u0435\u0441\u043a\u0438\u043c \u0441\u043e\u0435\u0434\u0438\u043d\u0435\u043d\u0438\u044f\u043c.<\/p>\n<hr data-start=\"478\" data-end=\"481\" \/>\n<h3 data-start=\"483\" data-end=\"504\">\u0418\u043d\u0441\u0442\u0440\u0443\u043a\u0446\u0438\u044f \u043f\u043e \u043f\u0440\u0438\u043c\u0435\u043d\u0435\u043d\u0438\u044e:<\/h3>\n<p data-start=\"506\" data-end=\"535\">\u0422\u043e\u043b\u044c\u043a\u043e \u0434\u043b\u044f \u043d\u0430\u0440\u0443\u0436\u043d\u043e\u0433\u043e \u043f\u0440\u0438\u043c\u0435\u043d\u0435\u043d\u0438\u044f.<\/p>\n<p data-start=\"537\" data-end=\"738\">\u0414\u043e\u0437\u0430 \u0441\u043e\u0441\u0442\u0430\u0432\u043b\u044f\u0435\u0442 1 \u043c\u0433 \u0444\u043b\u0443\u043c\u0435\u0442\u0440\u0438\u043d\u0430 \u043d\u0430 1 \u043a\u0433 \u043c\u0430\u0441\u0441\u044b \u0442\u0435\u043b\u0430, \u0442\u043e \u0435\u0441\u0442\u044c 1 \u043c\u043b \u043f\u0440\u0435\u043f\u0430\u0440\u0430\u0442\u0430 \u0424\u041b\u042e\u041c\u0410\u041a\u0421 \u043d\u0430 10 \u043a\u0433 \u043c\u0430\u0441\u0441\u044b \u0442\u0435\u043b\u0430. \u041f\u0440\u0435\u043f\u0430\u0440\u0430\u0442 \u043d\u0430\u043d\u043e\u0441\u044f\u0442 \u0440\u0430\u0432\u043d\u043e\u043c\u0435\u0440\u043d\u043e, \u043d\u0430\u0447\u0438\u043d\u0430\u044f \u0441 \u0441\u0435\u0440\u0435\u0434\u0438\u043d\u044b \u0441\u043f\u0438\u043d\u044b, \u043e\u0442 \u043f\u0435\u0440\u0435\u0434\u043d\u0435\u0439 \u0447\u0430\u0441\u0442\u0438 \u043f\u043b\u0435\u0447\u0430 \u0434\u043e \u0445\u0432\u043e\u0441\u0442\u0430.<\/p>\n<\/div>\n<p><!-- .vgblk-rw-wrapper --><\/p>","protected":false},"excerpt":{"rendered":"<p>T\u0259rkibi: H\u0259r millilitrind\u0259: Flumetrin &#8230;&#8230;&#8230;&#8230;&#8230;&#8230;&#8230;&#8230;&#8230;&#8230;&#8230;&#8230;&#8230;&#8230;. 10 mg H\u0259lledicil\u0259r v\u0259 da\u015f\u0131y\u0131c\u0131lar &#8230;&#8230;&#8230;&#8230;&#8230;.. q.s. \u0130stifad\u0259 sah\u0259si: S\u0131\u011f\u0131r, qoyun v\u0259 ke\u00e7il\u0259rd\u0259 qar\u0131\u015fqalar (larva, nymph v\u0259 yetkin), bitl\u0259r v\u0259 psoroptik g\u0259n\u0259l\u0259r\u0259 qar\u015f\u0131 m\u00fcbariz\u0259 v\u0259 yox etm\u0259k \u00fc\u00e7\u00fcn. Karbamatlara, xlorlu hidrokarbonlara, orqanofosfatlara v\u0259 orqanklorlu birl\u0259\u015fm\u0259l\u0259r\u0259 davaml\u0131 olan n\u00f6vl\u0259r\u0259 qar\u015f\u0131 da t\u0259sirlidir. \u0130stifad\u0259 qaydas\u0131: Yaln\u0131z xarici t\u0259tbiq \u00fc\u00e7\u00fcnd\u00fcr. B\u0259d\u0259n \u00e7\u0259kisinin h\u0259r&#8230;<\/p>","protected":false},"featured_media":989009,"comment_status":"closed","ping_status":"closed","template":"","meta":{"nf_dc_page":"","_monsterinsights_skip_tracking":false,"_monsterinsights_sitenote_active":false,"_monsterinsights_sitenote_note":"","_monsterinsights_sitenote_category":0},"product_brand":[],"product_cat":[108,251],"product_tag":[],"class_list":{"0":"post-989008","1":"product","2":"type-product","3":"status-publish","4":"has-post-thumbnail","6":"product_cat-cow","7":"product_cat-veterinary-products","9":"first","10":"instock","11":"shipping-taxable","12":"product-type-simple"},"jetpack_sharing_enabled":true,"_links":{"self":[{"href":"https:\/\/agrovetazerbaijan.az\/ru\/wp-json\/wp\/v2\/product\/989008","targetHints":{"allow":["GET"]}}],"collection":[{"href":"https:\/\/agrovetazerbaijan.az\/ru\/wp-json\/wp\/v2\/product"}],"about":[{"href":"https:\/\/agrovetazerbaijan.az\/ru\/wp-json\/wp\/v2\/types\/product"}],"replies":[{"embeddable":true,"href":"https:\/\/agrovetazerbaijan.az\/ru\/wp-json\/wp\/v2\/comments?post=989008"}],"version-history":[{"count":2,"href":"https:\/\/agrovetazerbaijan.az\/ru\/wp-json\/wp\/v2\/product\/989008\/revisions"}],"predecessor-version":[{"id":990003,"href":"https:\/\/agrovetazerbaijan.az\/ru\/wp-json\/wp\/v2\/product\/989008\/revisions\/990003"}],"wp:featuredmedia":[{"embeddable":true,"href":"https:\/\/agrovetazerbaijan.az\/ru\/wp-json\/wp\/v2\/media\/989009"}],"wp:attachment":[{"href":"https:\/\/agrovetazerbaijan.az\/ru\/wp-json\/wp\/v2\/media?parent=989008"}],"wp:term":[{"taxonomy":"product_brand","embeddable":true,"href":"https:\/\/agrovetazerbaijan.az\/ru\/wp-json\/wp\/v2\/product_brand?post=989008"},{"taxonomy":"product_cat","embeddable":true,"href":"https:\/\/agrovetazerbaijan.az\/ru\/wp-json\/wp\/v2\/product_cat?post=989008"},{"taxonomy":"product_tag","embeddable":true,"href":"https:\/\/agrovetazerbaijan.az\/ru\/wp-json\/wp\/v2\/product_tag?post=989008"}],"curies":[{"name":"WP","href":"https:\/\/api.w.org\/{rel}","templated":true}]}}