{"id":989004,"date":"2025-03-20T10:53:02","date_gmt":"2025-03-20T10:53:02","guid":{"rendered":"https:\/\/agrovetazerbaijan.az\/?post_type=product&#038;p=989004"},"modified":"2025-06-30T23:02:42","modified_gmt":"2025-06-30T23:02:42","slug":"fenacure-750-bolus","status":"publish","type":"product","link":"https:\/\/agrovetazerbaijan.az\/ru\/product\/fenacure-750-bolus\/","title":{"rendered":"\u0424\u0415\u041d\u0410\u041a\u042e\u0420 750 \u0411\u043e\u043b\u044e\u0441"},"content":{"rendered":"<div class=\"vgblk-rw-wrapper limit-wrapper\">\n<p data-start=\"0\" data-end=\"12\"><strong data-start=\"0\" data-end=\"12\">\u0421\u041e\u0421\u0422\u0410\u0412:<\/strong><\/p>\n<p data-start=\"14\" data-end=\"63\">\u0412 \u043a\u0430\u0436\u0434\u043e\u043c \u0431\u043e\u043b\u044e\u0441\u0435:<br data-start=\"30\" data-end=\"33\" \/>\u0424\u0435\u043d\u0431\u0435\u043d\u0434\u0430\u0437\u043e\u043b \u2026\u2026\u2026\u2026\u2026\u2026..\u2026.\u2026.750 \u043c\u0433<\/p>\n<hr data-start=\"65\" data-end=\"68\" \/>\n<p data-start=\"70\" data-end=\"86\"><strong data-start=\"70\" data-end=\"86\">\u041f\u041e\u041a\u0410\u0417\u0410\u041d\u0418\u042f:<\/strong><\/p>\n<p data-start=\"88\" data-end=\"176\"><strong data-start=\"88\" data-end=\"104\">\u0424\u0415\u041d\u0410\u041a\u042e\u0420 750<\/strong> \u041f\u0440\u0438\u043c\u0435\u043d\u044f\u0435\u0442\u0441\u044f \u0434\u043b\u044f \u0443\u0434\u0430\u043b\u0435\u043d\u0438\u044f \u0438 \u0431\u043e\u0440\u044c\u0431\u044b \u0441\u043e \u0441\u043b\u0435\u0434\u0443\u044e\u0449\u0438\u043c\u0438 \u043f\u0430\u0440\u0430\u0437\u0438\u0442\u0430\u043c\u0438:<\/p>\n<ul data-start=\"177\" data-end=\"355\">\n<li data-start=\"177\" data-end=\"245\">\n<p data-start=\"179\" data-end=\"245\">\u0416\u0435\u043b\u0443\u0434\u043e\u0447\u043d\u043e-\u043a\u0438\u0448\u0435\u0447\u043d\u044b\u0435 \u0430\u0441\u043a\u0430\u0440\u0438\u0434\u044b (\u0432\u0437\u0440\u043e\u0441\u043b\u044b\u0435 \u043e\u0441\u043e\u0431\u0438 \u0438 \u043b\u0438\u0447\u0438\u043d\u043a\u0438 4-\u0439 \u0441\u0442\u0430\u0434\u0438\u0438)<\/p>\n<\/li>\n<li data-start=\"246\" data-end=\"298\">\n<p data-start=\"248\" data-end=\"298\">\u041b\u0435\u0433\u043e\u0447\u043d\u044b\u0435 \u0447\u0435\u0440\u0432\u0438 (\u0432\u0437\u0440\u043e\u0441\u043b\u044b\u0435 \u0438 \u043b\u0438\u0447\u0438\u043d\u043e\u0447\u043d\u044b\u0435 \u0441\u0442\u0430\u0434\u0438\u0438)<\/p>\n<\/li>\n<li data-start=\"299\" data-end=\"318\">\n<p data-start=\"301\" data-end=\"318\">\u0410\u043d\u043a\u0438\u043b\u043e\u0441\u0442\u043e\u043c\u044b<\/p>\n<\/li>\n<li data-start=\"319\" data-end=\"355\">\n<p data-start=\"321\" data-end=\"355\">\u041b\u0435\u043d\u0442\u043e\u0447\u043d\u044b\u0435 \u0447\u0435\u0440\u0432\u0438 (\u0433\u043e\u043b\u043e\u0432\u043a\u0430 \u0438 \u0441\u0435\u0433\u043c\u0435\u043d\u0442\u044b)<\/p>\n<\/li>\n<\/ul>\n<hr data-start=\"357\" data-end=\"360\" \/>\n<p data-start=\"362\" data-end=\"390\"><strong data-start=\"362\" data-end=\"390\">\u0414\u041e\u0417\u0418\u0420\u041e\u0412\u041a\u0410 \u0418 \u0421\u041f\u041e\u0421\u041e\u0411 \u041f\u0420\u0418\u041c\u0415\u041d\u0415\u041d\u0418\u042f:<\/strong><\/p>\n<ul data-start=\"392\" data-end=\"552\" data-is-last-node=\"\" data-is-only-node=\"\">\n<li data-start=\"392\" data-end=\"469\">\n<p data-start=\"394\" data-end=\"469\"><strong data-start=\"394\" data-end=\"403\">\u041a\u043e\u0440\u043e\u0432\u0430:<\/strong> 1 \u0431\u043e\u043b\u044e\u0441 \u043d\u0430 75 \u043a\u0433 \u0436\u0438\u0432\u043e\u0433\u043e \u0432\u0435\u0441\u0430 <strong data-start=\"435\" data-end=\"451\">\u0424\u0415\u041d\u0410\u041a\u042e\u0420 750<\/strong> \u0434\u0430\u043d\u043e \u0443\u0441\u0442\u043d\u043e<\/p>\n<\/li>\n<li data-start=\"470\" data-end=\"552\" data-is-last-node=\"\">\n<p data-start=\"472\" data-end=\"552\" data-is-last-node=\"\"><strong data-start=\"472\" data-end=\"487\">\u041b\u043e\u0448\u0430\u0434\u044c \u0438 \u0412\u0435\u0440\u0431\u043b\u044e\u0434:<\/strong> 2 \u0431\u043e\u043b\u044e\u0441\u0430 \u043d\u0430 100 \u043a\u0433 \u0436\u0438\u0432\u043e\u0433\u043e \u0432\u0435\u0441\u0430 <strong data-start=\"520\" data-end=\"536\">\u0424\u0415\u041d\u0410\u041a\u042e\u0420 750<\/strong> \u0434\u0430\u043d\u043e \u0443\u0441\u0442\u043d\u043e<\/p>\n<\/li>\n<\/ul>\n<\/div>\n<p><!-- .vgblk-rw-wrapper --><\/p>","protected":false},"excerpt":{"rendered":"<p>T\u018fRK\u0130B\u0130: H\u0259r bir bolusda:Fenbendazol \u2026\u2026\u2026\u2026\u2026\u2026..\u2026.\u2026.750 mq G\u00d6ST\u018fR\u0130\u015eL\u018fR: FENACURE 750 a\u015fa\u011f\u0131dak\u0131 parazitl\u0259rin xaric edilm\u0259si v\u0259 n\u0259zar\u0259tind\u0259 istifad\u0259 olunur: M\u0259d\u0259-ba\u011f\u0131rsaq yumruqurdlar\u0131 (b\u00f6y\u00fckl\u0259r v\u0259 4-c\u00fc m\u0259rh\u0259l\u0259 s\u00fcrf\u0259l\u0259ri) A\u011fciy\u0259r qurdlar\u0131 (b\u00f6y\u00fckl\u0259r v\u0259 s\u00fcrf\u0259 m\u0259rh\u0259l\u0259l\u0259ri) Qarmaq qurdlar\u0131 Lent qurdlar\u0131 (ba\u015f v\u0259 seqmentl\u0259ri) DOZAJ V\u018f T\u018fTB\u0130Q QAYDASI: \u0130n\u0259k: H\u0259r 75 kq canl\u0131 \u00e7\u0259kiy\u0259 1 bolus FENACURE 750 a\u011f\u0131zdan verilir At v\u0259&#8230;<\/p>","protected":false},"featured_media":989005,"comment_status":"closed","ping_status":"closed","template":"","meta":{"nf_dc_page":"","_monsterinsights_skip_tracking":false,"_monsterinsights_sitenote_active":false,"_monsterinsights_sitenote_note":"","_monsterinsights_sitenote_category":0},"product_brand":[],"product_cat":[108,45,251],"product_tag":[],"class_list":{"0":"post-989004","1":"product","2":"type-product","3":"status-publish","4":"has-post-thumbnail","6":"product_cat-cow","7":"product_cat-horse","8":"product_cat-veterinary-products","10":"first","11":"instock","12":"shipping-taxable","13":"product-type-simple"},"jetpack_sharing_enabled":true,"_links":{"self":[{"href":"https:\/\/agrovetazerbaijan.az\/ru\/wp-json\/wp\/v2\/product\/989004","targetHints":{"allow":["GET"]}}],"collection":[{"href":"https:\/\/agrovetazerbaijan.az\/ru\/wp-json\/wp\/v2\/product"}],"about":[{"href":"https:\/\/agrovetazerbaijan.az\/ru\/wp-json\/wp\/v2\/types\/product"}],"replies":[{"embeddable":true,"href":"https:\/\/agrovetazerbaijan.az\/ru\/wp-json\/wp\/v2\/comments?post=989004"}],"version-history":[{"count":2,"href":"https:\/\/agrovetazerbaijan.az\/ru\/wp-json\/wp\/v2\/product\/989004\/revisions"}],"predecessor-version":[{"id":989760,"href":"https:\/\/agrovetazerbaijan.az\/ru\/wp-json\/wp\/v2\/product\/989004\/revisions\/989760"}],"wp:featuredmedia":[{"embeddable":true,"href":"https:\/\/agrovetazerbaijan.az\/ru\/wp-json\/wp\/v2\/media\/989005"}],"wp:attachment":[{"href":"https:\/\/agrovetazerbaijan.az\/ru\/wp-json\/wp\/v2\/media?parent=989004"}],"wp:term":[{"taxonomy":"product_brand","embeddable":true,"href":"https:\/\/agrovetazerbaijan.az\/ru\/wp-json\/wp\/v2\/product_brand?post=989004"},{"taxonomy":"product_cat","embeddable":true,"href":"https:\/\/agrovetazerbaijan.az\/ru\/wp-json\/wp\/v2\/product_cat?post=989004"},{"taxonomy":"product_tag","embeddable":true,"href":"https:\/\/agrovetazerbaijan.az\/ru\/wp-json\/wp\/v2\/product_tag?post=989004"}],"curies":[{"name":"WP","href":"https:\/\/api.w.org\/{rel}","templated":true}]}}