{"id":988803,"date":"2025-03-20T09:12:17","date_gmt":"2025-03-20T09:12:17","guid":{"rendered":"https:\/\/agrovetazerbaijan.az\/?post_type=product&#038;p=988803"},"modified":"2025-06-30T23:00:36","modified_gmt":"2025-06-30T23:00:36","slug":"butacure-injection","status":"publish","type":"product","link":"https:\/\/agrovetazerbaijan.az\/ru\/product\/butacure-injection\/","title":{"rendered":"\u0418\u043d\u044a\u0435\u043a\u0446\u0438\u0438 \u0411\u0423\u0422\u0410\u041a\u042e\u0420\u0410"},"content":{"rendered":"<div class=\"vgblk-rw-wrapper limit-wrapper\">\n<p data-start=\"0\" data-end=\"12\"><strong data-start=\"0\" data-end=\"12\">\u0421\u041e\u0421\u0422\u0410\u0412:<\/strong><\/p>\n<p data-start=\"14\" data-end=\"142\">\u0412 \u043a\u0430\u0436\u0434\u043e\u043c \u043c\u043b:<br data-start=\"24\" data-end=\"27\" \/>\u0411\u0443\u043f\u0430\u0440\u0432\u0430\u043a\u043e\u043d\u2026\u2026\u2026\u2026\u2026\u2026\u2026\u2026\u2026\u2026\u2026\u2026.50 \u043c\u0433<br data-start=\"53\" data-end=\"56\" \/>\u0421\u043e\u0440\u0431\u0438\u0442\u0430\u043d \u043c\u043e\u043d\u043e\u043e\u043b\u0435\u0430\u0442\u2026\u2026\u2026\u2026\u2026\u2026100 \u043c\u0433<br data-start=\"85\" data-end=\"88\" \/>(\u0412 \u043a\u0430\u0447\u0435\u0441\u0442\u0432\u0435 \u0445\u0440\u0430\u043d\u0438\u0442\u0435\u043b\u044f)<br data-start=\"104\" data-end=\"107\" \/>\u0412\u0441\u043f\u043e\u043c\u043e\u0433\u0430\u0442\u0435\u043b\u044c\u043d\u043e\u0435 \u0432\u0435\u0449\u0435\u0441\u0442\u0432\u043e \u043d\u0430 \u043c\u0430\u0441\u043b\u044f\u043d\u043e\u0439 \u043e\u0441\u043d\u043e\u0432\u0435\u2026\u2026\u2026\u2026\u2026\u2026\u2026\u2026qs<\/p>\n<hr data-start=\"144\" data-end=\"147\" \/>\n<p data-start=\"149\" data-end=\"165\"><strong data-start=\"149\" data-end=\"165\">\u041f\u041e\u041a\u0410\u0417\u0410\u041d\u0418\u042f:<\/strong><\/p>\n<p data-start=\"167\" data-end=\"403\">\u041f\u0440\u0435\u043f\u0430\u0440\u0430\u0442 \u043f\u0440\u0435\u0434\u043d\u0430\u0437\u043d\u0430\u0447\u0435\u043d \u0434\u043b\u044f \u043b\u0435\u0447\u0435\u043d\u0438\u044f \u0442\u0435\u0439\u043b\u0435\u0440\u0438\u043e\u0437\u0430 \u0443 \u043a\u043e\u0440\u043e\u0432, \u0432\u044b\u0437\u0432\u0430\u043d\u043d\u043e\u0433\u043e Theileria parva (\u0432\u043e\u0441\u0442\u043e\u0447\u043d\u043e\u0430\u0444\u0440\u0438\u043a\u0430\u043d\u0441\u043a\u0430\u044f \u043b\u0438\u0445\u043e\u0440\u0430\u0434\u043a\u0430), T. annulata (\u0442\u0440\u043e\u043f\u0438\u0447\u0435\u0441\u043a\u0438\u0439 \u0442\u0435\u0439\u043b\u0435\u0440\u0438\u043e\u0437), T. bovis, T. lawrencei, T. mutans \u0438 T. orientalis sergenti.<\/p>\n<hr data-start=\"405\" data-end=\"408\" \/>\n<p data-start=\"410\" data-end=\"438\"><strong data-start=\"410\" data-end=\"438\">\u0414\u041e\u0417\u0418\u0420\u041e\u0412\u041a\u0410 \u0418 \u0421\u041f\u041e\u0421\u041e\u0411 \u041f\u0420\u0418\u041c\u0415\u041d\u0415\u041d\u0418\u042f:<\/strong><\/p>\n<p data-start=\"440\" data-end=\"524\">\u041f\u0440\u0435\u043f\u0430\u0440\u0430\u0442 \u0432\u0432\u043e\u0434\u0438\u0442\u0441\u044f \u0442\u043e\u043b\u044c\u043a\u043e \u043f\u0443\u0442\u0435\u043c \u0432\u043d\u0443\u0442\u0440\u0438\u043c\u044b\u0448\u0435\u0447\u043d\u043e\u0439 \u0438\u043d\u044a\u0435\u043a\u0446\u0438\u0438 \u0432 \u043c\u044b\u0448\u0446\u044b \u0448\u0435\u0438.<\/p>\n<p data-start=\"526\" data-end=\"759\" data-is-last-node=\"\" data-is-only-node=\"\"><strong data-start=\"526\" data-end=\"543\">\u0414\u043b\u044f \u043a\u043e\u0440\u043e\u0432:<\/strong> 5 \u043c\u043b \u043d\u0430 100 \u043a\u0433 \u0436\u0438\u0432\u043e\u0433\u043e \u0432\u0435\u0441\u0430 <strong data-start=\"573\" data-end=\"585\">\u0411\u0423\u0422\u0410\u041a\u042e\u0420<\/strong> \u0418\u043d\u044a\u0435\u043a\u0446\u0438\u044f \u0432\u0432\u043e\u0434\u0438\u0442\u0441\u044f \u043e\u0434\u043d\u043e\u043a\u0440\u0430\u0442\u043d\u043e. \u0412 \u0442\u044f\u0436\u0451\u043b\u044b\u0445 \u0441\u043b\u0443\u0447\u0430\u044f\u0445 \u043b\u0435\u0447\u0435\u043d\u0438\u0435 \u043c\u043e\u0436\u043d\u043e \u043f\u043e\u0432\u0442\u043e\u0440\u0438\u0442\u044c \u0447\u0435\u0440\u0435\u0437 3\u20135 \u0434\u043d\u0435\u0439 \u043f\u043e\u0441\u043b\u0435 \u043f\u0435\u0440\u0432\u043e\u0439 \u0438\u043d\u044a\u0435\u043a\u0446\u0438\u0438. \u041d\u0435 \u0441\u043b\u0435\u0434\u0443\u0435\u0442 \u0432\u0432\u043e\u0434\u0438\u0442\u044c \u0431\u043e\u043b\u0435\u0435 10 \u043c\u043b \u043f\u0440\u0435\u043f\u0430\u0440\u0430\u0442\u0430 \u0432 \u043e\u0434\u043d\u043e \u043c\u0435\u0441\u0442\u043e \u0438\u043d\u044a\u0435\u043a\u0446\u0438\u0438.<\/p>\n<\/div>\n<p><!-- .vgblk-rw-wrapper --><\/p>","protected":false},"excerpt":{"rendered":"<p>T\u018fRK\u0130B\u0130: H\u0259r ml-d\u0259:Buparvakon\u2026\u2026\u2026\u2026\u2026\u2026\u2026\u2026\u2026\u2026.50 mqSorbitanmonooleat\u2026\u2026\u2026\u2026\u2026\u2026100 mq(Saxlay\u0131c\u0131 kimi)Ya\u011f \u0259sasl\u0131 k\u00f6m\u0259k\u00e7i madd\u0259\u2026\u2026\u2026\u2026\u2026\u2026\u2026q.s. G\u00d6ST\u018fR\u0130\u015eL\u018fR: Bu d\u0259rman in\u0259kl\u0259rd\u0259 Theileria parva (\u015e\u0259rqi Afrika q\u0131zd\u0131rmas\u0131), T. annulata (tropik theilerioz), T. bovis, T. lawrencei, T. mutans v\u0259 T. orientalis sergenti t\u0259r\u0259find\u0259n t\u00f6r\u0259dil\u0259n theilerioz x\u0259st\u0259liyinin m\u00fcalic\u0259si \u00fc\u00e7\u00fcn n\u0259z\u0259rd\u0259 tutulmu\u015fdur. DOZAJ V\u018f T\u018fTB\u0130Q QAYDASI: Yaln\u0131z \u0259z\u0259l\u0259daxili (IM) inyeksiya yolu il\u0259, boyun nahiy\u0259sinin \u0259z\u0259l\u0259l\u0259rin\u0259 yeridilir. \u0130n\u0259kl\u0259r&#8230;<\/p>","protected":false},"featured_media":988804,"comment_status":"closed","ping_status":"closed","template":"","meta":{"nf_dc_page":"","_monsterinsights_skip_tracking":false,"_monsterinsights_sitenote_active":false,"_monsterinsights_sitenote_note":"","_monsterinsights_sitenote_category":0},"product_brand":[],"product_cat":[108,251],"product_tag":[],"class_list":{"0":"post-988803","1":"product","2":"type-product","3":"status-publish","4":"has-post-thumbnail","6":"product_cat-cow","7":"product_cat-veterinary-products","9":"first","10":"instock","11":"shipping-taxable","12":"product-type-simple"},"jetpack_sharing_enabled":true,"_links":{"self":[{"href":"https:\/\/agrovetazerbaijan.az\/ru\/wp-json\/wp\/v2\/product\/988803","targetHints":{"allow":["GET"]}}],"collection":[{"href":"https:\/\/agrovetazerbaijan.az\/ru\/wp-json\/wp\/v2\/product"}],"about":[{"href":"https:\/\/agrovetazerbaijan.az\/ru\/wp-json\/wp\/v2\/types\/product"}],"replies":[{"embeddable":true,"href":"https:\/\/agrovetazerbaijan.az\/ru\/wp-json\/wp\/v2\/comments?post=988803"}],"version-history":[{"count":2,"href":"https:\/\/agrovetazerbaijan.az\/ru\/wp-json\/wp\/v2\/product\/988803\/revisions"}],"predecessor-version":[{"id":989759,"href":"https:\/\/agrovetazerbaijan.az\/ru\/wp-json\/wp\/v2\/product\/988803\/revisions\/989759"}],"wp:featuredmedia":[{"embeddable":true,"href":"https:\/\/agrovetazerbaijan.az\/ru\/wp-json\/wp\/v2\/media\/988804"}],"wp:attachment":[{"href":"https:\/\/agrovetazerbaijan.az\/ru\/wp-json\/wp\/v2\/media?parent=988803"}],"wp:term":[{"taxonomy":"product_brand","embeddable":true,"href":"https:\/\/agrovetazerbaijan.az\/ru\/wp-json\/wp\/v2\/product_brand?post=988803"},{"taxonomy":"product_cat","embeddable":true,"href":"https:\/\/agrovetazerbaijan.az\/ru\/wp-json\/wp\/v2\/product_cat?post=988803"},{"taxonomy":"product_tag","embeddable":true,"href":"https:\/\/agrovetazerbaijan.az\/ru\/wp-json\/wp\/v2\/product_tag?post=988803"}],"curies":[{"name":"WP","href":"https:\/\/api.w.org\/{rel}","templated":true}]}}