{"id":988787,"date":"2025-03-20T08:33:42","date_gmt":"2025-03-20T08:33:42","guid":{"rendered":"https:\/\/agrovetazerbaijan.az\/?post_type=product&#038;p=988787"},"modified":"2025-06-30T23:30:42","modified_gmt":"2025-06-30T23:30:42","slug":"zerokrim-ch-tablet","status":"publish","type":"product","link":"https:\/\/agrovetazerbaijan.az\/ru\/product\/zerokrim-ch-tablet\/","title":{"rendered":"\u0422\u0430\u0431\u043b\u0435\u0442\u043a\u0430 ZEROKRIM CH"},"content":{"rendered":"<div class=\"vgblk-rw-wrapper limit-wrapper\">\n<p data-start=\"36\" data-end=\"74\">\u041a\u0430\u0436\u0434\u0430\u044f \u0436\u0435\u0432\u0430\u0442\u0435\u043b\u044c\u043d\u0430\u044f \u0442\u0430\u0431\u043b\u0435\u0442\u043a\u0430 \u0441\u043e\u0434\u0435\u0440\u0436\u0438\u0442:<\/p>\n<ul data-start=\"75\" data-end=\"348\">\n<li data-start=\"75\" data-end=\"149\">\n<p data-start=\"77\" data-end=\"149\">\u041f\u0440\u0430\u0437\u0438\u043a\u0432\u0430\u043d\u0442\u0435\u043b \u2026\u2026\u2026\u2026\u2026\u2026\u2026\u2026\u2026\u2026\u2026\u2026\u2026\u2026\u2026\u2026\u2026\u2026\u2026\u2026\u2026 50 \u043c\u0433<\/p>\n<\/li>\n<li data-start=\"150\" data-end=\"216\">\n<p data-start=\"152\" data-end=\"216\">\u041f\u0438\u0440\u0430\u043d\u0442\u0435\u043b \u041f\u0430\u043c\u043e\u0430\u0442 USP \u2026\u2026\u2026\u2026\u2026\u2026. 144 \u043c\u0433<\/p>\n<\/li>\n<li data-start=\"217\" data-end=\"289\">\n<p data-start=\"219\" data-end=\"289\">\u0424\u0435\u043d\u0431\u0435\u043d\u0434\u0430\u0437\u043e\u043b \u2026\u2026\u2026\u2026\u2026\u2026\u2026\u2026\u2026\u2026\u2026\u2026\u2026\u2026\u2026\u2026 500 \u043c\u0433<\/p>\n<\/li>\n<li data-start=\"290\" data-end=\"348\">\n<p data-start=\"292\" data-end=\"348\">\u0412\u0441\u043f\u043e\u043c\u043e\u0433\u0430\u0442\u0435\u043b\u044c\u043d\u044b\u0435 \u0432\u0435\u0449\u0435\u0441\u0442\u0432\u0430 \u2026\u2026\u2026\u2026\u2026\u2026.. qs<\/p>\n<\/li>\n<\/ul>\n<hr data-start=\"350\" data-end=\"353\" \/>\n<p data-start=\"355\" data-end=\"536\"><strong data-start=\"355\" data-end=\"371\">\u041f\u041e\u041a\u0410\u0417\u0410\u041d\u0418\u042f:<\/strong><br data-start=\"371\" data-end=\"374\" \/>\u0414\u043b\u044f \u043b\u0435\u0447\u0435\u043d\u0438\u044f \u0438 \u043a\u043e\u043d\u0442\u0440\u043e\u043b\u044f \u0436\u0435\u043b\u0443\u0434\u043e\u0447\u043d\u043e-\u043a\u0438\u0448\u0435\u0447\u043d\u044b\u0445 \u043a\u0440\u0443\u0433\u043b\u044b\u0445 \u0447\u0435\u0440\u0432\u0435\u0439 \u0438 \u0430\u043d\u043a\u0438\u043b\u043e\u0441\u0442\u043e\u043c (\u043a\u0430\u043a \u0432\u0437\u0440\u043e\u0441\u043b\u044b\u0445, \u0442\u0430\u043a \u0438 \u043c\u043e\u043b\u043e\u0434\u044b\u0445 \u0441\u0442\u0430\u0434\u0438\u0439) \u0443 \u0432\u0437\u0440\u043e\u0441\u043b\u044b\u0445 \u0441\u043e\u0431\u0430\u043a, \u0449\u0435\u043d\u043a\u043e\u0432 \u0438 \u043a\u043e\u0448\u0435\u043a.<\/p>\n<hr data-start=\"538\" data-end=\"541\" \/>\n<p data-start=\"543\" data-end=\"566\"><strong data-start=\"543\" data-end=\"564\">\u041f\u0420\u0418\u041c\u0415\u041d\u0415\u041d\u0418\u0415 \u0418 \u0414\u041e\u0417\u0418\u0420\u041e\u0412\u041a\u0410:<\/strong><\/p>\n<ul data-start=\"567\" data-end=\"829\">\n<li data-start=\"567\" data-end=\"641\">\n<p data-start=\"569\" data-end=\"641\">\u0414\u043b\u044f \u0441\u043e\u0431\u0430\u043a \u0438 \u043a\u043e\u0448\u0435\u043a: 1 \u0442\u0430\u0431\u043b\u0435\u0442\u043a\u0430 ZEROKRIM CH \u043d\u0430 10 \u043a\u0433 \u043c\u0430\u0441\u0441\u044b \u0442\u0435\u043b\u0430.<\/p>\n<\/li>\n<li data-start=\"642\" data-end=\"709\">\n<p data-start=\"644\" data-end=\"709\">\u0416\u0435\u0432\u0430\u0442\u0435\u043b\u044c\u043d\u0443\u044e \u0442\u0430\u0431\u043b\u0435\u0442\u043a\u0443 \u043c\u043e\u0436\u043d\u043e \u0434\u0430\u0432\u0430\u0442\u044c \u043d\u0435\u043f\u043e\u0441\u0440\u0435\u0434\u0441\u0442\u0432\u0435\u043d\u043d\u043e \u0432 \u0440\u043e\u0442 \u0438\u043b\u0438 \u0434\u043e\u0431\u0430\u0432\u043b\u044f\u0442\u044c \u0432 \u043f\u0438\u0449\u0443.<\/p>\n<\/li>\n<li data-start=\"710\" data-end=\"760\">\n<p data-start=\"712\" data-end=\"760\">\u0413\u043e\u043b\u043e\u0434\u0430\u043d\u0438\u0435 \u043d\u0435 \u0442\u0440\u0435\u0431\u0443\u0435\u0442\u0441\u044f \u043d\u0438 \u0434\u043e, \u043d\u0438 \u043f\u043e\u0441\u043b\u0435 \u043b\u0435\u0447\u0435\u043d\u0438\u044f.<\/p>\n<\/li>\n<li data-start=\"761\" data-end=\"829\">\n<p data-start=\"763\" data-end=\"829\">\u0414\u043b\u044f \u043f\u043e\u0432\u044b\u0448\u0435\u043d\u0438\u044f \u044d\u0444\u0444\u0435\u043a\u0442\u0438\u0432\u043d\u043e\u0441\u0442\u0438 \u043b\u0435\u0447\u0435\u043d\u0438\u0435 \u043c\u043e\u0436\u043d\u043e \u043f\u043e\u0432\u0442\u043e\u0440\u044f\u0442\u044c \u0432 \u0442\u0435\u0447\u0435\u043d\u0438\u0435 2\u20133 \u0434\u043d\u0435\u0439.<\/p>\n<\/li>\n<\/ul>\n<\/div>\n<p><!-- .vgblk-rw-wrapper --><\/p>","protected":false},"excerpt":{"rendered":"<p>H\u0259r \u00e7eyn\u0259n\u0259n tabletd\u0259: Praziquantel &#8230;&#8230;&#8230;&#8230;&#8230;&#8230;&#8230;&#8230;&#8230;&#8230;&#8230;&#8230;&#8230;&#8230;&#8230;&#8230;&#8230; 50 mg Pyrantel Pamoate USP &#8230;&#8230;&#8230;&#8230;&#8230;&#8230;&#8230;&#8230;&#8230;&#8230;&#8230;. 144 mg Fenbendazole &#8230;&#8230;&#8230;&#8230;&#8230;&#8230;&#8230;&#8230;&#8230;&#8230;&#8230;&#8230;&#8230;&#8230;&#8230;&#8230; 500 mg Yard\u0131m\u00e7\u0131 madd\u0259l\u0259r (Excipients) &#8230;&#8230;&#8230;&#8230;&#8230;&#8230;.. q.s. G\u00d6ST\u018fR\u0130\u015eL\u018fR:Yetkin itl\u0259r, balalar v\u0259 pi\u015fikl\u0259rd\u0259 m\u0259d\u0259-ba\u011f\u0131rsaq yuvarlaq v\u0259 qurtdurmaq parazitl\u0259rinin (h\u0259m yetkin, h\u0259m d\u0259 inki\u015faf m\u0259rh\u0259l\u0259sind\u0259 olan) m\u00fcalic\u0259si v\u0259 n\u0259zar\u0259ti \u00fc\u00e7\u00fcn. QULLANMA V\u018f DOZA: \u0130tl\u0259r v\u0259 pi\u015fikl\u0259r \u00fc\u00e7\u00fcn h\u0259r 10 kq b\u0259d\u0259n \u00e7\u0259kisin\u0259&#8230;<\/p>","protected":false},"featured_media":988788,"comment_status":"closed","ping_status":"closed","template":"","meta":{"nf_dc_page":"","_monsterinsights_skip_tracking":false,"_monsterinsights_sitenote_active":false,"_monsterinsights_sitenote_note":"","_monsterinsights_sitenote_category":0},"product_brand":[],"product_cat":[58,251,246,244,51],"product_tag":[],"class_list":{"0":"post-988787","1":"product","2":"type-product","3":"status-publish","4":"has-post-thumbnail","6":"product_cat-dog","7":"product_cat-veterinary-products","8":"product_cat-dermanlar","9":"product_cat-it-ve-pisik-mehsullari","10":"product_cat-cat","12":"first","13":"instock","14":"shipping-taxable","15":"product-type-simple"},"jetpack_sharing_enabled":true,"_links":{"self":[{"href":"https:\/\/agrovetazerbaijan.az\/ru\/wp-json\/wp\/v2\/product\/988787","targetHints":{"allow":["GET"]}}],"collection":[{"href":"https:\/\/agrovetazerbaijan.az\/ru\/wp-json\/wp\/v2\/product"}],"about":[{"href":"https:\/\/agrovetazerbaijan.az\/ru\/wp-json\/wp\/v2\/types\/product"}],"replies":[{"embeddable":true,"href":"https:\/\/agrovetazerbaijan.az\/ru\/wp-json\/wp\/v2\/comments?post=988787"}],"version-history":[{"count":2,"href":"https:\/\/agrovetazerbaijan.az\/ru\/wp-json\/wp\/v2\/product\/988787\/revisions"}],"predecessor-version":[{"id":989624,"href":"https:\/\/agrovetazerbaijan.az\/ru\/wp-json\/wp\/v2\/product\/988787\/revisions\/989624"}],"wp:featuredmedia":[{"embeddable":true,"href":"https:\/\/agrovetazerbaijan.az\/ru\/wp-json\/wp\/v2\/media\/988788"}],"wp:attachment":[{"href":"https:\/\/agrovetazerbaijan.az\/ru\/wp-json\/wp\/v2\/media?parent=988787"}],"wp:term":[{"taxonomy":"product_brand","embeddable":true,"href":"https:\/\/agrovetazerbaijan.az\/ru\/wp-json\/wp\/v2\/product_brand?post=988787"},{"taxonomy":"product_cat","embeddable":true,"href":"https:\/\/agrovetazerbaijan.az\/ru\/wp-json\/wp\/v2\/product_cat?post=988787"},{"taxonomy":"product_tag","embeddable":true,"href":"https:\/\/agrovetazerbaijan.az\/ru\/wp-json\/wp\/v2\/product_tag?post=988787"}],"curies":[{"name":"WP","href":"https:\/\/api.w.org\/{rel}","templated":true}]}}