{"id":988778,"date":"2025-03-20T08:26:20","date_gmt":"2025-03-20T08:26:20","guid":{"rendered":"https:\/\/agrovetazerbaijan.az\/?post_type=product&#038;p=988778"},"modified":"2025-06-20T17:24:03","modified_gmt":"2025-06-20T17:24:03","slug":"methipower-oral-paste","status":"publish","type":"product","link":"https:\/\/agrovetazerbaijan.az\/ru\/product\/methipower-oral-paste\/","title":{"rendered":"METHIPOWER (\u043e\u0440\u0430\u043b\u044c\u043d\u0430\u044f \u043f\u0430\u0441\u0442\u0430)"},"content":{"rendered":"<div class=\"vgblk-rw-wrapper limit-wrapper\">\n<h3 data-start=\"72\" data-end=\"140\"><strong data-start=\"76\" data-end=\"140\">Methipower \u2013 \u041f\u043e\u0434\u0434\u0435\u0440\u0436\u043a\u0430 \u0437\u0434\u043e\u0440\u043e\u0432\u044c\u044f \u043c\u043e\u0447\u0435\u0432\u044b\u0432\u043e\u0434\u044f\u0449\u0438\u0445 \u043f\u0443\u0442\u0435\u0439 \u0443 \u0441\u043e\u0431\u0430\u043a \u0438 \u043a\u043e\u0448\u0435\u043a<\/strong><\/h3>\n<hr data-start=\"142\" data-end=\"145\" \/>\n<h4 data-start=\"147\" data-end=\"181\"><strong data-start=\"152\" data-end=\"179\">\u0418\u043d\u0433\u0440\u0435\u0434\u0438\u0435\u043d\u0442\u044b (\u043d\u0430 6 \u0433\u0440\u0430\u043c\u043c):<\/strong><\/h4>\n<ul data-start=\"182\" data-end=\"246\">\n<li data-start=\"182\" data-end=\"209\">\n<p data-start=\"184\" data-end=\"209\"><strong data-start=\"184\" data-end=\"200\">DL-\u043c\u0435\u0442\u0438\u043e\u043d\u0438\u043d:<\/strong> 480 \u043c\u0433<\/p>\n<\/li>\n<li data-start=\"210\" data-end=\"246\">\n<p data-start=\"212\" data-end=\"246\"><strong data-start=\"212\" data-end=\"225\">\u0414\u043e\u043f\u043e\u043b\u043d\u0438\u0442\u0435\u043b\u044c\u043d\u043e:<\/strong> \u0434\u043e\u0441\u0442\u0430\u0442\u043e\u0447\u043d\u043e (qs)<\/p>\n<\/li>\n<\/ul>\n<hr data-start=\"248\" data-end=\"251\" \/>\n<h4 data-start=\"253\" data-end=\"279\"><strong data-start=\"258\" data-end=\"277\">\u0418\u043d\u0433\u0440\u0435\u0434\u0438\u0435\u043d\u0442\u044b:<\/strong><\/h4>\n<p data-start=\"280\" data-end=\"384\">\u0421\u043b\u0430\u0434\u043a\u0438\u0439 \u0441\u0438\u0440\u043e\u043f, \u0441\u043e\u0435\u0432\u043e\u0435 \u043c\u0430\u0441\u043b\u043e, DL-\u043c\u0435\u0442\u0438\u043e\u043d\u0438\u043d, \u0440\u044b\u0431\u0438\u0439 \u0436\u0438\u0440 (\u0442\u0440\u0435\u0441\u043a\u043e\u0432\u044b\u0439 \u0436\u0438\u0440), \u043c\u0435\u0442\u0438\u043b\u0446\u0435\u043b\u043b\u044e\u043b\u043e\u0437\u0430, \u0432\u043e\u0434\u0430, \u0431\u0435\u043d\u0437\u043e\u0430\u0442 \u043d\u0430\u0442\u0440\u0438\u044f (\u043a\u043e\u043d\u0441\u0435\u0440\u0432\u0430\u043d\u0442)<\/p>\n<hr data-start=\"386\" data-end=\"389\" \/>\n<h4 data-start=\"391\" data-end=\"419\"><strong data-start=\"396\" data-end=\"417\">\u0426\u0435\u043b\u044c \u0438\u0441\u043f\u043e\u043b\u044c\u0437\u043e\u0432\u0430\u043d\u0438\u044f:<\/strong><\/h4>\n<ul data-start=\"420\" data-end=\"523\">\n<li data-start=\"420\" data-end=\"487\">\n<p data-start=\"422\" data-end=\"487\">\u041f\u043e\u043c\u043e\u0433\u0430\u0435\u0442 \u043f\u0440\u0435\u0434\u043e\u0442\u0432\u0440\u0430\u0442\u0438\u0442\u044c \u0437\u0430\u0431\u043e\u043b\u0435\u0432\u0430\u043d\u0438\u044f \u043d\u0438\u0436\u043d\u0438\u0445 \u043c\u043e\u0447\u0435\u0432\u044b\u0432\u043e\u0434\u044f\u0449\u0438\u0445 \u043f\u0443\u0442\u0435\u0439<\/p>\n<\/li>\n<li data-start=\"488\" data-end=\"523\">\n<p data-start=\"490\" data-end=\"523\">\u041a\u043e\u043d\u0442\u0440\u043e\u043b\u0438\u0440\u0443\u0435\u0442 \u0437\u0430\u043f\u0430\u0445 \u043c\u043e\u0447\u0438<\/p>\n<\/li>\n<\/ul>\n<hr data-start=\"525\" data-end=\"528\" \/>\n<h4 data-start=\"530\" data-end=\"558\"><strong data-start=\"535\" data-end=\"556\">\u0418\u043d\u0441\u0442\u0440\u0443\u043a\u0446\u0438\u044f \u043f\u043e \u043f\u0440\u0438\u043c\u0435\u043d\u0435\u043d\u0438\u044e:<\/strong><\/h4>\n<p data-start=\"559\" data-end=\"649\">\u0427\u0442\u043e\u0431\u044b \u043f\u0440\u0438\u0432\u043b\u0435\u0447\u044c \u0432\u043d\u0438\u043c\u0430\u043d\u0438\u0435 \u0441\u043e\u0431\u0430\u043a \u0438 \u043a\u043e\u0448\u0435\u043a, \u043d\u0430\u043d\u0435\u0441\u0438\u0442\u0435 \u043d\u0435\u0431\u043e\u043b\u044c\u0448\u043e\u0435 \u043a\u043e\u043b\u0438\u0447\u0435\u0441\u0442\u0432\u043e Methipower \u043d\u0430 \u0438\u0445 \u043d\u043e\u0441\u044b.<\/p>\n<ul data-start=\"651\" data-end=\"723\">\n<li data-start=\"651\" data-end=\"684\">\n<p data-start=\"653\" data-end=\"684\"><strong data-start=\"653\" data-end=\"663\">\u0421\u043e\u0431\u0430\u043a\u0438:<\/strong> 1 \u0447\u0430\u0439\u043d\u0430\u044f \u043b\u043e\u0436\u043a\u0430 \u0432 \u0434\u0435\u043d\u044c<\/p>\n<\/li>\n<li data-start=\"685\" data-end=\"723\">\n<p data-start=\"687\" data-end=\"723\"><strong data-start=\"687\" data-end=\"700\">\u041a\u043e\u0448\u043a\u0438:<\/strong> \u00bd \u2013 1 \u0447\u0430\u0439\u043d\u0430\u044f \u043b\u043e\u0436\u043a\u0430 \u0432 \u0434\u0435\u043d\u044c<\/p>\n<\/li>\n<\/ul>\n<hr data-start=\"725\" data-end=\"728\" \/>\n<h4 data-start=\"730\" data-end=\"796\"><strong data-start=\"735\" data-end=\"794\">\u041c\u0438\u043d\u0438\u043c\u0430\u043b\u044c\u043d\u044b\u0439 \u0433\u0430\u0440\u0430\u043d\u0442\u0438\u0440\u043e\u0432\u0430\u043d\u043d\u044b\u0439 \u0430\u043d\u0430\u043b\u0438\u0437 (\u043d\u0430 6 \u0433\u0440\u0430\u043c\u043c\u043e\u0432 \u2013 1 \u0447\u0430\u0439\u043d\u0430\u044f \u043b\u043e\u0436\u043a\u0430):<\/strong><\/h4>\n<ul data-start=\"797\" data-end=\"958\">\n<li data-start=\"797\" data-end=\"822\">\n<p data-start=\"799\" data-end=\"822\">\u0421\u044b\u0440\u043e\u0439 \u043f\u0440\u043e\u0442\u0435\u0438\u043d: \u043c\u0438\u043d\u0438\u043c\u0443\u043c 5%<\/p>\n<\/li>\n<li data-start=\"823\" data-end=\"846\">\n<p data-start=\"825\" data-end=\"846\">\u0421\u044b\u0440\u0430\u044f \u043d\u0435\u0444\u0442\u044c: \u043c\u0438\u043d\u0438\u043c\u0443\u043c 5%<\/p>\n<\/li>\n<li data-start=\"847\" data-end=\"873\">\n<p data-start=\"849\" data-end=\"873\">\u0421\u044b\u0440\u0430\u044f \u043a\u043b\u0435\u0442\u0447\u0430\u0442\u043a\u0430: \u043c\u0430\u043a\u0441\u0438\u043c\u0443\u043c 1,0%<\/p>\n<\/li>\n<li data-start=\"874\" data-end=\"900\">\n<p data-start=\"876\" data-end=\"900\">\u0412\u043b\u0430\u0436\u043d\u043e\u0441\u0442\u044c: \u043c\u0430\u043a\u0441\u0438\u043c\u0443\u043c 20.0%<\/p>\n<\/li>\n<li data-start=\"901\" data-end=\"923\">\n<p data-start=\"903\" data-end=\"923\">\u0417\u043e\u043b\u0430: \u043c\u0430\u043a\u0441\u0438\u043c\u0443\u043c 1,0%<\/p>\n<\/li>\n<li data-start=\"924\" data-end=\"958\">\n<p data-start=\"926\" data-end=\"958\">\u042d\u043d\u0435\u0440\u0433\u0435\u0442\u0438\u0447\u0435\u0441\u043a\u0430\u044f \u0446\u0435\u043d\u043d\u043e\u0441\u0442\u044c: \u043c\u0438\u043d\u0438\u043c\u0443\u043c 18 \u043a\u043a\u0430\u043b\/6 \u0433\u0440\u0430\u043c\u043c<\/p>\n<\/li>\n<\/ul>\n<hr data-start=\"960\" data-end=\"963\" \/>\n<p data-start=\"965\" data-end=\"986\"><strong data-start=\"965\" data-end=\"984\">\u0424\u0443\u043d\u043a\u0446\u0438\u0438:<\/strong><\/p>\n<ul data-start=\"987\" data-end=\"1084\">\n<li data-start=\"987\" data-end=\"1034\">\n<p data-start=\"989\" data-end=\"1034\">\u041f\u043e\u0434\u043a\u0438\u0441\u043b\u0438\u0442\u0435\u043b\u044c \u043c\u043e\u0447\u0438 \u0434\u043b\u044f \u0441\u043e\u0431\u0430\u043a \u0438 \u043a\u043e\u0448\u0435\u043a<\/p>\n<\/li>\n<li data-start=\"1035\" data-end=\"1051\">\n<p data-start=\"1037\" data-end=\"1051\">\u042d\u0442\u043e \u043e\u0447\u0435\u043d\u044c \u0432\u043a\u0443\u0441\u043d\u043e.<\/p>\n<\/li>\n<li data-start=\"1052\" data-end=\"1084\">\n<p data-start=\"1054\" data-end=\"1084\">\u0418\u043c\u0435\u0435\u0442 \u0432\u044b\u0441\u043e\u043a\u0443\u044e \u043f\u0438\u0442\u0430\u0442\u0435\u043b\u044c\u043d\u0443\u044e \u0446\u0435\u043d\u043d\u043e\u0441\u0442\u044c<\/p>\n<\/li>\n<\/ul>\n<\/div>\n<p><!-- .vgblk-rw-wrapper --><\/p>","protected":false},"excerpt":{"rendered":"<p>Methipower \u2013 \u0130tl\u0259r v\u0259 Pi\u015fikl\u0259r \u00fc\u00e7\u00fcn Sidik Sa\u011flaml\u0131\u011f\u0131 D\u0259st\u0259yi T\u0259rkibi (h\u0259r 6 qramda): DL-Metionin: 480 mq \u018flav\u0259l\u0259r: kifay\u0259t q\u0259d\u0259r (q.s.) \u0130ngrediyentl\u0259r: \u015eirin \u015e\u0259rb\u0259t, Soya Ya\u011f\u0131, DL-Metionin, Bal\u0131q Ya\u011f\u0131 (Kod ya\u011f\u0131), Metilsel\u00fcloz, Su, Sodyum Benzoat (qoruyucu) \u0130stifad\u0259 m\u0259qs\u0259di: A\u015fa\u011f\u0131 sidik yollar\u0131 x\u0259st\u0259likl\u0259rinin qar\u015f\u0131s\u0131n\u0131 alma\u011fa k\u00f6m\u0259k edir Sidik qoxusunu n\u0259zar\u0259td\u0259 saxlay\u0131r \u0130stifad\u0259 qaydas\u0131: \u0130tl\u0259rin v\u0259 pi\u015fikl\u0259rin diqq\u0259tini&#8230;<\/p>","protected":false},"featured_media":988779,"comment_status":"closed","ping_status":"closed","template":"","meta":{"nf_dc_page":"","_monsterinsights_skip_tracking":false,"_monsterinsights_sitenote_active":false,"_monsterinsights_sitenote_note":"","_monsterinsights_sitenote_category":0},"product_brand":[],"product_cat":[58,51],"product_tag":[],"class_list":{"0":"post-988778","1":"product","2":"type-product","3":"status-publish","4":"has-post-thumbnail","6":"product_cat-dog","7":"product_cat-cat","9":"first","10":"instock","11":"shipping-taxable","12":"product-type-simple"},"jetpack_sharing_enabled":true,"_links":{"self":[{"href":"https:\/\/agrovetazerbaijan.az\/ru\/wp-json\/wp\/v2\/product\/988778","targetHints":{"allow":["GET"]}}],"collection":[{"href":"https:\/\/agrovetazerbaijan.az\/ru\/wp-json\/wp\/v2\/product"}],"about":[{"href":"https:\/\/agrovetazerbaijan.az\/ru\/wp-json\/wp\/v2\/types\/product"}],"replies":[{"embeddable":true,"href":"https:\/\/agrovetazerbaijan.az\/ru\/wp-json\/wp\/v2\/comments?post=988778"}],"version-history":[{"count":2,"href":"https:\/\/agrovetazerbaijan.az\/ru\/wp-json\/wp\/v2\/product\/988778\/revisions"}],"predecessor-version":[{"id":989752,"href":"https:\/\/agrovetazerbaijan.az\/ru\/wp-json\/wp\/v2\/product\/988778\/revisions\/989752"}],"wp:featuredmedia":[{"embeddable":true,"href":"https:\/\/agrovetazerbaijan.az\/ru\/wp-json\/wp\/v2\/media\/988779"}],"wp:attachment":[{"href":"https:\/\/agrovetazerbaijan.az\/ru\/wp-json\/wp\/v2\/media?parent=988778"}],"wp:term":[{"taxonomy":"product_brand","embeddable":true,"href":"https:\/\/agrovetazerbaijan.az\/ru\/wp-json\/wp\/v2\/product_brand?post=988778"},{"taxonomy":"product_cat","embeddable":true,"href":"https:\/\/agrovetazerbaijan.az\/ru\/wp-json\/wp\/v2\/product_cat?post=988778"},{"taxonomy":"product_tag","embeddable":true,"href":"https:\/\/agrovetazerbaijan.az\/ru\/wp-json\/wp\/v2\/product_tag?post=988778"}],"curies":[{"name":"WP","href":"https:\/\/api.w.org\/{rel}","templated":true}]}}