{"id":988728,"date":"2025-03-19T23:05:16","date_gmt":"2025-03-19T23:05:16","guid":{"rendered":"https:\/\/agrovetazerbaijan.az\/?post_type=product&#038;p=988728"},"modified":"2025-07-01T00:02:13","modified_gmt":"2025-07-01T00:02:13","slug":"durotic-injection","status":"publish","type":"product","link":"https:\/\/agrovetazerbaijan.az\/ru\/product\/durotic-injection\/","title":{"rendered":"\u0418\u043d\u044a\u0435\u043a\u0446\u0438\u044f \u0414\u0423\u0420\u041e\u0422\u0418\u041a\u0410"},"content":{"rendered":"<div class=\"vgblk-rw-wrapper limit-wrapper\">\n<h3 data-start=\"93\" data-end=\"142\"><strong data-start=\"97\" data-end=\"142\">\u0424\u0423\u0420\u041e\u0421\u0415\u041c\u0418\u0414 50 \u043c\u0433\/\u043c\u043b \u0420\u0430\u0441\u0442\u0432\u043e\u0440 \u0434\u043b\u044f \u0438\u043d\u044a\u0435\u043a\u0446\u0438\u0439<\/strong><\/h3>\n<hr data-start=\"144\" data-end=\"147\" \/>\n<h4 data-start=\"149\" data-end=\"166\"><strong data-start=\"154\" data-end=\"166\">\u0418\u043d\u0433\u0440\u0435\u0434\u0438\u0435\u043d\u0442\u044b:<\/strong><\/h4>\n<p data-start=\"168\" data-end=\"210\">\u0412 1 \u043c\u043b \u0440\u0430\u0441\u0442\u0432\u043e\u0440\u0430 \u0441\u043e\u0434\u0435\u0440\u0436\u0438\u0442\u0441\u044f:<\/p>\n<ul data-start=\"212\" data-end=\"318\">\n<li data-start=\"212\" data-end=\"256\">\n<p data-start=\"214\" data-end=\"256\"><strong data-start=\"214\" data-end=\"227\">\u0424\u0443\u0440\u043e\u0441\u0435\u043c\u0438\u0434<\/strong> \u2026\u2026\u2026\u2026\u2026\u2026\u2026\u2026\u2026\u2026\u2026\u2026\u2026\u2026\u2026\u2026\u2026\u2026\u2026 <strong data-start=\"245\" data-end=\"254\">50 \u043c\u0433<\/strong><\/p>\n<\/li>\n<li data-start=\"257\" data-end=\"318\">\n<p data-start=\"259\" data-end=\"318\"><strong data-start=\"259\" data-end=\"280\">\u0412\u043e\u0434\u0430 \u0434\u043b\u044f \u0438\u043d\u044a\u0435\u043a\u0446\u0438\u0439<\/strong> \u2026\u2026\u2026\u2026\u2026\u2026\u2026\u2026\u2026\u2026\u2026\u2026 <strong data-start=\"294\" data-end=\"318\">\u0434\u043e\u0441\u0442\u0430\u0442\u043e\u0447\u043d\u043e (\u0434\u043e\u0441\u0442\u0430\u0442\u043e\u0447\u043d\u043e)<\/strong><\/p>\n<\/li>\n<\/ul>\n<hr data-start=\"320\" data-end=\"323\" \/>\n<h4 data-start=\"325\" data-end=\"356\"><strong data-start=\"330\" data-end=\"356\">\u0418\u043d\u0441\u0442\u0440\u0443\u043a\u0446\u0438\u044f \u043f\u043e \u043f\u0440\u0438\u043c\u0435\u043d\u0435\u043d\u0438\u044e:<\/strong><\/h4>\n<p data-start=\"358\" data-end=\"392\"><strong data-start=\"358\" data-end=\"392\">\u0414\u043b\u044f \u0441\u043e\u0431\u0430\u043a, \u043a\u043e\u0448\u0435\u043a \u0438 \u043b\u043e\u0448\u0430\u0434\u0435\u0439:<\/strong><\/p>\n<ul data-start=\"393\" data-end=\"772\">\n<li data-start=\"393\" data-end=\"452\">\n<p data-start=\"395\" data-end=\"452\">\u0423\u0434\u0430\u043b\u0435\u043d\u0438\u0435 \u0438\u0437\u0431\u044b\u0442\u043a\u0430 \u0432\u043d\u0435\u043a\u043b\u0435\u0442\u043e\u0447\u043d\u043e\u0439 \u0436\u0438\u0434\u043a\u043e\u0441\u0442\u0438, \u043d\u0430\u043a\u043e\u043f\u0438\u0432\u0448\u0435\u0439\u0441\u044f \u0432 \u043e\u0440\u0433\u0430\u043d\u0438\u0437\u043c\u0435.<\/p>\n<\/li>\n<li data-start=\"453\" data-end=\"627\">\n<p data-start=\"455\" data-end=\"491\"><strong data-start=\"455\" data-end=\"489\">\u0421\u043e\u0441\u0442\u043e\u044f\u043d\u0438\u044f, \u0441\u043e\u043f\u0440\u043e\u0432\u043e\u0436\u0434\u0430\u044e\u0449\u0438\u0435\u0441\u044f \u043e\u0442\u0435\u043a\u0430\u043c\u0438:<\/strong><\/p>\n<ul data-start=\"494\" data-end=\"627\">\n<li data-start=\"494\" data-end=\"511\">\n<p data-start=\"496\" data-end=\"511\">\u041e\u0442\u0435\u043a \u043b\u0435\u0433\u043a\u0438\u0445<\/p>\n<\/li>\n<li data-start=\"514\" data-end=\"589\">\n<p data-start=\"516\" data-end=\"589\">\u0410\u0441\u0446\u0438\u0442 (\u0441\u043a\u043e\u043f\u043b\u0435\u043d\u0438\u0435 \u0436\u0438\u0434\u043a\u043e\u0441\u0442\u0438 \u0432 \u0431\u0440\u044e\u0448\u043d\u043e\u0439 \u043f\u043e\u043b\u043e\u0441\u0442\u0438) \u2013 \u0441\u0432\u044f\u0437\u0430\u043d \u0441 \u0441\u0435\u0440\u0434\u0435\u0447\u043d\u043e\u0439 \u043d\u0435\u0434\u043e\u0441\u0442\u0430\u0442\u043e\u0447\u043d\u043e\u0441\u0442\u044c\u044e<\/p>\n<\/li>\n<li data-start=\"592\" data-end=\"627\">\n<p data-start=\"594\" data-end=\"627\">\u041d\u0430\u043a\u043e\u043f\u043b\u0435\u043d\u0438\u0435 \u0436\u0438\u0434\u043a\u043e\u0441\u0442\u0438 \u0432 \u0442\u043a\u0430\u043d\u044f\u0445 (\u043e\u0442\u0451\u043a)<\/p>\n<\/li>\n<\/ul>\n<\/li>\n<li data-start=\"628\" data-end=\"772\">\n<p data-start=\"630\" data-end=\"652\"><strong data-start=\"630\" data-end=\"650\">\u0423 \u0441\u043a\u0430\u043a\u043e\u0432\u044b\u0445 \u043b\u043e\u0448\u0430\u0434\u0435\u0439:<\/strong><\/p>\n<ul data-start=\"655\" data-end=\"772\">\n<li data-start=\"655\" data-end=\"772\">\n<p data-start=\"657\" data-end=\"772\">\u041f\u0440\u043e\u0444\u0438\u043b\u0430\u043a\u0442\u0438\u043a\u0430 \u043b\u0435\u0433\u043e\u0447\u043d\u043e\u0433\u043e \u043a\u0440\u043e\u0432\u043e\u0442\u0435\u0447\u0435\u043d\u0438\u044f, \u0432\u044b\u0437\u0432\u0430\u043d\u043d\u043e\u0433\u043e \u0444\u0438\u0437\u0438\u0447\u0435\u0441\u043a\u043e\u0439 \u043d\u0430\u0433\u0440\u0443\u0437\u043a\u043e\u0439 (\u041b\u041a\u0424\u041d)<\/p>\n<\/li>\n<\/ul>\n<\/li>\n<\/ul>\n<p data-start=\"774\" data-end=\"791\"><strong data-start=\"774\" data-end=\"791\">\u0414\u043b\u044f \u043a\u043e\u0440\u043e\u0432:<\/strong><\/p>\n<ul data-start=\"792\" data-end=\"894\">\n<li data-start=\"792\" data-end=\"894\">\n<p data-start=\"794\" data-end=\"894\"><strong data-start=\"794\" data-end=\"844\">\u041e\u0442\u0435\u043a \u043c\u043e\u043b\u043e\u0447\u043d\u044b\u0445 \u0436\u0435\u043b\u0435\u0437 \u0432 \u043f\u043e\u0441\u043b\u0435\u0440\u043e\u0434\u043e\u0432\u043e\u043c \u043f\u0435\u0440\u0438\u043e\u0434\u0435<\/strong> (\u043f\u043e\u0441\u043b\u0435\u0440\u043e\u0434\u043e\u0432\u043e\u0439 \u043e\u0442\u0435\u043a \u0432\u044b\u043c\u0435\u043d\u0438) \u0443\u0441\u0442\u0440\u0430\u043d\u0435\u043d\u0438\u0435<\/p>\n<\/li>\n<\/ul>\n<hr data-start=\"896\" data-end=\"899\" \/>\n<h4 data-start=\"901\" data-end=\"934\"><strong data-start=\"906\" data-end=\"934\">\u0418\u043d\u0441\u0442\u0440\u0443\u043a\u0446\u0438\u044f \u043f\u043e \u043f\u0440\u0438\u043c\u0435\u043d\u0435\u043d\u0438\u044e \u0438 \u0434\u043e\u0437\u0438\u0440\u043e\u0432\u043a\u0435:<\/strong><\/h4>\n<p data-start=\"936\" data-end=\"1022\"><strong data-start=\"936\" data-end=\"1022\">\u041f\u0440\u0435\u043f\u0430\u0440\u0430\u0442 \u0432\u0432\u043e\u0434\u044f\u0442 \u0442\u043e\u043b\u044c\u043a\u043e \u0432\u043d\u0443\u0442\u0440\u0438\u043c\u044b\u0448\u0435\u0447\u043d\u043e (\u0432\/\u043c) \u0438\u043b\u0438 \u0432\u043d\u0443\u0442\u0440\u0438\u0432\u0435\u043d\u043d\u043e (\u0432\/\u0432) \u043f\u0443\u0442\u0435\u043c \u0438\u043d\u044a\u0435\u043a\u0446\u0438\u0438.<\/strong><\/p>\n<hr data-start=\"1024\" data-end=\"1027\" \/>\n<h5 data-start=\"1029\" data-end=\"1057\"><strong data-start=\"1035\" data-end=\"1057\">\u0421\u043e\u0431\u0430\u043a\u0438 \u0438 \u043a\u043e\u0448\u043a\u0438:<\/strong><\/h5>\n<ul data-start=\"1059\" data-end=\"1229\">\n<li data-start=\"1059\" data-end=\"1122\">\n<p data-start=\"1061\" data-end=\"1122\"><strong data-start=\"1061\" data-end=\"1076\">2 \u2013 5 \u043c\u0433\/\u043a\u0433<\/strong> \u0432 \u0437\u0430\u0432\u0438\u0441\u0438\u043c\u043e\u0441\u0442\u0438 \u043e\u0442 \u043c\u0430\u0441\u0441\u044b \u0442\u0435\u043b\u0430 <strong data-start=\"1098\" data-end=\"1114\">\u043e\u0434\u0438\u043d \u0440\u0430\u0437 \u0432 \u0434\u0435\u043d\u044c<\/strong> \u0438\u043b\u0438<\/p>\n<\/li>\n<li data-start=\"1123\" data-end=\"1165\">\n<p data-start=\"1125\" data-end=\"1165\"><strong data-start=\"1125\" data-end=\"1163\">2 \u0440\u0430\u0437\u0430 \u0432 \u0434\u0435\u043d\u044c \u043a\u0430\u0436\u0434\u044b\u0435 6-8 \u0447\u0430\u0441\u043e\u0432<\/strong><\/p>\n<\/li>\n<li data-start=\"1166\" data-end=\"1229\">\n<p data-start=\"1168\" data-end=\"1229\">\u041d\u0430\u0442\u0443\u0440\u0430\u043b\u044c\u043d\u044b\u0439 \u0440\u0430\u0437\u043c\u0435\u0440: <strong data-start=\"1180\" data-end=\"1219\">0,5 \u2013 1 \u043c\u043b \u043d\u0430 10 \u043a\u0433 \u0436\u0438\u0432\u043e\u0442\u043d\u043e\u0433\u043e<\/strong> \u0438\u043d\u044a\u0435\u043a\u0446\u0438\u044f<\/p>\n<\/li>\n<\/ul>\n<hr data-start=\"1231\" data-end=\"1234\" \/>\n<h5 data-start=\"1236\" data-end=\"1263\"><strong data-start=\"1242\" data-end=\"1263\">\u041a\u043e\u0440\u043e\u0432\u044b \u0438 \u043b\u043e\u0448\u0430\u0434\u0438:<\/strong><\/h5>\n<ul data-start=\"1265\" data-end=\"1443\">\n<li data-start=\"1265\" data-end=\"1307\">\n<p data-start=\"1267\" data-end=\"1307\"><strong data-start=\"1267\" data-end=\"1284\">0,5 \u2013 1 \u043c\u0433\/\u043a\u0433<\/strong> \u0432 \u0437\u0430\u0432\u0438\u0441\u0438\u043c\u043e\u0441\u0442\u0438 \u043e\u0442 \u043c\u0430\u0441\u0441\u044b \u0442\u0435\u043b\u0430<\/p>\n<\/li>\n<li data-start=\"1308\" data-end=\"1367\">\n<p data-start=\"1310\" data-end=\"1367\"><strong data-start=\"1310\" data-end=\"1334\">1 \u0438\u043b\u0438 2 \u0440\u0430\u0437\u0430 \u0432 \u0434\u0435\u043d\u044c<\/strong>, <strong data-start=\"1336\" data-end=\"1365\">\u0421 \u0438\u043d\u0442\u0435\u0440\u0432\u0430\u043b\u043e\u043c 6-8 \u0447\u0430\u0441\u043e\u0432<\/strong><\/p>\n<\/li>\n<li data-start=\"1368\" data-end=\"1443\">\n<p data-start=\"1370\" data-end=\"1443\">\u041d\u0430\u0442\u0443\u0440\u0430\u043b\u044c\u043d\u044b\u0439 \u0440\u0430\u0437\u043c\u0435\u0440: <strong data-start=\"1382\" data-end=\"1395\">5 \u2013 10 \u043c\u043b<\/strong> \u0438\u043d\u044a\u0435\u043a\u0446\u0438\u044f, <strong data-start=\"1407\" data-end=\"1443\">\u043f\u043e\u043a\u0430 \u043d\u0435 \u0431\u0443\u0434\u0435\u0442 \u0434\u043e\u0441\u0442\u0438\u0433\u043d\u0443\u0442 \u0436\u0435\u043b\u0430\u0435\u043c\u044b\u0439 \u044d\u0444\u0444\u0435\u043a\u0442<\/strong><\/p>\n<\/li>\n<\/ul>\n<p data-start=\"1445\" data-end=\"1456\"><strong data-start=\"1445\" data-end=\"1454\">\u041f\u0440\u0438\u043c\u0435\u0447\u0430\u043d\u0438\u0435:<\/strong><\/p>\n<ul data-start=\"1457\" data-end=\"1537\">\n<li data-start=\"1457\" data-end=\"1537\">\n<p data-start=\"1459\" data-end=\"1537\">\u041b\u0435\u0447\u0435\u043d\u0438\u0435 \u043a\u043e\u0440\u043e\u0432 <strong data-start=\"1477\" data-end=\"1512\">\u043c\u0430\u043a\u0441\u0438\u043c\u0443\u043c 48 \u0447\u0430\u0441\u043e\u0432 \u043f\u043e\u0441\u043b\u0435 \u0440\u043e\u0436\u0434\u0435\u043d\u0438\u044f<\/strong> \u0434\u043e\u043b\u0436\u043d\u043e \u043f\u0440\u043e\u0434\u043e\u043b\u0436\u0430\u0442\u044c\u0441\u044f \u0434\u043e \u043a\u043e\u043d\u0446\u0430.<\/p>\n<\/li>\n<\/ul>\n<\/div>\n<p><!-- .vgblk-rw-wrapper --><\/p>","protected":false},"excerpt":{"rendered":"<p>FUROSEMIDE 50 mg\/ml \u0130njeksiya \u00fc\u00e7\u00fcn m\u0259hlul T\u0259rkibi: H\u0259r 1 ml m\u0259hlul a\u015fa\u011f\u0131dak\u0131lar\u0131 ehtiva edir: Furosemid \u2026\u2026\u2026\u2026\u2026\u2026\u2026\u2026\u2026\u2026\u2026\u2026\u2026\u2026\u2026\u2026 50 mq \u0130nyeksiya \u00fc\u00e7\u00fcn su \u2026\u2026\u2026\u2026\u2026\u2026\u2026\u2026\u2026\u2026\u2026\u2026 q.s. (kifay\u0259t q\u0259d\u0259r) \u0130stifad\u0259 g\u00f6st\u0259ri\u015fl\u0259ri: \u0130tl\u0259r, Pi\u015fikl\u0259r v\u0259 Atlar \u00fc\u00e7\u00fcn: B\u0259d\u0259n\u0259 y\u0131\u011f\u0131lan art\u0131q ekstrasellulyar mayenin \u00e7\u0131xar\u0131lmas\u0131. \u00d6deml\u0259 m\u00fc\u015fayi\u0259t olunan hallar: A\u011fciy\u0259r \u00f6demi Assit (qar\u0131n bo\u015flu\u011funda maye y\u0131\u011f\u0131lmas\u0131) \u2013 \u00fcr\u0259k \u00e7at\u0131\u015fmazl\u0131\u011f\u0131 il\u0259 \u0259laq\u0259li Toxumalarda&#8230;<\/p>","protected":false},"featured_media":988729,"comment_status":"closed","ping_status":"closed","template":"","meta":{"nf_dc_page":"","_monsterinsights_skip_tracking":false,"_monsterinsights_sitenote_active":false,"_monsterinsights_sitenote_note":"","_monsterinsights_sitenote_category":0},"product_brand":[],"product_cat":[58,251],"product_tag":[],"class_list":{"0":"post-988728","1":"product","2":"type-product","3":"status-publish","4":"has-post-thumbnail","6":"product_cat-dog","7":"product_cat-veterinary-products","9":"first","10":"instock","11":"shipping-taxable","12":"product-type-simple"},"jetpack_sharing_enabled":true,"_links":{"self":[{"href":"https:\/\/agrovetazerbaijan.az\/ru\/wp-json\/wp\/v2\/product\/988728","targetHints":{"allow":["GET"]}}],"collection":[{"href":"https:\/\/agrovetazerbaijan.az\/ru\/wp-json\/wp\/v2\/product"}],"about":[{"href":"https:\/\/agrovetazerbaijan.az\/ru\/wp-json\/wp\/v2\/types\/product"}],"replies":[{"embeddable":true,"href":"https:\/\/agrovetazerbaijan.az\/ru\/wp-json\/wp\/v2\/comments?post=988728"}],"version-history":[{"count":2,"href":"https:\/\/agrovetazerbaijan.az\/ru\/wp-json\/wp\/v2\/product\/988728\/revisions"}],"predecessor-version":[{"id":989750,"href":"https:\/\/agrovetazerbaijan.az\/ru\/wp-json\/wp\/v2\/product\/988728\/revisions\/989750"}],"wp:featuredmedia":[{"embeddable":true,"href":"https:\/\/agrovetazerbaijan.az\/ru\/wp-json\/wp\/v2\/media\/988729"}],"wp:attachment":[{"href":"https:\/\/agrovetazerbaijan.az\/ru\/wp-json\/wp\/v2\/media?parent=988728"}],"wp:term":[{"taxonomy":"product_brand","embeddable":true,"href":"https:\/\/agrovetazerbaijan.az\/ru\/wp-json\/wp\/v2\/product_brand?post=988728"},{"taxonomy":"product_cat","embeddable":true,"href":"https:\/\/agrovetazerbaijan.az\/ru\/wp-json\/wp\/v2\/product_cat?post=988728"},{"taxonomy":"product_tag","embeddable":true,"href":"https:\/\/agrovetazerbaijan.az\/ru\/wp-json\/wp\/v2\/product_tag?post=988728"}],"curies":[{"name":"WP","href":"https:\/\/api.w.org\/{rel}","templated":true}]}}