{"id":988725,"date":"2025-03-19T23:02:17","date_gmt":"2025-03-19T23:02:17","guid":{"rendered":"https:\/\/agrovetazerbaijan.az\/?post_type=product&#038;p=988725"},"modified":"2025-06-30T23:56:15","modified_gmt":"2025-06-30T23:56:15","slug":"diroheart-tablet","status":"publish","type":"product","link":"https:\/\/agrovetazerbaijan.az\/ru\/product\/diroheart-tablet\/","title":{"rendered":"\u0422\u0430\u0431\u043b\u0435\u0442\u043a\u0430 DIROHEART"},"content":{"rendered":"<div class=\"vgblk-rw-wrapper limit-wrapper\">\n<p data-start=\"50\" data-end=\"142\"><strong data-start=\"50\" data-end=\"66\">\u0414\u0438\u0440\u043e\u0445\u0430\u0440\u0442-\u0421\u0421<\/strong><br data-start=\"66\" data-end=\"69\" \/>\u0414\u043b\u044f \u043c\u0435\u043b\u043a\u0438\u0445 \u0441\u043e\u0431\u0430\u043a (\u0434\u043e 5,6 \u043a\u0433)<br data-start=\"109\" data-end=\"112\" \/>\u041a\u0430\u0436\u0434\u0430\u044f \u0436\u0435\u0432\u0430\u0442\u0435\u043b\u044c\u043d\u0430\u044f \u0442\u0430\u0431\u043b\u0435\u0442\u043a\u0430 \u0441\u043e\u0434\u0435\u0440\u0436\u0438\u0442:<\/p>\n<ul data-start=\"143\" data-end=\"312\">\n<li data-start=\"143\" data-end=\"182\">\n<p data-start=\"145\" data-end=\"182\">\u0418\u0432\u0435\u0440\u043c\u0435\u043a\u0442\u0438\u043d \u2026\u2026\u2026\u2026\u2026\u2026\u2026\u2026\u2026\u2026\u2026\u2026\u2026\u2026\u2026 34,0 \u043c\u043a\u0433<\/p>\n<\/li>\n<li data-start=\"183\" data-end=\"267\">\n<p data-start=\"185\" data-end=\"267\">\u041f\u0438\u0440\u0430\u043d\u0442\u0435\u043b\u0430 \u043f\u0430\u043c\u043e\u0430\u0442 (Pyrantel Pamoate)<br data-start=\"220\" data-end=\"223\" \/>\u041f\u0438\u0440\u0430\u043d\u0442\u0435\u043b \u044d\u043a\u0432\u0438\u0432\u0430\u043b\u0435\u043d\u0442 USP\u2026\u2026\u2026\u2026\u2026\u2026\u2026\u2026\u2026 28,5 \u043c\u0433<\/p>\n<\/li>\n<li data-start=\"268\" data-end=\"312\">\n<p data-start=\"270\" data-end=\"312\">\u0412\u0441\u043f\u043e\u043c\u043e\u0433\u0430\u0442\u0435\u043b\u044c\u043d\u044b\u0435 \u0432\u0435\u0449\u0435\u0441\u0442\u0432\u0430 \u2026\u2026\u2026\u2026\u2026\u2026 qs<\/p>\n<\/li>\n<\/ul>\n<p data-start=\"314\" data-end=\"404\"><strong data-start=\"314\" data-end=\"329\">\u0414\u0438\u0440\u043e\u0445\u0430\u0440\u0442-\u0421<\/strong><br data-start=\"329\" data-end=\"332\" \/>\u0414\u043b\u044f \u043c\u0430\u043b\u0435\u043d\u044c\u043a\u0438\u0445 \u0441\u043e\u0431\u0430\u043a (\u0434\u043e 11 \u043a\u0433)<br data-start=\"371\" data-end=\"374\" \/>\u041a\u0430\u0436\u0434\u0430\u044f \u0436\u0435\u0432\u0430\u0442\u0435\u043b\u044c\u043d\u0430\u044f \u0442\u0430\u0431\u043b\u0435\u0442\u043a\u0430 \u0441\u043e\u0434\u0435\u0440\u0436\u0438\u0442:<\/p>\n<ul data-start=\"405\" data-end=\"544\">\n<li data-start=\"405\" data-end=\"443\">\n<p data-start=\"407\" data-end=\"443\">\u0418\u0432\u0435\u0440\u043c\u0435\u043a\u0442\u0438\u043d BP \u2026\u2026\u2026\u2026\u2026\u2026\u2026\u2026\u2026\u2026\u2026\u2026\u2026 68 \u043c\u043a\u0433<\/p>\n<\/li>\n<li data-start=\"444\" data-end=\"507\">\n<p data-start=\"446\" data-end=\"507\">\u041f\u0438\u0440\u0430\u043d\u0442\u0435\u043b \u043f\u0430\u043c\u043e\u0430\u0442<br data-start=\"462\" data-end=\"465\" \/>\u041f\u0438\u0440\u0430\u043d\u0442\u0435\u043b \u044d\u043a\u0432\u0438\u0432\u0430\u043b\u0435\u043d\u0442 USP\u2026\u2026\u2026\u2026\u2026\u2026\u2026\u2026\u2026\u2026 57 \u043c\u0433<\/p>\n<\/li>\n<li data-start=\"508\" data-end=\"544\">\n<p data-start=\"510\" data-end=\"544\">\u0412\u0441\u043f\u043e\u043c\u043e\u0433\u0430\u0442\u0435\u043b\u044c\u043d\u044b\u0435 \u0432\u0435\u0449\u0435\u0441\u0442\u0432\u0430 \u2026\u2026\u2026\u2026\u2026\u2026\u2026\u2026\u2026\u2026\u2026\u2026\u2026 qs<\/p>\n<\/li>\n<\/ul>\n<p data-start=\"546\" data-end=\"630\"><strong data-start=\"546\" data-end=\"561\">\u0414\u0438\u0440\u043e\u0445\u0430\u0440\u0442-\u041c<\/strong><br data-start=\"561\" data-end=\"564\" \/>\u0414\u043b\u044f \u0441\u043e\u0431\u0430\u043a \u0441\u0440\u0435\u0434\u043d\u0435\u0433\u043e \u0440\u0430\u0437\u043c\u0435\u0440\u0430 (12\u201322 \u043a\u0433)<br data-start=\"597\" data-end=\"600\" \/>\u041a\u0430\u0436\u0434\u0430\u044f \u0436\u0435\u0432\u0430\u0442\u0435\u043b\u044c\u043d\u0430\u044f \u0442\u0430\u0431\u043b\u0435\u0442\u043a\u0430 \u0441\u043e\u0434\u0435\u0440\u0436\u0438\u0442:<\/p>\n<ul data-start=\"631\" data-end=\"772\">\n<li data-start=\"631\" data-end=\"670\">\n<p data-start=\"633\" data-end=\"670\">\u0418\u0432\u0435\u0440\u043c\u0435\u043a\u0442\u0438\u043d \u0411\u041f \u2026\u2026\u2026\u2026\u2026\u2026\u2026\u2026\u2026\u2026\u2026\u2026\u2026 136 \u043c\u043a\u0433<\/p>\n<\/li>\n<li data-start=\"671\" data-end=\"735\">\n<p data-start=\"673\" data-end=\"735\">\u041f\u0438\u0440\u0430\u043d\u0442\u0435\u043b \u043f\u0430\u043c\u043e\u0430\u0442<br data-start=\"689\" data-end=\"692\" \/>\u041f\u0438\u0440\u0430\u043d\u0442\u0435\u043b \u044d\u043a\u0432\u0438\u0432\u0430\u043b\u0435\u043d\u0442 USP\u2026\u2026\u2026\u2026\u2026\u2026\u2026\u2026\u2026\u2026 114 \u043c\u0433<\/p>\n<\/li>\n<li data-start=\"736\" data-end=\"772\">\n<p data-start=\"738\" data-end=\"772\">\u0412\u0441\u043f\u043e\u043c\u043e\u0433\u0430\u0442\u0435\u043b\u044c\u043d\u044b\u0435 \u0432\u0435\u0449\u0435\u0441\u0442\u0432\u0430 \u2026\u2026\u2026\u2026\u2026\u2026\u2026\u2026\u2026\u2026\u2026\u2026\u2026 qs<\/p>\n<\/li>\n<\/ul>\n<p data-start=\"774\" data-end=\"859\"><strong data-start=\"774\" data-end=\"789\">\u0414\u0438\u0440\u043e\u0445\u0430\u0440\u0442-\u041b<\/strong><br data-start=\"789\" data-end=\"792\" \/>\u0414\u043b\u044f \u043a\u0440\u0443\u043f\u043d\u044b\u0445 \u0441\u043e\u0431\u0430\u043a (23\u201345 \u043a\u0433)<br data-start=\"826\" data-end=\"829\" \/>\u041a\u0430\u0436\u0434\u0430\u044f \u0436\u0435\u0432\u0430\u0442\u0435\u043b\u044c\u043d\u0430\u044f \u0442\u0430\u0431\u043b\u0435\u0442\u043a\u0430 \u0441\u043e\u0434\u0435\u0440\u0436\u0438\u0442:<\/p>\n<ul data-start=\"860\" data-end=\"1001\">\n<li data-start=\"860\" data-end=\"899\">\n<p data-start=\"862\" data-end=\"899\">\u0418\u0432\u0435\u0440\u043c\u0435\u043a\u0442\u0438\u043d BP \u2026\u2026\u2026\u2026\u2026\u2026\u2026\u2026\u2026\u2026\u2026\u2026\u2026 272 \u043c\u043a\u0433<\/p>\n<\/li>\n<li data-start=\"900\" data-end=\"964\">\n<p data-start=\"902\" data-end=\"964\">\u041f\u0438\u0440\u0430\u043d\u0442\u0435\u043b \u043f\u0430\u043c\u043e\u0430\u0442<br data-start=\"918\" data-end=\"921\" \/>\u041f\u0438\u0440\u0430\u043d\u0442\u0435\u043b \u044d\u043a\u0432\u0438\u0432\u0430\u043b\u0435\u043d\u0442\u0435\u043d USP\u2026\u2026\u2026\u2026\u2026\u2026\u2026\u2026\u2026\u2026 227 \u043c\u0433<\/p>\n<\/li>\n<li data-start=\"965\" data-end=\"1001\">\n<p data-start=\"967\" data-end=\"1001\">\u0412\u0441\u043f\u043e\u043c\u043e\u0433\u0430\u0442\u0435\u043b\u044c\u043d\u044b\u0435 \u0432\u0435\u0449\u0435\u0441\u0442\u0432\u0430 \u2026\u2026\u2026\u2026\u2026\u2026\u2026\u2026\u2026\u2026\u2026\u2026\u2026 qs<\/p>\n<\/li>\n<\/ul>\n<hr data-start=\"1003\" data-end=\"1006\" \/>\n<p data-start=\"1008\" data-end=\"1424\"><strong data-start=\"1008\" data-end=\"1024\">\u041f\u041e\u041a\u0410\u0417\u0410\u041d\u0418\u042f:<\/strong><br data-start=\"1024\" data-end=\"1027\" \/>Diroheart, \u0432\u044b\u0437\u044b\u0432\u0430\u044e\u0449\u0438\u0439 \u0437\u0430\u0431\u043e\u043b\u0435\u0432\u0430\u043d\u0438\u044f \u0441\u0435\u0440\u0434\u0446\u0430 \u0443 \u0441\u043e\u0431\u0430\u043a <strong data-start=\"1073\" data-end=\"1096\">Dirofilaria immitis<\/strong> \u041e\u043d \u0438\u0441\u043f\u043e\u043b\u044c\u0437\u0443\u0435\u0442\u0441\u044f \u0434\u043b\u044f \u0443\u043d\u0438\u0447\u0442\u043e\u0436\u0435\u043d\u0438\u044f \u0442\u043a\u0430\u043d\u0435\u0432\u043e\u0439 \u0441\u0442\u0430\u0434\u0438\u0438 \u043b\u0438\u0447\u0438\u043d\u043e\u043a \u0441\u0435\u0440\u0434\u0435\u0447\u043d\u043e\u0433\u043e \u0447\u0435\u0440\u0432\u044f \u0432 \u0442\u0435\u0447\u0435\u043d\u0438\u0435 30 \u0434\u043d\u0435\u0439 (\u043e\u0434\u0438\u043d \u043c\u0435\u0441\u044f\u0446) \u0441 \u043c\u043e\u043c\u0435\u043d\u0442\u0430 \u0437\u0430\u0440\u0430\u0436\u0435\u043d\u0438\u044f. \u041e\u043d \u0442\u0430\u043a\u0436\u0435 \u0438\u0441\u043f\u043e\u043b\u044c\u0437\u0443\u0435\u0442\u0441\u044f \u0434\u043b\u044f \u043b\u0435\u0447\u0435\u043d\u0438\u044f \u0438 \u043a\u043e\u043d\u0442\u0440\u043e\u043b\u044f Toxocara canis, Toxascaris leonina (\u043a\u0440\u0443\u0433\u043b\u044b\u0435 \u0447\u0435\u0440\u0432\u0438) \u0438 Ancylostoma caninum, Uncinaria stenocephala, Ancylostoma braziliense (\u0430\u043d\u043a\u0438\u043b\u043e\u0441\u0442\u043e\u043c\u044b).<\/p>\n<hr data-start=\"1426\" data-end=\"1429\" \/>\n<p data-start=\"1431\" data-end=\"1462\"><strong data-start=\"1431\" data-end=\"1460\">\u0414\u041e\u0417\u0418\u0420\u041e\u0412\u041a\u0410 \u0418 \u0421\u041f\u041e\u0421\u041e\u0411 \u041f\u0420\u0418\u041c\u0415\u041d\u0415\u041d\u0418\u042f:<\/strong><\/p>\n<p data-start=\"1464\" data-end=\"1569\">\u0414\u0430\u0432\u0430\u0439\u0442\u0435 \u0442\u0430\u0431\u043b\u0435\u0442\u043a\u0438 \u0414\u0438\u0440\u043e\u0445\u0430\u0440\u0442\u0430 (\u0438\u0432\u0435\u0440\u043c\u0435\u043a\u0442\u0438\u043d\/\u043f\u0438\u0440\u0430\u043d\u0442\u0435\u043b) \u0432\u043d\u0443\u0442\u0440\u044c \u0435\u0436\u0435\u043c\u0435\u0441\u044f\u0447\u043d\u043e \u0432 \u0441\u043b\u0435\u0434\u0443\u044e\u0449\u0438\u0445 \u0434\u043e\u0437\u0430\u0445:<\/p>\n<ul data-start=\"1570\" data-end=\"1723\">\n<li data-start=\"1570\" data-end=\"1637\">\n<p data-start=\"1572\" data-end=\"1637\">\u0418\u0432\u0435\u0440\u043c\u0435\u043a\u0442\u0438\u043d: 6 \u043c\u043a\u0433 \u043d\u0430 \u043a\u0438\u043b\u043e\u0433\u0440\u0430\u043c\u043c \u0432\u0435\u0441\u0430 \u0442\u0435\u043b\u0430 (2,72 \u043c\u043a\u0433\/\u0444\u0443\u043d\u0442)<\/p>\n<\/li>\n<li data-start=\"1638\" data-end=\"1723\">\n<p data-start=\"1640\" data-end=\"1723\">\u041f\u0438\u0440\u0430\u043d\u0442\u0435\u043b (\u0432 \u0432\u0438\u0434\u0435 \u043f\u0430\u043c\u043e\u0430\u0442\u043d\u043e\u0439 \u0441\u043e\u043b\u0438): 5 \u043c\u0433 \u043d\u0430 \u043a\u0438\u043b\u043e\u0433\u0440\u0430\u043c\u043c \u0432\u0435\u0441\u0430 \u0442\u0435\u043b\u0430 (2,27 \u043c\u0433\/\u0444\u0443\u043d\u0442)<\/p>\n<\/li>\n<\/ul>\n<div class=\"_tableContainer_16hzy_1\">\n<div class=\"_tableWrapper_16hzy_14 group flex w-fit flex-col-reverse\" tabindex=\"-1\">\n<table class=\"w-fit min-w-(--thread-content-width)\" data-start=\"1725\" data-end=\"2247\">\n<thead data-start=\"1725\" data-end=\"1812\">\n<tr data-start=\"1725\" data-end=\"1812\">\n<th data-start=\"1725\" data-end=\"1742\" data-col-size=\"sm\">\u0412\u0435\u0441 \u0441\u043e\u0431\u0430\u043a\u0438 (\u043a\u0433)<\/th>\n<th data-start=\"1742\" data-end=\"1771\" data-col-size=\"sm\">\u041a\u043e\u043b\u0438\u0447\u0435\u0441\u0442\u0432\u043e \u0442\u0430\u0431\u043b\u0435\u0442\u043e\u043a, \u043f\u0440\u0438\u043d\u0438\u043c\u0430\u0435\u043c\u044b\u0445 \u043a\u0430\u0436\u0434\u044b\u0439 \u043c\u0435\u0441\u044f\u0446<\/th>\n<th data-start=\"1771\" data-end=\"1792\" data-col-size=\"sm\">\u041a\u043e\u043b\u0438\u0447\u0435\u0441\u0442\u0432\u043e \u0438\u0432\u0435\u0440\u043c\u0435\u043a\u0442\u0438\u043d\u0430<\/th>\n<th data-start=\"1792\" data-end=\"1812\" data-col-size=\"sm\">\u041f\u0438\u0440\u0430\u043d\u0442\u0435\u043b \u043a\u043e\u043b\u0438\u0447\u0435\u0441\u0442\u0432\u043e<\/th>\n<\/tr>\n<\/thead>\n<tbody data-start=\"1900\" data-end=\"2247\">\n<tr data-start=\"1900\" data-end=\"1986\">\n<td data-start=\"1900\" data-end=\"1917\" data-col-size=\"sm\">\u0414\u043e 5,6 \u043a\u0433<\/td>\n<td data-col-size=\"sm\" data-start=\"1917\" data-end=\"1946\">1<\/td>\n<td data-col-size=\"sm\" data-start=\"1946\" data-end=\"1966\">34 \u043c\u043a\u0433<\/td>\n<td data-col-size=\"sm\" data-start=\"1966\" data-end=\"1986\">28,5 \u043c\u0433<\/td>\n<\/tr>\n<tr data-start=\"1987\" data-end=\"2073\">\n<td data-start=\"1987\" data-end=\"2004\" data-col-size=\"sm\">\u0414\u043e 11 \u043a\u0433<\/td>\n<td data-col-size=\"sm\" data-start=\"2004\" data-end=\"2033\">1<\/td>\n<td data-col-size=\"sm\" data-start=\"2033\" data-end=\"2053\">68 \u043c\u043a\u0433<\/td>\n<td data-col-size=\"sm\" data-start=\"2053\" data-end=\"2073\">57 \u043c\u0433<\/td>\n<\/tr>\n<tr data-start=\"2074\" data-end=\"2160\">\n<td data-start=\"2074\" data-end=\"2091\" data-col-size=\"sm\">12\u201322 \u043a\u0433<\/td>\n<td data-col-size=\"sm\" data-start=\"2091\" data-end=\"2120\">1<\/td>\n<td data-col-size=\"sm\" data-start=\"2120\" data-end=\"2140\">136 \u043c\u043a\u0433<\/td>\n<td data-col-size=\"sm\" data-start=\"2140\" data-end=\"2160\">114 \u043c\u0433<\/td>\n<\/tr>\n<tr data-start=\"2161\" data-end=\"2247\">\n<td data-start=\"2161\" data-end=\"2178\" data-col-size=\"sm\">23\u201345 \u043a\u0433<\/td>\n<td data-col-size=\"sm\" data-start=\"2178\" data-end=\"2207\">1<\/td>\n<td data-col-size=\"sm\" data-start=\"2207\" data-end=\"2227\">272 \u043c\u043a\u0433<\/td>\n<td data-col-size=\"sm\" data-start=\"2227\" data-end=\"2247\">227 \u043c\u0433<\/td>\n<\/tr>\n<\/tbody>\n<\/table>\n<div class=\"sticky end-(--thread-content-margin) h-0 self-end select-none\">\n<div class=\"absolute end-0 flex items-end\"><\/div>\n<\/div>\n<\/div>\n<\/div>\n<ul data-start=\"2249\" data-end=\"2416\">\n<li data-start=\"2249\" data-end=\"2320\">\n<p data-start=\"2251\" data-end=\"2320\">\u041f\u0440\u0435\u043f\u0430\u0440\u0430\u0442 Diroheart \u0440\u0435\u043a\u043e\u043c\u0435\u043d\u0434\u0443\u0435\u0442\u0441\u044f \u0434\u043b\u044f \u0441\u043e\u0431\u0430\u043a \u0432 \u0432\u043e\u0437\u0440\u0430\u0441\u0442\u0435 6 \u043d\u0435\u0434\u0435\u043b\u044c \u0438 \u0441\u0442\u0430\u0440\u0448\u0435.<\/p>\n<\/li>\n<li data-start=\"2321\" data-end=\"2416\">\n<p data-start=\"2323\" data-end=\"2416\">\u0414\u043b\u044f \u0441\u043e\u0431\u0430\u043a \u0432\u0435\u0441\u043e\u043c \u0431\u043e\u043b\u0435\u0435 45 \u043a\u0433 \u0441\u043b\u0435\u0434\u0443\u0435\u0442 \u0434\u0430\u0432\u0430\u0442\u044c \u0441\u043c\u0435\u0441\u044c \u044d\u0442\u0438\u0445 \u0442\u0430\u0431\u043b\u0435\u0442\u043e\u043a, \u0447\u0442\u043e\u0431\u044b \u043e\u0431\u0435\u0441\u043f\u0435\u0447\u0438\u0442\u044c \u043f\u0440\u0430\u0432\u0438\u043b\u044c\u043d\u0443\u044e \u0434\u043e\u0437\u0438\u0440\u043e\u0432\u043a\u0443.<\/p>\n<\/li>\n<\/ul>\n<\/div>\n<p><!-- .vgblk-rw-wrapper --><\/p>","protected":false},"excerpt":{"rendered":"<p>Diroheart-SSKi\u00e7ik \u00f6l\u00e7\u00fcl\u00fc itl\u0259r \u00fc\u00e7\u00fcn (5.6 kq-a q\u0259d\u0259r)H\u0259r \u00e7eyn\u0259n\u0259n tablet t\u0259rkibi: \u0130vermektin \u2026\u2026\u2026\u2026\u2026\u2026\u2026\u2026\u2026\u2026\u2026\u2026\u2026\u2026\u2026 34.0 mkq P\u0131rantel Pamoyat (Pyrantel Pamoate)Pyrantel USP-\u0259 b\u0259rab\u0259r \u2026\u2026\u2026\u2026\u2026\u2026\u2026\u2026\u2026 28.5 mq Yard\u0131m\u00e7\u0131 madd\u0259l\u0259r (Excipients) \u2026\u2026\u2026\u2026\u2026\u2026 q.s. Diroheart-SKi\u00e7ik \u00f6l\u00e7\u00fcl\u00fc itl\u0259r \u00fc\u00e7\u00fcn (11 kq-a q\u0259d\u0259r)H\u0259r \u00e7eyn\u0259n\u0259n tablet t\u0259rkibi: \u0130vermektin BP \u2026\u2026\u2026\u2026\u2026\u2026\u2026\u2026\u2026\u2026\u2026\u2026\u2026 68 mkq P\u0131rantel PamoyatPyrantel USP-\u0259 b\u0259rab\u0259r \u2026\u2026\u2026\u2026\u2026\u2026\u2026\u2026\u2026 57 mq Yard\u0131m\u00e7\u0131 madd\u0259l\u0259r \u2026\u2026\u2026\u2026\u2026\u2026\u2026\u2026\u2026\u2026\u2026 q.s. Diroheart-MOrta&#8230;<\/p>","protected":false},"featured_media":988726,"comment_status":"closed","ping_status":"closed","template":"","meta":{"nf_dc_page":"","_monsterinsights_skip_tracking":false,"_monsterinsights_sitenote_active":false,"_monsterinsights_sitenote_note":"","_monsterinsights_sitenote_category":0},"product_brand":[],"product_cat":[58,251,246,244],"product_tag":[],"class_list":{"0":"post-988725","1":"product","2":"type-product","3":"status-publish","4":"has-post-thumbnail","6":"product_cat-dog","7":"product_cat-veterinary-products","8":"product_cat-dermanlar","9":"product_cat-it-ve-pisik-mehsullari","11":"first","12":"instock","13":"shipping-taxable","14":"product-type-simple"},"jetpack_sharing_enabled":true,"_links":{"self":[{"href":"https:\/\/agrovetazerbaijan.az\/ru\/wp-json\/wp\/v2\/product\/988725","targetHints":{"allow":["GET"]}}],"collection":[{"href":"https:\/\/agrovetazerbaijan.az\/ru\/wp-json\/wp\/v2\/product"}],"about":[{"href":"https:\/\/agrovetazerbaijan.az\/ru\/wp-json\/wp\/v2\/types\/product"}],"replies":[{"embeddable":true,"href":"https:\/\/agrovetazerbaijan.az\/ru\/wp-json\/wp\/v2\/comments?post=988725"}],"version-history":[{"count":2,"href":"https:\/\/agrovetazerbaijan.az\/ru\/wp-json\/wp\/v2\/product\/988725\/revisions"}],"predecessor-version":[{"id":989620,"href":"https:\/\/agrovetazerbaijan.az\/ru\/wp-json\/wp\/v2\/product\/988725\/revisions\/989620"}],"wp:featuredmedia":[{"embeddable":true,"href":"https:\/\/agrovetazerbaijan.az\/ru\/wp-json\/wp\/v2\/media\/988726"}],"wp:attachment":[{"href":"https:\/\/agrovetazerbaijan.az\/ru\/wp-json\/wp\/v2\/media?parent=988725"}],"wp:term":[{"taxonomy":"product_brand","embeddable":true,"href":"https:\/\/agrovetazerbaijan.az\/ru\/wp-json\/wp\/v2\/product_brand?post=988725"},{"taxonomy":"product_cat","embeddable":true,"href":"https:\/\/agrovetazerbaijan.az\/ru\/wp-json\/wp\/v2\/product_cat?post=988725"},{"taxonomy":"product_tag","embeddable":true,"href":"https:\/\/agrovetazerbaijan.az\/ru\/wp-json\/wp\/v2\/product_tag?post=988725"}],"curies":[{"name":"WP","href":"https:\/\/api.w.org\/{rel}","templated":true}]}}