{"id":988721,"date":"2025-03-19T19:47:18","date_gmt":"2025-03-19T19:47:18","guid":{"rendered":"https:\/\/agrovetazerbaijan.az\/?post_type=product&#038;p=988721"},"modified":"2025-06-20T17:14:16","modified_gmt":"2025-06-20T17:14:16","slug":"aurimodermeyes-ear-drops","status":"publish","type":"product","link":"https:\/\/agrovetazerbaijan.az\/ru\/product\/aurimodermeyes-ear-drops\/","title":{"rendered":"AURIMODERM (\u0433\u043b\u0430\u0437\u043d\u044b\u0435 \u0438 \u0443\u0448\u043d\u044b\u0435 \u043a\u0430\u043f\u043b\u0438)"},"content":{"rendered":"<div class=\"vgblk-rw-wrapper limit-wrapper\">\n<h3 data-start=\"83\" data-end=\"130\"><strong data-start=\"87\" data-end=\"130\">AURIMODERM \u2013 \u0443\u0448\u043d\u044b\u0435 \u043a\u0430\u043f\u043b\u0438 (\u0434\u043b\u044f \u0441\u043e\u0431\u0430\u043a)<\/strong><\/h3>\n<hr data-start=\"132\" data-end=\"135\" \/>\n<h4 data-start=\"137\" data-end=\"154\"><strong data-start=\"142\" data-end=\"154\">\u0418\u043d\u0433\u0440\u0435\u0434\u0438\u0435\u043d\u0442\u044b:<\/strong><\/h4>\n<p data-start=\"156\" data-end=\"200\">\u0412 1 \u0433\u0440\u0430\u043c\u043c\u0435 \u043f\u0440\u043e\u0434\u0443\u043a\u0442\u0430 \u0441\u043e\u0434\u0435\u0440\u0436\u0438\u0442\u0441\u044f:<\/p>\n<ul data-start=\"202\" data-end=\"421\">\n<li data-start=\"202\" data-end=\"282\">\n<p data-start=\"204\" data-end=\"282\"><strong data-start=\"204\" data-end=\"229\">\u0413\u0435\u043d\u0442\u0430\u043c\u0438\u0446\u0438\u043d\u0430 \u0441\u0443\u043b\u044c\u0444\u0430\u0442 USP<\/strong><br data-start=\"229\" data-end=\"232\" \/>(\u0432 \u044d\u043a\u0432\u0438\u0432\u0430\u043b\u0435\u043d\u0442\u0435 \u0433\u0435\u043d\u0442\u0430\u043c\u0438\u0446\u0438\u043d\u043e\u0432\u043e\u0433\u043e \u043e\u0441\u043d\u043e\u0432\u0430\u043d\u0438\u044f) \u2026\u2026\u2026\u2026\u2026\u2026 <strong data-start=\"274\" data-end=\"282\">3 \u043c\u0433<\/strong><\/p>\n<\/li>\n<li data-start=\"284\" data-end=\"364\">\n<p data-start=\"286\" data-end=\"364\"><strong data-start=\"286\" data-end=\"313\">\u0411\u0435\u0442\u0430\u043c\u0435\u0442\u0430\u0437\u043e\u043d\u0430 \u0432\u0430\u043b\u0435\u0440\u0430\u0442 USP<\/strong><br data-start=\"313\" data-end=\"316\" \/>(\u0432 \u044d\u043a\u0432\u0438\u0432\u0430\u043b\u0435\u043d\u0442\u0435 \u0431\u0435\u0442\u0430\u043c\u0435\u0442\u0430\u0437\u043e\u043d\u0430) \u2026\u2026\u2026\u2026\u2026\u2026\u2026\u2026 <strong data-start=\"356\" data-end=\"364\">1 \u043c\u0433<\/strong><\/p>\n<\/li>\n<li data-start=\"366\" data-end=\"421\">\n<p data-start=\"368\" data-end=\"421\"><strong data-start=\"368\" data-end=\"387\">\u041a\u043b\u043e\u0442\u0440\u0438\u043c\u0430\u0437\u043e\u043b USP<\/strong> \u2026\u2026\u2026\u2026\u2026\u2026\u2026\u2026\u2026\u2026\u2026\u2026\u2026\u2026\u2026\u2026\u2026\u2026\u2026\u2026\u2026\u2026\u2026\u2026\u2026 <strong data-start=\"412\" data-end=\"421\">10 \u043c\u0433<\/strong><\/p>\n<\/li>\n<\/ul>\n<hr data-start=\"423\" data-end=\"426\" \/>\n<h4 data-start=\"428\" data-end=\"459\"><strong data-start=\"433\" data-end=\"459\">\u0418\u043d\u0441\u0442\u0440\u0443\u043a\u0446\u0438\u044f \u043f\u043e \u043f\u0440\u0438\u043c\u0435\u043d\u0435\u043d\u0438\u044e:<\/strong><\/h4>\n<p data-start=\"461\" data-end=\"524\"><strong data-start=\"461\" data-end=\"475\">\u0410\u0423\u0420\u0418\u041c\u041e\u0414\u0415\u0420\u041c<\/strong> \u041f\u0440\u0438\u043c\u0435\u043d\u044f\u0435\u0442\u0441\u044f \u043f\u0440\u0438 \u043b\u0435\u0447\u0435\u043d\u0438\u0438 \u0441\u043b\u0435\u0434\u0443\u044e\u0449\u0438\u0445 \u0437\u0430\u0431\u043e\u043b\u0435\u0432\u0430\u043d\u0438\u0439:<\/p>\n<ul data-start=\"526\" data-end=\"726\">\n<li data-start=\"526\" data-end=\"600\">\n<p data-start=\"528\" data-end=\"600\"><strong data-start=\"528\" data-end=\"579\">\u041e\u0441\u0442\u0440\u044b\u0439 \u0438 \u0445\u0440\u043e\u043d\u0438\u0447\u0435\u0441\u043a\u0438\u0439 \u043d\u0430\u0440\u0443\u0436\u043d\u044b\u0439 \u043e\u0442\u0438\u0442 \u0443 \u0441\u043e\u0431\u0430\u043a<\/strong> (<em data-start=\"581\" data-end=\"597\">\u043d\u0430\u0440\u0443\u0436\u043d\u044b\u0439 \u043e\u0442\u0438\u0442<\/em>)<\/p>\n<\/li>\n<li data-start=\"601\" data-end=\"726\">\n<p data-start=\"603\" data-end=\"726\"><strong data-start=\"603\" data-end=\"632\">\u041e\u0441\u043e\u0431\u0435\u043d\u043d\u043e \u0434\u0440\u043e\u0436\u0436\u0435\u0432\u044b\u0435 \u0433\u0440\u0438\u0431\u043a\u0438<\/strong> \u0418\u043d\u0444\u0435\u043a\u0446\u0438\u0438, \u0441\u0432\u044f\u0437\u0430\u043d\u043d\u044b\u0435 \u0441 Malassezia pachydermatis (\u0440\u0430\u043d\u0435\u0435 \u0438\u0437\u0432\u0435\u0441\u0442\u043d\u044b\u0439 \u043a\u0430\u043a Pityrosporum canis)<\/p>\n<\/li>\n<\/ul>\n<hr data-start=\"728\" data-end=\"731\" \/>\n<h4 data-start=\"733\" data-end=\"766\"><strong data-start=\"738\" data-end=\"766\">\u0418\u043d\u0441\u0442\u0440\u0443\u043a\u0446\u0438\u044f \u043f\u043e \u043f\u0440\u0438\u043c\u0435\u043d\u0435\u043d\u0438\u044e \u0438 \u0434\u043e\u0437\u0438\u0440\u043e\u0432\u043a\u0435:<\/strong><\/h4>\n<p data-start=\"768\" data-end=\"833\">\u041f\u0435\u0440\u0435\u0434 \u043f\u0440\u0438\u043c\u0435\u043d\u0435\u043d\u0438\u0435\u043c <strong data-start=\"784\" data-end=\"832\">\u0423\u0431\u0435\u0434\u0438\u0442\u0435\u0441\u044c, \u0447\u0442\u043e \u0431\u0430\u0440\u0430\u0431\u0430\u043d\u043d\u0430\u044f \u043f\u0435\u0440\u0435\u043f\u043e\u043d\u043a\u0430 \u043d\u0435 \u043f\u043e\u0432\u0440\u0435\u0436\u0434\u0435\u043d\u0430.<\/strong>.<\/p>\n<ul data-start=\"835\" data-end=\"1065\">\n<li data-start=\"835\" data-end=\"945\">\n<p data-start=\"837\" data-end=\"945\"><strong data-start=\"837\" data-end=\"889\">\u0414\u043b\u044f \u0441\u043e\u0431\u0430\u043a \u0432\u0435\u0441\u043e\u043c \u043c\u0435\u043d\u0435\u0435 30 \u0444\u0443\u043d\u0442\u043e\u0432 (\u224813,6 \u043a\u0433):<\/strong><br data-start=\"889\" data-end=\"892\" \/>\u0412 \u0443\u0448\u043d\u043e\u0439 \u043a\u0430\u043d\u0430\u043b <strong data-start=\"909\" data-end=\"933\">4 \u043a\u0430\u043f\u043b\u0438 2 \u0440\u0430\u0437\u0430 \u0432 \u0434\u0435\u043d\u044c<\/strong> \u0417\u0430\u0441\u0442\u0430\u0432\u044c\u0442\u0435 \u0435\u0433\u043e \u043a\u0430\u043f\u0430\u0442\u044c.<\/p>\n<\/li>\n<li data-start=\"947\" data-end=\"1065\">\n<p data-start=\"949\" data-end=\"1065\"><strong data-start=\"949\" data-end=\"1009\">\u0414\u043b\u044f \u0441\u043e\u0431\u0430\u043a \u0432\u0435\u0441\u043e\u043c 30 \u0444\u0443\u043d\u0442\u043e\u0432 (\u224813,6 \u043a\u0433) \u0438 \u0431\u043e\u043b\u0435\u0435:<\/strong><br data-start=\"1009\" data-end=\"1012\" \/>\u0412 \u0443\u0448\u043d\u043e\u0439 \u043a\u0430\u043d\u0430\u043b <strong data-start=\"1029\" data-end=\"1053\">8 \u043a\u0430\u043f\u0435\u043b\u044c 2 \u0440\u0430\u0437\u0430 \u0432 \u0434\u0435\u043d\u044c<\/strong> \u0417\u0430\u0441\u0442\u0430\u0432\u044c\u0442\u0435 \u0435\u0433\u043e \u043a\u0430\u043f\u0430\u0442\u044c.<\/p>\n<\/li>\n<\/ul>\n<p data-start=\"1067\" data-end=\"1185\"><strong data-start=\"1067\" data-end=\"1086\">\u041f\u043e\u0441\u043b\u0435 \u043f\u0440\u0438\u043c\u0435\u043d\u0435\u043d\u0438\u044f<\/strong> \u043d\u0430\u0440\u0443\u0436\u043d\u043e\u0435 \u0443\u0445\u043e <strong data-start=\"1111\" data-end=\"1135\">\u043c\u0430\u0441\u0441\u0438\u0440\u0443\u0439\u0442\u0435 \u043e\u0441\u0442\u043e\u0440\u043e\u0436\u043d\u043e<\/strong>, \u0447\u0442\u043e\u0431\u044b \u043e\u0431\u0435\u0441\u043f\u0435\u0447\u0438\u0442\u044c \u0440\u0430\u0432\u043d\u043e\u043c\u0435\u0440\u043d\u043e\u0435 \u0440\u0430\u0441\u043f\u0440\u0435\u0434\u0435\u043b\u0435\u043d\u0438\u0435 \u043f\u0440\u0435\u043f\u0430\u0440\u0430\u0442\u0430.<\/p>\n<p data-start=\"1187\" data-end=\"1209\"><strong data-start=\"1187\" data-end=\"1207\">\u041f\u0440\u043e\u0434\u043e\u043b\u0436\u0438\u0442\u0435\u043b\u044c\u043d\u043e\u0441\u0442\u044c \u043b\u0435\u0447\u0435\u043d\u0438\u044f:<\/strong><\/p>\n<ul data-start=\"1210\" data-end=\"1249\">\n<li data-start=\"1210\" data-end=\"1249\">\n<p data-start=\"1212\" data-end=\"1249\"><strong data-start=\"1212\" data-end=\"1229\">7 \u0434\u043d\u0435\u0439 \u043f\u043e\u0434\u0440\u044f\u0434<\/strong> \u0441\u043b\u0435\u0434\u0443\u0435\u0442 \u043f\u0440\u0438\u043c\u0435\u043d\u044f\u0442\u044c.<\/p>\n<\/li>\n<\/ul>\n<\/div>\n<p><!-- .vgblk-rw-wrapper --><\/p>","protected":false},"excerpt":{"rendered":"<p>AURIMODERM \u2013 qulaq damc\u0131s\u0131 (itl\u0259r \u00fc\u00e7\u00fcn) T\u0259rkibi: H\u0259r 1 qram m\u0259hsul a\u015fa\u011f\u0131dak\u0131lar\u0131 ehtiva edir: Gentamisin sulfat USP(gentamisin baza ekvivalentind\u0259) \u2026\u2026\u2026\u2026\u2026\u2026 3 mq Betametazon valerat USP(betametazon ekvivalentind\u0259) \u2026\u2026\u2026\u2026\u2026\u2026\u2026\u2026 1 mq Klotrimazol USP \u2026\u2026\u2026\u2026\u2026\u2026\u2026\u2026\u2026\u2026\u2026\u2026\u2026\u2026\u2026\u2026\u2026\u2026\u2026\u2026\u2026\u2026\u2026 10 mq \u0130stifad\u0259 g\u00f6st\u0259ri\u015fl\u0259ri: AURIMODERM a\u015fa\u011f\u0131dak\u0131 hallar\u0131n m\u00fcalic\u0259sind\u0259 istifad\u0259 olunur: \u0130tl\u0259rd\u0259 k\u0259skin v\u0259 xroniki xarici qulaq iltihab\u0131 (otitis externa) X\u00fcsusil\u0259 maya g\u00f6b\u0259l\u0259kl\u0259ri (Malassezia&#8230;<\/p>","protected":false},"featured_media":988722,"comment_status":"closed","ping_status":"closed","template":"","meta":{"nf_dc_page":"","_monsterinsights_skip_tracking":false,"_monsterinsights_sitenote_active":false,"_monsterinsights_sitenote_note":"","_monsterinsights_sitenote_category":0},"product_brand":[],"product_cat":[58],"product_tag":[],"class_list":{"0":"post-988721","1":"product","2":"type-product","3":"status-publish","4":"has-post-thumbnail","6":"product_cat-dog","8":"first","9":"instock","10":"shipping-taxable","11":"product-type-simple"},"jetpack_sharing_enabled":true,"_links":{"self":[{"href":"https:\/\/agrovetazerbaijan.az\/ru\/wp-json\/wp\/v2\/product\/988721","targetHints":{"allow":["GET"]}}],"collection":[{"href":"https:\/\/agrovetazerbaijan.az\/ru\/wp-json\/wp\/v2\/product"}],"about":[{"href":"https:\/\/agrovetazerbaijan.az\/ru\/wp-json\/wp\/v2\/types\/product"}],"replies":[{"embeddable":true,"href":"https:\/\/agrovetazerbaijan.az\/ru\/wp-json\/wp\/v2\/comments?post=988721"}],"version-history":[{"count":2,"href":"https:\/\/agrovetazerbaijan.az\/ru\/wp-json\/wp\/v2\/product\/988721\/revisions"}],"predecessor-version":[{"id":989749,"href":"https:\/\/agrovetazerbaijan.az\/ru\/wp-json\/wp\/v2\/product\/988721\/revisions\/989749"}],"wp:featuredmedia":[{"embeddable":true,"href":"https:\/\/agrovetazerbaijan.az\/ru\/wp-json\/wp\/v2\/media\/988722"}],"wp:attachment":[{"href":"https:\/\/agrovetazerbaijan.az\/ru\/wp-json\/wp\/v2\/media?parent=988721"}],"wp:term":[{"taxonomy":"product_brand","embeddable":true,"href":"https:\/\/agrovetazerbaijan.az\/ru\/wp-json\/wp\/v2\/product_brand?post=988721"},{"taxonomy":"product_cat","embeddable":true,"href":"https:\/\/agrovetazerbaijan.az\/ru\/wp-json\/wp\/v2\/product_cat?post=988721"},{"taxonomy":"product_tag","embeddable":true,"href":"https:\/\/agrovetazerbaijan.az\/ru\/wp-json\/wp\/v2\/product_tag?post=988721"}],"curies":[{"name":"WP","href":"https:\/\/api.w.org\/{rel}","templated":true}]}}