{"id":988718,"date":"2025-03-19T19:33:47","date_gmt":"2025-03-19T19:33:47","guid":{"rendered":"https:\/\/agrovetazerbaijan.az\/?post_type=product&#038;p=988718"},"modified":"2025-06-30T23:15:38","modified_gmt":"2025-06-30T23:15:38","slug":"ashiver-plus-tablet","status":"publish","type":"product","link":"https:\/\/agrovetazerbaijan.az\/ru\/product\/ashiver-plus-tablet\/","title":{"rendered":"\u0422\u0430\u0431\u043b\u0435\u0442\u043a\u0430 ASHIVER PLUS"},"content":{"rendered":"<div class=\"vgblk-rw-wrapper limit-wrapper\">\n<p data-start=\"36\" data-end=\"50\"><strong data-start=\"36\" data-end=\"48\">\u0421\u041e\u0421\u0422\u0410\u0412:<\/strong><\/p>\n<ul data-start=\"51\" data-end=\"159\">\n<li data-start=\"51\" data-end=\"81\">\n<p data-start=\"53\" data-end=\"81\">\u0418\u0432\u0435\u0440\u043c\u0435\u043a\u0442\u0438\u043d \u2026\u2026\u2026\u2026\u2026\u2026\u2026\u2026 2 \u043c\u0433<\/p>\n<\/li>\n<li data-start=\"82\" data-end=\"113\">\n<p data-start=\"84\" data-end=\"113\">\u041f\u0440\u0430\u0437\u0438\u043a\u0432\u0430\u043d\u0442\u0435\u043b \u2026\u2026\u2026 50 \u043c\u0433<\/p>\n<\/li>\n<li data-start=\"114\" data-end=\"159\">\n<p data-start=\"116\" data-end=\"159\">\u0412\u0441\u043f\u043e\u043c\u043e\u0433\u0430\u0442\u0435\u043b\u044c\u043d\u043e\u0435 \u0432\u0435\u0449\u0435\u0441\u0442\u0432\u043e \u2026\u2026\u2026\u2026\u2026\u2026\u2026 qs (\u0434\u043e\u0441\u0442\u0430\u0442\u043e\u0447\u043d\u043e\u0435 \u043a\u043e\u043b\u0438\u0447\u0435\u0441\u0442\u0432\u043e)<\/p>\n<\/li>\n<\/ul>\n<p data-start=\"161\" data-end=\"566\"><strong data-start=\"161\" data-end=\"185\">\u0426\u0415\u041b\u0418 \u0418\u0421\u041f\u041e\u041b\u042c\u0417\u041e\u0412\u0410\u041d\u0418\u042f:<\/strong><br data-start=\"185\" data-end=\"188\" \/>\u041f\u0440\u0435\u043f\u0430\u0440\u0430\u0442 ASHIVER PLUS \u043f\u043e\u043a\u0430\u0437\u0430\u043d \u0434\u043b\u044f \u043b\u0435\u0447\u0435\u043d\u0438\u044f \u0438 \u043f\u0440\u043e\u0444\u0438\u043b\u0430\u043a\u0442\u0438\u043a\u0438 \u0434\u0438\u0440\u043e\u0444\u0438\u043b\u044f\u0440\u0438\u043e\u0437\u0430, \u0432\u044b\u0437\u044b\u0432\u0430\u0435\u043c\u043e\u0433\u043e Dirofilaria immitis (3-\u044f \u0438 4-\u044f \u043b\u0438\u0447\u0438\u043d\u043e\u0447\u043d\u044b\u0435 \u0441\u0442\u0430\u0434\u0438\u0438) \u0443 \u0441\u043e\u0431\u0430\u043a \u0438 \u043a\u043e\u0448\u0435\u043a, \u0430 \u0442\u0430\u043a\u0436\u0435 \u0434\u043b\u044f \u043b\u0435\u0447\u0435\u043d\u0438\u044f \u0436\u0435\u043b\u0443\u0434\u043e\u0447\u043d\u043e-\u043a\u0438\u0448\u0435\u0447\u043d\u044b\u0445 \u0438\u043d\u0444\u0435\u043a\u0446\u0438\u0439, \u0432\u044b\u0437\u0432\u0430\u043d\u043d\u044b\u0445 \u043a\u0440\u0443\u0433\u043b\u044b\u043c\u0438 \u0447\u0435\u0440\u0432\u044f\u043c\u0438 (Ancylostoma caninum, Trichuris vulpis, Toxocara canis, Capillaria aerophila) \u0438 \u043b\u0435\u043d\u0442\u043e\u0447\u043d\u044b\u043c\u0438 \u0447\u0435\u0440\u0432\u044f\u043c\u0438 (Dipylidium caninum, Taenia pisiformis).<\/p>\n<p data-start=\"568\" data-end=\"599\"><strong data-start=\"568\" data-end=\"597\">\u0414\u041e\u0417\u0418\u0420\u041e\u0412\u041a\u0410 \u0418 \u0421\u041f\u041e\u0421\u041e\u0411 \u041f\u0420\u0418\u041c\u0415\u041d\u0415\u041d\u0418\u042f:<\/strong><\/p>\n<ul data-start=\"600\" data-end=\"695\">\n<li data-start=\"600\" data-end=\"646\">\n<p data-start=\"602\" data-end=\"646\">\u0414\u043b\u044f \u0441\u043e\u0431\u0430\u043a: 1 \u0442\u0430\u0431\u043b\u0435\u0442\u043a\u0430 \u043d\u0430 10 \u043a\u0433 \u043c\u0430\u0441\u0441\u044b \u0442\u0435\u043b\u0430.<\/p>\n<\/li>\n<li data-start=\"647\" data-end=\"695\">\n<p data-start=\"649\" data-end=\"695\">\u0414\u043b\u044f \u043a\u043e\u0448\u0435\u043a: \u00bd \u0442\u0430\u0431\u043b\u0435\u0442\u043a\u0438 \u043d\u0430 5 \u043a\u0433 \u043c\u0430\u0441\u0441\u044b \u0442\u0435\u043b\u0430.<\/p>\n<\/li>\n<\/ul>\n<p data-start=\"697\" data-end=\"879\">\u041f\u0440\u0438 \u043b\u0435\u0447\u0435\u043d\u0438\u0438 \u0438\u043d\u0444\u0435\u043a\u0446\u0438\u0438, \u0432\u044b\u0437\u0432\u0430\u043d\u043d\u043e\u0439 Taenia spp., \u043a\u0443\u0440\u0441 \u043b\u0435\u0447\u0435\u043d\u0438\u044f \u0441\u043b\u0435\u0434\u0443\u0435\u0442 \u043f\u043e\u0432\u0442\u043e\u0440\u0438\u0442\u044c \u0447\u0435\u0440\u0435\u0437 21 \u0434\u0435\u043d\u044c. \u0412 \u043a\u0430\u0447\u0435\u0441\u0442\u0432\u0435 \u043f\u0440\u043e\u0444\u0438\u043b\u0430\u043a\u0442\u0438\u043a\u0438 \u0444\u0438\u043b\u044f\u0440\u0438\u0430\u0442\u043e\u0437\u0430 \u0434\u043e\u0437\u0443 \u0441\u043b\u0435\u0434\u0443\u0435\u0442 \u043d\u0430\u0437\u043d\u0430\u0447\u0430\u0442\u044c \u043f\u043e\u0441\u043b\u0435 \u043a\u043e\u043d\u0441\u0443\u043b\u044c\u0442\u0430\u0446\u0438\u0438 \u0441 \u0432\u0435\u0442\u0435\u0440\u0438\u043d\u0430\u0440\u043d\u044b\u043c \u0432\u0440\u0430\u0447\u043e\u043c.<\/p>\n<\/div>\n<p><!-- .vgblk-rw-wrapper --><\/p>","protected":false},"excerpt":{"rendered":"<p>T\u018fRK\u0130B\u0130: \u0130vermektin \u2026\u2026\u2026\u2026\u2026\u2026\u2026\u2026\u2026\u2026 2 mq Praziquantel \u2026\u2026\u2026\u2026\u2026\u2026\u2026\u2026 50 mq Yard\u0131m\u00e7\u0131 madd\u0259 \u2026\u2026\u2026\u2026\u2026\u2026\u2026 q.s. (kifay\u0259t q\u0259d\u0259r) \u0130ST\u0130FAD\u018f M\u018fQS\u018fDL\u018fR\u0130:ASHIVER PLUS itl\u0259r v\u0259 pi\u015fikl\u0259rd\u0259 Dirofilaria immitis (3-c\u00fc v\u0259 4-c\u00fc larva m\u0259rh\u0259l\u0259l\u0259ri) t\u0259r\u0259find\u0259n t\u00f6r\u0259dil\u0259n \u00fcr\u0259k qurdu x\u0259st\u0259liyinin m\u00fcalic\u0259si v\u0259 qar\u015f\u0131s\u0131n\u0131n al\u0131nmas\u0131, h\u0259m\u00e7inin m\u0259d\u0259-ba\u011f\u0131rsaq yuvarlaq qurdlar\u0131n (Ancylostoma caninum, Trichuris vulpis, Toxocara canis, Capillaria aerophila) v\u0259 qurdlardan (Dipylidium caninum, Taenia pisiformis)&#8230;<\/p>","protected":false},"featured_media":988719,"comment_status":"closed","ping_status":"closed","template":"","meta":{"nf_dc_page":"","_monsterinsights_skip_tracking":false,"_monsterinsights_sitenote_active":false,"_monsterinsights_sitenote_note":"","_monsterinsights_sitenote_category":0},"product_brand":[],"product_cat":[58,251,246,244,51],"product_tag":[],"class_list":{"0":"post-988718","1":"product","2":"type-product","3":"status-publish","4":"has-post-thumbnail","6":"product_cat-dog","7":"product_cat-veterinary-products","8":"product_cat-dermanlar","9":"product_cat-it-ve-pisik-mehsullari","10":"product_cat-cat","12":"first","13":"instock","14":"shipping-taxable","15":"product-type-simple"},"jetpack_sharing_enabled":true,"_links":{"self":[{"href":"https:\/\/agrovetazerbaijan.az\/ru\/wp-json\/wp\/v2\/product\/988718","targetHints":{"allow":["GET"]}}],"collection":[{"href":"https:\/\/agrovetazerbaijan.az\/ru\/wp-json\/wp\/v2\/product"}],"about":[{"href":"https:\/\/agrovetazerbaijan.az\/ru\/wp-json\/wp\/v2\/types\/product"}],"replies":[{"embeddable":true,"href":"https:\/\/agrovetazerbaijan.az\/ru\/wp-json\/wp\/v2\/comments?post=988718"}],"version-history":[{"count":2,"href":"https:\/\/agrovetazerbaijan.az\/ru\/wp-json\/wp\/v2\/product\/988718\/revisions"}],"predecessor-version":[{"id":989618,"href":"https:\/\/agrovetazerbaijan.az\/ru\/wp-json\/wp\/v2\/product\/988718\/revisions\/989618"}],"wp:featuredmedia":[{"embeddable":true,"href":"https:\/\/agrovetazerbaijan.az\/ru\/wp-json\/wp\/v2\/media\/988719"}],"wp:attachment":[{"href":"https:\/\/agrovetazerbaijan.az\/ru\/wp-json\/wp\/v2\/media?parent=988718"}],"wp:term":[{"taxonomy":"product_brand","embeddable":true,"href":"https:\/\/agrovetazerbaijan.az\/ru\/wp-json\/wp\/v2\/product_brand?post=988718"},{"taxonomy":"product_cat","embeddable":true,"href":"https:\/\/agrovetazerbaijan.az\/ru\/wp-json\/wp\/v2\/product_cat?post=988718"},{"taxonomy":"product_tag","embeddable":true,"href":"https:\/\/agrovetazerbaijan.az\/ru\/wp-json\/wp\/v2\/product_tag?post=988718"}],"curies":[{"name":"WP","href":"https:\/\/api.w.org\/{rel}","templated":true}]}}