{"id":988692,"date":"2025-03-19T18:18:37","date_gmt":"2025-03-19T18:18:37","guid":{"rendered":"https:\/\/agrovetazerbaijan.az\/?post_type=product&#038;p=988692"},"modified":"2025-06-30T23:20:05","modified_gmt":"2025-06-30T23:20:05","slug":"ashoxy-5-injection","status":"publish","type":"product","link":"https:\/\/agrovetazerbaijan.az\/ru\/product\/ashoxy-5-injection\/","title":{"rendered":"ASHOXY 5% \u0418\u043d\u044a\u0435\u043a\u0446\u0438\u044f"},"content":{"rendered":"<div class=\"vgblk-rw-wrapper limit-wrapper\">&nbsp;<\/p>\n<p data-start=\"0\" data-end=\"12\"><strong data-start=\"0\" data-end=\"12\">\u0421\u041e\u0421\u0422\u0410\u0412:<\/strong><\/p>\n<p data-start=\"14\" data-end=\"95\">\u0412 \u043a\u0430\u0436\u0434\u043e\u043c \u043c\u043b:<br data-start=\"24\" data-end=\"27\" \/>\u0413\u0438\u0434\u0440\u043e\u0445\u043b\u043e\u0440\u0438\u0434 \u043e\u043a\u0441\u0438\u0442\u0435\u0442\u0440\u0430\u0446\u0438\u043a\u043b\u0438\u043d\u0430\u2026\u2026\u2026\u202650 \u043c\u0433<br data-start=\"63\" data-end=\"66\" \/>\u0412\u0441\u043f\u043e\u043c\u043e\u0433\u0430\u0442\u0435\u043b\u044c\u043d\u043e\u0435 \u0432\u0435\u0449\u0435\u0441\u0442\u0432\u043e\u2026\u2026\u2026\u2026\u2026\u2026\u2026\u2026\u2026\u2026\u2026\u2026\u2026\u2026\u2026\u2026qs<\/p>\n<hr data-start=\"97\" data-end=\"100\" \/>\n<p data-start=\"102\" data-end=\"118\"><strong data-start=\"102\" data-end=\"118\">\u041f\u041e\u041a\u0410\u0417\u0410\u041d\u0418\u042f:<\/strong><\/p>\n<p data-start=\"120\" data-end=\"434\"><strong data-start=\"120\" data-end=\"143\">\u0418\u043d\u044a\u0435\u043a\u0446\u0438\u044f ASHOXY 5%<\/strong> \u041f\u0440\u0435\u043f\u0430\u0440\u0430\u0442 \u043f\u0440\u0438\u043c\u0435\u043d\u044f\u0435\u0442\u0441\u044f \u0434\u043b\u044f \u043b\u0435\u0447\u0435\u043d\u0438\u044f \u0437\u0430\u0431\u043e\u043b\u0435\u0432\u0430\u043d\u0438\u0439, \u0432\u044b\u0437\u0432\u0430\u043d\u043d\u044b\u0445 \u043c\u0438\u043a\u0440\u043e\u043e\u0440\u0433\u0430\u043d\u0438\u0437\u043c\u0430\u043c\u0438, \u0447\u0443\u0432\u0441\u0442\u0432\u0438\u0442\u0435\u043b\u044c\u043d\u044b\u043c\u0438 \u043a \u043e\u043a\u0441\u0438\u0442\u0435\u0442\u0440\u0430\u0446\u0438\u043a\u043b\u0438\u043d\u0443. \u041a \u043d\u0438\u043c \u043e\u0442\u043d\u043e\u0441\u044f\u0442\u0441\u044f:<br data-start=\"282\" data-end=\"285\" \/>\u0412\u0438\u0434\u044b Bordetella, Campylobacter, Chlamydia, E. coli, Haemophilus, Mycoplasma, Pasteurella, Rickettsia, Salmonella, Staphylococcus \u0438 Streptococcus.<\/p>\n<p data-start=\"436\" data-end=\"483\">\u0412\u0438\u0434\u044b \u0436\u0438\u0432\u043e\u0442\u043d\u044b\u0445: \u043a\u043e\u0440\u043e\u0432\u0430, \u043a\u043e\u0437\u0430, \u043e\u0432\u0446\u0430, \u0441\u0432\u0438\u043d\u044c\u044f \u0438 \u043b\u043e\u0448\u0430\u0434\u044c.<\/p>\n<hr data-start=\"485\" data-end=\"488\" \/>\n<p data-start=\"490\" data-end=\"518\"><strong data-start=\"490\" data-end=\"518\">\u0414\u041e\u0417\u0418\u0420\u041e\u0412\u041a\u0410 \u0418 \u0421\u041f\u041e\u0421\u041e\u0411 \u041f\u0420\u0418\u041c\u0415\u041d\u0415\u041d\u0418\u042f:<\/strong><\/p>\n<p data-start=\"520\" data-end=\"596\">\u0422\u043e\u043b\u044c\u043a\u043e \u0434\u043b\u044f \u0432\u043d\u0443\u0442\u0440\u0438\u043c\u044b\u0448\u0435\u0447\u043d\u044b\u0445 (\u0412\u041c), \u0432\u043d\u0443\u0442\u0440\u0438\u0432\u0435\u043d\u043d\u044b\u0445 (\u0412\u0412) \u0438\u043b\u0438 \u043f\u043e\u0434\u043a\u043e\u0436\u043d\u044b\u0445 (\u041f\u041a) \u0438\u043d\u044a\u0435\u043a\u0446\u0438\u0439.<\/p>\n<ul data-start=\"598\" data-end=\"800\" data-is-last-node=\"\" data-is-only-node=\"\">\n<li data-start=\"598\" data-end=\"701\">\n<p data-start=\"600\" data-end=\"701\"><strong data-start=\"600\" data-end=\"620\">\u041a\u0440\u0443\u043f\u043d\u044b\u0435 \u0436\u0438\u0432\u043e\u0442\u043d\u044b\u0435:<\/strong> 1 \u043c\u043b \u043d\u0430 5-10 \u043a\u0433 \u0436\u0438\u0432\u043e\u0433\u043e \u0432\u0435\u0441\u0430 \u0432 \u0441\u0443\u0442\u043a\u0438 <strong data-start=\"657\" data-end=\"670\">ASHOXY 5%<\/strong> \u0438\u043d\u044a\u0435\u043a\u0446\u0438\u044f, \u0434\u043b\u0438\u0442\u0435\u043b\u044c\u043d\u043e\u0441\u0442\u044c\u044e 3-5 \u0434\u043d\u0435\u0439<\/p>\n<\/li>\n<li data-start=\"702\" data-end=\"800\" data-is-last-node=\"\">\n<p data-start=\"704\" data-end=\"800\" data-is-last-node=\"\"><strong data-start=\"704\" data-end=\"724\">\u041c\u0435\u043b\u043a\u0438\u0435 \u0436\u0438\u0432\u043e\u0442\u043d\u044b\u0435:<\/strong> 1 \u043c\u043b \u043d\u0430 5 \u043a\u0433 \u0436\u0438\u0432\u043e\u0433\u043e \u0432\u0435\u0441\u0430 \u0432 \u0441\u0443\u0442\u043a\u0438 <strong data-start=\"758\" data-end=\"771\">ASHOXY 5%<\/strong> \u0438\u043d\u044a\u0435\u043a\u0446\u0438\u044f, \u0434\u043b\u0438\u0442\u0435\u043b\u044c\u043d\u043e\u0441\u0442\u044c\u044e 3-5 \u0434\u043d\u0435\u0439<\/p>\n<\/li>\n<\/ul>\n<\/div>\n<p><!-- .vgblk-rw-wrapper --><\/p>","protected":false},"excerpt":{"rendered":"<p>&nbsp; T\u018fRK\u0130B\u0130: H\u0259r ml-d\u0259:Oksitetrasiklin hidroxlorid\u2026\u2026\u2026\u202650 mqK\u00f6m\u0259k\u00e7i madd\u0259\u2026\u2026\u2026\u2026\u2026\u2026\u2026\u2026\u2026\u2026\u2026\u2026q.s. G\u00d6ST\u018fR\u0130\u015eL\u018fR: ASHOXY 5% inyeksiya oksitetrasiklin\u0259 h\u0259ssas mikroorqanizml\u0259r t\u0259r\u0259find\u0259n t\u00f6r\u0259dil\u0259n x\u0259st\u0259likl\u0259rin m\u00fcalic\u0259si \u00fc\u00e7\u00fcn istifad\u0259 olunur. Bunlara a\u015fa\u011f\u0131dak\u0131lar daxildir:Bordetella, Campylobacter, Chlamydia, E. coli, Haemophilus, Mycoplasma, Pasteurella, Rickettsia, Salmonella, Staphylococcus v\u0259 Streptococcus n\u00f6vl\u0259ri. Heyvan n\u00f6vl\u0259ri: in\u0259k, ke\u00e7i, qoyun, donuz v\u0259 at. DOZAJ V\u018f T\u018fTB\u0130Q QAYDASI: Yaln\u0131z \u0259z\u0259l\u0259daxili (IM), venadaxili (IV) v\u0259&#8230;<\/p>","protected":false},"featured_media":988693,"comment_status":"closed","ping_status":"closed","template":"","meta":{"nf_dc_page":"","_monsterinsights_skip_tracking":false,"_monsterinsights_sitenote_active":false,"_monsterinsights_sitenote_note":"","_monsterinsights_sitenote_category":0},"product_brand":[],"product_cat":[108,251,114],"product_tag":[],"class_list":{"0":"post-988692","1":"product","2":"type-product","3":"status-publish","4":"has-post-thumbnail","6":"product_cat-cow","7":"product_cat-veterinary-products","8":"product_cat-sheep","10":"first","11":"instock","12":"shipping-taxable","13":"product-type-simple"},"jetpack_sharing_enabled":true,"_links":{"self":[{"href":"https:\/\/agrovetazerbaijan.az\/ru\/wp-json\/wp\/v2\/product\/988692","targetHints":{"allow":["GET"]}}],"collection":[{"href":"https:\/\/agrovetazerbaijan.az\/ru\/wp-json\/wp\/v2\/product"}],"about":[{"href":"https:\/\/agrovetazerbaijan.az\/ru\/wp-json\/wp\/v2\/types\/product"}],"replies":[{"embeddable":true,"href":"https:\/\/agrovetazerbaijan.az\/ru\/wp-json\/wp\/v2\/comments?post=988692"}],"version-history":[{"count":2,"href":"https:\/\/agrovetazerbaijan.az\/ru\/wp-json\/wp\/v2\/product\/988692\/revisions"}],"predecessor-version":[{"id":989769,"href":"https:\/\/agrovetazerbaijan.az\/ru\/wp-json\/wp\/v2\/product\/988692\/revisions\/989769"}],"wp:featuredmedia":[{"embeddable":true,"href":"https:\/\/agrovetazerbaijan.az\/ru\/wp-json\/wp\/v2\/media\/988693"}],"wp:attachment":[{"href":"https:\/\/agrovetazerbaijan.az\/ru\/wp-json\/wp\/v2\/media?parent=988692"}],"wp:term":[{"taxonomy":"product_brand","embeddable":true,"href":"https:\/\/agrovetazerbaijan.az\/ru\/wp-json\/wp\/v2\/product_brand?post=988692"},{"taxonomy":"product_cat","embeddable":true,"href":"https:\/\/agrovetazerbaijan.az\/ru\/wp-json\/wp\/v2\/product_cat?post=988692"},{"taxonomy":"product_tag","embeddable":true,"href":"https:\/\/agrovetazerbaijan.az\/ru\/wp-json\/wp\/v2\/product_tag?post=988692"}],"curies":[{"name":"WP","href":"https:\/\/api.w.org\/{rel}","templated":true}]}}