{"id":988689,"date":"2025-03-19T18:17:02","date_gmt":"2025-03-19T18:17:02","guid":{"rendered":"https:\/\/agrovetazerbaijan.az\/?post_type=product&#038;p=988689"},"modified":"2025-06-30T23:23:33","modified_gmt":"2025-06-30T23:23:33","slug":"ashoxy-20-la-injection","status":"publish","type":"product","link":"https:\/\/agrovetazerbaijan.az\/ru\/product\/ashoxy-20-la-injection\/","title":{"rendered":"ASHOXY 20 % LA \u0438\u043d\u044a\u0435\u043a\u0446\u0438\u044f"},"content":{"rendered":"<div class=\"vgblk-rw-wrapper limit-wrapper\">\n<p data-start=\"69\" data-end=\"81\"><strong data-start=\"69\" data-end=\"81\">\u0421\u041e\u0421\u0422\u0410\u0412:<\/strong><\/p>\n<p data-start=\"83\" data-end=\"208\">\u0412 \u043a\u0430\u0436\u0434\u043e\u043c \u043c\u043b:<br data-start=\"93\" data-end=\"96\" \/>\u041e\u043a\u0441\u0438\u0442\u0435\u0442\u0440\u0430\u0446\u0438\u043a\u043b\u0438\u043d\u0430 \u0434\u0438\u0433\u0438\u0434\u0440\u0430\u0442 (\u043e\u043a\u0441\u0438\u0442\u0435\u0442\u0440\u0430\u0446\u0438\u043a\u043b\u0438\u043d\u043e\u0432\u044b\u0439 \u044d\u043a\u0432\u0438\u0432\u0430\u043b\u0435\u043d\u0442)\u2026\u2026\u2026\u2026..200 \u043c\u0433<br data-start=\"161\" data-end=\"164\" \/>\u0412\u0441\u043f\u043e\u043c\u043e\u0433\u0430\u0442\u0435\u043b\u044c\u043d\u043e\u0435 \u0432\u0435\u0449\u0435\u0441\u0442\u0432\u043e\u2026\u2026\u2026\u2026\u2026\u2026\u2026\u2026\u2026\u2026\u2026\u2026\u2026\u2026\u2026\u2026\u2026\u2026\u2026\u2026\u2026\u2026\u2026\u2026\u2026\u2026\u2026\u2026\u2026\u2026\u2026\u2026\u2026\u2026qs<\/p>\n<hr data-start=\"210\" data-end=\"213\" \/>\n<p data-start=\"215\" data-end=\"231\"><strong data-start=\"215\" data-end=\"231\">\u041f\u041e\u041a\u0410\u0417\u0410\u041d\u0418\u042f:<\/strong><\/p>\n<p data-start=\"233\" data-end=\"602\"><strong data-start=\"233\" data-end=\"250\">ASHOXY 20% LA<\/strong> \u041f\u0440\u0435\u043f\u0430\u0440\u0430\u0442 \u043f\u0440\u0438\u043c\u0435\u043d\u044f\u0435\u0442\u0441\u044f \u0434\u043b\u044f \u043b\u0435\u0447\u0435\u043d\u0438\u044f \u0438\u043d\u0444\u0435\u043a\u0446\u0438\u0439 \u0436\u0435\u043b\u0443\u0434\u043e\u0447\u043d\u043e-\u043a\u0438\u0448\u0435\u0447\u043d\u043e\u0433\u043e \u0442\u0440\u0430\u043a\u0442\u0430, \u0434\u044b\u0445\u0430\u0442\u0435\u043b\u044c\u043d\u044b\u0445 \u043f\u0443\u0442\u0435\u0439 \u0438 \u043f\u043e\u043b\u043e\u0432\u044b\u0445 \u043e\u0440\u0433\u0430\u043d\u043e\u0432, \u0432\u044b\u0437\u0432\u0430\u043d\u043d\u044b\u0445 \u043c\u0438\u043a\u0440\u043e\u043e\u0440\u0433\u0430\u043d\u0438\u0437\u043c\u0430\u043c\u0438, \u0447\u0443\u0432\u0441\u0442\u0432\u0438\u0442\u0435\u043b\u044c\u043d\u044b\u043c\u0438 \u043a \u043e\u043a\u0441\u0438\u0442\u0435\u0442\u0440\u0430\u0446\u0438\u043a\u043b\u0438\u043d\u0443. \u041a \u043d\u0438\u043c \u043e\u0442\u043d\u043e\u0441\u044f\u0442\u0441\u044f \u0441\u043b\u0435\u0434\u0443\u044e\u0449\u0438\u0435 \u043c\u0438\u043a\u0440\u043e\u043e\u0440\u0433\u0430\u043d\u0438\u0437\u043c\u044b:<br data-start=\"454\" data-end=\"457\" \/>Bordetella, Campylobacter, Chlamydia, E. coli, Haemophilus, Mycoplasma, Pasteurella, Rickettsia, Salmonella, Staphylococcus \u0438 Streptococcus spp.<\/p>\n<p data-start=\"604\" data-end=\"637\"><strong data-start=\"604\" data-end=\"635\">\u0421\u043e\u0432\u0435\u0442\u044b \u043f\u043e \u0441\u043e\u0434\u0435\u0440\u0436\u0430\u043d\u0438\u044e \u0436\u0438\u0432\u043e\u0442\u043d\u044b\u0445:<\/strong><\/p>\n<ul data-start=\"638\" data-end=\"889\">\n<li data-start=\"638\" data-end=\"779\">\n<p data-start=\"640\" data-end=\"779\"><strong data-start=\"640\" data-end=\"649\">\u041a\u043e\u0440\u043e\u0432\u0430:<\/strong> \u041b\u0435\u0447\u0435\u043d\u0438\u0435 \u043f\u0430\u0441\u0442\u0435\u0440\u0435\u043b\u043b\u0435\u0437\u0430, \u043f\u043d\u0435\u0432\u043c\u043e\u043d\u0438\u0438, \u043c\u0435\u0442\u0440\u0438\u0442\u0430, \u043f\u0438\u043e\u043c\u0435\u0442\u0440\u044b, \u043c\u0430\u0441\u0442\u0438\u0442\u0430, \u043a\u0435\u0440\u0430\u0442\u043e\u043a\u043e\u043d\u044a\u044e\u043d\u043a\u0442\u0438\u0432\u0438\u0442\u0430 (\u0440\u043e\u0437\u043e\u0432\u043e\u0433\u043e \u0433\u043b\u0430\u0437\u0430) \u0438 \u043a\u043e\u043f\u044b\u0442\u043d\u043e\u0439 \u0433\u043d\u0438\u043b\u0438<\/p>\n<\/li>\n<li data-start=\"780\" data-end=\"828\">\n<p data-start=\"782\" data-end=\"828\"><strong data-start=\"782\" data-end=\"792\">\u041e\u0432\u0446\u0430:<\/strong> \u041f\u043d\u0435\u0432\u043c\u043e\u043d\u0438\u044f \u0438 \u0431\u0430\u043a\u0442\u0435\u0440\u0438\u0430\u043b\u044c\u043d\u0430\u044f \u0434\u0438\u0437\u0435\u043d\u0442\u0435\u0440\u0438\u044f<\/p>\n<\/li>\n<li data-start=\"829\" data-end=\"889\">\n<p data-start=\"831\" data-end=\"889\"><strong data-start=\"831\" data-end=\"841\">\u0421\u0432\u0438\u043d\u044c\u044f:<\/strong> \u041a\u043e\u043c\u043f\u043b\u0435\u043a\u0441 Pasteurella pneumonia \u0438 \u041c\u041c\u0410<\/p>\n<\/li>\n<\/ul>\n<hr data-start=\"891\" data-end=\"894\" \/>\n<p data-start=\"896\" data-end=\"924\"><strong data-start=\"896\" data-end=\"924\">\u0414\u041e\u0417\u0418\u0420\u041e\u0412\u041a\u0410 \u0418 \u0421\u041f\u041e\u0421\u041e\u0411 \u041f\u0420\u0418\u041c\u0415\u041d\u0415\u041d\u0418\u042f:<\/strong><\/p>\n<p data-start=\"926\" data-end=\"998\">1 \u043c\u043b \u043d\u0430 10 \u043a\u0433 \u0436\u0438\u0432\u043e\u0433\u043e \u0432\u0435\u0441\u0430 <strong data-start=\"954\" data-end=\"971\">ASHOXY 20% LA<\/strong> \u043f\u0440\u0438\u043c\u0435\u043d\u044f\u0435\u0442\u0441\u044f \u0438\u043d\u044a\u0435\u043a\u0446\u0438\u044f.<\/p>\n<ul data-start=\"1000\" data-end=\"1244\" data-is-last-node=\"\" data-is-only-node=\"\">\n<li data-start=\"1000\" data-end=\"1076\">\n<p data-start=\"1002\" data-end=\"1076\"><strong data-start=\"1002\" data-end=\"1013\">\u0423 \u043a\u043e\u0440\u043e\u0432\u044b:<\/strong> \u0412 \u043e\u0434\u043d\u043e \u043c\u0435\u0441\u0442\u043e \u0438\u043d\u044a\u0435\u043a\u0446\u0438\u0438 \u0441\u043b\u0435\u0434\u0443\u0435\u0442 \u0432\u0432\u043e\u0434\u0438\u0442\u044c \u043d\u0435 \u0431\u043e\u043b\u0435\u0435 10 \u043c\u043b \u043f\u0440\u0435\u043f\u0430\u0440\u0430\u0442\u0430.<\/p>\n<\/li>\n<li data-start=\"1077\" data-end=\"1164\">\n<p data-start=\"1079\" data-end=\"1164\"><strong data-start=\"1079\" data-end=\"1103\">\u0423 \u043e\u0432\u0435\u0446 \u0438 \u0441\u0432\u0438\u043d\u0435\u0439:<\/strong> \u0412 \u043e\u0434\u043d\u043e \u043c\u0435\u0441\u0442\u043e \u0438\u043d\u044a\u0435\u043a\u0446\u0438\u0438 \u0441\u043b\u0435\u0434\u0443\u0435\u0442 \u0432\u0432\u043e\u0434\u0438\u0442\u044c \u043d\u0435 \u0431\u043e\u043b\u0435\u0435 5 \u043c\u043b \u043f\u0440\u0435\u043f\u0430\u0440\u0430\u0442\u0430.<\/p>\n<\/li>\n<li data-start=\"1165\" data-end=\"1244\" data-is-last-node=\"\">\n<p data-start=\"1167\" data-end=\"1244\" data-is-last-node=\"\"><strong data-start=\"1167\" data-end=\"1208\">\u0423 \u0441\u0432\u0438\u043d\u0435\u0439 \u043c\u0430\u0441\u0441\u043e\u0439 \u0442\u0435\u043b\u0430 \u043c\u0435\u043d\u0435\u0435 10 \u043a\u0433:<\/strong> \u041c\u043e\u0436\u043d\u043e \u0438\u0441\u043f\u043e\u043b\u044c\u0437\u043e\u0432\u0430\u0442\u044c \u043c\u0430\u043a\u0441\u0438\u043c\u0443\u043c 1 \u043c\u043b.<\/p>\n<\/li>\n<\/ul>\n<\/div>\n<p><!-- .vgblk-rw-wrapper --><\/p>","protected":false},"excerpt":{"rendered":"<p>T\u018fRK\u0130B\u0130: H\u0259r ml-d\u0259:Oksitetrasiklin dihidrat (Oksitetrasiklin ekvivalent)\u2026\u2026\u2026\u2026..200 mqK\u00f6m\u0259k\u00e7i madd\u0259\u2026\u2026\u2026\u2026\u2026\u2026\u2026\u2026\u2026\u2026\u2026\u2026\u2026\u2026\u2026\u2026\u2026\u2026\u2026\u2026\u2026\u2026\u2026\u2026\u2026\u2026\u2026q.s. G\u00d6ST\u018fR\u0130\u015eL\u018fR: ASHOXY 20% LA oksitetrasiklin\u0259 h\u0259ssas mikroorqanizml\u0259r t\u0259r\u0259find\u0259n t\u00f6r\u0259dil\u0259n m\u0259d\u0259-ba\u011f\u0131rsaq, t\u0259n\u0259ff\u00fcs v\u0259 cinsiyy\u0259t yollar\u0131n\u0131n infeksiyalar\u0131n\u0131n m\u00fcalic\u0259si \u00fc\u00e7\u00fcn istifad\u0259 olunur. Bunlara a\u015fa\u011f\u0131dak\u0131 mikroorqanizml\u0259r daxildir:Bordetella, Campylobacter, Chlamydia, E. coli, Haemophilus, Mycoplasma, Pasteurella, Rickettsia, Salmonella, Staphylococcus v\u0259 Streptococcus spp. Heyvanlar \u00fczr\u0259 g\u00f6st\u0259ri\u015fl\u0259r: \u0130n\u0259k: Pasteurelloz, pnevmoniya, metrit, piyometra, mastit, keratokonyunktivit (g\u00f6z&#8230;<\/p>","protected":false},"featured_media":988690,"comment_status":"closed","ping_status":"closed","template":"","meta":{"nf_dc_page":"","_monsterinsights_skip_tracking":false,"_monsterinsights_sitenote_active":false,"_monsterinsights_sitenote_note":"","_monsterinsights_sitenote_category":0},"product_brand":[],"product_cat":[114,251,108],"product_tag":[],"class_list":{"0":"post-988689","1":"product","2":"type-product","3":"status-publish","4":"has-post-thumbnail","6":"product_cat-sheep","7":"product_cat-veterinary-products","8":"product_cat-cow","10":"first","11":"instock","12":"shipping-taxable","13":"product-type-simple"},"jetpack_sharing_enabled":true,"_links":{"self":[{"href":"https:\/\/agrovetazerbaijan.az\/ru\/wp-json\/wp\/v2\/product\/988689","targetHints":{"allow":["GET"]}}],"collection":[{"href":"https:\/\/agrovetazerbaijan.az\/ru\/wp-json\/wp\/v2\/product"}],"about":[{"href":"https:\/\/agrovetazerbaijan.az\/ru\/wp-json\/wp\/v2\/types\/product"}],"replies":[{"embeddable":true,"href":"https:\/\/agrovetazerbaijan.az\/ru\/wp-json\/wp\/v2\/comments?post=988689"}],"version-history":[{"count":2,"href":"https:\/\/agrovetazerbaijan.az\/ru\/wp-json\/wp\/v2\/product\/988689\/revisions"}],"predecessor-version":[{"id":989770,"href":"https:\/\/agrovetazerbaijan.az\/ru\/wp-json\/wp\/v2\/product\/988689\/revisions\/989770"}],"wp:featuredmedia":[{"embeddable":true,"href":"https:\/\/agrovetazerbaijan.az\/ru\/wp-json\/wp\/v2\/media\/988690"}],"wp:attachment":[{"href":"https:\/\/agrovetazerbaijan.az\/ru\/wp-json\/wp\/v2\/media?parent=988689"}],"wp:term":[{"taxonomy":"product_brand","embeddable":true,"href":"https:\/\/agrovetazerbaijan.az\/ru\/wp-json\/wp\/v2\/product_brand?post=988689"},{"taxonomy":"product_cat","embeddable":true,"href":"https:\/\/agrovetazerbaijan.az\/ru\/wp-json\/wp\/v2\/product_cat?post=988689"},{"taxonomy":"product_tag","embeddable":true,"href":"https:\/\/agrovetazerbaijan.az\/ru\/wp-json\/wp\/v2\/product_tag?post=988689"}],"curies":[{"name":"WP","href":"https:\/\/api.w.org\/{rel}","templated":true}]}}