{"id":988673,"date":"2025-03-19T18:06:20","date_gmt":"2025-03-19T18:06:20","guid":{"rendered":"https:\/\/agrovetazerbaijan.az\/?post_type=product&#038;p=988673"},"modified":"2025-06-30T23:14:28","modified_gmt":"2025-06-30T23:14:28","slug":"ashiver-plus-oral-paste","status":"publish","type":"product","link":"https:\/\/agrovetazerbaijan.az\/ru\/product\/ashiver-plus-oral-paste\/","title":{"rendered":"\u041f\u0435\u0440\u043e\u0440\u0430\u043b\u044c\u043d\u0430\u044f \u043f\u0430\u0441\u0442\u0430 ASHIVER PLUS"},"content":{"rendered":"<div class=\"vgblk-rw-wrapper limit-wrapper\">\n<p data-start=\"0\" data-end=\"12\"><strong data-start=\"0\" data-end=\"12\">\u0421\u041e\u0421\u0422\u0410\u0412:<\/strong><\/p>\n<p data-start=\"14\" data-end=\"92\">\u0412 \u043a\u0430\u0436\u0434\u043e\u043c 1 \u0433\u0440\u0430\u043c\u043c\u0435:<br data-start=\"27\" data-end=\"30\" \/>\u0418\u0432\u0435\u0440\u043c\u0435\u043a\u0442\u0438\u043d \u2026\u2026\u2026\u2026\u2026\u2026\u2026\u2026\u2026\u2026\u2026\u202618,7 \u043c\u0433<br data-start=\"59\" data-end=\"62\" \/>\u041f\u0440\u0430\u0437\u0438\u043a\u0432\u0430\u043d\u0442\u0435\u043b \u2026\u2026\u2026\u2026\u2026\u2026\u2026\u2026140,3 \u043c\u0433<\/p>\n<hr data-start=\"94\" data-end=\"97\" \/>\n<p data-start=\"99\" data-end=\"115\"><strong data-start=\"99\" data-end=\"115\">\u041f\u0420\u0415\u0418\u041c\u0423\u0429\u0415\u0421\u0422\u0412\u0410:<\/strong><\/p>\n<ul data-start=\"117\" data-end=\"439\">\n<li data-start=\"117\" data-end=\"229\">\n<p data-start=\"119\" data-end=\"229\">\u041f\u043e\u043b\u043d\u043e\u0435 \u0443\u0434\u0430\u043b\u0435\u043d\u0438\u0435 \u043a\u0440\u0443\u0433\u043b\u044b\u0445 \u0447\u0435\u0440\u0432\u0435\u0439, \u043b\u0435\u0433\u043e\u0447\u043d\u044b\u0445 \u0433\u043b\u0438\u0441\u0442\u043e\u0432, \u0430\u043d\u043a\u0438\u043b\u043e\u0441\u0442\u043e\u043c, \u043e\u0441\u0442\u0440\u0438\u0446, \u0436\u0435\u043b\u0443\u0434\u043e\u0447\u043d\u044b\u0445 \u0433\u043b\u0438\u0441\u0442\u043e\u0432 \u0438 \u043b\u0435\u043d\u0442\u043e\u0447\u043d\u044b\u0445 \u0447\u0435\u0440\u0432\u0435\u0439<\/p>\n<\/li>\n<li data-start=\"230\" data-end=\"301\">\n<p data-start=\"232\" data-end=\"301\">\u0423\u0434\u0430\u043b\u0435\u043d\u0438\u0435 \u043a\u0440\u0443\u043f\u043d\u044b\u0445 \u0438 \u043c\u0435\u043b\u043a\u0438\u0445 \u0441\u0442\u0440\u043e\u043d\u0433\u0438\u043b\u043e\u0438\u0434\u043d\u044b\u0445 \u0433\u043b\u0438\u0441\u0442\u043e\u0432 \u0438\u0437 \u043a\u0438\u0448\u0435\u0447\u043d\u0438\u043a\u0430<\/p>\n<\/li>\n<li data-start=\"302\" data-end=\"372\">\n<p data-start=\"304\" data-end=\"372\">\u0423\u043d\u0438\u0447\u0442\u043e\u0436\u0435\u043d\u0438\u0435 \u043a\u0430\u043a \u0432\u0437\u0440\u043e\u0441\u043b\u044b\u0445, \u0442\u0430\u043a \u0438 \u043b\u0438\u0447\u0438\u043d\u043e\u0447\u043d\u044b\u0445 \u0441\u0442\u0430\u0434\u0438\u0439 \u043f\u0430\u0440\u0430\u0437\u0438\u0442\u043e\u0432<\/p>\n<\/li>\n<li data-start=\"373\" data-end=\"418\">\n<p data-start=\"375\" data-end=\"418\">\u041f\u043e\u043c\u043e\u0433\u0430\u0435\u0442 \u043b\u043e\u0448\u0430\u0434\u0438 \u043e\u0441\u0442\u0430\u0432\u0430\u0442\u044c\u0441\u044f \u0437\u0434\u043e\u0440\u043e\u0432\u043e\u0439 \u0438 \u0430\u043a\u0442\u0438\u0432\u043d\u043e\u0439<\/p>\n<\/li>\n<li data-start=\"419\" data-end=\"439\">\n<p data-start=\"421\" data-end=\"439\">\u041b\u0435\u0433\u043a\u043e \u0438\u0441\u043f\u043e\u043b\u044c\u0437\u043e\u0432\u0430\u0442\u044c<\/p>\n<\/li>\n<\/ul>\n<hr data-start=\"441\" data-end=\"444\" \/>\n<p data-start=\"446\" data-end=\"474\"><strong data-start=\"446\" data-end=\"474\">\u0414\u041e\u0417\u0418\u0420\u041e\u0412\u041a\u0410 \u0418 \u0421\u041f\u041e\u0421\u041e\u0411 \u041f\u0420\u0418\u041c\u0415\u041d\u0415\u041d\u0418\u042f:<\/strong><\/p>\n<p data-start=\"476\" data-end=\"569\"><strong data-start=\"476\" data-end=\"498\">\u041f\u0430\u0441\u0442\u0430 \u0410\u0448\u0438\u0432\u0435\u0440 \u041f\u043b\u044e\u0441<\/strong> \u041f\u0440\u0435\u043f\u0430\u0440\u0430\u0442 \u043f\u0440\u0438\u043d\u0438\u043c\u0430\u0435\u0442\u0441\u044f \u043f\u0435\u0440\u043e\u0440\u0430\u043b\u044c\u043d\u043e \u0432 \u0441\u043b\u0435\u0434\u0443\u044e\u0449\u0438\u0445 \u0434\u043e\u0437\u0438\u0440\u043e\u0432\u043a\u0430\u0445:<\/p>\n<div class=\"_tableContainer_80l1q_1\">\n<div class=\"_tableWrapper_80l1q_14 group flex w-fit flex-col-reverse\" tabindex=\"-1\">\n<table class=\"w-fit min-w-(--thread-content-width)\" data-start=\"571\" data-end=\"1002\">\n<thead data-start=\"571\" data-end=\"642\">\n<tr data-start=\"571\" data-end=\"642\">\n<th data-start=\"571\" data-end=\"589\" data-col-size=\"sm\">\u0416\u0438\u0432\u0430\u044f \u043c\u0430\u0441\u0441\u0430 (\u043a\u0433)<\/th>\n<th data-start=\"589\" data-end=\"606\" data-col-size=\"sm\">\u041e\u0440\u0430\u043b\u044c\u043d\u0430\u044f \u043f\u0430\u0441\u0442\u0430 (\u0433)<\/th>\n<th data-start=\"606\" data-end=\"624\" data-col-size=\"sm\">\u0416\u0438\u0432\u0430\u044f \u043c\u0430\u0441\u0441\u0430 (\u043a\u0433)<\/th>\n<th data-start=\"624\" data-end=\"642\" data-col-size=\"sm\">\u041e\u0440\u0430\u043b\u044c\u043d\u0430\u044f \u043f\u0430\u0441\u0442\u0430 (\u0433)<\/th>\n<\/tr>\n<\/thead>\n<tbody data-start=\"715\" data-end=\"1002\">\n<tr data-start=\"715\" data-end=\"786\">\n<td data-start=\"715\" data-end=\"733\" data-col-size=\"sm\">150 \u043a\u0433<\/td>\n<td data-col-size=\"sm\" data-start=\"733\" data-end=\"750\">1,6 \u0433\u0440\u0430\u043c\u043c\u0430<\/td>\n<td data-col-size=\"sm\" data-start=\"750\" data-end=\"768\">350 \u043a\u0433<\/td>\n<td data-col-size=\"sm\" data-start=\"768\" data-end=\"786\">3,7 \u0433\u0440\u0430\u043c\u043c\u0430<\/td>\n<\/tr>\n<tr data-start=\"787\" data-end=\"858\">\n<td data-start=\"787\" data-end=\"805\" data-col-size=\"sm\">200 \u043a\u0433<\/td>\n<td data-col-size=\"sm\" data-start=\"805\" data-end=\"822\">2,1 \u0433\u0440\u0430\u043c\u043c\u0430<\/td>\n<td data-col-size=\"sm\" data-start=\"822\" data-end=\"840\">400 \u043a\u0433<\/td>\n<td data-col-size=\"sm\" data-start=\"840\" data-end=\"858\">4,2 \u0433\u0440\u0430\u043c\u043c\u0430<\/td>\n<\/tr>\n<tr data-start=\"859\" data-end=\"930\">\n<td data-start=\"859\" data-end=\"877\" data-col-size=\"sm\">250 \u043a\u0433<\/td>\n<td data-col-size=\"sm\" data-start=\"877\" data-end=\"894\">2,6 \u0433\u0440\u0430\u043c\u043c\u0430<\/td>\n<td data-col-size=\"sm\" data-start=\"894\" data-end=\"912\">500 \u043a\u0433<\/td>\n<td data-col-size=\"sm\" data-start=\"912\" data-end=\"930\">5,3 \u0433\u0440\u0430\u043c\u043c\u0430<\/td>\n<\/tr>\n<tr data-start=\"931\" data-end=\"1002\">\n<td data-start=\"931\" data-end=\"949\" data-col-size=\"sm\">300 \u043a\u0433<\/td>\n<td data-start=\"949\" data-end=\"966\" data-col-size=\"sm\">3,2 \u0433\u0440\u0430\u043c\u043c\u0430<\/td>\n<td data-start=\"966\" data-end=\"984\" data-col-size=\"sm\">600 \u043a\u0433<\/td>\n<td data-start=\"984\" data-end=\"1002\" data-col-size=\"sm\">6,4 \u0433\u0440\u0430\u043c\u043c\u0430<\/td>\n<\/tr>\n<\/tbody>\n<\/table>\n<div class=\"sticky end-(--thread-content-margin) h-0 self-end select-none\">\n<div class=\"absolute end-0 flex items-end\"><\/div>\n<\/div>\n<\/div>\n<\/div>\n<p data-start=\"1004\" data-end=\"1063\" data-is-last-node=\"\" data-is-only-node=\"\"><strong data-start=\"1004\" data-end=\"1013\">\u041f\u0440\u0438\u043c\u0435\u0447\u0430\u043d\u0438\u0435:<\/strong> \u041f\u0440\u0435\u0434\u043d\u0430\u0437\u043d\u0430\u0447\u0435\u043d\u043e \u0442\u043e\u043b\u044c\u043a\u043e \u0434\u043b\u044f \u043b\u043e\u0448\u0430\u0434\u0435\u0439.<\/p>\n<\/div>\n<p><!-- .vgblk-rw-wrapper --><\/p>","protected":false},"excerpt":{"rendered":"<p>T\u018fRK\u0130B\u0130: H\u0259r 1 qramda:\u0130vermektin \u2026\u2026\u2026\u2026\u2026\u2026\u2026\u2026\u2026\u2026\u202618.7 mqPrazikuantel \u2026\u2026\u2026\u2026\u2026\u2026\u2026\u2026\u2026140.3 mq \u00dcST\u00dcNL\u00dcKL\u018fR: Yumruqurdlar, a\u011fciy\u0259r qurdlar\u0131, qarmaq qurdlar\u0131, pinqurdlar, m\u0259d\u0259 qurdlar\u0131 v\u0259 lentqurdlar\u0131n tam t\u0259mizl\u0259nm\u0259si Ba\u011f\u0131rsaqdan b\u00f6y\u00fck v\u0259 ki\u00e7ik strongil qurdlar\u0131n\u0131n aradan qald\u0131r\u0131lmas\u0131 Parazitl\u0259rin h\u0259m yetkin, h\u0259m d\u0259 s\u00fcrf\u0259 m\u0259rh\u0259l\u0259l\u0259rinin m\u0259hv edilm\u0259si At\u0131n sa\u011flam v\u0259 aktiv qalmas\u0131na k\u00f6m\u0259k edir \u0130stifad\u0259si asand\u0131r DOZAJ V\u018f T\u018fTB\u0130Q QAYDASI: Ashiver Plus Paste a\u011f\u0131z&#8230;<\/p>","protected":false},"featured_media":988674,"comment_status":"closed","ping_status":"closed","template":"","meta":{"nf_dc_page":"","_monsterinsights_skip_tracking":false,"_monsterinsights_sitenote_active":false,"_monsterinsights_sitenote_note":"","_monsterinsights_sitenote_category":0},"product_brand":[],"product_cat":[45,251],"product_tag":[],"class_list":{"0":"post-988673","1":"product","2":"type-product","3":"status-publish","4":"has-post-thumbnail","6":"product_cat-horse","7":"product_cat-veterinary-products","9":"first","10":"instock","11":"shipping-taxable","12":"product-type-simple"},"jetpack_sharing_enabled":true,"_links":{"self":[{"href":"https:\/\/agrovetazerbaijan.az\/ru\/wp-json\/wp\/v2\/product\/988673","targetHints":{"allow":["GET"]}}],"collection":[{"href":"https:\/\/agrovetazerbaijan.az\/ru\/wp-json\/wp\/v2\/product"}],"about":[{"href":"https:\/\/agrovetazerbaijan.az\/ru\/wp-json\/wp\/v2\/types\/product"}],"replies":[{"embeddable":true,"href":"https:\/\/agrovetazerbaijan.az\/ru\/wp-json\/wp\/v2\/comments?post=988673"}],"version-history":[{"count":3,"href":"https:\/\/agrovetazerbaijan.az\/ru\/wp-json\/wp\/v2\/product\/988673\/revisions"}],"predecessor-version":[{"id":989767,"href":"https:\/\/agrovetazerbaijan.az\/ru\/wp-json\/wp\/v2\/product\/988673\/revisions\/989767"}],"wp:featuredmedia":[{"embeddable":true,"href":"https:\/\/agrovetazerbaijan.az\/ru\/wp-json\/wp\/v2\/media\/988674"}],"wp:attachment":[{"href":"https:\/\/agrovetazerbaijan.az\/ru\/wp-json\/wp\/v2\/media?parent=988673"}],"wp:term":[{"taxonomy":"product_brand","embeddable":true,"href":"https:\/\/agrovetazerbaijan.az\/ru\/wp-json\/wp\/v2\/product_brand?post=988673"},{"taxonomy":"product_cat","embeddable":true,"href":"https:\/\/agrovetazerbaijan.az\/ru\/wp-json\/wp\/v2\/product_cat?post=988673"},{"taxonomy":"product_tag","embeddable":true,"href":"https:\/\/agrovetazerbaijan.az\/ru\/wp-json\/wp\/v2\/product_tag?post=988673"}],"curies":[{"name":"WP","href":"https:\/\/api.w.org\/{rel}","templated":true}]}}