{"id":988670,"date":"2025-03-19T18:05:07","date_gmt":"2025-03-19T18:05:07","guid":{"rendered":"https:\/\/agrovetazerbaijan.az\/?post_type=product&#038;p=988670"},"modified":"2025-06-30T23:11:23","modified_gmt":"2025-06-30T23:11:23","slug":"ashiver-injection","status":"publish","type":"product","link":"https:\/\/agrovetazerbaijan.az\/ru\/product\/ashiver-injection\/","title":{"rendered":"\u0418\u043d\u044a\u0435\u043a\u0446\u0438\u044f ASHIVER"},"content":{"rendered":"<div class=\"vgblk-rw-wrapper limit-wrapper\">\n<p data-start=\"0\" data-end=\"12\"><strong data-start=\"0\" data-end=\"12\">\u0421\u041e\u0421\u0422\u0410\u0412:<\/strong><\/p>\n<p data-start=\"14\" data-end=\"92\">\u0412 \u043a\u0430\u0436\u0434\u043e\u043c \u043c\u043b:<br data-start=\"24\" data-end=\"27\" \/>\u0418\u0432\u0435\u0440\u043c\u0435\u043a\u0442\u0438\u043d \u2026\u2026\u2026\u2026\u2026\u2026\u2026\u2026\u2026\u2026\u2026\u202610 \u043c\u0433<br data-start=\"55\" data-end=\"58\" \/>\u0411\u0435\u043d\u0437\u0438\u043b\u043e\u0432\u044b\u0439 \u0441\u043f\u0438\u0440\u0442 \u2026\u2026\u2026\u2026\u2026\u2026\u2026\u2026\u2026\u2026\u2026..1,5% \u043e\u0431.\/\u043e\u0431.<\/p>\n<hr data-start=\"94\" data-end=\"97\" \/>\n<p data-start=\"99\" data-end=\"115\"><strong data-start=\"99\" data-end=\"115\">\u041f\u041e\u041a\u0410\u0417\u0410\u041d\u0418\u042f:<\/strong><\/p>\n<p data-start=\"117\" data-end=\"202\">\u042d\u0442\u043e\u0442 \u043f\u0440\u0435\u043f\u0430\u0440\u0430\u0442 \u043f\u0440\u0438\u043c\u0435\u043d\u044f\u0435\u0442\u0441\u044f \u0434\u043b\u044f \u043b\u0435\u0447\u0435\u043d\u0438\u044f \u0438 \u043a\u043e\u043d\u0442\u0440\u043e\u043b\u044f \u0441\u043b\u0435\u0434\u0443\u044e\u0449\u0438\u0445 \u043f\u0430\u0440\u0430\u0437\u0438\u0442\u0430\u0440\u043d\u044b\u0445 \u0437\u0430\u0431\u043e\u043b\u0435\u0432\u0430\u043d\u0438\u0439:<\/p>\n<ul data-start=\"204\" data-end=\"378\">\n<li data-start=\"204\" data-end=\"235\">\n<p data-start=\"206\" data-end=\"235\">\u0416\u0435\u043b\u0443\u0434\u043e\u0447\u043d\u043e-\u043a\u0438\u0448\u0435\u0447\u043d\u044b\u0435 \u043a\u0440\u0443\u0433\u043b\u044b\u0435 \u0447\u0435\u0440\u0432\u0438<\/p>\n<\/li>\n<li data-start=\"236\" data-end=\"256\">\n<p data-start=\"238\" data-end=\"256\">\u041b\u0435\u0433\u043e\u0447\u043d\u044b\u0435 \u0447\u0435\u0440\u0432\u0438<\/p>\n<\/li>\n<li data-start=\"257\" data-end=\"273\">\n<p data-start=\"259\" data-end=\"273\">\u0413\u043b\u0430\u0437\u043d\u044b\u0435 \u0447\u0435\u0440\u0432\u0438<\/p>\n<\/li>\n<li data-start=\"274\" data-end=\"318\">\n<p data-start=\"276\" data-end=\"318\">\u041f\u043e\u0434\u043a\u043e\u0436\u043d\u044b\u0435 \u0447\u0435\u0440\u0432\u0438 (\u0442\u0440\u0435\u0449\u043e\u0442\u043a\u0438)<\/p>\n<\/li>\n<li data-start=\"319\" data-end=\"378\">\n<p data-start=\"321\" data-end=\"378\">\u0412\u043d\u0435\u0448\u043d\u0438\u0435 \u043f\u0430\u0440\u0430\u0437\u0438\u0442\u044b: \u043a\u043b\u0435\u0449\u0438, \u0447\u0435\u0441\u043e\u0442\u043e\u0447\u043d\u044b\u0435 \u043a\u043b\u0435\u0449\u0438 (\u0447\u0435\u0441\u043e\u0442\u043a\u0430), \u0432\u0448\u0438<\/p>\n<\/li>\n<\/ul>\n<p data-start=\"380\" data-end=\"472\">\u041f\u0440\u0438\u043c\u0435\u043d\u044f\u0435\u0442\u0441\u044f \u0443 \u0441\u043b\u0435\u0434\u0443\u044e\u0449\u0438\u0445 \u0432\u0438\u0434\u043e\u0432 \u0436\u0438\u0432\u043e\u0442\u043d\u044b\u0445:<br data-start=\"422\" data-end=\"425\" \/>\u041a\u043e\u0440\u043e\u0432\u0430, \u0431\u0443\u0439\u0432\u043e\u043b, \u043b\u043e\u0448\u0430\u0434\u044c, \u043e\u0432\u0446\u0430, \u043a\u043e\u0437\u0430, \u0432\u0435\u0440\u0431\u043b\u044e\u0434, \u0441\u0432\u0438\u043d\u044c\u044f \u0438 \u0441\u043e\u0431\u0430\u043a\u0430<\/p>\n<hr data-start=\"474\" data-end=\"477\" \/>\n<p data-start=\"479\" data-end=\"507\"><strong data-start=\"479\" data-end=\"507\">\u0414\u041e\u0417\u0418\u0420\u041e\u0412\u041a\u0410 \u0418 \u0421\u041f\u041e\u0421\u041e\u0411 \u041f\u0420\u0418\u041c\u0415\u041d\u0415\u041d\u0418\u042f:<\/strong><\/p>\n<p data-start=\"509\" data-end=\"545\">\u0422\u043e\u043b\u044c\u043a\u043e \u0434\u043b\u044f \u043f\u043e\u0434\u043a\u043e\u0436\u043d\u043e\u0439 \u0438\u043d\u044a\u0435\u043a\u0446\u0438\u0438.<\/p>\n<p data-start=\"547\" data-end=\"645\"><strong data-start=\"547\" data-end=\"604\">\u0423 \u043a\u043e\u0440\u043e\u0432, \u0431\u0443\u0439\u0432\u043e\u043b\u043e\u0432, \u043b\u043e\u0448\u0430\u0434\u0435\u0439, \u043e\u0432\u0435\u0446, \u043a\u043e\u0437, \u0441\u0432\u0438\u043d\u0435\u0439, \u0432\u0435\u0440\u0431\u043b\u044e\u0434\u043e\u0432 \u0438 \u0441\u043e\u0431\u0430\u043a:<\/strong><br data-start=\"604\" data-end=\"607\" \/>\u0418\u043d\u044a\u0435\u043a\u0446\u0438\u044f 1 \u043c\u043b \u043d\u0430 50 \u043a\u0433 \u0436\u0438\u0432\u043e\u0433\u043e \u0432\u0435\u0441\u0430.<\/p>\n<p data-start=\"647\" data-end=\"729\" data-is-last-node=\"\" data-is-only-node=\"\"><strong data-start=\"647\" data-end=\"656\">\u041f\u0440\u0438\u043c\u0435\u0447\u0430\u043d\u0438\u0435:<\/strong> \u041a\u0440\u0443\u043f\u043d\u044b\u043c \u0436\u0438\u0432\u043e\u0442\u043d\u044b\u043c \u043c\u043e\u0436\u043d\u043e \u0432\u0432\u043e\u0434\u0438\u0442\u044c \u043d\u0435 \u0431\u043e\u043b\u0435\u0435 10 \u043c\u043b \u0432 \u043e\u0434\u043d\u043e \u043c\u0435\u0441\u0442\u043e \u0438\u043d\u044a\u0435\u043a\u0446\u0438\u0438.<\/p>\n<\/div>\n<p><!-- .vgblk-rw-wrapper --><\/p>","protected":false},"excerpt":{"rendered":"<p>T\u018fRK\u0130B\u0130: H\u0259r ml-d\u0259:\u0130vermektin \u2026\u2026\u2026\u2026\u2026\u2026\u2026\u2026\u2026\u2026\u2026\u202610 mqBenzil spirt \u2026\u2026\u2026\u2026\u2026\u2026\u2026\u2026\u2026\u2026\u2026..1.5% v\/v G\u00d6ST\u018fR\u0130\u015eL\u018fR: Bu preparat a\u015fa\u011f\u0131dak\u0131 parazitar x\u0259st\u0259likl\u0259rin m\u00fcalic\u0259 v\u0259 n\u0259zar\u0259tind\u0259 istifad\u0259 olunur: M\u0259d\u0259-ba\u011f\u0131rsaq yumruqurdlar\u0131 A\u011fciy\u0259r qurdlar\u0131 G\u00f6z qurdlar\u0131 D\u0259ri alt\u0131 qurd infestasiyalar\u0131 (warbles) Xarici parazitl\u0259r: g\u0259n\u0259l\u0259r, uyuz g\u0259n\u0259l\u0259ri (mange), bitl\u0259r A\u015fa\u011f\u0131dak\u0131 heyvan n\u00f6vl\u0259rind\u0259 t\u0259tbiq olunur:\u0130nek, cam\u0131\u015f, at, qoyun, ke\u00e7i, d\u0259v\u0259, donuz v\u0259 it DOZAJ V\u018f T\u018fTB\u0130Q QAYDASI: Yaln\u0131z&#8230;<\/p>","protected":false},"featured_media":988671,"comment_status":"closed","ping_status":"closed","template":"","meta":{"nf_dc_page":"","_monsterinsights_skip_tracking":false,"_monsterinsights_sitenote_active":false,"_monsterinsights_sitenote_note":"","_monsterinsights_sitenote_category":0},"product_brand":[],"product_cat":[114,251,108],"product_tag":[],"class_list":{"0":"post-988670","1":"product","2":"type-product","3":"status-publish","4":"has-post-thumbnail","6":"product_cat-sheep","7":"product_cat-veterinary-products","8":"product_cat-cow","10":"first","11":"instock","12":"shipping-taxable","13":"product-type-simple"},"jetpack_sharing_enabled":true,"_links":{"self":[{"href":"https:\/\/agrovetazerbaijan.az\/ru\/wp-json\/wp\/v2\/product\/988670","targetHints":{"allow":["GET"]}}],"collection":[{"href":"https:\/\/agrovetazerbaijan.az\/ru\/wp-json\/wp\/v2\/product"}],"about":[{"href":"https:\/\/agrovetazerbaijan.az\/ru\/wp-json\/wp\/v2\/types\/product"}],"replies":[{"embeddable":true,"href":"https:\/\/agrovetazerbaijan.az\/ru\/wp-json\/wp\/v2\/comments?post=988670"}],"version-history":[{"count":2,"href":"https:\/\/agrovetazerbaijan.az\/ru\/wp-json\/wp\/v2\/product\/988670\/revisions"}],"predecessor-version":[{"id":989765,"href":"https:\/\/agrovetazerbaijan.az\/ru\/wp-json\/wp\/v2\/product\/988670\/revisions\/989765"}],"wp:featuredmedia":[{"embeddable":true,"href":"https:\/\/agrovetazerbaijan.az\/ru\/wp-json\/wp\/v2\/media\/988671"}],"wp:attachment":[{"href":"https:\/\/agrovetazerbaijan.az\/ru\/wp-json\/wp\/v2\/media?parent=988670"}],"wp:term":[{"taxonomy":"product_brand","embeddable":true,"href":"https:\/\/agrovetazerbaijan.az\/ru\/wp-json\/wp\/v2\/product_brand?post=988670"},{"taxonomy":"product_cat","embeddable":true,"href":"https:\/\/agrovetazerbaijan.az\/ru\/wp-json\/wp\/v2\/product_cat?post=988670"},{"taxonomy":"product_tag","embeddable":true,"href":"https:\/\/agrovetazerbaijan.az\/ru\/wp-json\/wp\/v2\/product_tag?post=988670"}],"curies":[{"name":"WP","href":"https:\/\/api.w.org\/{rel}","templated":true}]}}