{"id":988601,"date":"2025-03-10T13:04:30","date_gmt":"2025-03-10T13:04:30","guid":{"rendered":"https:\/\/agrovetazerbaijan.az\/?post_type=product&#038;p=988601"},"modified":"2025-06-30T23:27:25","modified_gmt":"2025-06-30T23:27:25","slug":"ashialben-2500-bolus","status":"publish","type":"product","link":"https:\/\/agrovetazerbaijan.az\/ru\/product\/ashialben-2500-bolus\/","title":{"rendered":"\u0410\u0428\u0418\u0410\u041b\u042c\u0411\u0415\u041d 2500 \u0411\u043e\u043b\u044e\u0441"},"content":{"rendered":"<div class=\"vgblk-rw-wrapper limit-wrapper\">\n<p data-start=\"0\" data-end=\"12\"><strong data-start=\"0\" data-end=\"12\">\u0421\u041e\u0421\u0422\u0410\u0412:<\/strong><\/p>\n<p data-start=\"14\" data-end=\"56\">\u0412 \u043a\u0430\u0436\u0434\u043e\u043c \u0431\u043e\u043b\u044e\u0441\u0435:<br data-start=\"26\" data-end=\"29\" \/>\u0410\u043b\u044c\u0431\u0435\u043d\u0434\u0430\u0437\u043e\u043b \u2026\u2026\u2026\u2026\u2026\u2026\u2026\u20262500 \u043c\u0433<\/p>\n<hr data-start=\"58\" data-end=\"61\" \/>\n<p data-start=\"63\" data-end=\"79\"><strong data-start=\"63\" data-end=\"79\">\u041f\u041e\u041a\u0410\u0417\u0410\u041d\u0418\u042f:<\/strong><\/p>\n<p data-start=\"81\" data-end=\"164\"><strong data-start=\"81\" data-end=\"99\">\u0410\u0428\u0418\u0410\u041b\u0411\u0415\u041d 2500<\/strong> \u041f\u0440\u0435\u043f\u0430\u0440\u0430\u0442 \u043f\u0440\u0438\u043c\u0435\u043d\u044f\u0435\u0442\u0441\u044f \u0434\u043b\u044f \u043b\u0435\u0447\u0435\u043d\u0438\u044f \u0438 \u0431\u043e\u0440\u044c\u0431\u044b \u0441\u043e \u0441\u043b\u0435\u0434\u0443\u044e\u0449\u0438\u043c\u0438 \u043f\u0430\u0440\u0430\u0437\u0438\u0442\u0430\u043c\u0438:<\/p>\n<ul data-start=\"165\" data-end=\"365\">\n<li data-start=\"165\" data-end=\"233\">\n<p data-start=\"167\" data-end=\"233\">\u0416\u0435\u043b\u0443\u0434\u043e\u0447\u043d\u043e-\u043a\u0438\u0448\u0435\u0447\u043d\u044b\u0435 \u0430\u0441\u043a\u0430\u0440\u0438\u0434\u044b (\u0432\u0437\u0440\u043e\u0441\u043b\u044b\u0435 \u043e\u0441\u043e\u0431\u0438 \u0438 \u043b\u0438\u0447\u0438\u043d\u043a\u0438 4-\u0439 \u0441\u0442\u0430\u0434\u0438\u0438)<\/p>\n<\/li>\n<li data-start=\"234\" data-end=\"286\">\n<p data-start=\"236\" data-end=\"286\">\u041b\u0435\u0433\u043e\u0447\u043d\u044b\u0435 \u0447\u0435\u0440\u0432\u0438 (\u0432\u0437\u0440\u043e\u0441\u043b\u044b\u0435 \u0438 \u043b\u0438\u0447\u0438\u043d\u043e\u0447\u043d\u044b\u0435 \u0441\u0442\u0430\u0434\u0438\u0438)<\/p>\n<\/li>\n<li data-start=\"287\" data-end=\"322\">\n<p data-start=\"289\" data-end=\"322\">\u041b\u0435\u043d\u0442\u043e\u0447\u043d\u044b\u0435 \u0447\u0435\u0440\u0432\u0438 (\u0433\u043e\u043b\u043e\u0432\u043a\u0430 \u0438 \u0441\u0435\u0433\u043c\u0435\u043d\u0442\u044b)<\/p>\n<\/li>\n<li data-start=\"323\" data-end=\"365\">\n<p data-start=\"325\" data-end=\"365\">\u041a\u0440\u0443\u043f\u043d\u044b\u0435 \u043a\u0438\u0441\u0442\u044b \u043f\u0435\u0447\u0435\u043d\u0438 (\u0432\u0437\u0440\u043e\u0441\u043b\u0430\u044f \u0441\u0442\u0430\u0434\u0438\u044f)<\/p>\n<\/li>\n<\/ul>\n<hr data-start=\"367\" data-end=\"370\" \/>\n<p data-start=\"372\" data-end=\"400\"><strong data-start=\"372\" data-end=\"400\">\u0414\u041e\u0417\u0418\u0420\u041e\u0412\u041a\u0410 \u0418 \u0421\u041f\u041e\u0421\u041e\u0411 \u041f\u0420\u0418\u041c\u0415\u041d\u0415\u041d\u0418\u042f:<\/strong><\/p>\n<p data-start=\"402\" data-end=\"418\"><strong data-start=\"402\" data-end=\"416\">\u0414\u043b\u044f \u043a\u043e\u0440\u043e\u0432\u044b:<\/strong><\/p>\n<ul data-start=\"419\" data-end=\"631\" data-is-last-node=\"\" data-is-only-node=\"\">\n<li data-start=\"419\" data-end=\"536\">\n<p data-start=\"421\" data-end=\"536\">\u041a\u0440\u0443\u0433\u043b\u044b\u0435, \u043b\u0435\u0433\u043e\u0447\u043d\u044b\u0435 \u0438 \u043b\u0435\u043d\u0442\u043e\u0447\u043d\u044b\u0435 \u0447\u0435\u0440\u0432\u0438: 1 \u0431\u043e\u043b\u044e\u0441 \u043d\u0430 300 \u043a\u0433 \u0436\u0438\u0432\u043e\u0433\u043e \u0432\u0435\u0441\u0430. <strong data-start=\"500\" data-end=\"518\">\u0410\u0428\u0418\u0410\u041b\u0411\u0415\u041d 2500<\/strong> \u0434\u0430\u043d\u043e \u0443\u0441\u0442\u043d\u043e<\/p>\n<\/li>\n<li data-start=\"537\" data-end=\"631\" data-is-last-node=\"\">\n<p data-start=\"539\" data-end=\"631\" data-is-last-node=\"\">\u041a\u0440\u0443\u043f\u043d\u044b\u0435 \u043f\u0435\u0447\u0435\u043d\u043e\u0447\u043d\u044b\u0435 \u0441\u043e\u0441\u0430\u043b\u044c\u0449\u0438\u043a\u0438: 1 \u0431\u043e\u043b\u044e\u0441 \u043d\u0430 250 \u043a\u0433 \u0436\u0438\u0432\u043e\u0433\u043e \u0432\u0435\u0441\u0430 <strong data-start=\"597\" data-end=\"615\">\u0410\u0428\u0418\u0410\u041b\u0411\u0415\u041d 2500<\/strong> \u0434\u0430\u043d\u043e \u0443\u0441\u0442\u043d\u043e<\/p>\n<\/li>\n<\/ul>\n<\/div>\n<p><!-- .vgblk-rw-wrapper --><\/p>","protected":false},"excerpt":{"rendered":"<p>T\u018fRK\u0130B\u0130: H\u0259r bolusda:Albendazol \u2026\u2026\u2026\u2026\u2026\u2026\u2026\u2026\u20262500 mq G\u00d6ST\u018fR\u0130\u015eL\u018fR: ASHIALBEN 2500 a\u015fa\u011f\u0131dak\u0131 parazitl\u0259rin m\u00fcalic\u0259 v\u0259 n\u0259zar\u0259tind\u0259 istifad\u0259 olunur: M\u0259d\u0259-ba\u011f\u0131rsaq yumruqurdlar\u0131 (b\u00f6y\u00fckl\u0259r v\u0259 4-c\u00fc m\u0259rh\u0259l\u0259 s\u00fcrf\u0259l\u0259ri) A\u011fciy\u0259r qurdlar\u0131 (b\u00f6y\u00fckl\u0259r v\u0259 s\u00fcrf\u0259 m\u0259rh\u0259l\u0259l\u0259ri) Lentqurdlar (ba\u015f v\u0259 seqmentl\u0259r) B\u00f6y\u00fck qaraciy\u0259r f\u0259s\u0259l\u0259ri (adult m\u0259rh\u0259l\u0259) DOZAJ V\u018f T\u018fTB\u0130Q QAYDASI: \u0130n\u0259k \u00fc\u00e7\u00fcn: Yumruqurdlar, a\u011fciy\u0259r qurdlar\u0131 v\u0259 lentqurdlar: h\u0259r 300 kq canl\u0131 \u00e7\u0259kiy\u0259 1 bolus&#8230;<\/p>","protected":false},"featured_media":988602,"comment_status":"closed","ping_status":"closed","template":"","meta":{"nf_dc_page":"","_monsterinsights_skip_tracking":false,"_monsterinsights_sitenote_active":false,"_monsterinsights_sitenote_note":"","_monsterinsights_sitenote_category":0},"product_brand":[],"product_cat":[251,108],"product_tag":[],"class_list":{"0":"post-988601","1":"product","2":"type-product","3":"status-publish","4":"has-post-thumbnail","6":"product_cat-veterinary-products","7":"product_cat-cow","9":"first","10":"instock","11":"shipping-taxable","12":"product-type-simple"},"jetpack_sharing_enabled":true,"_links":{"self":[{"href":"https:\/\/agrovetazerbaijan.az\/ru\/wp-json\/wp\/v2\/product\/988601","targetHints":{"allow":["GET"]}}],"collection":[{"href":"https:\/\/agrovetazerbaijan.az\/ru\/wp-json\/wp\/v2\/product"}],"about":[{"href":"https:\/\/agrovetazerbaijan.az\/ru\/wp-json\/wp\/v2\/types\/product"}],"replies":[{"embeddable":true,"href":"https:\/\/agrovetazerbaijan.az\/ru\/wp-json\/wp\/v2\/comments?post=988601"}],"version-history":[{"count":2,"href":"https:\/\/agrovetazerbaijan.az\/ru\/wp-json\/wp\/v2\/product\/988601\/revisions"}],"predecessor-version":[{"id":989773,"href":"https:\/\/agrovetazerbaijan.az\/ru\/wp-json\/wp\/v2\/product\/988601\/revisions\/989773"}],"wp:featuredmedia":[{"embeddable":true,"href":"https:\/\/agrovetazerbaijan.az\/ru\/wp-json\/wp\/v2\/media\/988602"}],"wp:attachment":[{"href":"https:\/\/agrovetazerbaijan.az\/ru\/wp-json\/wp\/v2\/media?parent=988601"}],"wp:term":[{"taxonomy":"product_brand","embeddable":true,"href":"https:\/\/agrovetazerbaijan.az\/ru\/wp-json\/wp\/v2\/product_brand?post=988601"},{"taxonomy":"product_cat","embeddable":true,"href":"https:\/\/agrovetazerbaijan.az\/ru\/wp-json\/wp\/v2\/product_cat?post=988601"},{"taxonomy":"product_tag","embeddable":true,"href":"https:\/\/agrovetazerbaijan.az\/ru\/wp-json\/wp\/v2\/product_tag?post=988601"}],"curies":[{"name":"WP","href":"https:\/\/api.w.org\/{rel}","templated":true}]}}