{"id":988585,"date":"2025-03-10T09:38:52","date_gmt":"2025-03-10T09:38:52","guid":{"rendered":"https:\/\/agrovetazerbaijan.az\/?post_type=product&#038;p=988585"},"modified":"2025-06-30T23:35:16","modified_gmt":"2025-06-30T23:35:16","slug":"albectin-suspension","status":"publish","type":"product","link":"https:\/\/agrovetazerbaijan.az\/ru\/product\/albectin-suspension\/","title":{"rendered":"\u0410\u041b\u042c\u0411\u0415\u041a\u0422\u0418\u041d \u0441\u0443\u0441\u043f\u0435\u043d\u0437\u0438\u044f"},"content":{"rendered":"<div class=\"vgblk-rw-wrapper limit-wrapper\">\n<div class=\"woocommerce-product-details__short-description\">\n<p data-start=\"0\" data-end=\"12\"><strong data-start=\"0\" data-end=\"12\">\u0421\u041e\u0421\u0422\u0410\u0412:<\/strong><\/p>\n<p data-start=\"14\" data-end=\"101\">\u0412 \u043a\u0430\u0436\u0434\u043e\u043c \u043c\u043b:<br data-start=\"24\" data-end=\"27\" \/>\u0410\u043b\u044c\u0431\u0435\u043d\u0434\u0430\u0437\u043e\u043b \u2026\u2026\u2026\u2026\u2026\u2026100 \u043c\u0433<br data-start=\"50\" data-end=\"53\" \/>\u0418\u0432\u0435\u0440\u043c\u0435\u043a\u0442\u0438\u043d \u2026\u2026\u2026\u2026\u2026\u20262 \u043c\u0433<br data-start=\"74\" data-end=\"77\" \/>\u0412\u0441\u043f\u043e\u043c\u043e\u0433\u0430\u0442\u0435\u043b\u044c\u043d\u044b\u0435 \u0432\u0435\u0449\u0435\u0441\u0442\u0432\u0430 \u2026\u2026\u2026qs<\/p>\n<hr data-start=\"103\" data-end=\"106\" \/>\n<p data-start=\"108\" data-end=\"124\"><strong data-start=\"108\" data-end=\"124\">\u041f\u041e\u041a\u0410\u0417\u0410\u041d\u0418\u042f:<\/strong><\/p>\n<p data-start=\"126\" data-end=\"342\"><strong data-start=\"126\" data-end=\"151\">\u0410\u041b\u042c\u0411\u0415\u041a\u0422\u0418\u041d \u0441\u0443\u0441\u043f\u0435\u043d\u0437\u0438\u044f<\/strong> \u041f\u0440\u0435\u043f\u0430\u0440\u0430\u0442 \u043f\u0440\u0438\u043c\u0435\u043d\u044f\u0435\u0442\u0441\u044f \u0434\u043b\u044f \u0443\u043d\u0438\u0447\u0442\u043e\u0436\u0435\u043d\u0438\u044f \u0438 \u043a\u043e\u043d\u0442\u0440\u043e\u043b\u044f \u043a\u0430\u043a \u0432\u0437\u0440\u043e\u0441\u043b\u044b\u0445, \u0442\u0430\u043a \u0438 \u043b\u0438\u0447\u0438\u043d\u043e\u0447\u043d\u044b\u0445 (4-\u044f \u0441\u0442\u0430\u0434\u0438\u044f) \u0444\u043e\u0440\u043c \u0436\u0435\u043b\u0443\u0434\u043e\u0447\u043d\u043e-\u043a\u0438\u0448\u0435\u0447\u043d\u044b\u0445 \u043d\u0435\u043c\u0430\u0442\u043e\u0434, \u0430 \u0442\u0430\u043a\u0436\u0435 \u0432\u043d\u0435\u0448\u043d\u0438\u0445 \u043f\u0430\u0440\u0430\u0437\u0438\u0442\u043e\u0432 \u0443 \u043a\u043e\u0440\u043e\u0432, \u043e\u0432\u0435\u0446 \u0438 \u043a\u043e\u0437.<\/p>\n<ul data-start=\"344\" data-end=\"877\">\n<li data-start=\"344\" data-end=\"520\">\n<p data-start=\"346\" data-end=\"520\">\u041a\u0440\u0443\u0433\u043b\u044b\u0435 \u0447\u0435\u0440\u0432\u0438 (\u0432\u0437\u0440\u043e\u0441\u043b\u044b\u0435 \u043e\u0441\u043e\u0431\u0438 \u0438 \u043b\u0438\u0447\u0438\u043d\u043a\u0438 4-\u0439 \u0441\u0442\u0430\u0434\u0438\u0438): Ostertagia spp., Cooperia spp., Strongyloides spp., Nematodirus spp., Bunostomum spp., Trichuris spp., Oesophagostomum spp.<\/p>\n<\/li>\n<li data-start=\"521\" data-end=\"578\">\n<p data-start=\"523\" data-end=\"578\">\u041b\u0435\u0433\u043e\u0447\u043d\u044b\u0435 \u0447\u0435\u0440\u0432\u0438 (\u0432\u0437\u0440\u043e\u0441\u043b\u044b\u0435 \u043e\u0441\u043e\u0431\u0438 \u0438 \u043b\u0438\u0447\u0438\u043d\u043a\u0438): Dictyocaulus spp.<\/p>\n<\/li>\n<li data-start=\"579\" data-end=\"613\">\n<p data-start=\"581\" data-end=\"613\">\u0416\u0435\u043b\u0443\u0434\u043e\u0447\u043d\u044b\u0435 \u0433\u043b\u0438\u0441\u0442\u044b: Haemonchus spp.<\/p>\n<\/li>\n<li data-start=\"614\" data-end=\"662\">\n<p data-start=\"616\" data-end=\"662\">\u041b\u0435\u043d\u0442\u043e\u0447\u043d\u044b\u0435 \u0447\u0435\u0440\u0432\u0438 (\u0433\u043e\u043b\u043e\u0432\u043a\u0430 \u0438 \u0447\u043b\u0435\u043d\u0438\u043a\u0438): Taenia spp.<\/p>\n<\/li>\n<li data-start=\"663\" data-end=\"877\">\n<p data-start=\"665\" data-end=\"685\">\u0412\u043d\u0435\u0448\u043d\u0438\u0435 \u043f\u0430\u0440\u0430\u0437\u0438\u0442\u044b:<\/p>\n<ul data-start=\"688\" data-end=\"877\">\n<li data-start=\"688\" data-end=\"727\">\n<p data-start=\"690\" data-end=\"727\">\u041a\u043e\u0440\u043e\u0432\u044c\u0438 \u043a\u043b\u0435\u0449\u0438 (Boophilus microplus)<\/p>\n<\/li>\n<li data-start=\"730\" data-end=\"781\">\n<p data-start=\"732\" data-end=\"781\">\u0427\u0435\u0441\u043e\u0442\u043e\u0447\u043d\u044b\u0435 \u043a\u043b\u0435\u0449\u0438 (Sarcoptes bovis, Psoroptes ovis)<\/p>\n<\/li>\n<li data-start=\"784\" data-end=\"836\">\n<p data-start=\"786\" data-end=\"836\">\u041b\u0438\u0447\u0438\u043d\u043a\u0438 \u044d\u0441\u0442\u0440\u0438\u0434 (Hypoderma ovis, Oestrus ovis)<\/p>\n<\/li>\n<li data-start=\"839\" data-end=\"877\">\n<p data-start=\"841\" data-end=\"877\">\u041c\u043e\u043b\u043e\u043a\u043e\u0441\u043e\u0441\u0443\u0449\u0438\u0435 \u0432\u0448\u0438 (Linognathus vituli)<\/p>\n<\/li>\n<\/ul>\n<\/li>\n<\/ul>\n<hr data-start=\"879\" data-end=\"882\" \/>\n<p data-start=\"884\" data-end=\"912\"><strong data-start=\"884\" data-end=\"912\">\u0414\u041e\u0417\u0418\u0420\u041e\u0412\u041a\u0410 \u0418 \u0421\u041f\u041e\u0421\u041e\u0411 \u041f\u0420\u0418\u041c\u0415\u041d\u0415\u041d\u0418\u042f:<\/strong><\/p>\n<p data-start=\"914\" data-end=\"969\">\u041f\u0440\u0435\u043f\u0430\u0440\u0430\u0442 \u0432\u0432\u043e\u0434\u044f\u0442 \u0442\u043e\u043b\u044c\u043a\u043e \u0447\u0435\u0440\u0435\u0437 \u0440\u043e\u0442 (\u043a\u0430\u043f\u0435\u043b\u044c\u043d\u043e).<\/p>\n<p data-start=\"971\" data-end=\"1071\"><strong data-start=\"971\" data-end=\"1003\">\u0414\u043b\u044f \u043a\u043e\u0440\u043e\u0432, \u043e\u0432\u0435\u0446 \u0438 \u043a\u043e\u0437:<\/strong><br data-start=\"1003\" data-end=\"1006\" \/>1 \u043c\u043b \u043d\u0430 10-13 \u043a\u0433 \u0436\u0438\u0432\u043e\u0433\u043e \u0432\u0435\u0441\u0430 <strong data-start=\"1037\" data-end=\"1049\">\u0410\u041b\u042c\u0411\u0415\u041a\u0422\u0418\u041d<\/strong> \u0434\u0430\u0435\u0442\u0441\u044f \u043e\u0442\u0441\u0442\u0440\u0430\u043d\u0435\u043d\u0438\u0435.<\/p>\n<hr data-start=\"1073\" data-end=\"1076\" \/>\n<p data-start=\"1078\" data-end=\"1129\"><strong data-start=\"1078\" data-end=\"1094\">\u0423\u041f\u0410\u041a\u041e\u0412\u041a\u0410:<\/strong><br data-start=\"1094\" data-end=\"1097\" \/>\u0412\u044b\u043f\u0443\u0441\u043a\u0430\u0435\u0442\u0441\u044f \u0432 \u0443\u043f\u0430\u043a\u043e\u0432\u043a\u0435 \u043e\u0431\u044a\u0435\u043c\u043e\u043c 1000 \u043c\u043b.<\/p>\n<\/div>\n<\/div>\n<p><!-- .vgblk-rw-wrapper --><\/p>","protected":false},"excerpt":{"rendered":"<p>T\u018fRK\u0130B\u0130: H\u0259r ml-d\u0259:Albendazol \u2026\u2026\u2026\u2026\u2026\u2026100 mq\u0130vermektin \u2026\u2026\u2026\u2026\u2026\u20262 mqK\u00f6m\u0259k\u00e7i madd\u0259l\u0259r \u2026\u2026\u2026q.s. G\u00d6ST\u018fR\u0130\u015eL\u018fR: ALBECTIN suspenziyas\u0131 in\u0259k, qoyun v\u0259 ke\u00e7il\u0259rd\u0259 m\u0259d\u0259-ba\u011f\u0131rsaq nematodlar\u0131n\u0131n h\u0259m yetkin, h\u0259m d\u0259 s\u00fcrf\u0259 (4-c\u00fc m\u0259rh\u0259l\u0259) formalar\u0131n\u0131n, h\u0259m\u00e7inin xarici parazitl\u0259rin aradan qald\u0131r\u0131lmas\u0131 v\u0259 n\u0259zar\u0259ti \u00fc\u00e7\u00fcn istifad\u0259 olunur. Yumruqurdlar (yetkin v\u0259 4-c\u00fc m\u0259rh\u0259l\u0259 s\u00fcrf\u0259l\u0259ri): Ostertagia spp., Cooperia spp., Strongyloides spp., Nematodirus spp., Bunostomum spp., Trichuris spp., Oesophagostomum&#8230;<\/p>","protected":false},"featured_media":988586,"comment_status":"closed","ping_status":"closed","template":"","meta":{"nf_dc_page":"","_monsterinsights_skip_tracking":false,"_monsterinsights_sitenote_active":false,"_monsterinsights_sitenote_note":"","_monsterinsights_sitenote_category":0},"product_brand":[],"product_cat":[251,108],"product_tag":[],"class_list":{"0":"post-988585","1":"product","2":"type-product","3":"status-publish","4":"has-post-thumbnail","6":"product_cat-veterinary-products","7":"product_cat-cow","9":"first","10":"instock","11":"virtual","12":"product-type-simple"},"jetpack_sharing_enabled":true,"_links":{"self":[{"href":"https:\/\/agrovetazerbaijan.az\/ru\/wp-json\/wp\/v2\/product\/988585","targetHints":{"allow":["GET"]}}],"collection":[{"href":"https:\/\/agrovetazerbaijan.az\/ru\/wp-json\/wp\/v2\/product"}],"about":[{"href":"https:\/\/agrovetazerbaijan.az\/ru\/wp-json\/wp\/v2\/types\/product"}],"replies":[{"embeddable":true,"href":"https:\/\/agrovetazerbaijan.az\/ru\/wp-json\/wp\/v2\/comments?post=988585"}],"version-history":[{"count":2,"href":"https:\/\/agrovetazerbaijan.az\/ru\/wp-json\/wp\/v2\/product\/988585\/revisions"}],"predecessor-version":[{"id":989774,"href":"https:\/\/agrovetazerbaijan.az\/ru\/wp-json\/wp\/v2\/product\/988585\/revisions\/989774"}],"wp:featuredmedia":[{"embeddable":true,"href":"https:\/\/agrovetazerbaijan.az\/ru\/wp-json\/wp\/v2\/media\/988586"}],"wp:attachment":[{"href":"https:\/\/agrovetazerbaijan.az\/ru\/wp-json\/wp\/v2\/media?parent=988585"}],"wp:term":[{"taxonomy":"product_brand","embeddable":true,"href":"https:\/\/agrovetazerbaijan.az\/ru\/wp-json\/wp\/v2\/product_brand?post=988585"},{"taxonomy":"product_cat","embeddable":true,"href":"https:\/\/agrovetazerbaijan.az\/ru\/wp-json\/wp\/v2\/product_cat?post=988585"},{"taxonomy":"product_tag","embeddable":true,"href":"https:\/\/agrovetazerbaijan.az\/ru\/wp-json\/wp\/v2\/product_tag?post=988585"}],"curies":[{"name":"WP","href":"https:\/\/api.w.org\/{rel}","templated":true}]}}