{"id":811,"date":"2022-05-20T17:16:52","date_gmt":"2022-05-20T17:16:52","guid":{"rendered":"https:\/\/petmania.vamtam.com\/?page_id=811"},"modified":"2025-09-14T21:01:54","modified_gmt":"2025-09-14T21:01:54","slug":"about","status":"publish","type":"page","link":"https:\/\/agrovetazerbaijan.az\/ru\/about\/","title":{"rendered":"\u041e \u043d\u0430\u0441"},"content":{"rendered":"<div data-elementor-type=\"wp-page\" data-elementor-id=\"811\" class=\"elementor elementor-811\" data-elementor-post-type=\"page\">\n\t\t\t\t\t\t<section class=\"elementor-section elementor-top-section elementor-element elementor-element-93eb4ac elementor-section-boxed elementor-section-height-default elementor-section-height-default\" data-id=\"93eb4ac\" data-element_type=\"section\" data-e-type=\"section\">\n\t\t\t\t\t\t<div class=\"elementor-container elementor-column-gap-no\">\n\t\t\t\t\t<div class=\"elementor-column elementor-col-100 elementor-top-column elementor-element elementor-element-14e819d\" data-id=\"14e819d\" data-element_type=\"column\" data-e-type=\"column\">\n\t\t\t<div class=\"elementor-widget-wrap elementor-element-populated\">\n\t\t\t\t\t\t<div class=\"elementor-element elementor-element-42d6d4a elementor-widget__width-auto elementor-widget elementor-widget-heading\" data-id=\"42d6d4a\" data-element_type=\"widget\" data-e-type=\"widget\" data-widget_type=\"heading.default\">\n\t\t\t\t<div class=\"elementor-widget-container\">\n\t\t\t\t\t<h2 class=\"elementor-heading-title elementor-size-default\">\u041e \u043d\u0430\u0441<\/h2>\t\t\t\t<\/div>\n\t\t\t\t<\/div>\n\t\t\t\t<div class=\"elementor-element elementor-element-dcdfa1f elementor-widget__width-auto elementor-view-default elementor-invisible elementor-widget elementor-widget-icon\" data-id=\"dcdfa1f\" data-element_type=\"widget\" data-e-type=\"widget\" data-settings=\"{&quot;_animation&quot;:&quot;bounceIn&quot;,&quot;_animation_tablet&quot;:&quot;none&quot;}\" data-widget_type=\"icon.default\">\n\t\t\t\t<div class=\"elementor-widget-container\">\n\t\t\t\t\t\t\t<div class=\"elementor-icon-wrapper\">\n\t\t\t<div class=\"elementor-icon\">\n\t\t\t<i aria-hidden=\"true\" class=\"vamtamtheme- vamtam-theme-splash-right\"><\/i>\t\t\t<\/div>\n\t\t<\/div>\n\t\t\t\t\t\t<\/div>\n\t\t\t\t<\/div>\n\t\t\t\t\t<\/div>\n\t\t<\/div>\n\t\t\t\t\t<\/div>\n\t\t<\/section>\n\t\t<div class=\"elementor-element elementor-element-28a8d8b e-flex e-con-boxed e-con e-parent\" data-id=\"28a8d8b\" data-element_type=\"container\" data-e-type=\"container\">\n\t\t\t\t\t<div class=\"e-con-inner\">\n\t\t<div class=\"elementor-element elementor-element-22c679f e-con-full e-flex e-con e-child\" data-id=\"22c679f\" data-element_type=\"container\" data-e-type=\"container\" data-settings=\"{&quot;background_background&quot;:&quot;classic&quot;}\">\n\t\t\t\t<\/div>\n\t\t\t\t<div class=\"elementor-element elementor-element-4ca759d elementor-widget elementor-widget-spacer\" data-id=\"4ca759d\" data-element_type=\"widget\" data-e-type=\"widget\" data-widget_type=\"spacer.default\">\n\t\t\t\t<div class=\"elementor-widget-container\">\n\t\t\t\t\t\t\t<div class=\"elementor-spacer\">\n\t\t\t<div class=\"elementor-spacer-inner\"><\/div>\n\t\t<\/div>\n\t\t\t\t\t\t<\/div>\n\t\t\t\t<\/div>\n\t\t<div class=\"elementor-element elementor-element-aa9f18c e-con-full e-flex e-con e-child\" data-id=\"aa9f18c\" data-element_type=\"container\" data-e-type=\"container\">\n\t\t\t\t<div class=\"elementor-element elementor-element-a0008e8 elementor-widget elementor-widget-text-editor\" data-id=\"a0008e8\" data-element_type=\"widget\" data-e-type=\"widget\" data-widget_type=\"text-editor.default\">\n\t\t\t\t<div class=\"elementor-widget-container\">\n\t\t\t\t\t\t\t\t\t<p data-start=\"0\" data-end=\"514\">\u041a\u043e\u043c\u043f\u0430\u043d\u0438\u044f AGROVET \u043d\u0430\u0447\u0430\u043b\u0430 \u0441\u0432\u043e\u044e \u0434\u0435\u044f\u0442\u0435\u043b\u044c\u043d\u043e\u0441\u0442\u044c \u0432 \u044f\u043d\u0432\u0430\u0440\u0435 2007 \u0433\u043e\u0434\u0430 \u0438 \u0437\u0430 \u044d\u0442\u043e \u0432\u0440\u0435\u043c\u044f \u0441\u0442\u0430\u043b\u0430 \u0432\u0435\u0434\u0443\u0449\u0438\u043c \u0434\u0438\u0441\u0442\u0440\u0438\u0431\u044c\u044e\u0442\u043e\u0440\u043e\u043c \u0432\u0435\u0442\u0435\u0440\u0438\u043d\u0430\u0440\u043d\u044b\u0445 \u043f\u0440\u0435\u043f\u0430\u0440\u0430\u0442\u043e\u0432 \u0438 \u043a\u043e\u0440\u043c\u043e\u0432\u044b\u0445 \u0434\u043e\u0431\u0430\u0432\u043e\u043a \u0432 \u0441\u0435\u043a\u0442\u043e\u0440\u0435 \u0436\u0438\u0432\u043e\u0442\u043d\u043e\u0432\u043e\u0434\u0441\u0442\u0432\u0430 \u0438 \u043f\u0442\u0438\u0446\u0435\u0432\u043e\u0434\u0441\u0442\u0432\u0430 \u043d\u0430 \u0440\u044b\u043d\u043a\u0435 \u0410\u0437\u0435\u0440\u0431\u0430\u0439\u0434\u0436\u0430\u043d\u0430. \u041a\u043e\u043c\u043f\u0430\u043d\u0438\u044f \u0442\u0430\u043a\u0436\u0435 \u0441\u043e\u0442\u0440\u0443\u0434\u043d\u0438\u0447\u0430\u0435\u0442 \u0441 \u0435\u0432\u0440\u043e\u043f\u0435\u0439\u0441\u043a\u0438\u043c\u0438, \u0430\u0437\u0438\u0430\u0442\u0441\u043a\u0438\u043c\u0438 \u0438 \u0430\u043c\u0435\u0440\u0438\u043a\u0430\u043d\u0441\u043a\u0438\u043c\u0438 \u043a\u043e\u043c\u043f\u0430\u043d\u0438\u044f\u043c\u0438 \u0438 \u0440\u0430\u0431\u043e\u0442\u0430\u0435\u0442 \u043f\u043e \u043f\u0440\u0438\u043d\u0446\u0438\u043f\u0443 \u043f\u0440\u0435\u0434\u043b\u043e\u0436\u0435\u043d\u0438\u044f \u0432\u044b\u0441\u043e\u043a\u043e\u043a\u0430\u0447\u0435\u0441\u0442\u0432\u0435\u043d\u043d\u043e\u0439 \u043f\u0440\u043e\u0434\u0443\u043a\u0446\u0438\u0438 \u043f\u043e \u0434\u043e\u0441\u0442\u0443\u043f\u043d\u044b\u043c \u0446\u0435\u043d\u0430\u043c. \u041a\u043e\u043c\u043f\u0430\u043d\u0438\u044f Agrovet \u0434\u043e\u0431\u0438\u043b\u0430\u0441\u044c \u043d\u0430\u0438\u043b\u0443\u0447\u0448\u0438\u0445 \u0440\u0435\u0437\u0443\u043b\u044c\u0442\u0430\u0442\u043e\u0432 \u043d\u0430 \u0440\u044b\u043d\u043a\u0435 \u0432 \u0441\u0432\u043e\u0435\u0439 \u043e\u0431\u043b\u0430\u0441\u0442\u0438 \u0438 \u0437\u0430\u0440\u0435\u0433\u0438\u0441\u0442\u0440\u0438\u0440\u043e\u0432\u0430\u043b\u0430 \u0431\u043e\u043b\u0435\u0435 400 \u043d\u0430\u0438\u043c\u0435\u043d\u043e\u0432\u0430\u043d\u0438\u0439 \u043f\u0440\u043e\u0434\u0443\u043a\u0446\u0438\u0438 \u0432 \u0410\u0437\u0435\u0440\u0431\u0430\u0439\u0434\u0436\u0430\u043d\u0441\u043a\u043e\u0439 \u0420\u0435\u0441\u043f\u0443\u0431\u043b\u0438\u043a\u0435.<\/p><h3 data-start=\"516\" data-end=\"545\">\u041e\u0441\u043d\u043e\u0432\u043d\u044b\u0435 \u0443\u0441\u043b\u0443\u0433\u0438 \u043a\u043e\u043c\u043f\u0430\u043d\u0438\u0438:<\/h3><ul data-start=\"546\" data-end=\"821\"><li data-start=\"546\" data-end=\"601\">\u041f\u0440\u0435\u0434\u043e\u0441\u0442\u0430\u0432\u043b\u0435\u043d\u0438\u0435 \u043e\u0431\u0449\u0435\u0439 \u0438\u043d\u0444\u043e\u0440\u043c\u0430\u0446\u0438\u0438 \u043e \u043f\u0440\u043e\u0434\u0443\u043a\u0446\u0438\u0438<\/li><li data-start=\"602\" data-end=\"673\">\u041f\u0440\u0435\u0434\u043e\u0441\u0442\u0430\u0432\u043b\u0435\u043d\u0438\u0435 \u0438\u043d\u0444\u043e\u0440\u043c\u0430\u0446\u0438\u0438 \u043a\u043b\u0438\u0435\u043d\u0442\u0430\u043c \u043e \u0446\u0435\u043d\u0430\u0445 \u0438 \u0443\u0441\u043b\u043e\u0432\u0438\u044f\u0445 \u043e\u043f\u043b\u0430\u0442\u044b<\/li><li data-start=\"674\" data-end=\"743\">\u041f\u0440\u0435\u0434\u043e\u0441\u0442\u0430\u0432\u043b\u0435\u043d\u0438\u0435 \u043f\u0440\u043e\u0434\u0443\u043a\u0442\u043e\u0432\u043e\u0439 \u0438\u043b\u0438 \u0442\u0435\u0445\u043d\u0438\u0447\u0435\u0441\u043a\u043e\u0439 \u043f\u043e\u0434\u0434\u0435\u0440\u0436\u043a\u0438 \u043a\u043b\u0438\u0435\u043d\u0442\u0430\u043c \u043f\u043e \u043c\u0435\u0440\u0435 \u043d\u0435\u043e\u0431\u0445\u043e\u0434\u0438\u043c\u043e\u0441\u0442\u0438<\/li><li data-start=\"744\" data-end=\"764\">\u041a\u043e\u043d\u0441\u0430\u043b\u0442\u0438\u043d\u0433\u043e\u0432\u044b\u0435 \u0443\u0441\u043b\u0443\u0433\u0438<\/li><li data-start=\"765\" data-end=\"821\">\u041f\u0440\u0438\u0433\u043e\u0442\u043e\u0432\u043b\u0435\u043d\u0438\u0435 \u0444\u0430\u0440\u043c\u0430\u0446\u0435\u0432\u0442\u0438\u0447\u0435\u0441\u043a\u0438\u0445 \u043f\u0440\u0435\u043f\u0430\u0440\u0430\u0442\u043e\u0432 \u043b\u044e\u0431\u043e\u0433\u043e \u0441\u043e\u0441\u0442\u0430\u0432\u0430<\/li><\/ul><h3 data-start=\"823\" data-end=\"875\">\u0413\u0440\u0443\u043f\u043f\u0430 \u043f\u0440\u0435\u043f\u0430\u0440\u0430\u0442\u043e\u0432, \u043f\u0440\u0435\u0434\u043b\u0430\u0433\u0430\u0435\u043c\u044b\u0445 \u043a\u043e\u043c\u043f\u0430\u043d\u0438\u0435\u0439:<\/h3><ul data-start=\"876\" data-end=\"970\"><li data-start=\"876\" data-end=\"900\">\u0412\u0435\u0442\u0435\u0440\u0438\u043d\u0430\u0440\u043d\u044b\u0435 \u043f\u0440\u0435\u043f\u0430\u0440\u0430\u0442\u044b<\/li><li data-start=\"901\" data-end=\"930\">\u041a\u043e\u0440\u043c\u043e\u0432\u044b\u0435 \u0434\u043e\u0431\u0430\u0432\u043a\u0438 \u0434\u043b\u044f \u043f\u0442\u0438\u0446\u044b<\/li><li data-start=\"931\" data-end=\"948\">\u0414\u0435\u0437\u0438\u043d\u0444\u0438\u0446\u0438\u0440\u0443\u044e\u0449\u0438\u0435 \u0441\u0440\u0435\u0434\u0441\u0442\u0432\u0430<\/li><li data-start=\"949\" data-end=\"970\">\u041f\u0440\u0435\u043f\u0430\u0440\u0430\u0442\u044b \u0432\u0430\u043a\u0446\u0438\u043d\u044b<\/li><\/ul><h3 data-start=\"972\" data-end=\"1015\">\u041f\u0430\u0440\u0442\u043d\u0435\u0440\u044b, \u0441 \u043a\u043e\u0442\u043e\u0440\u044b\u043c\u0438 \u0441\u043e\u0442\u0440\u0443\u0434\u043d\u0438\u0447\u0430\u0435\u0442 \u043a\u043e\u043c\u043f\u0430\u043d\u0438\u044f:<\/h3><ol data-start=\"1016\" data-end=\"1793\"><li data-start=\"222\" data-end=\"252\"><p data-start=\"224\" data-end=\"252\"><strong data-start=\"224\" data-end=\"240\">\u0418\u043d\u0442\u0440\u0430\u043a\u043e \u041b\u0442\u0434.<\/strong> (Bel\u00e7ika)<\/p><\/li><li data-start=\"253\" data-end=\"303\"><p data-start=\"255\" data-end=\"303\"><strong data-start=\"255\" data-end=\"288\">Interchemie Werken De Adelaar<\/strong> (Hollandiya)<\/p><\/li><li data-start=\"304\" data-end=\"355\"><p data-start=\"306\" data-end=\"355\"><strong data-start=\"306\" data-end=\"341\">Ashish Life Science Pvt Limited<\/strong> (Hindistan)<\/p><\/li><li data-start=\"356\" data-end=\"380\"><p data-start=\"358\" data-end=\"380\"><strong data-start=\"358\" data-end=\"368\">\u0417\u043e\u044d\u0442\u0438\u0441<\/strong> (Amerika)<\/p><\/li><li data-start=\"381\" data-end=\"404\"><p data-start=\"383\" data-end=\"404\"><strong data-start=\"383\" data-end=\"392\">\u0424\u0430\u0442\u0440\u043e<\/strong> (\u0130taliya)<\/p><\/li><li data-start=\"405\" data-end=\"448\"><p data-start=\"407\" data-end=\"448\"><strong data-start=\"407\" data-end=\"430\">\u0421\u043e\u0442\u0440\u0443\u0434\u043d\u0438\u0447\u0435\u0441\u0442\u0432\u043e \u0414\u044d\u0441\u0430\u043d<\/strong> (C\u0259nubi Koreya)<\/p><\/li><li data-start=\"449\" data-end=\"463\"><p data-start=\"451\" data-end=\"463\"><strong data-start=\"451\" data-end=\"461\">Medmac<\/strong><\/p><\/li><li data-start=\"464\" data-end=\"478\"><p data-start=\"466\" data-end=\"478\"><strong data-start=\"466\" data-end=\"476\">Evonik<\/strong><\/p><\/li><li data-start=\"479\" data-end=\"495\"><p data-start=\"481\" data-end=\"495\"><strong data-start=\"481\" data-end=\"493\">Carnaval<\/strong><\/p><\/li><li data-start=\"496\" data-end=\"511\"><p data-start=\"498\" data-end=\"511\"><strong data-start=\"498\" data-end=\"509\">Petline<\/strong><\/p><\/li><li data-start=\"512\" data-end=\"529\"><p data-start=\"514\" data-end=\"529\"><strong data-start=\"514\" data-end=\"527\">Bioproton<\/strong><\/p><\/li><li data-start=\"530\" data-end=\"543\"><p data-start=\"532\" data-end=\"543\"><strong data-start=\"532\" data-end=\"541\">Zenex<\/strong><\/p><\/li><li data-start=\"544\" data-end=\"555\"><p data-start=\"546\" data-end=\"555\"><strong data-start=\"546\" data-end=\"553\">NFA<\/strong><\/p><\/li><li data-start=\"556\" data-end=\"579\"><p data-start=\"558\" data-end=\"579\"><strong data-start=\"558\" data-end=\"577\">\u041a\u0435\u043c\u0438\u043d \u0411\u0438\u043e\u043b\u043e\u0434\u0436\u0438\u043a\u0441<\/strong><\/p><\/li><li data-start=\"580\" data-end=\"595\"><p data-start=\"582\" data-end=\"595\"><strong data-start=\"582\" data-end=\"593\">Politar<\/strong><\/p><\/li><li data-start=\"596\" data-end=\"612\"><p data-start=\"598\" data-end=\"612\"><strong data-start=\"598\" data-end=\"610\">Herbamax<\/strong><\/p><\/li><li data-start=\"613\" data-end=\"629\"><p data-start=\"615\" data-end=\"629\"><strong data-start=\"615\" data-end=\"627\">Zoovital<\/strong><\/p><\/li><li data-start=\"630\" data-end=\"655\"><p data-start=\"632\" data-end=\"655\"><strong data-start=\"632\" data-end=\"653\">Sumitomo Chemical<\/strong><\/p><\/li><li data-start=\"656\" data-end=\"669\"><p data-start=\"658\" data-end=\"669\"><strong data-start=\"658\" data-end=\"667\">CPBio<\/strong><\/p><\/li><li data-start=\"670\" data-end=\"685\"><p data-start=\"672\" data-end=\"685\"><strong data-start=\"672\" data-end=\"683\">Globion<\/strong><\/p><\/li><li data-start=\"686\" data-end=\"700\"><p data-start=\"688\" data-end=\"700\"><strong data-start=\"688\" data-end=\"700\">YoncaPet<\/strong><\/p><\/li><\/ol><p data-start=\"1795\" data-end=\"2020\" data-is-last-node=\"\" data-is-only-node=\"\">AGROVET \u0442\u0430\u043a\u0436\u0435 \u043f\u0440\u043e\u0434\u043e\u043b\u0436\u0430\u0435\u0442 \u0441\u043e\u0431\u0438\u0440\u0430\u0442\u044c \u0438\u043d\u0444\u043e\u0440\u043c\u0430\u0446\u0438\u044e \u043e \u043d\u043e\u0432\u044b\u0445 \u043f\u0440\u043e\u0434\u0443\u043a\u0442\u0430\u0445 \u0438 \u0438\u043d\u043d\u043e\u0432\u0430\u0446\u0438\u043e\u043d\u043d\u044b\u0445 \u0442\u0435\u0445\u043d\u043e\u043b\u043e\u0433\u0438\u044f\u0445, \u0443\u0447\u0430\u0441\u0442\u0432\u0443\u044f \u0432 \u043c\u0435\u0436\u0434\u0443\u043d\u0430\u0440\u043e\u0434\u043d\u044b\u0445 \u0432\u044b\u0441\u0442\u0430\u0432\u043a\u0430\u0445. \u041a\u043e\u043c\u043f\u0430\u043d\u0438\u044f \u0441\u0442\u0440\u0435\u043c\u0438\u0442\u0441\u044f \u0432\u043d\u0435\u0441\u0442\u0438 \u0441\u0432\u043e\u0439 \u0432\u043a\u043b\u0430\u0434 \u0432 \u0440\u0430\u0437\u0432\u0438\u0442\u0438\u0435 \u0441\u0435\u043b\u044c\u0441\u043a\u043e\u0445\u043e\u0437\u044f\u0439\u0441\u0442\u0432\u0435\u043d\u043d\u043e\u0433\u043e \u0441\u0435\u043a\u0442\u043e\u0440\u0430 \u0410\u0437\u0435\u0440\u0431\u0430\u0439\u0434\u0436\u0430\u043d\u0430.<\/p>\t\t\t\t\t\t\t\t<\/div>\n\t\t\t\t<\/div>\n\t\t\t\t<\/div>\n\t\t\t\t\t<\/div>\n\t\t\t\t<\/div>\n\t\t<div class=\"elementor-element elementor-element-69f9227 e-flex e-con-boxed e-con e-parent\" data-id=\"69f9227\" data-element_type=\"container\" data-e-type=\"container\">\n\t\t\t\t\t<div class=\"e-con-inner\">\n\t\t\t\t<div class=\"elementor-element elementor-element-24f304c elementor-widget elementor-widget-spacer\" data-id=\"24f304c\" data-element_type=\"widget\" data-e-type=\"widget\" data-widget_type=\"spacer.default\">\n\t\t\t\t<div class=\"elementor-widget-container\">\n\t\t\t\t\t\t\t<div class=\"elementor-spacer\">\n\t\t\t<div class=\"elementor-spacer-inner\"><\/div>\n\t\t<\/div>\n\t\t\t\t\t\t<\/div>\n\t\t\t\t<\/div>\n\t\t\t\t\t<\/div>\n\t\t\t\t<\/div>\n\t\t\t\t<\/div>","protected":false},"excerpt":{"rendered":"<p>Haqq\u0131m\u0131zda AGROVET \u015firk\u0259ti, 2007-ci ilin yanvar ay\u0131nda f\u0259aliyy\u0259t\u0259 ba\u015flam\u0131\u015f v\u0259 Az\u0259rbaycan bazar\u0131nda heyvandarl\u0131q v\u0259 qu\u015f\u00e7uluq sah\u0259sind\u0259 baytarl\u0131q d\u0259rman preparatlar\u0131 v\u0259 yem \u0259lav\u0259l\u0259rinin apar\u0131c\u0131 distribyutoru olmu\u015fdur. \u015eirk\u0259t, h\u0259m\u00e7inin Avropa, Asiya v\u0259 Amerika \u015firk\u0259tl\u0259ri il\u0259 \u0259m\u0259kda\u015fl\u0131q edir v\u0259 y\u00fcks\u0259k keyfiyy\u0259tli m\u0259hsullar\u0131n s\u0259rf\u0259li qiym\u0259tl\u0259rl\u0259 t\u0259klif edilm\u0259si prinsipi il\u0259 f\u0259aliyy\u0259t g\u00f6st\u0259rir. Agrovet, \u00f6z sah\u0259sind\u0259 bazarda \u0259n yax\u015f\u0131 n\u0259tic\u0259l\u0259r \u0259ld\u0259&#8230;<\/p>","protected":false},"author":1,"featured_media":0,"parent":0,"menu_order":0,"comment_status":"closed","ping_status":"closed","template":"","meta":{"nf_dc_page":"","_monsterinsights_skip_tracking":false,"_monsterinsights_sitenote_active":false,"_monsterinsights_sitenote_note":"","_monsterinsights_sitenote_category":0,"footnotes":""},"class_list":["post-811","page","type-page","status-publish","hentry"],"jetpack_sharing_enabled":true,"_links":{"self":[{"href":"https:\/\/agrovetazerbaijan.az\/ru\/wp-json\/wp\/v2\/pages\/811","targetHints":{"allow":["GET"]}}],"collection":[{"href":"https:\/\/agrovetazerbaijan.az\/ru\/wp-json\/wp\/v2\/pages"}],"about":[{"href":"https:\/\/agrovetazerbaijan.az\/ru\/wp-json\/wp\/v2\/types\/page"}],"author":[{"embeddable":true,"href":"https:\/\/agrovetazerbaijan.az\/ru\/wp-json\/wp\/v2\/users\/1"}],"replies":[{"embeddable":true,"href":"https:\/\/agrovetazerbaijan.az\/ru\/wp-json\/wp\/v2\/comments?post=811"}],"version-history":[{"count":5,"href":"https:\/\/agrovetazerbaijan.az\/ru\/wp-json\/wp\/v2\/pages\/811\/revisions"}],"predecessor-version":[{"id":990290,"href":"https:\/\/agrovetazerbaijan.az\/ru\/wp-json\/wp\/v2\/pages\/811\/revisions\/990290"}],"wp:attachment":[{"href":"https:\/\/agrovetazerbaijan.az\/ru\/wp-json\/wp\/v2\/media?parent=811"}],"curies":[{"name":"WP","href":"https:\/\/api.w.org\/{rel}","templated":true}]}}