{"id":990516,"date":"2025-12-04T00:06:44","date_gmt":"2025-12-04T00:06:44","guid":{"rendered":"https:\/\/agrovetazerbaijan.az\/?post_type=product&#038;p=990516"},"modified":"2025-12-04T00:06:58","modified_gmt":"2025-12-04T00:06:58","slug":"ashialben-300-bolus","status":"publish","type":"product","link":"https:\/\/agrovetazerbaijan.az\/en\/product\/ashialben-300-bolus\/","title":{"rendered":"ASHIALBEN 300 Bolus"},"content":{"rendered":"<div class=\"vgblk-rw-wrapper limit-wrapper\">\n<p data-start=\"67\" data-end=\"112\"><strong data-start=\"67\" data-end=\"112\">ASHIALBEN 300 Bolus<br data-start=\"88\" data-end=\"91\" \/>(Albendazol 300 mq)<\/strong><\/p>\n<p data-start=\"114\" data-end=\"278\"><strong data-start=\"114\" data-end=\"126\">T\u0259yinat:<\/strong><br data-start=\"126\" data-end=\"129\" \/>Qoyun v\u0259 ke\u00e7il\u0259rd\u0259 ba\u011f\u0131rsaq qurdlar\u0131, qancal\u0131 qurdlar, a\u011fciy\u0259r qurdlar\u0131 v\u0259 lentqurdlar\u0131n xaric edilm\u0259si v\u0259 n\u0259zar\u0259td\u0259 saxlanmas\u0131 \u00fc\u00e7\u00fcn istifad\u0259 olunur.<\/p>\n<p data-start=\"280\" data-end=\"310\"><strong data-start=\"280\" data-end=\"291\">Composition:<\/strong><br data-start=\"291\" data-end=\"294\" \/>H\u0259r bir bolus:<\/p>\n<ul data-start=\"311\" data-end=\"364\">\n<li data-start=\"311\" data-end=\"338\">\n<p data-start=\"313\" data-end=\"338\"><strong data-start=\"313\" data-end=\"336\">Albendazol \u2013 300 mq<\/strong><\/p>\n<\/li>\n<li data-start=\"339\" data-end=\"364\">\n<p data-start=\"341\" data-end=\"364\">Excipients \u2013 qs<\/p>\n<\/li>\n<\/ul>\n<p data-start=\"366\" data-end=\"476\"><strong data-start=\"366\" data-end=\"399\">\u0130stifad\u0259 qaydas\u0131 v\u0259 dozalama:<\/strong><br data-start=\"399\" data-end=\"402\" \/>40 kq canl\u0131 \u00e7\u0259kiy\u0259 \u2014 <strong data-start=\"423\" data-end=\"453\">1 \u0259d\u0259d ASHIALBEN 300 bolus<\/strong> a\u011f\u0131z yolu il\u0259 verilir.<\/p>\n<\/div>\n<p><!-- .vgblk-rw-wrapper --><\/p>","protected":false},"excerpt":{"rendered":"<p>ASHIALBEN 300 Bolus(Albendazol 300 mq) T\u0259yinat:Qoyun v\u0259 ke\u00e7il\u0259rd\u0259 ba\u011f\u0131rsaq qurdlar\u0131, qancal\u0131 qurdlar, a\u011fciy\u0259r qurdlar\u0131 v\u0259 lentqurdlar\u0131n xaric edilm\u0259si v\u0259 n\u0259zar\u0259td\u0259 saxlanmas\u0131 \u00fc\u00e7\u00fcn istifad\u0259 olunur. T\u0259rkib:H\u0259r bir bolus: Albendazol \u2013 300 mq K\u00f6m\u0259k\u00e7i madd\u0259l\u0259r \u2013 q.s. \u0130stifad\u0259 qaydas\u0131 v\u0259 dozalama:40 kq canl\u0131 \u00e7\u0259kiy\u0259 \u2014 1 \u0259d\u0259d ASHIALBEN 300 bolus a\u011f\u0131z yolu il\u0259 verilir.<\/p>","protected":false},"featured_media":990517,"comment_status":"open","ping_status":"closed","template":"","meta":{"nf_dc_page":"","_monsterinsights_skip_tracking":false,"_monsterinsights_sitenote_active":false,"_monsterinsights_sitenote_note":"","_monsterinsights_sitenote_category":0},"product_brand":[],"product_cat":[251,114],"product_tag":[],"class_list":{"0":"post-990516","1":"product","2":"type-product","3":"status-publish","4":"has-post-thumbnail","6":"product_cat-veterinary-products","7":"product_cat-sheep","9":"first","10":"instock","11":"shipping-taxable","12":"product-type-simple"},"jetpack_sharing_enabled":true,"_links":{"self":[{"href":"https:\/\/agrovetazerbaijan.az\/en\/wp-json\/wp\/v2\/product\/990516","targetHints":{"allow":["GET"]}}],"collection":[{"href":"https:\/\/agrovetazerbaijan.az\/en\/wp-json\/wp\/v2\/product"}],"about":[{"href":"https:\/\/agrovetazerbaijan.az\/en\/wp-json\/wp\/v2\/types\/product"}],"replies":[{"embeddable":true,"href":"https:\/\/agrovetazerbaijan.az\/en\/wp-json\/wp\/v2\/comments?post=990516"}],"version-history":[{"count":1,"href":"https:\/\/agrovetazerbaijan.az\/en\/wp-json\/wp\/v2\/product\/990516\/revisions"}],"predecessor-version":[{"id":990518,"href":"https:\/\/agrovetazerbaijan.az\/en\/wp-json\/wp\/v2\/product\/990516\/revisions\/990518"}],"wp:featuredmedia":[{"embeddable":true,"href":"https:\/\/agrovetazerbaijan.az\/en\/wp-json\/wp\/v2\/media\/990517"}],"wp:attachment":[{"href":"https:\/\/agrovetazerbaijan.az\/en\/wp-json\/wp\/v2\/media?parent=990516"}],"wp:term":[{"taxonomy":"product_brand","embeddable":true,"href":"https:\/\/agrovetazerbaijan.az\/en\/wp-json\/wp\/v2\/product_brand?post=990516"},{"taxonomy":"product_cat","embeddable":true,"href":"https:\/\/agrovetazerbaijan.az\/en\/wp-json\/wp\/v2\/product_cat?post=990516"},{"taxonomy":"product_tag","embeddable":true,"href":"https:\/\/agrovetazerbaijan.az\/en\/wp-json\/wp\/v2\/product_tag?post=990516"}],"curies":[{"name":"wp","href":"https:\/\/api.w.org\/{rel}","templated":true}]}}