{"id":990513,"date":"2025-12-04T00:04:49","date_gmt":"2025-12-04T00:04:49","guid":{"rendered":"https:\/\/agrovetazerbaijan.az\/?post_type=product&#038;p=990513"},"modified":"2025-12-04T00:05:00","modified_gmt":"2025-12-04T00:05:00","slug":"heal-o-fast","status":"publish","type":"product","link":"https:\/\/agrovetazerbaijan.az\/en\/product\/heal-o-fast\/","title":{"rendered":"Heal-O-Fast"},"content":{"rendered":"<div class=\"vgblk-rw-wrapper limit-wrapper\">\n<div class=\"flex max-w-full flex-col grow\">\n<div class=\"min-h-8 text-message relative flex w-full flex-col items-end gap-2 text-start break-words whitespace-normal [.text-message+&amp;]:mt-1\" dir=\"auto\" data-message-author-role=\"assistant\" data-message-id=\"16866139-fa7d-4d5a-88b7-29805f0fd514\" data-message-model-slug=\"gpt-5-1\">\n<div class=\"flex w-full flex-col gap-1 empty:hidden first:pt-[1px]\">\n<div class=\"markdown prose dark:prose-invert w-full break-words dark markdown-new-styling\">\n<p data-start=\"0\" data-end=\"63\">Buyurun, sayt \u00fc\u00e7\u00fcn q\u0131sa v\u0259 s\u0259liq\u0259li Az\u0259rbaycan dilind\u0259 versiya:<\/p>\n<p data-start=\"65\" data-end=\"126\"><strong data-start=\"65\" data-end=\"126\">HEAL-O-FAST Sprey<br data-start=\"84\" data-end=\"87\" \/>(Bitki t\u0259rkibli yara sa\u011fald\u0131c\u0131 sprey)<\/strong><\/p>\n<p data-start=\"128\" data-end=\"144\"><strong data-start=\"128\" data-end=\"144\">\u00dcst\u00fcnl\u00fckl\u0259r:<\/strong><\/p>\n<ul data-start=\"145\" data-end=\"589\">\n<li data-start=\"145\" data-end=\"226\">\n<p data-start=\"147\" data-end=\"226\">G\u00fccl\u00fc mil\u00e7\u0259kqovucu t\u0259sir g\u00f6st\u0259rir, yara qurdu \u0259m\u0259l\u0259 g\u0259lm\u0259sinin qar\u015f\u0131s\u0131n\u0131 al\u0131r<\/p>\n<\/li>\n<li data-start=\"227\" data-end=\"295\">\n<p data-start=\"229\" data-end=\"295\">M\u00f6vcud qurdlar\u0131 m\u0259hv edir v\u0259 yenid\u0259n yaranmas\u0131n\u0131n qar\u015f\u0131s\u0131n\u0131 al\u0131r<\/p>\n<\/li>\n<li data-start=\"296\" data-end=\"381\">\n<p data-start=\"298\" data-end=\"381\">Kollagen sintezini s\u00fcr\u0259tl\u0259ndir\u0259r\u0259k yaralar\u0131n tez v\u0259 d\u00fczg\u00fcn sa\u011falmas\u0131na k\u00f6m\u0259k edir<\/p>\n<\/li>\n<li data-start=\"382\" data-end=\"467\">\n<p data-start=\"384\" data-end=\"467\">T\u0259tbiq olunan nahiy\u0259ni r\u0259ngl\u0259ndirir, bel\u0259likl\u0259 sah\u0259nin tam \u00f6rt\u00fclm\u0259sini t\u0259min edir<\/p>\n<\/li>\n<li data-start=\"468\" data-end=\"512\">\n<p data-start=\"470\" data-end=\"512\">Yaraya yax\u015f\u0131 yap\u0131\u015f\u0131r, t\u0259siri g\u00fccl\u0259ndirir<\/p>\n<\/li>\n<li data-start=\"513\" data-end=\"589\">\n<p data-start=\"515\" data-end=\"589\">Daha yax\u015f\u0131 yay\u0131lma v\u0259 d\u0259rinin d\u0259rin qatlar\u0131na n\u00fcfuz etm\u0259 x\u00fcsusiyy\u0259ti var<\/p>\n<\/li>\n<\/ul>\n<p data-start=\"591\" data-end=\"773\" data-is-last-node=\"\" data-is-only-node=\"\"><strong data-start=\"591\" data-end=\"612\">\u0130stifad\u0259 qaydas\u0131:<\/strong><br data-start=\"612\" data-end=\"615\" \/>T\u0259sirl\u0259nmi\u015f nahiy\u0259ni pamb\u0131qla t\u0259mizl\u0259yin v\u0259 yaraya tam \u00f6rt\u0259c\u0259k \u015f\u0259kild\u0259 sprey edin. Prosesi g\u00fcn \u0259rzind\u0259 3\u20134 d\u0259f\u0259 t\u0259krarlay\u0131n, tam sa\u011falana q\u0259d\u0259r davam etdirin.<\/p>\n<\/div>\n<\/div>\n<\/div>\n<\/div>\n<div class=\"z-0 flex min-h-[46px] justify-start\"><\/div>\n<div class=\"mt-3 w-full empty:hidden\">\n<div class=\"text-center\">\n<div>\n<div class=\"inline-flex border border-gray-100 dark:border-gray-700 rounded-xl\">\n<div class=\"text-token-text-secondary flex items-center justify-center gap-4 px-4 py-2.5 text-sm whitespace-nowrap\"><\/div>\n<\/div>\n<\/div>\n<\/div>\n<\/div>\n<\/div>\n<p><!-- .vgblk-rw-wrapper --><\/p>\n","protected":false},"excerpt":{"rendered":"<p>Buyurun, sayt \u00fc\u00e7\u00fcn q\u0131sa v\u0259 s\u0259liq\u0259li Az\u0259rbaycan dilind\u0259 versiya: HEAL-O-FAST Sprey(Bitki t\u0259rkibli yara sa\u011fald\u0131c\u0131 sprey) \u00dcst\u00fcnl\u00fckl\u0259r: G\u00fccl\u00fc mil\u00e7\u0259kqovucu t\u0259sir g\u00f6st\u0259rir, yara qurdu \u0259m\u0259l\u0259 g\u0259lm\u0259sinin qar\u015f\u0131s\u0131n\u0131 al\u0131r M\u00f6vcud qurdlar\u0131 m\u0259hv edir v\u0259 yenid\u0259n yaranmas\u0131n\u0131n qar\u015f\u0131s\u0131n\u0131 al\u0131r Kollagen sintezini s\u00fcr\u0259tl\u0259ndir\u0259r\u0259k yaralar\u0131n tez v\u0259 d\u00fczg\u00fcn sa\u011falmas\u0131na k\u00f6m\u0259k edir T\u0259tbiq olunan nahiy\u0259ni r\u0259ngl\u0259ndirir, bel\u0259likl\u0259 sah\u0259nin tam \u00f6rt\u00fclm\u0259sini t\u0259min edir&#8230;<\/p>","protected":false},"featured_media":990514,"comment_status":"open","ping_status":"closed","template":"","meta":{"nf_dc_page":"","_monsterinsights_skip_tracking":false,"_monsterinsights_sitenote_active":false,"_monsterinsights_sitenote_note":"","_monsterinsights_sitenote_category":0},"product_brand":[],"product_cat":[251],"product_tag":[],"class_list":{"0":"post-990513","1":"product","2":"type-product","3":"status-publish","4":"has-post-thumbnail","6":"product_cat-veterinary-products","8":"first","9":"instock","10":"shipping-taxable","11":"product-type-simple"},"jetpack_sharing_enabled":true,"_links":{"self":[{"href":"https:\/\/agrovetazerbaijan.az\/en\/wp-json\/wp\/v2\/product\/990513","targetHints":{"allow":["GET"]}}],"collection":[{"href":"https:\/\/agrovetazerbaijan.az\/en\/wp-json\/wp\/v2\/product"}],"about":[{"href":"https:\/\/agrovetazerbaijan.az\/en\/wp-json\/wp\/v2\/types\/product"}],"replies":[{"embeddable":true,"href":"https:\/\/agrovetazerbaijan.az\/en\/wp-json\/wp\/v2\/comments?post=990513"}],"version-history":[{"count":1,"href":"https:\/\/agrovetazerbaijan.az\/en\/wp-json\/wp\/v2\/product\/990513\/revisions"}],"predecessor-version":[{"id":990515,"href":"https:\/\/agrovetazerbaijan.az\/en\/wp-json\/wp\/v2\/product\/990513\/revisions\/990515"}],"wp:featuredmedia":[{"embeddable":true,"href":"https:\/\/agrovetazerbaijan.az\/en\/wp-json\/wp\/v2\/media\/990514"}],"wp:attachment":[{"href":"https:\/\/agrovetazerbaijan.az\/en\/wp-json\/wp\/v2\/media?parent=990513"}],"wp:term":[{"taxonomy":"product_brand","embeddable":true,"href":"https:\/\/agrovetazerbaijan.az\/en\/wp-json\/wp\/v2\/product_brand?post=990513"},{"taxonomy":"product_cat","embeddable":true,"href":"https:\/\/agrovetazerbaijan.az\/en\/wp-json\/wp\/v2\/product_cat?post=990513"},{"taxonomy":"product_tag","embeddable":true,"href":"https:\/\/agrovetazerbaijan.az\/en\/wp-json\/wp\/v2\/product_tag?post=990513"}],"curies":[{"name":"wp","href":"https:\/\/api.w.org\/{rel}","templated":true}]}}