{"id":990506,"date":"2025-12-01T01:57:14","date_gmt":"2025-12-01T01:57:14","guid":{"rendered":"https:\/\/agrovetazerbaijan.az\/?post_type=product&#038;p=990506"},"modified":"2025-12-01T01:57:29","modified_gmt":"2025-12-01T01:57:29","slug":"betasol-c-oral","status":"publish","type":"product","link":"https:\/\/agrovetazerbaijan.az\/en\/product\/betasol-c-oral\/","title":{"rendered":"Betasol-C Oral"},"content":{"rendered":"<div class=\"vgblk-rw-wrapper limit-wrapper\">\n<h1 data-start=\"93\" data-end=\"166\"><strong data-start=\"95\" data-end=\"164\">Betasol-C Oral \u2013 Betain v\u0259 Vitamin C il\u0259 a\u011f\u0131z yolu il\u0259 maye \u0259lav\u0259<\/strong><\/h1>\n<hr data-start=\"168\" data-end=\"171\" \/>\n<h2 data-start=\"173\" data-end=\"203\"><strong data-start=\"176\" data-end=\"201\">T\u0259rkibi (h\u0259r 1 ml-d\u0259)<\/strong><\/h2>\n<ul data-start=\"204\" data-end=\"392\">\n<li data-start=\"204\" data-end=\"224\">\n<p data-start=\"206\" data-end=\"224\">Betaine \u2013 250 mg<\/p>\n<\/li>\n<li data-start=\"225\" data-end=\"265\">\n<p data-start=\"227\" data-end=\"265\">Vitamin C (askorbin tur\u015fusu) \u2013 90 mg<\/p>\n<\/li>\n<li data-start=\"266\" data-end=\"290\">\n<p data-start=\"268\" data-end=\"290\">Kalium xlorid \u2013 2 mg<\/p>\n<\/li>\n<li data-start=\"291\" data-end=\"329\">\n<p data-start=\"293\" data-end=\"329\">Maqnezium xlorid hexahidrat \u2013 4 mg<\/p>\n<\/li>\n<li data-start=\"330\" data-end=\"365\">\n<p data-start=\"332\" data-end=\"365\">Kalsium xlorid dihidrat \u2013 40 mg<\/p>\n<\/li>\n<li data-start=\"366\" data-end=\"392\">\n<p data-start=\"368\" data-end=\"392\">Natrium xlorid \u2013 20 mg<\/p>\n<\/li>\n<\/ul>\n<hr data-start=\"394\" data-end=\"397\" \/>\n<h2 data-start=\"399\" data-end=\"420\"><strong data-start=\"402\" data-end=\"420\">M\u0259hsul T\u0259sviri<\/strong><\/h2>\n<p data-start=\"421\" data-end=\"550\"><strong data-start=\"421\" data-end=\"439\">Betasol-C Oral<\/strong> \u2013 qu\u015flar \u00fc\u00e7\u00fcn <strong data-start=\"454\" data-end=\"544\">t\u0259z\u0259l\u0259yici, rehidratasiyaedici v\u0259 stres azalt\u0131c\u0131 a\u011f\u0131z yolu il\u0259 t\u0259tbiq olunan maye h\u0259ll<\/strong>dir.<\/p>\n<ul data-start=\"552\" data-end=\"1086\">\n<li data-start=\"552\" data-end=\"682\">\n<p data-start=\"554\" data-end=\"682\"><strong data-start=\"554\" data-end=\"630\">Y\u00fcks\u0259k temperatur v\u0259 y\u00fcks\u0259k r\u00fctub\u0259t s\u0259b\u0259bind\u0259n yaranan istilik stresind\u0259<\/strong> heyvanlarda \u00f6l\u00fcm v\u0259 m\u0259hsuldarl\u0131q itkisini azald\u0131r<\/p>\n<\/li>\n<li data-start=\"683\" data-end=\"825\">\n<p data-start=\"685\" data-end=\"825\"><strong data-start=\"685\" data-end=\"696\">Betaine<\/strong>: ba\u011f\u0131rsaq mukozas\u0131nda suyu saxlay\u0131r, dehidrasiyan\u0131n qar\u015f\u0131s\u0131n\u0131 al\u0131r, n\u0259cis itkisini azald\u0131r v\u0259 n\u0259cis keyfiyy\u0259tini yax\u015f\u0131la\u015fd\u0131r\u0131r<\/p>\n<\/li>\n<li data-start=\"826\" data-end=\"927\">\n<p data-start=\"828\" data-end=\"927\"><strong data-start=\"828\" data-end=\"841\">Vitamin C<\/strong>: istilik stressi il\u0259 \u0259laq\u0259dar simptomlar\u0131 v\u0259 sa\u011flaml\u0131q probleml\u0259rini y\u00fcng\u00fcll\u0259\u015fdirir<\/p>\n<\/li>\n<li data-start=\"928\" data-end=\"1086\">\n<p data-start=\"930\" data-end=\"1086\"><strong data-start=\"930\" data-end=\"962\">Maqnezium, natrium v\u0259 kalium<\/strong>: istilik stresind\u0259 azalan elektrolitl\u0259ri b\u0259rpa edir, enerji metabolizmas\u0131n\u0131 d\u0259st\u0259kl\u0259yir v\u0259 \u00e7\u0259kik itkisinin qar\u015f\u0131s\u0131n\u0131 al\u0131r<\/p>\n<\/li>\n<\/ul>\n<hr data-start=\"1088\" data-end=\"1091\" \/>\n<h2 data-start=\"1093\" data-end=\"1114\"><strong data-start=\"1096\" data-end=\"1114\">Doza v\u0259 T\u0259tbiq<\/strong><\/h2>\n<p data-start=\"1115\" data-end=\"1162\"><strong data-start=\"1115\" data-end=\"1160\">\u0130\u00e7m\u0259li su il\u0259 a\u011f\u0131z yolu il\u0259 t\u0259tbiq olunur<\/strong><\/p>\n<ul data-start=\"1164\" data-end=\"1440\">\n<li data-start=\"1164\" data-end=\"1258\">\n<p data-start=\"1166\" data-end=\"1258\"><strong data-start=\"1166\" data-end=\"1183\">Profilaktika:<\/strong> 1 litr \/ 1000 litr i\u00e7m\u0259li su, 3\u20135 g\u00fcn, isti d\u00f6vrd\u0259n 2 g\u00fcn \u0259vv\u0259l ba\u015flamaq<\/p>\n<\/li>\n<li data-start=\"1259\" data-end=\"1327\">\n<p data-start=\"1261\" data-end=\"1327\"><strong data-start=\"1261\" data-end=\"1288\">M\u00fcalic\u0259 \/ Stres zaman\u0131:<\/strong> 1 litr \/ 500 litr i\u00e7m\u0259li su, 3\u20135 g\u00fcn<\/p>\n<\/li>\n<li data-start=\"1328\" data-end=\"1440\">\n<p data-start=\"1330\" data-end=\"1440\">\u018fg\u0259r istilik stresi davam edirs\u0259, istifad\u0259y\u0259 davam oluna bil\u0259r. <strong data-start=\"1394\" data-end=\"1438\">H\u0259r 24 saatda yeni h\u0259ll haz\u0131rlanmal\u0131d\u0131r.<\/strong><\/p>\n<\/li>\n<\/ul>\n<hr data-start=\"1442\" data-end=\"1445\" \/>\n<h2 data-start=\"1447\" data-end=\"1465\"><strong data-start=\"1450\" data-end=\"1465\">Packaging<\/strong><\/h2>\n<ul data-start=\"1466\" data-end=\"1518\">\n<li data-start=\"1466\" data-end=\"1481\">\n<p data-start=\"1468\" data-end=\"1481\">500 ml \u015f\u00fc\u015f\u0259<\/p>\n<\/li>\n<li data-start=\"1482\" data-end=\"1498\">\n<p data-start=\"1484\" data-end=\"1498\">1000 ml \u015f\u00fc\u015f\u0259<\/p>\n<\/li>\n<li data-start=\"1499\" data-end=\"1518\">\n<p data-start=\"1501\" data-end=\"1518\">5 litr jerrykan<\/p>\n<\/li>\n<\/ul>\n<\/div>\n<p><!-- .vgblk-rw-wrapper --><\/p>","protected":false},"excerpt":{"rendered":"<p>Betasol-C Oral \u2013 Betain v\u0259 Vitamin C il\u0259 a\u011f\u0131z yolu il\u0259 maye \u0259lav\u0259 T\u0259rkibi (h\u0259r 1 ml-d\u0259) Betaine \u2013 250 mg Vitamin C (askorbin tur\u015fusu) \u2013 90 mg Kalium xlorid \u2013 2 mg Maqnezium xlorid hexahidrat \u2013 4 mg Kalsium xlorid dihidrat \u2013 40 mg Natrium xlorid \u2013 20 mg M\u0259hsul T\u0259sviri Betasol-C Oral \u2013&#8230;<\/p>","protected":false},"featured_media":990507,"comment_status":"open","ping_status":"closed","template":"","meta":{"nf_dc_page":"","_monsterinsights_skip_tracking":false,"_monsterinsights_sitenote_active":false,"_monsterinsights_sitenote_note":"","_monsterinsights_sitenote_category":0},"product_brand":[],"product_cat":[251,160,68],"product_tag":[],"class_list":{"0":"post-990506","1":"product","2":"type-product","3":"status-publish","4":"has-post-thumbnail","6":"product_cat-veterinary-products","7":"product_cat-nutrients","8":"product_cat-poultry","10":"first","11":"instock","12":"shipping-taxable","13":"product-type-simple"},"jetpack_sharing_enabled":true,"_links":{"self":[{"href":"https:\/\/agrovetazerbaijan.az\/en\/wp-json\/wp\/v2\/product\/990506","targetHints":{"allow":["GET"]}}],"collection":[{"href":"https:\/\/agrovetazerbaijan.az\/en\/wp-json\/wp\/v2\/product"}],"about":[{"href":"https:\/\/agrovetazerbaijan.az\/en\/wp-json\/wp\/v2\/types\/product"}],"replies":[{"embeddable":true,"href":"https:\/\/agrovetazerbaijan.az\/en\/wp-json\/wp\/v2\/comments?post=990506"}],"version-history":[{"count":1,"href":"https:\/\/agrovetazerbaijan.az\/en\/wp-json\/wp\/v2\/product\/990506\/revisions"}],"predecessor-version":[{"id":990508,"href":"https:\/\/agrovetazerbaijan.az\/en\/wp-json\/wp\/v2\/product\/990506\/revisions\/990508"}],"wp:featuredmedia":[{"embeddable":true,"href":"https:\/\/agrovetazerbaijan.az\/en\/wp-json\/wp\/v2\/media\/990507"}],"wp:attachment":[{"href":"https:\/\/agrovetazerbaijan.az\/en\/wp-json\/wp\/v2\/media?parent=990506"}],"wp:term":[{"taxonomy":"product_brand","embeddable":true,"href":"https:\/\/agrovetazerbaijan.az\/en\/wp-json\/wp\/v2\/product_brand?post=990506"},{"taxonomy":"product_cat","embeddable":true,"href":"https:\/\/agrovetazerbaijan.az\/en\/wp-json\/wp\/v2\/product_cat?post=990506"},{"taxonomy":"product_tag","embeddable":true,"href":"https:\/\/agrovetazerbaijan.az\/en\/wp-json\/wp\/v2\/product_tag?post=990506"}],"curies":[{"name":"wp","href":"https:\/\/api.w.org\/{rel}","templated":true}]}}