{"id":990503,"date":"2025-12-01T01:55:54","date_gmt":"2025-12-01T01:55:54","guid":{"rendered":"https:\/\/agrovetazerbaijan.az\/?post_type=product&#038;p=990503"},"modified":"2025-12-01T01:56:09","modified_gmt":"2025-12-01T01:56:09","slug":"garvital-oral","status":"publish","type":"product","link":"https:\/\/agrovetazerbaijan.az\/en\/product\/garvital-oral\/","title":{"rendered":"Garvital Oral"},"content":{"rendered":"<div class=\"vgblk-rw-wrapper limit-wrapper\">\n<h1 data-start=\"92\" data-end=\"165\"><strong data-start=\"94\" data-end=\"165\">Garvital Oral \u2013 Sar\u0131msaq \u0259sas\u0131nda a\u011f\u0131z yolu il\u0259 t\u0259tbiq olunan \u0259lav\u0259<\/strong><\/h1>\n<hr data-start=\"167\" data-end=\"170\" \/>\n<h2 data-start=\"172\" data-end=\"202\"><strong data-start=\"175\" data-end=\"200\">T\u0259rkibi (h\u0259r 1 ml-d\u0259)<\/strong><\/h2>\n<ul data-start=\"203\" data-end=\"348\">\n<li data-start=\"203\" data-end=\"239\">\n<p data-start=\"205\" data-end=\"239\">Sar\u0131msaq ya\u011f\u0131 (<em data-start=\"220\" data-end=\"236\">Allium sativum<\/em>)<\/p>\n<\/li>\n<li data-start=\"240\" data-end=\"272\">\n<p data-start=\"242\" data-end=\"272\">Echinacea purpurea ekstrakt\u0131<\/p>\n<\/li>\n<li data-start=\"273\" data-end=\"308\">\n<p data-start=\"275\" data-end=\"308\">Vitamin B1 (tiamin hidroklorid)<\/p>\n<\/li>\n<li data-start=\"309\" data-end=\"348\">\n<p data-start=\"311\" data-end=\"348\">Vitamin B6 (piridoksin hidroklorid)<\/p>\n<\/li>\n<\/ul>\n<hr data-start=\"350\" data-end=\"353\" \/>\n<h2 data-start=\"355\" data-end=\"376\"><strong data-start=\"358\" data-end=\"376\">M\u0259hsul T\u0259sviri<\/strong><\/h2>\n<p data-start=\"377\" data-end=\"447\"><strong data-start=\"377\" data-end=\"394\">Garvital Oral<\/strong> \u2013 sar\u0131msaq ya\u011f\u0131 v\u0259 saf allicin t\u0259rkibli m\u0259hsuldur.<\/p>\n<ul data-start=\"448\" data-end=\"671\">\n<li data-start=\"448\" data-end=\"542\">\n<p data-start=\"450\" data-end=\"542\">1 litr Garvital Oral <strong data-start=\"471\" data-end=\"521\">3 kg t\u0259z\u0259 sar\u0131msaq v\u0259 5 kg qurudulmu\u015f sar\u0131msaq<\/strong> il\u0259 ekvivalentdir.<\/p>\n<\/li>\n<li data-start=\"543\" data-end=\"671\">\n<p data-start=\"545\" data-end=\"671\">M\u0259hsul <strong data-start=\"552\" data-end=\"641\">immun sistemini d\u0259st\u0259kl\u0259m\u0259k, h\u0259zm v\u0259 \u00fcr\u0259k-damar sisteminin funksiyalar\u0131n\u0131 t\u0259nziml\u0259m\u0259k<\/strong> m\u0259qs\u0259di il\u0259 t\u00f6vsiy\u0259 olunur.<\/p>\n<\/li>\n<\/ul>\n<p data-start=\"673\" data-end=\"689\"><strong data-start=\"673\" data-end=\"687\">Benefits:<\/strong><\/p>\n<ul data-start=\"690\" data-end=\"1375\">\n<li data-start=\"690\" data-end=\"813\">\n<p data-start=\"692\" data-end=\"813\">Sar\u0131msaq ya\u011f\u0131 v\u0259 Echinacea purpurea ekstrakt\u0131 say\u0259sind\u0259 <strong data-start=\"748\" data-end=\"811\">antimikrobial, antiparazitar, antiviral v\u0259 antifungal t\u0259sir<\/strong><\/p>\n<\/li>\n<li data-start=\"814\" data-end=\"924\">\n<p data-start=\"816\" data-end=\"924\">Fitonsidl\u0259r yaln\u0131z patogenl\u0259r\u0259 t\u0259sir g\u00f6st\u0259rir, sa\u011flam qida floras\u0131n\u0131 qoruyur v\u0259 he\u00e7 bir m\u00fcqavim\u0259t yaratm\u0131r<\/p>\n<\/li>\n<li data-start=\"925\" data-end=\"1064\">\n<p data-start=\"927\" data-end=\"1064\">Echinacea v\u0259 sar\u0131msaq sinergetik t\u0259sir g\u00f6st\u0259r\u0259r\u0259k <strong data-start=\"977\" data-end=\"1009\">immun sistemi stimulla\u015fd\u0131r\u0131r<\/strong>, lenfosit aktivliyini v\u0259 sitokin istehsal\u0131n\u0131 art\u0131r\u0131r<\/p>\n<\/li>\n<li data-start=\"1065\" data-end=\"1135\">\n<p data-start=\"1067\" data-end=\"1135\">B\u0259d\u0259n m\u00fcqavim\u0259tini g\u00fccl\u0259ndirir, iltihaba qar\u015f\u0131 davaml\u0131l\u0131\u011f\u0131 art\u0131r\u0131r<\/p>\n<\/li>\n<li data-start=\"1136\" data-end=\"1268\">\n<p data-start=\"1138\" data-end=\"1268\">T\u0259rkibind\u0259ki t\u0259bii antioksidantlar v\u0259 B vitaminl\u0259ri <strong data-start=\"1190\" data-end=\"1266\">ya\u011f metabolizmas\u0131n\u0131 normalla\u015fd\u0131r\u0131r v\u0259 qaraciy\u0259rin qorunmas\u0131na k\u00f6m\u0259k edir<\/strong><\/p>\n<\/li>\n<li data-start=\"1269\" data-end=\"1375\">\n<p data-start=\"1271\" data-end=\"1375\">Safra ax\u0131n\u0131 stimulla\u015fd\u0131r\u0131r, i\u015ftah v\u0259 yem istehlak\u0131n\u0131 art\u0131r\u0131r, n\u0259tic\u0259d\u0259 heyvan\u0131n art\u0131m\u0131n\u0131 s\u00fcr\u0259tl\u0259ndirir<\/p>\n<\/li>\n<\/ul>\n<hr data-start=\"1377\" data-end=\"1380\" \/>\n<h2 data-start=\"1382\" data-end=\"1404\"><strong data-start=\"1385\" data-end=\"1404\">\u018fks-g\u00f6st\u0259ri\u015fl\u0259r<\/strong><\/h2>\n<ul data-start=\"1405\" data-end=\"1415\">\n<li data-start=\"1405\" data-end=\"1415\">\n<p data-start=\"1407\" data-end=\"1415\">Yoxdur<\/p>\n<\/li>\n<\/ul>\n<hr data-start=\"1417\" data-end=\"1420\" \/>\n<h2 data-start=\"1422\" data-end=\"1441\"><strong data-start=\"1425\" data-end=\"1441\">Yan t\u0259sirl\u0259r<\/strong><\/h2>\n<ul data-start=\"1442\" data-end=\"1452\">\n<li data-start=\"1442\" data-end=\"1452\">\n<p data-start=\"1444\" data-end=\"1452\">Yoxdur<\/p>\n<\/li>\n<\/ul>\n<hr data-start=\"1454\" data-end=\"1457\" \/>\n<h2 data-start=\"1459\" data-end=\"1480\"><strong data-start=\"1462\" data-end=\"1480\">Doza v\u0259 T\u0259tbiq<\/strong><\/h2>\n<p data-start=\"1481\" data-end=\"1514\"><strong data-start=\"1481\" data-end=\"1512\">A\u011f\u0131z yolu il\u0259 t\u0259tbiq olunur<\/strong><\/p>\n<ul data-start=\"1516\" data-end=\"1735\">\n<li data-start=\"1516\" data-end=\"1584\">\n<p data-start=\"1518\" data-end=\"1584\"><strong data-start=\"1518\" data-end=\"1529\">Birds:<\/strong> 1\u20132 litr \/ 5000 litr i\u00e7m\u0259li su, bir ne\u00e7\u0259 g\u00fcn \u0259rzind\u0259<\/p>\n<\/li>\n<li data-start=\"1585\" data-end=\"1735\">\n<p data-start=\"1587\" data-end=\"1602\"><strong data-start=\"1587\" data-end=\"1600\">Pigs:<\/strong><\/p>\n<ul data-start=\"1605\" data-end=\"1735\">\n<li data-start=\"1605\" data-end=\"1670\">\n<p data-start=\"1607\" data-end=\"1670\"><strong data-start=\"1607\" data-end=\"1625\">\u0130\u00e7m\u0259li su il\u0259:<\/strong> 1 litr \/ 2000 litr i\u00e7m\u0259li su, bir ne\u00e7\u0259 g\u00fcn<\/p>\n<\/li>\n<li data-start=\"1673\" data-end=\"1735\">\n<p data-start=\"1675\" data-end=\"1735\"><strong data-start=\"1675\" data-end=\"1694\">Yem vasit\u0259sil\u0259:<\/strong> 1 litr \/ 1000 kg tam yem, bir ne\u00e7\u0259 g\u00fcn<\/p>\n<\/li>\n<\/ul>\n<\/li>\n<\/ul>\n<hr data-start=\"1737\" data-end=\"1740\" \/>\n<h2 data-start=\"1742\" data-end=\"1766\"><strong data-start=\"1745\" data-end=\"1766\">\u00c7\u0131xar\u0131lma m\u00fcdd\u0259ti<\/strong><\/h2>\n<ul data-start=\"1767\" data-end=\"1777\">\n<li data-start=\"1767\" data-end=\"1777\">\n<p data-start=\"1769\" data-end=\"1777\">Yoxdur<\/p>\n<\/li>\n<\/ul>\n<hr data-start=\"1779\" data-end=\"1782\" \/>\n<h2 data-start=\"1784\" data-end=\"1802\"><strong data-start=\"1787\" data-end=\"1802\">Packaging<\/strong><\/h2>\n<ul data-start=\"1803\" data-end=\"1839\">\n<li data-start=\"1803\" data-end=\"1819\">\n<p data-start=\"1805\" data-end=\"1819\">1000 ml \u015f\u00fc\u015f\u0259<\/p>\n<\/li>\n<li data-start=\"1820\" data-end=\"1839\">\n<p data-start=\"1822\" data-end=\"1839\">5 litr jerrykan<\/p>\n<\/li>\n<\/ul>\n<\/div>\n<p><!-- .vgblk-rw-wrapper --><\/p>","protected":false},"excerpt":{"rendered":"<p>Garvital Oral \u2013 Sar\u0131msaq \u0259sas\u0131nda a\u011f\u0131z yolu il\u0259 t\u0259tbiq olunan \u0259lav\u0259 T\u0259rkibi (h\u0259r 1 ml-d\u0259) Sar\u0131msaq ya\u011f\u0131 (Allium sativum) Echinacea purpurea ekstrakt\u0131 Vitamin B1 (tiamin hidroklorid) Vitamin B6 (piridoksin hidroklorid) M\u0259hsul T\u0259sviri Garvital Oral \u2013 sar\u0131msaq ya\u011f\u0131 v\u0259 saf allicin t\u0259rkibli m\u0259hsuldur. 1 litr Garvital Oral 3 kg t\u0259z\u0259 sar\u0131msaq v\u0259 5 kg qurudulmu\u015f sar\u0131msaq&#8230;<\/p>","protected":false},"featured_media":990504,"comment_status":"open","ping_status":"closed","template":"","meta":{"nf_dc_page":"","_monsterinsights_skip_tracking":false,"_monsterinsights_sitenote_active":false,"_monsterinsights_sitenote_note":"","_monsterinsights_sitenote_category":0},"product_brand":[],"product_cat":[251,160,68],"product_tag":[],"class_list":{"0":"post-990503","1":"product","2":"type-product","3":"status-publish","4":"has-post-thumbnail","6":"product_cat-veterinary-products","7":"product_cat-nutrients","8":"product_cat-poultry","10":"first","11":"instock","12":"shipping-taxable","13":"product-type-simple"},"jetpack_sharing_enabled":true,"_links":{"self":[{"href":"https:\/\/agrovetazerbaijan.az\/en\/wp-json\/wp\/v2\/product\/990503","targetHints":{"allow":["GET"]}}],"collection":[{"href":"https:\/\/agrovetazerbaijan.az\/en\/wp-json\/wp\/v2\/product"}],"about":[{"href":"https:\/\/agrovetazerbaijan.az\/en\/wp-json\/wp\/v2\/types\/product"}],"replies":[{"embeddable":true,"href":"https:\/\/agrovetazerbaijan.az\/en\/wp-json\/wp\/v2\/comments?post=990503"}],"version-history":[{"count":1,"href":"https:\/\/agrovetazerbaijan.az\/en\/wp-json\/wp\/v2\/product\/990503\/revisions"}],"predecessor-version":[{"id":990505,"href":"https:\/\/agrovetazerbaijan.az\/en\/wp-json\/wp\/v2\/product\/990503\/revisions\/990505"}],"wp:featuredmedia":[{"embeddable":true,"href":"https:\/\/agrovetazerbaijan.az\/en\/wp-json\/wp\/v2\/media\/990504"}],"wp:attachment":[{"href":"https:\/\/agrovetazerbaijan.az\/en\/wp-json\/wp\/v2\/media?parent=990503"}],"wp:term":[{"taxonomy":"product_brand","embeddable":true,"href":"https:\/\/agrovetazerbaijan.az\/en\/wp-json\/wp\/v2\/product_brand?post=990503"},{"taxonomy":"product_cat","embeddable":true,"href":"https:\/\/agrovetazerbaijan.az\/en\/wp-json\/wp\/v2\/product_cat?post=990503"},{"taxonomy":"product_tag","embeddable":true,"href":"https:\/\/agrovetazerbaijan.az\/en\/wp-json\/wp\/v2\/product_tag?post=990503"}],"curies":[{"name":"wp","href":"https:\/\/api.w.org\/{rel}","templated":true}]}}